{"id":37395,"date":"2024-10-01T07:00:23","date_gmt":"2024-10-01T00:00:23","guid":{"rendered":"https:\/\/maison-chance.org\/shop\/?post_type=product&#038;p=37395"},"modified":"2025-07-18T14:10:07","modified_gmt":"2025-07-18T07:10:07","slug":"con-roi-hinh-con-chuot-vai-tho-cam","status":"publish","type":"product","link":"https:\/\/maison-chance.org\/shop\/san-pham\/con-roi-hinh-con-chuot-vai-tho-cam","title":{"rendered":"Con chu\u1ed9t"},"content":{"rendered":"<p><span data-sheets-root=\"1\">Con r\u1ed1i v\u1ea3i th\u1ed5 c\u1ea9m h\u00ecnh con chu\u1ed9t mang \u0111\u1ebfn n\u0103ng l\u01b0\u1ee3ng vui t\u01b0\u01a1i, sinh \u0111\u1ed9ng \u2013 r\u1ea5t ph\u00f9 h\u1ee3p cho c\u00e1c bu\u1ed5i k\u1ec3 chuy\u1ec7n, bi\u1ec3u di\u1ec5n, hay t\u01b0\u01a1ng t\u00e1c c\u00f9ng tr\u1ebb nh\u1ecf. V\u1edbi \u0111\u00f4i tai to, chi\u1ebfc m\u0169i nh\u1ecf x\u00edu v\u00e0 \u00e1nh m\u1eaft th\u00f4ng minh, ch\u00fa chu\u1ed9t d\u1ec5 d\u00e0ng tr\u1edf th\u00e0nh nh\u00e2n v\u1eadt ch\u00ednh trong nh\u1eefng c\u00e2u chuy\u1ec7n th\u00fa v\u1ecb m\u00e0 b\u1ea1n t\u1ea1o ra.<\/p>\n<p>S\u1ea3n ph\u1ea9m \u0111\u01b0\u1ee3c l\u00e0m ho\u00e0n to\u00e0n th\u1ee7 c\u00f4ng b\u1eb1ng v\u1ea3i th\u1ed5 c\u1ea9m, v\u1edbi t\u1eebng chi ti\u1ebft khu\u00f4n m\u1eb7t \u0111\u01b0\u1ee3c may c\u1ea9n th\u1eadn v\u00e0 kh\u00e9o l\u00e9o. Thi\u1ebft k\u1ebf v\u1eeba tay, m\u1ec1m nh\u1eb9, an to\u00e0n cho tr\u1ebb nh\u1ecf v\u00e0 tho\u1ea3i m\u00e1i cho ng\u01b0\u1eddi s\u1eed d\u1ee5ng. M\u1ed7i ch\u00fa chu\u1ed9t l\u00e0 m\u1ed9t phi\u00ean b\u1ea3n ri\u00eang bi\u1ec7t \u2013 kh\u00f4ng con n\u00e0o gi\u1ed1ng con n\u00e0o \u2013 b\u1edfi \u0111\u01b0\u1ee3c l\u00e0m ho\u00e0n to\u00e0n b\u1eb1ng tay, kh\u00f4ng d\u00e2y chuy\u1ec1n m\u00e1y m\u00f3c.<\/p>\n<p>Kh\u00f4ng ch\u1ec9 l\u00e0 m\u1ed9t m\u00f3n \u0111\u1ed3 ch\u01a1i, \u0111\u00e2y l\u00e0 m\u1ed9t \u201cnh\u00e2n v\u1eadt\u201d c\u00f3 th\u1ec3 truy\u1ec1n c\u1ea3m h\u1ee9ng \u2013 g\u1ee3i m\u1edf tr\u00ed t\u01b0\u1edfng t\u01b0\u1ee3ng, s\u1ef1 s\u00e1ng t\u1ea1o v\u00e0 nh\u1eefng gi\u00e2y ph\u00fat vui v\u1ebb trong ng\u00e0y.<\/p>\n<p>\ud83d\udce9 Gi\u00e1 b\u00e1n t\u1ea1i Vi\u1ec7t Nam c\u00f3 th\u1ec3 kh\u00e1c, vui l\u00f2ng li\u00ean h\u1ec7 \u0111\u1ec3 bi\u1ebft th\u00eam chi ti\u1ebft.<br \/>\nHotline: 0909\u202f06\u202f25\u202f28<br \/>\nFanpage: Doanh Nghi\u1ec7p X\u00e3 H\u1ed9i Nh\u00e0 May M\u1eafn \u2013 Maison Chance<\/span><\/p>\n","protected":false},"excerpt":{"rendered":"<p style=\"text-align: justify;\">S\u1ea3n ph\u1ea9m do c\u00e1c b\u1ea1n khuy\u1ebft t\u1eadt k\u00e9m may m\u1eafn s\u1ea3n xu\u1ea5t th\u1ee7 c\u00f4ng k\u00ednh mong nh\u1eadn \u0111\u01b0\u1ee3c s\u1ef1 \u1ee7ng h\u1ed9 c\u1ee7a Qu\u00fd kh\u00e1ch h\u00e0ng.<\/p>\n<p>Ch\u1ea5t li\u1ec7u : V\u1ea3i th\u1ed5 c\u1ea9m<\/p>\n<p>K\u00edch th\u01b0\u1edbc : 22 x 29<\/p>\n<p>Hotline : <span style=\"font-size: 20px;\"><strong><span style=\"color: #ff0000;\">090 906 2528<\/span><\/strong><\/span><\/p>\n<p style=\"text-align: justify;\">N\u1ebfu b\u1ea1n \u1edf Vi\u1ec7t Nam vui l\u00f2ng li\u00ean h\u1ec7 ch\u00fang t\u00f4i theo s\u1ed1 hotline ho\u1eb7c fanpage doanh nghi\u1ec7p Nh\u00e0 May M\u1eafn ch\u00fang t\u00f4i \u0111\u1ec3 bi\u1ebft gi\u00e1 b\u00e1n t\u1ea1i Vi\u1ec7t Nam.<\/p>\n","protected":false},"featured_media":40540,"template":"","meta":[],"product_brand":[],"product_cat":[139,137],"product_tag":[],"class_list":{"0":"post-37395","1":"product","2":"type-product","3":"status-publish","4":"has-post-thumbnail","6":"product_cat-con-roi-nhoi-bong","7":"product_cat-phong-may","9":"first","10":"instock","11":"shipping-taxable","12":"purchasable","13":"product-type-simple"},"yoast_head":"<!-- This site is optimized with the Yoast SEO Premium plugin v22.7 (Yoast SEO v25.3.1) - https:\/\/yoast.com\/wordpress\/plugins\/seo\/ -->\n<title>Con chu\u1ed9t- con r\u1ed1i v\u1ea3i th\u1ed5 c\u1ea9m - Nh\u00e0 May M\u1eafn - Maison Chance<\/title>\n<meta name=\"description\" content=\"Con r\u1ed1i v\u1ea3i th\u1ed5 c\u1ea9m h\u00ecnh con chu\u1ed9t kh\u00f4ng ch\u1ec9 l\u00e0 vi\u1ec7c s\u1edf h\u1eefu m\u1ed9t m\u00f3n \u0111\u1ed3 ch\u01a1i \u0111\u1ed9c \u0111\u00e1o, m\u00e0 c\u00f2n l\u00e0 c\u00e1ch b\u1ea1n g\u00f3p ph\u1ea7n h\u1ed7 tr\u1ee3 cho nh\u1eefng th\u1ee3 may khuy\u1ebft t\u1eadt t\u1ea1i Nh\u00e0 May M\u1eafn\" \/>\n<meta name=\"robots\" content=\"index, follow, max-snippet:-1, max-image-preview:large, max-video-preview:-1\" \/>\n<link rel=\"canonical\" href=\"https:\/\/maison-chance.org\/shop\/san-pham\/con-roi-hinh-con-chuot-vai-tho-cam\" \/>\n<meta property=\"og:locale\" content=\"vi_VN\" \/>\n<meta property=\"og:type\" content=\"article\" \/>\n<meta property=\"og:title\" content=\"Con chu\u1ed9t\" \/>\n<meta property=\"og:description\" content=\"Con r\u1ed1i v\u1ea3i th\u1ed5 c\u1ea9m h\u00ecnh con chu\u1ed9t kh\u00f4ng ch\u1ec9 l\u00e0 vi\u1ec7c s\u1edf h\u1eefu m\u1ed9t m\u00f3n \u0111\u1ed3 ch\u01a1i \u0111\u1ed9c \u0111\u00e1o, m\u00e0 c\u00f2n l\u00e0 c\u00e1ch b\u1ea1n g\u00f3p ph\u1ea7n h\u1ed7 tr\u1ee3 cho nh\u1eefng th\u1ee3 may khuy\u1ebft t\u1eadt t\u1ea1i Nh\u00e0 May M\u1eafn\" \/>\n<meta property=\"og:url\" content=\"https:\/\/maison-chance.org\/shop\/san-pham\/con-roi-hinh-con-chuot-vai-tho-cam\" \/>\n<meta property=\"og:site_name\" content=\"Nh\u00e0 May M\u1eafn - Maison Chance\" \/>\n<meta property=\"article:publisher\" content=\"https:\/\/www.facebook.com\/dnxh.nhamayman\/\" \/>\n<meta property=\"article:modified_time\" content=\"2025-07-18T07:10:07+00:00\" \/>\n<meta property=\"og:image\" content=\"https:\/\/maison-chance.org\/shop\/wp-content\/uploads\/2024\/10\/con-roi-chuot.jpg\" \/>\n\t<meta property=\"og:image:width\" content=\"600\" \/>\n\t<meta property=\"og:image:height\" content=\"600\" \/>\n\t<meta property=\"og:image:type\" content=\"image\/jpeg\" \/>\n<meta name=\"twitter:card\" content=\"summary_large_image\" \/>\n<meta name=\"twitter:label1\" content=\"Gi\u00e1\" \/>\n\t<meta name=\"twitter:data1\" content=\"4.00&nbsp;&#036;\" \/>\n\t<meta name=\"twitter:label2\" content=\"Availability\" \/>\n\t<meta name=\"twitter:data2\" content=\"In stock\" \/>\n<script type=\"application\/ld+json\" class=\"yoast-schema-graph\">{\"@context\":\"https:\/\/schema.org\",\"@graph\":[{\"@type\":\"WebPage\",\"@id\":\"https:\/\/maison-chance.org\/shop\/san-pham\/con-roi-hinh-con-chuot-vai-tho-cam\",\"url\":\"https:\/\/maison-chance.org\/shop\/san-pham\/con-roi-hinh-con-chuot-vai-tho-cam\",\"name\":\"Con chu\u1ed9t- con r\u1ed1i v\u1ea3i th\u1ed5 c\u1ea9m - Nh\u00e0 May M\u1eafn - Maison Chance\",\"isPartOf\":{\"@id\":\"https:\/\/maison-chance.org\/shop\/#website\"},\"primaryImageOfPage\":{\"@id\":\"https:\/\/maison-chance.org\/shop\/san-pham\/con-roi-hinh-con-chuot-vai-tho-cam#primaryimage\"},\"image\":{\"@id\":\"https:\/\/maison-chance.org\/shop\/san-pham\/con-roi-hinh-con-chuot-vai-tho-cam#primaryimage\"},\"thumbnailUrl\":\"https:\/\/maison-chance.org\/shop\/wp-content\/uploads\/2024\/10\/con-roi-chuot.jpg\",\"datePublished\":\"2024-10-01T00:00:23+00:00\",\"dateModified\":\"2025-07-18T07:10:07+00:00\",\"description\":\"Con r\u1ed1i v\u1ea3i th\u1ed5 c\u1ea9m h\u00ecnh con chu\u1ed9t kh\u00f4ng ch\u1ec9 l\u00e0 vi\u1ec7c s\u1edf h\u1eefu m\u1ed9t m\u00f3n \u0111\u1ed3 ch\u01a1i \u0111\u1ed9c \u0111\u00e1o, m\u00e0 c\u00f2n l\u00e0 c\u00e1ch b\u1ea1n g\u00f3p ph\u1ea7n h\u1ed7 tr\u1ee3 cho nh\u1eefng th\u1ee3 may khuy\u1ebft t\u1eadt t\u1ea1i Nh\u00e0 May M\u1eafn\",\"breadcrumb\":{\"@id\":\"https:\/\/maison-chance.org\/shop\/san-pham\/con-roi-hinh-con-chuot-vai-tho-cam#breadcrumb\"},\"inLanguage\":\"vi-VN\",\"potentialAction\":[{\"@type\":\"ReadAction\",\"target\":[\"https:\/\/maison-chance.org\/shop\/san-pham\/con-roi-hinh-con-chuot-vai-tho-cam\"]}]},{\"@type\":\"ImageObject\",\"inLanguage\":\"vi-VN\",\"@id\":\"https:\/\/maison-chance.org\/shop\/san-pham\/con-roi-hinh-con-chuot-vai-tho-cam#primaryimage\",\"url\":\"https:\/\/maison-chance.org\/shop\/wp-content\/uploads\/2024\/10\/con-roi-chuot.jpg\",\"contentUrl\":\"https:\/\/maison-chance.org\/shop\/wp-content\/uploads\/2024\/10\/con-roi-chuot.jpg\",\"width\":600,\"height\":600,\"caption\":\"Con r\u1ed1i h\u00ecnh con chu\u1ed9t v\u1ea3i th\u1ed5 c\u1ea9m\"},{\"@type\":\"BreadcrumbList\",\"@id\":\"https:\/\/maison-chance.org\/shop\/san-pham\/con-roi-hinh-con-chuot-vai-tho-cam#breadcrumb\",\"itemListElement\":[{\"@type\":\"ListItem\",\"position\":1,\"name\":\"Trang ch\u1ee7\",\"item\":\"https:\/\/maison-chance.org\/shop\/\"},{\"@type\":\"ListItem\",\"position\":2,\"name\":\"Shop\",\"item\":\"https:\/\/maison-chance.org\/shop\/shop\"},{\"@type\":\"ListItem\",\"position\":3,\"name\":\"Con chu\u1ed9t\"}]},{\"@type\":\"WebSite\",\"@id\":\"https:\/\/maison-chance.org\/shop\/#website\",\"url\":\"https:\/\/maison-chance.org\/shop\/\",\"name\":\"Nh\u00e0 May M\u1eafn - Maison Chance\",\"description\":\"M\u1ecdi l\u1ee3i nhu\u1eadn thu v\u1ec1 t\u1eeb vi\u1ec7c b\u00e1n h\u00e0ng s\u1ebd tr\u00edch m\u1ed9t ph\u1ea7n \u0111\u1ec3 ch\u0103m lo cho \u0111\u1eddi s\u1ed1ng c\u00e1c b\u1ea1n khuy\u1ebft t\u1eadt v\u00e0 tr\u1ebb m\u1ed3 c\u00f4i \u1edf \u0111\u00e2y\",\"publisher\":{\"@id\":\"https:\/\/maison-chance.org\/shop\/#organization\"},\"potentialAction\":[{\"@type\":\"SearchAction\",\"target\":{\"@type\":\"EntryPoint\",\"urlTemplate\":\"https:\/\/maison-chance.org\/shop\/?s={search_term_string}\"},\"query-input\":{\"@type\":\"PropertyValueSpecification\",\"valueRequired\":true,\"valueName\":\"search_term_string\"}}],\"inLanguage\":\"vi-VN\"},{\"@type\":\"Organization\",\"@id\":\"https:\/\/maison-chance.org\/shop\/#organization\",\"name\":\"Nh\u00e0 May M\u1eafn - Maison Chance\",\"url\":\"https:\/\/maison-chance.org\/shop\/\",\"logo\":{\"@type\":\"ImageObject\",\"inLanguage\":\"vi-VN\",\"@id\":\"https:\/\/maison-chance.org\/shop\/#\/schema\/logo\/image\/\",\"url\":\"https:\/\/maison-chance.org\/shop\/wp-content\/uploads\/2024\/03\/cropped-Logo_DNXH.png\",\"contentUrl\":\"https:\/\/maison-chance.org\/shop\/wp-content\/uploads\/2024\/03\/cropped-Logo_DNXH.png\",\"width\":512,\"height\":512,\"caption\":\"Nh\u00e0 May M\u1eafn - Maison Chance\"},\"image\":{\"@id\":\"https:\/\/maison-chance.org\/shop\/#\/schema\/logo\/image\/\"},\"sameAs\":[\"https:\/\/www.facebook.com\/dnxh.nhamayman\/\"]}]}<\/script>\n<meta property=\"product:price:amount\" content=\"4.00\" \/>\n<meta property=\"product:price:currency\" content=\"USD\" \/>\n<meta property=\"og:availability\" content=\"instock\" \/>\n<meta property=\"product:availability\" content=\"instock\" \/>\n<meta property=\"product:condition\" content=\"new\" \/>\n<!-- \/ Yoast SEO Premium plugin. -->","yoast_head_json":{"title":"Con chu\u1ed9t- con r\u1ed1i v\u1ea3i th\u1ed5 c\u1ea9m - Nh\u00e0 May M\u1eafn - Maison Chance","description":"Con r\u1ed1i v\u1ea3i th\u1ed5 c\u1ea9m h\u00ecnh con chu\u1ed9t kh\u00f4ng ch\u1ec9 l\u00e0 vi\u1ec7c s\u1edf h\u1eefu m\u1ed9t m\u00f3n \u0111\u1ed3 ch\u01a1i \u0111\u1ed9c \u0111\u00e1o, m\u00e0 c\u00f2n l\u00e0 c\u00e1ch b\u1ea1n g\u00f3p ph\u1ea7n h\u1ed7 tr\u1ee3 cho nh\u1eefng th\u1ee3 may khuy\u1ebft t\u1eadt t\u1ea1i Nh\u00e0 May M\u1eafn","robots":{"index":"index","follow":"follow","max-snippet":"max-snippet:-1","max-image-preview":"max-image-preview:large","max-video-preview":"max-video-preview:-1"},"canonical":"https:\/\/maison-chance.org\/shop\/san-pham\/con-roi-hinh-con-chuot-vai-tho-cam","og_locale":"vi_VN","og_type":"article","og_title":"Con chu\u1ed9t","og_description":"Con r\u1ed1i v\u1ea3i th\u1ed5 c\u1ea9m h\u00ecnh con chu\u1ed9t kh\u00f4ng ch\u1ec9 l\u00e0 vi\u1ec7c s\u1edf h\u1eefu m\u1ed9t m\u00f3n \u0111\u1ed3 ch\u01a1i \u0111\u1ed9c \u0111\u00e1o, m\u00e0 c\u00f2n l\u00e0 c\u00e1ch b\u1ea1n g\u00f3p ph\u1ea7n h\u1ed7 tr\u1ee3 cho nh\u1eefng th\u1ee3 may khuy\u1ebft t\u1eadt t\u1ea1i Nh\u00e0 May M\u1eafn","og_url":"https:\/\/maison-chance.org\/shop\/san-pham\/con-roi-hinh-con-chuot-vai-tho-cam","og_site_name":"Nh\u00e0 May M\u1eafn - Maison Chance","article_publisher":"https:\/\/www.facebook.com\/dnxh.nhamayman\/","article_modified_time":"2025-07-18T07:10:07+00:00","og_image":[{"width":600,"height":600,"url":"https:\/\/maison-chance.org\/shop\/wp-content\/uploads\/2024\/10\/con-roi-chuot.jpg","type":"image\/jpeg"}],"twitter_card":"summary_large_image","twitter_misc":{"Gi\u00e1":"4.00&nbsp;&#36;","Availability":"In stock"},"schema":{"@context":"https:\/\/schema.org","@graph":[{"@type":"WebPage","@id":"https:\/\/maison-chance.org\/shop\/san-pham\/con-roi-hinh-con-chuot-vai-tho-cam","url":"https:\/\/maison-chance.org\/shop\/san-pham\/con-roi-hinh-con-chuot-vai-tho-cam","name":"Con chu\u1ed9t- con r\u1ed1i v\u1ea3i th\u1ed5 c\u1ea9m - Nh\u00e0 May M\u1eafn - Maison Chance","isPartOf":{"@id":"https:\/\/maison-chance.org\/shop\/#website"},"primaryImageOfPage":{"@id":"https:\/\/maison-chance.org\/shop\/san-pham\/con-roi-hinh-con-chuot-vai-tho-cam#primaryimage"},"image":{"@id":"https:\/\/maison-chance.org\/shop\/san-pham\/con-roi-hinh-con-chuot-vai-tho-cam#primaryimage"},"thumbnailUrl":"https:\/\/maison-chance.org\/shop\/wp-content\/uploads\/2024\/10\/con-roi-chuot.jpg","datePublished":"2024-10-01T00:00:23+00:00","dateModified":"2025-07-18T07:10:07+00:00","description":"Con r\u1ed1i v\u1ea3i th\u1ed5 c\u1ea9m h\u00ecnh con chu\u1ed9t kh\u00f4ng ch\u1ec9 l\u00e0 vi\u1ec7c s\u1edf h\u1eefu m\u1ed9t m\u00f3n \u0111\u1ed3 ch\u01a1i \u0111\u1ed9c \u0111\u00e1o, m\u00e0 c\u00f2n l\u00e0 c\u00e1ch b\u1ea1n g\u00f3p ph\u1ea7n h\u1ed7 tr\u1ee3 cho nh\u1eefng th\u1ee3 may khuy\u1ebft t\u1eadt t\u1ea1i Nh\u00e0 May M\u1eafn","breadcrumb":{"@id":"https:\/\/maison-chance.org\/shop\/san-pham\/con-roi-hinh-con-chuot-vai-tho-cam#breadcrumb"},"inLanguage":"vi-VN","potentialAction":[{"@type":"ReadAction","target":["https:\/\/maison-chance.org\/shop\/san-pham\/con-roi-hinh-con-chuot-vai-tho-cam"]}]},{"@type":"ImageObject","inLanguage":"vi-VN","@id":"https:\/\/maison-chance.org\/shop\/san-pham\/con-roi-hinh-con-chuot-vai-tho-cam#primaryimage","url":"https:\/\/maison-chance.org\/shop\/wp-content\/uploads\/2024\/10\/con-roi-chuot.jpg","contentUrl":"https:\/\/maison-chance.org\/shop\/wp-content\/uploads\/2024\/10\/con-roi-chuot.jpg","width":600,"height":600,"caption":"Con r\u1ed1i h\u00ecnh con chu\u1ed9t v\u1ea3i th\u1ed5 c\u1ea9m"},{"@type":"BreadcrumbList","@id":"https:\/\/maison-chance.org\/shop\/san-pham\/con-roi-hinh-con-chuot-vai-tho-cam#breadcrumb","itemListElement":[{"@type":"ListItem","position":1,"name":"Trang ch\u1ee7","item":"https:\/\/maison-chance.org\/shop\/"},{"@type":"ListItem","position":2,"name":"Shop","item":"https:\/\/maison-chance.org\/shop\/shop"},{"@type":"ListItem","position":3,"name":"Con chu\u1ed9t"}]},{"@type":"WebSite","@id":"https:\/\/maison-chance.org\/shop\/#website","url":"https:\/\/maison-chance.org\/shop\/","name":"Nh\u00e0 May M\u1eafn - Maison Chance","description":"M\u1ecdi l\u1ee3i nhu\u1eadn thu v\u1ec1 t\u1eeb vi\u1ec7c b\u00e1n h\u00e0ng s\u1ebd tr\u00edch m\u1ed9t ph\u1ea7n \u0111\u1ec3 ch\u0103m lo cho \u0111\u1eddi s\u1ed1ng c\u00e1c b\u1ea1n khuy\u1ebft t\u1eadt v\u00e0 tr\u1ebb m\u1ed3 c\u00f4i \u1edf \u0111\u00e2y","publisher":{"@id":"https:\/\/maison-chance.org\/shop\/#organization"},"potentialAction":[{"@type":"SearchAction","target":{"@type":"EntryPoint","urlTemplate":"https:\/\/maison-chance.org\/shop\/?s={search_term_string}"},"query-input":{"@type":"PropertyValueSpecification","valueRequired":true,"valueName":"search_term_string"}}],"inLanguage":"vi-VN"},{"@type":"Organization","@id":"https:\/\/maison-chance.org\/shop\/#organization","name":"Nh\u00e0 May M\u1eafn - Maison Chance","url":"https:\/\/maison-chance.org\/shop\/","logo":{"@type":"ImageObject","inLanguage":"vi-VN","@id":"https:\/\/maison-chance.org\/shop\/#\/schema\/logo\/image\/","url":"https:\/\/maison-chance.org\/shop\/wp-content\/uploads\/2024\/03\/cropped-Logo_DNXH.png","contentUrl":"https:\/\/maison-chance.org\/shop\/wp-content\/uploads\/2024\/03\/cropped-Logo_DNXH.png","width":512,"height":512,"caption":"Nh\u00e0 May M\u1eafn - Maison Chance"},"image":{"@id":"https:\/\/maison-chance.org\/shop\/#\/schema\/logo\/image\/"},"sameAs":["https:\/\/www.facebook.com\/dnxh.nhamayman\/"]}]},"product_price_amount":"4.00","product_price_currency":"USD","og_availability":"instock","product_availability":"instock","product_condition":"new"},"_links":{"self":[{"href":"https:\/\/maison-chance.org\/shop\/wp-json\/wp\/v2\/product\/37395","targetHints":{"allow":["GET"]}}],"collection":[{"href":"https:\/\/maison-chance.org\/shop\/wp-json\/wp\/v2\/product"}],"about":[{"href":"https:\/\/maison-chance.org\/shop\/wp-json\/wp\/v2\/types\/product"}],"wp:featuredmedia":[{"embeddable":true,"href":"https:\/\/maison-chance.org\/shop\/wp-json\/wp\/v2\/media\/40540"}],"wp:attachment":[{"href":"https:\/\/maison-chance.org\/shop\/wp-json\/wp\/v2\/media?parent=37395"}],"wp:term":[{"taxonomy":"product_brand","embeddable":true,"href":"https:\/\/maison-chance.org\/shop\/wp-json\/wp\/v2\/product_brand?post=37395"},{"taxonomy":"product_cat","embeddable":true,"href":"https:\/\/maison-chance.org\/shop\/wp-json\/wp\/v2\/product_cat?post=37395"},{"taxonomy":"product_tag","embeddable":true,"href":"https:\/\/maison-chance.org\/shop\/wp-json\/wp\/v2\/product_tag?post=37395"}],"curies":[{"name":"wp","href":"https:\/\/api.w.org\/{rel}","templated":true}]}}