{"id":37403,"date":"2024-04-03T09:35:49","date_gmt":"2024-04-03T02:35:49","guid":{"rendered":"https:\/\/maison-chance.org\/shop\/?post_type=product&#038;p=37403"},"modified":"2024-11-08T13:56:56","modified_gmt":"2024-11-08T06:56:56","slug":"trai-tim-may-man","status":"publish","type":"product","link":"https:\/\/maison-chance.org\/shop\/san-pham\/trai-tim-may-man","title":{"rendered":"Tr\u00e1i tim may m\u1eafn"},"content":{"rendered":"<p style=\"text-align: justify;\">Khi b\u1ea1n ch\u1ecdn mua <a href=\"https:\/\/maison-chance.org\/shop\/san-pham\/trai-tim-may-man\">tr\u00e1i tim May M\u1eafn<\/a>, b\u1ea1n kh\u00f4ng ch\u1ec9 s\u1edf h\u1eefu m\u1ed9t s\u1ea3n ph\u1ea9m th\u1ee7 c\u00f4ng \u0111\u00e1ng y\u00eau m\u00e0 c\u00f2n \u0111\u00f3ng g\u00f3p v\u00e0o m\u1ed9t m\u1ee5c \u0111\u00edch cao c\u1ea3 h\u01a1n. M\u1ed7i tr\u00e1i tim nh\u1ecf b\u00e9 l\u00e0 th\u00e0nh qu\u1ea3 t\u1eeb s\u1ef1 n\u1ed7 l\u1ef1c b\u1ec1n b\u1ec9 c\u1ee7a c\u00e1c th\u1ee3 may khuy\u1ebft t\u1eadt t\u1ea1i Nh\u00e0 May M\u1eafn &#8211; nh\u1eefng ng\u01b0\u1eddi \u0111\u00e3 v\u01b0\u1ee3t qua kh\u00f3 kh\u0103n, th\u00e1ch th\u1ee9c \u0111\u1ec3 t\u1ea1o ra nhi\u1ec1u s\u1ea3n ph\u1ea9m ch\u1ea5t l\u01b0\u1ee3ng, v\u1edbi mong mu\u1ed1n mang \u0111\u1ebfn ni\u1ec1m vui v\u00e0 may m\u1eafn cho ng\u01b0\u1eddi s\u1eed d\u1ee5ng.<\/p>\n<p style=\"text-align: justify;\">B\u1eb1ng c\u00e1ch \u1ee7ng h\u1ed9 tr\u00e1i tim May M\u1eafn, b\u1ea1n \u0111ang m\u1edf ra c\u01a1 h\u1ed9i vi\u1ec7c l\u00e0m v\u00e0 ngu\u1ed3n thu nh\u1eadp \u1ed5n \u0111\u1ecbnh cho nh\u1eefng ng\u01b0\u1eddi khuy\u1ebft t\u1eadt. \u0110i\u1ec1u n\u00e0y kh\u00f4ng ch\u1ec9 gi\u00fap c\u1ea3i thi\u1ec7n cu\u1ed9c s\u1ed1ng c\u1ee7a h\u1ecd m\u00e0 c\u00f2n mang l\u1ea1i cho h\u1ecd ni\u1ec1m t\u1ef1 h\u00e0o v\u00e0 c\u1ea3m gi\u00e1c \u0111\u01b0\u1ee3c t\u00f4n tr\u1ecdng trong x\u00e3 h\u1ed9i.<\/p>\n<p style=\"text-align: justify;\">H\u00e3y m\u1edf r\u1ed9ng v\u00f2ng tay v\u00e0 tr\u00e1i tim c\u1ee7a b\u1ea1n b\u1eb1ng c\u00e1ch ch\u1ecdn tr\u00e1i tim May M\u1eafn l\u00e0m m\u00f3n qu\u00e0 cho ng\u01b0\u1eddi th\u00e2n, b\u1ea1n b\u00e8 ho\u1eb7c ch\u00ednh b\u1ea3n th\u00e2n m\u00ecnh. M\u1ed7i tr\u00e1i tim nh\u1ecf b\u00e9 kh\u00f4ng ch\u1ec9 mang \u0111\u1ebfn may m\u1eafn v\u00e0 t\u00ecnh y\u00eau, m\u00e0 c\u00f2n l\u00e0 bi\u1ec3u t\u01b0\u1ee3ng c\u1ee7a s\u1ef1 \u0111\u1ed3ng c\u1ea3m, chia s\u1ebb v\u00e0 ni\u1ec1m tin v\u00e0o m\u1ed9t x\u00e3 h\u1ed9i b\u00ecnh \u0111\u1eb3ng, n\u01a1i m\u1ecdi ng\u01b0\u1eddi \u0111\u1ec1u c\u00f3 c\u01a1 h\u1ed9i ph\u00e1t huy t\u00e0i n\u0103ng c\u1ee7a m\u00ecnh.<\/p>\n<p style=\"text-align: justify;\">H\u00e3y \u0111\u1ebfn v\u1edbi Nh\u00e0 May M\u1eafn ngay h\u00f4m nay v\u00e0 mang v\u1ec1 nh\u1eefng <a href=\"https:\/\/maison-chance.org\/shop\/do-trang-tri\">tr\u00e1i tim May M\u1eafn<\/a> \u0111\u00e1ng y\u00eau. B\u1edfi khi b\u1ea1n mua m\u1ed9t m\u00f3n qu\u00e0 t\u1eeb <a href=\"https:\/\/maison-chance.org\/shop\">Nh\u00e0 May M\u1eafn<\/a>, b\u1ea1n kh\u00f4ng ch\u1ec9 mua m\u1ed9t s\u1ea3n ph\u1ea9m &#8211; b\u1ea1n \u0111ang mua ni\u1ec1m hy v\u1ecdng, ni\u1ec1m tin v\u00e0 c\u01a1 h\u1ed9i cho nh\u1eefng con ng\u01b0\u1eddi \u0111\u1eb7c bi\u1ec7t. H\u00e3y c\u00f9ng ch\u00fang t\u00f4i lan t\u1ecfa y\u00eau th\u01b0\u01a1ng v\u00e0 may m\u1eafn \u0111\u1ebfn m\u1ecdi ng\u01b0\u1eddi, m\u1ecdi nh\u00e0!<\/p>\n","protected":false},"excerpt":{"rendered":"<p style=\"text-align: justify;\">S\u1ea3n ph\u1ea9m do c\u00e1c b\u1ea1n khuy\u1ebft t\u1eadt k\u00e9m may m\u1eafn s\u1ea3n xu\u1ea5t th\u1ee7 c\u00f4ng k\u00ednh mong nh\u1eadn \u0111\u01b0\u1ee3c s\u1ef1 \u1ee7ng h\u1ed9 c\u1ee7a Qu\u00fd kh\u00e1ch h\u00e0ng.<\/p>\n<p>Ch\u1ea5t li\u1ec7u : Sa tanh<\/p>\n<p>Hotline : <span style=\"color: #ed1c24;\"><strong>090 906 2528<\/strong><\/span><\/p>\n<p style=\"text-align: justify;\">N\u1ebfu b\u1ea1n \u1edf Vi\u1ec7t Nam vui l\u00f2ng li\u00ean h\u1ec7 ch\u00fang t\u00f4i theo s\u1ed1 hotline ho\u1eb7c fanpage doanh nghi\u1ec7p Nh\u00e0 May M\u1eafn ch\u00fang t\u00f4i \u0111\u1ec3 bi\u1ebft gi\u00e1 b\u00e1n t\u1ea1i Vi\u1ec7t Nam :\u00a0<a href=\"https:\/\/www.facebook.com\/dnxh.nhamayman\">https:\/\/www.facebook.com\/dnxh.nhamayman<\/a><\/p>\n","protected":false},"featured_media":40365,"template":"","meta":[],"product_brand":[],"product_cat":[143,137],"product_tag":[],"class_list":{"0":"post-37403","1":"product","2":"type-product","3":"status-publish","4":"has-post-thumbnail","6":"product_cat-do-trang-tri","7":"product_cat-phong-may","9":"first","10":"instock","11":"shipping-taxable","12":"purchasable","13":"product-type-variable"},"yoast_head":"<!-- This site is optimized with the Yoast SEO Premium plugin v22.7 (Yoast SEO v25.3.1) - https:\/\/yoast.com\/wordpress\/plugins\/seo\/ -->\n<title>Tr\u00e1i tim may m\u1eafn - Nh\u00e0 May M\u1eafn - Maison Chance<\/title>\n<meta name=\"description\" content=\"Khi b\u1ea1n ch\u1ecdn mua Tr\u00e1i tim May M\u1eafn, b\u1ea1n kh\u00f4ng ch\u1ec9 s\u1edf h\u1eefu m\u1ed9t m\u00f3n \u0111\u1ed3 th\u1ee7 c\u00f4ng \u0111\u00e1ng y\u00eau m\u00e0 c\u00f2n \u0111\u00f3ng g\u00f3p v\u00e0o m\u1ed9t m\u1ee5c \u0111\u00edch cao c\u1ea3 h\u01a1n.\" \/>\n<meta name=\"robots\" content=\"index, follow, max-snippet:-1, max-image-preview:large, max-video-preview:-1\" \/>\n<link rel=\"canonical\" href=\"https:\/\/maison-chance.org\/shop\/san-pham\/trai-tim-may-man\" \/>\n<meta property=\"og:locale\" content=\"vi_VN\" \/>\n<meta property=\"og:type\" content=\"article\" \/>\n<meta property=\"og:title\" content=\"Tr\u00e1i tim may m\u1eafn\" \/>\n<meta property=\"og:description\" content=\"Khi b\u1ea1n ch\u1ecdn mua Tr\u00e1i tim May M\u1eafn, b\u1ea1n kh\u00f4ng ch\u1ec9 s\u1edf h\u1eefu m\u1ed9t m\u00f3n \u0111\u1ed3 th\u1ee7 c\u00f4ng \u0111\u00e1ng y\u00eau m\u00e0 c\u00f2n \u0111\u00f3ng g\u00f3p v\u00e0o m\u1ed9t m\u1ee5c \u0111\u00edch cao c\u1ea3 h\u01a1n.\" \/>\n<meta property=\"og:url\" content=\"https:\/\/maison-chance.org\/shop\/san-pham\/trai-tim-may-man\" \/>\n<meta property=\"og:site_name\" content=\"Nh\u00e0 May M\u1eafn - Maison Chance\" \/>\n<meta property=\"article:publisher\" content=\"https:\/\/www.facebook.com\/dnxh.nhamayman\/\" \/>\n<meta property=\"article:modified_time\" content=\"2024-11-08T06:56:56+00:00\" \/>\n<meta property=\"og:image\" content=\"https:\/\/maison-chance.org\/shop\/wp-content\/uploads\/2024\/04\/trai-tim-may-man.jpg\" \/>\n\t<meta property=\"og:image:width\" content=\"600\" \/>\n\t<meta property=\"og:image:height\" content=\"600\" \/>\n\t<meta property=\"og:image:type\" content=\"image\/jpeg\" \/>\n<meta name=\"twitter:card\" content=\"summary_large_image\" \/>\n<meta name=\"twitter:label1\" content=\"Availability\" \/>\n\t<meta name=\"twitter:data1\" content=\"In stock\" \/>\n<script type=\"application\/ld+json\" class=\"yoast-schema-graph\">{\"@context\":\"https:\/\/schema.org\",\"@graph\":[{\"@type\":\"WebPage\",\"@id\":\"https:\/\/maison-chance.org\/shop\/san-pham\/trai-tim-may-man\",\"url\":\"https:\/\/maison-chance.org\/shop\/san-pham\/trai-tim-may-man\",\"name\":\"Tr\u00e1i tim may m\u1eafn - Nh\u00e0 May M\u1eafn - Maison Chance\",\"isPartOf\":{\"@id\":\"https:\/\/maison-chance.org\/shop\/#website\"},\"primaryImageOfPage\":{\"@id\":\"https:\/\/maison-chance.org\/shop\/san-pham\/trai-tim-may-man#primaryimage\"},\"image\":{\"@id\":\"https:\/\/maison-chance.org\/shop\/san-pham\/trai-tim-may-man#primaryimage\"},\"thumbnailUrl\":\"https:\/\/maison-chance.org\/shop\/wp-content\/uploads\/2024\/04\/trai-tim-may-man.jpg\",\"datePublished\":\"2024-04-03T02:35:49+00:00\",\"dateModified\":\"2024-11-08T06:56:56+00:00\",\"description\":\"Khi b\u1ea1n ch\u1ecdn mua Tr\u00e1i tim May M\u1eafn, b\u1ea1n kh\u00f4ng ch\u1ec9 s\u1edf h\u1eefu m\u1ed9t m\u00f3n \u0111\u1ed3 th\u1ee7 c\u00f4ng \u0111\u00e1ng y\u00eau m\u00e0 c\u00f2n \u0111\u00f3ng g\u00f3p v\u00e0o m\u1ed9t m\u1ee5c \u0111\u00edch cao c\u1ea3 h\u01a1n.\",\"breadcrumb\":{\"@id\":\"https:\/\/maison-chance.org\/shop\/san-pham\/trai-tim-may-man#breadcrumb\"},\"inLanguage\":\"vi-VN\",\"potentialAction\":[{\"@type\":\"ReadAction\",\"target\":[\"https:\/\/maison-chance.org\/shop\/san-pham\/trai-tim-may-man\"]}]},{\"@type\":\"ImageObject\",\"inLanguage\":\"vi-VN\",\"@id\":\"https:\/\/maison-chance.org\/shop\/san-pham\/trai-tim-may-man#primaryimage\",\"url\":\"https:\/\/maison-chance.org\/shop\/wp-content\/uploads\/2024\/04\/trai-tim-may-man.jpg\",\"contentUrl\":\"https:\/\/maison-chance.org\/shop\/wp-content\/uploads\/2024\/04\/trai-tim-may-man.jpg\",\"width\":600,\"height\":600,\"caption\":\"Tr\u00e1i tim may m\u1eafn\"},{\"@type\":\"BreadcrumbList\",\"@id\":\"https:\/\/maison-chance.org\/shop\/san-pham\/trai-tim-may-man#breadcrumb\",\"itemListElement\":[{\"@type\":\"ListItem\",\"position\":1,\"name\":\"Trang ch\u1ee7\",\"item\":\"https:\/\/maison-chance.org\/shop\/\"},{\"@type\":\"ListItem\",\"position\":2,\"name\":\"Shop\",\"item\":\"https:\/\/maison-chance.org\/shop\/shop\"},{\"@type\":\"ListItem\",\"position\":3,\"name\":\"Tr\u00e1i tim may m\u1eafn\"}]},{\"@type\":\"WebSite\",\"@id\":\"https:\/\/maison-chance.org\/shop\/#website\",\"url\":\"https:\/\/maison-chance.org\/shop\/\",\"name\":\"Nh\u00e0 May M\u1eafn - Maison Chance\",\"description\":\"M\u1ecdi l\u1ee3i nhu\u1eadn thu v\u1ec1 t\u1eeb vi\u1ec7c b\u00e1n h\u00e0ng s\u1ebd tr\u00edch m\u1ed9t ph\u1ea7n \u0111\u1ec3 ch\u0103m lo cho \u0111\u1eddi s\u1ed1ng c\u00e1c b\u1ea1n khuy\u1ebft t\u1eadt v\u00e0 tr\u1ebb m\u1ed3 c\u00f4i \u1edf \u0111\u00e2y\",\"publisher\":{\"@id\":\"https:\/\/maison-chance.org\/shop\/#organization\"},\"potentialAction\":[{\"@type\":\"SearchAction\",\"target\":{\"@type\":\"EntryPoint\",\"urlTemplate\":\"https:\/\/maison-chance.org\/shop\/?s={search_term_string}\"},\"query-input\":{\"@type\":\"PropertyValueSpecification\",\"valueRequired\":true,\"valueName\":\"search_term_string\"}}],\"inLanguage\":\"vi-VN\"},{\"@type\":\"Organization\",\"@id\":\"https:\/\/maison-chance.org\/shop\/#organization\",\"name\":\"Nh\u00e0 May M\u1eafn - Maison Chance\",\"url\":\"https:\/\/maison-chance.org\/shop\/\",\"logo\":{\"@type\":\"ImageObject\",\"inLanguage\":\"vi-VN\",\"@id\":\"https:\/\/maison-chance.org\/shop\/#\/schema\/logo\/image\/\",\"url\":\"https:\/\/maison-chance.org\/shop\/wp-content\/uploads\/2024\/03\/cropped-Logo_DNXH.png\",\"contentUrl\":\"https:\/\/maison-chance.org\/shop\/wp-content\/uploads\/2024\/03\/cropped-Logo_DNXH.png\",\"width\":512,\"height\":512,\"caption\":\"Nh\u00e0 May M\u1eafn - Maison Chance\"},\"image\":{\"@id\":\"https:\/\/maison-chance.org\/shop\/#\/schema\/logo\/image\/\"},\"sameAs\":[\"https:\/\/www.facebook.com\/dnxh.nhamayman\/\"]}]}<\/script>\n<meta property=\"og:availability\" content=\"instock\" \/>\n<meta property=\"product:availability\" content=\"instock\" \/>\n<meta property=\"product:condition\" content=\"new\" \/>\n<!-- \/ Yoast SEO Premium plugin. -->","yoast_head_json":{"title":"Tr\u00e1i tim may m\u1eafn - Nh\u00e0 May M\u1eafn - Maison Chance","description":"Khi b\u1ea1n ch\u1ecdn mua Tr\u00e1i tim May M\u1eafn, b\u1ea1n kh\u00f4ng ch\u1ec9 s\u1edf h\u1eefu m\u1ed9t m\u00f3n \u0111\u1ed3 th\u1ee7 c\u00f4ng \u0111\u00e1ng y\u00eau m\u00e0 c\u00f2n \u0111\u00f3ng g\u00f3p v\u00e0o m\u1ed9t m\u1ee5c \u0111\u00edch cao c\u1ea3 h\u01a1n.","robots":{"index":"index","follow":"follow","max-snippet":"max-snippet:-1","max-image-preview":"max-image-preview:large","max-video-preview":"max-video-preview:-1"},"canonical":"https:\/\/maison-chance.org\/shop\/san-pham\/trai-tim-may-man","og_locale":"vi_VN","og_type":"article","og_title":"Tr\u00e1i tim may m\u1eafn","og_description":"Khi b\u1ea1n ch\u1ecdn mua Tr\u00e1i tim May M\u1eafn, b\u1ea1n kh\u00f4ng ch\u1ec9 s\u1edf h\u1eefu m\u1ed9t m\u00f3n \u0111\u1ed3 th\u1ee7 c\u00f4ng \u0111\u00e1ng y\u00eau m\u00e0 c\u00f2n \u0111\u00f3ng g\u00f3p v\u00e0o m\u1ed9t m\u1ee5c \u0111\u00edch cao c\u1ea3 h\u01a1n.","og_url":"https:\/\/maison-chance.org\/shop\/san-pham\/trai-tim-may-man","og_site_name":"Nh\u00e0 May M\u1eafn - Maison Chance","article_publisher":"https:\/\/www.facebook.com\/dnxh.nhamayman\/","article_modified_time":"2024-11-08T06:56:56+00:00","og_image":[{"width":600,"height":600,"url":"https:\/\/maison-chance.org\/shop\/wp-content\/uploads\/2024\/04\/trai-tim-may-man.jpg","type":"image\/jpeg"}],"twitter_card":"summary_large_image","twitter_misc":{"Availability":"In stock"},"schema":{"@context":"https:\/\/schema.org","@graph":[{"@type":"WebPage","@id":"https:\/\/maison-chance.org\/shop\/san-pham\/trai-tim-may-man","url":"https:\/\/maison-chance.org\/shop\/san-pham\/trai-tim-may-man","name":"Tr\u00e1i tim may m\u1eafn - Nh\u00e0 May M\u1eafn - Maison Chance","isPartOf":{"@id":"https:\/\/maison-chance.org\/shop\/#website"},"primaryImageOfPage":{"@id":"https:\/\/maison-chance.org\/shop\/san-pham\/trai-tim-may-man#primaryimage"},"image":{"@id":"https:\/\/maison-chance.org\/shop\/san-pham\/trai-tim-may-man#primaryimage"},"thumbnailUrl":"https:\/\/maison-chance.org\/shop\/wp-content\/uploads\/2024\/04\/trai-tim-may-man.jpg","datePublished":"2024-04-03T02:35:49+00:00","dateModified":"2024-11-08T06:56:56+00:00","description":"Khi b\u1ea1n ch\u1ecdn mua Tr\u00e1i tim May M\u1eafn, b\u1ea1n kh\u00f4ng ch\u1ec9 s\u1edf h\u1eefu m\u1ed9t m\u00f3n \u0111\u1ed3 th\u1ee7 c\u00f4ng \u0111\u00e1ng y\u00eau m\u00e0 c\u00f2n \u0111\u00f3ng g\u00f3p v\u00e0o m\u1ed9t m\u1ee5c \u0111\u00edch cao c\u1ea3 h\u01a1n.","breadcrumb":{"@id":"https:\/\/maison-chance.org\/shop\/san-pham\/trai-tim-may-man#breadcrumb"},"inLanguage":"vi-VN","potentialAction":[{"@type":"ReadAction","target":["https:\/\/maison-chance.org\/shop\/san-pham\/trai-tim-may-man"]}]},{"@type":"ImageObject","inLanguage":"vi-VN","@id":"https:\/\/maison-chance.org\/shop\/san-pham\/trai-tim-may-man#primaryimage","url":"https:\/\/maison-chance.org\/shop\/wp-content\/uploads\/2024\/04\/trai-tim-may-man.jpg","contentUrl":"https:\/\/maison-chance.org\/shop\/wp-content\/uploads\/2024\/04\/trai-tim-may-man.jpg","width":600,"height":600,"caption":"Tr\u00e1i tim may m\u1eafn"},{"@type":"BreadcrumbList","@id":"https:\/\/maison-chance.org\/shop\/san-pham\/trai-tim-may-man#breadcrumb","itemListElement":[{"@type":"ListItem","position":1,"name":"Trang ch\u1ee7","item":"https:\/\/maison-chance.org\/shop\/"},{"@type":"ListItem","position":2,"name":"Shop","item":"https:\/\/maison-chance.org\/shop\/shop"},{"@type":"ListItem","position":3,"name":"Tr\u00e1i tim may m\u1eafn"}]},{"@type":"WebSite","@id":"https:\/\/maison-chance.org\/shop\/#website","url":"https:\/\/maison-chance.org\/shop\/","name":"Nh\u00e0 May M\u1eafn - Maison Chance","description":"M\u1ecdi l\u1ee3i nhu\u1eadn thu v\u1ec1 t\u1eeb vi\u1ec7c b\u00e1n h\u00e0ng s\u1ebd tr\u00edch m\u1ed9t ph\u1ea7n \u0111\u1ec3 ch\u0103m lo cho \u0111\u1eddi s\u1ed1ng c\u00e1c b\u1ea1n khuy\u1ebft t\u1eadt v\u00e0 tr\u1ebb m\u1ed3 c\u00f4i \u1edf \u0111\u00e2y","publisher":{"@id":"https:\/\/maison-chance.org\/shop\/#organization"},"potentialAction":[{"@type":"SearchAction","target":{"@type":"EntryPoint","urlTemplate":"https:\/\/maison-chance.org\/shop\/?s={search_term_string}"},"query-input":{"@type":"PropertyValueSpecification","valueRequired":true,"valueName":"search_term_string"}}],"inLanguage":"vi-VN"},{"@type":"Organization","@id":"https:\/\/maison-chance.org\/shop\/#organization","name":"Nh\u00e0 May M\u1eafn - Maison Chance","url":"https:\/\/maison-chance.org\/shop\/","logo":{"@type":"ImageObject","inLanguage":"vi-VN","@id":"https:\/\/maison-chance.org\/shop\/#\/schema\/logo\/image\/","url":"https:\/\/maison-chance.org\/shop\/wp-content\/uploads\/2024\/03\/cropped-Logo_DNXH.png","contentUrl":"https:\/\/maison-chance.org\/shop\/wp-content\/uploads\/2024\/03\/cropped-Logo_DNXH.png","width":512,"height":512,"caption":"Nh\u00e0 May M\u1eafn - Maison Chance"},"image":{"@id":"https:\/\/maison-chance.org\/shop\/#\/schema\/logo\/image\/"},"sameAs":["https:\/\/www.facebook.com\/dnxh.nhamayman\/"]}]},"og_availability":"instock","product_availability":"instock","product_condition":"new"},"_links":{"self":[{"href":"https:\/\/maison-chance.org\/shop\/wp-json\/wp\/v2\/product\/37403","targetHints":{"allow":["GET"]}}],"collection":[{"href":"https:\/\/maison-chance.org\/shop\/wp-json\/wp\/v2\/product"}],"about":[{"href":"https:\/\/maison-chance.org\/shop\/wp-json\/wp\/v2\/types\/product"}],"wp:featuredmedia":[{"embeddable":true,"href":"https:\/\/maison-chance.org\/shop\/wp-json\/wp\/v2\/media\/40365"}],"wp:attachment":[{"href":"https:\/\/maison-chance.org\/shop\/wp-json\/wp\/v2\/media?parent=37403"}],"wp:term":[{"taxonomy":"product_brand","embeddable":true,"href":"https:\/\/maison-chance.org\/shop\/wp-json\/wp\/v2\/product_brand?post=37403"},{"taxonomy":"product_cat","embeddable":true,"href":"https:\/\/maison-chance.org\/shop\/wp-json\/wp\/v2\/product_cat?post=37403"},{"taxonomy":"product_tag","embeddable":true,"href":"https:\/\/maison-chance.org\/shop\/wp-json\/wp\/v2\/product_tag?post=37403"}],"curies":[{"name":"wp","href":"https:\/\/api.w.org\/{rel}","templated":true}]}}