{"id":37421,"date":"2024-04-03T09:38:47","date_gmt":"2024-04-03T02:38:47","guid":{"rendered":"https:\/\/maison-chance.org\/shop\/?post_type=product&#038;p=37421"},"modified":"2024-11-08T13:57:10","modified_gmt":"2024-11-08T06:57:10","slug":"do-trang-tri","status":"publish","type":"product","link":"https:\/\/maison-chance.org\/shop\/san-pham\/do-trang-tri","title":{"rendered":"\u0110\u1ed3 trang tr\u00ed"},"content":{"rendered":"<p style=\"text-align: justify;\">B\u1ea1n \u0111ang t\u00ecm ki\u1ebfm nh\u1eefng m\u00f3n \u0111\u1ed3 trang tr\u00ed \u0111\u1ed9c \u0111\u00e1o \u0111\u1ec3 l\u00e0m b\u1eebng s\u00e1ng kh\u00f4ng gian nh\u00e0 c\u1ee7a m\u00ecnh trong m\u00f9a l\u1ec5 h\u1ed9i? H\u00e3y \u0111\u1ec3 b\u1ed9 s\u01b0u t\u1eadp <a href=\"https:\/\/maison-chance.org\/shop\/do-trang-tri\">\u0111\u1ed3 trang tr\u00ed Gi\u00e1ng Sinh<\/a> t\u1eeb Nh\u00e0 May M\u1eafn chinh ph\u1ee5c tr\u00e1i tim b\u1ea1n. \u0110\u01b0\u1ee3c t\u1ea1o ra b\u1edfi \u0111\u00f4i tay l\u00e0nh ngh\u1ec1 c\u1ee7a c\u00e1c th\u1ee3 may khuy\u1ebft t\u1eadt, m\u1ed7i m\u00f3n \u0111\u1ed3 kh\u00f4ng ch\u1ec9 l\u00e0 m\u1ed9t v\u1eadt trang tr\u00ed \u0111\u00e1ng y\u00eau m\u00e0 c\u00f2n l\u00e0 bi\u1ec3u t\u01b0\u1ee3ng c\u1ee7a ngh\u1ecb l\u1ef1c v\u00e0 hy v\u1ecdng.<\/p>\n<p style=\"text-align: justify;\">B\u1ed9 s\u01b0u t\u1eadp g\u1ed3m n\u0103m m\u00f3n <a href=\"https:\/\/maison-chance.org\/shop\/san-pham\/do-trang-tri\">\u0111\u1ed3 trang tr\u00ed<\/a> xinh x\u1eafn: c\u00e2y th\u00f4ng Noel xanh th\u1eabm (19&#215;26 cm), thi\u00ean th\u1ea7n xanh nh\u1ea1t (13&#215;18 cm), h\u1ed9p qu\u00e0 v\u00e0ng t\u01b0\u01a1i (16&#215;22 cm), m\u1eb7t tr\u0103ng l\u01b0\u1ee1i li\u1ec1m tr\u1eafng ng\u00e0 (9&#215;12 cm) v\u00e0 \u0111\u00f4i gi\u00e0y \u1ed1ng \u0111\u1ecf r\u1ef1c (8&#215;6 cm). T\u1ea5t c\u1ea3 \u0111\u1ec1u \u0111\u01b0\u1ee3c l\u00e0m t\u1eeb v\u1ea3i Satin m\u1ec1m m\u1ea1i, v\u1edbi nh\u1eefng ng\u00f4i sao v\u00e0ng l\u1ea5p l\u00e1nh \u0111i\u1ec3m xuy\u1ebft, t\u1ea1o n\u00ean v\u1ebb \u0111\u1eb9p tinh t\u1ebf v\u00e0 sang tr\u1ecdng.<\/p>\n<p style=\"text-align: justify;\">C\u00f4ng d\u1ee5ng \u0111a d\u1ea1ng c\u1ee7a b\u1ed9 \u0111\u1ed3 trang tr\u00ed Gi\u00e1ng sinh Nh\u00e0 May M\u1eafn:<\/p>\n<p style=\"text-align: justify;\">Trang tr\u00ed c\u00e2y th\u00f4ng: Treo nh\u1eefng m\u00f3n \u0111\u1ed3 n\u00e0y l\u00ean c\u00e2y th\u00f4ng Noel \u0111\u1ec3 t\u1ea1o n\u00ean m\u1ed9t kh\u00f4ng gian l\u1ec5 h\u1ed9i r\u1ef1c r\u1ee1 v\u00e0 \u0111\u1ed9c \u0111\u00e1o. S\u1ef1 k\u1ebft h\u1ee3p gi\u1eefa c\u00e1c m\u00e0u s\u1eafc t\u01b0\u01a1i s\u00e1ng s\u1ebd l\u00e0m cho c\u00e2y th\u00f4ng c\u1ee7a b\u1ea1n tr\u1edf n\u00ean n\u1ed5i b\u1eadt h\u01a1n bao gi\u1edd h\u1ebft.<\/p>\n<p style=\"text-align: justify;\">Trang tr\u00ed kh\u00f4ng gian s\u1ed1ng: Nh\u1eefng m\u00f3n \u0111\u1ed3 n\u00e0y ho\u00e0n h\u1ea3o cho m\u1ecdi g\u00f3c nh\u1ecf trong nh\u00e0 &#8211; t\u1eeb c\u1eeda s\u1ed5, k\u1ec7 s\u00e1ch hay b\u00e0n l\u00e0m vi\u1ec7c. Ch\u00fang s\u1ebd mang l\u1ea1i kh\u00f4ng kh\u00ed Gi\u00e1ng sinh \u1ea5m \u00e1p cho kh\u00f4ng gian s\u1ed1ng c\u1ee7a b\u1ea1n.<\/p>\n<p style=\"text-align: justify;\">Qu\u00e0 t\u1eb7ng \u00fd ngh\u0129a: T\u1eb7ng t\u1eebng m\u00f3n ho\u1eb7c c\u1ea3 b\u1ed9 s\u01b0u t\u1eadp cho ng\u01b0\u1eddi th\u00e2n, b\u1ea1n b\u00e8 nh\u01b0 m\u1ed9t m\u00f3n qu\u00e0 handmade \u0111\u1ed9c \u0111\u00e1o. M\u1ed7i m\u00f3n qu\u00e0 s\u1ebd l\u00e0 l\u1eddi nh\u1eafn g\u1eedi y\u00eau th\u01b0\u01a1ng v\u00e0 may m\u1eafn trong m\u00f9a l\u1ec5 h\u1ed9i.<\/p>\n<p style=\"text-align: justify;\">Trang tr\u00ed ti\u1ec7c t\u00f9ng: S\u1eed d\u1ee5ng nh\u1eefng m\u00f3n \u0111\u1ed3 n\u00e0y \u0111\u1ec3 trang tr\u00ed b\u00e0n ti\u1ec7c, t\u1ea1o n\u00ean kh\u00f4ng kh\u00ed vui t\u01b0\u01a1i v\u00e0 \u1ea5m c\u00fang cho nh\u1eefng bu\u1ed5i h\u1ecdp m\u1eb7t Gi\u00e1ng sinh.<\/p>\n<p style=\"text-align: justify;\">H\u1ecdc c\u1ee5 s\u00e1ng t\u1ea1o: D\u00f9ng b\u1ed9 \u0111\u1ed3 trang tr\u00ed n\u00e0y \u0111\u1ec3 d\u1ea1y tr\u1ebb em v\u1ec1 \u00fd ngh\u0129a c\u1ee7a Gi\u00e1ng sinh, \u0111\u1ed3ng th\u1eddi kh\u01a1i g\u1ee3i s\u1ef1 s\u00e1ng t\u1ea1o v\u00e0 l\u00f2ng nh\u00e2n \u00e1i.<\/p>\n<p style=\"text-align: justify;\">M\u1ed7i \u0111\u01b0\u1eddng kim m\u0169i ch\u1ec9 tr\u00ean nh\u1eefng m\u00f3n \u0111\u1ed3 trang tr\u00ed n\u00e0y \u0111\u1ec1u ch\u1ee9a \u0111\u1ef1ng c\u00e2u chuy\u1ec7n v\u1ec1 s\u1ef1 ki\u00ean tr\u00ec v\u00e0 kh\u00e1t khao v\u01b0\u1ee3t l\u00ean s\u1ed1 ph\u1eadn c\u1ee7a c\u00e1c th\u1ee3 may khuy\u1ebft t\u1eadt t\u1ea1i Nh\u00e0 May M\u1eafn. H\u1ecd \u0111\u00e3 bi\u1ebfn nh\u1eefng kh\u00f3 kh\u0103n th\u00e0nh \u0111\u1ed9ng l\u1ef1c, t\u1ea1o ra c\u00e1c s\u1ea3n ph\u1ea9m ch\u1ea5t l\u01b0\u1ee3ng b\u1eb1ng t\u1ea5t c\u1ea3 s\u1ef1 t\u1ec9 m\u1ec9 v\u00e0 t\u00e2m huy\u1ebft.<\/p>\n<p style=\"text-align: justify;\">Khi b\u1ea1n ch\u1ecdn mua b\u1ed9 \u0111\u1ed3 trang tr\u00ed Gi\u00e1ng sinh Nh\u00e0 May M\u1eafn, b\u1ea1n kh\u00f4ng ch\u1ec9 s\u1edf h\u1eefu nh\u1eefng m\u00f3n \u0111\u1ed3 \u0111\u1eb9p m\u1eaft m\u00e0 c\u00f2n g\u00f3p ph\u1ea7n t\u1ea1o c\u01a1 h\u1ed9i vi\u1ec7c l\u00e0m v\u00e0 thu nh\u1eadp \u1ed5n \u0111\u1ecbnh cho nh\u1eefng ng\u01b0\u1eddi khuy\u1ebft t\u1eadt. \u0110\u00e2y l\u00e0 h\u00e0nh \u0111\u1ed9ng thi\u1ebft th\u1ef1c \u0111\u1ec3 b\u1ea1n th\u1ec3 hi\u1ec7n s\u1ef1 \u1ee7ng h\u1ed9 v\u00e0 t\u00f4n tr\u1ecdng \u0111\u1ed1i v\u1edbi c\u1ed9ng \u0111\u1ed3ng ng\u01b0\u1eddi khuy\u1ebft t\u1eadt, gi\u00fap h\u1ecd t\u1ef1 tin h\u00f2a nh\u1eadp x\u00e3 h\u1ed9i.<\/p>\n<p style=\"text-align: justify;\">H\u00e3y m\u1edf r\u1ed9ng tr\u00e1i tim v\u00e0 ch\u1ecdn mua b\u1ed9 \u0111\u1ed3 trang tr\u00ed Gi\u00e1ng sinh Nh\u00e0 May M\u1eafn ngay h\u00f4m nay! M\u1ed7i s\u1ea3n ph\u1ea9m b\u1ea1n mua l\u00e0 m\u1ed9t l\u1ea7n b\u1ea1n trao \u0111i hy v\u1ecdng v\u00e0 ni\u1ec1m tin v\u00e0o cu\u1ed9c s\u1ed1ng t\u1ed1t \u0111\u1eb9p h\u01a1n cho nh\u1eefng ng\u01b0\u1eddi khuy\u1ebft t\u1eadt. H\u00e3y c\u00f9ng <a href=\"https:\/\/maison-chance.org\/shop\">Nh\u00e0 May M\u1eafn<\/a> lan t\u1ecfa tinh th\u1ea7n Gi\u00e1ng sinh &#8211; m\u00f9a c\u1ee7a y\u00eau th\u01b0\u01a1ng v\u00e0 chia s\u1ebb. B\u1ed9 \u0111\u1ed3 trang tr\u00ed Gi\u00e1ng sinh Nh\u00e0 May M\u1eafn &#8211; m\u00f3n qu\u00e0 t\u1eeb tr\u00e1i tim, g\u1eedi \u0111\u1ebfn tr\u00e1i tim!<\/p>\n","protected":false},"excerpt":{"rendered":"<p style=\"text-align: justify;\">S\u1ea3n ph\u1ea9m do c\u00e1c b\u1ea1n khuy\u1ebft t\u1eadt k\u00e9m may m\u1eafn s\u1ea3n xu\u1ea5t th\u1ee7 c\u00f4ng k\u00ednh mong nh\u1eadn \u0111\u01b0\u1ee3c s\u1ef1 \u1ee7ng h\u1ed9 c\u1ee7a Qu\u00fd kh\u00e1ch h\u00e0ng.<\/p>\n<p>Ch\u1ea5t li\u1ec7u : Sa tanh<\/p>\n<p>Hotline : <span style=\"color: #ed1c24;\"><strong>090 906 2528<\/strong><\/span><\/p>\n<p style=\"text-align: justify;\">N\u1ebfu b\u1ea1n \u1edf Vi\u1ec7t Nam vui l\u00f2ng li\u00ean h\u1ec7 ch\u00fang t\u00f4i theo s\u1ed1 hotline ho\u1eb7c fanpage doanh nghi\u1ec7p Nh\u00e0 May M\u1eafn ch\u00fang t\u00f4i \u0111\u1ec3 bi\u1ebft gi\u00e1 b\u00e1n t\u1ea1i Vi\u1ec7t Nam :\u00a0<a href=\"https:\/\/www.facebook.com\/nhamayman\">https:\/\/www.facebook.com\/nhamayman<\/a><\/p>\n","protected":false},"featured_media":40408,"template":"","meta":[],"product_brand":[],"product_cat":[143,137],"product_tag":[],"class_list":{"0":"post-37421","1":"product","2":"type-product","3":"status-publish","4":"has-post-thumbnail","6":"product_cat-do-trang-tri","7":"product_cat-phong-may","9":"first","10":"instock","11":"shipping-taxable","12":"purchasable","13":"product-type-variable"},"yoast_head":"<!-- This site is optimized with the Yoast SEO Premium plugin v22.7 (Yoast SEO v25.3.1) - https:\/\/yoast.com\/wordpress\/plugins\/seo\/ -->\n<title>\u0110\u1ed3 trang tr\u00ed - Nh\u00e0 May M\u1eafn - Maison Chance<\/title>\n<meta name=\"description\" content=\"B\u1ea1n \u0111ang t\u00ecm ki\u1ebfm nh\u1eefng m\u00f3n \u0111\u1ed3 trang tr\u00ed \u0111\u1ed9c \u0111\u00e1o \u0111\u1ec3 l\u00e0m \u1ea5m \u00e1p ng\u00f4i nh\u00e0 c\u1ee7a m\u00ecnh? H\u00e3y \u0111\u1ec3 b\u1ed9 s\u01b0u t\u1eadp \u0111\u1ed3 trang tr\u00ed Gi\u00e1ng sinh t\u1eeb Nh\u00e0 May M\u1eafn chinh ph\u1ee5c tr\u00e1i tim b\u1ea1n\" \/>\n<meta name=\"robots\" content=\"index, follow, max-snippet:-1, max-image-preview:large, max-video-preview:-1\" \/>\n<link rel=\"canonical\" href=\"https:\/\/maison-chance.org\/shop\/san-pham\/do-trang-tri\" \/>\n<meta property=\"og:locale\" content=\"vi_VN\" \/>\n<meta property=\"og:type\" content=\"article\" \/>\n<meta property=\"og:title\" content=\"\u0110\u1ed3 trang tr\u00ed\" \/>\n<meta property=\"og:description\" content=\"B\u1ea1n \u0111ang t\u00ecm ki\u1ebfm nh\u1eefng m\u00f3n \u0111\u1ed3 trang tr\u00ed \u0111\u1ed9c \u0111\u00e1o \u0111\u1ec3 l\u00e0m \u1ea5m \u00e1p ng\u00f4i nh\u00e0 c\u1ee7a m\u00ecnh? H\u00e3y \u0111\u1ec3 b\u1ed9 s\u01b0u t\u1eadp \u0111\u1ed3 trang tr\u00ed Gi\u00e1ng sinh t\u1eeb Nh\u00e0 May M\u1eafn chinh ph\u1ee5c tr\u00e1i tim b\u1ea1n\" \/>\n<meta property=\"og:url\" content=\"https:\/\/maison-chance.org\/shop\/san-pham\/do-trang-tri\" \/>\n<meta property=\"og:site_name\" content=\"Nh\u00e0 May M\u1eafn - Maison Chance\" \/>\n<meta property=\"article:publisher\" content=\"https:\/\/www.facebook.com\/dnxh.nhamayman\/\" \/>\n<meta property=\"article:modified_time\" content=\"2024-11-08T06:57:10+00:00\" \/>\n<meta property=\"og:image\" content=\"https:\/\/maison-chance.org\/shop\/wp-content\/uploads\/2024\/04\/Do-trang-tri.jpg\" \/>\n\t<meta property=\"og:image:width\" content=\"600\" \/>\n\t<meta property=\"og:image:height\" content=\"600\" \/>\n\t<meta property=\"og:image:type\" content=\"image\/jpeg\" \/>\n<meta name=\"twitter:card\" content=\"summary_large_image\" \/>\n<meta name=\"twitter:label1\" content=\"Availability\" \/>\n\t<meta name=\"twitter:data1\" content=\"In stock\" \/>\n<script type=\"application\/ld+json\" class=\"yoast-schema-graph\">{\"@context\":\"https:\/\/schema.org\",\"@graph\":[{\"@type\":\"WebPage\",\"@id\":\"https:\/\/maison-chance.org\/shop\/san-pham\/do-trang-tri\",\"url\":\"https:\/\/maison-chance.org\/shop\/san-pham\/do-trang-tri\",\"name\":\"\u0110\u1ed3 trang tr\u00ed - Nh\u00e0 May M\u1eafn - Maison Chance\",\"isPartOf\":{\"@id\":\"https:\/\/maison-chance.org\/shop\/#website\"},\"primaryImageOfPage\":{\"@id\":\"https:\/\/maison-chance.org\/shop\/san-pham\/do-trang-tri#primaryimage\"},\"image\":{\"@id\":\"https:\/\/maison-chance.org\/shop\/san-pham\/do-trang-tri#primaryimage\"},\"thumbnailUrl\":\"https:\/\/maison-chance.org\/shop\/wp-content\/uploads\/2024\/04\/Do-trang-tri.jpg\",\"datePublished\":\"2024-04-03T02:38:47+00:00\",\"dateModified\":\"2024-11-08T06:57:10+00:00\",\"description\":\"B\u1ea1n \u0111ang t\u00ecm ki\u1ebfm nh\u1eefng m\u00f3n \u0111\u1ed3 trang tr\u00ed \u0111\u1ed9c \u0111\u00e1o \u0111\u1ec3 l\u00e0m \u1ea5m \u00e1p ng\u00f4i nh\u00e0 c\u1ee7a m\u00ecnh? H\u00e3y \u0111\u1ec3 b\u1ed9 s\u01b0u t\u1eadp \u0111\u1ed3 trang tr\u00ed Gi\u00e1ng sinh t\u1eeb Nh\u00e0 May M\u1eafn chinh ph\u1ee5c tr\u00e1i tim b\u1ea1n\",\"breadcrumb\":{\"@id\":\"https:\/\/maison-chance.org\/shop\/san-pham\/do-trang-tri#breadcrumb\"},\"inLanguage\":\"vi-VN\",\"potentialAction\":[{\"@type\":\"ReadAction\",\"target\":[\"https:\/\/maison-chance.org\/shop\/san-pham\/do-trang-tri\"]}]},{\"@type\":\"ImageObject\",\"inLanguage\":\"vi-VN\",\"@id\":\"https:\/\/maison-chance.org\/shop\/san-pham\/do-trang-tri#primaryimage\",\"url\":\"https:\/\/maison-chance.org\/shop\/wp-content\/uploads\/2024\/04\/Do-trang-tri.jpg\",\"contentUrl\":\"https:\/\/maison-chance.org\/shop\/wp-content\/uploads\/2024\/04\/Do-trang-tri.jpg\",\"width\":600,\"height\":600,\"caption\":\"\u0110\u1ed3 trang tr\u00ed\"},{\"@type\":\"BreadcrumbList\",\"@id\":\"https:\/\/maison-chance.org\/shop\/san-pham\/do-trang-tri#breadcrumb\",\"itemListElement\":[{\"@type\":\"ListItem\",\"position\":1,\"name\":\"Trang ch\u1ee7\",\"item\":\"https:\/\/maison-chance.org\/shop\/\"},{\"@type\":\"ListItem\",\"position\":2,\"name\":\"Shop\",\"item\":\"https:\/\/maison-chance.org\/shop\/shop\"},{\"@type\":\"ListItem\",\"position\":3,\"name\":\"\u0110\u1ed3 trang tr\u00ed\"}]},{\"@type\":\"WebSite\",\"@id\":\"https:\/\/maison-chance.org\/shop\/#website\",\"url\":\"https:\/\/maison-chance.org\/shop\/\",\"name\":\"Nh\u00e0 May M\u1eafn - Maison Chance\",\"description\":\"M\u1ecdi l\u1ee3i nhu\u1eadn thu v\u1ec1 t\u1eeb vi\u1ec7c b\u00e1n h\u00e0ng s\u1ebd tr\u00edch m\u1ed9t ph\u1ea7n \u0111\u1ec3 ch\u0103m lo cho \u0111\u1eddi s\u1ed1ng c\u00e1c b\u1ea1n khuy\u1ebft t\u1eadt v\u00e0 tr\u1ebb m\u1ed3 c\u00f4i \u1edf \u0111\u00e2y\",\"publisher\":{\"@id\":\"https:\/\/maison-chance.org\/shop\/#organization\"},\"potentialAction\":[{\"@type\":\"SearchAction\",\"target\":{\"@type\":\"EntryPoint\",\"urlTemplate\":\"https:\/\/maison-chance.org\/shop\/?s={search_term_string}\"},\"query-input\":{\"@type\":\"PropertyValueSpecification\",\"valueRequired\":true,\"valueName\":\"search_term_string\"}}],\"inLanguage\":\"vi-VN\"},{\"@type\":\"Organization\",\"@id\":\"https:\/\/maison-chance.org\/shop\/#organization\",\"name\":\"Nh\u00e0 May M\u1eafn - Maison Chance\",\"url\":\"https:\/\/maison-chance.org\/shop\/\",\"logo\":{\"@type\":\"ImageObject\",\"inLanguage\":\"vi-VN\",\"@id\":\"https:\/\/maison-chance.org\/shop\/#\/schema\/logo\/image\/\",\"url\":\"https:\/\/maison-chance.org\/shop\/wp-content\/uploads\/2024\/03\/cropped-Logo_DNXH.png\",\"contentUrl\":\"https:\/\/maison-chance.org\/shop\/wp-content\/uploads\/2024\/03\/cropped-Logo_DNXH.png\",\"width\":512,\"height\":512,\"caption\":\"Nh\u00e0 May M\u1eafn - Maison Chance\"},\"image\":{\"@id\":\"https:\/\/maison-chance.org\/shop\/#\/schema\/logo\/image\/\"},\"sameAs\":[\"https:\/\/www.facebook.com\/dnxh.nhamayman\/\"]}]}<\/script>\n<meta property=\"og:availability\" content=\"instock\" \/>\n<meta property=\"product:availability\" content=\"instock\" \/>\n<meta property=\"product:condition\" content=\"new\" \/>\n<!-- \/ Yoast SEO Premium plugin. -->","yoast_head_json":{"title":"\u0110\u1ed3 trang tr\u00ed - Nh\u00e0 May M\u1eafn - Maison Chance","description":"B\u1ea1n \u0111ang t\u00ecm ki\u1ebfm nh\u1eefng m\u00f3n \u0111\u1ed3 trang tr\u00ed \u0111\u1ed9c \u0111\u00e1o \u0111\u1ec3 l\u00e0m \u1ea5m \u00e1p ng\u00f4i nh\u00e0 c\u1ee7a m\u00ecnh? H\u00e3y \u0111\u1ec3 b\u1ed9 s\u01b0u t\u1eadp \u0111\u1ed3 trang tr\u00ed Gi\u00e1ng sinh t\u1eeb Nh\u00e0 May M\u1eafn chinh ph\u1ee5c tr\u00e1i tim b\u1ea1n","robots":{"index":"index","follow":"follow","max-snippet":"max-snippet:-1","max-image-preview":"max-image-preview:large","max-video-preview":"max-video-preview:-1"},"canonical":"https:\/\/maison-chance.org\/shop\/san-pham\/do-trang-tri","og_locale":"vi_VN","og_type":"article","og_title":"\u0110\u1ed3 trang tr\u00ed","og_description":"B\u1ea1n \u0111ang t\u00ecm ki\u1ebfm nh\u1eefng m\u00f3n \u0111\u1ed3 trang tr\u00ed \u0111\u1ed9c \u0111\u00e1o \u0111\u1ec3 l\u00e0m \u1ea5m \u00e1p ng\u00f4i nh\u00e0 c\u1ee7a m\u00ecnh? H\u00e3y \u0111\u1ec3 b\u1ed9 s\u01b0u t\u1eadp \u0111\u1ed3 trang tr\u00ed Gi\u00e1ng sinh t\u1eeb Nh\u00e0 May M\u1eafn chinh ph\u1ee5c tr\u00e1i tim b\u1ea1n","og_url":"https:\/\/maison-chance.org\/shop\/san-pham\/do-trang-tri","og_site_name":"Nh\u00e0 May M\u1eafn - Maison Chance","article_publisher":"https:\/\/www.facebook.com\/dnxh.nhamayman\/","article_modified_time":"2024-11-08T06:57:10+00:00","og_image":[{"width":600,"height":600,"url":"https:\/\/maison-chance.org\/shop\/wp-content\/uploads\/2024\/04\/Do-trang-tri.jpg","type":"image\/jpeg"}],"twitter_card":"summary_large_image","twitter_misc":{"Availability":"In stock"},"schema":{"@context":"https:\/\/schema.org","@graph":[{"@type":"WebPage","@id":"https:\/\/maison-chance.org\/shop\/san-pham\/do-trang-tri","url":"https:\/\/maison-chance.org\/shop\/san-pham\/do-trang-tri","name":"\u0110\u1ed3 trang tr\u00ed - Nh\u00e0 May M\u1eafn - Maison Chance","isPartOf":{"@id":"https:\/\/maison-chance.org\/shop\/#website"},"primaryImageOfPage":{"@id":"https:\/\/maison-chance.org\/shop\/san-pham\/do-trang-tri#primaryimage"},"image":{"@id":"https:\/\/maison-chance.org\/shop\/san-pham\/do-trang-tri#primaryimage"},"thumbnailUrl":"https:\/\/maison-chance.org\/shop\/wp-content\/uploads\/2024\/04\/Do-trang-tri.jpg","datePublished":"2024-04-03T02:38:47+00:00","dateModified":"2024-11-08T06:57:10+00:00","description":"B\u1ea1n \u0111ang t\u00ecm ki\u1ebfm nh\u1eefng m\u00f3n \u0111\u1ed3 trang tr\u00ed \u0111\u1ed9c \u0111\u00e1o \u0111\u1ec3 l\u00e0m \u1ea5m \u00e1p ng\u00f4i nh\u00e0 c\u1ee7a m\u00ecnh? H\u00e3y \u0111\u1ec3 b\u1ed9 s\u01b0u t\u1eadp \u0111\u1ed3 trang tr\u00ed Gi\u00e1ng sinh t\u1eeb Nh\u00e0 May M\u1eafn chinh ph\u1ee5c tr\u00e1i tim b\u1ea1n","breadcrumb":{"@id":"https:\/\/maison-chance.org\/shop\/san-pham\/do-trang-tri#breadcrumb"},"inLanguage":"vi-VN","potentialAction":[{"@type":"ReadAction","target":["https:\/\/maison-chance.org\/shop\/san-pham\/do-trang-tri"]}]},{"@type":"ImageObject","inLanguage":"vi-VN","@id":"https:\/\/maison-chance.org\/shop\/san-pham\/do-trang-tri#primaryimage","url":"https:\/\/maison-chance.org\/shop\/wp-content\/uploads\/2024\/04\/Do-trang-tri.jpg","contentUrl":"https:\/\/maison-chance.org\/shop\/wp-content\/uploads\/2024\/04\/Do-trang-tri.jpg","width":600,"height":600,"caption":"\u0110\u1ed3 trang tr\u00ed"},{"@type":"BreadcrumbList","@id":"https:\/\/maison-chance.org\/shop\/san-pham\/do-trang-tri#breadcrumb","itemListElement":[{"@type":"ListItem","position":1,"name":"Trang ch\u1ee7","item":"https:\/\/maison-chance.org\/shop\/"},{"@type":"ListItem","position":2,"name":"Shop","item":"https:\/\/maison-chance.org\/shop\/shop"},{"@type":"ListItem","position":3,"name":"\u0110\u1ed3 trang tr\u00ed"}]},{"@type":"WebSite","@id":"https:\/\/maison-chance.org\/shop\/#website","url":"https:\/\/maison-chance.org\/shop\/","name":"Nh\u00e0 May M\u1eafn - Maison Chance","description":"M\u1ecdi l\u1ee3i nhu\u1eadn thu v\u1ec1 t\u1eeb vi\u1ec7c b\u00e1n h\u00e0ng s\u1ebd tr\u00edch m\u1ed9t ph\u1ea7n \u0111\u1ec3 ch\u0103m lo cho \u0111\u1eddi s\u1ed1ng c\u00e1c b\u1ea1n khuy\u1ebft t\u1eadt v\u00e0 tr\u1ebb m\u1ed3 c\u00f4i \u1edf \u0111\u00e2y","publisher":{"@id":"https:\/\/maison-chance.org\/shop\/#organization"},"potentialAction":[{"@type":"SearchAction","target":{"@type":"EntryPoint","urlTemplate":"https:\/\/maison-chance.org\/shop\/?s={search_term_string}"},"query-input":{"@type":"PropertyValueSpecification","valueRequired":true,"valueName":"search_term_string"}}],"inLanguage":"vi-VN"},{"@type":"Organization","@id":"https:\/\/maison-chance.org\/shop\/#organization","name":"Nh\u00e0 May M\u1eafn - Maison Chance","url":"https:\/\/maison-chance.org\/shop\/","logo":{"@type":"ImageObject","inLanguage":"vi-VN","@id":"https:\/\/maison-chance.org\/shop\/#\/schema\/logo\/image\/","url":"https:\/\/maison-chance.org\/shop\/wp-content\/uploads\/2024\/03\/cropped-Logo_DNXH.png","contentUrl":"https:\/\/maison-chance.org\/shop\/wp-content\/uploads\/2024\/03\/cropped-Logo_DNXH.png","width":512,"height":512,"caption":"Nh\u00e0 May M\u1eafn - Maison Chance"},"image":{"@id":"https:\/\/maison-chance.org\/shop\/#\/schema\/logo\/image\/"},"sameAs":["https:\/\/www.facebook.com\/dnxh.nhamayman\/"]}]},"og_availability":"instock","product_availability":"instock","product_condition":"new"},"_links":{"self":[{"href":"https:\/\/maison-chance.org\/shop\/wp-json\/wp\/v2\/product\/37421","targetHints":{"allow":["GET"]}}],"collection":[{"href":"https:\/\/maison-chance.org\/shop\/wp-json\/wp\/v2\/product"}],"about":[{"href":"https:\/\/maison-chance.org\/shop\/wp-json\/wp\/v2\/types\/product"}],"wp:featuredmedia":[{"embeddable":true,"href":"https:\/\/maison-chance.org\/shop\/wp-json\/wp\/v2\/media\/40408"}],"wp:attachment":[{"href":"https:\/\/maison-chance.org\/shop\/wp-json\/wp\/v2\/media?parent=37421"}],"wp:term":[{"taxonomy":"product_brand","embeddable":true,"href":"https:\/\/maison-chance.org\/shop\/wp-json\/wp\/v2\/product_brand?post=37421"},{"taxonomy":"product_cat","embeddable":true,"href":"https:\/\/maison-chance.org\/shop\/wp-json\/wp\/v2\/product_cat?post=37421"},{"taxonomy":"product_tag","embeddable":true,"href":"https:\/\/maison-chance.org\/shop\/wp-json\/wp\/v2\/product_tag?post=37421"}],"curies":[{"name":"wp","href":"https:\/\/api.w.org\/{rel}","templated":true}]}}