{"id":37463,"date":"2024-04-03T09:53:34","date_gmt":"2024-04-03T02:53:34","guid":{"rendered":"https:\/\/maison-chance.org\/shop\/?post_type=product&#038;p=37463"},"modified":"2024-11-08T10:11:19","modified_gmt":"2024-11-08T03:11:19","slug":"ba-lo-con-rua","status":"publish","type":"product","link":"https:\/\/maison-chance.org\/shop\/san-pham\/ba-lo-con-rua","title":{"rendered":"Ba l\u00f4 con r\u00f9a"},"content":{"rendered":"<p style=\"text-align: justify;\">B\u1ea1n \u0111\u00e3 t\u1eebng ngh\u0129 \u0111\u1ebfn vi\u1ec7c s\u1edf h\u1eefu m\u1ed9t chi\u1ebfc ba l\u00f4 kh\u00f4ng ch\u1ec9 l\u00e0 s\u1ea3n ph\u1ea9m h\u1eefu \u00edch m\u00e0 c\u00f2n l\u00e0 mang trong m\u00ecnh th\u00f4ng \u0111i\u1ec7p c\u1ee7a s\u1ef1 quan t\u00e2m \u0111\u1ebfn c\u1ed9ng \u0111\u1ed3ng ng\u01b0\u1eddi khuy\u1ebft t\u1eadt k\u00e9m may m\u1eafn? <a href=\"https:\/\/maison-chance.org\/shop\/san-pham\/ba-lo-con-rua\">Ba l\u00f4 h\u00ecnh con r\u00f9a<\/a> t\u1eeb Nh\u00e0 May M\u1eafn s\u1ebd l\u00e0 s\u1ef1 l\u1ef1a ch\u1ecdn ho\u00e0n h\u1ea3o cho b\u1ea1n. \u0110\u01b0\u1ee3c ch\u1ebf t\u00e1c b\u1edfi nh\u1eefng b\u00e0n tay kh\u00e9o l\u00e9o c\u1ee7a ng\u01b0\u1eddi khuy\u1ebft t\u1eadt, s\u1ea3n ph\u1ea9m n\u00e0y kh\u00f4ng ch\u1ec9 \u0111\u01a1n gi\u1ea3n l\u00e0 m\u1ed9t m\u00f3n \u0111\u1ed3 d\u00f9ng h\u00e0ng ng\u00e0y m\u00e0 c\u00f2n l\u00e0 m\u1ed1i d\u00e2y g\u1eafn k\u1ebft v\u1edbi n\u1ec1n v\u0103n h\u00f3a v\u00e0 truy\u1ec1n th\u1ed1ng Vi\u1ec7t Nam.<\/p>\n<p style=\"text-align: justify;\"><a href=\"https:\/\/maison-chance.org\/shop\/ba-lo\">Ba l\u00f4 con r\u00f9a<\/a> (TC05BL) kh\u00f4ng ch\u1ec9 thu h\u00fat b\u1edfi thi\u1ebft k\u1ebf \u0111\u1ed9c \u0111\u00e1o l\u1ea5y c\u1ea3m h\u1ee9ng t\u1eeb h\u00ecnh \u1ea3nh con r\u00f9a m\u00e0 c\u00f2n b\u1edfi ch\u1ea5t li\u1ec7u v\u1ea3i th\u1ed5 c\u1ea9m \u0111\u1ed9c \u0111\u00e1o c\u1ee7a Vi\u1ec7t Nam. V\u1edbi k\u00edch th\u01b0\u1edbc v\u1eeba v\u1eb7n 35 x 45 cm, ba l\u00f4 n\u00e0y ph\u00f9 h\u1ee3p cho c\u1ea3 nh\u1eefng ng\u00e0y \u0111i l\u00e0m, \u0111i h\u1ecdc hay tham gia c\u00e1c ho\u1ea1t \u0111\u1ed9ng ngo\u1ea1i kh\u00f3a. S\u1ea3n ph\u1ea9m \u0111\u01b0\u1ee3c may th\u1ee7 c\u00f4ng b\u1edfi c\u00e1c ngh\u1ec7 nh\u00e2n t\u1ea1i Nh\u00e0 May M\u1eafn, m\u1ed7i \u0111\u01b0\u1eddng kim m\u0169i ch\u1ec9 \u0111\u1ec1u mang trong \u0111\u00f3 m\u1ed9t c\u00e2u chuy\u1ec7n v\u1ec1 s\u1ef1 kh\u00e1t khao v\u00e0 n\u1ed7 l\u1ef1c v\u01b0\u01a1n l\u00ean trong cu\u1ed9c s\u1ed1ng c\u1ee7a nh\u1eefng ng\u01b0\u1eddi th\u1ee3 khi\u1ebfm khuy\u1ebfn n\u01a1i \u0111\u00e2y.<\/p>\n<p style=\"text-align: justify;\">Ba l\u00f4 h\u00ecnh con r\u00f9a kh\u00f4ng ch\u1ec9 l\u00e0 m\u1ed9t ph\u1ee5 ki\u1ec7n h\u1eefu \u00edch m\u00e0 n\u00f3 c\u00f2n mang \u0111\u1eadm d\u1ea5u \u1ea5n v\u0103n h\u00f3a, t\u00f4n vinh v\u1ebb \u0111\u1eb9p truy\u1ec1n th\u1ed1ng c\u1ee7a ch\u1ea5t li\u1ec7u v\u1ea3i th\u1ed5 c\u1ea9m. B\u1ea1n c\u00f3 th\u1ec3 mang n\u00f3 \u0111i l\u00e0m, \u0111i ch\u01a1i, hay th\u1eadm ch\u00ed l\u00e0m qu\u00e0 t\u1eb7ng cho nh\u1eefng ng\u01b0\u1eddi th\u00e2n y\u00eau. V\u1edbi ch\u1ea5t li\u1ec7u v\u1ea3i th\u1ed5 c\u1ea9m b\u1ec1n ch\u1eafc v\u00e0 h\u1ecda ti\u1ebft t\u01b0\u01a1i t\u1eafn s\u1eafc m\u00e0u, s\u1ea3n ph\u1ea9m kh\u00f4ng ch\u1ec9 l\u00e0 ph\u1ee5 ki\u1ec7n m\u00e0 c\u00f2n l\u00e0 \u0111i\u1ec3m nh\u1ea5n cho phong c\u00e1ch c\u00e1 nh\u00e2n c\u1ee7a b\u1ea1n.<\/p>\n<p style=\"text-align: justify;\">Khi mua ba l\u00f4 h\u00ecnh con r\u00f9a, b\u1ea1n kh\u00f4ng ch\u1ec9 s\u1edf h\u1eefu m\u1ed9t s\u1ea3n ph\u1ea9m ch\u1ea5t l\u01b0\u1ee3ng m\u00e0 c\u00f2n l\u00e0 s\u1ef1 \u1ee7ng h\u1ed9 cho c\u1ed9ng \u0111\u1ed3ng ng\u01b0\u1eddi khuy\u1ebft t\u1eadt. Vi\u1ec7c mua s\u1eafm kh\u00f4ng ch\u1ec9 \u0111\u01a1n thu\u1ea7n l\u00e0 mua h\u00e0ng m\u00e0 c\u00f2n l\u00e0 m\u1ed9t c\u01a1 h\u1ed9i \u0111\u1ec3 lan t\u1ecfa nh\u1eefng gi\u00e1 tr\u1ecb nh\u00e2n v\u0103n, g\u00f3p ph\u1ea7n v\u00e0o vi\u1ec7c ph\u00e1t tri\u1ec3n c\u1ed9ng \u0111\u1ed3ng v\u00e0 t\u1ea1o \u0111i\u1ec1u ki\u1ec7n l\u00e0m vi\u1ec7c c\u00f4ng b\u1eb1ng cho nh\u1eefng ng\u01b0\u1eddi c\u00f3 ngh\u1ecb l\u1ef1c.<\/p>\n<p style=\"text-align: justify;\">H\u00e3y tham gia c\u00f9ng ch\u00fang t\u00f4i trong h\u00e0nh tr\u00ecnh lan t\u1ecfa y\u00eau th\u01b0\u01a1ng v\u00e0 s\u1ef1 tr\u00e2n qu\u00fd \u0111\u1ebfn m\u1ecdi ng\u01b0\u1eddi, b\u1eb1ng vi\u1ec7c l\u1ef1a ch\u1ecdn <a href=\"https:\/\/maison-chance.org\/shop\/phong-may\">ba l\u00f4<\/a> h\u00ecnh con r\u00f9a t\u1eeb <a href=\"https:\/\/maison-chance.org\/shop\">Nh\u00e0 May M\u1eafn<\/a>. M\u1ed7i s\u1ea3n ph\u1ea9m kh\u00f4ng ch\u1ec9 l\u00e0 m\u1ed9t chi\u1ebfc ba l\u00f4 m\u00e0 c\u00f2n l\u00e0 m\u1ed9t c\u00e2u chuy\u1ec7n v\u1ec1 s\u1ef1 ki\u00ean tr\u00ec v\u00e0 hy v\u1ecdng. H\u00e3y mua ngay h\u00f4m nay \u0111\u1ec3 kh\u00f4ng ch\u1ec9 s\u1edf h\u1eefu m\u1ed9t m\u00f3n \u0111\u1ed3 ti\u1ec7n \u00edch m\u00e0 c\u00f2n l\u00e0 m\u1ed9t l\u1eddi kh\u1eb3ng \u0111\u1ecbnh v\u1ec1 s\u1ef1 \u0111\u1ed3ng c\u1ea3m v\u00e0 s\u1ef1 chia s\u1ebb.<\/p>\n","protected":false},"excerpt":{"rendered":"<p style=\"text-align: justify;\">S\u1ea3n ph\u1ea9m do c\u00e1c b\u1ea1n khuy\u1ebft t\u1eadt k\u00e9m may m\u1eafn s\u1ea3n xu\u1ea5t th\u1ee7 c\u00f4ng k\u00ednh mong nh\u1eadn \u0111\u01b0\u1ee3c s\u1ef1 \u1ee7ng h\u1ed9 c\u1ee7a Qu\u00fd kh\u00e1ch h\u00e0ng.<\/p>\n<p>Ch\u1ea5t li\u1ec7u: V\u1ea3i th\u1ed5 c\u1ea9m<\/p>\n<p>Code: TC05BL<\/p>\n<p>K\u00edch th\u01b0\u1edbc : 35 x 45 cm<\/p>\n<p>Hotline : <span style=\"font-size: 20px;\"><strong><span style=\"color: #ff0000;\">0909 06 25 28<\/span><\/strong><\/span><\/p>\n<p style=\"text-align: justify;\">N\u1ebfu b\u1ea1n \u1edf Vi\u1ec7t Nam vui l\u00f2ng li\u00ean h\u1ec7 ch\u00fang t\u00f4i theo s\u1ed1 hotline ho\u1eb7c fanpage doanh nghi\u1ec7p Nh\u00e0 May M\u1eafn ch\u00fang t\u00f4i \u0111\u1ec3 bi\u1ebft gi\u00e1 b\u00e1n t\u1ea1i Vi\u1ec7t Nam.<\/p>\n","protected":false},"featured_media":40178,"template":"","meta":[],"product_brand":[],"product_cat":[142,137],"product_tag":[],"class_list":{"0":"post-37463","1":"product","2":"type-product","3":"status-publish","4":"has-post-thumbnail","6":"product_cat-ba-lo","7":"product_cat-phong-may","9":"first","10":"instock","11":"shipping-taxable","12":"purchasable","13":"product-type-simple"},"yoast_head":"<!-- This site is optimized with the Yoast SEO Premium plugin v22.7 (Yoast SEO v25.3.1) - https:\/\/yoast.com\/wordpress\/plugins\/seo\/ -->\n<title>Ba l\u00f4 con r\u00f9a - Nh\u00e0 May M\u1eafn - Maison Chance<\/title>\n<meta name=\"description\" content=\"Ba l\u00f4 con r\u00f9a kh\u00f4ng ch\u1ec9 thu h\u00fat b\u1edfi thi\u1ebft k\u1ebf \u0111\u1ed9c \u0111\u00e1o l\u1ea5y c\u1ea3m h\u1ee9ng t\u1eeb h\u00ecnh \u1ea3nh con r\u00f9a m\u00e0 c\u00f2n b\u1edfi ch\u1ea5t li\u1ec7u v\u1ea3i th\u1ed5 c\u1ea9m \u0111\u1ed9c \u0111\u00e1o c\u1ee7a Vi\u1ec7t Nam\" \/>\n<meta name=\"robots\" content=\"index, follow, max-snippet:-1, max-image-preview:large, max-video-preview:-1\" \/>\n<link rel=\"canonical\" href=\"https:\/\/maison-chance.org\/shop\/san-pham\/ba-lo-con-rua\" \/>\n<meta property=\"og:locale\" content=\"vi_VN\" \/>\n<meta property=\"og:type\" content=\"article\" \/>\n<meta property=\"og:title\" content=\"Ba l\u00f4 con r\u00f9a\" \/>\n<meta property=\"og:description\" content=\"Ba l\u00f4 con r\u00f9a kh\u00f4ng ch\u1ec9 thu h\u00fat b\u1edfi thi\u1ebft k\u1ebf \u0111\u1ed9c \u0111\u00e1o l\u1ea5y c\u1ea3m h\u1ee9ng t\u1eeb h\u00ecnh \u1ea3nh con r\u00f9a m\u00e0 c\u00f2n b\u1edfi ch\u1ea5t li\u1ec7u v\u1ea3i th\u1ed5 c\u1ea9m \u0111\u1ed9c \u0111\u00e1o c\u1ee7a Vi\u1ec7t Nam\" \/>\n<meta property=\"og:url\" content=\"https:\/\/maison-chance.org\/shop\/san-pham\/ba-lo-con-rua\" \/>\n<meta property=\"og:site_name\" content=\"Nh\u00e0 May M\u1eafn - Maison Chance\" \/>\n<meta property=\"article:publisher\" content=\"https:\/\/www.facebook.com\/dnxh.nhamayman\/\" \/>\n<meta property=\"article:modified_time\" content=\"2024-11-08T03:11:19+00:00\" \/>\n<meta property=\"og:image\" content=\"https:\/\/maison-chance.org\/shop\/wp-content\/uploads\/2024\/04\/ba-lo-con-rua-1.jpg\" \/>\n\t<meta property=\"og:image:width\" content=\"600\" \/>\n\t<meta property=\"og:image:height\" content=\"600\" \/>\n\t<meta property=\"og:image:type\" content=\"image\/jpeg\" \/>\n<meta name=\"twitter:card\" content=\"summary_large_image\" \/>\n<meta name=\"twitter:label1\" content=\"Gi\u00e1\" \/>\n\t<meta name=\"twitter:data1\" content=\"7.00&nbsp;&#036;\" \/>\n\t<meta name=\"twitter:label2\" content=\"Availability\" \/>\n\t<meta name=\"twitter:data2\" content=\"In stock\" \/>\n<script type=\"application\/ld+json\" class=\"yoast-schema-graph\">{\"@context\":\"https:\/\/schema.org\",\"@graph\":[{\"@type\":\"WebPage\",\"@id\":\"https:\/\/maison-chance.org\/shop\/san-pham\/ba-lo-con-rua\",\"url\":\"https:\/\/maison-chance.org\/shop\/san-pham\/ba-lo-con-rua\",\"name\":\"Ba l\u00f4 con r\u00f9a - Nh\u00e0 May M\u1eafn - Maison Chance\",\"isPartOf\":{\"@id\":\"https:\/\/maison-chance.org\/shop\/#website\"},\"primaryImageOfPage\":{\"@id\":\"https:\/\/maison-chance.org\/shop\/san-pham\/ba-lo-con-rua#primaryimage\"},\"image\":{\"@id\":\"https:\/\/maison-chance.org\/shop\/san-pham\/ba-lo-con-rua#primaryimage\"},\"thumbnailUrl\":\"https:\/\/maison-chance.org\/shop\/wp-content\/uploads\/2024\/04\/ba-lo-con-rua-1.jpg\",\"datePublished\":\"2024-04-03T02:53:34+00:00\",\"dateModified\":\"2024-11-08T03:11:19+00:00\",\"description\":\"Ba l\u00f4 con r\u00f9a kh\u00f4ng ch\u1ec9 thu h\u00fat b\u1edfi thi\u1ebft k\u1ebf \u0111\u1ed9c \u0111\u00e1o l\u1ea5y c\u1ea3m h\u1ee9ng t\u1eeb h\u00ecnh \u1ea3nh con r\u00f9a m\u00e0 c\u00f2n b\u1edfi ch\u1ea5t li\u1ec7u v\u1ea3i th\u1ed5 c\u1ea9m \u0111\u1ed9c \u0111\u00e1o c\u1ee7a Vi\u1ec7t Nam\",\"breadcrumb\":{\"@id\":\"https:\/\/maison-chance.org\/shop\/san-pham\/ba-lo-con-rua#breadcrumb\"},\"inLanguage\":\"vi-VN\",\"potentialAction\":[{\"@type\":\"ReadAction\",\"target\":[\"https:\/\/maison-chance.org\/shop\/san-pham\/ba-lo-con-rua\"]}]},{\"@type\":\"ImageObject\",\"inLanguage\":\"vi-VN\",\"@id\":\"https:\/\/maison-chance.org\/shop\/san-pham\/ba-lo-con-rua#primaryimage\",\"url\":\"https:\/\/maison-chance.org\/shop\/wp-content\/uploads\/2024\/04\/ba-lo-con-rua-1.jpg\",\"contentUrl\":\"https:\/\/maison-chance.org\/shop\/wp-content\/uploads\/2024\/04\/ba-lo-con-rua-1.jpg\",\"width\":600,\"height\":600,\"caption\":\"Ba l\u00f4 con r\u00f9a\"},{\"@type\":\"BreadcrumbList\",\"@id\":\"https:\/\/maison-chance.org\/shop\/san-pham\/ba-lo-con-rua#breadcrumb\",\"itemListElement\":[{\"@type\":\"ListItem\",\"position\":1,\"name\":\"Trang ch\u1ee7\",\"item\":\"https:\/\/maison-chance.org\/shop\/\"},{\"@type\":\"ListItem\",\"position\":2,\"name\":\"Shop\",\"item\":\"https:\/\/maison-chance.org\/shop\/shop\"},{\"@type\":\"ListItem\",\"position\":3,\"name\":\"Ba l\u00f4 con r\u00f9a\"}]},{\"@type\":\"WebSite\",\"@id\":\"https:\/\/maison-chance.org\/shop\/#website\",\"url\":\"https:\/\/maison-chance.org\/shop\/\",\"name\":\"Nh\u00e0 May M\u1eafn - Maison Chance\",\"description\":\"M\u1ecdi l\u1ee3i nhu\u1eadn thu v\u1ec1 t\u1eeb vi\u1ec7c b\u00e1n h\u00e0ng s\u1ebd tr\u00edch m\u1ed9t ph\u1ea7n \u0111\u1ec3 ch\u0103m lo cho \u0111\u1eddi s\u1ed1ng c\u00e1c b\u1ea1n khuy\u1ebft t\u1eadt v\u00e0 tr\u1ebb m\u1ed3 c\u00f4i \u1edf \u0111\u00e2y\",\"publisher\":{\"@id\":\"https:\/\/maison-chance.org\/shop\/#organization\"},\"potentialAction\":[{\"@type\":\"SearchAction\",\"target\":{\"@type\":\"EntryPoint\",\"urlTemplate\":\"https:\/\/maison-chance.org\/shop\/?s={search_term_string}\"},\"query-input\":{\"@type\":\"PropertyValueSpecification\",\"valueRequired\":true,\"valueName\":\"search_term_string\"}}],\"inLanguage\":\"vi-VN\"},{\"@type\":\"Organization\",\"@id\":\"https:\/\/maison-chance.org\/shop\/#organization\",\"name\":\"Nh\u00e0 May M\u1eafn - Maison Chance\",\"url\":\"https:\/\/maison-chance.org\/shop\/\",\"logo\":{\"@type\":\"ImageObject\",\"inLanguage\":\"vi-VN\",\"@id\":\"https:\/\/maison-chance.org\/shop\/#\/schema\/logo\/image\/\",\"url\":\"https:\/\/maison-chance.org\/shop\/wp-content\/uploads\/2024\/03\/cropped-Logo_DNXH.png\",\"contentUrl\":\"https:\/\/maison-chance.org\/shop\/wp-content\/uploads\/2024\/03\/cropped-Logo_DNXH.png\",\"width\":512,\"height\":512,\"caption\":\"Nh\u00e0 May M\u1eafn - Maison Chance\"},\"image\":{\"@id\":\"https:\/\/maison-chance.org\/shop\/#\/schema\/logo\/image\/\"},\"sameAs\":[\"https:\/\/www.facebook.com\/dnxh.nhamayman\/\"]}]}<\/script>\n<meta property=\"product:price:amount\" content=\"7.00\" \/>\n<meta property=\"product:price:currency\" content=\"USD\" \/>\n<meta property=\"og:availability\" content=\"instock\" \/>\n<meta property=\"product:availability\" content=\"instock\" \/>\n<meta property=\"product:condition\" content=\"new\" \/>\n<!-- \/ Yoast SEO Premium plugin. -->","yoast_head_json":{"title":"Ba l\u00f4 con r\u00f9a - Nh\u00e0 May M\u1eafn - Maison Chance","description":"Ba l\u00f4 con r\u00f9a kh\u00f4ng ch\u1ec9 thu h\u00fat b\u1edfi thi\u1ebft k\u1ebf \u0111\u1ed9c \u0111\u00e1o l\u1ea5y c\u1ea3m h\u1ee9ng t\u1eeb h\u00ecnh \u1ea3nh con r\u00f9a m\u00e0 c\u00f2n b\u1edfi ch\u1ea5t li\u1ec7u v\u1ea3i th\u1ed5 c\u1ea9m \u0111\u1ed9c \u0111\u00e1o c\u1ee7a Vi\u1ec7t Nam","robots":{"index":"index","follow":"follow","max-snippet":"max-snippet:-1","max-image-preview":"max-image-preview:large","max-video-preview":"max-video-preview:-1"},"canonical":"https:\/\/maison-chance.org\/shop\/san-pham\/ba-lo-con-rua","og_locale":"vi_VN","og_type":"article","og_title":"Ba l\u00f4 con r\u00f9a","og_description":"Ba l\u00f4 con r\u00f9a kh\u00f4ng ch\u1ec9 thu h\u00fat b\u1edfi thi\u1ebft k\u1ebf \u0111\u1ed9c \u0111\u00e1o l\u1ea5y c\u1ea3m h\u1ee9ng t\u1eeb h\u00ecnh \u1ea3nh con r\u00f9a m\u00e0 c\u00f2n b\u1edfi ch\u1ea5t li\u1ec7u v\u1ea3i th\u1ed5 c\u1ea9m \u0111\u1ed9c \u0111\u00e1o c\u1ee7a Vi\u1ec7t Nam","og_url":"https:\/\/maison-chance.org\/shop\/san-pham\/ba-lo-con-rua","og_site_name":"Nh\u00e0 May M\u1eafn - Maison Chance","article_publisher":"https:\/\/www.facebook.com\/dnxh.nhamayman\/","article_modified_time":"2024-11-08T03:11:19+00:00","og_image":[{"width":600,"height":600,"url":"https:\/\/maison-chance.org\/shop\/wp-content\/uploads\/2024\/04\/ba-lo-con-rua-1.jpg","type":"image\/jpeg"}],"twitter_card":"summary_large_image","twitter_misc":{"Gi\u00e1":"7.00&nbsp;&#36;","Availability":"In stock"},"schema":{"@context":"https:\/\/schema.org","@graph":[{"@type":"WebPage","@id":"https:\/\/maison-chance.org\/shop\/san-pham\/ba-lo-con-rua","url":"https:\/\/maison-chance.org\/shop\/san-pham\/ba-lo-con-rua","name":"Ba l\u00f4 con r\u00f9a - Nh\u00e0 May M\u1eafn - Maison Chance","isPartOf":{"@id":"https:\/\/maison-chance.org\/shop\/#website"},"primaryImageOfPage":{"@id":"https:\/\/maison-chance.org\/shop\/san-pham\/ba-lo-con-rua#primaryimage"},"image":{"@id":"https:\/\/maison-chance.org\/shop\/san-pham\/ba-lo-con-rua#primaryimage"},"thumbnailUrl":"https:\/\/maison-chance.org\/shop\/wp-content\/uploads\/2024\/04\/ba-lo-con-rua-1.jpg","datePublished":"2024-04-03T02:53:34+00:00","dateModified":"2024-11-08T03:11:19+00:00","description":"Ba l\u00f4 con r\u00f9a kh\u00f4ng ch\u1ec9 thu h\u00fat b\u1edfi thi\u1ebft k\u1ebf \u0111\u1ed9c \u0111\u00e1o l\u1ea5y c\u1ea3m h\u1ee9ng t\u1eeb h\u00ecnh \u1ea3nh con r\u00f9a m\u00e0 c\u00f2n b\u1edfi ch\u1ea5t li\u1ec7u v\u1ea3i th\u1ed5 c\u1ea9m \u0111\u1ed9c \u0111\u00e1o c\u1ee7a Vi\u1ec7t Nam","breadcrumb":{"@id":"https:\/\/maison-chance.org\/shop\/san-pham\/ba-lo-con-rua#breadcrumb"},"inLanguage":"vi-VN","potentialAction":[{"@type":"ReadAction","target":["https:\/\/maison-chance.org\/shop\/san-pham\/ba-lo-con-rua"]}]},{"@type":"ImageObject","inLanguage":"vi-VN","@id":"https:\/\/maison-chance.org\/shop\/san-pham\/ba-lo-con-rua#primaryimage","url":"https:\/\/maison-chance.org\/shop\/wp-content\/uploads\/2024\/04\/ba-lo-con-rua-1.jpg","contentUrl":"https:\/\/maison-chance.org\/shop\/wp-content\/uploads\/2024\/04\/ba-lo-con-rua-1.jpg","width":600,"height":600,"caption":"Ba l\u00f4 con r\u00f9a"},{"@type":"BreadcrumbList","@id":"https:\/\/maison-chance.org\/shop\/san-pham\/ba-lo-con-rua#breadcrumb","itemListElement":[{"@type":"ListItem","position":1,"name":"Trang ch\u1ee7","item":"https:\/\/maison-chance.org\/shop\/"},{"@type":"ListItem","position":2,"name":"Shop","item":"https:\/\/maison-chance.org\/shop\/shop"},{"@type":"ListItem","position":3,"name":"Ba l\u00f4 con r\u00f9a"}]},{"@type":"WebSite","@id":"https:\/\/maison-chance.org\/shop\/#website","url":"https:\/\/maison-chance.org\/shop\/","name":"Nh\u00e0 May M\u1eafn - Maison Chance","description":"M\u1ecdi l\u1ee3i nhu\u1eadn thu v\u1ec1 t\u1eeb vi\u1ec7c b\u00e1n h\u00e0ng s\u1ebd tr\u00edch m\u1ed9t ph\u1ea7n \u0111\u1ec3 ch\u0103m lo cho \u0111\u1eddi s\u1ed1ng c\u00e1c b\u1ea1n khuy\u1ebft t\u1eadt v\u00e0 tr\u1ebb m\u1ed3 c\u00f4i \u1edf \u0111\u00e2y","publisher":{"@id":"https:\/\/maison-chance.org\/shop\/#organization"},"potentialAction":[{"@type":"SearchAction","target":{"@type":"EntryPoint","urlTemplate":"https:\/\/maison-chance.org\/shop\/?s={search_term_string}"},"query-input":{"@type":"PropertyValueSpecification","valueRequired":true,"valueName":"search_term_string"}}],"inLanguage":"vi-VN"},{"@type":"Organization","@id":"https:\/\/maison-chance.org\/shop\/#organization","name":"Nh\u00e0 May M\u1eafn - Maison Chance","url":"https:\/\/maison-chance.org\/shop\/","logo":{"@type":"ImageObject","inLanguage":"vi-VN","@id":"https:\/\/maison-chance.org\/shop\/#\/schema\/logo\/image\/","url":"https:\/\/maison-chance.org\/shop\/wp-content\/uploads\/2024\/03\/cropped-Logo_DNXH.png","contentUrl":"https:\/\/maison-chance.org\/shop\/wp-content\/uploads\/2024\/03\/cropped-Logo_DNXH.png","width":512,"height":512,"caption":"Nh\u00e0 May M\u1eafn - Maison Chance"},"image":{"@id":"https:\/\/maison-chance.org\/shop\/#\/schema\/logo\/image\/"},"sameAs":["https:\/\/www.facebook.com\/dnxh.nhamayman\/"]}]},"product_price_amount":"7.00","product_price_currency":"USD","og_availability":"instock","product_availability":"instock","product_condition":"new"},"_links":{"self":[{"href":"https:\/\/maison-chance.org\/shop\/wp-json\/wp\/v2\/product\/37463","targetHints":{"allow":["GET"]}}],"collection":[{"href":"https:\/\/maison-chance.org\/shop\/wp-json\/wp\/v2\/product"}],"about":[{"href":"https:\/\/maison-chance.org\/shop\/wp-json\/wp\/v2\/types\/product"}],"wp:featuredmedia":[{"embeddable":true,"href":"https:\/\/maison-chance.org\/shop\/wp-json\/wp\/v2\/media\/40178"}],"wp:attachment":[{"href":"https:\/\/maison-chance.org\/shop\/wp-json\/wp\/v2\/media?parent=37463"}],"wp:term":[{"taxonomy":"product_brand","embeddable":true,"href":"https:\/\/maison-chance.org\/shop\/wp-json\/wp\/v2\/product_brand?post=37463"},{"taxonomy":"product_cat","embeddable":true,"href":"https:\/\/maison-chance.org\/shop\/wp-json\/wp\/v2\/product_cat?post=37463"},{"taxonomy":"product_tag","embeddable":true,"href":"https:\/\/maison-chance.org\/shop\/wp-json\/wp\/v2\/product_tag?post=37463"}],"curies":[{"name":"wp","href":"https:\/\/api.w.org\/{rel}","templated":true}]}}