{"id":37585,"date":"2024-10-01T07:01:38","date_gmt":"2024-10-01T00:01:38","guid":{"rendered":"https:\/\/maison-chance.org\/shop\/?post_type=product&#038;p=37585"},"modified":"2025-07-18T13:56:25","modified_gmt":"2025-07-18T06:56:25","slug":"con-roi-hinh-con-meo-vai-tho-cam","status":"publish","type":"product","link":"https:\/\/maison-chance.org\/shop\/san-pham\/con-roi-hinh-con-meo-vai-tho-cam","title":{"rendered":"Con m\u00e8o"},"content":{"rendered":"<p><span data-sheets-root=\"1\">Con r\u1ed1i v\u1ea3i th\u1ed5 c\u1ea9m h\u00ecnh con m\u00e8o l\u00e0 phi\u00ean b\u1ea3n \u201cl\u00e9m l\u1ec9nh\u201d trong b\u1ed9 s\u01b0u t\u1eadp r\u1ed1i tay th\u1ee7 c\u00f4ng c\u1ee7a Nh\u00e0 May M\u1eafn. V\u1edbi \u0111\u00f4i m\u1eaft tr\u00f2n, d\u00e1ng tai v\u1ec3nh v\u00e0 khu\u00f4n m\u1eb7t kh\u00f4ng th\u1ec3 kh\u00f4ng m\u1ec9m c\u01b0\u1eddi khi nh\u00ecn v\u00e0o \u2013 ch\u00fa m\u00e8o nh\u1ecf n\u00e0y s\u1eb5n s\u00e0ng g\u00f3p m\u1eb7t trong m\u1ecdi c\u00e2u chuy\u1ec7n, bu\u1ed5i bi\u1ec3u di\u1ec5n, hay tr\u00f2 ch\u01a1i t\u01b0\u1edfng t\u01b0\u1ee3ng c\u00f9ng tr\u1ebb em.<\/p>\n<p>\u0110\u01b0\u1ee3c l\u00e0m ho\u00e0n to\u00e0n b\u1eb1ng tay t\u1eeb ch\u1ea5t li\u1ec7u v\u1ea3i m\u1ec1m v\u00e0 h\u1ecda ti\u1ebft th\u1ed5 c\u1ea9m ng\u1eabu nhi\u00ean, m\u1ed7i ch\u00fa m\u00e8o mang m\u1ed9t c\u00e1 t\u00ednh ri\u00eang \u2013 kh\u00f4ng chi\u1ebfc n\u00e0o gi\u1ed1ng chi\u1ebfc n\u00e0o. Thi\u1ebft k\u1ebf v\u1eeba tay, nh\u1eb9, d\u1ec5 s\u1eed d\u1ee5ng cho c\u1ea3 tr\u1ebb em v\u00e0 ng\u01b0\u1eddi l\u1edbn, an to\u00e0n v\u00e0 th\u00e2n thi\u1ec7n khi ti\u1ebfp x\u00fac.<\/p>\n<p>Kh\u00f4ng ch\u1ec9 l\u00e0 \u0111\u1ed3 ch\u01a1i \u2013 \u0111\u00e2y l\u00e0 m\u1ed9t nh\u00e2n v\u1eadt nh\u1ecf c\u00f3 th\u1ec3 g\u1ee3i m\u1edf tr\u00ed t\u01b0\u1edfng t\u01b0\u1ee3ng, mang \u0111\u1ebfn ni\u1ec1m vui v\u00e0 c\u1ea3m gi\u00e1c g\u1eafn b\u00f3. D\u1ec5 th\u01b0\u01a1ng, d\u1ec5 d\u00f9ng, d\u1ec5\u2026 y\u00eau!<\/p>\n<p>\ud83d\udce9 Gi\u00e1 b\u00e1n t\u1ea1i Vi\u1ec7t Nam c\u00f3 th\u1ec3 kh\u00e1c, vui l\u00f2ng li\u00ean h\u1ec7 \u0111\u1ec3 bi\u1ebft th\u00eam chi ti\u1ebft.<br \/>\nHotline: 0909\u202f06\u202f25\u202f28<br \/>\nFanpage: Doanh Nghi\u1ec7p X\u00e3 H\u1ed9i Nh\u00e0 May M\u1eafn \u2013 Maison Chance<\/span><\/p>\n","protected":false},"excerpt":{"rendered":"<p style=\"text-align: justify;\">S\u1ea3n ph\u1ea9m do c\u00e1c b\u1ea1n khuy\u1ebft t\u1eadt k\u00e9m may m\u1eafn s\u1ea3n xu\u1ea5t th\u1ee7 c\u00f4ng k\u00ednh mong nh\u1eadn \u0111\u01b0\u1ee3c s\u1ef1 \u1ee7ng h\u1ed9 c\u1ee7a Qu\u00fd kh\u00e1ch h\u00e0ng.<\/p>\n<p>Ch\u1ea5t li\u1ec7u : V\u1ea3i th\u1ed5 c\u1ea9m<\/p>\n<p>K\u00edch th\u01b0\u1edbc : 22 x 29<\/p>\n<p>Hotline : <span style=\"font-size: 20px;\"><strong><span style=\"color: #ff0000;\">090 906 2528<\/span><\/strong><\/span><\/p>\n<p style=\"text-align: justify;\">N\u1ebfu b\u1ea1n \u1edf Vi\u1ec7t Nam vui l\u00f2ng li\u00ean h\u1ec7 ch\u00fang t\u00f4i theo s\u1ed1 hotline ho\u1eb7c fanpage doanh nghi\u1ec7p Nh\u00e0 May M\u1eafn ch\u00fang t\u00f4i \u0111\u1ec3 bi\u1ebft gi\u00e1 b\u00e1n t\u1ea1i Vi\u1ec7t Nam.<\/p>\n","protected":false},"featured_media":37586,"template":"","meta":[],"product_brand":[],"product_cat":[139,137],"product_tag":[],"class_list":{"0":"post-37585","1":"product","2":"type-product","3":"status-publish","4":"has-post-thumbnail","6":"product_cat-con-roi-nhoi-bong","7":"product_cat-phong-may","9":"first","10":"instock","11":"shipping-taxable","12":"purchasable","13":"product-type-simple"},"yoast_head":"<!-- This site is optimized with the Yoast SEO Premium plugin v22.7 (Yoast SEO v25.3.1) - https:\/\/yoast.com\/wordpress\/plugins\/seo\/ -->\n<title>Con m\u00e8o - con r\u1ed1i v\u1ea3i th\u1ed5 c\u1ea9m - Nh\u00e0 May M\u1eafn - Maison Chance<\/title>\n<meta name=\"description\" content=\"Con r\u1ed1i v\u1ea3i th\u1ed5 c\u1ea9m h\u00ecnh con m\u00e8o kh\u00f4ng ch\u1ec9 l\u00e0 vi\u1ec7c s\u1edf h\u1eefu m\u1ed9t m\u00f3n \u0111\u1ed3 ch\u01a1i \u0111\u1ed9c \u0111\u00e1o, m\u00e0 c\u00f2n l\u00e0 c\u00e1ch b\u1ea1n g\u00f3p ph\u1ea7n h\u1ed7 tr\u1ee3 cho nh\u1eefng th\u1ee3 may khuy\u1ebft t\u1eadt t\u1ea1i Nh\u00e0 May M\u1eafn\" \/>\n<meta name=\"robots\" content=\"index, follow, max-snippet:-1, max-image-preview:large, max-video-preview:-1\" \/>\n<link rel=\"canonical\" href=\"https:\/\/maison-chance.org\/shop\/san-pham\/con-roi-hinh-con-meo-vai-tho-cam\" \/>\n<meta property=\"og:locale\" content=\"vi_VN\" \/>\n<meta property=\"og:type\" content=\"article\" \/>\n<meta property=\"og:title\" content=\"Con m\u00e8o\" \/>\n<meta property=\"og:description\" content=\"Con r\u1ed1i v\u1ea3i th\u1ed5 c\u1ea9m h\u00ecnh con m\u00e8o kh\u00f4ng ch\u1ec9 l\u00e0 vi\u1ec7c s\u1edf h\u1eefu m\u1ed9t m\u00f3n \u0111\u1ed3 ch\u01a1i \u0111\u1ed9c \u0111\u00e1o, m\u00e0 c\u00f2n l\u00e0 c\u00e1ch b\u1ea1n g\u00f3p ph\u1ea7n h\u1ed7 tr\u1ee3 cho nh\u1eefng th\u1ee3 may khuy\u1ebft t\u1eadt t\u1ea1i Nh\u00e0 May M\u1eafn\" \/>\n<meta property=\"og:url\" content=\"https:\/\/maison-chance.org\/shop\/san-pham\/con-roi-hinh-con-meo-vai-tho-cam\" \/>\n<meta property=\"og:site_name\" content=\"Nh\u00e0 May M\u1eafn - Maison Chance\" \/>\n<meta property=\"article:publisher\" content=\"https:\/\/www.facebook.com\/dnxh.nhamayman\/\" \/>\n<meta property=\"article:modified_time\" content=\"2025-07-18T06:56:25+00:00\" \/>\n<meta property=\"og:image\" content=\"https:\/\/maison-chance.org\/shop\/wp-content\/uploads\/2024\/04\/con-roi-meo-3.jpg\" \/>\n\t<meta property=\"og:image:width\" content=\"600\" \/>\n\t<meta property=\"og:image:height\" content=\"600\" \/>\n\t<meta property=\"og:image:type\" content=\"image\/jpeg\" \/>\n<meta name=\"twitter:card\" content=\"summary_large_image\" \/>\n<meta name=\"twitter:label1\" content=\"Gi\u00e1\" \/>\n\t<meta name=\"twitter:data1\" content=\"4.00&nbsp;&#036;\" \/>\n\t<meta name=\"twitter:label2\" content=\"Availability\" \/>\n\t<meta name=\"twitter:data2\" content=\"In stock\" \/>\n<script type=\"application\/ld+json\" class=\"yoast-schema-graph\">{\"@context\":\"https:\/\/schema.org\",\"@graph\":[{\"@type\":\"WebPage\",\"@id\":\"https:\/\/maison-chance.org\/shop\/san-pham\/con-roi-hinh-con-meo-vai-tho-cam\",\"url\":\"https:\/\/maison-chance.org\/shop\/san-pham\/con-roi-hinh-con-meo-vai-tho-cam\",\"name\":\"Con m\u00e8o - con r\u1ed1i v\u1ea3i th\u1ed5 c\u1ea9m - Nh\u00e0 May M\u1eafn - Maison Chance\",\"isPartOf\":{\"@id\":\"https:\/\/maison-chance.org\/shop\/#website\"},\"primaryImageOfPage\":{\"@id\":\"https:\/\/maison-chance.org\/shop\/san-pham\/con-roi-hinh-con-meo-vai-tho-cam#primaryimage\"},\"image\":{\"@id\":\"https:\/\/maison-chance.org\/shop\/san-pham\/con-roi-hinh-con-meo-vai-tho-cam#primaryimage\"},\"thumbnailUrl\":\"https:\/\/maison-chance.org\/shop\/wp-content\/uploads\/2024\/04\/con-roi-meo-3.jpg\",\"datePublished\":\"2024-10-01T00:01:38+00:00\",\"dateModified\":\"2025-07-18T06:56:25+00:00\",\"description\":\"Con r\u1ed1i v\u1ea3i th\u1ed5 c\u1ea9m h\u00ecnh con m\u00e8o kh\u00f4ng ch\u1ec9 l\u00e0 vi\u1ec7c s\u1edf h\u1eefu m\u1ed9t m\u00f3n \u0111\u1ed3 ch\u01a1i \u0111\u1ed9c \u0111\u00e1o, m\u00e0 c\u00f2n l\u00e0 c\u00e1ch b\u1ea1n g\u00f3p ph\u1ea7n h\u1ed7 tr\u1ee3 cho nh\u1eefng th\u1ee3 may khuy\u1ebft t\u1eadt t\u1ea1i Nh\u00e0 May M\u1eafn\",\"breadcrumb\":{\"@id\":\"https:\/\/maison-chance.org\/shop\/san-pham\/con-roi-hinh-con-meo-vai-tho-cam#breadcrumb\"},\"inLanguage\":\"vi-VN\",\"potentialAction\":[{\"@type\":\"ReadAction\",\"target\":[\"https:\/\/maison-chance.org\/shop\/san-pham\/con-roi-hinh-con-meo-vai-tho-cam\"]}]},{\"@type\":\"ImageObject\",\"inLanguage\":\"vi-VN\",\"@id\":\"https:\/\/maison-chance.org\/shop\/san-pham\/con-roi-hinh-con-meo-vai-tho-cam#primaryimage\",\"url\":\"https:\/\/maison-chance.org\/shop\/wp-content\/uploads\/2024\/04\/con-roi-meo-3.jpg\",\"contentUrl\":\"https:\/\/maison-chance.org\/shop\/wp-content\/uploads\/2024\/04\/con-roi-meo-3.jpg\",\"width\":600,\"height\":600,\"caption\":\"Con r\u1ed1i h\u00ecnh con M\u00e8o v\u1ea3i th\u1ed5 c\u1ea9m\"},{\"@type\":\"BreadcrumbList\",\"@id\":\"https:\/\/maison-chance.org\/shop\/san-pham\/con-roi-hinh-con-meo-vai-tho-cam#breadcrumb\",\"itemListElement\":[{\"@type\":\"ListItem\",\"position\":1,\"name\":\"Trang ch\u1ee7\",\"item\":\"https:\/\/maison-chance.org\/shop\/\"},{\"@type\":\"ListItem\",\"position\":2,\"name\":\"Shop\",\"item\":\"https:\/\/maison-chance.org\/shop\/shop\"},{\"@type\":\"ListItem\",\"position\":3,\"name\":\"Con m\u00e8o\"}]},{\"@type\":\"WebSite\",\"@id\":\"https:\/\/maison-chance.org\/shop\/#website\",\"url\":\"https:\/\/maison-chance.org\/shop\/\",\"name\":\"Nh\u00e0 May M\u1eafn - Maison Chance\",\"description\":\"M\u1ecdi l\u1ee3i nhu\u1eadn thu v\u1ec1 t\u1eeb vi\u1ec7c b\u00e1n h\u00e0ng s\u1ebd tr\u00edch m\u1ed9t ph\u1ea7n \u0111\u1ec3 ch\u0103m lo cho \u0111\u1eddi s\u1ed1ng c\u00e1c b\u1ea1n khuy\u1ebft t\u1eadt v\u00e0 tr\u1ebb m\u1ed3 c\u00f4i \u1edf \u0111\u00e2y\",\"publisher\":{\"@id\":\"https:\/\/maison-chance.org\/shop\/#organization\"},\"potentialAction\":[{\"@type\":\"SearchAction\",\"target\":{\"@type\":\"EntryPoint\",\"urlTemplate\":\"https:\/\/maison-chance.org\/shop\/?s={search_term_string}\"},\"query-input\":{\"@type\":\"PropertyValueSpecification\",\"valueRequired\":true,\"valueName\":\"search_term_string\"}}],\"inLanguage\":\"vi-VN\"},{\"@type\":\"Organization\",\"@id\":\"https:\/\/maison-chance.org\/shop\/#organization\",\"name\":\"Nh\u00e0 May M\u1eafn - Maison Chance\",\"url\":\"https:\/\/maison-chance.org\/shop\/\",\"logo\":{\"@type\":\"ImageObject\",\"inLanguage\":\"vi-VN\",\"@id\":\"https:\/\/maison-chance.org\/shop\/#\/schema\/logo\/image\/\",\"url\":\"https:\/\/maison-chance.org\/shop\/wp-content\/uploads\/2024\/03\/cropped-Logo_DNXH.png\",\"contentUrl\":\"https:\/\/maison-chance.org\/shop\/wp-content\/uploads\/2024\/03\/cropped-Logo_DNXH.png\",\"width\":512,\"height\":512,\"caption\":\"Nh\u00e0 May M\u1eafn - Maison Chance\"},\"image\":{\"@id\":\"https:\/\/maison-chance.org\/shop\/#\/schema\/logo\/image\/\"},\"sameAs\":[\"https:\/\/www.facebook.com\/dnxh.nhamayman\/\"]}]}<\/script>\n<meta property=\"product:price:amount\" content=\"4.00\" \/>\n<meta property=\"product:price:currency\" content=\"USD\" \/>\n<meta property=\"og:availability\" content=\"instock\" \/>\n<meta property=\"product:availability\" content=\"instock\" \/>\n<meta property=\"product:condition\" content=\"new\" \/>\n<!-- \/ Yoast SEO Premium plugin. -->","yoast_head_json":{"title":"Con m\u00e8o - con r\u1ed1i v\u1ea3i th\u1ed5 c\u1ea9m - Nh\u00e0 May M\u1eafn - Maison Chance","description":"Con r\u1ed1i v\u1ea3i th\u1ed5 c\u1ea9m h\u00ecnh con m\u00e8o kh\u00f4ng ch\u1ec9 l\u00e0 vi\u1ec7c s\u1edf h\u1eefu m\u1ed9t m\u00f3n \u0111\u1ed3 ch\u01a1i \u0111\u1ed9c \u0111\u00e1o, m\u00e0 c\u00f2n l\u00e0 c\u00e1ch b\u1ea1n g\u00f3p ph\u1ea7n h\u1ed7 tr\u1ee3 cho nh\u1eefng th\u1ee3 may khuy\u1ebft t\u1eadt t\u1ea1i Nh\u00e0 May M\u1eafn","robots":{"index":"index","follow":"follow","max-snippet":"max-snippet:-1","max-image-preview":"max-image-preview:large","max-video-preview":"max-video-preview:-1"},"canonical":"https:\/\/maison-chance.org\/shop\/san-pham\/con-roi-hinh-con-meo-vai-tho-cam","og_locale":"vi_VN","og_type":"article","og_title":"Con m\u00e8o","og_description":"Con r\u1ed1i v\u1ea3i th\u1ed5 c\u1ea9m h\u00ecnh con m\u00e8o kh\u00f4ng ch\u1ec9 l\u00e0 vi\u1ec7c s\u1edf h\u1eefu m\u1ed9t m\u00f3n \u0111\u1ed3 ch\u01a1i \u0111\u1ed9c \u0111\u00e1o, m\u00e0 c\u00f2n l\u00e0 c\u00e1ch b\u1ea1n g\u00f3p ph\u1ea7n h\u1ed7 tr\u1ee3 cho nh\u1eefng th\u1ee3 may khuy\u1ebft t\u1eadt t\u1ea1i Nh\u00e0 May M\u1eafn","og_url":"https:\/\/maison-chance.org\/shop\/san-pham\/con-roi-hinh-con-meo-vai-tho-cam","og_site_name":"Nh\u00e0 May M\u1eafn - Maison Chance","article_publisher":"https:\/\/www.facebook.com\/dnxh.nhamayman\/","article_modified_time":"2025-07-18T06:56:25+00:00","og_image":[{"width":600,"height":600,"url":"https:\/\/maison-chance.org\/shop\/wp-content\/uploads\/2024\/04\/con-roi-meo-3.jpg","type":"image\/jpeg"}],"twitter_card":"summary_large_image","twitter_misc":{"Gi\u00e1":"4.00&nbsp;&#36;","Availability":"In stock"},"schema":{"@context":"https:\/\/schema.org","@graph":[{"@type":"WebPage","@id":"https:\/\/maison-chance.org\/shop\/san-pham\/con-roi-hinh-con-meo-vai-tho-cam","url":"https:\/\/maison-chance.org\/shop\/san-pham\/con-roi-hinh-con-meo-vai-tho-cam","name":"Con m\u00e8o - con r\u1ed1i v\u1ea3i th\u1ed5 c\u1ea9m - Nh\u00e0 May M\u1eafn - Maison Chance","isPartOf":{"@id":"https:\/\/maison-chance.org\/shop\/#website"},"primaryImageOfPage":{"@id":"https:\/\/maison-chance.org\/shop\/san-pham\/con-roi-hinh-con-meo-vai-tho-cam#primaryimage"},"image":{"@id":"https:\/\/maison-chance.org\/shop\/san-pham\/con-roi-hinh-con-meo-vai-tho-cam#primaryimage"},"thumbnailUrl":"https:\/\/maison-chance.org\/shop\/wp-content\/uploads\/2024\/04\/con-roi-meo-3.jpg","datePublished":"2024-10-01T00:01:38+00:00","dateModified":"2025-07-18T06:56:25+00:00","description":"Con r\u1ed1i v\u1ea3i th\u1ed5 c\u1ea9m h\u00ecnh con m\u00e8o kh\u00f4ng ch\u1ec9 l\u00e0 vi\u1ec7c s\u1edf h\u1eefu m\u1ed9t m\u00f3n \u0111\u1ed3 ch\u01a1i \u0111\u1ed9c \u0111\u00e1o, m\u00e0 c\u00f2n l\u00e0 c\u00e1ch b\u1ea1n g\u00f3p ph\u1ea7n h\u1ed7 tr\u1ee3 cho nh\u1eefng th\u1ee3 may khuy\u1ebft t\u1eadt t\u1ea1i Nh\u00e0 May M\u1eafn","breadcrumb":{"@id":"https:\/\/maison-chance.org\/shop\/san-pham\/con-roi-hinh-con-meo-vai-tho-cam#breadcrumb"},"inLanguage":"vi-VN","potentialAction":[{"@type":"ReadAction","target":["https:\/\/maison-chance.org\/shop\/san-pham\/con-roi-hinh-con-meo-vai-tho-cam"]}]},{"@type":"ImageObject","inLanguage":"vi-VN","@id":"https:\/\/maison-chance.org\/shop\/san-pham\/con-roi-hinh-con-meo-vai-tho-cam#primaryimage","url":"https:\/\/maison-chance.org\/shop\/wp-content\/uploads\/2024\/04\/con-roi-meo-3.jpg","contentUrl":"https:\/\/maison-chance.org\/shop\/wp-content\/uploads\/2024\/04\/con-roi-meo-3.jpg","width":600,"height":600,"caption":"Con r\u1ed1i h\u00ecnh con M\u00e8o v\u1ea3i th\u1ed5 c\u1ea9m"},{"@type":"BreadcrumbList","@id":"https:\/\/maison-chance.org\/shop\/san-pham\/con-roi-hinh-con-meo-vai-tho-cam#breadcrumb","itemListElement":[{"@type":"ListItem","position":1,"name":"Trang ch\u1ee7","item":"https:\/\/maison-chance.org\/shop\/"},{"@type":"ListItem","position":2,"name":"Shop","item":"https:\/\/maison-chance.org\/shop\/shop"},{"@type":"ListItem","position":3,"name":"Con m\u00e8o"}]},{"@type":"WebSite","@id":"https:\/\/maison-chance.org\/shop\/#website","url":"https:\/\/maison-chance.org\/shop\/","name":"Nh\u00e0 May M\u1eafn - Maison Chance","description":"M\u1ecdi l\u1ee3i nhu\u1eadn thu v\u1ec1 t\u1eeb vi\u1ec7c b\u00e1n h\u00e0ng s\u1ebd tr\u00edch m\u1ed9t ph\u1ea7n \u0111\u1ec3 ch\u0103m lo cho \u0111\u1eddi s\u1ed1ng c\u00e1c b\u1ea1n khuy\u1ebft t\u1eadt v\u00e0 tr\u1ebb m\u1ed3 c\u00f4i \u1edf \u0111\u00e2y","publisher":{"@id":"https:\/\/maison-chance.org\/shop\/#organization"},"potentialAction":[{"@type":"SearchAction","target":{"@type":"EntryPoint","urlTemplate":"https:\/\/maison-chance.org\/shop\/?s={search_term_string}"},"query-input":{"@type":"PropertyValueSpecification","valueRequired":true,"valueName":"search_term_string"}}],"inLanguage":"vi-VN"},{"@type":"Organization","@id":"https:\/\/maison-chance.org\/shop\/#organization","name":"Nh\u00e0 May M\u1eafn - Maison Chance","url":"https:\/\/maison-chance.org\/shop\/","logo":{"@type":"ImageObject","inLanguage":"vi-VN","@id":"https:\/\/maison-chance.org\/shop\/#\/schema\/logo\/image\/","url":"https:\/\/maison-chance.org\/shop\/wp-content\/uploads\/2024\/03\/cropped-Logo_DNXH.png","contentUrl":"https:\/\/maison-chance.org\/shop\/wp-content\/uploads\/2024\/03\/cropped-Logo_DNXH.png","width":512,"height":512,"caption":"Nh\u00e0 May M\u1eafn - Maison Chance"},"image":{"@id":"https:\/\/maison-chance.org\/shop\/#\/schema\/logo\/image\/"},"sameAs":["https:\/\/www.facebook.com\/dnxh.nhamayman\/"]}]},"product_price_amount":"4.00","product_price_currency":"USD","og_availability":"instock","product_availability":"instock","product_condition":"new"},"_links":{"self":[{"href":"https:\/\/maison-chance.org\/shop\/wp-json\/wp\/v2\/product\/37585","targetHints":{"allow":["GET"]}}],"collection":[{"href":"https:\/\/maison-chance.org\/shop\/wp-json\/wp\/v2\/product"}],"about":[{"href":"https:\/\/maison-chance.org\/shop\/wp-json\/wp\/v2\/types\/product"}],"wp:featuredmedia":[{"embeddable":true,"href":"https:\/\/maison-chance.org\/shop\/wp-json\/wp\/v2\/media\/37586"}],"wp:attachment":[{"href":"https:\/\/maison-chance.org\/shop\/wp-json\/wp\/v2\/media?parent=37585"}],"wp:term":[{"taxonomy":"product_brand","embeddable":true,"href":"https:\/\/maison-chance.org\/shop\/wp-json\/wp\/v2\/product_brand?post=37585"},{"taxonomy":"product_cat","embeddable":true,"href":"https:\/\/maison-chance.org\/shop\/wp-json\/wp\/v2\/product_cat?post=37585"},{"taxonomy":"product_tag","embeddable":true,"href":"https:\/\/maison-chance.org\/shop\/wp-json\/wp\/v2\/product_tag?post=37585"}],"curies":[{"name":"wp","href":"https:\/\/api.w.org\/{rel}","templated":true}]}}