{"id":38000,"date":"2024-11-21T10:00:50","date_gmt":"2024-11-21T03:00:50","guid":{"rendered":"https:\/\/maison-chance.org\/shop\/?post_type=product&#038;p=38000"},"modified":"2024-11-21T14:25:44","modified_gmt":"2024-11-21T07:25:44","slug":"kem-dau","status":"publish","type":"product","link":"https:\/\/maison-chance.org\/shop\/san-pham\/kem-dau","title":{"rendered":"Kem d\u00e2u"},"content":{"rendered":"<p style=\"text-align: justify;\"><a href=\"https:\/\/maison-chance.org\/shop\/san-pham\/kem-dau\">Kem d\u00e2u t\u00e2y<\/a> Nh\u00e0 May M\u1eafn l\u00e0 m\u1ed9t trong nh\u1eefng s\u1ea3n ph\u1ea9m \u0111\u1eb7c bi\u1ec7t c\u1ee7a th\u01b0\u01a1ng hi\u1ec7u n\u1ed5i b\u1eadt v\u1edbi s\u1ef1 tinh t\u1ebf trong vi\u1ec7c l\u1ef1a ch\u1ecdn nguy\u00ean li\u1ec7u v\u00e0 quy tr\u00ecnh ch\u1ebf bi\u1ebfn. Mang \u0111\u1ebfn m\u1ed9t h\u01b0\u01a1ng v\u1ecb ng\u1ecdt ng\u00e0o, thanh m\u00e1t, kem d\u00e2u t\u00e2y n\u00e0y h\u1ee9a h\u1eb9n s\u1ebd l\u00e0 m\u00f3n tr\u00e1ng mi\u1ec7ng l\u00fd t\u01b0\u1edfng cho m\u1ecdi gia \u0111\u00ecnh. Kh\u00f4ng ch\u1ec9 th\u01a1m ngon m\u00e0 s\u1ea3n ph\u1ea9m c\u00f2n th\u1ec3 hi\u1ec7n s\u1ef1 t\u00e2m huy\u1ebft trong t\u1eebng c\u00f4ng \u0111o\u1ea1n ch\u1ebf bi\u1ebfn, \u0111em l\u1ea1i s\u1ef1 h\u00e0i l\u00f2ng cho m\u1ecdi th\u1ef1c kh\u00e1ch.<\/p>\n<p style=\"text-align: justify;\">Kem t\u01b0\u01a1i Nh\u00e0 May M\u1eafn \u0111\u01b0\u1ee3c ch\u1ebf bi\u1ebfn t\u1eeb nh\u1eefng nguy\u00ean li\u1ec7u t\u01b0\u01a1i ngon v\u00e0 ch\u1ea5t l\u01b0\u1ee3ng cao, bao g\u1ed3m whipping cream, s\u1eefa t\u01b0\u01a1i kh\u00f4ng \u0111\u01b0\u1eddng, base san marco, integra latte, v\u00e0 d\u00e2u t\u01b0\u01a1i. S\u1ef1 k\u1ebft h\u1ee3p ho\u00e0n h\u1ea3o c\u1ee7a nh\u1eefng nguy\u00ean li\u1ec7u n\u00e0y kh\u00f4ng ch\u1ec9 gi\u00fap kem c\u00f3 \u0111\u01b0\u1ee3c \u0111\u1ed9 m\u1ecbn m\u00e0ng, b\u00e9o ng\u1eady m\u00e0 c\u00f2n t\u1ea1o n\u00ean h\u01b0\u01a1ng v\u1ecb ng\u1ecdt thanh t\u1ef1 nhi\u00ean t\u1eeb d\u00e2u t\u01b0\u01a1i, mang \u0111\u1ebfn m\u1ed9t tr\u1ea3i nghi\u1ec7m \u0111\u1ea7y \u0111\u1ee7 c\u1ea3m x\u00fac cho m\u1ecdi gi\u00e1c quan.<\/p>\n<p style=\"text-align: justify;\">Khi th\u01b0\u1edfng th\u1ee9c, b\u1ea1n s\u1ebd c\u1ea3m nh\u1eadn ngay \u0111\u01b0\u1ee3c s\u1ef1 h\u00f2a quy\u1ec7n gi\u1eefa \u0111\u1ed9 b\u00e9o nh\u1eb9 c\u1ee7a whipping cream v\u00e0 v\u1ecb t\u01b0\u01a1i m\u00e1t t\u1eeb d\u00e2u t\u01b0\u01a1i. Kem kh\u00f4ng qu\u00e1 ng\u1ecdt m\u00e0 mang l\u1ea1i m\u1ed9t s\u1ef1 thanh nh\u1eb9, t\u1ef1 nhi\u00ean, d\u1ec5 \u0103n m\u00e0 kh\u00f4ng g\u00e2y ng\u00e1n. Th\u00e0nh ph\u1ea7n s\u1eefa t\u01b0\u01a1i kh\u00f4ng \u0111\u01b0\u1eddng gi\u00fap l\u00e0m d\u1ecbu \u0111i s\u1ef1 b\u00e9o ng\u1eady, t\u1ea1o ra m\u1ed9t s\u1ef1 c\u00e2n b\u1eb1ng ho\u00e0n h\u1ea3o gi\u1eefa v\u1ecb ng\u1ecdt c\u1ee7a tr\u00e1i c\u00e2y v\u00e0 v\u1ecb b\u00e9o c\u1ee7a kem. \u0110\u1eb7c bi\u1ec7t, khi \u0103n kem, b\u1ea1n s\u1ebd c\u1ea3m th\u1ea5y \u0111\u01b0\u1ee3c \u0111\u1ed9 m\u1ecbn m\u00e0ng, kh\u00f4ng b\u1ecb c\u1ee9ng \u0111\u00e1 nh\u01b0 c\u00e1c lo\u1ea1i kem th\u00f4ng th\u01b0\u1eddng, m\u00e0 l\u00e0 m\u1ed9t s\u1ef1 tan ch\u1ea3y ngay l\u1eadp t\u1ee9c trong mi\u1ec7ng.<\/p>\n<p style=\"text-align: justify;\">V\u1edbi ngu\u1ed3n nguy\u00ean li\u1ec7u \u0111\u01b0\u1ee3c ch\u1ecdn l\u1ecdc k\u1ef9 c\u00e0ng, \u0111\u1eb7c bi\u1ec7t l\u00e0 d\u00e2u t\u01b0\u01a1i, <a href=\"https:\/\/maison-chance.org\/shop\/kem-tuoi\">kem t\u01b0\u01a1i<\/a> d\u00e2u t\u00e2y Nh\u00e0 May M\u1eafn kh\u00f4ng ch\u1ec9 \u0111\u1ea3m b\u1ea3o ch\u1ea5t l\u01b0\u1ee3ng m\u00e0 c\u00f2n gi\u1eef nguy\u00ean \u0111\u01b0\u1ee3c h\u01b0\u01a1ng v\u1ecb t\u1ef1 nhi\u00ean c\u1ee7a tr\u00e1i c\u00e2y. D\u00e2u t\u01b0\u01a1i kh\u00f4ng ch\u1ec9 mang \u0111\u1ebfn m\u00e0u s\u1eafc h\u1ed3ng nh\u1ea1t d\u1ec5 nh\u00ecn m\u00e0 c\u00f2n ch\u1ee9a nhi\u1ec1u vitamin, mang l\u1ea1i l\u1ee3i \u00edch s\u1ee9c kh\u1ecfe cho ng\u01b0\u1eddi s\u1eed d\u1ee5ng. \u0110i\u1ec1u n\u00e0y kh\u00f4ng ch\u1ec9 gi\u00fap kem th\u00eam ph\u1ea7n h\u1ea5p d\u1eabn m\u00e0 c\u00f2n l\u00e0 m\u1ed9t l\u1ef1a ch\u1ecdn ho\u00e0n h\u1ea3o cho nh\u1eefng ai y\u00eau th\u00edch c\u00e1c m\u00f3n tr\u00e1ng mi\u1ec7ng th\u01a1m ngon nh\u01b0ng v\u1eabn \u0111\u1ea3m b\u1ea3o dinh d\u01b0\u1ee1ng.<\/p>\n<p style=\"text-align: justify;\">V\u1edbi m\u1ed7i h\u1ed9p kem, b\u1ea1n s\u1ebd \u0111\u01b0\u1ee3c th\u01b0\u1edfng th\u1ee9c m\u1ed9t m\u00f3n \u0103n v\u1eeba ngon, v\u1eeba b\u1ed5 d\u01b0\u1ee1ng, c\u00f3 th\u1ec3 d\u00f9ng trong nh\u1eefng bu\u1ed5i t\u1ee5 t\u1eadp b\u1ea1n b\u00e8, gia \u0111\u00ecnh hay l\u00e0m m\u00f3n tr\u00e1ng mi\u1ec7ng sau b\u1eefa \u0103n. S\u1ea3n ph\u1ea9m kh\u00f4ng ch\u1ee9a \u0111\u01b0\u1eddng h\u00f3a h\u1ecdc, gi\u00fap gi\u1ea3m b\u1edbt c\u1ea3m gi\u00e1c ng\u1ecdt g\u1eaft, mang l\u1ea1i s\u1ef1 d\u1ec5 ch\u1ecbu khi th\u01b0\u1edfng th\u1ee9c.<\/p>\n<p style=\"text-align: justify;\">\u0110\u01b0\u1ee3c nhi\u1ec1u th\u1ef1c kh\u00e1ch y\u00eau th\u00edch, Kem D\u00e2u T\u00e2y Nh\u00e0 May M\u1eafn kh\u00f4ng ch\u1ec9 ngon m\u00e0 c\u00f2n d\u1ec5 d\u00e0ng l\u00e0m h\u00e0i l\u00f2ng ngay c\u1ea3 nh\u1eefng kh\u00e1ch h\u00e0ng kh\u00f3 t\u00ednh nh\u1ea5t. H\u1ecd s\u1ebd c\u1ea3m nh\u1eadn \u0111\u01b0\u1ee3c s\u1ef1 kh\u00e1c bi\u1ec7t trong t\u1eebng mu\u1ed7ng kem v\u1edbi v\u1ecb ng\u1ecdt d\u1ecbu t\u1eeb d\u00e2u t\u01b0\u01a1i, k\u1ebft h\u1ee3p v\u1edbi \u0111\u1ed9 m\u1ec1m m\u1ecbn ho\u00e0n h\u1ea3o c\u1ee7a kem. \u0110\u00e2y l\u00e0 m\u1ed9t m\u00f3n tr\u00e1ng mi\u1ec7ng kh\u00f4ng th\u1ec3 thi\u1ebfu cho nh\u1eefng ai y\u00eau th\u00edch s\u1ef1 nh\u1eb9 nh\u00e0ng v\u00e0 thanh tho\u00e1t.<\/p>\n<p style=\"text-align: justify;\">Kem d\u00e2u t\u00e2y <a href=\"https:\/\/maison-chance.org\/shop\">Nh\u00e0 May M\u1eafn<\/a> kh\u00f4ng ch\u1ec9 l\u00e0 m\u1ed9t m\u00f3n \u0103n ngon m\u00e0 c\u00f2n mang l\u1ea1i c\u01a1 h\u1ed9i gi\u00fap \u0111\u1ee1 c\u1ed9ng \u0111\u1ed3ng. Khi mua s\u1ea3n ph\u1ea9m, b\u1ea1n kh\u00f4ng ch\u1ec9 th\u01b0\u1edfng th\u1ee9c nh\u1eefng chi\u1ebfc kem ch\u1ea5t l\u01b0\u1ee3ng m\u00e0 c\u00f2n \u0111\u00f3ng g\u00f3p v\u00e0o c\u00f4ng cu\u1ed9c h\u1ed7 tr\u1ee3 nh\u1eefng ng\u01b0\u1eddi khuy\u1ebft t\u1eadt v\u00e0 nh\u1eefng b\u1ea1n tr\u1ebb c\u00f3 ho\u00e0n c\u1ea3nh kh\u00f3 kh\u0103n. M\u1ed7i h\u1ed9p kem l\u00e0 m\u1ed9t ph\u1ea7n \u0111\u00f3ng g\u00f3p v\u00e0o s\u1ef1 ph\u00e1t tri\u1ec3n c\u1ee7a c\u1ed9ng \u0111\u1ed3ng, gi\u00fap h\u1ecd c\u00f3 c\u01a1 h\u1ed9i v\u01b0\u01a1n l\u00ean trong cu\u1ed9c s\u1ed1ng.<\/p>\n","protected":false},"excerpt":{"rendered":"<p style=\"text-align: justify;\">S\u1ea3n ph\u1ea9m kem t\u01b0\u01a1i \u0111\u01b0\u1ee3c l\u00e0m t\u1eeb c\u00e1c b\u1ea1n tr\u1ebb m\u1ed3 c\u00f4i hi\u1ec7n \u0111ang \u0111\u01b0\u1ee3c Nh\u00e0 May M\u1eafn \u2013 Maison Chance nu\u00f4i d\u01b0\u1ee1ng. K\u00ednh mong nh\u1eadn \u0111\u01b0\u1ee3c s\u1ef1 \u1ee7ng h\u1ed9 c\u1ee7a Qu\u00fd kh\u00e1ch!<\/p>\n<p style=\"text-align: justify;\">H\u1ed9p nh\u1ecf 300gr:\u00a0<span style=\"font-size: 115%;color: #ed1c24\"><strong>79.000 vn\u0111<\/strong><\/span><\/p>\n<p style=\"text-align: justify;\">H\u1ed9p l\u1edbn 500gr:\u00a0<span style=\"font-size: 115%;color: #ed1c24\"><strong>99.000 vn\u0111<\/strong><\/span><\/p>\n<p style=\"text-align: justify;\">Hotline :\u00a0<span style=\"font-size: 115%;color: #ed1c24\"><strong>090 906 2528<\/strong><\/span><\/p>\n","protected":false},"featured_media":38005,"template":"","meta":[],"product_brand":[],"product_cat":[156,150],"product_tag":[],"class_list":{"0":"post-38000","1":"product","2":"type-product","3":"status-publish","4":"has-post-thumbnail","6":"product_cat-kem-tuoi","7":"product_cat-phong-banh","9":"first","10":"instock","11":"shipping-taxable","12":"product-type-simple"},"yoast_head":"<!-- This site is optimized with the Yoast SEO Premium plugin v22.7 (Yoast SEO v25.3.1) - https:\/\/yoast.com\/wordpress\/plugins\/seo\/ -->\n<title>Kem d\u00e2u - Nh\u00e0 May M\u1eafn - Maison Chance<\/title>\n<meta name=\"description\" content=\"Kem d\u00e2u t\u00e2y Nh\u00e0 May M\u1eafn l\u00e0 m\u1ed9t trong nh\u1eefng s\u1ea3n ph\u1ea9m \u0111\u1eb7c bi\u1ec7t c\u1ee7a th\u01b0\u01a1ng hi\u1ec7u n\u1ed5i b\u1eadt v\u1edbi s\u1ef1 tinh t\u1ebf trong vi\u1ec7c l\u1ef1a ch\u1ecdn nguy\u00ean li\u1ec7u v\u00e0 quy tr\u00ecnh ch\u1ebf bi\u1ebfn.\" \/>\n<meta name=\"robots\" content=\"index, follow, max-snippet:-1, max-image-preview:large, max-video-preview:-1\" \/>\n<link rel=\"canonical\" href=\"https:\/\/maison-chance.org\/shop\/san-pham\/kem-dau\" \/>\n<meta property=\"og:locale\" content=\"vi_VN\" \/>\n<meta property=\"og:type\" content=\"article\" \/>\n<meta property=\"og:title\" content=\"Kem d\u00e2u\" \/>\n<meta property=\"og:description\" content=\"Kem d\u00e2u t\u00e2y Nh\u00e0 May M\u1eafn l\u00e0 m\u1ed9t trong nh\u1eefng s\u1ea3n ph\u1ea9m \u0111\u1eb7c bi\u1ec7t c\u1ee7a th\u01b0\u01a1ng hi\u1ec7u n\u1ed5i b\u1eadt v\u1edbi s\u1ef1 tinh t\u1ebf trong vi\u1ec7c l\u1ef1a ch\u1ecdn nguy\u00ean li\u1ec7u v\u00e0 quy tr\u00ecnh ch\u1ebf bi\u1ebfn.\" \/>\n<meta property=\"og:url\" content=\"https:\/\/maison-chance.org\/shop\/san-pham\/kem-dau\" \/>\n<meta property=\"og:site_name\" content=\"Nh\u00e0 May M\u1eafn - Maison Chance\" \/>\n<meta property=\"article:publisher\" content=\"https:\/\/www.facebook.com\/dnxh.nhamayman\/\" \/>\n<meta property=\"article:modified_time\" content=\"2024-11-21T07:25:44+00:00\" \/>\n<meta property=\"og:image\" content=\"https:\/\/maison-chance.org\/shop\/wp-content\/uploads\/2024\/04\/kem-dau-1.jpg\" \/>\n\t<meta property=\"og:image:width\" content=\"1000\" \/>\n\t<meta property=\"og:image:height\" content=\"1000\" \/>\n\t<meta property=\"og:image:type\" content=\"image\/jpeg\" \/>\n<meta name=\"twitter:card\" content=\"summary_large_image\" \/>\n<meta name=\"twitter:label1\" content=\"Gi\u00e1\" \/>\n\t<meta name=\"twitter:data1\" content=\"\" \/>\n\t<meta name=\"twitter:label2\" content=\"Availability\" \/>\n\t<meta name=\"twitter:data2\" content=\"In stock\" \/>\n<script type=\"application\/ld+json\" class=\"yoast-schema-graph\">{\"@context\":\"https:\/\/schema.org\",\"@graph\":[{\"@type\":\"WebPage\",\"@id\":\"https:\/\/maison-chance.org\/shop\/san-pham\/kem-dau\",\"url\":\"https:\/\/maison-chance.org\/shop\/san-pham\/kem-dau\",\"name\":\"Kem d\u00e2u - Nh\u00e0 May M\u1eafn - Maison Chance\",\"isPartOf\":{\"@id\":\"https:\/\/maison-chance.org\/shop\/#website\"},\"primaryImageOfPage\":{\"@id\":\"https:\/\/maison-chance.org\/shop\/san-pham\/kem-dau#primaryimage\"},\"image\":{\"@id\":\"https:\/\/maison-chance.org\/shop\/san-pham\/kem-dau#primaryimage\"},\"thumbnailUrl\":\"https:\/\/maison-chance.org\/shop\/wp-content\/uploads\/2024\/04\/kem-dau-1.jpg\",\"datePublished\":\"2024-11-21T03:00:50+00:00\",\"dateModified\":\"2024-11-21T07:25:44+00:00\",\"description\":\"Kem d\u00e2u t\u00e2y Nh\u00e0 May M\u1eafn l\u00e0 m\u1ed9t trong nh\u1eefng s\u1ea3n ph\u1ea9m \u0111\u1eb7c bi\u1ec7t c\u1ee7a th\u01b0\u01a1ng hi\u1ec7u n\u1ed5i b\u1eadt v\u1edbi s\u1ef1 tinh t\u1ebf trong vi\u1ec7c l\u1ef1a ch\u1ecdn nguy\u00ean li\u1ec7u v\u00e0 quy tr\u00ecnh ch\u1ebf bi\u1ebfn.\",\"breadcrumb\":{\"@id\":\"https:\/\/maison-chance.org\/shop\/san-pham\/kem-dau#breadcrumb\"},\"inLanguage\":\"vi-VN\",\"potentialAction\":[{\"@type\":\"ReadAction\",\"target\":[\"https:\/\/maison-chance.org\/shop\/san-pham\/kem-dau\"]}]},{\"@type\":\"ImageObject\",\"inLanguage\":\"vi-VN\",\"@id\":\"https:\/\/maison-chance.org\/shop\/san-pham\/kem-dau#primaryimage\",\"url\":\"https:\/\/maison-chance.org\/shop\/wp-content\/uploads\/2024\/04\/kem-dau-1.jpg\",\"contentUrl\":\"https:\/\/maison-chance.org\/shop\/wp-content\/uploads\/2024\/04\/kem-dau-1.jpg\",\"width\":1000,\"height\":1000,\"caption\":\"Kem D\u00e2u\"},{\"@type\":\"BreadcrumbList\",\"@id\":\"https:\/\/maison-chance.org\/shop\/san-pham\/kem-dau#breadcrumb\",\"itemListElement\":[{\"@type\":\"ListItem\",\"position\":1,\"name\":\"Trang ch\u1ee7\",\"item\":\"https:\/\/maison-chance.org\/shop\/\"},{\"@type\":\"ListItem\",\"position\":2,\"name\":\"Shop\",\"item\":\"https:\/\/maison-chance.org\/shop\/shop\"},{\"@type\":\"ListItem\",\"position\":3,\"name\":\"Kem d\u00e2u\"}]},{\"@type\":\"WebSite\",\"@id\":\"https:\/\/maison-chance.org\/shop\/#website\",\"url\":\"https:\/\/maison-chance.org\/shop\/\",\"name\":\"Nh\u00e0 May M\u1eafn - Maison Chance\",\"description\":\"M\u1ecdi l\u1ee3i nhu\u1eadn thu v\u1ec1 t\u1eeb vi\u1ec7c b\u00e1n h\u00e0ng s\u1ebd tr\u00edch m\u1ed9t ph\u1ea7n \u0111\u1ec3 ch\u0103m lo cho \u0111\u1eddi s\u1ed1ng c\u00e1c b\u1ea1n khuy\u1ebft t\u1eadt v\u00e0 tr\u1ebb m\u1ed3 c\u00f4i \u1edf \u0111\u00e2y\",\"publisher\":{\"@id\":\"https:\/\/maison-chance.org\/shop\/#organization\"},\"potentialAction\":[{\"@type\":\"SearchAction\",\"target\":{\"@type\":\"EntryPoint\",\"urlTemplate\":\"https:\/\/maison-chance.org\/shop\/?s={search_term_string}\"},\"query-input\":{\"@type\":\"PropertyValueSpecification\",\"valueRequired\":true,\"valueName\":\"search_term_string\"}}],\"inLanguage\":\"vi-VN\"},{\"@type\":\"Organization\",\"@id\":\"https:\/\/maison-chance.org\/shop\/#organization\",\"name\":\"Nh\u00e0 May M\u1eafn - Maison Chance\",\"url\":\"https:\/\/maison-chance.org\/shop\/\",\"logo\":{\"@type\":\"ImageObject\",\"inLanguage\":\"vi-VN\",\"@id\":\"https:\/\/maison-chance.org\/shop\/#\/schema\/logo\/image\/\",\"url\":\"https:\/\/maison-chance.org\/shop\/wp-content\/uploads\/2024\/03\/cropped-Logo_DNXH.png\",\"contentUrl\":\"https:\/\/maison-chance.org\/shop\/wp-content\/uploads\/2024\/03\/cropped-Logo_DNXH.png\",\"width\":512,\"height\":512,\"caption\":\"Nh\u00e0 May M\u1eafn - Maison Chance\"},\"image\":{\"@id\":\"https:\/\/maison-chance.org\/shop\/#\/schema\/logo\/image\/\"},\"sameAs\":[\"https:\/\/www.facebook.com\/dnxh.nhamayman\/\"]}]}<\/script>\n<meta property=\"product:price:amount\" content=\"0.00\" \/>\n<meta property=\"product:price:currency\" content=\"USD\" \/>\n<meta property=\"og:availability\" content=\"instock\" \/>\n<meta property=\"product:availability\" content=\"instock\" \/>\n<meta property=\"product:condition\" content=\"new\" \/>\n<!-- \/ Yoast SEO Premium plugin. -->","yoast_head_json":{"title":"Kem d\u00e2u - Nh\u00e0 May M\u1eafn - Maison Chance","description":"Kem d\u00e2u t\u00e2y Nh\u00e0 May M\u1eafn l\u00e0 m\u1ed9t trong nh\u1eefng s\u1ea3n ph\u1ea9m \u0111\u1eb7c bi\u1ec7t c\u1ee7a th\u01b0\u01a1ng hi\u1ec7u n\u1ed5i b\u1eadt v\u1edbi s\u1ef1 tinh t\u1ebf trong vi\u1ec7c l\u1ef1a ch\u1ecdn nguy\u00ean li\u1ec7u v\u00e0 quy tr\u00ecnh ch\u1ebf bi\u1ebfn.","robots":{"index":"index","follow":"follow","max-snippet":"max-snippet:-1","max-image-preview":"max-image-preview:large","max-video-preview":"max-video-preview:-1"},"canonical":"https:\/\/maison-chance.org\/shop\/san-pham\/kem-dau","og_locale":"vi_VN","og_type":"article","og_title":"Kem d\u00e2u","og_description":"Kem d\u00e2u t\u00e2y Nh\u00e0 May M\u1eafn l\u00e0 m\u1ed9t trong nh\u1eefng s\u1ea3n ph\u1ea9m \u0111\u1eb7c bi\u1ec7t c\u1ee7a th\u01b0\u01a1ng hi\u1ec7u n\u1ed5i b\u1eadt v\u1edbi s\u1ef1 tinh t\u1ebf trong vi\u1ec7c l\u1ef1a ch\u1ecdn nguy\u00ean li\u1ec7u v\u00e0 quy tr\u00ecnh ch\u1ebf bi\u1ebfn.","og_url":"https:\/\/maison-chance.org\/shop\/san-pham\/kem-dau","og_site_name":"Nh\u00e0 May M\u1eafn - Maison Chance","article_publisher":"https:\/\/www.facebook.com\/dnxh.nhamayman\/","article_modified_time":"2024-11-21T07:25:44+00:00","og_image":[{"width":1000,"height":1000,"url":"https:\/\/maison-chance.org\/shop\/wp-content\/uploads\/2024\/04\/kem-dau-1.jpg","type":"image\/jpeg"}],"twitter_card":"summary_large_image","twitter_misc":{"Gi\u00e1":"","Availability":"In stock"},"schema":{"@context":"https:\/\/schema.org","@graph":[{"@type":"WebPage","@id":"https:\/\/maison-chance.org\/shop\/san-pham\/kem-dau","url":"https:\/\/maison-chance.org\/shop\/san-pham\/kem-dau","name":"Kem d\u00e2u - Nh\u00e0 May M\u1eafn - Maison Chance","isPartOf":{"@id":"https:\/\/maison-chance.org\/shop\/#website"},"primaryImageOfPage":{"@id":"https:\/\/maison-chance.org\/shop\/san-pham\/kem-dau#primaryimage"},"image":{"@id":"https:\/\/maison-chance.org\/shop\/san-pham\/kem-dau#primaryimage"},"thumbnailUrl":"https:\/\/maison-chance.org\/shop\/wp-content\/uploads\/2024\/04\/kem-dau-1.jpg","datePublished":"2024-11-21T03:00:50+00:00","dateModified":"2024-11-21T07:25:44+00:00","description":"Kem d\u00e2u t\u00e2y Nh\u00e0 May M\u1eafn l\u00e0 m\u1ed9t trong nh\u1eefng s\u1ea3n ph\u1ea9m \u0111\u1eb7c bi\u1ec7t c\u1ee7a th\u01b0\u01a1ng hi\u1ec7u n\u1ed5i b\u1eadt v\u1edbi s\u1ef1 tinh t\u1ebf trong vi\u1ec7c l\u1ef1a ch\u1ecdn nguy\u00ean li\u1ec7u v\u00e0 quy tr\u00ecnh ch\u1ebf bi\u1ebfn.","breadcrumb":{"@id":"https:\/\/maison-chance.org\/shop\/san-pham\/kem-dau#breadcrumb"},"inLanguage":"vi-VN","potentialAction":[{"@type":"ReadAction","target":["https:\/\/maison-chance.org\/shop\/san-pham\/kem-dau"]}]},{"@type":"ImageObject","inLanguage":"vi-VN","@id":"https:\/\/maison-chance.org\/shop\/san-pham\/kem-dau#primaryimage","url":"https:\/\/maison-chance.org\/shop\/wp-content\/uploads\/2024\/04\/kem-dau-1.jpg","contentUrl":"https:\/\/maison-chance.org\/shop\/wp-content\/uploads\/2024\/04\/kem-dau-1.jpg","width":1000,"height":1000,"caption":"Kem D\u00e2u"},{"@type":"BreadcrumbList","@id":"https:\/\/maison-chance.org\/shop\/san-pham\/kem-dau#breadcrumb","itemListElement":[{"@type":"ListItem","position":1,"name":"Trang ch\u1ee7","item":"https:\/\/maison-chance.org\/shop\/"},{"@type":"ListItem","position":2,"name":"Shop","item":"https:\/\/maison-chance.org\/shop\/shop"},{"@type":"ListItem","position":3,"name":"Kem d\u00e2u"}]},{"@type":"WebSite","@id":"https:\/\/maison-chance.org\/shop\/#website","url":"https:\/\/maison-chance.org\/shop\/","name":"Nh\u00e0 May M\u1eafn - Maison Chance","description":"M\u1ecdi l\u1ee3i nhu\u1eadn thu v\u1ec1 t\u1eeb vi\u1ec7c b\u00e1n h\u00e0ng s\u1ebd tr\u00edch m\u1ed9t ph\u1ea7n \u0111\u1ec3 ch\u0103m lo cho \u0111\u1eddi s\u1ed1ng c\u00e1c b\u1ea1n khuy\u1ebft t\u1eadt v\u00e0 tr\u1ebb m\u1ed3 c\u00f4i \u1edf \u0111\u00e2y","publisher":{"@id":"https:\/\/maison-chance.org\/shop\/#organization"},"potentialAction":[{"@type":"SearchAction","target":{"@type":"EntryPoint","urlTemplate":"https:\/\/maison-chance.org\/shop\/?s={search_term_string}"},"query-input":{"@type":"PropertyValueSpecification","valueRequired":true,"valueName":"search_term_string"}}],"inLanguage":"vi-VN"},{"@type":"Organization","@id":"https:\/\/maison-chance.org\/shop\/#organization","name":"Nh\u00e0 May M\u1eafn - Maison Chance","url":"https:\/\/maison-chance.org\/shop\/","logo":{"@type":"ImageObject","inLanguage":"vi-VN","@id":"https:\/\/maison-chance.org\/shop\/#\/schema\/logo\/image\/","url":"https:\/\/maison-chance.org\/shop\/wp-content\/uploads\/2024\/03\/cropped-Logo_DNXH.png","contentUrl":"https:\/\/maison-chance.org\/shop\/wp-content\/uploads\/2024\/03\/cropped-Logo_DNXH.png","width":512,"height":512,"caption":"Nh\u00e0 May M\u1eafn - Maison Chance"},"image":{"@id":"https:\/\/maison-chance.org\/shop\/#\/schema\/logo\/image\/"},"sameAs":["https:\/\/www.facebook.com\/dnxh.nhamayman\/"]}]},"product_price_amount":"0.00","product_price_currency":"USD","og_availability":"instock","product_availability":"instock","product_condition":"new"},"_links":{"self":[{"href":"https:\/\/maison-chance.org\/shop\/wp-json\/wp\/v2\/product\/38000","targetHints":{"allow":["GET"]}}],"collection":[{"href":"https:\/\/maison-chance.org\/shop\/wp-json\/wp\/v2\/product"}],"about":[{"href":"https:\/\/maison-chance.org\/shop\/wp-json\/wp\/v2\/types\/product"}],"wp:featuredmedia":[{"embeddable":true,"href":"https:\/\/maison-chance.org\/shop\/wp-json\/wp\/v2\/media\/38005"}],"wp:attachment":[{"href":"https:\/\/maison-chance.org\/shop\/wp-json\/wp\/v2\/media?parent=38000"}],"wp:term":[{"taxonomy":"product_brand","embeddable":true,"href":"https:\/\/maison-chance.org\/shop\/wp-json\/wp\/v2\/product_brand?post=38000"},{"taxonomy":"product_cat","embeddable":true,"href":"https:\/\/maison-chance.org\/shop\/wp-json\/wp\/v2\/product_cat?post=38000"},{"taxonomy":"product_tag","embeddable":true,"href":"https:\/\/maison-chance.org\/shop\/wp-json\/wp\/v2\/product_tag?post=38000"}],"curies":[{"name":"wp","href":"https:\/\/api.w.org\/{rel}","templated":true}]}}