{"id":38148,"date":"2024-11-21T09:00:44","date_gmt":"2024-11-21T02:00:44","guid":{"rendered":"https:\/\/maison-chance.org\/shop\/?post_type=product&#038;p=38148"},"modified":"2024-11-21T14:15:06","modified_gmt":"2024-11-21T07:15:06","slug":"kem-dua","status":"publish","type":"product","link":"https:\/\/maison-chance.org\/shop\/san-pham\/kem-dua","title":{"rendered":"Kem D\u1eeba"},"content":{"rendered":"<p style=\"text-align: justify;\">B\u1ea1n \u0111ang t\u00ecm ki\u1ebfm m\u1ed9t m\u00f3n tr\u00e1ng mi\u1ec7ng \u0111\u1ed9c \u0111\u00e1o, v\u1eeba thanh m\u00e1t l\u1ea1i v\u1eeba b\u1ed5 d\u01b0\u1ee1ng? <a href=\"https:\/\/maison-chance.org\/shop\/san-pham\/kem-dua\">Kem d\u1eeba<\/a> Nh\u00e0 May M\u1eafn ch\u00ednh l\u00e0 c\u00e2u tr\u1ea3 l\u1eddi ho\u00e0n h\u1ea3o. S\u1ea3n ph\u1ea9m kh\u00f4ng ch\u1ec9 chinh ph\u1ee5c th\u1ef1c kh\u00e1ch b\u1edfi h\u01b0\u01a1ng v\u1ecb tinh t\u1ebf m\u00e0 c\u00f2n b\u1edfi ch\u1ea5t l\u01b0\u1ee3ng v\u01b0\u1ee3t tr\u1ed9i t\u1eeb nh\u1eefng nguy\u00ean li\u1ec7u t\u1ef1 nhi\u00ean \u0111\u01b0\u1ee3c tuy\u1ec3n ch\u1ecdn k\u1ef9 l\u01b0\u1ee1ng.<\/p>\n<p style=\"text-align: justify;\">M\u1ed7i h\u1ed9p kem d\u1eeba l\u00e0 k\u1ebft tinh c\u1ee7a qu\u00e1 tr\u00ecnh nghi\u00ean c\u1ee9u v\u00e0 ho\u00e0n thi\u1ec7n c\u00f4ng th\u1ee9c \u0111\u1ed9c quy\u1ec1n. S\u1ef1 k\u1ebft h\u1ee3p tinh t\u1ebf gi\u1eefa whipping cream th\u01b0\u1ee3ng h\u1ea1ng v\u00e0 s\u1eefa t\u01b0\u01a1i kh\u00f4ng \u0111\u01b0\u1eddng t\u1ea1o n\u00ean m\u1ed9t n\u1ec1n kem m\u01b0\u1ee3t m\u00e0 \u0111\u1ebfn t\u1eebng chi ti\u1ebft. Base san marco v\u00e0 interga latte nh\u1eadp kh\u1ea9u \u0111\u1ea3m b\u1ea3o \u0111\u1ed9 \u1ed5n \u0111\u1ecbnh ho\u00e0n h\u1ea3o, trong khi d\u1eeba t\u01b0\u01a1i tuy\u1ec3n ch\u1ecdn mang \u0111\u1ebfn h\u01b0\u01a1ng v\u1ecb \u0111\u1eb7c tr\u01b0ng kh\u00f4ng th\u1ec3 nh\u1ea7m l\u1eabn.<\/p>\n<p style=\"text-align: justify;\">Ngay t\u1eeb \u00e1nh nh\u00ecn \u0111\u1ea7u ti\u00ean, m\u00e0u tr\u1eafng tinh khi\u1ebft c\u1ee7a kem \u0111\u00e3 g\u1ee3i l\u00ean s\u1ef1 thu\u1ea7n khi\u1ebft t\u1ef1 nhi\u00ean. Khi \u0111\u01b0a v\u00e0o mi\u1ec7ng, b\u1ea1n s\u1ebd c\u1ea3m nh\u1eadn \u0111\u01b0\u1ee3c:<\/p>\n<p style=\"text-align: justify;\">K\u1ebft c\u1ea5u m\u1ecbn m\u00e0ng nh\u01b0 nhung<\/p>\n<p style=\"text-align: justify;\">V\u1ecb b\u00e9o ng\u1eady h\u00e0i h\u00f2a<\/p>\n<p style=\"text-align: justify;\">H\u01b0\u01a1ng d\u1eeba t\u1ef1 nhi\u00ean quy\u1ebfn r\u0169<\/p>\n<p style=\"text-align: justify;\">\u0110\u1ed9 ng\u1ecdt v\u1eeba ph\u1ea3i, d\u1ec5 ch\u1ecbu<\/p>\n<p style=\"text-align: justify;\">S\u1ea3n ph\u1ea9m \u0111\u01b0\u1ee3c gi\u1edbi thi\u1ec7u trong hai phi\u00ean b\u1ea3n:<\/p>\n<p style=\"text-align: justify;\">H\u1ed9p 300gr: L\u1ef1a ch\u1ecdn l\u00fd t\u01b0\u1edfng cho gia \u0111\u00ecnh nh\u1ecf<\/p>\n<p style=\"text-align: justify;\">H\u1ed9p 500gr: Ph\u00f9 h\u1ee3p cho nh\u1eefng d\u1ecbp \u0111\u1eb7c bi\u1ec7t<\/p>\n<p style=\"text-align: justify;\">H\u1ed9p \u0111\u1ef1ng trong su\u1ed1t cao c\u1ea5p kh\u00f4ng ch\u1ec9 b\u1ea3o qu\u1ea3n t\u1ed1t s\u1ea3n ph\u1ea9m m\u00e0 c\u00f2n th\u1ec3 hi\u1ec7n s\u1ef1 t\u1ef1 tin v\u1ec1 ch\u1ea5t l\u01b0\u1ee3ng. Nh\u00e3n m\u00e1c v\u1edbi h\u00ecnh \u1ea3nh d\u1eeba t\u01b0\u01a1i v\u00e0 l\u00e1 d\u1eeba xanh m\u00e1t t\u1ea1o \u1ea5n t\u01b0\u1ee3ng v\u1ec1 s\u1ef1 t\u1ef1 nhi\u00ean, thu\u1ea7n khi\u1ebft.<\/p>\n<p style=\"text-align: justify;\"><a href=\"https:\/\/maison-chance.org\/shop\/kem-tuoi\">Kem t\u01b0\u01a1i<\/a> Nh\u00e0 May M\u1eafn kh\u00f4ng ch\u1ec9 ngon khi th\u01b0\u1edfng th\u1ee9c tr\u1ef1c ti\u1ebfp m\u00e0 c\u00f2n l\u00e0 nguy\u00ean li\u1ec7u ho\u00e0n h\u1ea3o cho nhi\u1ec1u m\u00f3n tr\u00e1ng mi\u1ec7ng s\u00e1ng t\u1ea1o:<\/p>\n<p style=\"text-align: justify;\">Trang tr\u00ed b\u00e1nh kem \u0111\u1eb9p m\u1eaft<\/p>\n<p style=\"text-align: justify;\">K\u1ebft h\u1ee3p v\u1edbi c\u00e1c lo\u1ea1i tr\u00e1i c\u00e2y nhi\u1ec7t \u0111\u1edbi<\/p>\n<p style=\"text-align: justify;\">L\u00e0m \u0111i\u1ec3m nh\u1ea5n cho b\u1eefa ti\u1ec7c<\/p>\n<p style=\"text-align: justify;\">T\u1ea1o n\u00ean nh\u1eefng ly sinh t\u1ed1 m\u00e1t l\u1ea1nh<\/p>\n<p style=\"text-align: justify;\">\u0110\u1ec3 kem m\u1ec1m \u1edf nhi\u1ec7t \u0111\u1ed9 ph\u00f2ng 3-5 ph\u00fat tr\u01b0\u1edbc khi d\u00f9ng<\/p>\n<p style=\"text-align: justify;\">\u0110\u1eady k\u00edn n\u1eafp sau m\u1ed7i l\u1ea7n s\u1eed d\u1ee5ng<\/p>\n<p style=\"text-align: justify;\">Tr\u00e1nh \u0111\u1ec3 kem tan ch\u1ea3y v\u00e0 \u0111\u00f4ng \u0111\u00e1 l\u1ea1i nhi\u1ec1u l\u1ea7n<\/p>\n<p>\u0110\u1eebng b\u1ecf l\u1ee1 c\u01a1 h\u1ed9i th\u01b0\u1edfng th\u1ee9c m\u00f3n kem d\u1eeba tuy\u1ec7t h\u1ea3o n\u00e0y. H\u00e3y \u0111\u1eb7t h\u00e0ng ngay \u0111\u1ec3 c\u1ea3m nh\u1eadn h\u01b0\u01a1ng v\u1ecb tinh t\u00fay t\u1eeb thi\u00ean nhi\u00ean c\u1ee7a kem t\u01b0\u01a1i <a href=\"https:\/\/maison-chance.org\/shop\">Nh\u00e0 May M\u1eafn<\/a>.<\/p>\n","protected":false},"excerpt":{"rendered":"<p style=\"text-align: justify;\">S\u1ea3n ph\u1ea9m kem t\u01b0\u01a1i \u0111\u01b0\u1ee3c l\u00e0m t\u1eeb c\u00e1c b\u1ea1n tr\u1ebb m\u1ed3 c\u00f4i hi\u1ec7n \u0111ang \u0111\u01b0\u1ee3c Nh\u00e0 May M\u1eafn \u2013 Maison Chance nu\u00f4i d\u01b0\u1ee1ng. K\u00ednh mong nh\u1eadn \u0111\u01b0\u1ee3c s\u1ef1 \u1ee7ng h\u1ed9 c\u1ee7a Qu\u00fd kh\u00e1ch!<\/p>\n<p style=\"text-align: justify;\">H\u1ed9p nh\u1ecf 300gr:\u00a0<span style=\"font-size: 115%;color: #ed1c24\"><strong>79.000 vn\u0111<\/strong><\/span><\/p>\n<p style=\"text-align: justify;\">H\u1ed9p l\u1edbn 500gr:\u00a0<span style=\"font-size: 115%;color: #ed1c24\"><strong>99.000 vn\u0111<\/strong><\/span><\/p>\n<p style=\"text-align: justify;\">Hotline :\u00a0<span style=\"font-size: 115%;color: #ed1c24\"><strong>090 906 2528<\/strong><\/span><\/p>\n","protected":false},"featured_media":38149,"template":"","meta":[],"product_brand":[],"product_cat":[156,150],"product_tag":[],"class_list":{"0":"post-38148","1":"product","2":"type-product","3":"status-publish","4":"has-post-thumbnail","6":"product_cat-kem-tuoi","7":"product_cat-phong-banh","9":"first","10":"instock","11":"shipping-taxable","12":"product-type-simple"},"yoast_head":"<!-- This site is optimized with the Yoast SEO Premium plugin v22.7 (Yoast SEO v25.3.1) - https:\/\/yoast.com\/wordpress\/plugins\/seo\/ -->\n<title>Kem D\u1eeba - Nh\u00e0 May M\u1eafn - Maison Chance<\/title>\n<meta name=\"description\" content=\"B\u1ea1n \u0111ang t\u00ecm ki\u1ebfm m\u1ed9t m\u00f3n tr\u00e1ng mi\u1ec7ng \u0111\u1ed9c \u0111\u00e1o, v\u1eeba thanh m\u00e1t l\u1ea1i v\u1eeba b\u1ed5 d\u01b0\u1ee1ng? Kem d\u1eeba Nh\u00e0 May M\u1eafn ch\u00ednh l\u00e0 c\u00e2u tr\u1ea3 l\u1eddi ho\u00e0n h\u1ea3o. S\u1ea3n ph\u1ea9m kh\u00f4ng ch\u1ec9 chinh ph\u1ee5c th\u1ef1c kh\u00e1ch b\u1edfi h\u01b0\u01a1ng v\u1ecb tinh t\u1ebf m\u00e0 c\u00f2n b\u1edfi ch\u1ea5t l\u01b0\u1ee3ng v\u01b0\u1ee3t tr\u1ed9i t\u1eeb nh\u1eefng nguy\u00ean li\u1ec7u t\u1ef1 nhi\u00ean \u0111\u01b0\u1ee3c tuy\u1ec3n ch\u1ecdn k\u1ef9 l\u01b0\u1ee1ng.\" \/>\n<meta name=\"robots\" content=\"index, follow, max-snippet:-1, max-image-preview:large, max-video-preview:-1\" \/>\n<link rel=\"canonical\" href=\"https:\/\/maison-chance.org\/shop\/san-pham\/kem-dua\" \/>\n<meta property=\"og:locale\" content=\"vi_VN\" \/>\n<meta property=\"og:type\" content=\"article\" \/>\n<meta property=\"og:title\" content=\"Kem D\u1eeba\" \/>\n<meta property=\"og:description\" content=\"B\u1ea1n \u0111ang t\u00ecm ki\u1ebfm m\u1ed9t m\u00f3n tr\u00e1ng mi\u1ec7ng \u0111\u1ed9c \u0111\u00e1o, v\u1eeba thanh m\u00e1t l\u1ea1i v\u1eeba b\u1ed5 d\u01b0\u1ee1ng? Kem d\u1eeba Nh\u00e0 May M\u1eafn ch\u00ednh l\u00e0 c\u00e2u tr\u1ea3 l\u1eddi ho\u00e0n h\u1ea3o. S\u1ea3n ph\u1ea9m kh\u00f4ng ch\u1ec9 chinh ph\u1ee5c th\u1ef1c kh\u00e1ch b\u1edfi h\u01b0\u01a1ng v\u1ecb tinh t\u1ebf m\u00e0 c\u00f2n b\u1edfi ch\u1ea5t l\u01b0\u1ee3ng v\u01b0\u1ee3t tr\u1ed9i t\u1eeb nh\u1eefng nguy\u00ean li\u1ec7u t\u1ef1 nhi\u00ean \u0111\u01b0\u1ee3c tuy\u1ec3n ch\u1ecdn k\u1ef9 l\u01b0\u1ee1ng.\" \/>\n<meta property=\"og:url\" content=\"https:\/\/maison-chance.org\/shop\/san-pham\/kem-dua\" \/>\n<meta property=\"og:site_name\" content=\"Nh\u00e0 May M\u1eafn - Maison Chance\" \/>\n<meta property=\"article:publisher\" content=\"https:\/\/www.facebook.com\/dnxh.nhamayman\/\" \/>\n<meta property=\"article:modified_time\" content=\"2024-11-21T07:15:06+00:00\" \/>\n<meta property=\"og:image\" content=\"https:\/\/maison-chance.org\/shop\/wp-content\/uploads\/2024\/04\/kem-dua.jpg\" \/>\n\t<meta property=\"og:image:width\" content=\"1000\" \/>\n\t<meta property=\"og:image:height\" content=\"1000\" \/>\n\t<meta property=\"og:image:type\" content=\"image\/jpeg\" \/>\n<meta name=\"twitter:card\" content=\"summary_large_image\" \/>\n<meta name=\"twitter:label1\" content=\"Gi\u00e1\" \/>\n\t<meta name=\"twitter:data1\" content=\"\" \/>\n\t<meta name=\"twitter:label2\" content=\"Availability\" \/>\n\t<meta name=\"twitter:data2\" content=\"In stock\" \/>\n<script type=\"application\/ld+json\" class=\"yoast-schema-graph\">{\"@context\":\"https:\/\/schema.org\",\"@graph\":[{\"@type\":\"WebPage\",\"@id\":\"https:\/\/maison-chance.org\/shop\/san-pham\/kem-dua\",\"url\":\"https:\/\/maison-chance.org\/shop\/san-pham\/kem-dua\",\"name\":\"Kem D\u1eeba - Nh\u00e0 May M\u1eafn - Maison Chance\",\"isPartOf\":{\"@id\":\"https:\/\/maison-chance.org\/shop\/#website\"},\"primaryImageOfPage\":{\"@id\":\"https:\/\/maison-chance.org\/shop\/san-pham\/kem-dua#primaryimage\"},\"image\":{\"@id\":\"https:\/\/maison-chance.org\/shop\/san-pham\/kem-dua#primaryimage\"},\"thumbnailUrl\":\"https:\/\/maison-chance.org\/shop\/wp-content\/uploads\/2024\/04\/kem-dua.jpg\",\"datePublished\":\"2024-11-21T02:00:44+00:00\",\"dateModified\":\"2024-11-21T07:15:06+00:00\",\"description\":\"B\u1ea1n \u0111ang t\u00ecm ki\u1ebfm m\u1ed9t m\u00f3n tr\u00e1ng mi\u1ec7ng \u0111\u1ed9c \u0111\u00e1o, v\u1eeba thanh m\u00e1t l\u1ea1i v\u1eeba b\u1ed5 d\u01b0\u1ee1ng? Kem d\u1eeba Nh\u00e0 May M\u1eafn ch\u00ednh l\u00e0 c\u00e2u tr\u1ea3 l\u1eddi ho\u00e0n h\u1ea3o. S\u1ea3n ph\u1ea9m kh\u00f4ng ch\u1ec9 chinh ph\u1ee5c th\u1ef1c kh\u00e1ch b\u1edfi h\u01b0\u01a1ng v\u1ecb tinh t\u1ebf m\u00e0 c\u00f2n b\u1edfi ch\u1ea5t l\u01b0\u1ee3ng v\u01b0\u1ee3t tr\u1ed9i t\u1eeb nh\u1eefng nguy\u00ean li\u1ec7u t\u1ef1 nhi\u00ean \u0111\u01b0\u1ee3c tuy\u1ec3n ch\u1ecdn k\u1ef9 l\u01b0\u1ee1ng.\",\"breadcrumb\":{\"@id\":\"https:\/\/maison-chance.org\/shop\/san-pham\/kem-dua#breadcrumb\"},\"inLanguage\":\"vi-VN\",\"potentialAction\":[{\"@type\":\"ReadAction\",\"target\":[\"https:\/\/maison-chance.org\/shop\/san-pham\/kem-dua\"]}]},{\"@type\":\"ImageObject\",\"inLanguage\":\"vi-VN\",\"@id\":\"https:\/\/maison-chance.org\/shop\/san-pham\/kem-dua#primaryimage\",\"url\":\"https:\/\/maison-chance.org\/shop\/wp-content\/uploads\/2024\/04\/kem-dua.jpg\",\"contentUrl\":\"https:\/\/maison-chance.org\/shop\/wp-content\/uploads\/2024\/04\/kem-dua.jpg\",\"width\":1000,\"height\":1000,\"caption\":\"Kem D\u1eeba\"},{\"@type\":\"BreadcrumbList\",\"@id\":\"https:\/\/maison-chance.org\/shop\/san-pham\/kem-dua#breadcrumb\",\"itemListElement\":[{\"@type\":\"ListItem\",\"position\":1,\"name\":\"Trang ch\u1ee7\",\"item\":\"https:\/\/maison-chance.org\/shop\/\"},{\"@type\":\"ListItem\",\"position\":2,\"name\":\"Shop\",\"item\":\"https:\/\/maison-chance.org\/shop\/shop\"},{\"@type\":\"ListItem\",\"position\":3,\"name\":\"Kem D\u1eeba\"}]},{\"@type\":\"WebSite\",\"@id\":\"https:\/\/maison-chance.org\/shop\/#website\",\"url\":\"https:\/\/maison-chance.org\/shop\/\",\"name\":\"Nh\u00e0 May M\u1eafn - Maison Chance\",\"description\":\"M\u1ecdi l\u1ee3i nhu\u1eadn thu v\u1ec1 t\u1eeb vi\u1ec7c b\u00e1n h\u00e0ng s\u1ebd tr\u00edch m\u1ed9t ph\u1ea7n \u0111\u1ec3 ch\u0103m lo cho \u0111\u1eddi s\u1ed1ng c\u00e1c b\u1ea1n khuy\u1ebft t\u1eadt v\u00e0 tr\u1ebb m\u1ed3 c\u00f4i \u1edf \u0111\u00e2y\",\"publisher\":{\"@id\":\"https:\/\/maison-chance.org\/shop\/#organization\"},\"potentialAction\":[{\"@type\":\"SearchAction\",\"target\":{\"@type\":\"EntryPoint\",\"urlTemplate\":\"https:\/\/maison-chance.org\/shop\/?s={search_term_string}\"},\"query-input\":{\"@type\":\"PropertyValueSpecification\",\"valueRequired\":true,\"valueName\":\"search_term_string\"}}],\"inLanguage\":\"vi-VN\"},{\"@type\":\"Organization\",\"@id\":\"https:\/\/maison-chance.org\/shop\/#organization\",\"name\":\"Nh\u00e0 May M\u1eafn - Maison Chance\",\"url\":\"https:\/\/maison-chance.org\/shop\/\",\"logo\":{\"@type\":\"ImageObject\",\"inLanguage\":\"vi-VN\",\"@id\":\"https:\/\/maison-chance.org\/shop\/#\/schema\/logo\/image\/\",\"url\":\"https:\/\/maison-chance.org\/shop\/wp-content\/uploads\/2024\/03\/cropped-Logo_DNXH.png\",\"contentUrl\":\"https:\/\/maison-chance.org\/shop\/wp-content\/uploads\/2024\/03\/cropped-Logo_DNXH.png\",\"width\":512,\"height\":512,\"caption\":\"Nh\u00e0 May M\u1eafn - Maison Chance\"},\"image\":{\"@id\":\"https:\/\/maison-chance.org\/shop\/#\/schema\/logo\/image\/\"},\"sameAs\":[\"https:\/\/www.facebook.com\/dnxh.nhamayman\/\"]}]}<\/script>\n<meta property=\"product:price:amount\" content=\"0.00\" \/>\n<meta property=\"product:price:currency\" content=\"USD\" \/>\n<meta property=\"og:availability\" content=\"instock\" \/>\n<meta property=\"product:availability\" content=\"instock\" \/>\n<meta property=\"product:condition\" content=\"new\" \/>\n<!-- \/ Yoast SEO Premium plugin. -->","yoast_head_json":{"title":"Kem D\u1eeba - Nh\u00e0 May M\u1eafn - Maison Chance","description":"B\u1ea1n \u0111ang t\u00ecm ki\u1ebfm m\u1ed9t m\u00f3n tr\u00e1ng mi\u1ec7ng \u0111\u1ed9c \u0111\u00e1o, v\u1eeba thanh m\u00e1t l\u1ea1i v\u1eeba b\u1ed5 d\u01b0\u1ee1ng? Kem d\u1eeba Nh\u00e0 May M\u1eafn ch\u00ednh l\u00e0 c\u00e2u tr\u1ea3 l\u1eddi ho\u00e0n h\u1ea3o. S\u1ea3n ph\u1ea9m kh\u00f4ng ch\u1ec9 chinh ph\u1ee5c th\u1ef1c kh\u00e1ch b\u1edfi h\u01b0\u01a1ng v\u1ecb tinh t\u1ebf m\u00e0 c\u00f2n b\u1edfi ch\u1ea5t l\u01b0\u1ee3ng v\u01b0\u1ee3t tr\u1ed9i t\u1eeb nh\u1eefng nguy\u00ean li\u1ec7u t\u1ef1 nhi\u00ean \u0111\u01b0\u1ee3c tuy\u1ec3n ch\u1ecdn k\u1ef9 l\u01b0\u1ee1ng.","robots":{"index":"index","follow":"follow","max-snippet":"max-snippet:-1","max-image-preview":"max-image-preview:large","max-video-preview":"max-video-preview:-1"},"canonical":"https:\/\/maison-chance.org\/shop\/san-pham\/kem-dua","og_locale":"vi_VN","og_type":"article","og_title":"Kem D\u1eeba","og_description":"B\u1ea1n \u0111ang t\u00ecm ki\u1ebfm m\u1ed9t m\u00f3n tr\u00e1ng mi\u1ec7ng \u0111\u1ed9c \u0111\u00e1o, v\u1eeba thanh m\u00e1t l\u1ea1i v\u1eeba b\u1ed5 d\u01b0\u1ee1ng? Kem d\u1eeba Nh\u00e0 May M\u1eafn ch\u00ednh l\u00e0 c\u00e2u tr\u1ea3 l\u1eddi ho\u00e0n h\u1ea3o. S\u1ea3n ph\u1ea9m kh\u00f4ng ch\u1ec9 chinh ph\u1ee5c th\u1ef1c kh\u00e1ch b\u1edfi h\u01b0\u01a1ng v\u1ecb tinh t\u1ebf m\u00e0 c\u00f2n b\u1edfi ch\u1ea5t l\u01b0\u1ee3ng v\u01b0\u1ee3t tr\u1ed9i t\u1eeb nh\u1eefng nguy\u00ean li\u1ec7u t\u1ef1 nhi\u00ean \u0111\u01b0\u1ee3c tuy\u1ec3n ch\u1ecdn k\u1ef9 l\u01b0\u1ee1ng.","og_url":"https:\/\/maison-chance.org\/shop\/san-pham\/kem-dua","og_site_name":"Nh\u00e0 May M\u1eafn - Maison Chance","article_publisher":"https:\/\/www.facebook.com\/dnxh.nhamayman\/","article_modified_time":"2024-11-21T07:15:06+00:00","og_image":[{"width":1000,"height":1000,"url":"https:\/\/maison-chance.org\/shop\/wp-content\/uploads\/2024\/04\/kem-dua.jpg","type":"image\/jpeg"}],"twitter_card":"summary_large_image","twitter_misc":{"Gi\u00e1":"","Availability":"In stock"},"schema":{"@context":"https:\/\/schema.org","@graph":[{"@type":"WebPage","@id":"https:\/\/maison-chance.org\/shop\/san-pham\/kem-dua","url":"https:\/\/maison-chance.org\/shop\/san-pham\/kem-dua","name":"Kem D\u1eeba - Nh\u00e0 May M\u1eafn - Maison Chance","isPartOf":{"@id":"https:\/\/maison-chance.org\/shop\/#website"},"primaryImageOfPage":{"@id":"https:\/\/maison-chance.org\/shop\/san-pham\/kem-dua#primaryimage"},"image":{"@id":"https:\/\/maison-chance.org\/shop\/san-pham\/kem-dua#primaryimage"},"thumbnailUrl":"https:\/\/maison-chance.org\/shop\/wp-content\/uploads\/2024\/04\/kem-dua.jpg","datePublished":"2024-11-21T02:00:44+00:00","dateModified":"2024-11-21T07:15:06+00:00","description":"B\u1ea1n \u0111ang t\u00ecm ki\u1ebfm m\u1ed9t m\u00f3n tr\u00e1ng mi\u1ec7ng \u0111\u1ed9c \u0111\u00e1o, v\u1eeba thanh m\u00e1t l\u1ea1i v\u1eeba b\u1ed5 d\u01b0\u1ee1ng? Kem d\u1eeba Nh\u00e0 May M\u1eafn ch\u00ednh l\u00e0 c\u00e2u tr\u1ea3 l\u1eddi ho\u00e0n h\u1ea3o. S\u1ea3n ph\u1ea9m kh\u00f4ng ch\u1ec9 chinh ph\u1ee5c th\u1ef1c kh\u00e1ch b\u1edfi h\u01b0\u01a1ng v\u1ecb tinh t\u1ebf m\u00e0 c\u00f2n b\u1edfi ch\u1ea5t l\u01b0\u1ee3ng v\u01b0\u1ee3t tr\u1ed9i t\u1eeb nh\u1eefng nguy\u00ean li\u1ec7u t\u1ef1 nhi\u00ean \u0111\u01b0\u1ee3c tuy\u1ec3n ch\u1ecdn k\u1ef9 l\u01b0\u1ee1ng.","breadcrumb":{"@id":"https:\/\/maison-chance.org\/shop\/san-pham\/kem-dua#breadcrumb"},"inLanguage":"vi-VN","potentialAction":[{"@type":"ReadAction","target":["https:\/\/maison-chance.org\/shop\/san-pham\/kem-dua"]}]},{"@type":"ImageObject","inLanguage":"vi-VN","@id":"https:\/\/maison-chance.org\/shop\/san-pham\/kem-dua#primaryimage","url":"https:\/\/maison-chance.org\/shop\/wp-content\/uploads\/2024\/04\/kem-dua.jpg","contentUrl":"https:\/\/maison-chance.org\/shop\/wp-content\/uploads\/2024\/04\/kem-dua.jpg","width":1000,"height":1000,"caption":"Kem D\u1eeba"},{"@type":"BreadcrumbList","@id":"https:\/\/maison-chance.org\/shop\/san-pham\/kem-dua#breadcrumb","itemListElement":[{"@type":"ListItem","position":1,"name":"Trang ch\u1ee7","item":"https:\/\/maison-chance.org\/shop\/"},{"@type":"ListItem","position":2,"name":"Shop","item":"https:\/\/maison-chance.org\/shop\/shop"},{"@type":"ListItem","position":3,"name":"Kem D\u1eeba"}]},{"@type":"WebSite","@id":"https:\/\/maison-chance.org\/shop\/#website","url":"https:\/\/maison-chance.org\/shop\/","name":"Nh\u00e0 May M\u1eafn - Maison Chance","description":"M\u1ecdi l\u1ee3i nhu\u1eadn thu v\u1ec1 t\u1eeb vi\u1ec7c b\u00e1n h\u00e0ng s\u1ebd tr\u00edch m\u1ed9t ph\u1ea7n \u0111\u1ec3 ch\u0103m lo cho \u0111\u1eddi s\u1ed1ng c\u00e1c b\u1ea1n khuy\u1ebft t\u1eadt v\u00e0 tr\u1ebb m\u1ed3 c\u00f4i \u1edf \u0111\u00e2y","publisher":{"@id":"https:\/\/maison-chance.org\/shop\/#organization"},"potentialAction":[{"@type":"SearchAction","target":{"@type":"EntryPoint","urlTemplate":"https:\/\/maison-chance.org\/shop\/?s={search_term_string}"},"query-input":{"@type":"PropertyValueSpecification","valueRequired":true,"valueName":"search_term_string"}}],"inLanguage":"vi-VN"},{"@type":"Organization","@id":"https:\/\/maison-chance.org\/shop\/#organization","name":"Nh\u00e0 May M\u1eafn - Maison Chance","url":"https:\/\/maison-chance.org\/shop\/","logo":{"@type":"ImageObject","inLanguage":"vi-VN","@id":"https:\/\/maison-chance.org\/shop\/#\/schema\/logo\/image\/","url":"https:\/\/maison-chance.org\/shop\/wp-content\/uploads\/2024\/03\/cropped-Logo_DNXH.png","contentUrl":"https:\/\/maison-chance.org\/shop\/wp-content\/uploads\/2024\/03\/cropped-Logo_DNXH.png","width":512,"height":512,"caption":"Nh\u00e0 May M\u1eafn - Maison Chance"},"image":{"@id":"https:\/\/maison-chance.org\/shop\/#\/schema\/logo\/image\/"},"sameAs":["https:\/\/www.facebook.com\/dnxh.nhamayman\/"]}]},"product_price_amount":"0.00","product_price_currency":"USD","og_availability":"instock","product_availability":"instock","product_condition":"new"},"_links":{"self":[{"href":"https:\/\/maison-chance.org\/shop\/wp-json\/wp\/v2\/product\/38148","targetHints":{"allow":["GET"]}}],"collection":[{"href":"https:\/\/maison-chance.org\/shop\/wp-json\/wp\/v2\/product"}],"about":[{"href":"https:\/\/maison-chance.org\/shop\/wp-json\/wp\/v2\/types\/product"}],"wp:featuredmedia":[{"embeddable":true,"href":"https:\/\/maison-chance.org\/shop\/wp-json\/wp\/v2\/media\/38149"}],"wp:attachment":[{"href":"https:\/\/maison-chance.org\/shop\/wp-json\/wp\/v2\/media?parent=38148"}],"wp:term":[{"taxonomy":"product_brand","embeddable":true,"href":"https:\/\/maison-chance.org\/shop\/wp-json\/wp\/v2\/product_brand?post=38148"},{"taxonomy":"product_cat","embeddable":true,"href":"https:\/\/maison-chance.org\/shop\/wp-json\/wp\/v2\/product_cat?post=38148"},{"taxonomy":"product_tag","embeddable":true,"href":"https:\/\/maison-chance.org\/shop\/wp-json\/wp\/v2\/product_tag?post=38148"}],"curies":[{"name":"wp","href":"https:\/\/api.w.org\/{rel}","templated":true}]}}