{"id":38158,"date":"2024-11-21T08:00:28","date_gmt":"2024-11-21T01:00:28","guid":{"rendered":"https:\/\/maison-chance.org\/shop\/?post_type=product&#038;p=38158"},"modified":"2024-11-21T11:22:01","modified_gmt":"2024-11-21T04:22:01","slug":"kem-sau-rieng","status":"publish","type":"product","link":"https:\/\/maison-chance.org\/shop\/san-pham\/kem-sau-rieng","title":{"rendered":"Kem s\u1ea7u ri\u00eang"},"content":{"rendered":"<p><a href=\"https:\/\/maison-chance.org\/shop\/san-pham\/kem-sau-rieng\">Kem s\u1ea7u ri\u00eang<\/a> Nh\u00e0 May M\u1eafn n\u1ed5i b\u1eadt nh\u01b0 m\u1ed9t l\u00e0n gi\u00f3 m\u1edbi v\u1edbi h\u01b0\u01a1ng v\u1ecb \u0111\u1ed9c \u0111\u00e1o v\u00e0 ch\u1ea5t l\u01b0\u1ee3ng v\u01b0\u1ee3t tr\u1ed9i. S\u1ea3n ph\u1ea9m \u0111\u01b0\u1ee3c ch\u1ebf bi\u1ebfn th\u1ee7 c\u00f4ng, t\u1ec9 m\u1ec9 t\u1eeb nh\u1eefng nguy\u00ean li\u1ec7u t\u01b0\u01a1i ngon nh\u1ea5t, mang \u0111\u1ebfn tr\u1ea3i nghi\u1ec7m \u1ea9m th\u1ef1c tinh t\u1ebf cho nh\u1eefng ng\u01b0\u1eddi y\u00eau th\u00edch m\u00f3n tr\u00e1ng mi\u1ec7ng. S\u1ef1 k\u1ebft h\u1ee3p ho\u00e0n h\u1ea3o gi\u1eefa whipping cream b\u00e9o ng\u1eady, s\u1eefa t\u01b0\u01a1i kh\u00f4ng \u0111\u01b0\u1eddng tinh khi\u1ebft, v\u00e0 \u0111\u1eb7c bi\u1ec7t l\u00e0 th\u1ecbt s\u1ea7u ri\u00eang t\u01b0\u01a1i ngon \u0111\u01b0\u1ee3c tuy\u1ec3n ch\u1ecdn k\u1ef9 l\u01b0\u1ee1ng. Base san marco v\u00e0 interga latte \u0111\u01b0\u1ee3c nh\u1eadp kh\u1ea9u tr\u1ef1c ti\u1ebfp, \u0111\u1ea3m b\u1ea3o \u0111\u1ed9 m\u1ecbn v\u00e0 k\u1ebft c\u1ea5u ho\u00e0n h\u1ea3o cho t\u1eebng vi\u00ean kem.<\/p>\n<p>Ngay t\u1eeb l\u1ea7n \u0111\u1ea7u th\u01b0\u1edfng th\u1ee9c, th\u1ef1c kh\u00e1ch s\u1ebd b\u1ecb chinh ph\u1ee5c b\u1edfi m\u00e0u v\u00e0ng \u01b0\u01a1m t\u1ef1 nhi\u00ean \u0111\u1eb7c tr\u01b0ng c\u1ee7a s\u1ea7u ri\u00eang. Khi \u0111\u01b0a v\u00e0o mi\u1ec7ng, kem tan ch\u1ea3y m\u01b0\u1ee3t m\u00e0, \u0111\u1ec3 l\u1ea1i h\u01b0\u01a1ng v\u1ecb b\u00e9o ng\u1eady c\u1ee7a kem t\u01b0\u01a1i h\u00f2a quy\u1ec7n c\u00f9ng v\u1ecb ng\u1ecdt thanh tao c\u1ee7a s\u1ea7u ri\u00eang. \u0110\u1ed9 m\u1ecbn c\u1ee7a kem c\u00f9ng h\u01b0\u01a1ng th\u01a1m n\u1ed3ng n\u00e0n t\u1ea1o n\u00ean m\u1ed9t symphonie ho\u00e0n h\u1ea3o c\u1ee7a v\u1ecb gi\u00e1c.<\/p>\n<p>M\u1ed7i h\u1ed9p kem \u0111\u01b0\u1ee3c s\u1ea3n xu\u1ea5t \u0111\u1ec1u tu\u00e2n th\u1ee7 nghi\u00eam ng\u1eb7t quy tr\u00ecnh v\u1ec7 sinh an to\u00e0n th\u1ef1c ph\u1ea9m. S\u1ea3n ph\u1ea9m c\u00f3 hai l\u1ef1a ch\u1ecdn v\u1ec1 tr\u1ecdng l\u01b0\u1ee3ng: 300g v\u00e0 500g, \u0111\u00f3ng g\u00f3i trong h\u1ed9p nh\u1ef1a cao c\u1ea5p, gi\u1eef nguy\u00ean \u0111\u1ed9 t\u01b0\u01a1i ngon v\u00e0 d\u1ec5 d\u00e0ng b\u1ea3o qu\u1ea3n.<\/p>\n<p>Gi\u1eefa mu\u00f4n v\u00e0n h\u01b0\u01a1ng v\u1ecb kem \u0111ang hi\u1ec7n di\u1ec7n tr\u00ean th\u1ecb tr\u01b0\u1eddng, Kem s\u1ea7u ri\u00eang Nh\u00e0 May M\u1eafn \u0111\u00e3 v\u00e0 \u0111ang kh\u1eb3ng \u0111\u1ecbnh v\u1ecb th\u1ebf \u0111\u1eb7c bi\u1ec7t c\u1ee7a m\u00ecnh b\u1eb1ng h\u01b0\u01a1ng v\u1ecb thu\u1ea7n Vi\u1ec7t \u0111\u1ed9c \u0111\u00e1o. V\u1edbi c\u00f4ng th\u1ee9c ch\u1ebf bi\u1ebfn \u0111\u1ed9c quy\u1ec1n k\u1ebft h\u1ee3p c\u00f9ng quy tr\u00ecnh s\u1ea3n xu\u1ea5t t\u1ec9 m\u1ec9, m\u1ed7i h\u1ed9p kem l\u00e0 m\u1ed9t t\u00e1c ph\u1ea9m ngh\u1ec7 thu\u1eadt \u1ea9m th\u1ef1c th\u1ef1c th\u1ee5.<\/p>\n<p>\u0110i\u1ec1u l\u00e0m n\u00ean s\u1ef1 kh\u00e1c bi\u1ec7t c\u1ee7a <a href=\"https:\/\/maison-chance.org\/shop\/kem-tuoi\">kem t\u01b0\u01a1i<\/a> v\u1ecb s\u1ea7u ri\u00eang Nh\u00e0 May M\u1eafn ch\u00ednh l\u00e0 s\u1ef1 tuy\u1ec3n ch\u1ecdn nguy\u00ean li\u1ec7u kh\u1eaft khe. Whipping cream th\u01b0\u1ee3ng h\u1ea1ng \u0111\u01b0\u1ee3c nh\u1eadp kh\u1ea9u tr\u1ef1c ti\u1ebfp, k\u1ebft h\u1ee3p ho\u00e0n h\u1ea3o v\u1edbi s\u1eefa t\u01b0\u01a1i kh\u00f4ng \u0111\u01b0\u1eddng tinh khi\u1ebft. \u0110\u1eb7c bi\u1ec7t, th\u1ecbt s\u1ea7u ri\u00eang t\u01b0\u01a1i ngon \u0111\u01b0\u1ee3c ch\u1ecdn l\u1ecdc t\u1eeb nh\u1eefng tr\u00e1i s\u1ea7u ri\u00eang ch\u00edn m\u1ecdng nh\u1ea5t, t\u1ea1o n\u00ean h\u01b0\u01a1ng v\u1ecb \u0111\u1eadm \u0111\u00e0, kh\u00f3 qu\u00ean.<\/p>\n<p>Base san marco v\u00e0 interga latte &#8211; hai th\u00e0nh ph\u1ea7n quan tr\u1ecdng \u0111\u01b0\u1ee3c nh\u1eadp kh\u1ea9u t\u1eeb nh\u1eefng nh\u00e0 cung c\u1ea5p uy t\u00edn, \u0111\u1ea3m b\u1ea3o cho m\u1ed7i vi\u00ean kem c\u00f3 \u0111\u1ed9 m\u1ecbn ho\u00e0n h\u1ea3o v\u00e0 k\u1ebft c\u1ea5u \u0111\u1eb7c tr\u01b0ng kh\u00f4ng th\u1ec3 tr\u1ed9n l\u1eabn.<\/p>\n<p>M\u00e0u v\u00e0ng \u01b0\u01a1m t\u1ef1 nhi\u00ean c\u1ee7a kem s\u1ea7u ri\u00eang nh\u01b0 m\u1ed9t l\u1eddi m\u1eddi g\u1ecdi kh\u00f3 c\u01b0\u1ee1ng. Khi th\u01b0\u1edfng th\u1ee9c, b\u1ea1n s\u1ebd c\u1ea3m nh\u1eadn \u0111\u01b0\u1ee3c \u0111\u1ed9 m\u1ecbn m\u00e0ng c\u1ee7a kem tan ch\u1ea3y tr\u00ean \u0111\u1ea7u l\u01b0\u1ee1i, ti\u1ebfp \u0111\u1ebfn l\u00e0 h\u01b0\u01a1ng th\u01a1m n\u1ed3ng n\u00e0n \u0111\u1eb7c tr\u01b0ng c\u1ee7a s\u1ea7u ri\u00eang lan t\u1ecfa. V\u1ecb b\u00e9o ng\u1eady c\u1ee7a kem t\u01b0\u01a1i h\u00f2a quy\u1ec7n v\u1edbi \u0111\u1ed9 ng\u1ecdt v\u1eeba ph\u1ea3i t\u1ea1o n\u00ean m\u1ed9t tr\u1ea3i nghi\u1ec7m \u1ea9m th\u1ef1c \u0111\u1ec9nh cao.<\/p>\n<p>S\u1ea3n ph\u1ea9m \u0111\u01b0\u1ee3c \u0111\u00f3ng g\u00f3i trong h\u1ed9p nh\u1ef1a cao c\u1ea5p v\u1edbi hai l\u1ef1a ch\u1ecdn: 300g v\u00e0 500g, thu\u1eadn ti\u1ec7n cho vi\u1ec7c b\u1ea3o qu\u1ea3n v\u00e0 s\u1eed d\u1ee5ng. M\u1ed7i h\u1ed9p kem \u0111\u1ec1u tr\u1ea3i qua quy tr\u00ecnh ki\u1ec3m \u0111\u1ecbnh ch\u1ea5t l\u01b0\u1ee3ng nghi\u00eam ng\u1eb7t, \u0111\u1ea3m b\u1ea3o an to\u00e0n v\u1ec7 sinh th\u1ef1c ph\u1ea9m theo ti\u00eau chu\u1ea9n qu\u1ed1c t\u1ebf.<\/p>\n<p>Kem s\u1ea7u ri\u00eang Nh\u00e0 May M\u1eafn hi\u1ec7n \u0111ang \u0111\u01b0\u1ee3c b\u00e1n t\u1ea1i c\u1eeda h\u00e0ng ch\u00ednh v\u00e0 c\u00e1c \u0111\u1ea1i l\u00fd \u1ee7y quy\u1ec1n. \u0110\u1ec3 th\u01b0\u1edfng th\u1ee9c ngay h\u01b0\u01a1ng v\u1ecb tuy\u1ec7t v\u1eddi n\u00e0y, qu\u00fd kh\u00e1ch c\u00f3 th\u1ec3 \u0111\u1eb7t h\u00e0ng tr\u1ef1c ti\u1ebfp qua website ho\u1eb7c hotline. \u0110\u1eb7c bi\u1ec7t, ch\u00fang t\u00f4i c\u00f3 d\u1ecbch v\u1ee5 giao h\u00e0ng t\u1eadn n\u01a1i, \u0111\u1ea3m b\u1ea3o kem lu\u00f4n gi\u1eef \u0111\u01b0\u1ee3c \u0111\u1ed9 l\u1ea1nh v\u00e0 ch\u1ea5t l\u01b0\u1ee3ng t\u1ed1t nh\u1ea5t khi \u0111\u1ebfn tay ng\u01b0\u1eddi ti\u00eau d\u00f9ng.<\/p>\n<p>H\u00e3y \u0111\u1ec3 Kem s\u1ea7u ri\u00eang <a href=\"https:\/\/maison-chance.org\/shop\">Nh\u00e0 May M\u1eafn<\/a> mang \u0111\u1ebfn cho b\u1ea1n v\u00e0 gia \u0111\u00ecnh nh\u1eefng tr\u1ea3i nghi\u1ec7m \u1ea9m th\u1ef1c tuy\u1ec7t v\u1eddi nh\u1ea5t. M\u1ed9t m\u00f3n tr\u00e1ng mi\u1ec7ng \u0111\u1ed9c \u0111\u00e1o, th\u01a1m ngon \u0111ang ch\u1edd \u0111\u00f3n b\u1ea1n kh\u00e1m ph\u00e1!<\/p>\n","protected":false},"excerpt":{"rendered":"<p>S\u1ea3n ph\u1ea9m kem t\u01b0\u01a1i \u0111\u01b0\u1ee3c l\u00e0m t\u1eeb c\u00e1c b\u1ea1n tr\u1ebb m\u1ed3 c\u00f4i hi\u1ec7n \u0111ang \u0111\u01b0\u1ee3c Nh\u00e0 May M\u1eafn \u2013 Maison Chance nu\u00f4i d\u01b0\u1ee1ng. K\u00ednh mong nh\u1eadn \u0111\u01b0\u1ee3c s\u1ef1 \u1ee7ng h\u1ed9 c\u1ee7a Qu\u00fd kh\u00e1ch!<\/p>\n<p>H\u1ed9p nh\u1ecf 300gr:\u00a0<span style=\"font-size: 115%;color: #ed1c24\"><strong>79.000 vn\u0111<\/strong><\/span><\/p>\n<p>H\u1ed9p l\u1edbn 500gr:\u00a0<span style=\"font-size: 115%;color: #ed1c24\"><strong>99.000 vn\u0111<\/strong><\/span><\/p>\n<p>Hotline :\u00a0<span style=\"font-size: 115%;color: #ed1c24\"><strong>090 906 2528<\/strong><\/span><\/p>\n","protected":false},"featured_media":38159,"template":"","meta":[],"product_brand":[],"product_cat":[156,150],"product_tag":[],"class_list":{"0":"post-38158","1":"product","2":"type-product","3":"status-publish","4":"has-post-thumbnail","6":"product_cat-kem-tuoi","7":"product_cat-phong-banh","9":"first","10":"instock","11":"shipping-taxable","12":"product-type-simple"},"yoast_head":"<!-- This site is optimized with the Yoast SEO Premium plugin v22.7 (Yoast SEO v25.3.1) - https:\/\/yoast.com\/wordpress\/plugins\/seo\/ -->\n<title>Kem s\u1ea7u ri\u00eang - Nh\u00e0 May M\u1eafn - Maison Chance<\/title>\n<meta name=\"description\" content=\"Kem s\u1ea7u ri\u00eang Nh\u00e0 May M\u1eafn n\u1ed5i b\u1eadt nh\u01b0 m\u1ed9t l\u00e0n gi\u00f3 m\u1edbi v\u1edbi h\u01b0\u01a1ng v\u1ecb \u0111\u1ed9c \u0111\u00e1o v\u00e0 ch\u1ea5t l\u01b0\u1ee3ng v\u01b0\u1ee3t tr\u1ed9i, \u0111\u01b0\u1ee3c ch\u1ebf bi\u1ebfn th\u1ee7 c\u00f4ng, t\u1ec9 m\u1ec9 t\u1eeb nh\u1eefng nguy\u00ean li\u1ec7u t\u01b0\u01a1i ngon nh\u1ea5t, mang \u0111\u1ebfn tr\u1ea3i nghi\u1ec7m \u1ea9m th\u1ef1c tinh t\u1ebf cho nh\u1eefng ng\u01b0\u1eddi y\u00eau th\u00edch m\u00f3n tr\u00e1ng mi\u1ec7ng\" \/>\n<meta name=\"robots\" content=\"index, follow, max-snippet:-1, max-image-preview:large, max-video-preview:-1\" \/>\n<link rel=\"canonical\" href=\"https:\/\/maison-chance.org\/shop\/san-pham\/kem-sau-rieng\" \/>\n<meta property=\"og:locale\" content=\"vi_VN\" \/>\n<meta property=\"og:type\" content=\"article\" \/>\n<meta property=\"og:title\" content=\"Kem s\u1ea7u ri\u00eang\" \/>\n<meta property=\"og:description\" content=\"Kem s\u1ea7u ri\u00eang Nh\u00e0 May M\u1eafn n\u1ed5i b\u1eadt nh\u01b0 m\u1ed9t l\u00e0n gi\u00f3 m\u1edbi v\u1edbi h\u01b0\u01a1ng v\u1ecb \u0111\u1ed9c \u0111\u00e1o v\u00e0 ch\u1ea5t l\u01b0\u1ee3ng v\u01b0\u1ee3t tr\u1ed9i, \u0111\u01b0\u1ee3c ch\u1ebf bi\u1ebfn th\u1ee7 c\u00f4ng, t\u1ec9 m\u1ec9 t\u1eeb nh\u1eefng nguy\u00ean li\u1ec7u t\u01b0\u01a1i ngon nh\u1ea5t, mang \u0111\u1ebfn tr\u1ea3i nghi\u1ec7m \u1ea9m th\u1ef1c tinh t\u1ebf cho nh\u1eefng ng\u01b0\u1eddi y\u00eau th\u00edch m\u00f3n tr\u00e1ng mi\u1ec7ng\" \/>\n<meta property=\"og:url\" content=\"https:\/\/maison-chance.org\/shop\/san-pham\/kem-sau-rieng\" \/>\n<meta property=\"og:site_name\" content=\"Nh\u00e0 May M\u1eafn - Maison Chance\" \/>\n<meta property=\"article:publisher\" content=\"https:\/\/www.facebook.com\/dnxh.nhamayman\/\" \/>\n<meta property=\"article:modified_time\" content=\"2024-11-21T04:22:01+00:00\" \/>\n<meta property=\"og:image\" content=\"https:\/\/maison-chance.org\/shop\/wp-content\/uploads\/2024\/04\/kem-sau-rieng.jpg\" \/>\n\t<meta property=\"og:image:width\" content=\"1000\" \/>\n\t<meta property=\"og:image:height\" content=\"1000\" \/>\n\t<meta property=\"og:image:type\" content=\"image\/jpeg\" \/>\n<meta name=\"twitter:card\" content=\"summary_large_image\" \/>\n<meta name=\"twitter:label1\" content=\"Gi\u00e1\" \/>\n\t<meta name=\"twitter:data1\" content=\"\" \/>\n\t<meta name=\"twitter:label2\" content=\"Availability\" \/>\n\t<meta name=\"twitter:data2\" content=\"In stock\" \/>\n<script type=\"application\/ld+json\" class=\"yoast-schema-graph\">{\"@context\":\"https:\/\/schema.org\",\"@graph\":[{\"@type\":\"WebPage\",\"@id\":\"https:\/\/maison-chance.org\/shop\/san-pham\/kem-sau-rieng\",\"url\":\"https:\/\/maison-chance.org\/shop\/san-pham\/kem-sau-rieng\",\"name\":\"Kem s\u1ea7u ri\u00eang - Nh\u00e0 May M\u1eafn - Maison Chance\",\"isPartOf\":{\"@id\":\"https:\/\/maison-chance.org\/shop\/#website\"},\"primaryImageOfPage\":{\"@id\":\"https:\/\/maison-chance.org\/shop\/san-pham\/kem-sau-rieng#primaryimage\"},\"image\":{\"@id\":\"https:\/\/maison-chance.org\/shop\/san-pham\/kem-sau-rieng#primaryimage\"},\"thumbnailUrl\":\"https:\/\/maison-chance.org\/shop\/wp-content\/uploads\/2024\/04\/kem-sau-rieng.jpg\",\"datePublished\":\"2024-11-21T01:00:28+00:00\",\"dateModified\":\"2024-11-21T04:22:01+00:00\",\"description\":\"Kem s\u1ea7u ri\u00eang Nh\u00e0 May M\u1eafn n\u1ed5i b\u1eadt nh\u01b0 m\u1ed9t l\u00e0n gi\u00f3 m\u1edbi v\u1edbi h\u01b0\u01a1ng v\u1ecb \u0111\u1ed9c \u0111\u00e1o v\u00e0 ch\u1ea5t l\u01b0\u1ee3ng v\u01b0\u1ee3t tr\u1ed9i, \u0111\u01b0\u1ee3c ch\u1ebf bi\u1ebfn th\u1ee7 c\u00f4ng, t\u1ec9 m\u1ec9 t\u1eeb nh\u1eefng nguy\u00ean li\u1ec7u t\u01b0\u01a1i ngon nh\u1ea5t, mang \u0111\u1ebfn tr\u1ea3i nghi\u1ec7m \u1ea9m th\u1ef1c tinh t\u1ebf cho nh\u1eefng ng\u01b0\u1eddi y\u00eau th\u00edch m\u00f3n tr\u00e1ng mi\u1ec7ng\",\"breadcrumb\":{\"@id\":\"https:\/\/maison-chance.org\/shop\/san-pham\/kem-sau-rieng#breadcrumb\"},\"inLanguage\":\"vi-VN\",\"potentialAction\":[{\"@type\":\"ReadAction\",\"target\":[\"https:\/\/maison-chance.org\/shop\/san-pham\/kem-sau-rieng\"]}]},{\"@type\":\"ImageObject\",\"inLanguage\":\"vi-VN\",\"@id\":\"https:\/\/maison-chance.org\/shop\/san-pham\/kem-sau-rieng#primaryimage\",\"url\":\"https:\/\/maison-chance.org\/shop\/wp-content\/uploads\/2024\/04\/kem-sau-rieng.jpg\",\"contentUrl\":\"https:\/\/maison-chance.org\/shop\/wp-content\/uploads\/2024\/04\/kem-sau-rieng.jpg\",\"width\":1000,\"height\":1000,\"caption\":\"Kem s\u1ea7u ri\u00eang\"},{\"@type\":\"BreadcrumbList\",\"@id\":\"https:\/\/maison-chance.org\/shop\/san-pham\/kem-sau-rieng#breadcrumb\",\"itemListElement\":[{\"@type\":\"ListItem\",\"position\":1,\"name\":\"Trang ch\u1ee7\",\"item\":\"https:\/\/maison-chance.org\/shop\/\"},{\"@type\":\"ListItem\",\"position\":2,\"name\":\"Shop\",\"item\":\"https:\/\/maison-chance.org\/shop\/shop\"},{\"@type\":\"ListItem\",\"position\":3,\"name\":\"Kem s\u1ea7u ri\u00eang\"}]},{\"@type\":\"WebSite\",\"@id\":\"https:\/\/maison-chance.org\/shop\/#website\",\"url\":\"https:\/\/maison-chance.org\/shop\/\",\"name\":\"Nh\u00e0 May M\u1eafn - Maison Chance\",\"description\":\"M\u1ecdi l\u1ee3i nhu\u1eadn thu v\u1ec1 t\u1eeb vi\u1ec7c b\u00e1n h\u00e0ng s\u1ebd tr\u00edch m\u1ed9t ph\u1ea7n \u0111\u1ec3 ch\u0103m lo cho \u0111\u1eddi s\u1ed1ng c\u00e1c b\u1ea1n khuy\u1ebft t\u1eadt v\u00e0 tr\u1ebb m\u1ed3 c\u00f4i \u1edf \u0111\u00e2y\",\"publisher\":{\"@id\":\"https:\/\/maison-chance.org\/shop\/#organization\"},\"potentialAction\":[{\"@type\":\"SearchAction\",\"target\":{\"@type\":\"EntryPoint\",\"urlTemplate\":\"https:\/\/maison-chance.org\/shop\/?s={search_term_string}\"},\"query-input\":{\"@type\":\"PropertyValueSpecification\",\"valueRequired\":true,\"valueName\":\"search_term_string\"}}],\"inLanguage\":\"vi-VN\"},{\"@type\":\"Organization\",\"@id\":\"https:\/\/maison-chance.org\/shop\/#organization\",\"name\":\"Nh\u00e0 May M\u1eafn - Maison Chance\",\"url\":\"https:\/\/maison-chance.org\/shop\/\",\"logo\":{\"@type\":\"ImageObject\",\"inLanguage\":\"vi-VN\",\"@id\":\"https:\/\/maison-chance.org\/shop\/#\/schema\/logo\/image\/\",\"url\":\"https:\/\/maison-chance.org\/shop\/wp-content\/uploads\/2024\/03\/cropped-Logo_DNXH.png\",\"contentUrl\":\"https:\/\/maison-chance.org\/shop\/wp-content\/uploads\/2024\/03\/cropped-Logo_DNXH.png\",\"width\":512,\"height\":512,\"caption\":\"Nh\u00e0 May M\u1eafn - Maison Chance\"},\"image\":{\"@id\":\"https:\/\/maison-chance.org\/shop\/#\/schema\/logo\/image\/\"},\"sameAs\":[\"https:\/\/www.facebook.com\/dnxh.nhamayman\/\"]}]}<\/script>\n<meta property=\"product:price:amount\" content=\"0.00\" \/>\n<meta property=\"product:price:currency\" content=\"USD\" \/>\n<meta property=\"og:availability\" content=\"instock\" \/>\n<meta property=\"product:availability\" content=\"instock\" \/>\n<meta property=\"product:condition\" content=\"new\" \/>\n<!-- \/ Yoast SEO Premium plugin. -->","yoast_head_json":{"title":"Kem s\u1ea7u ri\u00eang - Nh\u00e0 May M\u1eafn - Maison Chance","description":"Kem s\u1ea7u ri\u00eang Nh\u00e0 May M\u1eafn n\u1ed5i b\u1eadt nh\u01b0 m\u1ed9t l\u00e0n gi\u00f3 m\u1edbi v\u1edbi h\u01b0\u01a1ng v\u1ecb \u0111\u1ed9c \u0111\u00e1o v\u00e0 ch\u1ea5t l\u01b0\u1ee3ng v\u01b0\u1ee3t tr\u1ed9i, \u0111\u01b0\u1ee3c ch\u1ebf bi\u1ebfn th\u1ee7 c\u00f4ng, t\u1ec9 m\u1ec9 t\u1eeb nh\u1eefng nguy\u00ean li\u1ec7u t\u01b0\u01a1i ngon nh\u1ea5t, mang \u0111\u1ebfn tr\u1ea3i nghi\u1ec7m \u1ea9m th\u1ef1c tinh t\u1ebf cho nh\u1eefng ng\u01b0\u1eddi y\u00eau th\u00edch m\u00f3n tr\u00e1ng mi\u1ec7ng","robots":{"index":"index","follow":"follow","max-snippet":"max-snippet:-1","max-image-preview":"max-image-preview:large","max-video-preview":"max-video-preview:-1"},"canonical":"https:\/\/maison-chance.org\/shop\/san-pham\/kem-sau-rieng","og_locale":"vi_VN","og_type":"article","og_title":"Kem s\u1ea7u ri\u00eang","og_description":"Kem s\u1ea7u ri\u00eang Nh\u00e0 May M\u1eafn n\u1ed5i b\u1eadt nh\u01b0 m\u1ed9t l\u00e0n gi\u00f3 m\u1edbi v\u1edbi h\u01b0\u01a1ng v\u1ecb \u0111\u1ed9c \u0111\u00e1o v\u00e0 ch\u1ea5t l\u01b0\u1ee3ng v\u01b0\u1ee3t tr\u1ed9i, \u0111\u01b0\u1ee3c ch\u1ebf bi\u1ebfn th\u1ee7 c\u00f4ng, t\u1ec9 m\u1ec9 t\u1eeb nh\u1eefng nguy\u00ean li\u1ec7u t\u01b0\u01a1i ngon nh\u1ea5t, mang \u0111\u1ebfn tr\u1ea3i nghi\u1ec7m \u1ea9m th\u1ef1c tinh t\u1ebf cho nh\u1eefng ng\u01b0\u1eddi y\u00eau th\u00edch m\u00f3n tr\u00e1ng mi\u1ec7ng","og_url":"https:\/\/maison-chance.org\/shop\/san-pham\/kem-sau-rieng","og_site_name":"Nh\u00e0 May M\u1eafn - Maison Chance","article_publisher":"https:\/\/www.facebook.com\/dnxh.nhamayman\/","article_modified_time":"2024-11-21T04:22:01+00:00","og_image":[{"width":1000,"height":1000,"url":"https:\/\/maison-chance.org\/shop\/wp-content\/uploads\/2024\/04\/kem-sau-rieng.jpg","type":"image\/jpeg"}],"twitter_card":"summary_large_image","twitter_misc":{"Gi\u00e1":"","Availability":"In stock"},"schema":{"@context":"https:\/\/schema.org","@graph":[{"@type":"WebPage","@id":"https:\/\/maison-chance.org\/shop\/san-pham\/kem-sau-rieng","url":"https:\/\/maison-chance.org\/shop\/san-pham\/kem-sau-rieng","name":"Kem s\u1ea7u ri\u00eang - Nh\u00e0 May M\u1eafn - Maison Chance","isPartOf":{"@id":"https:\/\/maison-chance.org\/shop\/#website"},"primaryImageOfPage":{"@id":"https:\/\/maison-chance.org\/shop\/san-pham\/kem-sau-rieng#primaryimage"},"image":{"@id":"https:\/\/maison-chance.org\/shop\/san-pham\/kem-sau-rieng#primaryimage"},"thumbnailUrl":"https:\/\/maison-chance.org\/shop\/wp-content\/uploads\/2024\/04\/kem-sau-rieng.jpg","datePublished":"2024-11-21T01:00:28+00:00","dateModified":"2024-11-21T04:22:01+00:00","description":"Kem s\u1ea7u ri\u00eang Nh\u00e0 May M\u1eafn n\u1ed5i b\u1eadt nh\u01b0 m\u1ed9t l\u00e0n gi\u00f3 m\u1edbi v\u1edbi h\u01b0\u01a1ng v\u1ecb \u0111\u1ed9c \u0111\u00e1o v\u00e0 ch\u1ea5t l\u01b0\u1ee3ng v\u01b0\u1ee3t tr\u1ed9i, \u0111\u01b0\u1ee3c ch\u1ebf bi\u1ebfn th\u1ee7 c\u00f4ng, t\u1ec9 m\u1ec9 t\u1eeb nh\u1eefng nguy\u00ean li\u1ec7u t\u01b0\u01a1i ngon nh\u1ea5t, mang \u0111\u1ebfn tr\u1ea3i nghi\u1ec7m \u1ea9m th\u1ef1c tinh t\u1ebf cho nh\u1eefng ng\u01b0\u1eddi y\u00eau th\u00edch m\u00f3n tr\u00e1ng mi\u1ec7ng","breadcrumb":{"@id":"https:\/\/maison-chance.org\/shop\/san-pham\/kem-sau-rieng#breadcrumb"},"inLanguage":"vi-VN","potentialAction":[{"@type":"ReadAction","target":["https:\/\/maison-chance.org\/shop\/san-pham\/kem-sau-rieng"]}]},{"@type":"ImageObject","inLanguage":"vi-VN","@id":"https:\/\/maison-chance.org\/shop\/san-pham\/kem-sau-rieng#primaryimage","url":"https:\/\/maison-chance.org\/shop\/wp-content\/uploads\/2024\/04\/kem-sau-rieng.jpg","contentUrl":"https:\/\/maison-chance.org\/shop\/wp-content\/uploads\/2024\/04\/kem-sau-rieng.jpg","width":1000,"height":1000,"caption":"Kem s\u1ea7u ri\u00eang"},{"@type":"BreadcrumbList","@id":"https:\/\/maison-chance.org\/shop\/san-pham\/kem-sau-rieng#breadcrumb","itemListElement":[{"@type":"ListItem","position":1,"name":"Trang ch\u1ee7","item":"https:\/\/maison-chance.org\/shop\/"},{"@type":"ListItem","position":2,"name":"Shop","item":"https:\/\/maison-chance.org\/shop\/shop"},{"@type":"ListItem","position":3,"name":"Kem s\u1ea7u ri\u00eang"}]},{"@type":"WebSite","@id":"https:\/\/maison-chance.org\/shop\/#website","url":"https:\/\/maison-chance.org\/shop\/","name":"Nh\u00e0 May M\u1eafn - Maison Chance","description":"M\u1ecdi l\u1ee3i nhu\u1eadn thu v\u1ec1 t\u1eeb vi\u1ec7c b\u00e1n h\u00e0ng s\u1ebd tr\u00edch m\u1ed9t ph\u1ea7n \u0111\u1ec3 ch\u0103m lo cho \u0111\u1eddi s\u1ed1ng c\u00e1c b\u1ea1n khuy\u1ebft t\u1eadt v\u00e0 tr\u1ebb m\u1ed3 c\u00f4i \u1edf \u0111\u00e2y","publisher":{"@id":"https:\/\/maison-chance.org\/shop\/#organization"},"potentialAction":[{"@type":"SearchAction","target":{"@type":"EntryPoint","urlTemplate":"https:\/\/maison-chance.org\/shop\/?s={search_term_string}"},"query-input":{"@type":"PropertyValueSpecification","valueRequired":true,"valueName":"search_term_string"}}],"inLanguage":"vi-VN"},{"@type":"Organization","@id":"https:\/\/maison-chance.org\/shop\/#organization","name":"Nh\u00e0 May M\u1eafn - Maison Chance","url":"https:\/\/maison-chance.org\/shop\/","logo":{"@type":"ImageObject","inLanguage":"vi-VN","@id":"https:\/\/maison-chance.org\/shop\/#\/schema\/logo\/image\/","url":"https:\/\/maison-chance.org\/shop\/wp-content\/uploads\/2024\/03\/cropped-Logo_DNXH.png","contentUrl":"https:\/\/maison-chance.org\/shop\/wp-content\/uploads\/2024\/03\/cropped-Logo_DNXH.png","width":512,"height":512,"caption":"Nh\u00e0 May M\u1eafn - Maison Chance"},"image":{"@id":"https:\/\/maison-chance.org\/shop\/#\/schema\/logo\/image\/"},"sameAs":["https:\/\/www.facebook.com\/dnxh.nhamayman\/"]}]},"product_price_amount":"0.00","product_price_currency":"USD","og_availability":"instock","product_availability":"instock","product_condition":"new"},"_links":{"self":[{"href":"https:\/\/maison-chance.org\/shop\/wp-json\/wp\/v2\/product\/38158","targetHints":{"allow":["GET"]}}],"collection":[{"href":"https:\/\/maison-chance.org\/shop\/wp-json\/wp\/v2\/product"}],"about":[{"href":"https:\/\/maison-chance.org\/shop\/wp-json\/wp\/v2\/types\/product"}],"wp:featuredmedia":[{"embeddable":true,"href":"https:\/\/maison-chance.org\/shop\/wp-json\/wp\/v2\/media\/38159"}],"wp:attachment":[{"href":"https:\/\/maison-chance.org\/shop\/wp-json\/wp\/v2\/media?parent=38158"}],"wp:term":[{"taxonomy":"product_brand","embeddable":true,"href":"https:\/\/maison-chance.org\/shop\/wp-json\/wp\/v2\/product_brand?post=38158"},{"taxonomy":"product_cat","embeddable":true,"href":"https:\/\/maison-chance.org\/shop\/wp-json\/wp\/v2\/product_cat?post=38158"},{"taxonomy":"product_tag","embeddable":true,"href":"https:\/\/maison-chance.org\/shop\/wp-json\/wp\/v2\/product_tag?post=38158"}],"curies":[{"name":"wp","href":"https:\/\/api.w.org\/{rel}","templated":true}]}}