{"id":38163,"date":"2024-11-12T08:00:15","date_gmt":"2024-11-12T01:00:15","guid":{"rendered":"https:\/\/maison-chance.org\/shop\/?post_type=product&#038;p=38163"},"modified":"2024-11-12T14:43:30","modified_gmt":"2024-11-12T07:43:30","slug":"kem-va-ni","status":"publish","type":"product","link":"https:\/\/maison-chance.org\/shop\/san-pham\/kem-va-ni","title":{"rendered":"Kem Va-ni"},"content":{"rendered":"<p><a href=\"https:\/\/maison-chance.org\/shop\/san-pham\/kem-va-ni\">Kem va-ni<\/a> c\u1ee7a Nh\u00e0 May M\u1eafn l\u00e0 m\u1ed9t s\u1ea3n ph\u1ea9m \u0111\u1eb7c bi\u1ec7t, kh\u00f4ng ch\u1ec9 mang \u0111\u1ebfn h\u01b0\u01a1ng v\u1ecb th\u01a1m ngon m\u00e0 c\u00f2n ch\u1ee9a \u0111\u1ef1ng nh\u1eefng gi\u00e1 tr\u1ecb tinh th\u1ea7n to l\u1edbn. \u0110\u00e2y kh\u00f4ng ch\u1ec9 l\u00e0 m\u1ed9t m\u00f3n kem th\u00f4ng th\u01b0\u1eddng, m\u00e0 c\u00f2n l\u00e0 k\u1ebft qu\u1ea3 c\u1ee7a b\u00e0n tay kh\u00e9o l\u00e9o v\u00e0 s\u1ef1 n\u1ed7 l\u1ef1c kh\u00f4ng ng\u1eebng t\u1eeb c\u00e1c b\u1ea1n tr\u1ebb m\u1ed3 c\u00f4i. S\u1ea3n ph\u1ea9m \u0111\u01b0\u1ee3c gi\u00e1m s\u00e1t ch\u1eb7t ch\u1ebd b\u1edfi m\u1ed9t ng\u01b0\u1eddi th\u1ea7y l\u00e0m b\u00e1nh t\u1eadn t\u00e2m, nh\u1eb1m \u0111\u1ea3m b\u1ea3o ch\u1ea5t l\u01b0\u1ee3ng \u0111\u1ea1t ti\u00eau chu\u1ea9n cao nh\u1ea5t, mang \u0111\u1ebfn cho th\u1ef1c kh\u00e1ch tr\u1ea3i nghi\u1ec7m v\u1ecb gi\u00e1c tuy\u1ec7t v\u1eddi.<\/p>\n<p>Kem Va-ni Nh\u00e0 May M\u1eafn \u0111\u01b0\u1ee3c t\u1ea1o n\u00ean t\u1eeb nh\u1eefng nguy\u00ean li\u1ec7u t\u1ef1 nhi\u00ean, ch\u1ea5t l\u01b0\u1ee3ng cao, \u0111\u1ea3m b\u1ea3o an to\u00e0n cho s\u1ee9c kh\u1ecfe ng\u01b0\u1eddi d\u00f9ng. S\u1ea3n ph\u1ea9m n\u00e0y s\u1eed d\u1ee5ng whipping cream, s\u1eefa t\u01b0\u01a1i kh\u00f4ng \u0111\u01b0\u1eddng, base san marco, interga latte, v\u00e0 tinh ch\u1ea5t va-ni nguy\u00ean ch\u1ea5t, t\u1ea5t c\u1ea3 \u0111\u1ec1u \u0111\u01b0\u1ee3c ch\u1ecdn l\u1ecdc k\u1ef9 c\u00e0ng \u0111\u1ec3 mang \u0111\u1ebfn h\u01b0\u01a1ng v\u1ecb t\u01b0\u01a1i m\u00e1t v\u00e0 th\u01a1m ngon.<\/p>\n<p>&#8211; Whipping cream: Th\u00e0nh ph\u1ea7n n\u00e0y t\u1ea1o n\u00ean \u0111\u1ed9 b\u00e9o ng\u1eady, m\u1ec1m m\u1ecbn cho kem, gi\u00fap kem c\u00f3 k\u1ebft c\u1ea5u m\u01b0\u1ee3t m\u00e0 v\u00e0 tan ch\u1ea3y nh\u1eb9 nh\u00e0ng trong mi\u1ec7ng.<br \/>\n&#8211; S\u1eefa t\u01b0\u01a1i kh\u00f4ng \u0111\u01b0\u1eddng: Gi\u00fap c\u00e2n b\u1eb1ng \u0111\u1ed9 ng\u1ecdt, mang l\u1ea1i c\u1ea3m gi\u00e1c thanh khi\u1ebft, t\u1ef1 nhi\u00ean m\u00e0 kh\u00f4ng qu\u00e1 ng\u1ecdt.<br \/>\n&#8211; Base san marco v\u00e0 interga latte: Hai th\u00e0nh ph\u1ea7n n\u00e0y gi\u00fap duy tr\u00ec c\u1ea5u tr\u00fac v\u00e0 \u0111\u1ed9 m\u1ecbn c\u1ee7a kem, \u0111\u1ed3ng th\u1eddi gi\u1eef cho kem lu\u00f4n t\u01b0\u01a1i m\u1edbi.<br \/>\n&#8211; Tinh ch\u1ea5t va-ni: H\u01b0\u01a1ng v\u1ecb va-ni t\u1ef1 nhi\u00ean nh\u1eb9 nh\u00e0ng, th\u01a1m ph\u1ee9c, l\u00e0 \u0111i\u1ec3m nh\u1ea5n ho\u00e0n h\u1ea3o cho m\u00f3n kem, t\u1ea1o c\u1ea3m gi\u00e1c d\u1ec5 ch\u1ecbu v\u00e0 h\u1ea5p d\u1eabn cho ng\u01b0\u1eddi th\u01b0\u1edfng th\u1ee9c.<\/p>\n<p>Nh\u1edd s\u1ef1 k\u1ebft h\u1ee3p h\u00e0i h\u00f2a gi\u1eefa c\u00e1c th\u00e0nh ph\u1ea7n tr\u00ean, s\u1ea3n ph\u1ea9m kem va-ni c\u1ee7a Nh\u00e0 May M\u1eafn kh\u00f4ng ch\u1ec9 c\u00f3 h\u01b0\u01a1ng v\u1ecb th\u01a1m ngon m\u00e0 c\u00f2n b\u1ea3o \u0111\u1ea3m gi\u00e1 tr\u1ecb dinh d\u01b0\u1ee1ng, l\u00e0 m\u00f3n \u0103n nh\u1eb9 l\u00fd t\u01b0\u1edfng cho m\u1ecdi l\u1ee9a tu\u1ed5i.<\/p>\n<p>M\u1ed9t khi \u0111\u00e3 th\u1eed qua <a href=\"https:\/\/maison-chance.org\/shop\/kem-tuoi\">kem t\u01b0\u01a1i<\/a> Va-ni Nh\u00e0 May M\u1eafn, ch\u1eafc ch\u1eafn b\u1ea1n s\u1ebd kh\u00f4ng th\u1ec3 qu\u00ean \u0111\u01b0\u1ee3c c\u1ea3m gi\u00e1c ng\u1ecdt ng\u00e0o m\u00e0 s\u1ea3n ph\u1ea9m n\u00e0y mang l\u1ea1i. Ngay t\u1eeb mu\u1ed7ng kem \u0111\u1ea7u ti\u00ean, b\u1ea1n s\u1ebd c\u1ea3m nh\u1eadn \u0111\u01b0\u1ee3c s\u1ef1 m\u1ec1m m\u01b0\u1ee3t, t\u01b0\u01a1i m\u00e1t c\u1ee7a kem khi tan ch\u1ea3y trong mi\u1ec7ng. H\u01b0\u01a1ng va-ni d\u1ecbu nh\u1eb9, kh\u00f4ng qu\u00e1 g\u1eaft, k\u1ebft h\u1ee3p v\u1edbi \u0111\u1ed9 b\u00e9o v\u1eeba ph\u1ea3i c\u1ee7a whipping cream t\u1ea1o n\u00ean m\u1ed9t s\u1ef1 c\u00e2n b\u1eb1ng ho\u00e0n h\u1ea3o, khi\u1ebfn ng\u01b0\u1eddi \u0103n mu\u1ed1n th\u01b0\u1edfng th\u1ee9c th\u00eam nhi\u1ec1u l\u1ea7n n\u1eefa.<\/p>\n<p>Nhi\u1ec1u th\u1ef1c kh\u00e1ch \u0111\u00e3 chia s\u1ebb r\u1eb1ng h\u1ecd kh\u00f4ng ch\u1ec9 y\u00eau th\u00edch h\u01b0\u01a1ng v\u1ecb th\u01a1m ngon c\u1ee7a kem, m\u00e0 c\u00f2n c\u1ea3m nh\u1eadn \u0111\u01b0\u1ee3c s\u1ef1 t\u1eadn t\u00e2m v\u00e0 y\u00eau th\u01b0\u01a1ng t\u1eeb nh\u1eefng ng\u01b0\u1eddi s\u1ea3n xu\u1ea5t. M\u1ed9t kh\u00e1ch h\u00e0ng \u0111\u00e3 t\u1eebng nh\u1eadn x\u00e9t: \u201cKem va-ni n\u00e0y kh\u00f4ng ch\u1ec9 ngon m\u00e0 c\u00f2n mang \u0111\u1ebfn c\u1ea3m gi\u00e1c \u1ea5m \u00e1p. T\u00f4i c\u1ea3m nh\u1eadn \u0111\u01b0\u1ee3c t\u00ecnh y\u00eau v\u00e0 s\u1ef1 ch\u0103m ch\u00fat trong t\u1eebng mu\u1ed7ng kem. \u0110\u00e2y kh\u00f4ng ch\u1ec9 l\u00e0 m\u1ed9t m\u00f3n \u0103n, m\u00e0 l\u00e0 m\u1ed9t m\u00f3n qu\u00e0 t\u1eeb tr\u00e1i tim.\u201d<\/p>\n<p>Kem Nh\u00e0 May M\u1eafn kh\u00f4ng ch\u1ec9 mang \u0111\u1ebfn m\u1ed9t m\u00f3n \u0103n ngon m\u00e0 c\u00f2n l\u00e0 s\u1ef1 k\u1ebft n\u1ed1i gi\u1eefa th\u1ef1c kh\u00e1ch v\u00e0 nh\u1eefng ng\u01b0\u1eddi k\u00e9m may m\u1eafn, gi\u00fap h\u1ecd c\u00f3 th\u00eam \u0111\u1ed9ng l\u1ef1c \u0111\u1ec3 v\u01b0\u1ee3t qua kh\u00f3 kh\u0103n v\u00e0 t\u1ef1 l\u1eadp trong cu\u1ed9c s\u1ed1ng.<\/p>\n<p>Khi b\u1ea1n l\u1ef1a ch\u1ecdn kem Va-ni Nh\u00e0 May M\u1eafn, b\u1ea1n kh\u00f4ng ch\u1ec9 \u0111ang th\u01b0\u1edfng th\u1ee9c m\u1ed9t m\u00f3n kem tuy\u1ec7t v\u1eddi, m\u00e0 c\u00f2n g\u00f3p ph\u1ea7n lan t\u1ecfa th\u00f4ng \u0111i\u1ec7p y\u00eau th\u01b0\u01a1ng v\u00e0 s\u1ebb chia. M\u1ed7i h\u1ed9p kem l\u00e0 k\u1ebft qu\u1ea3 c\u1ee7a s\u1ef1 n\u1ed7 l\u1ef1c, ki\u00ean tr\u00ec v\u00e0 hy v\u1ecdng t\u1eeb nh\u1eefng ng\u01b0\u1eddi khuy\u1ebft t\u1eadt t\u1ea1i Nh\u00e0 May M\u1eafn, nh\u1eefng ng\u01b0\u1eddi lu\u00f4n c\u1ed1 g\u1eafng h\u1ecdc ngh\u1ec1, t\u1ef1 l\u1eadp v\u00e0 v\u01b0\u1ee3t l\u00ean ch\u00ednh m\u00ecnh.<\/p>\n<p>V\u1edbi tr\u1ecdng l\u01b0\u1ee3ng ti\u1ec7n l\u1ee3i 300g v\u00e0 500g, <a href=\"https:\/\/maison-chance.org\/shop\/phong-banh\">kem Va-ni Nh\u00e0 May M\u1eafn<\/a> l\u00e0 l\u1ef1a ch\u1ecdn ho\u00e0n h\u1ea3o cho b\u1ea5t k\u1ef3 d\u1ecbp n\u00e0o, t\u1eeb nh\u1eefng b\u1eefa \u0103n nh\u1eb9 c\u1ee7a gia \u0111\u00ecnh \u0111\u1ebfn nh\u1eefng bu\u1ed5i ti\u1ec7c nh\u1ecf v\u1edbi b\u1ea1n b\u00e8. H\u01a1n n\u1eefa, \u0111\u00e2y c\u00f2n l\u00e0 m\u00f3n qu\u00e0 \u00fd ngh\u0129a \u0111\u1ec3 b\u1ea1n d\u00e0nh t\u1eb7ng cho ng\u01b0\u1eddi th\u00e2n y\u00eau, mang theo th\u00f4ng \u0111i\u1ec7p v\u1ec1 s\u1ef1 y\u00eau th\u01b0\u01a1ng v\u00e0 chia s\u1ebb.<\/p>\n<p>M\u1ed7i h\u1ed9p kem Va-ni <a href=\"https:\/\/maison-chance.org\/shop\">Nh\u00e0 May M\u1eafn<\/a> kh\u00f4ng ch\u1ec9 l\u00e0 m\u00f3n tr\u00e1ng mi\u1ec7ng th\u01a1m ngon, m\u00e0 c\u00f2n l\u00e0 c\u1ea7u n\u1ed1i y\u00eau th\u01b0\u01a1ng. Khi th\u01b0\u1edfng th\u1ee9c s\u1ea3n ph\u1ea9m n\u00e0y, b\u1ea1n \u0111ang g\u00f3p ph\u1ea7n t\u1ea1o \u0111\u1ed9ng l\u1ef1c cho nh\u1eefng ng\u01b0\u1eddi tr\u1ebb khuy\u1ebft t\u1eadt, gi\u00fap h\u1ecd t\u1ef1 tin h\u01a1n tr\u00ean con \u0111\u01b0\u1eddng theo \u0111u\u1ed5i \u0111am m\u00ea v\u00e0 h\u00f2a nh\u1eadp c\u1ed9ng \u0111\u1ed3ng.<\/p>\n","protected":false},"excerpt":{"rendered":"<p style=\"text-align: justify;\">S\u1ea3n ph\u1ea9m kem t\u01b0\u01a1i \u0111\u01b0\u1ee3c l\u00e0m t\u1eeb c\u00e1c b\u1ea1n tr\u1ebb m\u1ed3 c\u00f4i hi\u1ec7n \u0111ang \u0111\u01b0\u1ee3c Nh\u00e0 May M\u1eafn \u2013 Maison Chance nu\u00f4i d\u01b0\u1ee1ng. K\u00ednh mong nh\u1eadn \u0111\u01b0\u1ee3c s\u1ef1 \u1ee7ng h\u1ed9 c\u1ee7a Qu\u00fd kh\u00e1ch!<\/p>\n<p style=\"text-align: justify;\">H\u1ed9p nh\u1ecf 300gr:\u00a0<span style=\"font-size: 115%; color: #ed1c24;\"><strong>79.000 vn\u0111<\/strong><\/span><\/p>\n<p style=\"text-align: justify;\">H\u1ed9p l\u1edbn 500gr:\u00a0<span style=\"font-size: 115%; color: #ed1c24;\"><strong>99.000 vn\u0111<\/strong><\/span><\/p>\n<p style=\"text-align: justify;\">Hotline :\u00a0<span style=\"font-size: 115%; color: #ed1c24;\"><strong>090 906 2528<\/strong><\/span><\/p>\n","protected":false},"featured_media":38164,"template":"","meta":[],"product_brand":[],"product_cat":[156,150],"product_tag":[],"class_list":{"0":"post-38163","1":"product","2":"type-product","3":"status-publish","4":"has-post-thumbnail","6":"product_cat-kem-tuoi","7":"product_cat-phong-banh","9":"first","10":"instock","11":"shipping-taxable","12":"product-type-simple"},"yoast_head":"<!-- This site is optimized with the Yoast SEO Premium plugin v22.7 (Yoast SEO v25.3.1) - https:\/\/yoast.com\/wordpress\/plugins\/seo\/ -->\n<title>Kem Va-ni - Nh\u00e0 May M\u1eafn - Maison Chance<\/title>\n<meta name=\"description\" content=\"Kem va-ni c\u1ee7a Nh\u00e0 May M\u1eafn l\u00e0 m\u1ed9t s\u1ea3n ph\u1ea9m \u0111\u1eb7c bi\u1ec7t, kh\u00f4ng ch\u1ec9 mang \u0111\u1ebfn h\u01b0\u01a1ng v\u1ecb th\u01a1m ngon m\u00e0 c\u00f2n ch\u1ee9a \u0111\u1ef1ng nh\u1eefng gi\u00e1 tr\u1ecb tinh th\u1ea7n to l\u1edbn. \u0110\u00e2y kh\u00f4ng ch\u1ec9 l\u00e0 m\u1ed9t m\u00f3n kem th\u00f4ng th\u01b0\u1eddng, m\u00e0 c\u00f2n l\u00e0 k\u1ebft qu\u1ea3 c\u1ee7a b\u00e0n tay kh\u00e9o l\u00e9o v\u00e0 s\u1ef1 n\u1ed7 l\u1ef1c kh\u00f4ng ng\u1eebng t\u1eeb c\u00e1c b\u1ea1n tr\u1ebb m\u1ed3 c\u00f4i\" \/>\n<meta name=\"robots\" content=\"index, follow, max-snippet:-1, max-image-preview:large, max-video-preview:-1\" \/>\n<link rel=\"canonical\" href=\"https:\/\/maison-chance.org\/shop\/san-pham\/kem-va-ni\" \/>\n<meta property=\"og:locale\" content=\"vi_VN\" \/>\n<meta property=\"og:type\" content=\"article\" \/>\n<meta property=\"og:title\" content=\"Kem Va-ni\" \/>\n<meta property=\"og:description\" content=\"Kem va-ni c\u1ee7a Nh\u00e0 May M\u1eafn l\u00e0 m\u1ed9t s\u1ea3n ph\u1ea9m \u0111\u1eb7c bi\u1ec7t, kh\u00f4ng ch\u1ec9 mang \u0111\u1ebfn h\u01b0\u01a1ng v\u1ecb th\u01a1m ngon m\u00e0 c\u00f2n ch\u1ee9a \u0111\u1ef1ng nh\u1eefng gi\u00e1 tr\u1ecb tinh th\u1ea7n to l\u1edbn. \u0110\u00e2y kh\u00f4ng ch\u1ec9 l\u00e0 m\u1ed9t m\u00f3n kem th\u00f4ng th\u01b0\u1eddng, m\u00e0 c\u00f2n l\u00e0 k\u1ebft qu\u1ea3 c\u1ee7a b\u00e0n tay kh\u00e9o l\u00e9o v\u00e0 s\u1ef1 n\u1ed7 l\u1ef1c kh\u00f4ng ng\u1eebng t\u1eeb c\u00e1c b\u1ea1n tr\u1ebb m\u1ed3 c\u00f4i\" \/>\n<meta property=\"og:url\" content=\"https:\/\/maison-chance.org\/shop\/san-pham\/kem-va-ni\" \/>\n<meta property=\"og:site_name\" content=\"Nh\u00e0 May M\u1eafn - Maison Chance\" \/>\n<meta property=\"article:publisher\" content=\"https:\/\/www.facebook.com\/dnxh.nhamayman\/\" \/>\n<meta property=\"article:modified_time\" content=\"2024-11-12T07:43:30+00:00\" \/>\n<meta property=\"og:image\" content=\"https:\/\/maison-chance.org\/shop\/wp-content\/uploads\/2024\/04\/kem-vanilla.jpg\" \/>\n\t<meta property=\"og:image:width\" content=\"1000\" \/>\n\t<meta property=\"og:image:height\" content=\"1000\" \/>\n\t<meta property=\"og:image:type\" content=\"image\/jpeg\" \/>\n<meta name=\"twitter:card\" content=\"summary_large_image\" \/>\n<meta name=\"twitter:label1\" content=\"Gi\u00e1\" \/>\n\t<meta name=\"twitter:data1\" content=\"\" \/>\n\t<meta name=\"twitter:label2\" content=\"Availability\" \/>\n\t<meta name=\"twitter:data2\" content=\"In stock\" \/>\n<script type=\"application\/ld+json\" class=\"yoast-schema-graph\">{\"@context\":\"https:\/\/schema.org\",\"@graph\":[{\"@type\":\"WebPage\",\"@id\":\"https:\/\/maison-chance.org\/shop\/san-pham\/kem-va-ni\",\"url\":\"https:\/\/maison-chance.org\/shop\/san-pham\/kem-va-ni\",\"name\":\"Kem Va-ni - Nh\u00e0 May M\u1eafn - Maison Chance\",\"isPartOf\":{\"@id\":\"https:\/\/maison-chance.org\/shop\/#website\"},\"primaryImageOfPage\":{\"@id\":\"https:\/\/maison-chance.org\/shop\/san-pham\/kem-va-ni#primaryimage\"},\"image\":{\"@id\":\"https:\/\/maison-chance.org\/shop\/san-pham\/kem-va-ni#primaryimage\"},\"thumbnailUrl\":\"https:\/\/maison-chance.org\/shop\/wp-content\/uploads\/2024\/04\/kem-vanilla.jpg\",\"datePublished\":\"2024-11-12T01:00:15+00:00\",\"dateModified\":\"2024-11-12T07:43:30+00:00\",\"description\":\"Kem va-ni c\u1ee7a Nh\u00e0 May M\u1eafn l\u00e0 m\u1ed9t s\u1ea3n ph\u1ea9m \u0111\u1eb7c bi\u1ec7t, kh\u00f4ng ch\u1ec9 mang \u0111\u1ebfn h\u01b0\u01a1ng v\u1ecb th\u01a1m ngon m\u00e0 c\u00f2n ch\u1ee9a \u0111\u1ef1ng nh\u1eefng gi\u00e1 tr\u1ecb tinh th\u1ea7n to l\u1edbn. \u0110\u00e2y kh\u00f4ng ch\u1ec9 l\u00e0 m\u1ed9t m\u00f3n kem th\u00f4ng th\u01b0\u1eddng, m\u00e0 c\u00f2n l\u00e0 k\u1ebft qu\u1ea3 c\u1ee7a b\u00e0n tay kh\u00e9o l\u00e9o v\u00e0 s\u1ef1 n\u1ed7 l\u1ef1c kh\u00f4ng ng\u1eebng t\u1eeb c\u00e1c b\u1ea1n tr\u1ebb m\u1ed3 c\u00f4i\",\"breadcrumb\":{\"@id\":\"https:\/\/maison-chance.org\/shop\/san-pham\/kem-va-ni#breadcrumb\"},\"inLanguage\":\"vi-VN\",\"potentialAction\":[{\"@type\":\"ReadAction\",\"target\":[\"https:\/\/maison-chance.org\/shop\/san-pham\/kem-va-ni\"]}]},{\"@type\":\"ImageObject\",\"inLanguage\":\"vi-VN\",\"@id\":\"https:\/\/maison-chance.org\/shop\/san-pham\/kem-va-ni#primaryimage\",\"url\":\"https:\/\/maison-chance.org\/shop\/wp-content\/uploads\/2024\/04\/kem-vanilla.jpg\",\"contentUrl\":\"https:\/\/maison-chance.org\/shop\/wp-content\/uploads\/2024\/04\/kem-vanilla.jpg\",\"width\":1000,\"height\":1000,\"caption\":\"Kem Va-ni\"},{\"@type\":\"BreadcrumbList\",\"@id\":\"https:\/\/maison-chance.org\/shop\/san-pham\/kem-va-ni#breadcrumb\",\"itemListElement\":[{\"@type\":\"ListItem\",\"position\":1,\"name\":\"Trang ch\u1ee7\",\"item\":\"https:\/\/maison-chance.org\/shop\/\"},{\"@type\":\"ListItem\",\"position\":2,\"name\":\"Shop\",\"item\":\"https:\/\/maison-chance.org\/shop\/shop\"},{\"@type\":\"ListItem\",\"position\":3,\"name\":\"Kem Va-ni\"}]},{\"@type\":\"WebSite\",\"@id\":\"https:\/\/maison-chance.org\/shop\/#website\",\"url\":\"https:\/\/maison-chance.org\/shop\/\",\"name\":\"Nh\u00e0 May M\u1eafn - Maison Chance\",\"description\":\"M\u1ecdi l\u1ee3i nhu\u1eadn thu v\u1ec1 t\u1eeb vi\u1ec7c b\u00e1n h\u00e0ng s\u1ebd tr\u00edch m\u1ed9t ph\u1ea7n \u0111\u1ec3 ch\u0103m lo cho \u0111\u1eddi s\u1ed1ng c\u00e1c b\u1ea1n khuy\u1ebft t\u1eadt v\u00e0 tr\u1ebb m\u1ed3 c\u00f4i \u1edf \u0111\u00e2y\",\"publisher\":{\"@id\":\"https:\/\/maison-chance.org\/shop\/#organization\"},\"potentialAction\":[{\"@type\":\"SearchAction\",\"target\":{\"@type\":\"EntryPoint\",\"urlTemplate\":\"https:\/\/maison-chance.org\/shop\/?s={search_term_string}\"},\"query-input\":{\"@type\":\"PropertyValueSpecification\",\"valueRequired\":true,\"valueName\":\"search_term_string\"}}],\"inLanguage\":\"vi-VN\"},{\"@type\":\"Organization\",\"@id\":\"https:\/\/maison-chance.org\/shop\/#organization\",\"name\":\"Nh\u00e0 May M\u1eafn - Maison Chance\",\"url\":\"https:\/\/maison-chance.org\/shop\/\",\"logo\":{\"@type\":\"ImageObject\",\"inLanguage\":\"vi-VN\",\"@id\":\"https:\/\/maison-chance.org\/shop\/#\/schema\/logo\/image\/\",\"url\":\"https:\/\/maison-chance.org\/shop\/wp-content\/uploads\/2024\/03\/cropped-Logo_DNXH.png\",\"contentUrl\":\"https:\/\/maison-chance.org\/shop\/wp-content\/uploads\/2024\/03\/cropped-Logo_DNXH.png\",\"width\":512,\"height\":512,\"caption\":\"Nh\u00e0 May M\u1eafn - Maison Chance\"},\"image\":{\"@id\":\"https:\/\/maison-chance.org\/shop\/#\/schema\/logo\/image\/\"},\"sameAs\":[\"https:\/\/www.facebook.com\/dnxh.nhamayman\/\"]}]}<\/script>\n<meta property=\"product:price:amount\" content=\"0.00\" \/>\n<meta property=\"product:price:currency\" content=\"USD\" \/>\n<meta property=\"og:availability\" content=\"instock\" \/>\n<meta property=\"product:availability\" content=\"instock\" \/>\n<meta property=\"product:condition\" content=\"new\" \/>\n<!-- \/ Yoast SEO Premium plugin. -->","yoast_head_json":{"title":"Kem Va-ni - Nh\u00e0 May M\u1eafn - Maison Chance","description":"Kem va-ni c\u1ee7a Nh\u00e0 May M\u1eafn l\u00e0 m\u1ed9t s\u1ea3n ph\u1ea9m \u0111\u1eb7c bi\u1ec7t, kh\u00f4ng ch\u1ec9 mang \u0111\u1ebfn h\u01b0\u01a1ng v\u1ecb th\u01a1m ngon m\u00e0 c\u00f2n ch\u1ee9a \u0111\u1ef1ng nh\u1eefng gi\u00e1 tr\u1ecb tinh th\u1ea7n to l\u1edbn. \u0110\u00e2y kh\u00f4ng ch\u1ec9 l\u00e0 m\u1ed9t m\u00f3n kem th\u00f4ng th\u01b0\u1eddng, m\u00e0 c\u00f2n l\u00e0 k\u1ebft qu\u1ea3 c\u1ee7a b\u00e0n tay kh\u00e9o l\u00e9o v\u00e0 s\u1ef1 n\u1ed7 l\u1ef1c kh\u00f4ng ng\u1eebng t\u1eeb c\u00e1c b\u1ea1n tr\u1ebb m\u1ed3 c\u00f4i","robots":{"index":"index","follow":"follow","max-snippet":"max-snippet:-1","max-image-preview":"max-image-preview:large","max-video-preview":"max-video-preview:-1"},"canonical":"https:\/\/maison-chance.org\/shop\/san-pham\/kem-va-ni","og_locale":"vi_VN","og_type":"article","og_title":"Kem Va-ni","og_description":"Kem va-ni c\u1ee7a Nh\u00e0 May M\u1eafn l\u00e0 m\u1ed9t s\u1ea3n ph\u1ea9m \u0111\u1eb7c bi\u1ec7t, kh\u00f4ng ch\u1ec9 mang \u0111\u1ebfn h\u01b0\u01a1ng v\u1ecb th\u01a1m ngon m\u00e0 c\u00f2n ch\u1ee9a \u0111\u1ef1ng nh\u1eefng gi\u00e1 tr\u1ecb tinh th\u1ea7n to l\u1edbn. \u0110\u00e2y kh\u00f4ng ch\u1ec9 l\u00e0 m\u1ed9t m\u00f3n kem th\u00f4ng th\u01b0\u1eddng, m\u00e0 c\u00f2n l\u00e0 k\u1ebft qu\u1ea3 c\u1ee7a b\u00e0n tay kh\u00e9o l\u00e9o v\u00e0 s\u1ef1 n\u1ed7 l\u1ef1c kh\u00f4ng ng\u1eebng t\u1eeb c\u00e1c b\u1ea1n tr\u1ebb m\u1ed3 c\u00f4i","og_url":"https:\/\/maison-chance.org\/shop\/san-pham\/kem-va-ni","og_site_name":"Nh\u00e0 May M\u1eafn - Maison Chance","article_publisher":"https:\/\/www.facebook.com\/dnxh.nhamayman\/","article_modified_time":"2024-11-12T07:43:30+00:00","og_image":[{"width":1000,"height":1000,"url":"https:\/\/maison-chance.org\/shop\/wp-content\/uploads\/2024\/04\/kem-vanilla.jpg","type":"image\/jpeg"}],"twitter_card":"summary_large_image","twitter_misc":{"Gi\u00e1":"","Availability":"In stock"},"schema":{"@context":"https:\/\/schema.org","@graph":[{"@type":"WebPage","@id":"https:\/\/maison-chance.org\/shop\/san-pham\/kem-va-ni","url":"https:\/\/maison-chance.org\/shop\/san-pham\/kem-va-ni","name":"Kem Va-ni - Nh\u00e0 May M\u1eafn - Maison Chance","isPartOf":{"@id":"https:\/\/maison-chance.org\/shop\/#website"},"primaryImageOfPage":{"@id":"https:\/\/maison-chance.org\/shop\/san-pham\/kem-va-ni#primaryimage"},"image":{"@id":"https:\/\/maison-chance.org\/shop\/san-pham\/kem-va-ni#primaryimage"},"thumbnailUrl":"https:\/\/maison-chance.org\/shop\/wp-content\/uploads\/2024\/04\/kem-vanilla.jpg","datePublished":"2024-11-12T01:00:15+00:00","dateModified":"2024-11-12T07:43:30+00:00","description":"Kem va-ni c\u1ee7a Nh\u00e0 May M\u1eafn l\u00e0 m\u1ed9t s\u1ea3n ph\u1ea9m \u0111\u1eb7c bi\u1ec7t, kh\u00f4ng ch\u1ec9 mang \u0111\u1ebfn h\u01b0\u01a1ng v\u1ecb th\u01a1m ngon m\u00e0 c\u00f2n ch\u1ee9a \u0111\u1ef1ng nh\u1eefng gi\u00e1 tr\u1ecb tinh th\u1ea7n to l\u1edbn. \u0110\u00e2y kh\u00f4ng ch\u1ec9 l\u00e0 m\u1ed9t m\u00f3n kem th\u00f4ng th\u01b0\u1eddng, m\u00e0 c\u00f2n l\u00e0 k\u1ebft qu\u1ea3 c\u1ee7a b\u00e0n tay kh\u00e9o l\u00e9o v\u00e0 s\u1ef1 n\u1ed7 l\u1ef1c kh\u00f4ng ng\u1eebng t\u1eeb c\u00e1c b\u1ea1n tr\u1ebb m\u1ed3 c\u00f4i","breadcrumb":{"@id":"https:\/\/maison-chance.org\/shop\/san-pham\/kem-va-ni#breadcrumb"},"inLanguage":"vi-VN","potentialAction":[{"@type":"ReadAction","target":["https:\/\/maison-chance.org\/shop\/san-pham\/kem-va-ni"]}]},{"@type":"ImageObject","inLanguage":"vi-VN","@id":"https:\/\/maison-chance.org\/shop\/san-pham\/kem-va-ni#primaryimage","url":"https:\/\/maison-chance.org\/shop\/wp-content\/uploads\/2024\/04\/kem-vanilla.jpg","contentUrl":"https:\/\/maison-chance.org\/shop\/wp-content\/uploads\/2024\/04\/kem-vanilla.jpg","width":1000,"height":1000,"caption":"Kem Va-ni"},{"@type":"BreadcrumbList","@id":"https:\/\/maison-chance.org\/shop\/san-pham\/kem-va-ni#breadcrumb","itemListElement":[{"@type":"ListItem","position":1,"name":"Trang ch\u1ee7","item":"https:\/\/maison-chance.org\/shop\/"},{"@type":"ListItem","position":2,"name":"Shop","item":"https:\/\/maison-chance.org\/shop\/shop"},{"@type":"ListItem","position":3,"name":"Kem Va-ni"}]},{"@type":"WebSite","@id":"https:\/\/maison-chance.org\/shop\/#website","url":"https:\/\/maison-chance.org\/shop\/","name":"Nh\u00e0 May M\u1eafn - Maison Chance","description":"M\u1ecdi l\u1ee3i nhu\u1eadn thu v\u1ec1 t\u1eeb vi\u1ec7c b\u00e1n h\u00e0ng s\u1ebd tr\u00edch m\u1ed9t ph\u1ea7n \u0111\u1ec3 ch\u0103m lo cho \u0111\u1eddi s\u1ed1ng c\u00e1c b\u1ea1n khuy\u1ebft t\u1eadt v\u00e0 tr\u1ebb m\u1ed3 c\u00f4i \u1edf \u0111\u00e2y","publisher":{"@id":"https:\/\/maison-chance.org\/shop\/#organization"},"potentialAction":[{"@type":"SearchAction","target":{"@type":"EntryPoint","urlTemplate":"https:\/\/maison-chance.org\/shop\/?s={search_term_string}"},"query-input":{"@type":"PropertyValueSpecification","valueRequired":true,"valueName":"search_term_string"}}],"inLanguage":"vi-VN"},{"@type":"Organization","@id":"https:\/\/maison-chance.org\/shop\/#organization","name":"Nh\u00e0 May M\u1eafn - Maison Chance","url":"https:\/\/maison-chance.org\/shop\/","logo":{"@type":"ImageObject","inLanguage":"vi-VN","@id":"https:\/\/maison-chance.org\/shop\/#\/schema\/logo\/image\/","url":"https:\/\/maison-chance.org\/shop\/wp-content\/uploads\/2024\/03\/cropped-Logo_DNXH.png","contentUrl":"https:\/\/maison-chance.org\/shop\/wp-content\/uploads\/2024\/03\/cropped-Logo_DNXH.png","width":512,"height":512,"caption":"Nh\u00e0 May M\u1eafn - Maison Chance"},"image":{"@id":"https:\/\/maison-chance.org\/shop\/#\/schema\/logo\/image\/"},"sameAs":["https:\/\/www.facebook.com\/dnxh.nhamayman\/"]}]},"product_price_amount":"0.00","product_price_currency":"USD","og_availability":"instock","product_availability":"instock","product_condition":"new"},"_links":{"self":[{"href":"https:\/\/maison-chance.org\/shop\/wp-json\/wp\/v2\/product\/38163","targetHints":{"allow":["GET"]}}],"collection":[{"href":"https:\/\/maison-chance.org\/shop\/wp-json\/wp\/v2\/product"}],"about":[{"href":"https:\/\/maison-chance.org\/shop\/wp-json\/wp\/v2\/types\/product"}],"wp:featuredmedia":[{"embeddable":true,"href":"https:\/\/maison-chance.org\/shop\/wp-json\/wp\/v2\/media\/38164"}],"wp:attachment":[{"href":"https:\/\/maison-chance.org\/shop\/wp-json\/wp\/v2\/media?parent=38163"}],"wp:term":[{"taxonomy":"product_brand","embeddable":true,"href":"https:\/\/maison-chance.org\/shop\/wp-json\/wp\/v2\/product_brand?post=38163"},{"taxonomy":"product_cat","embeddable":true,"href":"https:\/\/maison-chance.org\/shop\/wp-json\/wp\/v2\/product_cat?post=38163"},{"taxonomy":"product_tag","embeddable":true,"href":"https:\/\/maison-chance.org\/shop\/wp-json\/wp\/v2\/product_tag?post=38163"}],"curies":[{"name":"wp","href":"https:\/\/api.w.org\/{rel}","templated":true}]}}