{"id":38173,"date":"2024-04-15T09:00:31","date_gmt":"2024-04-15T02:00:31","guid":{"rendered":"https:\/\/maison-chance.org\/shop\/?post_type=product&#038;p=38173"},"modified":"2024-04-15T09:00:31","modified_gmt":"2024-04-15T02:00:31","slug":"banh-trung-thu-dau-xanh","status":"publish","type":"product","link":"https:\/\/maison-chance.org\/shop\/san-pham\/banh-trung-thu-dau-xanh","title":{"rendered":"B\u00e1nh trung thu \u0111\u1eadu xanh"},"content":{"rendered":"","protected":false},"excerpt":{"rendered":"<p>\u2013 V\u1ecf b\u00e1nh hoa \u0111\u1eadu bi\u1ebfc<br \/>\n\u2013 Nh\u00e2n tr\u1ee9ng mu\u1ed1i, \u0111\u1eadu xanh, h\u1ea1nh nh\u00e2n l\u00e1t<\/p>\n<p>\ud83d\udcab T\u1ea5t c\u1ea3 l\u1ee3i nhu\u1eadn thu \u0111\u01b0\u1ee3c t\u1eeb vi\u1ec7c b\u00e1n h\u00e0ng, m\u1ed9t ph\u1ea7n s\u1ebd ch\u0103m lo l\u1ea1i cho \u0111\u1eddi s\u1ed1ng c\u00e1c anh ch\u1ecb khuy\u1ebft t\u1eadt t\u1ea1i \u0111\u00e2y, ph\u1ea7n c\u00f2n l\u1ea1i s\u1ebd ti\u1ebfp t\u1ee5c v\u1eadn h\u00e0nh v\u00e0 chi tr\u1ea3 c\u00e1c chi ph\u00ed kh\u00e1c \ud83d\udcab<br \/>\n\u2728 K\u00ednh mong Qu\u00fd kh\u00e1ch h\u00e0ng \u1ee7ng h\u1ed9 s\u1ea3n ph\u1ea9m c\u1ee7a c\u00e1c b\u1ea1n tr\u1ebb m\u1ed3 c\u00f4i \u0111ang sinh s\u1ed1ng v\u00e0 l\u00e0m vi\u1ec7c t\u1ea1i Nh\u00e0 May M\u1eafn ch\u00fang em! \u2728<\/p>\n<p>Hotline :\u00a0<span style=\"font-size: 115%;color: #ed1c24\"><strong>090 906 2528<\/strong><\/span><\/p>\n","protected":false},"featured_media":38174,"template":"","meta":[],"product_brand":[],"product_cat":[155,150],"product_tag":[],"class_list":{"0":"post-38173","1":"product","2":"type-product","3":"status-publish","4":"has-post-thumbnail","6":"product_cat-banh-trung-thu","7":"product_cat-phong-banh","9":"first","10":"instock","11":"shipping-taxable","12":"product-type-simple"},"yoast_head":"<!-- This site is optimized with the Yoast SEO Premium plugin v22.7 (Yoast SEO v25.3.1) - https:\/\/yoast.com\/wordpress\/plugins\/seo\/ -->\n<title>B\u00e1nh trung thu \u0111\u1eadu xanh - Nh\u00e0 May M\u1eafn - Maison Chance<\/title>\n<meta name=\"robots\" content=\"index, follow, max-snippet:-1, max-image-preview:large, max-video-preview:-1\" \/>\n<link rel=\"canonical\" href=\"https:\/\/maison-chance.org\/shop\/san-pham\/banh-trung-thu-dau-xanh\" \/>\n<meta property=\"og:locale\" content=\"vi_VN\" \/>\n<meta property=\"og:type\" content=\"article\" \/>\n<meta property=\"og:title\" content=\"B\u00e1nh trung thu \u0111\u1eadu xanh\" \/>\n<meta property=\"og:description\" content=\"\u2013 V\u1ecf b\u00e1nh hoa \u0111\u1eadu bi\u1ebfc \u2013 Nh\u00e2n tr\u1ee9ng mu\u1ed1i, \u0111\u1eadu xanh, h\u1ea1nh nh\u00e2n l\u00e1t  \ud83d\udcab T\u1ea5t c\u1ea3 l\u1ee3i nhu\u1eadn thu \u0111\u01b0\u1ee3c t\u1eeb vi\u1ec7c b\u00e1n h\u00e0ng, m\u1ed9t ph\u1ea7n s\u1ebd ch\u0103m lo l\u1ea1i cho \u0111\u1eddi s\u1ed1ng c\u00e1c anh ch\u1ecb khuy\u1ebft t\u1eadt t\u1ea1i \u0111\u00e2y, ph\u1ea7n c\u00f2n l\u1ea1i s\u1ebd ti\u1ebfp t\u1ee5c v\u1eadn h\u00e0nh v\u00e0 chi tr\u1ea3 c\u00e1c chi ph\u00ed kh\u00e1c \ud83d\udcab \u2728 K\u00ednh mong Qu\u00fd kh\u00e1ch h\u00e0ng \u1ee7ng h\u1ed9 s\u1ea3n ph\u1ea9m c\u1ee7a c\u00e1c b\u1ea1n tr\u1ebb m\u1ed3 c\u00f4i \u0111ang sinh s\u1ed1ng v\u00e0 l\u00e0m vi\u1ec7c t\u1ea1i Nh\u00e0 May M\u1eafn ch\u00fang em! \u2728  Hotline :\u00a0090 906 2528\" \/>\n<meta property=\"og:url\" content=\"https:\/\/maison-chance.org\/shop\/san-pham\/banh-trung-thu-dau-xanh\" \/>\n<meta property=\"og:site_name\" content=\"Nh\u00e0 May M\u1eafn - Maison Chance\" \/>\n<meta property=\"article:publisher\" content=\"https:\/\/www.facebook.com\/dnxh.nhamayman\/\" \/>\n<meta property=\"og:image\" content=\"https:\/\/maison-chance.org\/shop\/wp-content\/uploads\/2024\/04\/banh-dau-xanh.jpg\" \/>\n\t<meta property=\"og:image:width\" content=\"600\" \/>\n\t<meta property=\"og:image:height\" content=\"600\" \/>\n\t<meta property=\"og:image:type\" content=\"image\/jpeg\" \/>\n<meta name=\"twitter:card\" content=\"summary_large_image\" \/>\n<meta name=\"twitter:label1\" content=\"Gi\u00e1\" \/>\n\t<meta name=\"twitter:data1\" content=\"\" \/>\n\t<meta name=\"twitter:label2\" content=\"Availability\" \/>\n\t<meta name=\"twitter:data2\" content=\"In stock\" \/>\n<script type=\"application\/ld+json\" class=\"yoast-schema-graph\">{\"@context\":\"https:\/\/schema.org\",\"@graph\":[{\"@type\":\"WebPage\",\"@id\":\"https:\/\/maison-chance.org\/shop\/san-pham\/banh-trung-thu-dau-xanh\",\"url\":\"https:\/\/maison-chance.org\/shop\/san-pham\/banh-trung-thu-dau-xanh\",\"name\":\"B\u00e1nh trung thu \u0111\u1eadu xanh - Nh\u00e0 May M\u1eafn - Maison Chance\",\"isPartOf\":{\"@id\":\"https:\/\/maison-chance.org\/shop\/#website\"},\"primaryImageOfPage\":{\"@id\":\"https:\/\/maison-chance.org\/shop\/san-pham\/banh-trung-thu-dau-xanh#primaryimage\"},\"image\":{\"@id\":\"https:\/\/maison-chance.org\/shop\/san-pham\/banh-trung-thu-dau-xanh#primaryimage\"},\"thumbnailUrl\":\"https:\/\/maison-chance.org\/shop\/wp-content\/uploads\/2024\/04\/banh-dau-xanh.jpg\",\"datePublished\":\"2024-04-15T02:00:31+00:00\",\"breadcrumb\":{\"@id\":\"https:\/\/maison-chance.org\/shop\/san-pham\/banh-trung-thu-dau-xanh#breadcrumb\"},\"inLanguage\":\"vi-VN\",\"potentialAction\":[{\"@type\":\"ReadAction\",\"target\":[\"https:\/\/maison-chance.org\/shop\/san-pham\/banh-trung-thu-dau-xanh\"]}]},{\"@type\":\"ImageObject\",\"inLanguage\":\"vi-VN\",\"@id\":\"https:\/\/maison-chance.org\/shop\/san-pham\/banh-trung-thu-dau-xanh#primaryimage\",\"url\":\"https:\/\/maison-chance.org\/shop\/wp-content\/uploads\/2024\/04\/banh-dau-xanh.jpg\",\"contentUrl\":\"https:\/\/maison-chance.org\/shop\/wp-content\/uploads\/2024\/04\/banh-dau-xanh.jpg\",\"width\":600,\"height\":600,\"caption\":\"B\u00e1nh trung thu \u0111\u1eadu xanh\"},{\"@type\":\"BreadcrumbList\",\"@id\":\"https:\/\/maison-chance.org\/shop\/san-pham\/banh-trung-thu-dau-xanh#breadcrumb\",\"itemListElement\":[{\"@type\":\"ListItem\",\"position\":1,\"name\":\"Trang ch\u1ee7\",\"item\":\"https:\/\/maison-chance.org\/shop\/\"},{\"@type\":\"ListItem\",\"position\":2,\"name\":\"Shop\",\"item\":\"https:\/\/maison-chance.org\/shop\/shop\"},{\"@type\":\"ListItem\",\"position\":3,\"name\":\"B\u00e1nh trung thu \u0111\u1eadu xanh\"}]},{\"@type\":\"WebSite\",\"@id\":\"https:\/\/maison-chance.org\/shop\/#website\",\"url\":\"https:\/\/maison-chance.org\/shop\/\",\"name\":\"Nh\u00e0 May M\u1eafn - Maison Chance\",\"description\":\"M\u1ecdi l\u1ee3i nhu\u1eadn thu v\u1ec1 t\u1eeb vi\u1ec7c b\u00e1n h\u00e0ng s\u1ebd tr\u00edch m\u1ed9t ph\u1ea7n \u0111\u1ec3 ch\u0103m lo cho \u0111\u1eddi s\u1ed1ng c\u00e1c b\u1ea1n khuy\u1ebft t\u1eadt v\u00e0 tr\u1ebb m\u1ed3 c\u00f4i \u1edf \u0111\u00e2y\",\"publisher\":{\"@id\":\"https:\/\/maison-chance.org\/shop\/#organization\"},\"potentialAction\":[{\"@type\":\"SearchAction\",\"target\":{\"@type\":\"EntryPoint\",\"urlTemplate\":\"https:\/\/maison-chance.org\/shop\/?s={search_term_string}\"},\"query-input\":{\"@type\":\"PropertyValueSpecification\",\"valueRequired\":true,\"valueName\":\"search_term_string\"}}],\"inLanguage\":\"vi-VN\"},{\"@type\":\"Organization\",\"@id\":\"https:\/\/maison-chance.org\/shop\/#organization\",\"name\":\"Nh\u00e0 May M\u1eafn - Maison Chance\",\"url\":\"https:\/\/maison-chance.org\/shop\/\",\"logo\":{\"@type\":\"ImageObject\",\"inLanguage\":\"vi-VN\",\"@id\":\"https:\/\/maison-chance.org\/shop\/#\/schema\/logo\/image\/\",\"url\":\"https:\/\/maison-chance.org\/shop\/wp-content\/uploads\/2024\/03\/cropped-Logo_DNXH.png\",\"contentUrl\":\"https:\/\/maison-chance.org\/shop\/wp-content\/uploads\/2024\/03\/cropped-Logo_DNXH.png\",\"width\":512,\"height\":512,\"caption\":\"Nh\u00e0 May M\u1eafn - Maison Chance\"},\"image\":{\"@id\":\"https:\/\/maison-chance.org\/shop\/#\/schema\/logo\/image\/\"},\"sameAs\":[\"https:\/\/www.facebook.com\/dnxh.nhamayman\/\"]}]}<\/script>\n<meta property=\"product:price:amount\" content=\"0.00\" \/>\n<meta property=\"product:price:currency\" content=\"USD\" \/>\n<meta property=\"og:availability\" content=\"instock\" \/>\n<meta property=\"product:availability\" content=\"instock\" \/>\n<meta property=\"product:condition\" content=\"new\" \/>\n<!-- \/ Yoast SEO Premium plugin. -->","yoast_head_json":{"title":"B\u00e1nh trung thu \u0111\u1eadu xanh - Nh\u00e0 May M\u1eafn - Maison Chance","robots":{"index":"index","follow":"follow","max-snippet":"max-snippet:-1","max-image-preview":"max-image-preview:large","max-video-preview":"max-video-preview:-1"},"canonical":"https:\/\/maison-chance.org\/shop\/san-pham\/banh-trung-thu-dau-xanh","og_locale":"vi_VN","og_type":"article","og_title":"B\u00e1nh trung thu \u0111\u1eadu xanh","og_description":"\u2013 V\u1ecf b\u00e1nh hoa \u0111\u1eadu bi\u1ebfc \u2013 Nh\u00e2n tr\u1ee9ng mu\u1ed1i, \u0111\u1eadu xanh, h\u1ea1nh nh\u00e2n l\u00e1t  \ud83d\udcab T\u1ea5t c\u1ea3 l\u1ee3i nhu\u1eadn thu \u0111\u01b0\u1ee3c t\u1eeb vi\u1ec7c b\u00e1n h\u00e0ng, m\u1ed9t ph\u1ea7n s\u1ebd ch\u0103m lo l\u1ea1i cho \u0111\u1eddi s\u1ed1ng c\u00e1c anh ch\u1ecb khuy\u1ebft t\u1eadt t\u1ea1i \u0111\u00e2y, ph\u1ea7n c\u00f2n l\u1ea1i s\u1ebd ti\u1ebfp t\u1ee5c v\u1eadn h\u00e0nh v\u00e0 chi tr\u1ea3 c\u00e1c chi ph\u00ed kh\u00e1c \ud83d\udcab \u2728 K\u00ednh mong Qu\u00fd kh\u00e1ch h\u00e0ng \u1ee7ng h\u1ed9 s\u1ea3n ph\u1ea9m c\u1ee7a c\u00e1c b\u1ea1n tr\u1ebb m\u1ed3 c\u00f4i \u0111ang sinh s\u1ed1ng v\u00e0 l\u00e0m vi\u1ec7c t\u1ea1i Nh\u00e0 May M\u1eafn ch\u00fang em! \u2728  Hotline :\u00a0090 906 2528","og_url":"https:\/\/maison-chance.org\/shop\/san-pham\/banh-trung-thu-dau-xanh","og_site_name":"Nh\u00e0 May M\u1eafn - Maison Chance","article_publisher":"https:\/\/www.facebook.com\/dnxh.nhamayman\/","og_image":[{"width":600,"height":600,"url":"https:\/\/maison-chance.org\/shop\/wp-content\/uploads\/2024\/04\/banh-dau-xanh.jpg","type":"image\/jpeg"}],"twitter_card":"summary_large_image","twitter_misc":{"Gi\u00e1":"","Availability":"In stock"},"schema":{"@context":"https:\/\/schema.org","@graph":[{"@type":"WebPage","@id":"https:\/\/maison-chance.org\/shop\/san-pham\/banh-trung-thu-dau-xanh","url":"https:\/\/maison-chance.org\/shop\/san-pham\/banh-trung-thu-dau-xanh","name":"B\u00e1nh trung thu \u0111\u1eadu xanh - Nh\u00e0 May M\u1eafn - Maison Chance","isPartOf":{"@id":"https:\/\/maison-chance.org\/shop\/#website"},"primaryImageOfPage":{"@id":"https:\/\/maison-chance.org\/shop\/san-pham\/banh-trung-thu-dau-xanh#primaryimage"},"image":{"@id":"https:\/\/maison-chance.org\/shop\/san-pham\/banh-trung-thu-dau-xanh#primaryimage"},"thumbnailUrl":"https:\/\/maison-chance.org\/shop\/wp-content\/uploads\/2024\/04\/banh-dau-xanh.jpg","datePublished":"2024-04-15T02:00:31+00:00","breadcrumb":{"@id":"https:\/\/maison-chance.org\/shop\/san-pham\/banh-trung-thu-dau-xanh#breadcrumb"},"inLanguage":"vi-VN","potentialAction":[{"@type":"ReadAction","target":["https:\/\/maison-chance.org\/shop\/san-pham\/banh-trung-thu-dau-xanh"]}]},{"@type":"ImageObject","inLanguage":"vi-VN","@id":"https:\/\/maison-chance.org\/shop\/san-pham\/banh-trung-thu-dau-xanh#primaryimage","url":"https:\/\/maison-chance.org\/shop\/wp-content\/uploads\/2024\/04\/banh-dau-xanh.jpg","contentUrl":"https:\/\/maison-chance.org\/shop\/wp-content\/uploads\/2024\/04\/banh-dau-xanh.jpg","width":600,"height":600,"caption":"B\u00e1nh trung thu \u0111\u1eadu xanh"},{"@type":"BreadcrumbList","@id":"https:\/\/maison-chance.org\/shop\/san-pham\/banh-trung-thu-dau-xanh#breadcrumb","itemListElement":[{"@type":"ListItem","position":1,"name":"Trang ch\u1ee7","item":"https:\/\/maison-chance.org\/shop\/"},{"@type":"ListItem","position":2,"name":"Shop","item":"https:\/\/maison-chance.org\/shop\/shop"},{"@type":"ListItem","position":3,"name":"B\u00e1nh trung thu \u0111\u1eadu xanh"}]},{"@type":"WebSite","@id":"https:\/\/maison-chance.org\/shop\/#website","url":"https:\/\/maison-chance.org\/shop\/","name":"Nh\u00e0 May M\u1eafn - Maison Chance","description":"M\u1ecdi l\u1ee3i nhu\u1eadn thu v\u1ec1 t\u1eeb vi\u1ec7c b\u00e1n h\u00e0ng s\u1ebd tr\u00edch m\u1ed9t ph\u1ea7n \u0111\u1ec3 ch\u0103m lo cho \u0111\u1eddi s\u1ed1ng c\u00e1c b\u1ea1n khuy\u1ebft t\u1eadt v\u00e0 tr\u1ebb m\u1ed3 c\u00f4i \u1edf \u0111\u00e2y","publisher":{"@id":"https:\/\/maison-chance.org\/shop\/#organization"},"potentialAction":[{"@type":"SearchAction","target":{"@type":"EntryPoint","urlTemplate":"https:\/\/maison-chance.org\/shop\/?s={search_term_string}"},"query-input":{"@type":"PropertyValueSpecification","valueRequired":true,"valueName":"search_term_string"}}],"inLanguage":"vi-VN"},{"@type":"Organization","@id":"https:\/\/maison-chance.org\/shop\/#organization","name":"Nh\u00e0 May M\u1eafn - Maison Chance","url":"https:\/\/maison-chance.org\/shop\/","logo":{"@type":"ImageObject","inLanguage":"vi-VN","@id":"https:\/\/maison-chance.org\/shop\/#\/schema\/logo\/image\/","url":"https:\/\/maison-chance.org\/shop\/wp-content\/uploads\/2024\/03\/cropped-Logo_DNXH.png","contentUrl":"https:\/\/maison-chance.org\/shop\/wp-content\/uploads\/2024\/03\/cropped-Logo_DNXH.png","width":512,"height":512,"caption":"Nh\u00e0 May M\u1eafn - Maison Chance"},"image":{"@id":"https:\/\/maison-chance.org\/shop\/#\/schema\/logo\/image\/"},"sameAs":["https:\/\/www.facebook.com\/dnxh.nhamayman\/"]}]},"product_price_amount":"0.00","product_price_currency":"USD","og_availability":"instock","product_availability":"instock","product_condition":"new"},"_links":{"self":[{"href":"https:\/\/maison-chance.org\/shop\/wp-json\/wp\/v2\/product\/38173","targetHints":{"allow":["GET"]}}],"collection":[{"href":"https:\/\/maison-chance.org\/shop\/wp-json\/wp\/v2\/product"}],"about":[{"href":"https:\/\/maison-chance.org\/shop\/wp-json\/wp\/v2\/types\/product"}],"wp:featuredmedia":[{"embeddable":true,"href":"https:\/\/maison-chance.org\/shop\/wp-json\/wp\/v2\/media\/38174"}],"wp:attachment":[{"href":"https:\/\/maison-chance.org\/shop\/wp-json\/wp\/v2\/media?parent=38173"}],"wp:term":[{"taxonomy":"product_brand","embeddable":true,"href":"https:\/\/maison-chance.org\/shop\/wp-json\/wp\/v2\/product_brand?post=38173"},{"taxonomy":"product_cat","embeddable":true,"href":"https:\/\/maison-chance.org\/shop\/wp-json\/wp\/v2\/product_cat?post=38173"},{"taxonomy":"product_tag","embeddable":true,"href":"https:\/\/maison-chance.org\/shop\/wp-json\/wp\/v2\/product_tag?post=38173"}],"curies":[{"name":"wp","href":"https:\/\/api.w.org\/{rel}","templated":true}]}}