{"id":39371,"date":"2024-06-04T01:32:47","date_gmt":"2024-06-03T18:32:47","guid":{"rendered":"https:\/\/maison-chance.org\/shop?post_type=product&#038;p=39371"},"modified":"2024-06-04T07:06:22","modified_gmt":"2024-06-04T00:06:22","slug":"binh-yen","status":"publish","type":"product","link":"https:\/\/maison-chance.org\/shop\/san-pham\/binh-yen","title":{"rendered":"B\u00ecnh y\u00ean"},"content":{"rendered":"<p style=\"text-align: center;\">\ud83c\udf1f B\u1ee9c Tranh S\u01a1n D\u1ea7u &#8220;B\u00ecnh Y\u00ean&#8221; M\u1ed9t T\u00e1c Ph\u1ea9m Ngh\u1ec7 Thu\u1eadt T\u1eeb <a href=\"https:\/\/maison-chance.org\/shop\">Nh\u00e0 May M\u1eafn<\/a> &#8211; Maison Chance \ud83c\udf1f<\/p>\n<p><img decoding=\"async\" class=\"aligncenter wp-image-39377 size-medium\" src=\"https:\/\/maison-chance.org\/shop\/wp-content\/uploads\/2024\/06\/OR-24-NVC-60x90Cm-Binh-Yen-609x400.jpg\" alt=\"B\u00ecnh y\u00ean\" width=\"609\" height=\"400\" srcset=\"https:\/\/maison-chance.org\/shop\/wp-content\/uploads\/2024\/06\/OR-24-NVC-60x90Cm-Binh-Yen-609x400.jpg 609w, https:\/\/maison-chance.org\/shop\/wp-content\/uploads\/2024\/06\/OR-24-NVC-60x90Cm-Binh-Yen-768x504.jpg 768w, https:\/\/maison-chance.org\/shop\/wp-content\/uploads\/2024\/06\/OR-24-NVC-60x90Cm-Binh-Yen-510x335.jpg 510w, https:\/\/maison-chance.org\/shop\/wp-content\/uploads\/2024\/06\/OR-24-NVC-60x90Cm-Binh-Yen.jpg 914w\" sizes=\"(max-width: 609px) 100vw, 609px\" \/><\/p>\n<p>\ud83c\udfa8 B\u1ee9c tranh &#8220;B\u00ecnh Y\u00ean&#8221; c\u1ee7a h\u1ecda s\u0129 khuy\u1ebft t\u1eadt Nguy\u1ec5n V\u0103n Chi\u1ebfn s\u00e1ng t\u00e1c c\u00f3 k\u00edch th\u01b0\u1edbc 60&#215;90 cm, l\u00e0 m\u1ed9t b\u1ee9c <a href=\"https:\/\/maison-chance.org\/shop\/tranh-phong-canh\">tranh s\u01a1n d\u1ea7u phong c\u1ea3nh<\/a> \u0111\u1ea7y c\u1ea3m x\u00fac, mang \u0111\u1ebfn cho ng\u01b0\u1eddi xem c\u1ea3m gi\u00e1c b\u00ecnh y\u00ean v\u00e0 h\u00e0i h\u00f2a trong cu\u1ed9c s\u1ed1ng. \ud83c\udf3f\ud83c\udfe1<\/p>\n<p>\ud83c\udf05 T\u00e1c ph\u1ea9m v\u1ebd l\u1ea1i m\u1ed9t c\u1ea3nh l\u00e0ng y\u00ean b\u00ecnh b\u00ean b\u1edd s\u00f4ng, v\u1edbi nh\u1eefng ng\u00f4i nh\u00e0 truy\u1ec1n th\u1ed1ng m\u00e1i tranh ph\u1ea3n chi\u1ebfu d\u01b0\u1edbi m\u1eb7t n\u01b0\u1edbc l\u1eb7ng. Nh\u1eefng chi\u1ebfc thuy\u1ec1n nh\u1eb9 nh\u00e0ng \u0111\u1eadu tr\u00ean m\u1eb7t n\u01b0\u1edbc, t\u1ea1o n\u00ean kh\u00f4ng gian t\u0129nh l\u1eb7ng. \ud83c\udf33<\/p>\n<p>\ud83c\udf1f B\u1ee9c <a href=\"https:\/\/maison-chance.org\/shop\/phong-tranh-son-dau\">tranh s\u01a1n d\u1ea7u<\/a> &#8220;B\u00ecnh Y\u00ean&#8221; kh\u00f4ng ch\u1ec9 l\u00e0 m\u1ed9t t\u00e1c ph\u1ea9m ngh\u1ec7 thu\u1eadt m\u00e0 c\u00f2n l\u00e0 m\u1ed9t th\u00f4ng \u0111i\u1ec7p v\u1ec1 s\u1ef1 b\u00ecnh y\u00ean v\u00e0 h\u00e0i h\u00f2a trong cu\u1ed9c s\u1ed1ng. M\u1ed7i ng\u01b0\u1eddi khi ng\u1eafm nh\u00ecn t\u00e1c ph\u1ea9m n\u00e0y \u0111\u1ec1u c\u00f3 th\u1ec3 c\u1ea3m nh\u1eadn \u0111\u01b0\u1ee3c s\u1ef1 t\u0129nh l\u1eb7ng v\u00e0 \u0111\u1eb9p \u0111\u1ebd, gi\u00fap t\u00e2m h\u1ed3n th\u01b0 th\u00e1i v\u00e0 b\u00ecnh an. \ud83c\udfa8\u2764\ufe0f<\/p>\n<p>\ud83d\udc49 H\u00e3y mang v\u1ec1 s\u1ef1 b\u00ecnh y\u00ean cho kh\u00f4ng gian s\u1ed1ng c\u1ee7a b\u1ea1n, b\u1eb1ng c\u00e1ch s\u1edf h\u1eefu ngay b\u1ee9c tranh tuy\u1ec7t \u0111\u1eb9p n\u00e0y. \ud83c\udf1f\ud83c\udfe0<\/p>\n<p>\u2764 R\u1ea5t mong s\u1ebd nh\u1eadn \u0111\u01b0\u1ee3c s\u1ef1 \u1ee7ng h\u1ed9 t\u1eeb qu\u00fd kh\u00e1ch \u2764<br \/>\n&#8212;&#8212;&#8212;&#8212;&#8212;&#8212;&#8212;&#8212;&#8212;&#8212;&#8212;&#8212;&#8212;&#8212;&#8212;&#8212;&#8212;&#8212;&#8212;&#8212;&#8212;&#8212;&#8211;<br \/>\n\u2764 M\u1ecdi l\u1ee3i nhu\u1eadn thu v\u1ec1 t\u1eeb vi\u1ec7c b\u00e1n h\u00e0ng s\u1ebd tr\u00edch m\u1ed9t ph\u1ea7n \u0111\u1ec3 ch\u0103m lo cho \u0111\u1eddi s\u1ed1ng c\u00e1c b\u1ea1n khuy\u1ebft t\u1eadt v\u00e0 tr\u1ebb m\u1ed3 c\u00f4i \u1edf \u0111\u00e2y. Ph\u1ea7n c\u00f2n l\u1ea1i s\u1ebd ti\u1ebfp t\u1ee5c duy tr\u00ec ho\u1ea1t \u0111\u1ed9ng c\u1ee7a t\u1ed5 ch\u1ee9c \u2764<\/p>\n","protected":false},"excerpt":{"rendered":"<p>C\u00e1c s\u1ea3n ph\u1ea9m tranh s\u01a1n d\u1ea7u do Nh\u00e0 May M\u1eafn cung c\u1ea5p l\u00e0 nh\u1eefng s\u1ea3n ph\u1ea9m c\u1ee7a c\u00e1c b\u1ea1n khuy\u1ebft t\u1eadt k\u00e9m may m\u1eafn v\u1ebd.<\/p>\n<p>K\u00edch th\u01b0\u1edbc (cm) : 60\u00d790<\/p>\n<p>Th\u1ec3 lo\u1ea1i : S\u00e1ng t\u00e1c<\/p>\n<p>T\u00e1c gi\u1ea3 : Nguy\u1ec5n V\u0103n Chi\u1ebfn<\/p>\n<p style=\"text-align: justify;\">Hotline : <span style=\"color: #ff0000; font-size: 18pt;\"><strong>0909 06 25 28<\/strong><\/span><\/p>\n","protected":false},"featured_media":39372,"template":"","meta":[],"product_brand":[],"product_cat":[144,146],"product_tag":[],"class_list":{"0":"post-39371","1":"product","2":"type-product","3":"status-publish","4":"has-post-thumbnail","6":"product_cat-phong-tranh-son-dau","7":"product_cat-tranh-phong-canh","9":"first","10":"instock","11":"shipping-taxable","12":"product-type-simple"},"yoast_head":"<!-- This site is optimized with the Yoast SEO Premium plugin v22.7 (Yoast SEO v25.3.1) - https:\/\/yoast.com\/wordpress\/plugins\/seo\/ -->\n<title>B\u00ecnh y\u00ean - Tranh s\u01a1n d\u1ea7u phong c\u1ea3nh - Nh\u00e0 May M\u1eafn - Maison Chance<\/title>\n<meta name=\"description\" content=\"B\u1ee9c tranh s\u01a1n d\u1ea7u phong c\u1ea3nh &quot;B\u00ecnh Y\u00ean&quot; kh\u00f4ng ch\u1ec9 l\u00e0 m\u1ed9t t\u00e1c ph\u1ea9m ngh\u1ec7 thu\u1eadt m\u00e0 c\u00f2n l\u00e0 m\u1ed9t th\u00f4ng \u0111i\u1ec7p v\u1ec1 s\u1ef1 b\u00ecnh y\u00ean v\u00e0 h\u00e0i h\u00f2a trong cu\u1ed9c s\u1ed1ng.\" \/>\n<meta name=\"robots\" content=\"index, follow, max-snippet:-1, max-image-preview:large, max-video-preview:-1\" \/>\n<link rel=\"canonical\" href=\"https:\/\/maison-chance.org\/shop\/san-pham\/binh-yen\" \/>\n<meta property=\"og:locale\" content=\"vi_VN\" \/>\n<meta property=\"og:type\" content=\"article\" \/>\n<meta property=\"og:title\" content=\"B\u00ecnh y\u00ean\" \/>\n<meta property=\"og:description\" content=\"B\u1ee9c tranh s\u01a1n d\u1ea7u phong c\u1ea3nh &quot;B\u00ecnh Y\u00ean&quot; kh\u00f4ng ch\u1ec9 l\u00e0 m\u1ed9t t\u00e1c ph\u1ea9m ngh\u1ec7 thu\u1eadt m\u00e0 c\u00f2n l\u00e0 m\u1ed9t th\u00f4ng \u0111i\u1ec7p v\u1ec1 s\u1ef1 b\u00ecnh y\u00ean v\u00e0 h\u00e0i h\u00f2a trong cu\u1ed9c s\u1ed1ng.\" \/>\n<meta property=\"og:url\" content=\"https:\/\/maison-chance.org\/shop\/san-pham\/binh-yen\" \/>\n<meta property=\"og:site_name\" content=\"Nh\u00e0 May M\u1eafn - Maison Chance\" \/>\n<meta property=\"article:publisher\" content=\"https:\/\/www.facebook.com\/dnxh.nhamayman\/\" \/>\n<meta property=\"article:modified_time\" content=\"2024-06-04T00:06:22+00:00\" \/>\n<meta property=\"og:image\" content=\"https:\/\/maison-chance.org\/shop\/wp-content\/uploads\/2024\/06\/OR-24-NVC-60x90Cm-Binh-Yen-2tr200.png\" \/>\n\t<meta property=\"og:image:width\" content=\"600\" \/>\n\t<meta property=\"og:image:height\" content=\"600\" \/>\n\t<meta property=\"og:image:type\" content=\"image\/png\" \/>\n<meta name=\"twitter:card\" content=\"summary_large_image\" \/>\n<meta name=\"twitter:label1\" content=\"Gi\u00e1\" \/>\n\t<meta name=\"twitter:data1\" content=\"\" \/>\n\t<meta name=\"twitter:label2\" content=\"Availability\" \/>\n\t<meta name=\"twitter:data2\" content=\"In stock\" \/>\n<script type=\"application\/ld+json\" class=\"yoast-schema-graph\">{\"@context\":\"https:\/\/schema.org\",\"@graph\":[{\"@type\":\"WebPage\",\"@id\":\"https:\/\/maison-chance.org\/shop\/san-pham\/binh-yen\",\"url\":\"https:\/\/maison-chance.org\/shop\/san-pham\/binh-yen\",\"name\":\"B\u00ecnh y\u00ean - Tranh s\u01a1n d\u1ea7u phong c\u1ea3nh - Nh\u00e0 May M\u1eafn - Maison Chance\",\"isPartOf\":{\"@id\":\"https:\/\/maison-chance.org\/shop\/#website\"},\"primaryImageOfPage\":{\"@id\":\"https:\/\/maison-chance.org\/shop\/san-pham\/binh-yen#primaryimage\"},\"image\":{\"@id\":\"https:\/\/maison-chance.org\/shop\/san-pham\/binh-yen#primaryimage\"},\"thumbnailUrl\":\"https:\/\/maison-chance.org\/shop\/wp-content\/uploads\/2024\/06\/OR-24-NVC-60x90Cm-Binh-Yen-2tr200.png\",\"datePublished\":\"2024-06-03T18:32:47+00:00\",\"dateModified\":\"2024-06-04T00:06:22+00:00\",\"description\":\"B\u1ee9c tranh s\u01a1n d\u1ea7u phong c\u1ea3nh \\\"B\u00ecnh Y\u00ean\\\" kh\u00f4ng ch\u1ec9 l\u00e0 m\u1ed9t t\u00e1c ph\u1ea9m ngh\u1ec7 thu\u1eadt m\u00e0 c\u00f2n l\u00e0 m\u1ed9t th\u00f4ng \u0111i\u1ec7p v\u1ec1 s\u1ef1 b\u00ecnh y\u00ean v\u00e0 h\u00e0i h\u00f2a trong cu\u1ed9c s\u1ed1ng.\",\"breadcrumb\":{\"@id\":\"https:\/\/maison-chance.org\/shop\/san-pham\/binh-yen#breadcrumb\"},\"inLanguage\":\"vi-VN\",\"potentialAction\":[{\"@type\":\"ReadAction\",\"target\":[\"https:\/\/maison-chance.org\/shop\/san-pham\/binh-yen\"]}]},{\"@type\":\"ImageObject\",\"inLanguage\":\"vi-VN\",\"@id\":\"https:\/\/maison-chance.org\/shop\/san-pham\/binh-yen#primaryimage\",\"url\":\"https:\/\/maison-chance.org\/shop\/wp-content\/uploads\/2024\/06\/OR-24-NVC-60x90Cm-Binh-Yen-2tr200.png\",\"contentUrl\":\"https:\/\/maison-chance.org\/shop\/wp-content\/uploads\/2024\/06\/OR-24-NVC-60x90Cm-Binh-Yen-2tr200.png\",\"width\":600,\"height\":600,\"caption\":\"B\u00ecnh y\u00ean\"},{\"@type\":\"BreadcrumbList\",\"@id\":\"https:\/\/maison-chance.org\/shop\/san-pham\/binh-yen#breadcrumb\",\"itemListElement\":[{\"@type\":\"ListItem\",\"position\":1,\"name\":\"Trang ch\u1ee7\",\"item\":\"https:\/\/maison-chance.org\/shop\/\"},{\"@type\":\"ListItem\",\"position\":2,\"name\":\"Shop\",\"item\":\"https:\/\/maison-chance.org\/shop\/shop\"},{\"@type\":\"ListItem\",\"position\":3,\"name\":\"B\u00ecnh y\u00ean\"}]},{\"@type\":\"WebSite\",\"@id\":\"https:\/\/maison-chance.org\/shop\/#website\",\"url\":\"https:\/\/maison-chance.org\/shop\/\",\"name\":\"Nh\u00e0 May M\u1eafn - Maison Chance\",\"description\":\"M\u1ecdi l\u1ee3i nhu\u1eadn thu v\u1ec1 t\u1eeb vi\u1ec7c b\u00e1n h\u00e0ng s\u1ebd tr\u00edch m\u1ed9t ph\u1ea7n \u0111\u1ec3 ch\u0103m lo cho \u0111\u1eddi s\u1ed1ng c\u00e1c b\u1ea1n khuy\u1ebft t\u1eadt v\u00e0 tr\u1ebb m\u1ed3 c\u00f4i \u1edf \u0111\u00e2y\",\"publisher\":{\"@id\":\"https:\/\/maison-chance.org\/shop\/#organization\"},\"potentialAction\":[{\"@type\":\"SearchAction\",\"target\":{\"@type\":\"EntryPoint\",\"urlTemplate\":\"https:\/\/maison-chance.org\/shop\/?s={search_term_string}\"},\"query-input\":{\"@type\":\"PropertyValueSpecification\",\"valueRequired\":true,\"valueName\":\"search_term_string\"}}],\"inLanguage\":\"vi-VN\"},{\"@type\":\"Organization\",\"@id\":\"https:\/\/maison-chance.org\/shop\/#organization\",\"name\":\"Nh\u00e0 May M\u1eafn - Maison Chance\",\"url\":\"https:\/\/maison-chance.org\/shop\/\",\"logo\":{\"@type\":\"ImageObject\",\"inLanguage\":\"vi-VN\",\"@id\":\"https:\/\/maison-chance.org\/shop\/#\/schema\/logo\/image\/\",\"url\":\"https:\/\/maison-chance.org\/shop\/wp-content\/uploads\/2024\/03\/cropped-Logo_DNXH.png\",\"contentUrl\":\"https:\/\/maison-chance.org\/shop\/wp-content\/uploads\/2024\/03\/cropped-Logo_DNXH.png\",\"width\":512,\"height\":512,\"caption\":\"Nh\u00e0 May M\u1eafn - Maison Chance\"},\"image\":{\"@id\":\"https:\/\/maison-chance.org\/shop\/#\/schema\/logo\/image\/\"},\"sameAs\":[\"https:\/\/www.facebook.com\/dnxh.nhamayman\/\"]}]}<\/script>\n<meta property=\"product:price:amount\" content=\"0.00\" \/>\n<meta property=\"product:price:currency\" content=\"USD\" \/>\n<meta property=\"og:availability\" content=\"instock\" \/>\n<meta property=\"product:availability\" content=\"instock\" \/>\n<meta property=\"product:condition\" content=\"new\" \/>\n<!-- \/ Yoast SEO Premium plugin. -->","yoast_head_json":{"title":"B\u00ecnh y\u00ean - Tranh s\u01a1n d\u1ea7u phong c\u1ea3nh - Nh\u00e0 May M\u1eafn - Maison Chance","description":"B\u1ee9c tranh s\u01a1n d\u1ea7u phong c\u1ea3nh \"B\u00ecnh Y\u00ean\" kh\u00f4ng ch\u1ec9 l\u00e0 m\u1ed9t t\u00e1c ph\u1ea9m ngh\u1ec7 thu\u1eadt m\u00e0 c\u00f2n l\u00e0 m\u1ed9t th\u00f4ng \u0111i\u1ec7p v\u1ec1 s\u1ef1 b\u00ecnh y\u00ean v\u00e0 h\u00e0i h\u00f2a trong cu\u1ed9c s\u1ed1ng.","robots":{"index":"index","follow":"follow","max-snippet":"max-snippet:-1","max-image-preview":"max-image-preview:large","max-video-preview":"max-video-preview:-1"},"canonical":"https:\/\/maison-chance.org\/shop\/san-pham\/binh-yen","og_locale":"vi_VN","og_type":"article","og_title":"B\u00ecnh y\u00ean","og_description":"B\u1ee9c tranh s\u01a1n d\u1ea7u phong c\u1ea3nh \"B\u00ecnh Y\u00ean\" kh\u00f4ng ch\u1ec9 l\u00e0 m\u1ed9t t\u00e1c ph\u1ea9m ngh\u1ec7 thu\u1eadt m\u00e0 c\u00f2n l\u00e0 m\u1ed9t th\u00f4ng \u0111i\u1ec7p v\u1ec1 s\u1ef1 b\u00ecnh y\u00ean v\u00e0 h\u00e0i h\u00f2a trong cu\u1ed9c s\u1ed1ng.","og_url":"https:\/\/maison-chance.org\/shop\/san-pham\/binh-yen","og_site_name":"Nh\u00e0 May M\u1eafn - Maison Chance","article_publisher":"https:\/\/www.facebook.com\/dnxh.nhamayman\/","article_modified_time":"2024-06-04T00:06:22+00:00","og_image":[{"width":600,"height":600,"url":"https:\/\/maison-chance.org\/shop\/wp-content\/uploads\/2024\/06\/OR-24-NVC-60x90Cm-Binh-Yen-2tr200.png","type":"image\/png"}],"twitter_card":"summary_large_image","twitter_misc":{"Gi\u00e1":"","Availability":"In stock"},"schema":{"@context":"https:\/\/schema.org","@graph":[{"@type":"WebPage","@id":"https:\/\/maison-chance.org\/shop\/san-pham\/binh-yen","url":"https:\/\/maison-chance.org\/shop\/san-pham\/binh-yen","name":"B\u00ecnh y\u00ean - Tranh s\u01a1n d\u1ea7u phong c\u1ea3nh - Nh\u00e0 May M\u1eafn - Maison Chance","isPartOf":{"@id":"https:\/\/maison-chance.org\/shop\/#website"},"primaryImageOfPage":{"@id":"https:\/\/maison-chance.org\/shop\/san-pham\/binh-yen#primaryimage"},"image":{"@id":"https:\/\/maison-chance.org\/shop\/san-pham\/binh-yen#primaryimage"},"thumbnailUrl":"https:\/\/maison-chance.org\/shop\/wp-content\/uploads\/2024\/06\/OR-24-NVC-60x90Cm-Binh-Yen-2tr200.png","datePublished":"2024-06-03T18:32:47+00:00","dateModified":"2024-06-04T00:06:22+00:00","description":"B\u1ee9c tranh s\u01a1n d\u1ea7u phong c\u1ea3nh \"B\u00ecnh Y\u00ean\" kh\u00f4ng ch\u1ec9 l\u00e0 m\u1ed9t t\u00e1c ph\u1ea9m ngh\u1ec7 thu\u1eadt m\u00e0 c\u00f2n l\u00e0 m\u1ed9t th\u00f4ng \u0111i\u1ec7p v\u1ec1 s\u1ef1 b\u00ecnh y\u00ean v\u00e0 h\u00e0i h\u00f2a trong cu\u1ed9c s\u1ed1ng.","breadcrumb":{"@id":"https:\/\/maison-chance.org\/shop\/san-pham\/binh-yen#breadcrumb"},"inLanguage":"vi-VN","potentialAction":[{"@type":"ReadAction","target":["https:\/\/maison-chance.org\/shop\/san-pham\/binh-yen"]}]},{"@type":"ImageObject","inLanguage":"vi-VN","@id":"https:\/\/maison-chance.org\/shop\/san-pham\/binh-yen#primaryimage","url":"https:\/\/maison-chance.org\/shop\/wp-content\/uploads\/2024\/06\/OR-24-NVC-60x90Cm-Binh-Yen-2tr200.png","contentUrl":"https:\/\/maison-chance.org\/shop\/wp-content\/uploads\/2024\/06\/OR-24-NVC-60x90Cm-Binh-Yen-2tr200.png","width":600,"height":600,"caption":"B\u00ecnh y\u00ean"},{"@type":"BreadcrumbList","@id":"https:\/\/maison-chance.org\/shop\/san-pham\/binh-yen#breadcrumb","itemListElement":[{"@type":"ListItem","position":1,"name":"Trang ch\u1ee7","item":"https:\/\/maison-chance.org\/shop\/"},{"@type":"ListItem","position":2,"name":"Shop","item":"https:\/\/maison-chance.org\/shop\/shop"},{"@type":"ListItem","position":3,"name":"B\u00ecnh y\u00ean"}]},{"@type":"WebSite","@id":"https:\/\/maison-chance.org\/shop\/#website","url":"https:\/\/maison-chance.org\/shop\/","name":"Nh\u00e0 May M\u1eafn - Maison Chance","description":"M\u1ecdi l\u1ee3i nhu\u1eadn thu v\u1ec1 t\u1eeb vi\u1ec7c b\u00e1n h\u00e0ng s\u1ebd tr\u00edch m\u1ed9t ph\u1ea7n \u0111\u1ec3 ch\u0103m lo cho \u0111\u1eddi s\u1ed1ng c\u00e1c b\u1ea1n khuy\u1ebft t\u1eadt v\u00e0 tr\u1ebb m\u1ed3 c\u00f4i \u1edf \u0111\u00e2y","publisher":{"@id":"https:\/\/maison-chance.org\/shop\/#organization"},"potentialAction":[{"@type":"SearchAction","target":{"@type":"EntryPoint","urlTemplate":"https:\/\/maison-chance.org\/shop\/?s={search_term_string}"},"query-input":{"@type":"PropertyValueSpecification","valueRequired":true,"valueName":"search_term_string"}}],"inLanguage":"vi-VN"},{"@type":"Organization","@id":"https:\/\/maison-chance.org\/shop\/#organization","name":"Nh\u00e0 May M\u1eafn - Maison Chance","url":"https:\/\/maison-chance.org\/shop\/","logo":{"@type":"ImageObject","inLanguage":"vi-VN","@id":"https:\/\/maison-chance.org\/shop\/#\/schema\/logo\/image\/","url":"https:\/\/maison-chance.org\/shop\/wp-content\/uploads\/2024\/03\/cropped-Logo_DNXH.png","contentUrl":"https:\/\/maison-chance.org\/shop\/wp-content\/uploads\/2024\/03\/cropped-Logo_DNXH.png","width":512,"height":512,"caption":"Nh\u00e0 May M\u1eafn - Maison Chance"},"image":{"@id":"https:\/\/maison-chance.org\/shop\/#\/schema\/logo\/image\/"},"sameAs":["https:\/\/www.facebook.com\/dnxh.nhamayman\/"]}]},"product_price_amount":"0.00","product_price_currency":"USD","og_availability":"instock","product_availability":"instock","product_condition":"new"},"_links":{"self":[{"href":"https:\/\/maison-chance.org\/shop\/wp-json\/wp\/v2\/product\/39371","targetHints":{"allow":["GET"]}}],"collection":[{"href":"https:\/\/maison-chance.org\/shop\/wp-json\/wp\/v2\/product"}],"about":[{"href":"https:\/\/maison-chance.org\/shop\/wp-json\/wp\/v2\/types\/product"}],"wp:featuredmedia":[{"embeddable":true,"href":"https:\/\/maison-chance.org\/shop\/wp-json\/wp\/v2\/media\/39372"}],"wp:attachment":[{"href":"https:\/\/maison-chance.org\/shop\/wp-json\/wp\/v2\/media?parent=39371"}],"wp:term":[{"taxonomy":"product_brand","embeddable":true,"href":"https:\/\/maison-chance.org\/shop\/wp-json\/wp\/v2\/product_brand?post=39371"},{"taxonomy":"product_cat","embeddable":true,"href":"https:\/\/maison-chance.org\/shop\/wp-json\/wp\/v2\/product_cat?post=39371"},{"taxonomy":"product_tag","embeddable":true,"href":"https:\/\/maison-chance.org\/shop\/wp-json\/wp\/v2\/product_tag?post=39371"}],"curies":[{"name":"wp","href":"https:\/\/api.w.org\/{rel}","templated":true}]}}