{"id":39384,"date":"2024-06-04T07:02:25","date_gmt":"2024-06-04T00:02:25","guid":{"rendered":"https:\/\/maison-chance.org\/shop?post_type=product&#038;p=39384"},"modified":"2024-06-04T07:06:25","modified_gmt":"2024-06-04T00:06:25","slug":"may-chieu","status":"publish","type":"product","link":"https:\/\/maison-chance.org\/shop\/san-pham\/may-chieu","title":{"rendered":"M\u00e2y chi\u1ec1u"},"content":{"rendered":"<p style=\"text-align: center;\">\ud83c\udf04 Kh\u00e1m Ph\u00e1 V\u1ebb \u0110\u1eb9p Huy\u1ec1n \u1ea2o Trong B\u1ee9c Tranh &#8220;M\u00e2y Chi\u1ec1u&#8221; \u2601\ufe0f<\/p>\n<p><img decoding=\"async\" class=\"aligncenter wp-image-39385 size-medium\" src=\"https:\/\/maison-chance.org\/shop\/wp-content\/uploads\/2024\/06\/CO-24-NVC-70x70Cm-may-chieu-400x400.jpg\" alt=\"M\u00e2y chi\u1ec1u\" width=\"400\" height=\"400\" srcset=\"https:\/\/maison-chance.org\/shop\/wp-content\/uploads\/2024\/06\/CO-24-NVC-70x70Cm-may-chieu-400x400.jpg 400w, https:\/\/maison-chance.org\/shop\/wp-content\/uploads\/2024\/06\/CO-24-NVC-70x70Cm-may-chieu-280x280.jpg 280w, https:\/\/maison-chance.org\/shop\/wp-content\/uploads\/2024\/06\/CO-24-NVC-70x70Cm-may-chieu-247x247.jpg 247w, https:\/\/maison-chance.org\/shop\/wp-content\/uploads\/2024\/06\/CO-24-NVC-70x70Cm-may-chieu-510x510.jpg 510w, https:\/\/maison-chance.org\/shop\/wp-content\/uploads\/2024\/06\/CO-24-NVC-70x70Cm-may-chieu-100x100.jpg 100w, https:\/\/maison-chance.org\/shop\/wp-content\/uploads\/2024\/06\/CO-24-NVC-70x70Cm-may-chieu.jpg 600w\" sizes=\"(max-width: 400px) 100vw, 400px\" \/><\/p>\n<p>\u2601\ufe0f B\u1ee9c tranh mang \u0111\u1ebfn m\u1ed9t khung c\u1ea3nh thi\u00ean nhi\u00ean d\u01b0\u1edbi b\u1ea7u tr\u1eddi \u0111\u1ea7y m\u00e2y, nh\u1eefng ng\u00f4i nh\u00e0 tranh \u1ea9n m\u00ecnh trong s\u1eafc xanh m\u01b0\u1edbt c\u1ee7a c\u00e2y c\u1ed1i. M\u1ed7i chi ti\u1ebft trong tranh, t\u1eeb m\u00e1i nh\u00e0, h\u00e0ng r\u00e0o \u0111\u1ebfn t\u1eebng t\u00e1n l\u00e1, \u0111\u1ec1u \u0111\u01b0\u1ee3c h\u1ecda s\u0129 kh\u1eafc h\u1ecda tinh t\u1ebf v\u00e0 ch\u00e2n th\u1ef1c. T\u00e1c ph\u1ea9m l\u00e0 s\u1ef1 giao thoa gi\u1eefa v\u1ebb \u0111\u1eb9p huy\u1ec1n \u1ea3o c\u1ee7a thi\u00ean nhi\u00ean v\u00e0 n\u00e9t b\u00ecnh d\u1ecb c\u1ee7a cu\u1ed9c s\u1ed1ng th\u00f4n qu\u00ea. \ud83c\udf43<\/p>\n<p>\ud83d\udc96 &#8220;M\u00e2y Chi\u1ec1u&#8221; kh\u00f4ng ch\u1ec9 l\u00e0 m\u1ed9t b\u1ee9c <a href=\"https:\/\/maison-chance.org\/shop\/tranh-phong-canh\">tranh s\u01a1n d\u1ea7u phong c\u1ea3nh<\/a>, m\u00e0 c\u00f2n l\u00e0 m\u1ed9t l\u1eddi m\u1eddi g\u1ecdi tr\u1edf v\u1ec1 v\u1edbi thi\u00ean nhi\u00ean, t\u00ecm th\u1ea5y s\u1ef1 b\u00ecnh y\u00ean v\u00e0 th\u01b0 th\u00e1i trong t\u00e2m h\u1ed3n. N\u00f3 mang \u0111\u1ebfn c\u1ea3m gi\u00e1c l\u1eafng \u0111\u1ecdng, tr\u1ea7m t\u01b0 v\u00e0 tr\u00e2n tr\u1ecdng nh\u1eefng kho\u1ea3nh kh\u1eafc \u0111\u1eb9p trong cu\u1ed9c s\u1ed1ng. \u2601\ufe0f\ud83d\udcab<\/p>\n<p>\ud83c\udf81 V\u1edbi k\u00edch th\u01b0\u1edbc 70x70cm, b\u1ee9c <a href=\"https:\/\/maison-chance.org\/shop\/phong-tranh-son-dau\">tranh s\u01a1n d\u1ea7u<\/a> do h\u1ecda s\u0129 khuy\u1ebft t\u1eadt Nguy\u1ec5n V\u0103n Chi\u1ebfn v\u1ebb s\u1ebd l\u00e0 \u0111i\u1ec3m nh\u1ea5n n\u1ed5i b\u1eadt cho ph\u00f2ng kh\u00e1ch, ph\u00f2ng ng\u1ee7 hay b\u1ea5t k\u1ef3 kh\u00f4ng gian n\u00e0o trong ng\u00f4i nh\u00e0 c\u1ee7a b\u1ea1n. \ud83c\udfe1\ud83d\udc96<\/p>\n<p>\ud83c\udfa8 H\u00e3y \u1ee7ng h\u1ed9 t\u00e1c ph\u1ea9m c\u1ee7a 1 trong nh\u1eefng h\u1ecda s\u0129 khuy\u1ebft t\u1eadt t\u00e0i n\u0103ng hi\u1ec7n \u0111ang s\u1ed1ng v\u00e0 l\u00e0m vi\u1ec7c t\u1ea1i <a href=\"https:\/\/maison-chance.org\/shop\">Nh\u00e0 May M\u1eafn<\/a> &#8211; Maison Chance v\u00e0 lan t\u1ecfa th\u00f4ng \u0111i\u1ec7p v\u1ec1 v\u1ebb \u0111\u1eb9p c\u1ee7a thi\u00ean nhi\u00ean v\u00e0 s\u1ef1 b\u00ecnh y\u00ean trong t\u00e2m h\u1ed3n. M\u1ed7i b\u1ee9c tranh \u0111\u1ec1u ch\u1ee9a \u0111\u1ef1ng t\u00ecnh y\u00eau v\u00e0 t\u00e2m huy\u1ebft c\u1ee7a ngh\u1ec7 s\u0129. \ud83d\udc95<\/p>\n<p>\u2764 R\u1ea5t mong s\u1ebd nh\u1eadn \u0111\u01b0\u1ee3c s\u1ef1 \u1ee7ng h\u1ed9 t\u1eeb qu\u00fd kh\u00e1ch \u2764<br \/>\n&#8212;&#8212;&#8212;&#8212;&#8212;&#8212;&#8212;&#8212;&#8212;&#8212;&#8212;&#8212;&#8212;&#8212;&#8212;&#8212;&#8212;&#8212;&#8212;&#8212;&#8212;&#8212;&#8211;<br \/>\n\u2764 M\u1ecdi l\u1ee3i nhu\u1eadn thu v\u1ec1 t\u1eeb vi\u1ec7c b\u00e1n h\u00e0ng s\u1ebd tr\u00edch m\u1ed9t ph\u1ea7n \u0111\u1ec3 ch\u0103m lo cho \u0111\u1eddi s\u1ed1ng c\u00e1c b\u1ea1n khuy\u1ebft t\u1eadt v\u00e0 tr\u1ebb m\u1ed3 c\u00f4i \u1edf \u0111\u00e2y. Ph\u1ea7n c\u00f2n l\u1ea1i s\u1ebd ti\u1ebfp t\u1ee5c duy tr\u00ec ho\u1ea1t \u0111\u1ed9ng c\u1ee7a t\u1ed5 ch\u1ee9c \u2764<\/p>\n","protected":false},"excerpt":{"rendered":"<p>C\u00e1c s\u1ea3n ph\u1ea9m tranh s\u01a1n d\u1ea7u do Nh\u00e0 May M\u1eafn cung c\u1ea5p l\u00e0 nh\u1eefng s\u1ea3n ph\u1ea9m c\u1ee7a c\u00e1c b\u1ea1n khuy\u1ebft t\u1eadt k\u00e9m may m\u1eafn v\u1ebd.<\/p>\n<p>K\u00edch th\u01b0\u1edbc (cm) : 60\u00d790<\/p>\n<p>Th\u1ec3 lo\u1ea1i : Sao ch\u00e9p<\/p>\n<p>T\u00e1c gi\u1ea3 : Nguy\u1ec5n V\u0103n Chi\u1ebfn<\/p>\n<p style=\"text-align: justify;\">Hotline : <span style=\"color: #ff0000; font-size: 18pt;\"><strong>0909 06 25 28<\/strong><\/span><\/p>\n","protected":false},"featured_media":39385,"template":"","meta":[],"product_brand":[],"product_cat":[144,146],"product_tag":[],"class_list":{"0":"post-39384","1":"product","2":"type-product","3":"status-publish","4":"has-post-thumbnail","6":"product_cat-phong-tranh-son-dau","7":"product_cat-tranh-phong-canh","9":"first","10":"instock","11":"shipping-taxable","12":"product-type-simple"},"yoast_head":"<!-- This site is optimized with the Yoast SEO Premium plugin v22.7 (Yoast SEO v25.3.1) - https:\/\/yoast.com\/wordpress\/plugins\/seo\/ -->\n<title>M\u00e2y chi\u1ec1u - Tranh s\u01a1n d\u1ea7u phong c\u1ea3nh - Nh\u00e0 May M\u1eafn - Maison Chance<\/title>\n<meta name=\"description\" content=\"&quot;M\u00e2y Chi\u1ec1u&quot; kh\u00f4ng ch\u1ec9 l\u00e0 m\u1ed9t b\u1ee9c tranh s\u01a1n d\u1ea7u phong c\u1ea3nh, m\u00e0 c\u00f2n l\u00e0 m\u1ed9t l\u1eddi m\u1eddi g\u1ecdi tr\u1edf v\u1ec1 v\u1edbi thi\u00ean nhi\u00ean, t\u00ecm th\u1ea5y s\u1ef1 b\u00ecnh y\u00ean v\u00e0 th\u01b0 th\u00e1i trong t\u00e2m h\u1ed3n\" \/>\n<meta name=\"robots\" content=\"index, follow, max-snippet:-1, max-image-preview:large, max-video-preview:-1\" \/>\n<link rel=\"canonical\" href=\"https:\/\/maison-chance.org\/shop\/san-pham\/may-chieu\" \/>\n<meta property=\"og:locale\" content=\"vi_VN\" \/>\n<meta property=\"og:type\" content=\"article\" \/>\n<meta property=\"og:title\" content=\"M\u00e2y chi\u1ec1u\" \/>\n<meta property=\"og:description\" content=\"&quot;M\u00e2y Chi\u1ec1u&quot; kh\u00f4ng ch\u1ec9 l\u00e0 m\u1ed9t b\u1ee9c tranh s\u01a1n d\u1ea7u phong c\u1ea3nh, m\u00e0 c\u00f2n l\u00e0 m\u1ed9t l\u1eddi m\u1eddi g\u1ecdi tr\u1edf v\u1ec1 v\u1edbi thi\u00ean nhi\u00ean, t\u00ecm th\u1ea5y s\u1ef1 b\u00ecnh y\u00ean v\u00e0 th\u01b0 th\u00e1i trong t\u00e2m h\u1ed3n\" \/>\n<meta property=\"og:url\" content=\"https:\/\/maison-chance.org\/shop\/san-pham\/may-chieu\" \/>\n<meta property=\"og:site_name\" content=\"Nh\u00e0 May M\u1eafn - Maison Chance\" \/>\n<meta property=\"article:publisher\" content=\"https:\/\/www.facebook.com\/dnxh.nhamayman\/\" \/>\n<meta property=\"article:modified_time\" content=\"2024-06-04T00:06:25+00:00\" \/>\n<meta property=\"og:image\" content=\"https:\/\/maison-chance.org\/shop\/wp-content\/uploads\/2024\/06\/CO-24-NVC-70x70Cm-may-chieu.jpg\" \/>\n\t<meta property=\"og:image:width\" content=\"600\" \/>\n\t<meta property=\"og:image:height\" content=\"600\" \/>\n\t<meta property=\"og:image:type\" content=\"image\/jpeg\" \/>\n<meta name=\"twitter:card\" content=\"summary_large_image\" \/>\n<meta name=\"twitter:label1\" content=\"Gi\u00e1\" \/>\n\t<meta name=\"twitter:data1\" content=\"\" \/>\n\t<meta name=\"twitter:label2\" content=\"Availability\" \/>\n\t<meta name=\"twitter:data2\" content=\"In stock\" \/>\n<script type=\"application\/ld+json\" class=\"yoast-schema-graph\">{\"@context\":\"https:\/\/schema.org\",\"@graph\":[{\"@type\":\"WebPage\",\"@id\":\"https:\/\/maison-chance.org\/shop\/san-pham\/may-chieu\",\"url\":\"https:\/\/maison-chance.org\/shop\/san-pham\/may-chieu\",\"name\":\"M\u00e2y chi\u1ec1u - Tranh s\u01a1n d\u1ea7u phong c\u1ea3nh - Nh\u00e0 May M\u1eafn - Maison Chance\",\"isPartOf\":{\"@id\":\"https:\/\/maison-chance.org\/shop\/#website\"},\"primaryImageOfPage\":{\"@id\":\"https:\/\/maison-chance.org\/shop\/san-pham\/may-chieu#primaryimage\"},\"image\":{\"@id\":\"https:\/\/maison-chance.org\/shop\/san-pham\/may-chieu#primaryimage\"},\"thumbnailUrl\":\"https:\/\/maison-chance.org\/shop\/wp-content\/uploads\/2024\/06\/CO-24-NVC-70x70Cm-may-chieu.jpg\",\"datePublished\":\"2024-06-04T00:02:25+00:00\",\"dateModified\":\"2024-06-04T00:06:25+00:00\",\"description\":\"\\\"M\u00e2y Chi\u1ec1u\\\" kh\u00f4ng ch\u1ec9 l\u00e0 m\u1ed9t b\u1ee9c tranh s\u01a1n d\u1ea7u phong c\u1ea3nh, m\u00e0 c\u00f2n l\u00e0 m\u1ed9t l\u1eddi m\u1eddi g\u1ecdi tr\u1edf v\u1ec1 v\u1edbi thi\u00ean nhi\u00ean, t\u00ecm th\u1ea5y s\u1ef1 b\u00ecnh y\u00ean v\u00e0 th\u01b0 th\u00e1i trong t\u00e2m h\u1ed3n\",\"breadcrumb\":{\"@id\":\"https:\/\/maison-chance.org\/shop\/san-pham\/may-chieu#breadcrumb\"},\"inLanguage\":\"vi-VN\",\"potentialAction\":[{\"@type\":\"ReadAction\",\"target\":[\"https:\/\/maison-chance.org\/shop\/san-pham\/may-chieu\"]}]},{\"@type\":\"ImageObject\",\"inLanguage\":\"vi-VN\",\"@id\":\"https:\/\/maison-chance.org\/shop\/san-pham\/may-chieu#primaryimage\",\"url\":\"https:\/\/maison-chance.org\/shop\/wp-content\/uploads\/2024\/06\/CO-24-NVC-70x70Cm-may-chieu.jpg\",\"contentUrl\":\"https:\/\/maison-chance.org\/shop\/wp-content\/uploads\/2024\/06\/CO-24-NVC-70x70Cm-may-chieu.jpg\",\"width\":600,\"height\":600,\"caption\":\"M\u00e2y chi\u1ec1u\"},{\"@type\":\"BreadcrumbList\",\"@id\":\"https:\/\/maison-chance.org\/shop\/san-pham\/may-chieu#breadcrumb\",\"itemListElement\":[{\"@type\":\"ListItem\",\"position\":1,\"name\":\"Trang ch\u1ee7\",\"item\":\"https:\/\/maison-chance.org\/shop\/\"},{\"@type\":\"ListItem\",\"position\":2,\"name\":\"Shop\",\"item\":\"https:\/\/maison-chance.org\/shop\/shop\"},{\"@type\":\"ListItem\",\"position\":3,\"name\":\"M\u00e2y chi\u1ec1u\"}]},{\"@type\":\"WebSite\",\"@id\":\"https:\/\/maison-chance.org\/shop\/#website\",\"url\":\"https:\/\/maison-chance.org\/shop\/\",\"name\":\"Nh\u00e0 May M\u1eafn - Maison Chance\",\"description\":\"M\u1ecdi l\u1ee3i nhu\u1eadn thu v\u1ec1 t\u1eeb vi\u1ec7c b\u00e1n h\u00e0ng s\u1ebd tr\u00edch m\u1ed9t ph\u1ea7n \u0111\u1ec3 ch\u0103m lo cho \u0111\u1eddi s\u1ed1ng c\u00e1c b\u1ea1n khuy\u1ebft t\u1eadt v\u00e0 tr\u1ebb m\u1ed3 c\u00f4i \u1edf \u0111\u00e2y\",\"publisher\":{\"@id\":\"https:\/\/maison-chance.org\/shop\/#organization\"},\"potentialAction\":[{\"@type\":\"SearchAction\",\"target\":{\"@type\":\"EntryPoint\",\"urlTemplate\":\"https:\/\/maison-chance.org\/shop\/?s={search_term_string}\"},\"query-input\":{\"@type\":\"PropertyValueSpecification\",\"valueRequired\":true,\"valueName\":\"search_term_string\"}}],\"inLanguage\":\"vi-VN\"},{\"@type\":\"Organization\",\"@id\":\"https:\/\/maison-chance.org\/shop\/#organization\",\"name\":\"Nh\u00e0 May M\u1eafn - Maison Chance\",\"url\":\"https:\/\/maison-chance.org\/shop\/\",\"logo\":{\"@type\":\"ImageObject\",\"inLanguage\":\"vi-VN\",\"@id\":\"https:\/\/maison-chance.org\/shop\/#\/schema\/logo\/image\/\",\"url\":\"https:\/\/maison-chance.org\/shop\/wp-content\/uploads\/2024\/03\/cropped-Logo_DNXH.png\",\"contentUrl\":\"https:\/\/maison-chance.org\/shop\/wp-content\/uploads\/2024\/03\/cropped-Logo_DNXH.png\",\"width\":512,\"height\":512,\"caption\":\"Nh\u00e0 May M\u1eafn - Maison Chance\"},\"image\":{\"@id\":\"https:\/\/maison-chance.org\/shop\/#\/schema\/logo\/image\/\"},\"sameAs\":[\"https:\/\/www.facebook.com\/dnxh.nhamayman\/\"]}]}<\/script>\n<meta property=\"product:price:amount\" content=\"0.00\" \/>\n<meta property=\"product:price:currency\" content=\"USD\" \/>\n<meta property=\"og:availability\" content=\"instock\" \/>\n<meta property=\"product:availability\" content=\"instock\" \/>\n<meta property=\"product:condition\" content=\"new\" \/>\n<!-- \/ Yoast SEO Premium plugin. -->","yoast_head_json":{"title":"M\u00e2y chi\u1ec1u - Tranh s\u01a1n d\u1ea7u phong c\u1ea3nh - Nh\u00e0 May M\u1eafn - Maison Chance","description":"\"M\u00e2y Chi\u1ec1u\" kh\u00f4ng ch\u1ec9 l\u00e0 m\u1ed9t b\u1ee9c tranh s\u01a1n d\u1ea7u phong c\u1ea3nh, m\u00e0 c\u00f2n l\u00e0 m\u1ed9t l\u1eddi m\u1eddi g\u1ecdi tr\u1edf v\u1ec1 v\u1edbi thi\u00ean nhi\u00ean, t\u00ecm th\u1ea5y s\u1ef1 b\u00ecnh y\u00ean v\u00e0 th\u01b0 th\u00e1i trong t\u00e2m h\u1ed3n","robots":{"index":"index","follow":"follow","max-snippet":"max-snippet:-1","max-image-preview":"max-image-preview:large","max-video-preview":"max-video-preview:-1"},"canonical":"https:\/\/maison-chance.org\/shop\/san-pham\/may-chieu","og_locale":"vi_VN","og_type":"article","og_title":"M\u00e2y chi\u1ec1u","og_description":"\"M\u00e2y Chi\u1ec1u\" kh\u00f4ng ch\u1ec9 l\u00e0 m\u1ed9t b\u1ee9c tranh s\u01a1n d\u1ea7u phong c\u1ea3nh, m\u00e0 c\u00f2n l\u00e0 m\u1ed9t l\u1eddi m\u1eddi g\u1ecdi tr\u1edf v\u1ec1 v\u1edbi thi\u00ean nhi\u00ean, t\u00ecm th\u1ea5y s\u1ef1 b\u00ecnh y\u00ean v\u00e0 th\u01b0 th\u00e1i trong t\u00e2m h\u1ed3n","og_url":"https:\/\/maison-chance.org\/shop\/san-pham\/may-chieu","og_site_name":"Nh\u00e0 May M\u1eafn - Maison Chance","article_publisher":"https:\/\/www.facebook.com\/dnxh.nhamayman\/","article_modified_time":"2024-06-04T00:06:25+00:00","og_image":[{"width":600,"height":600,"url":"https:\/\/maison-chance.org\/shop\/wp-content\/uploads\/2024\/06\/CO-24-NVC-70x70Cm-may-chieu.jpg","type":"image\/jpeg"}],"twitter_card":"summary_large_image","twitter_misc":{"Gi\u00e1":"","Availability":"In stock"},"schema":{"@context":"https:\/\/schema.org","@graph":[{"@type":"WebPage","@id":"https:\/\/maison-chance.org\/shop\/san-pham\/may-chieu","url":"https:\/\/maison-chance.org\/shop\/san-pham\/may-chieu","name":"M\u00e2y chi\u1ec1u - Tranh s\u01a1n d\u1ea7u phong c\u1ea3nh - Nh\u00e0 May M\u1eafn - Maison Chance","isPartOf":{"@id":"https:\/\/maison-chance.org\/shop\/#website"},"primaryImageOfPage":{"@id":"https:\/\/maison-chance.org\/shop\/san-pham\/may-chieu#primaryimage"},"image":{"@id":"https:\/\/maison-chance.org\/shop\/san-pham\/may-chieu#primaryimage"},"thumbnailUrl":"https:\/\/maison-chance.org\/shop\/wp-content\/uploads\/2024\/06\/CO-24-NVC-70x70Cm-may-chieu.jpg","datePublished":"2024-06-04T00:02:25+00:00","dateModified":"2024-06-04T00:06:25+00:00","description":"\"M\u00e2y Chi\u1ec1u\" kh\u00f4ng ch\u1ec9 l\u00e0 m\u1ed9t b\u1ee9c tranh s\u01a1n d\u1ea7u phong c\u1ea3nh, m\u00e0 c\u00f2n l\u00e0 m\u1ed9t l\u1eddi m\u1eddi g\u1ecdi tr\u1edf v\u1ec1 v\u1edbi thi\u00ean nhi\u00ean, t\u00ecm th\u1ea5y s\u1ef1 b\u00ecnh y\u00ean v\u00e0 th\u01b0 th\u00e1i trong t\u00e2m h\u1ed3n","breadcrumb":{"@id":"https:\/\/maison-chance.org\/shop\/san-pham\/may-chieu#breadcrumb"},"inLanguage":"vi-VN","potentialAction":[{"@type":"ReadAction","target":["https:\/\/maison-chance.org\/shop\/san-pham\/may-chieu"]}]},{"@type":"ImageObject","inLanguage":"vi-VN","@id":"https:\/\/maison-chance.org\/shop\/san-pham\/may-chieu#primaryimage","url":"https:\/\/maison-chance.org\/shop\/wp-content\/uploads\/2024\/06\/CO-24-NVC-70x70Cm-may-chieu.jpg","contentUrl":"https:\/\/maison-chance.org\/shop\/wp-content\/uploads\/2024\/06\/CO-24-NVC-70x70Cm-may-chieu.jpg","width":600,"height":600,"caption":"M\u00e2y chi\u1ec1u"},{"@type":"BreadcrumbList","@id":"https:\/\/maison-chance.org\/shop\/san-pham\/may-chieu#breadcrumb","itemListElement":[{"@type":"ListItem","position":1,"name":"Trang ch\u1ee7","item":"https:\/\/maison-chance.org\/shop\/"},{"@type":"ListItem","position":2,"name":"Shop","item":"https:\/\/maison-chance.org\/shop\/shop"},{"@type":"ListItem","position":3,"name":"M\u00e2y chi\u1ec1u"}]},{"@type":"WebSite","@id":"https:\/\/maison-chance.org\/shop\/#website","url":"https:\/\/maison-chance.org\/shop\/","name":"Nh\u00e0 May M\u1eafn - Maison Chance","description":"M\u1ecdi l\u1ee3i nhu\u1eadn thu v\u1ec1 t\u1eeb vi\u1ec7c b\u00e1n h\u00e0ng s\u1ebd tr\u00edch m\u1ed9t ph\u1ea7n \u0111\u1ec3 ch\u0103m lo cho \u0111\u1eddi s\u1ed1ng c\u00e1c b\u1ea1n khuy\u1ebft t\u1eadt v\u00e0 tr\u1ebb m\u1ed3 c\u00f4i \u1edf \u0111\u00e2y","publisher":{"@id":"https:\/\/maison-chance.org\/shop\/#organization"},"potentialAction":[{"@type":"SearchAction","target":{"@type":"EntryPoint","urlTemplate":"https:\/\/maison-chance.org\/shop\/?s={search_term_string}"},"query-input":{"@type":"PropertyValueSpecification","valueRequired":true,"valueName":"search_term_string"}}],"inLanguage":"vi-VN"},{"@type":"Organization","@id":"https:\/\/maison-chance.org\/shop\/#organization","name":"Nh\u00e0 May M\u1eafn - Maison Chance","url":"https:\/\/maison-chance.org\/shop\/","logo":{"@type":"ImageObject","inLanguage":"vi-VN","@id":"https:\/\/maison-chance.org\/shop\/#\/schema\/logo\/image\/","url":"https:\/\/maison-chance.org\/shop\/wp-content\/uploads\/2024\/03\/cropped-Logo_DNXH.png","contentUrl":"https:\/\/maison-chance.org\/shop\/wp-content\/uploads\/2024\/03\/cropped-Logo_DNXH.png","width":512,"height":512,"caption":"Nh\u00e0 May M\u1eafn - Maison Chance"},"image":{"@id":"https:\/\/maison-chance.org\/shop\/#\/schema\/logo\/image\/"},"sameAs":["https:\/\/www.facebook.com\/dnxh.nhamayman\/"]}]},"product_price_amount":"0.00","product_price_currency":"USD","og_availability":"instock","product_availability":"instock","product_condition":"new"},"_links":{"self":[{"href":"https:\/\/maison-chance.org\/shop\/wp-json\/wp\/v2\/product\/39384","targetHints":{"allow":["GET"]}}],"collection":[{"href":"https:\/\/maison-chance.org\/shop\/wp-json\/wp\/v2\/product"}],"about":[{"href":"https:\/\/maison-chance.org\/shop\/wp-json\/wp\/v2\/types\/product"}],"wp:featuredmedia":[{"embeddable":true,"href":"https:\/\/maison-chance.org\/shop\/wp-json\/wp\/v2\/media\/39385"}],"wp:attachment":[{"href":"https:\/\/maison-chance.org\/shop\/wp-json\/wp\/v2\/media?parent=39384"}],"wp:term":[{"taxonomy":"product_brand","embeddable":true,"href":"https:\/\/maison-chance.org\/shop\/wp-json\/wp\/v2\/product_brand?post=39384"},{"taxonomy":"product_cat","embeddable":true,"href":"https:\/\/maison-chance.org\/shop\/wp-json\/wp\/v2\/product_cat?post=39384"},{"taxonomy":"product_tag","embeddable":true,"href":"https:\/\/maison-chance.org\/shop\/wp-json\/wp\/v2\/product_tag?post=39384"}],"curies":[{"name":"wp","href":"https:\/\/api.w.org\/{rel}","templated":true}]}}