{"id":39393,"date":"2024-06-05T07:06:41","date_gmt":"2024-06-05T00:06:41","guid":{"rendered":"https:\/\/maison-chance.org\/shop?post_type=product&#038;p=39393"},"modified":"2024-06-05T08:06:42","modified_gmt":"2024-06-05T01:06:42","slug":"banh-pho-mai","status":"publish","type":"product","link":"https:\/\/maison-chance.org\/shop\/san-pham\/banh-pho-mai","title":{"rendered":"B\u00e1nh ph\u00f4 mai"},"content":{"rendered":"<p style=\"text-align: center;\"><strong>B\u00e1nh Ph\u00f4 Mai Nh\u00e0 May M\u1eafn &#8211; Maison Chance<\/strong><\/p>\n<p style=\"text-align: center;\"><strong>H\u01b0\u01a1ng V\u1ecb Th\u01a1m Ngon Kh\u00f3 C\u01b0\u1ee1ng<\/strong><\/p>\n<p style=\"text-align: justify;\"><a href=\"https:\/\/maison-chance.org\/shop\/phong-banh\">B\u00e1nh ph\u00f4 mai Nh\u00e0 May M\u1eafn<\/a> l\u00e0 s\u1ef1 k\u1ebft h\u1ee3p ho\u00e0n h\u1ea3o gi\u1eefa c\u00e1c nguy\u00ean li\u1ec7u ch\u1ea5t l\u01b0\u1ee3ng cao nh\u01b0 b\u1ed9t m\u00ec, b\u01a1, s\u1eefa, tr\u1ee9ng, \u0111\u01b0\u1eddng v\u00e0 ph\u00f4 mai. S\u1ea3n ph\u1ea9m kh\u00f4ng ch\u1ec9 h\u1ea5p d\u1eabn b\u1edfi v\u1ebb ngo\u00e0i gi\u00f2n tan m\u00e0 c\u00f2n chinh ph\u1ee5c v\u1ecb gi\u00e1c v\u1edbi l\u1edbp nh\u00e2n ph\u00f4 mai b\u00e9o ng\u1eady, th\u01a1m l\u1eebng, k\u00e8m theo ch\u00fat ti\u00eau cay nh\u1eb9. \u0110\u00e2y ch\u1eafc ch\u1eafn l\u00e0 m\u00f3n b\u00e1nh l\u00fd t\u01b0\u1edfng cho m\u1ecdi b\u1eefa \u0103n v\u00e0 b\u1eefa ti\u1ec7c.<\/p>\n<p><strong>H\u01b0\u01a1ng v\u1ecb tuy\u1ec7t h\u1ea3o \u0111\u1ebfn t\u1eeb <a href=\"https:\/\/maison-chance.org\/shop\/san-pham\/banh-pho-mai\">b\u00e1nh ph\u00f4 mai<\/a> Nh\u00e0 May M\u1eafn &#8211; Maison Chance<\/strong><\/p>\n<p style=\"text-align: justify;\">M\u1ed7i mi\u1ebfng b\u00e1nh ph\u00f4 mai l\u00e0 m\u1ed9t tr\u1ea3i nghi\u1ec7m th\u00fa v\u1ecb. V\u1ecf b\u00e1nh gi\u00f2n tan, v\u00e0ng \u01b0\u01a1m, khi c\u1eafn v\u00e0o s\u1ebd c\u1ea3m nh\u1eadn \u0111\u01b0\u1ee3c l\u1edbp nh\u00e2n ph\u00f4 mai b\u00e9o ng\u1eady, th\u01a1m ph\u1ee9c h\u00f2a quy\u1ec7n c\u00f9ng v\u1ecb ng\u1ecdt d\u1ecbu c\u1ee7a s\u1eefa v\u00e0 \u0111\u01b0\u1eddng. Ch\u00fat ti\u00eau cay nh\u1eb9 l\u00e0m d\u1eady l\u00ean h\u01b0\u01a1ng v\u1ecb \u0111\u1eb7c tr\u01b0ng, khi\u1ebfn b\u1ea1n kh\u00f3 c\u00f3 th\u1ec3 c\u01b0\u1ee1ng l\u1ea1i.<br \/>\nS\u1ef1 l\u1ef1a ch\u1ecdn \u0111a d\u1ea1ng<\/p>\n<p style=\"text-align: justify;\">Nh\u00e0 May M\u1eafn cung c\u1ea5p nhi\u1ec1u l\u1ef1a ch\u1ecdn cho kh\u00e1ch h\u00e0ng v\u1edbi c\u00e1c tr\u1ecdng l\u01b0\u1ee3ng b\u00e1nh kh\u00e1c nhau:<\/p>\n<p>Size 1: 35 gr\/b\u00e1nh<br \/>\nSize 2: 40 gr\/b\u00e1nh<br \/>\nSize 3: 55 gr\/b\u00e1nh<\/p>\n<p><strong>H\u00e3y \u1ee7ng h\u1ed9 b\u00e1nh ph\u00f4 mai <a href=\"https:\/\/maison-chance.org\/shop\">Nh\u00e0 May M\u1eafn<\/a> &#8211; Maison Chance<\/strong><\/p>\n<p style=\"text-align: justify;\">Khi mua <a href=\"https:\/\/maison-chance.org\/shop\/banh-ngot\">b\u00e1nh ng\u1ecdt<\/a> ph\u00f4 mai Nh\u00e0 May M\u1eafn &#8211; Maison Chance, b\u1ea1n kh\u00f4ng ch\u1ec9 th\u01b0\u1edfng th\u1ee9c \u0111\u01b0\u1ee3c h\u01b0\u01a1ng v\u1ecb b\u00e1nh ngon tuy\u1ec7t m\u00e0 c\u00f2n g\u00f3p ph\u1ea7n \u1ee7ng h\u1ed9 cho c\u00e1c ho\u1ea1t \u0111\u1ed9ng t\u1eeb thi\u1ec7n c\u1ee7a Maison Chance. H\u00e3y mua ngay h\u00f4m nay \u0111\u1ec3 c\u1ea3m nh\u1eadn s\u1ef1 kh\u00e1c bi\u1ec7t v\u00e0 \u00fd ngh\u0129a t\u1eeb t\u1eebng chi\u1ebfc b\u00e1nh ph\u00f4 mai. Ch\u00fang t\u00f4i lu\u00f4n s\u1eb5n s\u00e0ng ph\u1ee5c v\u1ee5 b\u1ea1n v\u1edbi nh\u1eefng chi\u1ebfc b\u00e1nh ph\u00f4 mai ngon nh\u1ea5t, ch\u1ea5t l\u01b0\u1ee3ng nh\u1ea5t.<\/p>\n","protected":false},"excerpt":{"rendered":"<p style=\"text-align: justify;\">S\u1ea3n ph\u1ea9m b\u00e1nh ng\u1ecdt \u0111\u01b0\u1ee3c l\u00e0m t\u1eeb c\u00e1c b\u1ea1n tr\u1ebb m\u1ed3 c\u00f4i hi\u1ec7n \u0111ang \u0111\u01b0\u1ee3c Nh\u00e0 May M\u1eafn &#8211; Maison Chance nu\u00f4i d\u01b0\u1ee1ng. K\u00ednh mong nh\u1eadn \u0111\u01b0\u1ee3c s\u1ef1 \u1ee7ng h\u1ed9 c\u1ee7a Qu\u00fd kh\u00e1ch!<\/p>\n<p>Hotline : <span style=\"font-size: 20px;\"><strong><span style=\"color: #ff0000;\">0909 06 25 28<\/span><\/strong><\/span><\/p>\n","protected":false},"featured_media":39414,"template":"","meta":[],"product_brand":[],"product_cat":[153,150],"product_tag":[],"class_list":{"0":"post-39393","1":"product","2":"type-product","3":"status-publish","4":"has-post-thumbnail","6":"product_cat-banh-ngot","7":"product_cat-phong-banh","9":"first","10":"instock","11":"shipping-taxable","12":"purchasable","13":"product-type-variable"},"yoast_head":"<!-- This site is optimized with the Yoast SEO Premium plugin v22.7 (Yoast SEO v25.3.1) - https:\/\/yoast.com\/wordpress\/plugins\/seo\/ -->\n<title>B\u00e1nh ph\u00f4 mai - Nh\u00e0 May M\u1eafn - Maison Chance<\/title>\n<meta name=\"description\" content=\"Th\u01b0\u1edfng th\u1ee9c b\u00e1nh ph\u00f4 mai Nh\u00e0 May M\u1eafn v\u1edbi h\u01b0\u01a1ng v\u1ecb b\u00e9o ng\u1eady, gi\u00f2n tan, v\u00e0 th\u01a1m l\u1eebng. \u0110\u1eb7t h\u00e0ng ngay \u0111\u1ec3 \u1ee7ng h\u1ed9 Maison Chance v\u00e0 tr\u1ea3i nghi\u1ec7m m\u00f3n b\u00e1nh tuy\u1ec7t h\u1ea3o\" \/>\n<meta name=\"robots\" content=\"index, follow, max-snippet:-1, max-image-preview:large, max-video-preview:-1\" \/>\n<link rel=\"canonical\" href=\"https:\/\/maison-chance.org\/shop\/san-pham\/banh-pho-mai\" \/>\n<meta property=\"og:locale\" content=\"vi_VN\" \/>\n<meta property=\"og:type\" content=\"article\" \/>\n<meta property=\"og:title\" content=\"B\u00e1nh ph\u00f4 mai\" \/>\n<meta property=\"og:description\" content=\"Th\u01b0\u1edfng th\u1ee9c b\u00e1nh ph\u00f4 mai Nh\u00e0 May M\u1eafn v\u1edbi h\u01b0\u01a1ng v\u1ecb b\u00e9o ng\u1eady, gi\u00f2n tan, v\u00e0 th\u01a1m l\u1eebng. \u0110\u1eb7t h\u00e0ng ngay \u0111\u1ec3 \u1ee7ng h\u1ed9 Maison Chance v\u00e0 tr\u1ea3i nghi\u1ec7m m\u00f3n b\u00e1nh tuy\u1ec7t h\u1ea3o\" \/>\n<meta property=\"og:url\" content=\"https:\/\/maison-chance.org\/shop\/san-pham\/banh-pho-mai\" \/>\n<meta property=\"og:site_name\" content=\"Nh\u00e0 May M\u1eafn - Maison Chance\" \/>\n<meta property=\"article:publisher\" content=\"https:\/\/www.facebook.com\/dnxh.nhamayman\/\" \/>\n<meta property=\"article:modified_time\" content=\"2024-06-05T01:06:42+00:00\" \/>\n<meta property=\"og:image\" content=\"https:\/\/maison-chance.org\/shop\/wp-content\/uploads\/2024\/06\/banh-pho-mai.jpg\" \/>\n\t<meta property=\"og:image:width\" content=\"600\" \/>\n\t<meta property=\"og:image:height\" content=\"600\" \/>\n\t<meta property=\"og:image:type\" content=\"image\/jpeg\" \/>\n<meta name=\"twitter:card\" content=\"summary_large_image\" \/>\n<meta name=\"twitter:label1\" content=\"Availability\" \/>\n\t<meta name=\"twitter:data1\" content=\"In stock\" \/>\n<script type=\"application\/ld+json\" class=\"yoast-schema-graph\">{\"@context\":\"https:\/\/schema.org\",\"@graph\":[{\"@type\":\"WebPage\",\"@id\":\"https:\/\/maison-chance.org\/shop\/san-pham\/banh-pho-mai\",\"url\":\"https:\/\/maison-chance.org\/shop\/san-pham\/banh-pho-mai\",\"name\":\"B\u00e1nh ph\u00f4 mai - Nh\u00e0 May M\u1eafn - Maison Chance\",\"isPartOf\":{\"@id\":\"https:\/\/maison-chance.org\/shop\/#website\"},\"primaryImageOfPage\":{\"@id\":\"https:\/\/maison-chance.org\/shop\/san-pham\/banh-pho-mai#primaryimage\"},\"image\":{\"@id\":\"https:\/\/maison-chance.org\/shop\/san-pham\/banh-pho-mai#primaryimage\"},\"thumbnailUrl\":\"https:\/\/maison-chance.org\/shop\/wp-content\/uploads\/2024\/06\/banh-pho-mai.jpg\",\"datePublished\":\"2024-06-05T00:06:41+00:00\",\"dateModified\":\"2024-06-05T01:06:42+00:00\",\"description\":\"Th\u01b0\u1edfng th\u1ee9c b\u00e1nh ph\u00f4 mai Nh\u00e0 May M\u1eafn v\u1edbi h\u01b0\u01a1ng v\u1ecb b\u00e9o ng\u1eady, gi\u00f2n tan, v\u00e0 th\u01a1m l\u1eebng. \u0110\u1eb7t h\u00e0ng ngay \u0111\u1ec3 \u1ee7ng h\u1ed9 Maison Chance v\u00e0 tr\u1ea3i nghi\u1ec7m m\u00f3n b\u00e1nh tuy\u1ec7t h\u1ea3o\",\"breadcrumb\":{\"@id\":\"https:\/\/maison-chance.org\/shop\/san-pham\/banh-pho-mai#breadcrumb\"},\"inLanguage\":\"vi-VN\",\"potentialAction\":[{\"@type\":\"ReadAction\",\"target\":[\"https:\/\/maison-chance.org\/shop\/san-pham\/banh-pho-mai\"]}]},{\"@type\":\"ImageObject\",\"inLanguage\":\"vi-VN\",\"@id\":\"https:\/\/maison-chance.org\/shop\/san-pham\/banh-pho-mai#primaryimage\",\"url\":\"https:\/\/maison-chance.org\/shop\/wp-content\/uploads\/2024\/06\/banh-pho-mai.jpg\",\"contentUrl\":\"https:\/\/maison-chance.org\/shop\/wp-content\/uploads\/2024\/06\/banh-pho-mai.jpg\",\"width\":600,\"height\":600,\"caption\":\"B\u00e1nh ph\u00f4 mai\"},{\"@type\":\"BreadcrumbList\",\"@id\":\"https:\/\/maison-chance.org\/shop\/san-pham\/banh-pho-mai#breadcrumb\",\"itemListElement\":[{\"@type\":\"ListItem\",\"position\":1,\"name\":\"Trang ch\u1ee7\",\"item\":\"https:\/\/maison-chance.org\/shop\/\"},{\"@type\":\"ListItem\",\"position\":2,\"name\":\"Shop\",\"item\":\"https:\/\/maison-chance.org\/shop\/shop\"},{\"@type\":\"ListItem\",\"position\":3,\"name\":\"B\u00e1nh ph\u00f4 mai\"}]},{\"@type\":\"WebSite\",\"@id\":\"https:\/\/maison-chance.org\/shop\/#website\",\"url\":\"https:\/\/maison-chance.org\/shop\/\",\"name\":\"Nh\u00e0 May M\u1eafn - Maison Chance\",\"description\":\"M\u1ecdi l\u1ee3i nhu\u1eadn thu v\u1ec1 t\u1eeb vi\u1ec7c b\u00e1n h\u00e0ng s\u1ebd tr\u00edch m\u1ed9t ph\u1ea7n \u0111\u1ec3 ch\u0103m lo cho \u0111\u1eddi s\u1ed1ng c\u00e1c b\u1ea1n khuy\u1ebft t\u1eadt v\u00e0 tr\u1ebb m\u1ed3 c\u00f4i \u1edf \u0111\u00e2y\",\"publisher\":{\"@id\":\"https:\/\/maison-chance.org\/shop\/#organization\"},\"potentialAction\":[{\"@type\":\"SearchAction\",\"target\":{\"@type\":\"EntryPoint\",\"urlTemplate\":\"https:\/\/maison-chance.org\/shop\/?s={search_term_string}\"},\"query-input\":{\"@type\":\"PropertyValueSpecification\",\"valueRequired\":true,\"valueName\":\"search_term_string\"}}],\"inLanguage\":\"vi-VN\"},{\"@type\":\"Organization\",\"@id\":\"https:\/\/maison-chance.org\/shop\/#organization\",\"name\":\"Nh\u00e0 May M\u1eafn - Maison Chance\",\"url\":\"https:\/\/maison-chance.org\/shop\/\",\"logo\":{\"@type\":\"ImageObject\",\"inLanguage\":\"vi-VN\",\"@id\":\"https:\/\/maison-chance.org\/shop\/#\/schema\/logo\/image\/\",\"url\":\"https:\/\/maison-chance.org\/shop\/wp-content\/uploads\/2024\/03\/cropped-Logo_DNXH.png\",\"contentUrl\":\"https:\/\/maison-chance.org\/shop\/wp-content\/uploads\/2024\/03\/cropped-Logo_DNXH.png\",\"width\":512,\"height\":512,\"caption\":\"Nh\u00e0 May M\u1eafn - Maison Chance\"},\"image\":{\"@id\":\"https:\/\/maison-chance.org\/shop\/#\/schema\/logo\/image\/\"},\"sameAs\":[\"https:\/\/www.facebook.com\/dnxh.nhamayman\/\"]}]}<\/script>\n<meta property=\"og:availability\" content=\"instock\" \/>\n<meta property=\"product:availability\" content=\"instock\" \/>\n<meta property=\"product:condition\" content=\"new\" \/>\n<!-- \/ Yoast SEO Premium plugin. -->","yoast_head_json":{"title":"B\u00e1nh ph\u00f4 mai - Nh\u00e0 May M\u1eafn - Maison Chance","description":"Th\u01b0\u1edfng th\u1ee9c b\u00e1nh ph\u00f4 mai Nh\u00e0 May M\u1eafn v\u1edbi h\u01b0\u01a1ng v\u1ecb b\u00e9o ng\u1eady, gi\u00f2n tan, v\u00e0 th\u01a1m l\u1eebng. \u0110\u1eb7t h\u00e0ng ngay \u0111\u1ec3 \u1ee7ng h\u1ed9 Maison Chance v\u00e0 tr\u1ea3i nghi\u1ec7m m\u00f3n b\u00e1nh tuy\u1ec7t h\u1ea3o","robots":{"index":"index","follow":"follow","max-snippet":"max-snippet:-1","max-image-preview":"max-image-preview:large","max-video-preview":"max-video-preview:-1"},"canonical":"https:\/\/maison-chance.org\/shop\/san-pham\/banh-pho-mai","og_locale":"vi_VN","og_type":"article","og_title":"B\u00e1nh ph\u00f4 mai","og_description":"Th\u01b0\u1edfng th\u1ee9c b\u00e1nh ph\u00f4 mai Nh\u00e0 May M\u1eafn v\u1edbi h\u01b0\u01a1ng v\u1ecb b\u00e9o ng\u1eady, gi\u00f2n tan, v\u00e0 th\u01a1m l\u1eebng. \u0110\u1eb7t h\u00e0ng ngay \u0111\u1ec3 \u1ee7ng h\u1ed9 Maison Chance v\u00e0 tr\u1ea3i nghi\u1ec7m m\u00f3n b\u00e1nh tuy\u1ec7t h\u1ea3o","og_url":"https:\/\/maison-chance.org\/shop\/san-pham\/banh-pho-mai","og_site_name":"Nh\u00e0 May M\u1eafn - Maison Chance","article_publisher":"https:\/\/www.facebook.com\/dnxh.nhamayman\/","article_modified_time":"2024-06-05T01:06:42+00:00","og_image":[{"width":600,"height":600,"url":"https:\/\/maison-chance.org\/shop\/wp-content\/uploads\/2024\/06\/banh-pho-mai.jpg","type":"image\/jpeg"}],"twitter_card":"summary_large_image","twitter_misc":{"Availability":"In stock"},"schema":{"@context":"https:\/\/schema.org","@graph":[{"@type":"WebPage","@id":"https:\/\/maison-chance.org\/shop\/san-pham\/banh-pho-mai","url":"https:\/\/maison-chance.org\/shop\/san-pham\/banh-pho-mai","name":"B\u00e1nh ph\u00f4 mai - Nh\u00e0 May M\u1eafn - Maison Chance","isPartOf":{"@id":"https:\/\/maison-chance.org\/shop\/#website"},"primaryImageOfPage":{"@id":"https:\/\/maison-chance.org\/shop\/san-pham\/banh-pho-mai#primaryimage"},"image":{"@id":"https:\/\/maison-chance.org\/shop\/san-pham\/banh-pho-mai#primaryimage"},"thumbnailUrl":"https:\/\/maison-chance.org\/shop\/wp-content\/uploads\/2024\/06\/banh-pho-mai.jpg","datePublished":"2024-06-05T00:06:41+00:00","dateModified":"2024-06-05T01:06:42+00:00","description":"Th\u01b0\u1edfng th\u1ee9c b\u00e1nh ph\u00f4 mai Nh\u00e0 May M\u1eafn v\u1edbi h\u01b0\u01a1ng v\u1ecb b\u00e9o ng\u1eady, gi\u00f2n tan, v\u00e0 th\u01a1m l\u1eebng. \u0110\u1eb7t h\u00e0ng ngay \u0111\u1ec3 \u1ee7ng h\u1ed9 Maison Chance v\u00e0 tr\u1ea3i nghi\u1ec7m m\u00f3n b\u00e1nh tuy\u1ec7t h\u1ea3o","breadcrumb":{"@id":"https:\/\/maison-chance.org\/shop\/san-pham\/banh-pho-mai#breadcrumb"},"inLanguage":"vi-VN","potentialAction":[{"@type":"ReadAction","target":["https:\/\/maison-chance.org\/shop\/san-pham\/banh-pho-mai"]}]},{"@type":"ImageObject","inLanguage":"vi-VN","@id":"https:\/\/maison-chance.org\/shop\/san-pham\/banh-pho-mai#primaryimage","url":"https:\/\/maison-chance.org\/shop\/wp-content\/uploads\/2024\/06\/banh-pho-mai.jpg","contentUrl":"https:\/\/maison-chance.org\/shop\/wp-content\/uploads\/2024\/06\/banh-pho-mai.jpg","width":600,"height":600,"caption":"B\u00e1nh ph\u00f4 mai"},{"@type":"BreadcrumbList","@id":"https:\/\/maison-chance.org\/shop\/san-pham\/banh-pho-mai#breadcrumb","itemListElement":[{"@type":"ListItem","position":1,"name":"Trang ch\u1ee7","item":"https:\/\/maison-chance.org\/shop\/"},{"@type":"ListItem","position":2,"name":"Shop","item":"https:\/\/maison-chance.org\/shop\/shop"},{"@type":"ListItem","position":3,"name":"B\u00e1nh ph\u00f4 mai"}]},{"@type":"WebSite","@id":"https:\/\/maison-chance.org\/shop\/#website","url":"https:\/\/maison-chance.org\/shop\/","name":"Nh\u00e0 May M\u1eafn - Maison Chance","description":"M\u1ecdi l\u1ee3i nhu\u1eadn thu v\u1ec1 t\u1eeb vi\u1ec7c b\u00e1n h\u00e0ng s\u1ebd tr\u00edch m\u1ed9t ph\u1ea7n \u0111\u1ec3 ch\u0103m lo cho \u0111\u1eddi s\u1ed1ng c\u00e1c b\u1ea1n khuy\u1ebft t\u1eadt v\u00e0 tr\u1ebb m\u1ed3 c\u00f4i \u1edf \u0111\u00e2y","publisher":{"@id":"https:\/\/maison-chance.org\/shop\/#organization"},"potentialAction":[{"@type":"SearchAction","target":{"@type":"EntryPoint","urlTemplate":"https:\/\/maison-chance.org\/shop\/?s={search_term_string}"},"query-input":{"@type":"PropertyValueSpecification","valueRequired":true,"valueName":"search_term_string"}}],"inLanguage":"vi-VN"},{"@type":"Organization","@id":"https:\/\/maison-chance.org\/shop\/#organization","name":"Nh\u00e0 May M\u1eafn - Maison Chance","url":"https:\/\/maison-chance.org\/shop\/","logo":{"@type":"ImageObject","inLanguage":"vi-VN","@id":"https:\/\/maison-chance.org\/shop\/#\/schema\/logo\/image\/","url":"https:\/\/maison-chance.org\/shop\/wp-content\/uploads\/2024\/03\/cropped-Logo_DNXH.png","contentUrl":"https:\/\/maison-chance.org\/shop\/wp-content\/uploads\/2024\/03\/cropped-Logo_DNXH.png","width":512,"height":512,"caption":"Nh\u00e0 May M\u1eafn - Maison Chance"},"image":{"@id":"https:\/\/maison-chance.org\/shop\/#\/schema\/logo\/image\/"},"sameAs":["https:\/\/www.facebook.com\/dnxh.nhamayman\/"]}]},"og_availability":"instock","product_availability":"instock","product_condition":"new"},"_links":{"self":[{"href":"https:\/\/maison-chance.org\/shop\/wp-json\/wp\/v2\/product\/39393","targetHints":{"allow":["GET"]}}],"collection":[{"href":"https:\/\/maison-chance.org\/shop\/wp-json\/wp\/v2\/product"}],"about":[{"href":"https:\/\/maison-chance.org\/shop\/wp-json\/wp\/v2\/types\/product"}],"wp:featuredmedia":[{"embeddable":true,"href":"https:\/\/maison-chance.org\/shop\/wp-json\/wp\/v2\/media\/39414"}],"wp:attachment":[{"href":"https:\/\/maison-chance.org\/shop\/wp-json\/wp\/v2\/media?parent=39393"}],"wp:term":[{"taxonomy":"product_brand","embeddable":true,"href":"https:\/\/maison-chance.org\/shop\/wp-json\/wp\/v2\/product_brand?post=39393"},{"taxonomy":"product_cat","embeddable":true,"href":"https:\/\/maison-chance.org\/shop\/wp-json\/wp\/v2\/product_cat?post=39393"},{"taxonomy":"product_tag","embeddable":true,"href":"https:\/\/maison-chance.org\/shop\/wp-json\/wp\/v2\/product_tag?post=39393"}],"curies":[{"name":"wp","href":"https:\/\/api.w.org\/{rel}","templated":true}]}}