{"id":39418,"date":"2024-06-05T08:28:14","date_gmt":"2024-06-05T01:28:14","guid":{"rendered":"https:\/\/maison-chance.org\/shop?post_type=product&#038;p=39418"},"modified":"2024-06-05T08:42:46","modified_gmt":"2024-06-05T01:42:46","slug":"banh-xuc-xich","status":"publish","type":"product","link":"https:\/\/maison-chance.org\/shop\/san-pham\/banh-xuc-xich","title":{"rendered":"B\u00e1nh x\u00fac x\u00edch"},"content":{"rendered":"<p style=\"text-align: center;\">Kh\u00e1m ph\u00e1 h\u01b0\u01a1ng v\u1ecb \u0111\u1eb7c bi\u1ec7t c\u1ee7a <a href=\"https:\/\/maison-chance.org\/shop\/san-pham\/banh-xuc-xich\">b\u00e1nh x\u00fac x\u00edch<\/a> t\u1ea1i Nh\u00e0 May M\u1eafn &#8211; Maison Chance<\/p>\n<p style=\"text-align: justify;\">H\u00e3y \u0111\u1ec3 ch\u00fang t\u00f4i gi\u1edbi thi\u1ec7u \u0111\u1ebfn b\u1ea1n m\u1ed9t tr\u1ea3i nghi\u1ec7m \u1ea9m th\u1ef1c \u0111\u1ed9c \u0111\u00e1o v\u1edbi b\u00e1nh x\u00fac x\u00edch t\u1ea1i Nh\u00e0 May M\u1eafn &#8211; Maison Chance. V\u1edbi th\u00e0nh ph\u1ea7n \u0111a d\u1ea1ng v\u00e0 h\u01b0\u01a1ng v\u1ecb tinh t\u1ebf, lo\u1ea1i <a href=\"https:\/\/maison-chance.org\/shop\/banh-man\">b\u00e1nh m\u1eb7n<\/a> n\u00e0y kh\u00f4ng ch\u1ec9 l\u00e0m b\u1ea1n say \u0111\u1eafm m\u00e0 c\u00f2n khi\u1ebfn b\u1ea1n mu\u1ed1n quay l\u1ea1i l\u1ea7n n\u1eefa.<\/p>\n<p style=\"text-align: justify;\">M\u1ed7i mi\u1ebfng b\u00e1nh x\u00fac x\u00edch t\u1ea1i Nh\u00e0 May M\u1eafn \u0111\u01b0\u1ee3c ch\u1ebf bi\u1ebfn t\u1eeb nh\u1eefng nguy\u00ean li\u1ec7u ch\u1ea5t l\u01b0\u1ee3ng nh\u01b0 b\u1ed9t m\u00ec m\u1ecbn m\u00e0ng, b\u01a1 th\u01a1m ngon, s\u1eefa t\u01b0\u01a1i b\u00e9o ng\u1eady, tr\u1ee9ng t\u01b0\u01a1i s\u00e1ng v\u00e0 kh\u00f4ng th\u1ec3 thi\u1ebfu l\u00e0 nh\u1eefng l\u00e1t x\u00fac x\u00edch th\u01a1m ngon. T\u1ea5t c\u1ea3 \u0111\u01b0\u1ee3c k\u1ebft h\u1ee3p v\u1edbi t\u1ec9 l\u1ec7 ho\u00e0n h\u1ea3o \u0111\u1ec3 t\u1ea1o n\u00ean m\u1ed9t h\u01b0\u01a1ng v\u1ecb \u0111\u1eb7c bi\u1ec7t, kh\u00f3 qu\u00ean.<\/p>\n<p style=\"text-align: justify;\">V\u1edbi tr\u1ecdng l\u01b0\u1ee3ng \u0111a d\u1ea1ng t\u1eeb 100gr \u0111\u1ebfn 180gr m\u1ed7i chi\u1ebfc, b\u00e1nh x\u00fac x\u00edch t\u1ea1i <a href=\"https:\/\/maison-chance.org\/shop\/\">Nh\u00e0 May M\u1eafn<\/a> &#8211; Maison Chance kh\u00f4ng ch\u1ec9 l\u00e0 s\u1ef1 l\u1ef1a ch\u1ecdn ho\u00e0n h\u1ea3o cho m\u1ed9t bu\u1ed5i s\u00e1ng nhanh g\u1ecdn m\u00e0 c\u00f2n l\u00e0 m\u1ed9t ph\u1ea7n th\u00fa v\u1ecb trong b\u1eefa ti\u1ec7c gia \u0111\u00ecnh ho\u1eb7c bu\u1ed5i g\u1eb7p g\u1ee1 b\u1ea1n b\u00e8.<\/p>\n<p style=\"text-align: justify;\">H\u01b0\u01a1ng v\u1ecb \u0111\u1eb7c bi\u1ec7t c\u1ee7a b\u00e1nh x\u00fac x\u00edch s\u1ebd khi\u1ebfn b\u1ea1n kh\u00f4ng th\u1ec3 r\u1eddi m\u1eaft kh\u1ecfi \u0111\u0129a b\u00e1nh. V\u1ecb ng\u1ecdt d\u1ecbu c\u1ee7a b\u1ed9t m\u00ec, v\u1ecb b\u00e9o c\u1ee7a b\u01a1 v\u00e0 s\u1eefa, c\u00f9ng v\u1ecb \u0111\u1eadm \u0111\u00e0 c\u1ee7a x\u00fac x\u00edch t\u1ea1o n\u00ean m\u1ed9t k\u1ebft h\u1ee3p ho\u00e0n h\u1ea3o, \u0111\u1ea3m b\u1ea3o l\u00e0m h\u00e0i l\u00f2ng c\u1ea3 nh\u1eefng th\u1ef1c kh\u00e1ch kh\u00f3 t\u00ednh nh\u1ea5t.<\/p>\n<p style=\"text-align: justify;\">\u0110\u1eebng b\u1ecf l\u1ee1 c\u01a1 h\u1ed9i tr\u1ea3i nghi\u1ec7m h\u01b0\u01a1ng v\u1ecb \u0111\u1eb7c bi\u1ec7t n\u00e0y! H\u00e3y gh\u00e9 th\u0103m c\u1eeda h\u00e0ng c\u1ee7a Nh\u00e0 May M\u1eafn &#8211; Maison Chance \u0111\u1ec3 th\u01b0\u1edfng th\u1ee9c v\u00e0 \u1ee7ng h\u1ed9 s\u1ea3n ph\u1ea9m b\u00e1nh \u0111\u1ed9c \u0111\u00e1o n\u00e0y ngay h\u00f4m nay. S\u1ef1 h\u00e0i l\u00f2ng c\u1ee7a b\u1ea1n ch\u00ednh l\u00e0 ngu\u1ed3n \u0111\u1ed9ng vi\u00ean l\u1edbn lao cho ch\u00fang t\u00f4i \u0111\u1ec3 ti\u1ebfp t\u1ee5c mang \u0111\u1ebfn nh\u1eefng s\u1ea3n ph\u1ea9m ch\u1ea5t l\u01b0\u1ee3ng v\u00e0 \u0111\u1ed9c \u0111\u00e1o h\u01a1n.<\/p>\n<p style=\"text-align: justify;\">H\u00e3y c\u00f9ng chia s\u1ebb ni\u1ec1m vui v\u00e0 tr\u1ea3i nghi\u1ec7m \u1ea9m th\u1ef1c \u0111\u1eb7c bi\u1ec7t n\u00e0y v\u1edbi b\u1ea1n b\u00e8 v\u00e0 ng\u01b0\u1eddi th\u00e2n c\u1ee7a b\u1ea1n. <a href=\"https:\/\/maison-chance.org\/shop\/phong-banh\">B\u00e1nh x\u00fac x\u00edch t\u1ea1i Nh\u00e0 May M\u1eafn<\/a> &#8211; Maison Chance s\u1ebd l\u00e0m cho m\u1ecdi bu\u1ed5i g\u1eb7p g\u1ee1 tr\u1edf n\u00ean th\u00fa v\u1ecb v\u00e0 \u0111\u00e1ng nh\u1edb h\u01a1n bao gi\u1edd h\u1ebft.<\/p>\n<p style=\"text-align: justify;\">H\u00e3y \u0111\u1ec3 ch\u00fang t\u00f4i mang \u0111\u1ebfn cho b\u1ea1n m\u1ed9t tr\u1ea3i nghi\u1ec7m \u1ea9m th\u1ef1c tuy\u1ec7t v\u1eddi v\u00e0 h\u00e3y \u0111\u1ec3 h\u01b0\u01a1ng v\u1ecb \u0111\u1eb7c bi\u1ec7t c\u1ee7a b\u00e1nh x\u00fac x\u00edch t\u1ea1i Nh\u00e0 May M\u1eafn &#8211; Maison Chance l\u00e0m cho b\u1ea1n y\u00eau th\u00edch t\u1eeb l\u1ea7n \u0111\u1ea7u ti\u00ean th\u01b0\u1edfng th\u1ee9c.<\/p>\n<p style=\"text-align: justify;\">H\u00e3y li\u00ean h\u1ec7 v\u1edbi ch\u00fang t\u00f4i ngay h\u00f4m nay \u0111\u1ec3 \u0111\u1eb7t h\u00e0ng v\u00e0 kh\u00f4ng qu\u00ean chia s\u1ebb tr\u1ea3i nghi\u1ec7m c\u1ee7a b\u1ea1n v\u1edbi ch\u00fang t\u00f4i!<\/p>\n","protected":false},"excerpt":{"rendered":"<p style=\"text-align: justify;\">S\u1ea3n ph\u1ea9m b\u00e1nh ng\u1ecdt \u0111\u01b0\u1ee3c l\u00e0m t\u1eeb c\u00e1c b\u1ea1n tr\u1ebb m\u1ed3 c\u00f4i hi\u1ec7n \u0111ang \u0111\u01b0\u1ee3c Nh\u00e0 May M\u1eafn &#8211; Maison Chance nu\u00f4i d\u01b0\u1ee1ng. K\u00ednh mong nh\u1eadn \u0111\u01b0\u1ee3c s\u1ef1 \u1ee7ng h\u1ed9 c\u1ee7a Qu\u00fd kh\u00e1ch!<\/p>\n<p>Hotline : <span style=\"font-size: 20px;\"><strong><span style=\"color: #ff0000;\">0909 06 25 28<\/span><\/strong><\/span><\/p>\n","protected":false},"featured_media":39419,"template":"","meta":[],"product_brand":[],"product_cat":[152,150],"product_tag":[],"class_list":{"0":"post-39418","1":"product","2":"type-product","3":"status-publish","4":"has-post-thumbnail","6":"product_cat-banh-man","7":"product_cat-phong-banh","9":"first","10":"instock","11":"shipping-taxable","12":"purchasable","13":"product-type-variable"},"yoast_head":"<!-- This site is optimized with the Yoast SEO Premium plugin v22.7 (Yoast SEO v25.3.1) - https:\/\/yoast.com\/wordpress\/plugins\/seo\/ -->\n<title>B\u00e1nh x\u00fac x\u00edch - Nh\u00e0 May M\u1eafn - Maison Chance<\/title>\n<meta name=\"description\" content=\"Kh\u00e1m ph\u00e1 h\u01b0\u01a1ng v\u1ecb \u0111\u1eb7c bi\u1ec7t c\u1ee7a b\u00e1nh x\u00fac x\u00edch t\u1ea1i Nh\u00e0 May M\u1eafn - Maison Chance v\u00e0 \u0111\u1eb7t h\u00e0ng ngay h\u00f4m nay \u0111\u1ec3 tr\u1ea3i nghi\u1ec7m ni\u1ec1m vui \u1ea9m th\u1ef1c \u0111\u1ed9c \u0111\u00e1o!\" \/>\n<meta name=\"robots\" content=\"index, follow, max-snippet:-1, max-image-preview:large, max-video-preview:-1\" \/>\n<link rel=\"canonical\" href=\"https:\/\/maison-chance.org\/shop\/san-pham\/banh-xuc-xich\" \/>\n<meta property=\"og:locale\" content=\"vi_VN\" \/>\n<meta property=\"og:type\" content=\"article\" \/>\n<meta property=\"og:title\" content=\"B\u00e1nh x\u00fac x\u00edch\" \/>\n<meta property=\"og:description\" content=\"Kh\u00e1m ph\u00e1 h\u01b0\u01a1ng v\u1ecb \u0111\u1eb7c bi\u1ec7t c\u1ee7a b\u00e1nh x\u00fac x\u00edch t\u1ea1i Nh\u00e0 May M\u1eafn - Maison Chance v\u00e0 \u0111\u1eb7t h\u00e0ng ngay h\u00f4m nay \u0111\u1ec3 tr\u1ea3i nghi\u1ec7m ni\u1ec1m vui \u1ea9m th\u1ef1c \u0111\u1ed9c \u0111\u00e1o!\" \/>\n<meta property=\"og:url\" content=\"https:\/\/maison-chance.org\/shop\/san-pham\/banh-xuc-xich\" \/>\n<meta property=\"og:site_name\" content=\"Nh\u00e0 May M\u1eafn - Maison Chance\" \/>\n<meta property=\"article:publisher\" content=\"https:\/\/www.facebook.com\/dnxh.nhamayman\/\" \/>\n<meta property=\"article:modified_time\" content=\"2024-06-05T01:42:46+00:00\" \/>\n<meta property=\"og:image\" content=\"https:\/\/maison-chance.org\/shop\/wp-content\/uploads\/2024\/06\/banh-xuc-xich.jpg\" \/>\n\t<meta property=\"og:image:width\" content=\"600\" \/>\n\t<meta property=\"og:image:height\" content=\"600\" \/>\n\t<meta property=\"og:image:type\" content=\"image\/jpeg\" \/>\n<meta name=\"twitter:card\" content=\"summary_large_image\" \/>\n<meta name=\"twitter:label1\" content=\"Availability\" \/>\n\t<meta name=\"twitter:data1\" content=\"In stock\" \/>\n<script type=\"application\/ld+json\" class=\"yoast-schema-graph\">{\"@context\":\"https:\/\/schema.org\",\"@graph\":[{\"@type\":\"WebPage\",\"@id\":\"https:\/\/maison-chance.org\/shop\/san-pham\/banh-xuc-xich\",\"url\":\"https:\/\/maison-chance.org\/shop\/san-pham\/banh-xuc-xich\",\"name\":\"B\u00e1nh x\u00fac x\u00edch - Nh\u00e0 May M\u1eafn - Maison Chance\",\"isPartOf\":{\"@id\":\"https:\/\/maison-chance.org\/shop\/#website\"},\"primaryImageOfPage\":{\"@id\":\"https:\/\/maison-chance.org\/shop\/san-pham\/banh-xuc-xich#primaryimage\"},\"image\":{\"@id\":\"https:\/\/maison-chance.org\/shop\/san-pham\/banh-xuc-xich#primaryimage\"},\"thumbnailUrl\":\"https:\/\/maison-chance.org\/shop\/wp-content\/uploads\/2024\/06\/banh-xuc-xich.jpg\",\"datePublished\":\"2024-06-05T01:28:14+00:00\",\"dateModified\":\"2024-06-05T01:42:46+00:00\",\"description\":\"Kh\u00e1m ph\u00e1 h\u01b0\u01a1ng v\u1ecb \u0111\u1eb7c bi\u1ec7t c\u1ee7a b\u00e1nh x\u00fac x\u00edch t\u1ea1i Nh\u00e0 May M\u1eafn - Maison Chance v\u00e0 \u0111\u1eb7t h\u00e0ng ngay h\u00f4m nay \u0111\u1ec3 tr\u1ea3i nghi\u1ec7m ni\u1ec1m vui \u1ea9m th\u1ef1c \u0111\u1ed9c \u0111\u00e1o!\",\"breadcrumb\":{\"@id\":\"https:\/\/maison-chance.org\/shop\/san-pham\/banh-xuc-xich#breadcrumb\"},\"inLanguage\":\"vi-VN\",\"potentialAction\":[{\"@type\":\"ReadAction\",\"target\":[\"https:\/\/maison-chance.org\/shop\/san-pham\/banh-xuc-xich\"]}]},{\"@type\":\"ImageObject\",\"inLanguage\":\"vi-VN\",\"@id\":\"https:\/\/maison-chance.org\/shop\/san-pham\/banh-xuc-xich#primaryimage\",\"url\":\"https:\/\/maison-chance.org\/shop\/wp-content\/uploads\/2024\/06\/banh-xuc-xich.jpg\",\"contentUrl\":\"https:\/\/maison-chance.org\/shop\/wp-content\/uploads\/2024\/06\/banh-xuc-xich.jpg\",\"width\":600,\"height\":600,\"caption\":\"B\u00e1nh x\u00fac x\u00edch\"},{\"@type\":\"BreadcrumbList\",\"@id\":\"https:\/\/maison-chance.org\/shop\/san-pham\/banh-xuc-xich#breadcrumb\",\"itemListElement\":[{\"@type\":\"ListItem\",\"position\":1,\"name\":\"Trang ch\u1ee7\",\"item\":\"https:\/\/maison-chance.org\/shop\/\"},{\"@type\":\"ListItem\",\"position\":2,\"name\":\"Shop\",\"item\":\"https:\/\/maison-chance.org\/shop\/shop\"},{\"@type\":\"ListItem\",\"position\":3,\"name\":\"B\u00e1nh x\u00fac x\u00edch\"}]},{\"@type\":\"WebSite\",\"@id\":\"https:\/\/maison-chance.org\/shop\/#website\",\"url\":\"https:\/\/maison-chance.org\/shop\/\",\"name\":\"Nh\u00e0 May M\u1eafn - Maison Chance\",\"description\":\"M\u1ecdi l\u1ee3i nhu\u1eadn thu v\u1ec1 t\u1eeb vi\u1ec7c b\u00e1n h\u00e0ng s\u1ebd tr\u00edch m\u1ed9t ph\u1ea7n \u0111\u1ec3 ch\u0103m lo cho \u0111\u1eddi s\u1ed1ng c\u00e1c b\u1ea1n khuy\u1ebft t\u1eadt v\u00e0 tr\u1ebb m\u1ed3 c\u00f4i \u1edf \u0111\u00e2y\",\"publisher\":{\"@id\":\"https:\/\/maison-chance.org\/shop\/#organization\"},\"potentialAction\":[{\"@type\":\"SearchAction\",\"target\":{\"@type\":\"EntryPoint\",\"urlTemplate\":\"https:\/\/maison-chance.org\/shop\/?s={search_term_string}\"},\"query-input\":{\"@type\":\"PropertyValueSpecification\",\"valueRequired\":true,\"valueName\":\"search_term_string\"}}],\"inLanguage\":\"vi-VN\"},{\"@type\":\"Organization\",\"@id\":\"https:\/\/maison-chance.org\/shop\/#organization\",\"name\":\"Nh\u00e0 May M\u1eafn - Maison Chance\",\"url\":\"https:\/\/maison-chance.org\/shop\/\",\"logo\":{\"@type\":\"ImageObject\",\"inLanguage\":\"vi-VN\",\"@id\":\"https:\/\/maison-chance.org\/shop\/#\/schema\/logo\/image\/\",\"url\":\"https:\/\/maison-chance.org\/shop\/wp-content\/uploads\/2024\/03\/cropped-Logo_DNXH.png\",\"contentUrl\":\"https:\/\/maison-chance.org\/shop\/wp-content\/uploads\/2024\/03\/cropped-Logo_DNXH.png\",\"width\":512,\"height\":512,\"caption\":\"Nh\u00e0 May M\u1eafn - Maison Chance\"},\"image\":{\"@id\":\"https:\/\/maison-chance.org\/shop\/#\/schema\/logo\/image\/\"},\"sameAs\":[\"https:\/\/www.facebook.com\/dnxh.nhamayman\/\"]}]}<\/script>\n<meta property=\"og:availability\" content=\"instock\" \/>\n<meta property=\"product:availability\" content=\"instock\" \/>\n<meta property=\"product:condition\" content=\"new\" \/>\n<!-- \/ Yoast SEO Premium plugin. -->","yoast_head_json":{"title":"B\u00e1nh x\u00fac x\u00edch - Nh\u00e0 May M\u1eafn - Maison Chance","description":"Kh\u00e1m ph\u00e1 h\u01b0\u01a1ng v\u1ecb \u0111\u1eb7c bi\u1ec7t c\u1ee7a b\u00e1nh x\u00fac x\u00edch t\u1ea1i Nh\u00e0 May M\u1eafn - Maison Chance v\u00e0 \u0111\u1eb7t h\u00e0ng ngay h\u00f4m nay \u0111\u1ec3 tr\u1ea3i nghi\u1ec7m ni\u1ec1m vui \u1ea9m th\u1ef1c \u0111\u1ed9c \u0111\u00e1o!","robots":{"index":"index","follow":"follow","max-snippet":"max-snippet:-1","max-image-preview":"max-image-preview:large","max-video-preview":"max-video-preview:-1"},"canonical":"https:\/\/maison-chance.org\/shop\/san-pham\/banh-xuc-xich","og_locale":"vi_VN","og_type":"article","og_title":"B\u00e1nh x\u00fac x\u00edch","og_description":"Kh\u00e1m ph\u00e1 h\u01b0\u01a1ng v\u1ecb \u0111\u1eb7c bi\u1ec7t c\u1ee7a b\u00e1nh x\u00fac x\u00edch t\u1ea1i Nh\u00e0 May M\u1eafn - Maison Chance v\u00e0 \u0111\u1eb7t h\u00e0ng ngay h\u00f4m nay \u0111\u1ec3 tr\u1ea3i nghi\u1ec7m ni\u1ec1m vui \u1ea9m th\u1ef1c \u0111\u1ed9c \u0111\u00e1o!","og_url":"https:\/\/maison-chance.org\/shop\/san-pham\/banh-xuc-xich","og_site_name":"Nh\u00e0 May M\u1eafn - Maison Chance","article_publisher":"https:\/\/www.facebook.com\/dnxh.nhamayman\/","article_modified_time":"2024-06-05T01:42:46+00:00","og_image":[{"width":600,"height":600,"url":"https:\/\/maison-chance.org\/shop\/wp-content\/uploads\/2024\/06\/banh-xuc-xich.jpg","type":"image\/jpeg"}],"twitter_card":"summary_large_image","twitter_misc":{"Availability":"In stock"},"schema":{"@context":"https:\/\/schema.org","@graph":[{"@type":"WebPage","@id":"https:\/\/maison-chance.org\/shop\/san-pham\/banh-xuc-xich","url":"https:\/\/maison-chance.org\/shop\/san-pham\/banh-xuc-xich","name":"B\u00e1nh x\u00fac x\u00edch - Nh\u00e0 May M\u1eafn - Maison Chance","isPartOf":{"@id":"https:\/\/maison-chance.org\/shop\/#website"},"primaryImageOfPage":{"@id":"https:\/\/maison-chance.org\/shop\/san-pham\/banh-xuc-xich#primaryimage"},"image":{"@id":"https:\/\/maison-chance.org\/shop\/san-pham\/banh-xuc-xich#primaryimage"},"thumbnailUrl":"https:\/\/maison-chance.org\/shop\/wp-content\/uploads\/2024\/06\/banh-xuc-xich.jpg","datePublished":"2024-06-05T01:28:14+00:00","dateModified":"2024-06-05T01:42:46+00:00","description":"Kh\u00e1m ph\u00e1 h\u01b0\u01a1ng v\u1ecb \u0111\u1eb7c bi\u1ec7t c\u1ee7a b\u00e1nh x\u00fac x\u00edch t\u1ea1i Nh\u00e0 May M\u1eafn - Maison Chance v\u00e0 \u0111\u1eb7t h\u00e0ng ngay h\u00f4m nay \u0111\u1ec3 tr\u1ea3i nghi\u1ec7m ni\u1ec1m vui \u1ea9m th\u1ef1c \u0111\u1ed9c \u0111\u00e1o!","breadcrumb":{"@id":"https:\/\/maison-chance.org\/shop\/san-pham\/banh-xuc-xich#breadcrumb"},"inLanguage":"vi-VN","potentialAction":[{"@type":"ReadAction","target":["https:\/\/maison-chance.org\/shop\/san-pham\/banh-xuc-xich"]}]},{"@type":"ImageObject","inLanguage":"vi-VN","@id":"https:\/\/maison-chance.org\/shop\/san-pham\/banh-xuc-xich#primaryimage","url":"https:\/\/maison-chance.org\/shop\/wp-content\/uploads\/2024\/06\/banh-xuc-xich.jpg","contentUrl":"https:\/\/maison-chance.org\/shop\/wp-content\/uploads\/2024\/06\/banh-xuc-xich.jpg","width":600,"height":600,"caption":"B\u00e1nh x\u00fac x\u00edch"},{"@type":"BreadcrumbList","@id":"https:\/\/maison-chance.org\/shop\/san-pham\/banh-xuc-xich#breadcrumb","itemListElement":[{"@type":"ListItem","position":1,"name":"Trang ch\u1ee7","item":"https:\/\/maison-chance.org\/shop\/"},{"@type":"ListItem","position":2,"name":"Shop","item":"https:\/\/maison-chance.org\/shop\/shop"},{"@type":"ListItem","position":3,"name":"B\u00e1nh x\u00fac x\u00edch"}]},{"@type":"WebSite","@id":"https:\/\/maison-chance.org\/shop\/#website","url":"https:\/\/maison-chance.org\/shop\/","name":"Nh\u00e0 May M\u1eafn - Maison Chance","description":"M\u1ecdi l\u1ee3i nhu\u1eadn thu v\u1ec1 t\u1eeb vi\u1ec7c b\u00e1n h\u00e0ng s\u1ebd tr\u00edch m\u1ed9t ph\u1ea7n \u0111\u1ec3 ch\u0103m lo cho \u0111\u1eddi s\u1ed1ng c\u00e1c b\u1ea1n khuy\u1ebft t\u1eadt v\u00e0 tr\u1ebb m\u1ed3 c\u00f4i \u1edf \u0111\u00e2y","publisher":{"@id":"https:\/\/maison-chance.org\/shop\/#organization"},"potentialAction":[{"@type":"SearchAction","target":{"@type":"EntryPoint","urlTemplate":"https:\/\/maison-chance.org\/shop\/?s={search_term_string}"},"query-input":{"@type":"PropertyValueSpecification","valueRequired":true,"valueName":"search_term_string"}}],"inLanguage":"vi-VN"},{"@type":"Organization","@id":"https:\/\/maison-chance.org\/shop\/#organization","name":"Nh\u00e0 May M\u1eafn - Maison Chance","url":"https:\/\/maison-chance.org\/shop\/","logo":{"@type":"ImageObject","inLanguage":"vi-VN","@id":"https:\/\/maison-chance.org\/shop\/#\/schema\/logo\/image\/","url":"https:\/\/maison-chance.org\/shop\/wp-content\/uploads\/2024\/03\/cropped-Logo_DNXH.png","contentUrl":"https:\/\/maison-chance.org\/shop\/wp-content\/uploads\/2024\/03\/cropped-Logo_DNXH.png","width":512,"height":512,"caption":"Nh\u00e0 May M\u1eafn - Maison Chance"},"image":{"@id":"https:\/\/maison-chance.org\/shop\/#\/schema\/logo\/image\/"},"sameAs":["https:\/\/www.facebook.com\/dnxh.nhamayman\/"]}]},"og_availability":"instock","product_availability":"instock","product_condition":"new"},"_links":{"self":[{"href":"https:\/\/maison-chance.org\/shop\/wp-json\/wp\/v2\/product\/39418","targetHints":{"allow":["GET"]}}],"collection":[{"href":"https:\/\/maison-chance.org\/shop\/wp-json\/wp\/v2\/product"}],"about":[{"href":"https:\/\/maison-chance.org\/shop\/wp-json\/wp\/v2\/types\/product"}],"wp:featuredmedia":[{"embeddable":true,"href":"https:\/\/maison-chance.org\/shop\/wp-json\/wp\/v2\/media\/39419"}],"wp:attachment":[{"href":"https:\/\/maison-chance.org\/shop\/wp-json\/wp\/v2\/media?parent=39418"}],"wp:term":[{"taxonomy":"product_brand","embeddable":true,"href":"https:\/\/maison-chance.org\/shop\/wp-json\/wp\/v2\/product_brand?post=39418"},{"taxonomy":"product_cat","embeddable":true,"href":"https:\/\/maison-chance.org\/shop\/wp-json\/wp\/v2\/product_cat?post=39418"},{"taxonomy":"product_tag","embeddable":true,"href":"https:\/\/maison-chance.org\/shop\/wp-json\/wp\/v2\/product_tag?post=39418"}],"curies":[{"name":"wp","href":"https:\/\/api.w.org\/{rel}","templated":true}]}}