{"id":39446,"date":"2024-06-06T05:18:42","date_gmt":"2024-06-05T22:18:42","guid":{"rendered":"https:\/\/maison-chance.org\/shop?post_type=product&#038;p=39446"},"modified":"2024-06-06T05:28:53","modified_gmt":"2024-06-05T22:28:53","slug":"banh-pate-chaud","status":"publish","type":"product","link":"https:\/\/maison-chance.org\/shop\/san-pham\/banh-pate-chaud","title":{"rendered":"B\u00e1nh Pate Chaud"},"content":{"rendered":"<p style=\"text-align: center;\">B\u00e1nh Pate Chaud &#8211; H\u01b0\u01a1ng V\u1ecb \u00c2u Ch\u00e2u Truy\u1ec1n Th\u1ed1ng T\u1eeb Nh\u00e0 May M\u1eafn &#8211; Maison Chance<\/p>\n<p style=\"text-align: justify;\"><a href=\"https:\/\/maison-chance.org\/shop\/san-pham\/banh-pate-chaud\">B\u00e1nh Pate Chaud<\/a>, m\u1ed9t lo\u1ea1i b\u00e1nh ng\u1ecdt truy\u1ec1n th\u1ed1ng c\u1ee7a ch\u00e2u \u00c2u, \u0111\u00e3 tr\u1edf th\u00e0nh m\u00f3n \u0103n \u01b0a th\u00edch c\u1ee7a nhi\u1ec1u ng\u01b0\u1eddi y\u00eau \u1ea9m th\u1ef1c tr\u00ean kh\u1eafp th\u1ebf gi\u1edbi. V\u1edbi s\u1ef1 k\u1ebft h\u1ee3p ho\u00e0n h\u1ea3o gi\u1eefa b\u1ed9t m\u00ec, b\u01a1, s\u1eefa, tr\u1ee9ng, \u0111\u01b0\u1eddng, v\u00e0 nh\u00e2n th\u1ecbt th\u01a1m ngon, b\u00e1nh Pate Chaud t\u1eeb Nh\u00e0 May M\u1eafn &#8211; Maison Chance mang \u0111\u1ebfn tr\u1ea3i nghi\u1ec7m \u1ea9m th\u1ef1c \u0111\u1ed9c \u0111\u00e1o v\u00e0 \u0111\u1ea7y h\u01b0\u01a1ng v\u1ecb.<\/p>\n<p><strong>H\u01b0\u01a1ng V\u1ecb \u0110\u1eb7c Bi\u1ec7t C\u1ee7a B\u00e1nh Pate Chaud<\/strong><\/p>\n<p style=\"text-align: justify;\">B\u00e1nh Pate Chaud t\u1ea1i Nh\u00e0 May M\u1eafn &#8211; Maison Chance \u0111\u01b0\u1ee3c l\u00e0m t\u1eeb nh\u1eefng nguy\u00ean li\u1ec7u t\u01b0\u01a1i ngon v\u00e0 ch\u1ea5t l\u01b0\u1ee3ng nh\u1ea5t. V\u1ecf b\u00e1nh \u0111\u01b0\u1ee3c l\u00e0m t\u1eeb b\u1ed9t m\u00ec cao c\u1ea5p, k\u1ebft h\u1ee3p c\u00f9ng b\u01a1 th\u01a1m b\u00e9o v\u00e0 s\u1eefa t\u01b0\u01a1i, t\u1ea1o n\u00ean l\u1edbp v\u1ecf gi\u00f2n tan, v\u00e0ng \u01b0\u01a1m. Khi c\u1eafn v\u00e0o, b\u1ea1n s\u1ebd c\u1ea3m nh\u1eadn \u0111\u01b0\u1ee3c s\u1ef1 b\u00f9i b\u00f9i, m\u1ec1m m\u1ecbn c\u1ee7a v\u1ecf b\u00e1nh, h\u00f2a quy\u1ec7n c\u00f9ng v\u1ecb ng\u1ecdt nh\u1eb9 c\u1ee7a \u0111\u01b0\u1eddng v\u00e0 \u0111\u1ed9 b\u00e9o ng\u1eady c\u1ee7a tr\u1ee9ng.<\/p>\n<p style=\"text-align: justify;\">Nh\u00e2n b\u00e1nh l\u00e0 s\u1ef1 k\u1ebft h\u1ee3p ho\u00e0n h\u1ea3o gi\u1eefa th\u1ecbt, h\u00e0nh t\u00e2y, ti\u00eau v\u00e0 pate. Th\u1ecbt \u0111\u01b0\u1ee3c ch\u1ecdn l\u1ecdc k\u1ef9 c\u00e0ng, t\u01b0\u01a1i ngon v\u00e0 n\u00eam n\u1ebfm v\u1eeba mi\u1ec7ng. H\u00e0nh t\u00e2y th\u00eam v\u00e0o \u0111\u1ec3 t\u0103ng th\u00eam h\u01b0\u01a1ng v\u1ecb, c\u00f9ng v\u1edbi ch\u00fat ti\u00eau cay n\u1ed3ng, t\u1ea5t c\u1ea3 ho\u00e0 quy\u1ec7n t\u1ea1o n\u00ean m\u1ed9t h\u01b0\u01a1ng v\u1ecb \u0111\u1eadm \u0111\u00e0 v\u00e0 h\u1ea5p d\u1eabn. Pate &#8211; th\u00e0nh ph\u1ea7n kh\u00f4ng th\u1ec3 thi\u1ebfu, l\u00e0m cho nh\u00e2n b\u00e1nh th\u00eam ph\u1ea7n b\u00e9o ng\u1eady, th\u01a1m l\u1eebng, khi\u1ebfn b\u1ea5t c\u1ee9 ai th\u01b0\u1edfng th\u1ee9c c\u0169ng ph\u1ea3i ng\u1ea5t ng\u00e2y.<\/p>\n<p><strong>L\u1ef1a Ch\u1ecdn Tr\u1ecdng L\u01b0\u1ee3ng Ph\u00f9 H\u1ee3p<\/strong><\/p>\n<p style=\"text-align: justify;\"><a href=\"https:\/\/maison-chance.org\/shop\/banh-man\">B\u00e1nh m\u1eb7n<\/a> &#8211; b\u00e1nh Pate Chaud t\u1ea1i Nh\u00e0 May M\u1eafn &#8211; Maison Chance c\u00f3 ba l\u1ef1a ch\u1ecdn tr\u1ecdng l\u01b0\u1ee3ng kh\u00e1c nhau \u0111\u1ec3 ph\u00f9 h\u1ee3p v\u1edbi nhu c\u1ea7u c\u1ee7a t\u1eebng kh\u00e1ch h\u00e0ng:<\/p>\n<p style=\"text-align: justify;\">35 gr\/b\u00e1nh: Ph\u00f9 h\u1ee3p cho b\u1eefa s\u00e1ng nh\u1eb9 nh\u00e0ng ho\u1eb7c b\u1eefa \u0103n ph\u1ee5.<\/p>\n<p style=\"text-align: justify;\">50 gr\/b\u00e1nh: L\u1ef1a ch\u1ecdn ho\u00e0n h\u1ea3o cho b\u1eefa \u0103n ch\u00ednh, \u0111\u1ee7 \u0111\u1ec3 b\u1ea1n no b\u1ee5ng nh\u01b0ng kh\u00f4ng qu\u00e1 n\u1eb7ng n\u1ec1.<\/p>\n<p style=\"text-align: justify;\">75 gr\/b\u00e1nh: D\u00e0nh cho nh\u1eefng ai mu\u1ed1n th\u01b0\u1edfng th\u1ee9c tr\u1ecdn v\u1eb9n h\u01b0\u01a1ng v\u1ecb b\u00e1nh Pate Chaud ho\u1eb7c d\u00f9ng trong c\u00e1c b\u1eefa ti\u1ec7c nh\u1ecf.<\/p>\n<p><strong>L\u00fd Do B\u1ea1n N\u00ean Mua B\u00e1nh Pate Chaud T\u1eeb Nh\u00e0 May M\u1eafn &#8211; Maison Chance<\/strong><\/p>\n<p style=\"text-align: justify;\">Khi mua <a href=\"https:\/\/maison-chance.org\/shop\/phong-banh\">b\u00e1nh Pate Chaud t\u1eeb Nh\u00e0 May M\u1eafn<\/a> &#8211; Maison Chance, b\u1ea1n kh\u00f4ng ch\u1ec9 \u0111\u01b0\u1ee3c th\u01b0\u1edfng th\u1ee9c m\u1ed9t m\u00f3n b\u00e1nh ngon l\u00e0nh, m\u00e0 c\u00f2n g\u00f3p ph\u1ea7n \u1ee7ng h\u1ed9 nh\u1eefng ho\u00e0n c\u1ea3nh kh\u00f3 kh\u0103n trong x\u00e3 h\u1ed9i. Nh\u00e0 May M\u1eafn &#8211; Maison Chance l\u00e0 t\u1ed5 ch\u1ee9c t\u1eeb thi\u1ec7n ho\u1ea1t \u0111\u1ed9ng v\u1edbi m\u1ee5c ti\u00eau h\u1ed7 tr\u1ee3 ng\u01b0\u1eddi khuy\u1ebft t\u1eadt v\u00e0 tr\u1ebb em m\u1ed3 c\u00f4i. M\u1ed7i chi\u1ebfc b\u00e1nh b\u1ea1n mua l\u00e0 m\u1ed9t \u0111\u00f3ng g\u00f3p qu\u00fd b\u00e1u, gi\u00fap h\u1ecd c\u00f3 th\u00eam c\u01a1 h\u1ed9i h\u1ecdc t\u1eadp v\u00e0 l\u00e0m vi\u1ec7c, t\u1ef1 tin h\u00f2a nh\u1eadp v\u00e0o c\u1ed9ng \u0111\u1ed3ng.<\/p>\n<p><strong>\u0110\u1eb7t Mua Ngay H\u00f4m Nay!<\/strong><\/p>\n<p style=\"text-align: justify;\">H\u00e3y th\u1eed ngay b\u00e1nh Pate Chaud t\u1eeb Nh\u00e0 May M\u1eafn &#8211; Maison Chance \u0111\u1ec3 c\u1ea3m nh\u1eadn h\u01b0\u01a1ng v\u1ecb \u0111\u1ed9c \u0111\u00e1o v\u00e0 \u00fd ngh\u0129a nh\u00e2n v\u0103n m\u00e0 s\u1ea3n ph\u1ea9m mang l\u1ea1i. B\u1ea1n c\u00f3 th\u1ec3 d\u1ec5 d\u00e0ng \u0111\u1eb7t mua qua website c\u1ee7a ch\u00fang t\u00f4i ho\u1eb7c li\u00ean h\u1ec7 tr\u1ef1c ti\u1ebfp qua s\u1ed1 \u0111i\u1ec7n tho\u1ea1i. Ch\u00fang t\u00f4i cam k\u1ebft giao h\u00e0ng nhanh ch\u00f3ng v\u00e0 \u0111\u1ea3m b\u1ea3o ch\u1ea5t l\u01b0\u1ee3ng t\u1ed1t nh\u1ea5t \u0111\u1ebfn t\u1eadn tay b\u1ea1n.<\/p>\n","protected":false},"excerpt":{"rendered":"<p style=\"text-align: justify;\">S\u1ea3n ph\u1ea9m b\u00e1nh ng\u1ecdt \u0111\u01b0\u1ee3c l\u00e0m t\u1eeb c\u00e1c b\u1ea1n tr\u1ebb m\u1ed3 c\u00f4i hi\u1ec7n \u0111ang \u0111\u01b0\u1ee3c Nh\u00e0 May M\u1eafn &#8211; Maison Chance nu\u00f4i d\u01b0\u1ee1ng. K\u00ednh mong nh\u1eadn \u0111\u01b0\u1ee3c s\u1ef1 \u1ee7ng h\u1ed9 c\u1ee7a Qu\u00fd kh\u00e1ch!<\/p>\n<p>Hotline : <span style=\"font-size: 20px;\"><strong><span style=\"color: #ff0000;\">0909 06 25 28<\/span><\/strong><\/span><\/p>\n","protected":false},"featured_media":39450,"template":"","meta":[],"product_brand":[],"product_cat":[152,150],"product_tag":[],"class_list":{"0":"post-39446","1":"product","2":"type-product","3":"status-publish","4":"has-post-thumbnail","6":"product_cat-banh-man","7":"product_cat-phong-banh","9":"first","10":"instock","11":"shipping-taxable","12":"purchasable","13":"product-type-variable"},"yoast_head":"<!-- This site is optimized with the Yoast SEO Premium plugin v22.7 (Yoast SEO v25.3.1) - https:\/\/yoast.com\/wordpress\/plugins\/seo\/ -->\n<title>B\u00e1nh Pate Chaud - Nh\u00e0 May M\u1eafn - Maison Chance<\/title>\n<meta name=\"description\" content=\"Th\u01b0\u1edfng th\u1ee9c b\u00e1nh Pate Chaud th\u01a1m ngon t\u1ea1i Nh\u00e0 May M\u1eafn - Maison Chance. H\u00e3y \u0111\u1eb7t mua ngay \u0111\u1ec3 c\u1ea3m nh\u1eadn h\u01b0\u01a1ng v\u1ecb \u0111\u1ed9c \u0111\u00e1o v\u00e0 g\u00f3p ph\u1ea7n \u1ee7ng h\u1ed9 c\u1ed9ng \u0111\u1ed3ng.\" \/>\n<meta name=\"robots\" content=\"index, follow, max-snippet:-1, max-image-preview:large, max-video-preview:-1\" \/>\n<link rel=\"canonical\" href=\"https:\/\/maison-chance.org\/shop\/san-pham\/banh-pate-chaud\" \/>\n<meta property=\"og:locale\" content=\"vi_VN\" \/>\n<meta property=\"og:type\" content=\"article\" \/>\n<meta property=\"og:title\" content=\"B\u00e1nh Pate Chaud\" \/>\n<meta property=\"og:description\" content=\"Th\u01b0\u1edfng th\u1ee9c b\u00e1nh Pate Chaud th\u01a1m ngon t\u1ea1i Nh\u00e0 May M\u1eafn - Maison Chance. H\u00e3y \u0111\u1eb7t mua ngay \u0111\u1ec3 c\u1ea3m nh\u1eadn h\u01b0\u01a1ng v\u1ecb \u0111\u1ed9c \u0111\u00e1o v\u00e0 g\u00f3p ph\u1ea7n \u1ee7ng h\u1ed9 c\u1ed9ng \u0111\u1ed3ng.\" \/>\n<meta property=\"og:url\" content=\"https:\/\/maison-chance.org\/shop\/san-pham\/banh-pate-chaud\" \/>\n<meta property=\"og:site_name\" content=\"Nh\u00e0 May M\u1eafn - Maison Chance\" \/>\n<meta property=\"article:publisher\" content=\"https:\/\/www.facebook.com\/dnxh.nhamayman\/\" \/>\n<meta property=\"article:modified_time\" content=\"2024-06-05T22:28:53+00:00\" \/>\n<meta property=\"og:image\" content=\"https:\/\/maison-chance.org\/shop\/wp-content\/uploads\/2024\/06\/Banh-Pate-Chaud.jpg\" \/>\n\t<meta property=\"og:image:width\" content=\"600\" \/>\n\t<meta property=\"og:image:height\" content=\"600\" \/>\n\t<meta property=\"og:image:type\" content=\"image\/jpeg\" \/>\n<meta name=\"twitter:card\" content=\"summary_large_image\" \/>\n<meta name=\"twitter:label1\" content=\"Availability\" \/>\n\t<meta name=\"twitter:data1\" content=\"In stock\" \/>\n<script type=\"application\/ld+json\" class=\"yoast-schema-graph\">{\"@context\":\"https:\/\/schema.org\",\"@graph\":[{\"@type\":\"WebPage\",\"@id\":\"https:\/\/maison-chance.org\/shop\/san-pham\/banh-pate-chaud\",\"url\":\"https:\/\/maison-chance.org\/shop\/san-pham\/banh-pate-chaud\",\"name\":\"B\u00e1nh Pate Chaud - Nh\u00e0 May M\u1eafn - Maison Chance\",\"isPartOf\":{\"@id\":\"https:\/\/maison-chance.org\/shop\/#website\"},\"primaryImageOfPage\":{\"@id\":\"https:\/\/maison-chance.org\/shop\/san-pham\/banh-pate-chaud#primaryimage\"},\"image\":{\"@id\":\"https:\/\/maison-chance.org\/shop\/san-pham\/banh-pate-chaud#primaryimage\"},\"thumbnailUrl\":\"https:\/\/maison-chance.org\/shop\/wp-content\/uploads\/2024\/06\/Banh-Pate-Chaud.jpg\",\"datePublished\":\"2024-06-05T22:18:42+00:00\",\"dateModified\":\"2024-06-05T22:28:53+00:00\",\"description\":\"Th\u01b0\u1edfng th\u1ee9c b\u00e1nh Pate Chaud th\u01a1m ngon t\u1ea1i Nh\u00e0 May M\u1eafn - Maison Chance. H\u00e3y \u0111\u1eb7t mua ngay \u0111\u1ec3 c\u1ea3m nh\u1eadn h\u01b0\u01a1ng v\u1ecb \u0111\u1ed9c \u0111\u00e1o v\u00e0 g\u00f3p ph\u1ea7n \u1ee7ng h\u1ed9 c\u1ed9ng \u0111\u1ed3ng.\",\"breadcrumb\":{\"@id\":\"https:\/\/maison-chance.org\/shop\/san-pham\/banh-pate-chaud#breadcrumb\"},\"inLanguage\":\"vi-VN\",\"potentialAction\":[{\"@type\":\"ReadAction\",\"target\":[\"https:\/\/maison-chance.org\/shop\/san-pham\/banh-pate-chaud\"]}]},{\"@type\":\"ImageObject\",\"inLanguage\":\"vi-VN\",\"@id\":\"https:\/\/maison-chance.org\/shop\/san-pham\/banh-pate-chaud#primaryimage\",\"url\":\"https:\/\/maison-chance.org\/shop\/wp-content\/uploads\/2024\/06\/Banh-Pate-Chaud.jpg\",\"contentUrl\":\"https:\/\/maison-chance.org\/shop\/wp-content\/uploads\/2024\/06\/Banh-Pate-Chaud.jpg\",\"width\":600,\"height\":600,\"caption\":\"B\u00e1nh Pate Chaud\"},{\"@type\":\"BreadcrumbList\",\"@id\":\"https:\/\/maison-chance.org\/shop\/san-pham\/banh-pate-chaud#breadcrumb\",\"itemListElement\":[{\"@type\":\"ListItem\",\"position\":1,\"name\":\"Trang ch\u1ee7\",\"item\":\"https:\/\/maison-chance.org\/shop\/\"},{\"@type\":\"ListItem\",\"position\":2,\"name\":\"Shop\",\"item\":\"https:\/\/maison-chance.org\/shop\/shop\"},{\"@type\":\"ListItem\",\"position\":3,\"name\":\"B\u00e1nh Pate Chaud\"}]},{\"@type\":\"WebSite\",\"@id\":\"https:\/\/maison-chance.org\/shop\/#website\",\"url\":\"https:\/\/maison-chance.org\/shop\/\",\"name\":\"Nh\u00e0 May M\u1eafn - Maison Chance\",\"description\":\"M\u1ecdi l\u1ee3i nhu\u1eadn thu v\u1ec1 t\u1eeb vi\u1ec7c b\u00e1n h\u00e0ng s\u1ebd tr\u00edch m\u1ed9t ph\u1ea7n \u0111\u1ec3 ch\u0103m lo cho \u0111\u1eddi s\u1ed1ng c\u00e1c b\u1ea1n khuy\u1ebft t\u1eadt v\u00e0 tr\u1ebb m\u1ed3 c\u00f4i \u1edf \u0111\u00e2y\",\"publisher\":{\"@id\":\"https:\/\/maison-chance.org\/shop\/#organization\"},\"potentialAction\":[{\"@type\":\"SearchAction\",\"target\":{\"@type\":\"EntryPoint\",\"urlTemplate\":\"https:\/\/maison-chance.org\/shop\/?s={search_term_string}\"},\"query-input\":{\"@type\":\"PropertyValueSpecification\",\"valueRequired\":true,\"valueName\":\"search_term_string\"}}],\"inLanguage\":\"vi-VN\"},{\"@type\":\"Organization\",\"@id\":\"https:\/\/maison-chance.org\/shop\/#organization\",\"name\":\"Nh\u00e0 May M\u1eafn - Maison Chance\",\"url\":\"https:\/\/maison-chance.org\/shop\/\",\"logo\":{\"@type\":\"ImageObject\",\"inLanguage\":\"vi-VN\",\"@id\":\"https:\/\/maison-chance.org\/shop\/#\/schema\/logo\/image\/\",\"url\":\"https:\/\/maison-chance.org\/shop\/wp-content\/uploads\/2024\/03\/cropped-Logo_DNXH.png\",\"contentUrl\":\"https:\/\/maison-chance.org\/shop\/wp-content\/uploads\/2024\/03\/cropped-Logo_DNXH.png\",\"width\":512,\"height\":512,\"caption\":\"Nh\u00e0 May M\u1eafn - Maison Chance\"},\"image\":{\"@id\":\"https:\/\/maison-chance.org\/shop\/#\/schema\/logo\/image\/\"},\"sameAs\":[\"https:\/\/www.facebook.com\/dnxh.nhamayman\/\"]}]}<\/script>\n<meta property=\"og:availability\" content=\"instock\" \/>\n<meta property=\"product:availability\" content=\"instock\" \/>\n<meta property=\"product:condition\" content=\"new\" \/>\n<!-- \/ Yoast SEO Premium plugin. -->","yoast_head_json":{"title":"B\u00e1nh Pate Chaud - Nh\u00e0 May M\u1eafn - Maison Chance","description":"Th\u01b0\u1edfng th\u1ee9c b\u00e1nh Pate Chaud th\u01a1m ngon t\u1ea1i Nh\u00e0 May M\u1eafn - Maison Chance. H\u00e3y \u0111\u1eb7t mua ngay \u0111\u1ec3 c\u1ea3m nh\u1eadn h\u01b0\u01a1ng v\u1ecb \u0111\u1ed9c \u0111\u00e1o v\u00e0 g\u00f3p ph\u1ea7n \u1ee7ng h\u1ed9 c\u1ed9ng \u0111\u1ed3ng.","robots":{"index":"index","follow":"follow","max-snippet":"max-snippet:-1","max-image-preview":"max-image-preview:large","max-video-preview":"max-video-preview:-1"},"canonical":"https:\/\/maison-chance.org\/shop\/san-pham\/banh-pate-chaud","og_locale":"vi_VN","og_type":"article","og_title":"B\u00e1nh Pate Chaud","og_description":"Th\u01b0\u1edfng th\u1ee9c b\u00e1nh Pate Chaud th\u01a1m ngon t\u1ea1i Nh\u00e0 May M\u1eafn - Maison Chance. H\u00e3y \u0111\u1eb7t mua ngay \u0111\u1ec3 c\u1ea3m nh\u1eadn h\u01b0\u01a1ng v\u1ecb \u0111\u1ed9c \u0111\u00e1o v\u00e0 g\u00f3p ph\u1ea7n \u1ee7ng h\u1ed9 c\u1ed9ng \u0111\u1ed3ng.","og_url":"https:\/\/maison-chance.org\/shop\/san-pham\/banh-pate-chaud","og_site_name":"Nh\u00e0 May M\u1eafn - Maison Chance","article_publisher":"https:\/\/www.facebook.com\/dnxh.nhamayman\/","article_modified_time":"2024-06-05T22:28:53+00:00","og_image":[{"width":600,"height":600,"url":"https:\/\/maison-chance.org\/shop\/wp-content\/uploads\/2024\/06\/Banh-Pate-Chaud.jpg","type":"image\/jpeg"}],"twitter_card":"summary_large_image","twitter_misc":{"Availability":"In stock"},"schema":{"@context":"https:\/\/schema.org","@graph":[{"@type":"WebPage","@id":"https:\/\/maison-chance.org\/shop\/san-pham\/banh-pate-chaud","url":"https:\/\/maison-chance.org\/shop\/san-pham\/banh-pate-chaud","name":"B\u00e1nh Pate Chaud - Nh\u00e0 May M\u1eafn - Maison Chance","isPartOf":{"@id":"https:\/\/maison-chance.org\/shop\/#website"},"primaryImageOfPage":{"@id":"https:\/\/maison-chance.org\/shop\/san-pham\/banh-pate-chaud#primaryimage"},"image":{"@id":"https:\/\/maison-chance.org\/shop\/san-pham\/banh-pate-chaud#primaryimage"},"thumbnailUrl":"https:\/\/maison-chance.org\/shop\/wp-content\/uploads\/2024\/06\/Banh-Pate-Chaud.jpg","datePublished":"2024-06-05T22:18:42+00:00","dateModified":"2024-06-05T22:28:53+00:00","description":"Th\u01b0\u1edfng th\u1ee9c b\u00e1nh Pate Chaud th\u01a1m ngon t\u1ea1i Nh\u00e0 May M\u1eafn - Maison Chance. H\u00e3y \u0111\u1eb7t mua ngay \u0111\u1ec3 c\u1ea3m nh\u1eadn h\u01b0\u01a1ng v\u1ecb \u0111\u1ed9c \u0111\u00e1o v\u00e0 g\u00f3p ph\u1ea7n \u1ee7ng h\u1ed9 c\u1ed9ng \u0111\u1ed3ng.","breadcrumb":{"@id":"https:\/\/maison-chance.org\/shop\/san-pham\/banh-pate-chaud#breadcrumb"},"inLanguage":"vi-VN","potentialAction":[{"@type":"ReadAction","target":["https:\/\/maison-chance.org\/shop\/san-pham\/banh-pate-chaud"]}]},{"@type":"ImageObject","inLanguage":"vi-VN","@id":"https:\/\/maison-chance.org\/shop\/san-pham\/banh-pate-chaud#primaryimage","url":"https:\/\/maison-chance.org\/shop\/wp-content\/uploads\/2024\/06\/Banh-Pate-Chaud.jpg","contentUrl":"https:\/\/maison-chance.org\/shop\/wp-content\/uploads\/2024\/06\/Banh-Pate-Chaud.jpg","width":600,"height":600,"caption":"B\u00e1nh Pate Chaud"},{"@type":"BreadcrumbList","@id":"https:\/\/maison-chance.org\/shop\/san-pham\/banh-pate-chaud#breadcrumb","itemListElement":[{"@type":"ListItem","position":1,"name":"Trang ch\u1ee7","item":"https:\/\/maison-chance.org\/shop\/"},{"@type":"ListItem","position":2,"name":"Shop","item":"https:\/\/maison-chance.org\/shop\/shop"},{"@type":"ListItem","position":3,"name":"B\u00e1nh Pate Chaud"}]},{"@type":"WebSite","@id":"https:\/\/maison-chance.org\/shop\/#website","url":"https:\/\/maison-chance.org\/shop\/","name":"Nh\u00e0 May M\u1eafn - Maison Chance","description":"M\u1ecdi l\u1ee3i nhu\u1eadn thu v\u1ec1 t\u1eeb vi\u1ec7c b\u00e1n h\u00e0ng s\u1ebd tr\u00edch m\u1ed9t ph\u1ea7n \u0111\u1ec3 ch\u0103m lo cho \u0111\u1eddi s\u1ed1ng c\u00e1c b\u1ea1n khuy\u1ebft t\u1eadt v\u00e0 tr\u1ebb m\u1ed3 c\u00f4i \u1edf \u0111\u00e2y","publisher":{"@id":"https:\/\/maison-chance.org\/shop\/#organization"},"potentialAction":[{"@type":"SearchAction","target":{"@type":"EntryPoint","urlTemplate":"https:\/\/maison-chance.org\/shop\/?s={search_term_string}"},"query-input":{"@type":"PropertyValueSpecification","valueRequired":true,"valueName":"search_term_string"}}],"inLanguage":"vi-VN"},{"@type":"Organization","@id":"https:\/\/maison-chance.org\/shop\/#organization","name":"Nh\u00e0 May M\u1eafn - Maison Chance","url":"https:\/\/maison-chance.org\/shop\/","logo":{"@type":"ImageObject","inLanguage":"vi-VN","@id":"https:\/\/maison-chance.org\/shop\/#\/schema\/logo\/image\/","url":"https:\/\/maison-chance.org\/shop\/wp-content\/uploads\/2024\/03\/cropped-Logo_DNXH.png","contentUrl":"https:\/\/maison-chance.org\/shop\/wp-content\/uploads\/2024\/03\/cropped-Logo_DNXH.png","width":512,"height":512,"caption":"Nh\u00e0 May M\u1eafn - Maison Chance"},"image":{"@id":"https:\/\/maison-chance.org\/shop\/#\/schema\/logo\/image\/"},"sameAs":["https:\/\/www.facebook.com\/dnxh.nhamayman\/"]}]},"og_availability":"instock","product_availability":"instock","product_condition":"new"},"_links":{"self":[{"href":"https:\/\/maison-chance.org\/shop\/wp-json\/wp\/v2\/product\/39446","targetHints":{"allow":["GET"]}}],"collection":[{"href":"https:\/\/maison-chance.org\/shop\/wp-json\/wp\/v2\/product"}],"about":[{"href":"https:\/\/maison-chance.org\/shop\/wp-json\/wp\/v2\/types\/product"}],"wp:featuredmedia":[{"embeddable":true,"href":"https:\/\/maison-chance.org\/shop\/wp-json\/wp\/v2\/media\/39450"}],"wp:attachment":[{"href":"https:\/\/maison-chance.org\/shop\/wp-json\/wp\/v2\/media?parent=39446"}],"wp:term":[{"taxonomy":"product_brand","embeddable":true,"href":"https:\/\/maison-chance.org\/shop\/wp-json\/wp\/v2\/product_brand?post=39446"},{"taxonomy":"product_cat","embeddable":true,"href":"https:\/\/maison-chance.org\/shop\/wp-json\/wp\/v2\/product_cat?post=39446"},{"taxonomy":"product_tag","embeddable":true,"href":"https:\/\/maison-chance.org\/shop\/wp-json\/wp\/v2\/product_tag?post=39446"}],"curies":[{"name":"wp","href":"https:\/\/api.w.org\/{rel}","templated":true}]}}