{"id":39467,"date":"2024-06-06T05:51:18","date_gmt":"2024-06-05T22:51:18","guid":{"rendered":"https:\/\/maison-chance.org\/shop?post_type=product&#038;p=39467"},"modified":"2024-06-06T05:59:18","modified_gmt":"2024-06-05T22:59:18","slug":"banh-croissant","status":"publish","type":"product","link":"https:\/\/maison-chance.org\/shop\/san-pham\/banh-croissant","title":{"rendered":"B\u00e1nh Croissant"},"content":{"rendered":"<p style=\"text-align: center;\">Kh\u00e1m ph\u00e1 H\u01b0\u01a1ng V\u1ecb \u0110\u1eb7c Tr\u01b0ng c\u1ee7a <a href=\"https:\/\/maison-chance.org\/shop\/san-pham\/banh-croissant\">B\u00e1nh Croissant<\/a> t\u1ea1i Nh\u00e0 May M\u1eafn<\/p>\n<p style=\"text-align: justify;\">B\u00e1nh Croissant &#8211; m\u1ed9t bi\u1ec3u t\u01b0\u1ee3ng c\u1ee7a \u1ea9m th\u1ef1c \u00c2u ch\u00e2u, \u0111\u00e3 tr\u1edf th\u00e0nh l\u1ef1a ch\u1ecdn \u01b0a th\u00edch c\u1ee7a nhi\u1ec1u ng\u01b0\u1eddi y\u00eau th\u01b0\u1edfng th\u1ee9c <a href=\"https:\/\/maison-chance.org\/shop\/banh-ngot\">b\u00e1nh ng\u1ecdt<\/a> tr\u00ean kh\u1eafp th\u1ebf gi\u1edbi. V\u00e0 t\u1ea1i Nh\u00e0 May M\u1eafn, ch\u00fang t\u00f4i t\u1ef1 h\u00e0o mang \u0111\u1ebfn cho qu\u00fd kh\u00e1ch h\u00e0ng nh\u1eefng chi\u1ebfc b\u00e1nh Croissant v\u1edbi h\u01b0\u01a1ng v\u1ecb \u0111\u1eb7c tr\u01b0ng v\u00e0 ch\u1ea5t l\u01b0\u1ee3ng ho\u00e0n h\u1ea3o.<\/p>\n<p style=\"text-align: justify;\">V\u1edbi th\u00e0nh ph\u1ea7n ch\u00ednh g\u1ed3m b\u1ed9t m\u00ec, b\u01a1, s\u1eefa, \u0111\u01b0\u1eddng v\u00e0 s\u00f4 c\u00f4 la, m\u1ed7i chi\u1ebfc b\u00e1nh Croissant t\u1ea1i Nh\u00e0 May M\u1eafn \u0111\u01b0\u1ee3c l\u00e0m th\u1ee7 c\u00f4ng v\u00e0 tinh t\u1ebf t\u1eeb nh\u1eefng nguy\u00ean li\u1ec7u t\u01b0\u01a1i ngon nh\u1ea5t. B\u00e1nh c\u00f3 ba l\u1ef1a ch\u1ecdn tr\u1ecdng l\u01b0\u1ee3ng ph\u00f9 h\u1ee3p v\u1edbi nhu c\u1ea7u c\u1ee7a m\u1ecdi ng\u01b0\u1eddi: 20gr, 40gr v\u00e0 60gr. B\u1ea5t k\u1ec3 b\u1ea1n l\u00e0 ng\u01b0\u1eddi \u01b0a th\u00edch m\u1ed9t \u0111i\u1ec3m nh\u1eb9 nh\u00e0ng trong b\u1eefa \u0103n s\u00e1ng, hay l\u00e0 ng\u01b0\u1eddi mu\u1ed1n th\u01b0\u1edfng th\u1ee9c m\u1ed9t chi\u1ebfc b\u00e1nh l\u1edbn trong bu\u1ed5i tr\u01b0a, ch\u00fang t\u00f4i \u0111\u1ec1u \u0111\u00e1p \u1ee9ng \u0111\u01b0\u1ee3c \u0111i\u1ec1u \u0111\u00f3.<\/p>\n<p style=\"text-align: justify;\">H\u01b0\u01a1ng v\u1ecb c\u1ee7a <a href=\"https:\/\/maison-chance.org\/shop\/phong-banh\">b\u00e1nh Croissant t\u1ea1i Nh\u00e0 May M\u1eafn<\/a> kh\u00f4ng ch\u1ec9 \u0111\u01a1n thu\u1ea7n l\u00e0 m\u1ed9t s\u1ef1 k\u1ebft h\u1ee3p h\u00e0i h\u00f2a gi\u1eefa l\u1edbp v\u1ecf gi\u00f2n tan v\u00e0 l\u1edbp nh\u00e2n m\u1ec1m m\u1ecbn, m\u00e0 c\u00f2n l\u00e0 s\u1ef1 ho\u00e0 quy\u1ec7n tinh t\u1ebf gi\u1eefa h\u01b0\u01a1ng th\u01a1m c\u1ee7a b\u01a1 v\u00e0 s\u1eefa, c\u00f9ng v\u1ecb ng\u1ecdt d\u1ecbu c\u1ee7a \u0111\u01b0\u1eddng v\u00e0 s\u00f4 c\u00f4 la. M\u1ed7i mi\u1ebfng b\u00e1nh \u0111\u1ec1u mang l\u1ea1i c\u1ea3m gi\u00e1c tho\u1ea3i m\u00e1i v\u00e0 h\u1ea1nh ph\u00fac, l\u00e0m cho m\u1ecdi b\u1eefa \u0103n tr\u1edf n\u00ean \u0111\u1eb7c bi\u1ec7t h\u01a1n.<\/p>\n<p style=\"text-align: justify;\">V\u1edbi cam k\u1ebft v\u1ec1 ch\u1ea5t l\u01b0\u1ee3ng v\u00e0 h\u01b0\u01a1ng v\u1ecb tuy\u1ec7t v\u1eddi, Nh\u00e0 May M\u1eafn mong mu\u1ed1n \u0111\u01b0\u1ee3c chia s\u1ebb ni\u1ec1m \u0111am m\u00ea \u1ea9m th\u1ef1c c\u1ee7a m\u00ecnh v\u1edbi qu\u00fd kh\u00e1ch h\u00e0ng. H\u00e3y gh\u00e9 th\u0103m c\u1eeda h\u00e0ng c\u1ee7a ch\u00fang t\u00f4i v\u00e0 tr\u1ea3i nghi\u1ec7m h\u01b0\u01a1ng v\u1ecb \u0111\u1ed9c \u0111\u00e1o c\u1ee7a b\u00e1nh Croissant ngay h\u00f4m nay. H\u00e3y \u1ee7ng h\u1ed9 s\u1ea3n ph\u1ea9m c\u1ee7a Nh\u00e0 May M\u1eafn v\u00e0 t\u1eadn h\u01b0\u1edfng nh\u1eefng kho\u1ea3nh kh\u1eafc ng\u1ecdt ng\u00e0o m\u1ed7i ng\u00e0y!<\/p>\n","protected":false},"excerpt":{"rendered":"<p style=\"text-align: justify;\">S\u1ea3n ph\u1ea9m b\u00e1nh ng\u1ecdt \u0111\u01b0\u1ee3c l\u00e0m t\u1eeb c\u00e1c b\u1ea1n tr\u1ebb m\u1ed3 c\u00f4i hi\u1ec7n \u0111ang \u0111\u01b0\u1ee3c Nh\u00e0 May M\u1eafn &#8211; Maison Chance nu\u00f4i d\u01b0\u1ee1ng. K\u00ednh mong nh\u1eadn \u0111\u01b0\u1ee3c s\u1ef1 \u1ee7ng h\u1ed9 c\u1ee7a Qu\u00fd kh\u00e1ch!<\/p>\n<p>Hotline : <span style=\"font-size: 20px;\"><strong><span style=\"color: #ff0000;\">0909 06 25 28<\/span><\/strong><\/span><\/p>\n","protected":false},"featured_media":39468,"template":"","meta":[],"product_brand":[],"product_cat":[153,150],"product_tag":[],"class_list":{"0":"post-39467","1":"product","2":"type-product","3":"status-publish","4":"has-post-thumbnail","6":"product_cat-banh-ngot","7":"product_cat-phong-banh","9":"first","10":"instock","11":"shipping-taxable","12":"purchasable","13":"product-type-variable"},"yoast_head":"<!-- This site is optimized with the Yoast SEO Premium plugin v22.7 (Yoast SEO v25.3.1) - https:\/\/yoast.com\/wordpress\/plugins\/seo\/ -->\n<title>B\u00e1nh Croissant - Nh\u00e0 May M\u1eafn - Maison Chance<\/title>\n<meta name=\"description\" content=\"B\u00e1nh Croissant t\u1ea1i Nh\u00e0 May M\u1eafn - Maison Chance : H\u01b0\u01a1ng v\u1ecb \u0111\u1eb7c tr\u01b0ng, ch\u1ea5t l\u01b0\u1ee3ng ho\u00e0n h\u1ea3o, h\u00e3y \u0111\u1ebfn v\u00e0 th\u01b0\u1edfng th\u1ee9c ngay h\u00f4m nay!\" \/>\n<meta name=\"robots\" content=\"index, follow, max-snippet:-1, max-image-preview:large, max-video-preview:-1\" \/>\n<link rel=\"canonical\" href=\"https:\/\/maison-chance.org\/shop\/san-pham\/banh-croissant\" \/>\n<meta property=\"og:locale\" content=\"vi_VN\" \/>\n<meta property=\"og:type\" content=\"article\" \/>\n<meta property=\"og:title\" content=\"B\u00e1nh Croissant\" \/>\n<meta property=\"og:description\" content=\"B\u00e1nh Croissant t\u1ea1i Nh\u00e0 May M\u1eafn - Maison Chance : H\u01b0\u01a1ng v\u1ecb \u0111\u1eb7c tr\u01b0ng, ch\u1ea5t l\u01b0\u1ee3ng ho\u00e0n h\u1ea3o, h\u00e3y \u0111\u1ebfn v\u00e0 th\u01b0\u1edfng th\u1ee9c ngay h\u00f4m nay!\" \/>\n<meta property=\"og:url\" content=\"https:\/\/maison-chance.org\/shop\/san-pham\/banh-croissant\" \/>\n<meta property=\"og:site_name\" content=\"Nh\u00e0 May M\u1eafn - Maison Chance\" \/>\n<meta property=\"article:publisher\" content=\"https:\/\/www.facebook.com\/dnxh.nhamayman\/\" \/>\n<meta property=\"article:modified_time\" content=\"2024-06-05T22:59:18+00:00\" \/>\n<meta property=\"og:image\" content=\"https:\/\/maison-chance.org\/shop\/wp-content\/uploads\/2024\/06\/Banh-Croissant.jpg\" \/>\n\t<meta property=\"og:image:width\" content=\"600\" \/>\n\t<meta property=\"og:image:height\" content=\"600\" \/>\n\t<meta property=\"og:image:type\" content=\"image\/jpeg\" \/>\n<meta name=\"twitter:card\" content=\"summary_large_image\" \/>\n<meta name=\"twitter:label1\" content=\"Availability\" \/>\n\t<meta name=\"twitter:data1\" content=\"In stock\" \/>\n<script type=\"application\/ld+json\" class=\"yoast-schema-graph\">{\"@context\":\"https:\/\/schema.org\",\"@graph\":[{\"@type\":\"WebPage\",\"@id\":\"https:\/\/maison-chance.org\/shop\/san-pham\/banh-croissant\",\"url\":\"https:\/\/maison-chance.org\/shop\/san-pham\/banh-croissant\",\"name\":\"B\u00e1nh Croissant - Nh\u00e0 May M\u1eafn - Maison Chance\",\"isPartOf\":{\"@id\":\"https:\/\/maison-chance.org\/shop\/#website\"},\"primaryImageOfPage\":{\"@id\":\"https:\/\/maison-chance.org\/shop\/san-pham\/banh-croissant#primaryimage\"},\"image\":{\"@id\":\"https:\/\/maison-chance.org\/shop\/san-pham\/banh-croissant#primaryimage\"},\"thumbnailUrl\":\"https:\/\/maison-chance.org\/shop\/wp-content\/uploads\/2024\/06\/Banh-Croissant.jpg\",\"datePublished\":\"2024-06-05T22:51:18+00:00\",\"dateModified\":\"2024-06-05T22:59:18+00:00\",\"description\":\"B\u00e1nh Croissant t\u1ea1i Nh\u00e0 May M\u1eafn - Maison Chance : H\u01b0\u01a1ng v\u1ecb \u0111\u1eb7c tr\u01b0ng, ch\u1ea5t l\u01b0\u1ee3ng ho\u00e0n h\u1ea3o, h\u00e3y \u0111\u1ebfn v\u00e0 th\u01b0\u1edfng th\u1ee9c ngay h\u00f4m nay!\",\"breadcrumb\":{\"@id\":\"https:\/\/maison-chance.org\/shop\/san-pham\/banh-croissant#breadcrumb\"},\"inLanguage\":\"vi-VN\",\"potentialAction\":[{\"@type\":\"ReadAction\",\"target\":[\"https:\/\/maison-chance.org\/shop\/san-pham\/banh-croissant\"]}]},{\"@type\":\"ImageObject\",\"inLanguage\":\"vi-VN\",\"@id\":\"https:\/\/maison-chance.org\/shop\/san-pham\/banh-croissant#primaryimage\",\"url\":\"https:\/\/maison-chance.org\/shop\/wp-content\/uploads\/2024\/06\/Banh-Croissant.jpg\",\"contentUrl\":\"https:\/\/maison-chance.org\/shop\/wp-content\/uploads\/2024\/06\/Banh-Croissant.jpg\",\"width\":600,\"height\":600,\"caption\":\"B\u00e1nh Croissant\"},{\"@type\":\"BreadcrumbList\",\"@id\":\"https:\/\/maison-chance.org\/shop\/san-pham\/banh-croissant#breadcrumb\",\"itemListElement\":[{\"@type\":\"ListItem\",\"position\":1,\"name\":\"Trang ch\u1ee7\",\"item\":\"https:\/\/maison-chance.org\/shop\/\"},{\"@type\":\"ListItem\",\"position\":2,\"name\":\"Shop\",\"item\":\"https:\/\/maison-chance.org\/shop\/shop\"},{\"@type\":\"ListItem\",\"position\":3,\"name\":\"B\u00e1nh Croissant\"}]},{\"@type\":\"WebSite\",\"@id\":\"https:\/\/maison-chance.org\/shop\/#website\",\"url\":\"https:\/\/maison-chance.org\/shop\/\",\"name\":\"Nh\u00e0 May M\u1eafn - Maison Chance\",\"description\":\"M\u1ecdi l\u1ee3i nhu\u1eadn thu v\u1ec1 t\u1eeb vi\u1ec7c b\u00e1n h\u00e0ng s\u1ebd tr\u00edch m\u1ed9t ph\u1ea7n \u0111\u1ec3 ch\u0103m lo cho \u0111\u1eddi s\u1ed1ng c\u00e1c b\u1ea1n khuy\u1ebft t\u1eadt v\u00e0 tr\u1ebb m\u1ed3 c\u00f4i \u1edf \u0111\u00e2y\",\"publisher\":{\"@id\":\"https:\/\/maison-chance.org\/shop\/#organization\"},\"potentialAction\":[{\"@type\":\"SearchAction\",\"target\":{\"@type\":\"EntryPoint\",\"urlTemplate\":\"https:\/\/maison-chance.org\/shop\/?s={search_term_string}\"},\"query-input\":{\"@type\":\"PropertyValueSpecification\",\"valueRequired\":true,\"valueName\":\"search_term_string\"}}],\"inLanguage\":\"vi-VN\"},{\"@type\":\"Organization\",\"@id\":\"https:\/\/maison-chance.org\/shop\/#organization\",\"name\":\"Nh\u00e0 May M\u1eafn - Maison Chance\",\"url\":\"https:\/\/maison-chance.org\/shop\/\",\"logo\":{\"@type\":\"ImageObject\",\"inLanguage\":\"vi-VN\",\"@id\":\"https:\/\/maison-chance.org\/shop\/#\/schema\/logo\/image\/\",\"url\":\"https:\/\/maison-chance.org\/shop\/wp-content\/uploads\/2024\/03\/cropped-Logo_DNXH.png\",\"contentUrl\":\"https:\/\/maison-chance.org\/shop\/wp-content\/uploads\/2024\/03\/cropped-Logo_DNXH.png\",\"width\":512,\"height\":512,\"caption\":\"Nh\u00e0 May M\u1eafn - Maison Chance\"},\"image\":{\"@id\":\"https:\/\/maison-chance.org\/shop\/#\/schema\/logo\/image\/\"},\"sameAs\":[\"https:\/\/www.facebook.com\/dnxh.nhamayman\/\"]}]}<\/script>\n<meta property=\"og:availability\" content=\"instock\" \/>\n<meta property=\"product:availability\" content=\"instock\" \/>\n<meta property=\"product:condition\" content=\"new\" \/>\n<!-- \/ Yoast SEO Premium plugin. -->","yoast_head_json":{"title":"B\u00e1nh Croissant - Nh\u00e0 May M\u1eafn - Maison Chance","description":"B\u00e1nh Croissant t\u1ea1i Nh\u00e0 May M\u1eafn - Maison Chance : H\u01b0\u01a1ng v\u1ecb \u0111\u1eb7c tr\u01b0ng, ch\u1ea5t l\u01b0\u1ee3ng ho\u00e0n h\u1ea3o, h\u00e3y \u0111\u1ebfn v\u00e0 th\u01b0\u1edfng th\u1ee9c ngay h\u00f4m nay!","robots":{"index":"index","follow":"follow","max-snippet":"max-snippet:-1","max-image-preview":"max-image-preview:large","max-video-preview":"max-video-preview:-1"},"canonical":"https:\/\/maison-chance.org\/shop\/san-pham\/banh-croissant","og_locale":"vi_VN","og_type":"article","og_title":"B\u00e1nh Croissant","og_description":"B\u00e1nh Croissant t\u1ea1i Nh\u00e0 May M\u1eafn - Maison Chance : H\u01b0\u01a1ng v\u1ecb \u0111\u1eb7c tr\u01b0ng, ch\u1ea5t l\u01b0\u1ee3ng ho\u00e0n h\u1ea3o, h\u00e3y \u0111\u1ebfn v\u00e0 th\u01b0\u1edfng th\u1ee9c ngay h\u00f4m nay!","og_url":"https:\/\/maison-chance.org\/shop\/san-pham\/banh-croissant","og_site_name":"Nh\u00e0 May M\u1eafn - Maison Chance","article_publisher":"https:\/\/www.facebook.com\/dnxh.nhamayman\/","article_modified_time":"2024-06-05T22:59:18+00:00","og_image":[{"width":600,"height":600,"url":"https:\/\/maison-chance.org\/shop\/wp-content\/uploads\/2024\/06\/Banh-Croissant.jpg","type":"image\/jpeg"}],"twitter_card":"summary_large_image","twitter_misc":{"Availability":"In stock"},"schema":{"@context":"https:\/\/schema.org","@graph":[{"@type":"WebPage","@id":"https:\/\/maison-chance.org\/shop\/san-pham\/banh-croissant","url":"https:\/\/maison-chance.org\/shop\/san-pham\/banh-croissant","name":"B\u00e1nh Croissant - Nh\u00e0 May M\u1eafn - Maison Chance","isPartOf":{"@id":"https:\/\/maison-chance.org\/shop\/#website"},"primaryImageOfPage":{"@id":"https:\/\/maison-chance.org\/shop\/san-pham\/banh-croissant#primaryimage"},"image":{"@id":"https:\/\/maison-chance.org\/shop\/san-pham\/banh-croissant#primaryimage"},"thumbnailUrl":"https:\/\/maison-chance.org\/shop\/wp-content\/uploads\/2024\/06\/Banh-Croissant.jpg","datePublished":"2024-06-05T22:51:18+00:00","dateModified":"2024-06-05T22:59:18+00:00","description":"B\u00e1nh Croissant t\u1ea1i Nh\u00e0 May M\u1eafn - Maison Chance : H\u01b0\u01a1ng v\u1ecb \u0111\u1eb7c tr\u01b0ng, ch\u1ea5t l\u01b0\u1ee3ng ho\u00e0n h\u1ea3o, h\u00e3y \u0111\u1ebfn v\u00e0 th\u01b0\u1edfng th\u1ee9c ngay h\u00f4m nay!","breadcrumb":{"@id":"https:\/\/maison-chance.org\/shop\/san-pham\/banh-croissant#breadcrumb"},"inLanguage":"vi-VN","potentialAction":[{"@type":"ReadAction","target":["https:\/\/maison-chance.org\/shop\/san-pham\/banh-croissant"]}]},{"@type":"ImageObject","inLanguage":"vi-VN","@id":"https:\/\/maison-chance.org\/shop\/san-pham\/banh-croissant#primaryimage","url":"https:\/\/maison-chance.org\/shop\/wp-content\/uploads\/2024\/06\/Banh-Croissant.jpg","contentUrl":"https:\/\/maison-chance.org\/shop\/wp-content\/uploads\/2024\/06\/Banh-Croissant.jpg","width":600,"height":600,"caption":"B\u00e1nh Croissant"},{"@type":"BreadcrumbList","@id":"https:\/\/maison-chance.org\/shop\/san-pham\/banh-croissant#breadcrumb","itemListElement":[{"@type":"ListItem","position":1,"name":"Trang ch\u1ee7","item":"https:\/\/maison-chance.org\/shop\/"},{"@type":"ListItem","position":2,"name":"Shop","item":"https:\/\/maison-chance.org\/shop\/shop"},{"@type":"ListItem","position":3,"name":"B\u00e1nh Croissant"}]},{"@type":"WebSite","@id":"https:\/\/maison-chance.org\/shop\/#website","url":"https:\/\/maison-chance.org\/shop\/","name":"Nh\u00e0 May M\u1eafn - Maison Chance","description":"M\u1ecdi l\u1ee3i nhu\u1eadn thu v\u1ec1 t\u1eeb vi\u1ec7c b\u00e1n h\u00e0ng s\u1ebd tr\u00edch m\u1ed9t ph\u1ea7n \u0111\u1ec3 ch\u0103m lo cho \u0111\u1eddi s\u1ed1ng c\u00e1c b\u1ea1n khuy\u1ebft t\u1eadt v\u00e0 tr\u1ebb m\u1ed3 c\u00f4i \u1edf \u0111\u00e2y","publisher":{"@id":"https:\/\/maison-chance.org\/shop\/#organization"},"potentialAction":[{"@type":"SearchAction","target":{"@type":"EntryPoint","urlTemplate":"https:\/\/maison-chance.org\/shop\/?s={search_term_string}"},"query-input":{"@type":"PropertyValueSpecification","valueRequired":true,"valueName":"search_term_string"}}],"inLanguage":"vi-VN"},{"@type":"Organization","@id":"https:\/\/maison-chance.org\/shop\/#organization","name":"Nh\u00e0 May M\u1eafn - Maison Chance","url":"https:\/\/maison-chance.org\/shop\/","logo":{"@type":"ImageObject","inLanguage":"vi-VN","@id":"https:\/\/maison-chance.org\/shop\/#\/schema\/logo\/image\/","url":"https:\/\/maison-chance.org\/shop\/wp-content\/uploads\/2024\/03\/cropped-Logo_DNXH.png","contentUrl":"https:\/\/maison-chance.org\/shop\/wp-content\/uploads\/2024\/03\/cropped-Logo_DNXH.png","width":512,"height":512,"caption":"Nh\u00e0 May M\u1eafn - Maison Chance"},"image":{"@id":"https:\/\/maison-chance.org\/shop\/#\/schema\/logo\/image\/"},"sameAs":["https:\/\/www.facebook.com\/dnxh.nhamayman\/"]}]},"og_availability":"instock","product_availability":"instock","product_condition":"new"},"_links":{"self":[{"href":"https:\/\/maison-chance.org\/shop\/wp-json\/wp\/v2\/product\/39467","targetHints":{"allow":["GET"]}}],"collection":[{"href":"https:\/\/maison-chance.org\/shop\/wp-json\/wp\/v2\/product"}],"about":[{"href":"https:\/\/maison-chance.org\/shop\/wp-json\/wp\/v2\/types\/product"}],"wp:featuredmedia":[{"embeddable":true,"href":"https:\/\/maison-chance.org\/shop\/wp-json\/wp\/v2\/media\/39468"}],"wp:attachment":[{"href":"https:\/\/maison-chance.org\/shop\/wp-json\/wp\/v2\/media?parent=39467"}],"wp:term":[{"taxonomy":"product_brand","embeddable":true,"href":"https:\/\/maison-chance.org\/shop\/wp-json\/wp\/v2\/product_brand?post=39467"},{"taxonomy":"product_cat","embeddable":true,"href":"https:\/\/maison-chance.org\/shop\/wp-json\/wp\/v2\/product_cat?post=39467"},{"taxonomy":"product_tag","embeddable":true,"href":"https:\/\/maison-chance.org\/shop\/wp-json\/wp\/v2\/product_tag?post=39467"}],"curies":[{"name":"wp","href":"https:\/\/api.w.org\/{rel}","templated":true}]}}