{"id":39488,"date":"2024-06-06T06:05:45","date_gmt":"2024-06-05T23:05:45","guid":{"rendered":"https:\/\/maison-chance.org\/shop?post_type=product&#038;p=39488"},"modified":"2024-06-06T06:11:56","modified_gmt":"2024-06-05T23:11:56","slug":"banh-mi-hoa-cuc","status":"publish","type":"product","link":"https:\/\/maison-chance.org\/shop\/san-pham\/banh-mi-hoa-cuc","title":{"rendered":"B\u00e1nh m\u00ec hoa c\u00fac"},"content":{"rendered":"<p style=\"text-align: center;\">Kh\u00e1m ph\u00e1 h\u01b0\u01a1ng v\u1ecb \u0111\u1ed9c \u0111\u00e1o c\u1ee7a <a href=\"https:\/\/maison-chance.org\/shop\/san-pham\/banh-mi-hoa-cuc\">b\u00e1nh m\u00ec hoa c\u00fac<\/a> t\u1eeb Nh\u00e0 May M\u1eafn<\/p>\n<p style=\"text-align: justify;\">Trong th\u1ebf gi\u1edbi \u1ea9m th\u1ef1c \u0111a d\u1ea1ng c\u1ee7a Vi\u1ec7t Nam, b\u00e1nh m\u00ec hoa c\u00fac t\u1eeb Nh\u00e0 May M\u1eafn \u0111\u00e3 n\u1ed5i l\u00ean nh\u01b0 m\u1ed9t bi\u1ec3u t\u01b0\u1ee3ng c\u1ee7a s\u1ef1 s\u00e1ng t\u1ea1o v\u00e0 h\u01b0\u01a1ng v\u1ecb \u0111\u1ed9c \u0111\u00e1o. V\u1edbi th\u00e0nh ph\u1ea7n ch\u00ednh l\u00e0 b\u1ed9t m\u00ec tinh khi\u1ebft, b\u01a1 b\u00e9o ng\u1eady, s\u1eefa th\u01a1m v\u00e0 h\u1ea1nh nh\u00e2n c\u1eaft l\u00e1t tinh t\u1ebf, b\u00e1nh m\u00ec hoa c\u00fac kh\u00f4ng ch\u1ec9 l\u00e0 m\u1ed9t m\u00f3n <a href=\"https:\/\/maison-chance.org\/shop\/banh-ngot\">b\u00e1nh ng\u1ecdt<\/a> tr\u00e1ng mi\u1ec7ng ngon m\u00e0 c\u00f2n l\u00e0 m\u1ed9t tr\u1ea3i nghi\u1ec7m \u1ea9m th\u1ef1c \u0111\u00edch th\u1ef1c.<\/p>\n<p style=\"text-align: justify;\">H\u01b0\u01a1ng v\u1ecb c\u1ee7a b\u00e1nh m\u00ec hoa c\u00fac th\u1eadt kh\u00f3 c\u01b0\u1ee1ng. V\u1ecb b\u00e9o c\u1ee7a b\u01a1 k\u1ebft h\u1ee3p v\u1edbi s\u1ef1 th\u01a1m ngon c\u1ee7a s\u1eefa t\u1ea1o n\u00ean m\u1ed9t l\u1edbp v\u1ecf b\u00e1nh gi\u00f2n tan \u0111\u1eb7c tr\u01b0ng. B\u00ean trong, h\u1ea1nh nh\u00e2n c\u1eaft l\u00e1t t\u1ea1o n\u00ean m\u1ed9t ch\u00fat gi\u00f2n ngon v\u00e0 b\u1ed5 sung th\u00eam h\u01b0\u01a1ng v\u1ecb \u0111\u1eb7c bi\u1ec7t cho b\u00e1nh. S\u1ef1 k\u1ebft h\u1ee3p h\u00e0i h\u00f2a gi\u1eefa c\u00e1c th\u00e0nh ph\u1ea7n t\u1ea1o n\u00ean m\u1ed9t h\u01b0\u01a1ng v\u1ecb \u0111\u1ed9c \u0111\u00e1o v\u00e0 kh\u00f3 qu\u00ean, khi\u1ebfn ai c\u0169ng mu\u1ed1n th\u01b0\u1edfng th\u1ee9c th\u00eam l\u1ea7n n\u1eefa.<\/p>\n<p style=\"text-align: justify;\">\u0110\u1eb7c bi\u1ec7t, <a href=\"https:\/\/maison-chance.org\/shop\/phong-banh\">b\u00e1nh m\u00ec hoa c\u00fac Nh\u00e0 May M\u1eafn<\/a> kh\u00f4ng ch\u1ec9 ngon m\u00e0 c\u00f2n l\u00e0nh m\u1ea1nh. V\u1edbi tr\u1ecdng l\u01b0\u1ee3ng 300 gram m\u1ed7i b\u00e1nh, b\u1ea1n c\u00f3 th\u1ec3 th\u01b0\u1edfng th\u1ee9c h\u01b0\u01a1ng v\u1ecb ngon l\u00e0nh m\u00e0 kh\u00f4ng lo l\u1eafng v\u1ec1 s\u1ee9c kh\u1ecfe. \u0110\u00e2y l\u00e0 s\u1ef1 l\u1ef1a ch\u1ecdn ho\u00e0n h\u1ea3o cho nh\u1eefng ng\u01b0\u1eddi mu\u1ed1n th\u01b0\u1edfng th\u1ee9c m\u1ed9t m\u00f3n tr\u00e1ng mi\u1ec7ng ngon mi\u1ec7ng m\u00e0 kh\u00f4ng c\u1ea3m th\u1ea5y l\u1ee1 th\u1eddi.<\/p>\n<p style=\"text-align: justify;\">Nh\u00e0 May M\u1eafn lu\u00f4n cam k\u1ebft mang \u0111\u1ebfn cho kh\u00e1ch h\u00e0ng nh\u1eefng s\u1ea3n ph\u1ea9m ch\u1ea5t l\u01b0\u1ee3ng v\u00e0 \u0111\u1ed9c \u0111\u00e1o nh\u1ea5t. H\u00e3y \u1ee7ng h\u1ed9 ch\u00fang t\u00f4i b\u1eb1ng c\u00e1ch mua b\u00e1nh m\u00ec hoa c\u00fac v\u00e0 tr\u1ea3i nghi\u1ec7m h\u01b0\u01a1ng v\u1ecb \u0111\u1eb7c bi\u1ec7t n\u00e0y ngay h\u00f4m nay. H\u00e3y \u0111\u1eb7t h\u00e0ng ngay \u0111\u1ec3 kh\u00f4ng b\u1ecf l\u1ee1 c\u01a1 h\u1ed9i th\u01b0\u1edfng th\u1ee9c h\u01b0\u01a1ng v\u1ecb \u0111\u1ed9c \u0111\u00e1o n\u00e0y!<\/p>\n","protected":false},"excerpt":{"rendered":"<p style=\"text-align: justify;\">S\u1ea3n ph\u1ea9m b\u00e1nh ng\u1ecdt \u0111\u01b0\u1ee3c l\u00e0m t\u1eeb c\u00e1c b\u1ea1n tr\u1ebb m\u1ed3 c\u00f4i hi\u1ec7n \u0111ang \u0111\u01b0\u1ee3c Nh\u00e0 May M\u1eafn &#8211; Maison Chance nu\u00f4i d\u01b0\u1ee1ng. K\u00ednh mong nh\u1eadn \u0111\u01b0\u1ee3c s\u1ef1 \u1ee7ng h\u1ed9 c\u1ee7a Qu\u00fd kh\u00e1ch!<\/p>\n<p>Hotline : <span style=\"font-size: 20px;\"><strong><span style=\"color: #ff0000;\">0909 06 25 28<\/span><\/strong><\/span><\/p>\n","protected":false},"featured_media":39489,"template":"","meta":[],"product_brand":[],"product_cat":[153,150],"product_tag":[],"class_list":{"0":"post-39488","1":"product","2":"type-product","3":"status-publish","4":"has-post-thumbnail","6":"product_cat-banh-ngot","7":"product_cat-phong-banh","9":"first","10":"instock","11":"shipping-taxable","12":"purchasable","13":"product-type-simple"},"yoast_head":"<!-- This site is optimized with the Yoast SEO Premium plugin v22.7 (Yoast SEO v25.3.1) - https:\/\/yoast.com\/wordpress\/plugins\/seo\/ -->\n<title>B\u00e1nh m\u00ec hoa c\u00fac - Nh\u00e0 May M\u1eafn - Maison Chance<\/title>\n<meta name=\"description\" content=\"Nh\u00e0 May M\u1eafn mang \u0111\u1ebfn cho b\u1ea1n b\u00e1nh m\u00ec hoa c\u00fac ngon l\u00e0nh, b\u00e9o ng\u1eady v\u00e0 \u0111\u1ed9c \u0111\u00e1o v\u1edbi b\u1ed9t m\u00ec, b\u01a1, s\u1eefa v\u00e0 h\u1ea1nh nh\u00e2n c\u1eaft l\u00e1t. H\u00e3y th\u01b0\u1edfng th\u1ee9c h\u01b0\u01a1ng v\u1ecb \u0111\u1eb7c bi\u1ec7t.\" \/>\n<meta name=\"robots\" content=\"index, follow, max-snippet:-1, max-image-preview:large, max-video-preview:-1\" \/>\n<link rel=\"canonical\" href=\"https:\/\/maison-chance.org\/shop\/san-pham\/banh-mi-hoa-cuc\" \/>\n<meta property=\"og:locale\" content=\"vi_VN\" \/>\n<meta property=\"og:type\" content=\"article\" \/>\n<meta property=\"og:title\" content=\"B\u00e1nh m\u00ec hoa c\u00fac\" \/>\n<meta property=\"og:description\" content=\"Nh\u00e0 May M\u1eafn mang \u0111\u1ebfn cho b\u1ea1n b\u00e1nh m\u00ec hoa c\u00fac ngon l\u00e0nh, b\u00e9o ng\u1eady v\u00e0 \u0111\u1ed9c \u0111\u00e1o v\u1edbi b\u1ed9t m\u00ec, b\u01a1, s\u1eefa v\u00e0 h\u1ea1nh nh\u00e2n c\u1eaft l\u00e1t. H\u00e3y th\u01b0\u1edfng th\u1ee9c h\u01b0\u01a1ng v\u1ecb \u0111\u1eb7c bi\u1ec7t.\" \/>\n<meta property=\"og:url\" content=\"https:\/\/maison-chance.org\/shop\/san-pham\/banh-mi-hoa-cuc\" \/>\n<meta property=\"og:site_name\" content=\"Nh\u00e0 May M\u1eafn - Maison Chance\" \/>\n<meta property=\"article:publisher\" content=\"https:\/\/www.facebook.com\/dnxh.nhamayman\/\" \/>\n<meta property=\"article:modified_time\" content=\"2024-06-05T23:11:56+00:00\" \/>\n<meta property=\"og:image\" content=\"https:\/\/maison-chance.org\/shop\/wp-content\/uploads\/2024\/06\/Banh-mi-hoa-cuc.jpg\" \/>\n\t<meta property=\"og:image:width\" content=\"600\" \/>\n\t<meta property=\"og:image:height\" content=\"600\" \/>\n\t<meta property=\"og:image:type\" content=\"image\/jpeg\" \/>\n<meta name=\"twitter:card\" content=\"summary_large_image\" \/>\n<meta name=\"twitter:label1\" content=\"Gi\u00e1\" \/>\n\t<meta name=\"twitter:data1\" content=\"3.00&nbsp;&#036;\" \/>\n\t<meta name=\"twitter:label2\" content=\"Availability\" \/>\n\t<meta name=\"twitter:data2\" content=\"In stock\" \/>\n<script type=\"application\/ld+json\" class=\"yoast-schema-graph\">{\"@context\":\"https:\/\/schema.org\",\"@graph\":[{\"@type\":\"WebPage\",\"@id\":\"https:\/\/maison-chance.org\/shop\/san-pham\/banh-mi-hoa-cuc\",\"url\":\"https:\/\/maison-chance.org\/shop\/san-pham\/banh-mi-hoa-cuc\",\"name\":\"B\u00e1nh m\u00ec hoa c\u00fac - Nh\u00e0 May M\u1eafn - Maison Chance\",\"isPartOf\":{\"@id\":\"https:\/\/maison-chance.org\/shop\/#website\"},\"primaryImageOfPage\":{\"@id\":\"https:\/\/maison-chance.org\/shop\/san-pham\/banh-mi-hoa-cuc#primaryimage\"},\"image\":{\"@id\":\"https:\/\/maison-chance.org\/shop\/san-pham\/banh-mi-hoa-cuc#primaryimage\"},\"thumbnailUrl\":\"https:\/\/maison-chance.org\/shop\/wp-content\/uploads\/2024\/06\/Banh-mi-hoa-cuc.jpg\",\"datePublished\":\"2024-06-05T23:05:45+00:00\",\"dateModified\":\"2024-06-05T23:11:56+00:00\",\"description\":\"Nh\u00e0 May M\u1eafn mang \u0111\u1ebfn cho b\u1ea1n b\u00e1nh m\u00ec hoa c\u00fac ngon l\u00e0nh, b\u00e9o ng\u1eady v\u00e0 \u0111\u1ed9c \u0111\u00e1o v\u1edbi b\u1ed9t m\u00ec, b\u01a1, s\u1eefa v\u00e0 h\u1ea1nh nh\u00e2n c\u1eaft l\u00e1t. H\u00e3y th\u01b0\u1edfng th\u1ee9c h\u01b0\u01a1ng v\u1ecb \u0111\u1eb7c bi\u1ec7t.\",\"breadcrumb\":{\"@id\":\"https:\/\/maison-chance.org\/shop\/san-pham\/banh-mi-hoa-cuc#breadcrumb\"},\"inLanguage\":\"vi-VN\",\"potentialAction\":[{\"@type\":\"ReadAction\",\"target\":[\"https:\/\/maison-chance.org\/shop\/san-pham\/banh-mi-hoa-cuc\"]}]},{\"@type\":\"ImageObject\",\"inLanguage\":\"vi-VN\",\"@id\":\"https:\/\/maison-chance.org\/shop\/san-pham\/banh-mi-hoa-cuc#primaryimage\",\"url\":\"https:\/\/maison-chance.org\/shop\/wp-content\/uploads\/2024\/06\/Banh-mi-hoa-cuc.jpg\",\"contentUrl\":\"https:\/\/maison-chance.org\/shop\/wp-content\/uploads\/2024\/06\/Banh-mi-hoa-cuc.jpg\",\"width\":600,\"height\":600,\"caption\":\"B\u00e1nh m\u00ec hoa c\u00fac\"},{\"@type\":\"BreadcrumbList\",\"@id\":\"https:\/\/maison-chance.org\/shop\/san-pham\/banh-mi-hoa-cuc#breadcrumb\",\"itemListElement\":[{\"@type\":\"ListItem\",\"position\":1,\"name\":\"Trang ch\u1ee7\",\"item\":\"https:\/\/maison-chance.org\/shop\/\"},{\"@type\":\"ListItem\",\"position\":2,\"name\":\"Shop\",\"item\":\"https:\/\/maison-chance.org\/shop\/shop\"},{\"@type\":\"ListItem\",\"position\":3,\"name\":\"B\u00e1nh m\u00ec hoa c\u00fac\"}]},{\"@type\":\"WebSite\",\"@id\":\"https:\/\/maison-chance.org\/shop\/#website\",\"url\":\"https:\/\/maison-chance.org\/shop\/\",\"name\":\"Nh\u00e0 May M\u1eafn - Maison Chance\",\"description\":\"M\u1ecdi l\u1ee3i nhu\u1eadn thu v\u1ec1 t\u1eeb vi\u1ec7c b\u00e1n h\u00e0ng s\u1ebd tr\u00edch m\u1ed9t ph\u1ea7n \u0111\u1ec3 ch\u0103m lo cho \u0111\u1eddi s\u1ed1ng c\u00e1c b\u1ea1n khuy\u1ebft t\u1eadt v\u00e0 tr\u1ebb m\u1ed3 c\u00f4i \u1edf \u0111\u00e2y\",\"publisher\":{\"@id\":\"https:\/\/maison-chance.org\/shop\/#organization\"},\"potentialAction\":[{\"@type\":\"SearchAction\",\"target\":{\"@type\":\"EntryPoint\",\"urlTemplate\":\"https:\/\/maison-chance.org\/shop\/?s={search_term_string}\"},\"query-input\":{\"@type\":\"PropertyValueSpecification\",\"valueRequired\":true,\"valueName\":\"search_term_string\"}}],\"inLanguage\":\"vi-VN\"},{\"@type\":\"Organization\",\"@id\":\"https:\/\/maison-chance.org\/shop\/#organization\",\"name\":\"Nh\u00e0 May M\u1eafn - Maison Chance\",\"url\":\"https:\/\/maison-chance.org\/shop\/\",\"logo\":{\"@type\":\"ImageObject\",\"inLanguage\":\"vi-VN\",\"@id\":\"https:\/\/maison-chance.org\/shop\/#\/schema\/logo\/image\/\",\"url\":\"https:\/\/maison-chance.org\/shop\/wp-content\/uploads\/2024\/03\/cropped-Logo_DNXH.png\",\"contentUrl\":\"https:\/\/maison-chance.org\/shop\/wp-content\/uploads\/2024\/03\/cropped-Logo_DNXH.png\",\"width\":512,\"height\":512,\"caption\":\"Nh\u00e0 May M\u1eafn - Maison Chance\"},\"image\":{\"@id\":\"https:\/\/maison-chance.org\/shop\/#\/schema\/logo\/image\/\"},\"sameAs\":[\"https:\/\/www.facebook.com\/dnxh.nhamayman\/\"]}]}<\/script>\n<meta property=\"product:price:amount\" content=\"3.00\" \/>\n<meta property=\"product:price:currency\" content=\"USD\" \/>\n<meta property=\"og:availability\" content=\"instock\" \/>\n<meta property=\"product:availability\" content=\"instock\" \/>\n<meta property=\"product:condition\" content=\"new\" \/>\n<!-- \/ Yoast SEO Premium plugin. -->","yoast_head_json":{"title":"B\u00e1nh m\u00ec hoa c\u00fac - Nh\u00e0 May M\u1eafn - Maison Chance","description":"Nh\u00e0 May M\u1eafn mang \u0111\u1ebfn cho b\u1ea1n b\u00e1nh m\u00ec hoa c\u00fac ngon l\u00e0nh, b\u00e9o ng\u1eady v\u00e0 \u0111\u1ed9c \u0111\u00e1o v\u1edbi b\u1ed9t m\u00ec, b\u01a1, s\u1eefa v\u00e0 h\u1ea1nh nh\u00e2n c\u1eaft l\u00e1t. H\u00e3y th\u01b0\u1edfng th\u1ee9c h\u01b0\u01a1ng v\u1ecb \u0111\u1eb7c bi\u1ec7t.","robots":{"index":"index","follow":"follow","max-snippet":"max-snippet:-1","max-image-preview":"max-image-preview:large","max-video-preview":"max-video-preview:-1"},"canonical":"https:\/\/maison-chance.org\/shop\/san-pham\/banh-mi-hoa-cuc","og_locale":"vi_VN","og_type":"article","og_title":"B\u00e1nh m\u00ec hoa c\u00fac","og_description":"Nh\u00e0 May M\u1eafn mang \u0111\u1ebfn cho b\u1ea1n b\u00e1nh m\u00ec hoa c\u00fac ngon l\u00e0nh, b\u00e9o ng\u1eady v\u00e0 \u0111\u1ed9c \u0111\u00e1o v\u1edbi b\u1ed9t m\u00ec, b\u01a1, s\u1eefa v\u00e0 h\u1ea1nh nh\u00e2n c\u1eaft l\u00e1t. H\u00e3y th\u01b0\u1edfng th\u1ee9c h\u01b0\u01a1ng v\u1ecb \u0111\u1eb7c bi\u1ec7t.","og_url":"https:\/\/maison-chance.org\/shop\/san-pham\/banh-mi-hoa-cuc","og_site_name":"Nh\u00e0 May M\u1eafn - Maison Chance","article_publisher":"https:\/\/www.facebook.com\/dnxh.nhamayman\/","article_modified_time":"2024-06-05T23:11:56+00:00","og_image":[{"width":600,"height":600,"url":"https:\/\/maison-chance.org\/shop\/wp-content\/uploads\/2024\/06\/Banh-mi-hoa-cuc.jpg","type":"image\/jpeg"}],"twitter_card":"summary_large_image","twitter_misc":{"Gi\u00e1":"3.00&nbsp;&#36;","Availability":"In stock"},"schema":{"@context":"https:\/\/schema.org","@graph":[{"@type":"WebPage","@id":"https:\/\/maison-chance.org\/shop\/san-pham\/banh-mi-hoa-cuc","url":"https:\/\/maison-chance.org\/shop\/san-pham\/banh-mi-hoa-cuc","name":"B\u00e1nh m\u00ec hoa c\u00fac - Nh\u00e0 May M\u1eafn - Maison Chance","isPartOf":{"@id":"https:\/\/maison-chance.org\/shop\/#website"},"primaryImageOfPage":{"@id":"https:\/\/maison-chance.org\/shop\/san-pham\/banh-mi-hoa-cuc#primaryimage"},"image":{"@id":"https:\/\/maison-chance.org\/shop\/san-pham\/banh-mi-hoa-cuc#primaryimage"},"thumbnailUrl":"https:\/\/maison-chance.org\/shop\/wp-content\/uploads\/2024\/06\/Banh-mi-hoa-cuc.jpg","datePublished":"2024-06-05T23:05:45+00:00","dateModified":"2024-06-05T23:11:56+00:00","description":"Nh\u00e0 May M\u1eafn mang \u0111\u1ebfn cho b\u1ea1n b\u00e1nh m\u00ec hoa c\u00fac ngon l\u00e0nh, b\u00e9o ng\u1eady v\u00e0 \u0111\u1ed9c \u0111\u00e1o v\u1edbi b\u1ed9t m\u00ec, b\u01a1, s\u1eefa v\u00e0 h\u1ea1nh nh\u00e2n c\u1eaft l\u00e1t. H\u00e3y th\u01b0\u1edfng th\u1ee9c h\u01b0\u01a1ng v\u1ecb \u0111\u1eb7c bi\u1ec7t.","breadcrumb":{"@id":"https:\/\/maison-chance.org\/shop\/san-pham\/banh-mi-hoa-cuc#breadcrumb"},"inLanguage":"vi-VN","potentialAction":[{"@type":"ReadAction","target":["https:\/\/maison-chance.org\/shop\/san-pham\/banh-mi-hoa-cuc"]}]},{"@type":"ImageObject","inLanguage":"vi-VN","@id":"https:\/\/maison-chance.org\/shop\/san-pham\/banh-mi-hoa-cuc#primaryimage","url":"https:\/\/maison-chance.org\/shop\/wp-content\/uploads\/2024\/06\/Banh-mi-hoa-cuc.jpg","contentUrl":"https:\/\/maison-chance.org\/shop\/wp-content\/uploads\/2024\/06\/Banh-mi-hoa-cuc.jpg","width":600,"height":600,"caption":"B\u00e1nh m\u00ec hoa c\u00fac"},{"@type":"BreadcrumbList","@id":"https:\/\/maison-chance.org\/shop\/san-pham\/banh-mi-hoa-cuc#breadcrumb","itemListElement":[{"@type":"ListItem","position":1,"name":"Trang ch\u1ee7","item":"https:\/\/maison-chance.org\/shop\/"},{"@type":"ListItem","position":2,"name":"Shop","item":"https:\/\/maison-chance.org\/shop\/shop"},{"@type":"ListItem","position":3,"name":"B\u00e1nh m\u00ec hoa c\u00fac"}]},{"@type":"WebSite","@id":"https:\/\/maison-chance.org\/shop\/#website","url":"https:\/\/maison-chance.org\/shop\/","name":"Nh\u00e0 May M\u1eafn - Maison Chance","description":"M\u1ecdi l\u1ee3i nhu\u1eadn thu v\u1ec1 t\u1eeb vi\u1ec7c b\u00e1n h\u00e0ng s\u1ebd tr\u00edch m\u1ed9t ph\u1ea7n \u0111\u1ec3 ch\u0103m lo cho \u0111\u1eddi s\u1ed1ng c\u00e1c b\u1ea1n khuy\u1ebft t\u1eadt v\u00e0 tr\u1ebb m\u1ed3 c\u00f4i \u1edf \u0111\u00e2y","publisher":{"@id":"https:\/\/maison-chance.org\/shop\/#organization"},"potentialAction":[{"@type":"SearchAction","target":{"@type":"EntryPoint","urlTemplate":"https:\/\/maison-chance.org\/shop\/?s={search_term_string}"},"query-input":{"@type":"PropertyValueSpecification","valueRequired":true,"valueName":"search_term_string"}}],"inLanguage":"vi-VN"},{"@type":"Organization","@id":"https:\/\/maison-chance.org\/shop\/#organization","name":"Nh\u00e0 May M\u1eafn - Maison Chance","url":"https:\/\/maison-chance.org\/shop\/","logo":{"@type":"ImageObject","inLanguage":"vi-VN","@id":"https:\/\/maison-chance.org\/shop\/#\/schema\/logo\/image\/","url":"https:\/\/maison-chance.org\/shop\/wp-content\/uploads\/2024\/03\/cropped-Logo_DNXH.png","contentUrl":"https:\/\/maison-chance.org\/shop\/wp-content\/uploads\/2024\/03\/cropped-Logo_DNXH.png","width":512,"height":512,"caption":"Nh\u00e0 May M\u1eafn - Maison Chance"},"image":{"@id":"https:\/\/maison-chance.org\/shop\/#\/schema\/logo\/image\/"},"sameAs":["https:\/\/www.facebook.com\/dnxh.nhamayman\/"]}]},"product_price_amount":"3.00","product_price_currency":"USD","og_availability":"instock","product_availability":"instock","product_condition":"new"},"_links":{"self":[{"href":"https:\/\/maison-chance.org\/shop\/wp-json\/wp\/v2\/product\/39488","targetHints":{"allow":["GET"]}}],"collection":[{"href":"https:\/\/maison-chance.org\/shop\/wp-json\/wp\/v2\/product"}],"about":[{"href":"https:\/\/maison-chance.org\/shop\/wp-json\/wp\/v2\/types\/product"}],"wp:featuredmedia":[{"embeddable":true,"href":"https:\/\/maison-chance.org\/shop\/wp-json\/wp\/v2\/media\/39489"}],"wp:attachment":[{"href":"https:\/\/maison-chance.org\/shop\/wp-json\/wp\/v2\/media?parent=39488"}],"wp:term":[{"taxonomy":"product_brand","embeddable":true,"href":"https:\/\/maison-chance.org\/shop\/wp-json\/wp\/v2\/product_brand?post=39488"},{"taxonomy":"product_cat","embeddable":true,"href":"https:\/\/maison-chance.org\/shop\/wp-json\/wp\/v2\/product_cat?post=39488"},{"taxonomy":"product_tag","embeddable":true,"href":"https:\/\/maison-chance.org\/shop\/wp-json\/wp\/v2\/product_tag?post=39488"}],"curies":[{"name":"wp","href":"https:\/\/api.w.org\/{rel}","templated":true}]}}