{"id":39497,"date":"2024-06-06T06:21:49","date_gmt":"2024-06-05T23:21:49","guid":{"rendered":"https:\/\/maison-chance.org\/shop?post_type=product&#038;p=39497"},"modified":"2024-06-06T06:24:18","modified_gmt":"2024-06-05T23:24:18","slug":"banh-mexico","status":"publish","type":"product","link":"https:\/\/maison-chance.org\/shop\/san-pham\/banh-mexico","title":{"rendered":"B\u00e1nh Mexico"},"content":{"rendered":"<p style=\"text-align: center;\">S\u1ef1 K\u1ebft H\u1ee3p Ho\u00e0n H\u1ea3o C\u1ee7a H\u01b0\u01a1ng : <a href=\"https:\/\/maison-chance.org\/shop\/phong-banh\">B\u00e1nh Mexico c\u1ee7a Nh\u00e0 May M\u1eafn<\/a><\/p>\n<p style=\"text-align: justify;\">N\u1ebfu b\u1ea1n \u0111ang t\u00ecm ki\u1ebfm m\u1ed9t l\u1ef1a ch\u1ecdn b\u00e1nh ng\u1ecdt \u0111\u1ea7y h\u1ea5p d\u1eabn \u0111\u1ec3 th\u01b0\u1edfng th\u1ee9c c\u00f9ng v\u1edbi ly c\u00e0 ph\u00ea v\u00e0o m\u1ed7i bu\u1ed5i s\u00e1ng hay chi\u1ec1u, <a href=\"https:\/\/maison-chance.org\/shop\/san-pham\/banh-mexico\">b\u00e1nh Mexico<\/a> ch\u00ednh l\u00e0 s\u1ef1 l\u1ef1a ch\u1ecdn ho\u00e0n h\u1ea3o. V\u1edbi th\u00e0nh ph\u1ea7n \u0111\u1ed9c \u0111\u00e1o v\u00e0 h\u01b0\u01a1ng v\u1ecb \u0111\u1eb7c tr\u01b0ng, b\u00e1nh Mexico kh\u00f4ng ch\u1ec9 l\u00e0m say \u0111\u1eafm kh\u1ea9u v\u1ecb m\u00e0 c\u00f2n mang l\u1ea1i c\u1ea3m gi\u00e1c \u1ea5m \u00e1p v\u00e0 h\u1ea1nh ph\u00fac.<\/p>\n<p><strong>Th\u00e0nh Ph\u1ea7n Tinh T\u1ebf, H\u01b0\u01a1ng V\u1ecb \u0110\u1ed9c \u0110\u00e1o<\/strong><\/p>\n<p style=\"text-align: justify;\">B\u00e1nh Mexico \u0111\u01b0\u1ee3c t\u1ea1o ra t\u1eeb s\u1ef1 k\u1ebft h\u1ee3p tinh t\u1ebf c\u1ee7a c\u00e1c nguy\u00ean li\u1ec7u ch\u1ea5t l\u01b0\u1ee3ng cao nh\u01b0 b\u1ed9t m\u00ec m\u1ecbn m\u00e0ng, b\u01a1 b\u00e9o ng\u1eady, s\u1eefa t\u01b0\u01a1i th\u01a1m, tr\u1ee9ng t\u01b0\u01a1i v\u00e0 \u0111\u01b0\u1eddng m\u1ecbn. \u0110i\u1ec3m nh\u1ea5n c\u1ee7a b\u00e1nh ch\u00ednh l\u00e0 l\u1edbp ph\u1ee7 s\u00f4 c\u00f4 la ng\u1ecdt ng\u00e0o, t\u1ea1o ra m\u1ed9t h\u01b0\u01a1ng v\u1ecb \u0111\u1eadm \u0111\u00e0 v\u00e0 quy\u1ebfn r\u0169.<\/p>\n<p><strong>H\u01b0\u01a1ng V\u1ecb \u0110\u1eb7c Tr\u01b0ng, S\u1ef1 L\u1ef1a Ch\u1ecdn Ho\u00e0n H\u1ea3o<\/strong><\/p>\n<p style=\"text-align: justify;\">B\u00e1nh Mexico kh\u00f4ng ch\u1ec9 l\u00e0m cho b\u1ea1n m\u00ea m\u1ea9n t\u1eeb v\u1ebb \u0111\u1eb9p b\u00ean ngo\u00e0i m\u00e0 c\u00f2n khi\u1ebfn b\u1ea1n kh\u00f4ng th\u1ec3 c\u01b0\u1ee1ng l\u1ea1i \u0111\u01b0\u1ee3c t\u1eebng mi\u1ebfng v\u1edbi h\u01b0\u01a1ng v\u1ecb \u0111\u1eb7c tr\u01b0ng. H\u00f2a quy\u1ec7n gi\u1eefa v\u1ecb ng\u1ecdt c\u1ee7a s\u00f4 c\u00f4 la v\u00e0 v\u1ecb b\u00e9o c\u1ee7a b\u01a1, b\u00e1nh Mexico ch\u00ednh l\u00e0 m\u1ed9t t\u00e1c ph\u1ea9m ngh\u1ec7 thu\u1eadt trong th\u1ebf gi\u1edbi \u1ea9m th\u1ef1c.<\/p>\n<p><strong>H\u00e3y \u1ee6ng H\u1ed9 S\u1ea3n Ph\u1ea9m c\u1ee7a Nh\u00e0 May M\u1eafn<\/strong><\/p>\n<p style=\"text-align: justify;\">V\u1edbi cam k\u1ebft \u0111em l\u1ea1i nh\u1eefng s\u1ea3n ph\u1ea9m ch\u1ea5t l\u01b0\u1ee3ng v\u00e0 h\u01b0\u01a1ng v\u1ecb tuy\u1ec7t v\u1eddi nh\u1ea5t, Nh\u00e0 May M\u1eafn t\u1ef1 h\u00e0o l\u00e0 \u0111\u1ecba ch\u1ec9 tin c\u1eady cho nh\u1eefng ai \u0111am m\u00ea \u1ea9m th\u1ef1c. H\u00e3y \u1ee7ng h\u1ed9 ch\u00fang t\u00f4i v\u00e0 tr\u1ea3i nghi\u1ec7m h\u01b0\u01a1ng v\u1ecb \u0111\u1eb7c bi\u1ec7t c\u1ee7a <a href=\"https:\/\/maison-chance.org\/shop\/banh-ngot\">b\u00e1nh ng\u1ecdt<\/a> Mexico ngay h\u00f4m nay!<\/p>\n","protected":false},"excerpt":{"rendered":"<p style=\"text-align: justify;\">S\u1ea3n ph\u1ea9m b\u00e1nh ng\u1ecdt \u0111\u01b0\u1ee3c l\u00e0m t\u1eeb c\u00e1c b\u1ea1n tr\u1ebb m\u1ed3 c\u00f4i hi\u1ec7n \u0111ang \u0111\u01b0\u1ee3c Nh\u00e0 May M\u1eafn &#8211; Maison Chance nu\u00f4i d\u01b0\u1ee1ng. K\u00ednh mong nh\u1eadn \u0111\u01b0\u1ee3c s\u1ef1 \u1ee7ng h\u1ed9 c\u1ee7a Qu\u00fd kh\u00e1ch!<\/p>\n<p>Hotline : <span style=\"font-size: 20px;\"><strong><span style=\"color: #ff0000;\">0909 06 25 28<\/span><\/strong><\/span><\/p>\n","protected":false},"featured_media":39498,"template":"","meta":[],"product_brand":[],"product_cat":[153,150],"product_tag":[],"class_list":{"0":"post-39497","1":"product","2":"type-product","3":"status-publish","4":"has-post-thumbnail","6":"product_cat-banh-ngot","7":"product_cat-phong-banh","9":"first","10":"instock","11":"shipping-taxable","12":"purchasable","13":"product-type-simple"},"yoast_head":"<!-- This site is optimized with the Yoast SEO Premium plugin v22.7 (Yoast SEO v25.3.1) - https:\/\/yoast.com\/wordpress\/plugins\/seo\/ -->\n<title>B\u00e1nh Mexico - Nh\u00e0 May M\u1eafn - Maison Chance<\/title>\n<meta name=\"description\" content=\"B\u00e1nh Mexico kh\u00f4ng ch\u1ec9 l\u00e0m cho b\u1ea1n m\u00ea m\u1ea9n t\u1eeb v\u1ebb \u0111\u1eb9p b\u00ean ngo\u00e0i m\u00e0 c\u00f2n khi\u1ebfn b\u1ea1n kh\u00f4ng th\u1ec3 c\u01b0\u1ee1ng l\u1ea1i \u0111\u01b0\u1ee3c t\u1eebng mi\u1ebfng v\u1edbi h\u01b0\u01a1ng v\u1ecb \u0111\u1eb7c tr\u01b0ng\" \/>\n<meta name=\"robots\" content=\"index, follow, max-snippet:-1, max-image-preview:large, max-video-preview:-1\" \/>\n<link rel=\"canonical\" href=\"https:\/\/maison-chance.org\/shop\/san-pham\/banh-mexico\" \/>\n<meta property=\"og:locale\" content=\"vi_VN\" \/>\n<meta property=\"og:type\" content=\"article\" \/>\n<meta property=\"og:title\" content=\"B\u00e1nh Mexico\" \/>\n<meta property=\"og:description\" content=\"B\u00e1nh Mexico kh\u00f4ng ch\u1ec9 l\u00e0m cho b\u1ea1n m\u00ea m\u1ea9n t\u1eeb v\u1ebb \u0111\u1eb9p b\u00ean ngo\u00e0i m\u00e0 c\u00f2n khi\u1ebfn b\u1ea1n kh\u00f4ng th\u1ec3 c\u01b0\u1ee1ng l\u1ea1i \u0111\u01b0\u1ee3c t\u1eebng mi\u1ebfng v\u1edbi h\u01b0\u01a1ng v\u1ecb \u0111\u1eb7c tr\u01b0ng\" \/>\n<meta property=\"og:url\" content=\"https:\/\/maison-chance.org\/shop\/san-pham\/banh-mexico\" \/>\n<meta property=\"og:site_name\" content=\"Nh\u00e0 May M\u1eafn - Maison Chance\" \/>\n<meta property=\"article:publisher\" content=\"https:\/\/www.facebook.com\/dnxh.nhamayman\/\" \/>\n<meta property=\"article:modified_time\" content=\"2024-06-05T23:24:18+00:00\" \/>\n<meta property=\"og:image\" content=\"https:\/\/maison-chance.org\/shop\/wp-content\/uploads\/2024\/06\/Banh-Mexico.jpg\" \/>\n\t<meta property=\"og:image:width\" content=\"600\" \/>\n\t<meta property=\"og:image:height\" content=\"600\" \/>\n\t<meta property=\"og:image:type\" content=\"image\/jpeg\" \/>\n<meta name=\"twitter:card\" content=\"summary_large_image\" \/>\n<meta name=\"twitter:label1\" content=\"Gi\u00e1\" \/>\n\t<meta name=\"twitter:data1\" content=\"0.70&nbsp;&#036;\" \/>\n\t<meta name=\"twitter:label2\" content=\"Availability\" \/>\n\t<meta name=\"twitter:data2\" content=\"In stock\" \/>\n<script type=\"application\/ld+json\" class=\"yoast-schema-graph\">{\"@context\":\"https:\/\/schema.org\",\"@graph\":[{\"@type\":\"WebPage\",\"@id\":\"https:\/\/maison-chance.org\/shop\/san-pham\/banh-mexico\",\"url\":\"https:\/\/maison-chance.org\/shop\/san-pham\/banh-mexico\",\"name\":\"B\u00e1nh Mexico - Nh\u00e0 May M\u1eafn - Maison Chance\",\"isPartOf\":{\"@id\":\"https:\/\/maison-chance.org\/shop\/#website\"},\"primaryImageOfPage\":{\"@id\":\"https:\/\/maison-chance.org\/shop\/san-pham\/banh-mexico#primaryimage\"},\"image\":{\"@id\":\"https:\/\/maison-chance.org\/shop\/san-pham\/banh-mexico#primaryimage\"},\"thumbnailUrl\":\"https:\/\/maison-chance.org\/shop\/wp-content\/uploads\/2024\/06\/Banh-Mexico.jpg\",\"datePublished\":\"2024-06-05T23:21:49+00:00\",\"dateModified\":\"2024-06-05T23:24:18+00:00\",\"description\":\"B\u00e1nh Mexico kh\u00f4ng ch\u1ec9 l\u00e0m cho b\u1ea1n m\u00ea m\u1ea9n t\u1eeb v\u1ebb \u0111\u1eb9p b\u00ean ngo\u00e0i m\u00e0 c\u00f2n khi\u1ebfn b\u1ea1n kh\u00f4ng th\u1ec3 c\u01b0\u1ee1ng l\u1ea1i \u0111\u01b0\u1ee3c t\u1eebng mi\u1ebfng v\u1edbi h\u01b0\u01a1ng v\u1ecb \u0111\u1eb7c tr\u01b0ng\",\"breadcrumb\":{\"@id\":\"https:\/\/maison-chance.org\/shop\/san-pham\/banh-mexico#breadcrumb\"},\"inLanguage\":\"vi-VN\",\"potentialAction\":[{\"@type\":\"ReadAction\",\"target\":[\"https:\/\/maison-chance.org\/shop\/san-pham\/banh-mexico\"]}]},{\"@type\":\"ImageObject\",\"inLanguage\":\"vi-VN\",\"@id\":\"https:\/\/maison-chance.org\/shop\/san-pham\/banh-mexico#primaryimage\",\"url\":\"https:\/\/maison-chance.org\/shop\/wp-content\/uploads\/2024\/06\/Banh-Mexico.jpg\",\"contentUrl\":\"https:\/\/maison-chance.org\/shop\/wp-content\/uploads\/2024\/06\/Banh-Mexico.jpg\",\"width\":600,\"height\":600,\"caption\":\"B\u00e1nh Mexico\"},{\"@type\":\"BreadcrumbList\",\"@id\":\"https:\/\/maison-chance.org\/shop\/san-pham\/banh-mexico#breadcrumb\",\"itemListElement\":[{\"@type\":\"ListItem\",\"position\":1,\"name\":\"Trang ch\u1ee7\",\"item\":\"https:\/\/maison-chance.org\/shop\/\"},{\"@type\":\"ListItem\",\"position\":2,\"name\":\"Shop\",\"item\":\"https:\/\/maison-chance.org\/shop\/shop\"},{\"@type\":\"ListItem\",\"position\":3,\"name\":\"B\u00e1nh Mexico\"}]},{\"@type\":\"WebSite\",\"@id\":\"https:\/\/maison-chance.org\/shop\/#website\",\"url\":\"https:\/\/maison-chance.org\/shop\/\",\"name\":\"Nh\u00e0 May M\u1eafn - Maison Chance\",\"description\":\"M\u1ecdi l\u1ee3i nhu\u1eadn thu v\u1ec1 t\u1eeb vi\u1ec7c b\u00e1n h\u00e0ng s\u1ebd tr\u00edch m\u1ed9t ph\u1ea7n \u0111\u1ec3 ch\u0103m lo cho \u0111\u1eddi s\u1ed1ng c\u00e1c b\u1ea1n khuy\u1ebft t\u1eadt v\u00e0 tr\u1ebb m\u1ed3 c\u00f4i \u1edf \u0111\u00e2y\",\"publisher\":{\"@id\":\"https:\/\/maison-chance.org\/shop\/#organization\"},\"potentialAction\":[{\"@type\":\"SearchAction\",\"target\":{\"@type\":\"EntryPoint\",\"urlTemplate\":\"https:\/\/maison-chance.org\/shop\/?s={search_term_string}\"},\"query-input\":{\"@type\":\"PropertyValueSpecification\",\"valueRequired\":true,\"valueName\":\"search_term_string\"}}],\"inLanguage\":\"vi-VN\"},{\"@type\":\"Organization\",\"@id\":\"https:\/\/maison-chance.org\/shop\/#organization\",\"name\":\"Nh\u00e0 May M\u1eafn - Maison Chance\",\"url\":\"https:\/\/maison-chance.org\/shop\/\",\"logo\":{\"@type\":\"ImageObject\",\"inLanguage\":\"vi-VN\",\"@id\":\"https:\/\/maison-chance.org\/shop\/#\/schema\/logo\/image\/\",\"url\":\"https:\/\/maison-chance.org\/shop\/wp-content\/uploads\/2024\/03\/cropped-Logo_DNXH.png\",\"contentUrl\":\"https:\/\/maison-chance.org\/shop\/wp-content\/uploads\/2024\/03\/cropped-Logo_DNXH.png\",\"width\":512,\"height\":512,\"caption\":\"Nh\u00e0 May M\u1eafn - Maison Chance\"},\"image\":{\"@id\":\"https:\/\/maison-chance.org\/shop\/#\/schema\/logo\/image\/\"},\"sameAs\":[\"https:\/\/www.facebook.com\/dnxh.nhamayman\/\"]}]}<\/script>\n<meta property=\"product:price:amount\" content=\"0.70\" \/>\n<meta property=\"product:price:currency\" content=\"USD\" \/>\n<meta property=\"og:availability\" content=\"instock\" \/>\n<meta property=\"product:availability\" content=\"instock\" \/>\n<meta property=\"product:condition\" content=\"new\" \/>\n<!-- \/ Yoast SEO Premium plugin. -->","yoast_head_json":{"title":"B\u00e1nh Mexico - Nh\u00e0 May M\u1eafn - Maison Chance","description":"B\u00e1nh Mexico kh\u00f4ng ch\u1ec9 l\u00e0m cho b\u1ea1n m\u00ea m\u1ea9n t\u1eeb v\u1ebb \u0111\u1eb9p b\u00ean ngo\u00e0i m\u00e0 c\u00f2n khi\u1ebfn b\u1ea1n kh\u00f4ng th\u1ec3 c\u01b0\u1ee1ng l\u1ea1i \u0111\u01b0\u1ee3c t\u1eebng mi\u1ebfng v\u1edbi h\u01b0\u01a1ng v\u1ecb \u0111\u1eb7c tr\u01b0ng","robots":{"index":"index","follow":"follow","max-snippet":"max-snippet:-1","max-image-preview":"max-image-preview:large","max-video-preview":"max-video-preview:-1"},"canonical":"https:\/\/maison-chance.org\/shop\/san-pham\/banh-mexico","og_locale":"vi_VN","og_type":"article","og_title":"B\u00e1nh Mexico","og_description":"B\u00e1nh Mexico kh\u00f4ng ch\u1ec9 l\u00e0m cho b\u1ea1n m\u00ea m\u1ea9n t\u1eeb v\u1ebb \u0111\u1eb9p b\u00ean ngo\u00e0i m\u00e0 c\u00f2n khi\u1ebfn b\u1ea1n kh\u00f4ng th\u1ec3 c\u01b0\u1ee1ng l\u1ea1i \u0111\u01b0\u1ee3c t\u1eebng mi\u1ebfng v\u1edbi h\u01b0\u01a1ng v\u1ecb \u0111\u1eb7c tr\u01b0ng","og_url":"https:\/\/maison-chance.org\/shop\/san-pham\/banh-mexico","og_site_name":"Nh\u00e0 May M\u1eafn - Maison Chance","article_publisher":"https:\/\/www.facebook.com\/dnxh.nhamayman\/","article_modified_time":"2024-06-05T23:24:18+00:00","og_image":[{"width":600,"height":600,"url":"https:\/\/maison-chance.org\/shop\/wp-content\/uploads\/2024\/06\/Banh-Mexico.jpg","type":"image\/jpeg"}],"twitter_card":"summary_large_image","twitter_misc":{"Gi\u00e1":"0.70&nbsp;&#36;","Availability":"In stock"},"schema":{"@context":"https:\/\/schema.org","@graph":[{"@type":"WebPage","@id":"https:\/\/maison-chance.org\/shop\/san-pham\/banh-mexico","url":"https:\/\/maison-chance.org\/shop\/san-pham\/banh-mexico","name":"B\u00e1nh Mexico - Nh\u00e0 May M\u1eafn - Maison Chance","isPartOf":{"@id":"https:\/\/maison-chance.org\/shop\/#website"},"primaryImageOfPage":{"@id":"https:\/\/maison-chance.org\/shop\/san-pham\/banh-mexico#primaryimage"},"image":{"@id":"https:\/\/maison-chance.org\/shop\/san-pham\/banh-mexico#primaryimage"},"thumbnailUrl":"https:\/\/maison-chance.org\/shop\/wp-content\/uploads\/2024\/06\/Banh-Mexico.jpg","datePublished":"2024-06-05T23:21:49+00:00","dateModified":"2024-06-05T23:24:18+00:00","description":"B\u00e1nh Mexico kh\u00f4ng ch\u1ec9 l\u00e0m cho b\u1ea1n m\u00ea m\u1ea9n t\u1eeb v\u1ebb \u0111\u1eb9p b\u00ean ngo\u00e0i m\u00e0 c\u00f2n khi\u1ebfn b\u1ea1n kh\u00f4ng th\u1ec3 c\u01b0\u1ee1ng l\u1ea1i \u0111\u01b0\u1ee3c t\u1eebng mi\u1ebfng v\u1edbi h\u01b0\u01a1ng v\u1ecb \u0111\u1eb7c tr\u01b0ng","breadcrumb":{"@id":"https:\/\/maison-chance.org\/shop\/san-pham\/banh-mexico#breadcrumb"},"inLanguage":"vi-VN","potentialAction":[{"@type":"ReadAction","target":["https:\/\/maison-chance.org\/shop\/san-pham\/banh-mexico"]}]},{"@type":"ImageObject","inLanguage":"vi-VN","@id":"https:\/\/maison-chance.org\/shop\/san-pham\/banh-mexico#primaryimage","url":"https:\/\/maison-chance.org\/shop\/wp-content\/uploads\/2024\/06\/Banh-Mexico.jpg","contentUrl":"https:\/\/maison-chance.org\/shop\/wp-content\/uploads\/2024\/06\/Banh-Mexico.jpg","width":600,"height":600,"caption":"B\u00e1nh Mexico"},{"@type":"BreadcrumbList","@id":"https:\/\/maison-chance.org\/shop\/san-pham\/banh-mexico#breadcrumb","itemListElement":[{"@type":"ListItem","position":1,"name":"Trang ch\u1ee7","item":"https:\/\/maison-chance.org\/shop\/"},{"@type":"ListItem","position":2,"name":"Shop","item":"https:\/\/maison-chance.org\/shop\/shop"},{"@type":"ListItem","position":3,"name":"B\u00e1nh Mexico"}]},{"@type":"WebSite","@id":"https:\/\/maison-chance.org\/shop\/#website","url":"https:\/\/maison-chance.org\/shop\/","name":"Nh\u00e0 May M\u1eafn - Maison Chance","description":"M\u1ecdi l\u1ee3i nhu\u1eadn thu v\u1ec1 t\u1eeb vi\u1ec7c b\u00e1n h\u00e0ng s\u1ebd tr\u00edch m\u1ed9t ph\u1ea7n \u0111\u1ec3 ch\u0103m lo cho \u0111\u1eddi s\u1ed1ng c\u00e1c b\u1ea1n khuy\u1ebft t\u1eadt v\u00e0 tr\u1ebb m\u1ed3 c\u00f4i \u1edf \u0111\u00e2y","publisher":{"@id":"https:\/\/maison-chance.org\/shop\/#organization"},"potentialAction":[{"@type":"SearchAction","target":{"@type":"EntryPoint","urlTemplate":"https:\/\/maison-chance.org\/shop\/?s={search_term_string}"},"query-input":{"@type":"PropertyValueSpecification","valueRequired":true,"valueName":"search_term_string"}}],"inLanguage":"vi-VN"},{"@type":"Organization","@id":"https:\/\/maison-chance.org\/shop\/#organization","name":"Nh\u00e0 May M\u1eafn - Maison Chance","url":"https:\/\/maison-chance.org\/shop\/","logo":{"@type":"ImageObject","inLanguage":"vi-VN","@id":"https:\/\/maison-chance.org\/shop\/#\/schema\/logo\/image\/","url":"https:\/\/maison-chance.org\/shop\/wp-content\/uploads\/2024\/03\/cropped-Logo_DNXH.png","contentUrl":"https:\/\/maison-chance.org\/shop\/wp-content\/uploads\/2024\/03\/cropped-Logo_DNXH.png","width":512,"height":512,"caption":"Nh\u00e0 May M\u1eafn - Maison Chance"},"image":{"@id":"https:\/\/maison-chance.org\/shop\/#\/schema\/logo\/image\/"},"sameAs":["https:\/\/www.facebook.com\/dnxh.nhamayman\/"]}]},"product_price_amount":"0.70","product_price_currency":"USD","og_availability":"instock","product_availability":"instock","product_condition":"new"},"_links":{"self":[{"href":"https:\/\/maison-chance.org\/shop\/wp-json\/wp\/v2\/product\/39497","targetHints":{"allow":["GET"]}}],"collection":[{"href":"https:\/\/maison-chance.org\/shop\/wp-json\/wp\/v2\/product"}],"about":[{"href":"https:\/\/maison-chance.org\/shop\/wp-json\/wp\/v2\/types\/product"}],"wp:featuredmedia":[{"embeddable":true,"href":"https:\/\/maison-chance.org\/shop\/wp-json\/wp\/v2\/media\/39498"}],"wp:attachment":[{"href":"https:\/\/maison-chance.org\/shop\/wp-json\/wp\/v2\/media?parent=39497"}],"wp:term":[{"taxonomy":"product_brand","embeddable":true,"href":"https:\/\/maison-chance.org\/shop\/wp-json\/wp\/v2\/product_brand?post=39497"},{"taxonomy":"product_cat","embeddable":true,"href":"https:\/\/maison-chance.org\/shop\/wp-json\/wp\/v2\/product_cat?post=39497"},{"taxonomy":"product_tag","embeddable":true,"href":"https:\/\/maison-chance.org\/shop\/wp-json\/wp\/v2\/product_tag?post=39497"}],"curies":[{"name":"wp","href":"https:\/\/api.w.org\/{rel}","templated":true}]}}