{"id":39507,"date":"2024-06-06T06:39:11","date_gmt":"2024-06-05T23:39:11","guid":{"rendered":"https:\/\/maison-chance.org\/shop?post_type=product&#038;p=39507"},"modified":"2024-06-06T06:48:51","modified_gmt":"2024-06-05T23:48:51","slug":"banh-so-co-la-chip","status":"publish","type":"product","link":"https:\/\/maison-chance.org\/shop\/san-pham\/banh-so-co-la-chip","title":{"rendered":"B\u00e1nh S\u00f4-c\u00f4-la Chip"},"content":{"rendered":"<p style=\"text-align: justify;\">Nh\u1eafc \u0111\u1ebfn h\u01b0\u01a1ng v\u1ecb ng\u1ecdt ng\u00e0o v\u00e0 \u0111\u1ea7y l\u00f4i cu\u1ed1n c\u1ee7a b\u00e1nh s\u00f4-c\u00f4-la, kh\u00f4ng th\u1ec3 kh\u00f4ng nh\u1eafc \u0111\u1ebfn <a href=\"https:\/\/maison-chance.org\/shop\/phong-banh\">b\u00e1nh S\u00f4-c\u00f4-la Chip c\u1ee7a Nh\u00e0 May M\u1eafn<\/a>. V\u1edbi th\u00e0nh ph\u1ea7n ch\u1ea5t l\u01b0\u1ee3ng v\u00e0 k\u1ebft h\u1ee3p tinh t\u1ebf, b\u00e1nh S\u00f4-c\u00f4-la Chip kh\u00f4ng ch\u1ec9 l\u00e0m say \u0111\u1eafm l\u00f2ng ng\u01b0\u1eddi t\u1eeb c\u00e1i nh\u00ecn \u0111\u1ea7u ti\u00ean m\u00e0 c\u00f2n khi\u1ebfn b\u1ea1n ng\u1ea5t ng\u00e2y v\u1edbi m\u1ed7i mi\u1ebfng th\u01b0\u1edfng th\u1ee9c.<\/p>\n<p><strong>H\u01b0\u01a1ng V\u1ecb Tinh T\u1ebf<\/strong><\/p>\n<p style=\"text-align: justify;\">M\u1ed7i mi\u1ebfng <a href=\"https:\/\/maison-chance.org\/shop\/san-pham\/banh-so-co-la-chip\">b\u00e1nh S\u00f4-c\u00f4-la Chip<\/a> l\u00e0 s\u1ef1 k\u1ebft h\u1ee3p ho\u00e0n h\u1ea3o c\u1ee7a b\u1ed9t m\u00ec m\u1ecbn m\u00e0ng, s\u1eefa b\u00e9o ng\u1eady, v\u00e0 s\u00f4-c\u00f4-la \u0111\u1eafng ng\u1ecdt. Khi c\u1eafn v\u00e0o t\u1eebng mi\u1ebfng, b\u1ea1n s\u1ebd c\u1ea3m nh\u1eadn \u0111\u01b0\u1ee3c s\u1ef1 tan ch\u1ea3y c\u1ee7a s\u00f4-c\u00f4-la k\u1ebft h\u1ee3p v\u1edbi \u0111\u1ed9 gi\u00f2n c\u1ee7a chip s\u00f4-c\u00f4-la, t\u1ea1o n\u00ean m\u1ed9t tr\u1ea3i nghi\u1ec7m \u1ea9m th\u1ef1c \u0111\u00edch th\u1ef1c.<\/p>\n<p><strong>Th\u00e0nh Ph\u1ea7n T\u1ef1 Nhi\u00ean<\/strong><\/p>\n<p style=\"text-align: justify;\">B\u00e1nh S\u00f4-c\u00f4-la Chip c\u1ee7a Nh\u00e0 May M\u1eafn \u0111\u01b0\u1ee3c ch\u1ebf bi\u1ebfn t\u1eeb nh\u1eefng nguy\u00ean li\u1ec7u t\u01b0\u01a1i ngon v\u00e0 t\u1ef1 nhi\u00ean nh\u1ea5t. T\u1eeb b\u1ed9t m\u00ec tr\u1eafng m\u1ecbn, b\u01a1 th\u01a1m b\u00e9o, s\u1eefa t\u01b0\u01a1i ngon, \u0111\u1ebfn nh\u1eefng vi\u00ean s\u00f4-c\u00f4-la cao c\u1ea5p, m\u1ed7i th\u00e0nh ph\u1ea7n \u0111\u1ec1u \u0111\u01b0\u1ee3c l\u1ef1a ch\u1ecdn k\u1ef9 l\u01b0\u1ee1ng \u0111\u1ec3 mang \u0111\u1ebfn cho b\u1ea1n m\u1ed9t s\u1ea3n ph\u1ea9m ch\u1ea5t l\u01b0\u1ee3ng nh\u1ea5t.<\/p>\n<p><strong>K\u00eau G\u1ecdi Uy T\u00edn &#8211; \u1ee6ng H\u1ed9 S\u1ea3n Ph\u1ea9m Vi\u1ec7t<\/strong><\/p>\n<p style=\"text-align: justify;\">Nh\u00e0 May M\u1eafn kh\u00f4ng ch\u1ec9 l\u00e0 th\u01b0\u01a1ng hi\u1ec7u b\u00e1nh ng\u1ecdt uy t\u00edn m\u00e0 c\u00f2n l\u00e0 bi\u1ec3u t\u01b0\u1ee3ng c\u1ee7a s\u1ef1 s\u00e1ng t\u1ea1o v\u00e0 \u0111\u1ed5i m\u1edbi. Khi mua <a href=\"https:\/\/maison-chance.org\/shop\/banh-ngot\">b\u00e1nh ng\u1ecdt<\/a> &#8211; b\u00e1nh S\u00f4-c\u00f4-la Chip c\u1ee7a ch\u00fang t\u00f4i, b\u1ea1n kh\u00f4ng ch\u1ec9 l\u00e0m ng\u1ecdt ng\u00e0o v\u1ecb gi\u00e1c m\u00e0 c\u00f2n \u1ee7ng h\u1ed9 s\u1ea3n ph\u1ea9m Vi\u1ec7t Nam, \u0111\u1ed3ng th\u1eddi lan t\u1ecfa y\u00eau th\u01b0\u01a1ng v\u00e0 h\u1ed7 tr\u1ee3 cho c\u1ed9ng \u0111\u1ed3ng.<\/p>\n","protected":false},"excerpt":{"rendered":"<p style=\"text-align: justify;\">S\u1ea3n ph\u1ea9m b\u00e1nh ng\u1ecdt \u0111\u01b0\u1ee3c l\u00e0m t\u1eeb c\u00e1c b\u1ea1n tr\u1ebb m\u1ed3 c\u00f4i hi\u1ec7n \u0111ang \u0111\u01b0\u1ee3c Nh\u00e0 May M\u1eafn &#8211; Maison Chance nu\u00f4i d\u01b0\u1ee1ng. K\u00ednh mong nh\u1eadn \u0111\u01b0\u1ee3c s\u1ef1 \u1ee7ng h\u1ed9 c\u1ee7a Qu\u00fd kh\u00e1ch!<\/p>\n<p>Hotline : <span style=\"font-size: 20px;\"><strong><span style=\"color: #ff0000;\">0909 06 25 28<\/span><\/strong><\/span><\/p>\n","protected":false},"featured_media":39508,"template":"","meta":[],"product_brand":[],"product_cat":[153,150],"product_tag":[],"class_list":{"0":"post-39507","1":"product","2":"type-product","3":"status-publish","4":"has-post-thumbnail","6":"product_cat-banh-ngot","7":"product_cat-phong-banh","9":"first","10":"instock","11":"shipping-taxable","12":"purchasable","13":"product-type-simple"},"yoast_head":"<!-- This site is optimized with the Yoast SEO Premium plugin v22.7 (Yoast SEO v25.3.1) - https:\/\/yoast.com\/wordpress\/plugins\/seo\/ -->\n<title>B\u00e1nh S\u00f4-c\u00f4-la Chip - Nh\u00e0 May M\u1eafn - Maison Chance<\/title>\n<meta name=\"description\" content=\"H\u00e3y \u0111\u1ec3 b\u00e1nh S\u00f4-c\u00f4-la Chip c\u1ee7a Nh\u00e0 May M\u1eafn l\u00e0 \u0111i\u1ec3m s\u00e1ng trong b\u1eefa ti\u1ec7c \u1ea9m th\u1ef1c c\u1ee7a b\u1ea1n, ho\u1eb7c l\u00e0 m\u00f3n qu\u00e0 \u00fd ngh\u0129a d\u00e0nh cho ng\u01b0\u1eddi th\u00e2n v\u00e0 b\u1ea1n b\u00e8\" \/>\n<meta name=\"robots\" content=\"index, follow, max-snippet:-1, max-image-preview:large, max-video-preview:-1\" \/>\n<link rel=\"canonical\" href=\"https:\/\/maison-chance.org\/shop\/san-pham\/banh-so-co-la-chip\" \/>\n<meta property=\"og:locale\" content=\"vi_VN\" \/>\n<meta property=\"og:type\" content=\"article\" \/>\n<meta property=\"og:title\" content=\"B\u00e1nh S\u00f4-c\u00f4-la Chip\" \/>\n<meta property=\"og:description\" content=\"H\u00e3y \u0111\u1ec3 b\u00e1nh S\u00f4-c\u00f4-la Chip c\u1ee7a Nh\u00e0 May M\u1eafn l\u00e0 \u0111i\u1ec3m s\u00e1ng trong b\u1eefa ti\u1ec7c \u1ea9m th\u1ef1c c\u1ee7a b\u1ea1n, ho\u1eb7c l\u00e0 m\u00f3n qu\u00e0 \u00fd ngh\u0129a d\u00e0nh cho ng\u01b0\u1eddi th\u00e2n v\u00e0 b\u1ea1n b\u00e8\" \/>\n<meta property=\"og:url\" content=\"https:\/\/maison-chance.org\/shop\/san-pham\/banh-so-co-la-chip\" \/>\n<meta property=\"og:site_name\" content=\"Nh\u00e0 May M\u1eafn - Maison Chance\" \/>\n<meta property=\"article:publisher\" content=\"https:\/\/www.facebook.com\/dnxh.nhamayman\/\" \/>\n<meta property=\"article:modified_time\" content=\"2024-06-05T23:48:51+00:00\" \/>\n<meta property=\"og:image\" content=\"https:\/\/maison-chance.org\/shop\/wp-content\/uploads\/2024\/06\/Banh-So-co-la-Chip.jpg\" \/>\n\t<meta property=\"og:image:width\" content=\"600\" \/>\n\t<meta property=\"og:image:height\" content=\"600\" \/>\n\t<meta property=\"og:image:type\" content=\"image\/jpeg\" \/>\n<meta name=\"twitter:card\" content=\"summary_large_image\" \/>\n<meta name=\"twitter:label1\" content=\"Gi\u00e1\" \/>\n\t<meta name=\"twitter:data1\" content=\"0.70&nbsp;&#036;\" \/>\n\t<meta name=\"twitter:label2\" content=\"Availability\" \/>\n\t<meta name=\"twitter:data2\" content=\"In stock\" \/>\n<script type=\"application\/ld+json\" class=\"yoast-schema-graph\">{\"@context\":\"https:\/\/schema.org\",\"@graph\":[{\"@type\":\"WebPage\",\"@id\":\"https:\/\/maison-chance.org\/shop\/san-pham\/banh-so-co-la-chip\",\"url\":\"https:\/\/maison-chance.org\/shop\/san-pham\/banh-so-co-la-chip\",\"name\":\"B\u00e1nh S\u00f4-c\u00f4-la Chip - Nh\u00e0 May M\u1eafn - Maison Chance\",\"isPartOf\":{\"@id\":\"https:\/\/maison-chance.org\/shop\/#website\"},\"primaryImageOfPage\":{\"@id\":\"https:\/\/maison-chance.org\/shop\/san-pham\/banh-so-co-la-chip#primaryimage\"},\"image\":{\"@id\":\"https:\/\/maison-chance.org\/shop\/san-pham\/banh-so-co-la-chip#primaryimage\"},\"thumbnailUrl\":\"https:\/\/maison-chance.org\/shop\/wp-content\/uploads\/2024\/06\/Banh-So-co-la-Chip.jpg\",\"datePublished\":\"2024-06-05T23:39:11+00:00\",\"dateModified\":\"2024-06-05T23:48:51+00:00\",\"description\":\"H\u00e3y \u0111\u1ec3 b\u00e1nh S\u00f4-c\u00f4-la Chip c\u1ee7a Nh\u00e0 May M\u1eafn l\u00e0 \u0111i\u1ec3m s\u00e1ng trong b\u1eefa ti\u1ec7c \u1ea9m th\u1ef1c c\u1ee7a b\u1ea1n, ho\u1eb7c l\u00e0 m\u00f3n qu\u00e0 \u00fd ngh\u0129a d\u00e0nh cho ng\u01b0\u1eddi th\u00e2n v\u00e0 b\u1ea1n b\u00e8\",\"breadcrumb\":{\"@id\":\"https:\/\/maison-chance.org\/shop\/san-pham\/banh-so-co-la-chip#breadcrumb\"},\"inLanguage\":\"vi-VN\",\"potentialAction\":[{\"@type\":\"ReadAction\",\"target\":[\"https:\/\/maison-chance.org\/shop\/san-pham\/banh-so-co-la-chip\"]}]},{\"@type\":\"ImageObject\",\"inLanguage\":\"vi-VN\",\"@id\":\"https:\/\/maison-chance.org\/shop\/san-pham\/banh-so-co-la-chip#primaryimage\",\"url\":\"https:\/\/maison-chance.org\/shop\/wp-content\/uploads\/2024\/06\/Banh-So-co-la-Chip.jpg\",\"contentUrl\":\"https:\/\/maison-chance.org\/shop\/wp-content\/uploads\/2024\/06\/Banh-So-co-la-Chip.jpg\",\"width\":600,\"height\":600,\"caption\":\"B\u00e1nh S\u00f4-c\u00f4-la Chip\"},{\"@type\":\"BreadcrumbList\",\"@id\":\"https:\/\/maison-chance.org\/shop\/san-pham\/banh-so-co-la-chip#breadcrumb\",\"itemListElement\":[{\"@type\":\"ListItem\",\"position\":1,\"name\":\"Trang ch\u1ee7\",\"item\":\"https:\/\/maison-chance.org\/shop\/\"},{\"@type\":\"ListItem\",\"position\":2,\"name\":\"Shop\",\"item\":\"https:\/\/maison-chance.org\/shop\/shop\"},{\"@type\":\"ListItem\",\"position\":3,\"name\":\"B\u00e1nh S\u00f4-c\u00f4-la Chip\"}]},{\"@type\":\"WebSite\",\"@id\":\"https:\/\/maison-chance.org\/shop\/#website\",\"url\":\"https:\/\/maison-chance.org\/shop\/\",\"name\":\"Nh\u00e0 May M\u1eafn - Maison Chance\",\"description\":\"M\u1ecdi l\u1ee3i nhu\u1eadn thu v\u1ec1 t\u1eeb vi\u1ec7c b\u00e1n h\u00e0ng s\u1ebd tr\u00edch m\u1ed9t ph\u1ea7n \u0111\u1ec3 ch\u0103m lo cho \u0111\u1eddi s\u1ed1ng c\u00e1c b\u1ea1n khuy\u1ebft t\u1eadt v\u00e0 tr\u1ebb m\u1ed3 c\u00f4i \u1edf \u0111\u00e2y\",\"publisher\":{\"@id\":\"https:\/\/maison-chance.org\/shop\/#organization\"},\"potentialAction\":[{\"@type\":\"SearchAction\",\"target\":{\"@type\":\"EntryPoint\",\"urlTemplate\":\"https:\/\/maison-chance.org\/shop\/?s={search_term_string}\"},\"query-input\":{\"@type\":\"PropertyValueSpecification\",\"valueRequired\":true,\"valueName\":\"search_term_string\"}}],\"inLanguage\":\"vi-VN\"},{\"@type\":\"Organization\",\"@id\":\"https:\/\/maison-chance.org\/shop\/#organization\",\"name\":\"Nh\u00e0 May M\u1eafn - Maison Chance\",\"url\":\"https:\/\/maison-chance.org\/shop\/\",\"logo\":{\"@type\":\"ImageObject\",\"inLanguage\":\"vi-VN\",\"@id\":\"https:\/\/maison-chance.org\/shop\/#\/schema\/logo\/image\/\",\"url\":\"https:\/\/maison-chance.org\/shop\/wp-content\/uploads\/2024\/03\/cropped-Logo_DNXH.png\",\"contentUrl\":\"https:\/\/maison-chance.org\/shop\/wp-content\/uploads\/2024\/03\/cropped-Logo_DNXH.png\",\"width\":512,\"height\":512,\"caption\":\"Nh\u00e0 May M\u1eafn - Maison Chance\"},\"image\":{\"@id\":\"https:\/\/maison-chance.org\/shop\/#\/schema\/logo\/image\/\"},\"sameAs\":[\"https:\/\/www.facebook.com\/dnxh.nhamayman\/\"]}]}<\/script>\n<meta property=\"product:price:amount\" content=\"0.70\" \/>\n<meta property=\"product:price:currency\" content=\"USD\" \/>\n<meta property=\"og:availability\" content=\"instock\" \/>\n<meta property=\"product:availability\" content=\"instock\" \/>\n<meta property=\"product:condition\" content=\"new\" \/>\n<!-- \/ Yoast SEO Premium plugin. -->","yoast_head_json":{"title":"B\u00e1nh S\u00f4-c\u00f4-la Chip - Nh\u00e0 May M\u1eafn - Maison Chance","description":"H\u00e3y \u0111\u1ec3 b\u00e1nh S\u00f4-c\u00f4-la Chip c\u1ee7a Nh\u00e0 May M\u1eafn l\u00e0 \u0111i\u1ec3m s\u00e1ng trong b\u1eefa ti\u1ec7c \u1ea9m th\u1ef1c c\u1ee7a b\u1ea1n, ho\u1eb7c l\u00e0 m\u00f3n qu\u00e0 \u00fd ngh\u0129a d\u00e0nh cho ng\u01b0\u1eddi th\u00e2n v\u00e0 b\u1ea1n b\u00e8","robots":{"index":"index","follow":"follow","max-snippet":"max-snippet:-1","max-image-preview":"max-image-preview:large","max-video-preview":"max-video-preview:-1"},"canonical":"https:\/\/maison-chance.org\/shop\/san-pham\/banh-so-co-la-chip","og_locale":"vi_VN","og_type":"article","og_title":"B\u00e1nh S\u00f4-c\u00f4-la Chip","og_description":"H\u00e3y \u0111\u1ec3 b\u00e1nh S\u00f4-c\u00f4-la Chip c\u1ee7a Nh\u00e0 May M\u1eafn l\u00e0 \u0111i\u1ec3m s\u00e1ng trong b\u1eefa ti\u1ec7c \u1ea9m th\u1ef1c c\u1ee7a b\u1ea1n, ho\u1eb7c l\u00e0 m\u00f3n qu\u00e0 \u00fd ngh\u0129a d\u00e0nh cho ng\u01b0\u1eddi th\u00e2n v\u00e0 b\u1ea1n b\u00e8","og_url":"https:\/\/maison-chance.org\/shop\/san-pham\/banh-so-co-la-chip","og_site_name":"Nh\u00e0 May M\u1eafn - Maison Chance","article_publisher":"https:\/\/www.facebook.com\/dnxh.nhamayman\/","article_modified_time":"2024-06-05T23:48:51+00:00","og_image":[{"width":600,"height":600,"url":"https:\/\/maison-chance.org\/shop\/wp-content\/uploads\/2024\/06\/Banh-So-co-la-Chip.jpg","type":"image\/jpeg"}],"twitter_card":"summary_large_image","twitter_misc":{"Gi\u00e1":"0.70&nbsp;&#36;","Availability":"In stock"},"schema":{"@context":"https:\/\/schema.org","@graph":[{"@type":"WebPage","@id":"https:\/\/maison-chance.org\/shop\/san-pham\/banh-so-co-la-chip","url":"https:\/\/maison-chance.org\/shop\/san-pham\/banh-so-co-la-chip","name":"B\u00e1nh S\u00f4-c\u00f4-la Chip - Nh\u00e0 May M\u1eafn - Maison Chance","isPartOf":{"@id":"https:\/\/maison-chance.org\/shop\/#website"},"primaryImageOfPage":{"@id":"https:\/\/maison-chance.org\/shop\/san-pham\/banh-so-co-la-chip#primaryimage"},"image":{"@id":"https:\/\/maison-chance.org\/shop\/san-pham\/banh-so-co-la-chip#primaryimage"},"thumbnailUrl":"https:\/\/maison-chance.org\/shop\/wp-content\/uploads\/2024\/06\/Banh-So-co-la-Chip.jpg","datePublished":"2024-06-05T23:39:11+00:00","dateModified":"2024-06-05T23:48:51+00:00","description":"H\u00e3y \u0111\u1ec3 b\u00e1nh S\u00f4-c\u00f4-la Chip c\u1ee7a Nh\u00e0 May M\u1eafn l\u00e0 \u0111i\u1ec3m s\u00e1ng trong b\u1eefa ti\u1ec7c \u1ea9m th\u1ef1c c\u1ee7a b\u1ea1n, ho\u1eb7c l\u00e0 m\u00f3n qu\u00e0 \u00fd ngh\u0129a d\u00e0nh cho ng\u01b0\u1eddi th\u00e2n v\u00e0 b\u1ea1n b\u00e8","breadcrumb":{"@id":"https:\/\/maison-chance.org\/shop\/san-pham\/banh-so-co-la-chip#breadcrumb"},"inLanguage":"vi-VN","potentialAction":[{"@type":"ReadAction","target":["https:\/\/maison-chance.org\/shop\/san-pham\/banh-so-co-la-chip"]}]},{"@type":"ImageObject","inLanguage":"vi-VN","@id":"https:\/\/maison-chance.org\/shop\/san-pham\/banh-so-co-la-chip#primaryimage","url":"https:\/\/maison-chance.org\/shop\/wp-content\/uploads\/2024\/06\/Banh-So-co-la-Chip.jpg","contentUrl":"https:\/\/maison-chance.org\/shop\/wp-content\/uploads\/2024\/06\/Banh-So-co-la-Chip.jpg","width":600,"height":600,"caption":"B\u00e1nh S\u00f4-c\u00f4-la Chip"},{"@type":"BreadcrumbList","@id":"https:\/\/maison-chance.org\/shop\/san-pham\/banh-so-co-la-chip#breadcrumb","itemListElement":[{"@type":"ListItem","position":1,"name":"Trang ch\u1ee7","item":"https:\/\/maison-chance.org\/shop\/"},{"@type":"ListItem","position":2,"name":"Shop","item":"https:\/\/maison-chance.org\/shop\/shop"},{"@type":"ListItem","position":3,"name":"B\u00e1nh S\u00f4-c\u00f4-la Chip"}]},{"@type":"WebSite","@id":"https:\/\/maison-chance.org\/shop\/#website","url":"https:\/\/maison-chance.org\/shop\/","name":"Nh\u00e0 May M\u1eafn - Maison Chance","description":"M\u1ecdi l\u1ee3i nhu\u1eadn thu v\u1ec1 t\u1eeb vi\u1ec7c b\u00e1n h\u00e0ng s\u1ebd tr\u00edch m\u1ed9t ph\u1ea7n \u0111\u1ec3 ch\u0103m lo cho \u0111\u1eddi s\u1ed1ng c\u00e1c b\u1ea1n khuy\u1ebft t\u1eadt v\u00e0 tr\u1ebb m\u1ed3 c\u00f4i \u1edf \u0111\u00e2y","publisher":{"@id":"https:\/\/maison-chance.org\/shop\/#organization"},"potentialAction":[{"@type":"SearchAction","target":{"@type":"EntryPoint","urlTemplate":"https:\/\/maison-chance.org\/shop\/?s={search_term_string}"},"query-input":{"@type":"PropertyValueSpecification","valueRequired":true,"valueName":"search_term_string"}}],"inLanguage":"vi-VN"},{"@type":"Organization","@id":"https:\/\/maison-chance.org\/shop\/#organization","name":"Nh\u00e0 May M\u1eafn - Maison Chance","url":"https:\/\/maison-chance.org\/shop\/","logo":{"@type":"ImageObject","inLanguage":"vi-VN","@id":"https:\/\/maison-chance.org\/shop\/#\/schema\/logo\/image\/","url":"https:\/\/maison-chance.org\/shop\/wp-content\/uploads\/2024\/03\/cropped-Logo_DNXH.png","contentUrl":"https:\/\/maison-chance.org\/shop\/wp-content\/uploads\/2024\/03\/cropped-Logo_DNXH.png","width":512,"height":512,"caption":"Nh\u00e0 May M\u1eafn - Maison Chance"},"image":{"@id":"https:\/\/maison-chance.org\/shop\/#\/schema\/logo\/image\/"},"sameAs":["https:\/\/www.facebook.com\/dnxh.nhamayman\/"]}]},"product_price_amount":"0.70","product_price_currency":"USD","og_availability":"instock","product_availability":"instock","product_condition":"new"},"_links":{"self":[{"href":"https:\/\/maison-chance.org\/shop\/wp-json\/wp\/v2\/product\/39507","targetHints":{"allow":["GET"]}}],"collection":[{"href":"https:\/\/maison-chance.org\/shop\/wp-json\/wp\/v2\/product"}],"about":[{"href":"https:\/\/maison-chance.org\/shop\/wp-json\/wp\/v2\/types\/product"}],"wp:featuredmedia":[{"embeddable":true,"href":"https:\/\/maison-chance.org\/shop\/wp-json\/wp\/v2\/media\/39508"}],"wp:attachment":[{"href":"https:\/\/maison-chance.org\/shop\/wp-json\/wp\/v2\/media?parent=39507"}],"wp:term":[{"taxonomy":"product_brand","embeddable":true,"href":"https:\/\/maison-chance.org\/shop\/wp-json\/wp\/v2\/product_brand?post=39507"},{"taxonomy":"product_cat","embeddable":true,"href":"https:\/\/maison-chance.org\/shop\/wp-json\/wp\/v2\/product_cat?post=39507"},{"taxonomy":"product_tag","embeddable":true,"href":"https:\/\/maison-chance.org\/shop\/wp-json\/wp\/v2\/product_tag?post=39507"}],"curies":[{"name":"wp","href":"https:\/\/api.w.org\/{rel}","templated":true}]}}