{"id":39516,"date":"2024-06-06T07:01:26","date_gmt":"2024-06-06T00:01:26","guid":{"rendered":"https:\/\/maison-chance.org\/shop?post_type=product&#038;p=39516"},"modified":"2024-06-06T07:08:31","modified_gmt":"2024-06-06T00:08:31","slug":"banh-pain-au-so-co-la","status":"publish","type":"product","link":"https:\/\/maison-chance.org\/shop\/san-pham\/banh-pain-au-so-co-la","title":{"rendered":"B\u00e1nh Pain-au S\u00f4-c\u00f4-la"},"content":{"rendered":"<p style=\"text-align: justify;\">N\u1ebfu b\u1ea1n \u0111am m\u00ea v\u1ecb ng\u1ecdt ng\u00e0o c\u1ee7a s\u00f4-c\u00f4-la v\u00e0 s\u1ef1 m\u1ec1m m\u1ecbn c\u1ee7a b\u00e1nh m\u00ec, th\u00ec b\u00e1nh Pain-au S\u00f4-c\u00f4-la ch\u00ednh l\u00e0 l\u1ef1a ch\u1ecdn ho\u00e0n h\u1ea3o d\u00e0nh cho b\u1ea1n. V\u1edbi th\u00e0nh ph\u1ea7n t\u1ef1 nhi\u00ean v\u00e0 h\u01b0\u01a1ng v\u1ecb \u0111\u1ed9c \u0111\u00e1o, s\u1ea3n ph\u1ea9m n\u00e0y kh\u00f4ng ch\u1ec9 l\u00e0m h\u00e0i l\u00f2ng v\u1ecb gi\u00e1c m\u00e0 c\u00f2n l\u00e0 m\u1ed9t l\u1ef1a ch\u1ecdn tuy\u1ec7t v\u1eddi cho b\u1eefa s\u00e1ng ho\u1eb7c gi\u1ea3i kh\u00e1t v\u00e0o b\u1ea5t k\u1ef3 th\u1eddi \u0111i\u1ec3m n\u00e0o trong ng\u00e0y.<\/p>\n<p><strong>H\u01b0\u01a1ng V\u1ecb \u0110\u1eb7c Tr\u01b0ng<\/strong><\/p>\n<p style=\"text-align: justify;\"><a href=\"https:\/\/maison-chance.org\/shop\/san-pham\/banh-pain-au-so-co-la\">B\u00e1nh Pain-au S\u00f4-c\u00f4-la<\/a> l\u00e0 s\u1ef1 k\u1ebft h\u1ee3p tinh t\u1ebf gi\u1eefa b\u1ed9t m\u00ec m\u1ecbn m\u00e0ng, s\u1eefa b\u00e9o ng\u1eady v\u00e0 s\u00f4-c\u00f4-la \u0111\u1eadm \u0111\u00e0. Khi th\u01b0\u1edfng th\u1ee9c, b\u1ea1n s\u1ebd c\u1ea3m nh\u1eadn \u0111\u01b0\u1ee3c h\u01b0\u01a1ng v\u1ecb \u0111\u1eb7c tr\u01b0ng c\u1ee7a b\u1ed9t m\u00ec t\u01b0\u01a1i ngon k\u1ebft h\u1ee3p v\u1edbi \u0111\u1ed9 b\u00e9o c\u1ee7a s\u1eefa v\u00e0 h\u01b0\u01a1ng th\u01a1m quy\u1ebfn r\u0169 c\u1ee7a s\u00f4-c\u00f4-la. M\u1ed7i mi\u1ebfng b\u00e1nh l\u00e0 m\u1ed9t tr\u1ea3i nghi\u1ec7m \u0111\u1ea7y th\u00fa v\u1ecb, khi\u1ebfn b\u1ea1n kh\u00f4ng th\u1ec3 c\u01b0\u1ee1ng l\u1ea1i \u0111\u01b0\u1ee3c.<\/p>\n<p><strong>H\u00e3y \u1ee6ng H\u1ed9 S\u1ea3n Ph\u1ea9m <a href=\"https:\/\/maison-chance.org\/shop\/banh-ngot\">B\u00e1nh Ng\u1ecdt<\/a> C\u1ee7a Nh\u00e0 May M\u1eafn<\/strong><\/p>\n<p style=\"text-align: justify;\">Nh\u00e0 May M\u1eafn t\u1ef1 h\u00e0o gi\u1edbi thi\u1ec7u \u0111\u1ebfn qu\u00fd kh\u00e1ch h\u00e0ng b\u00e1nh Pain-au S\u00f4-c\u00f4-la ch\u1ea5t l\u01b0\u1ee3ng, \u0111\u01b0\u1ee3c l\u00e0m t\u1eeb nh\u1eefng nguy\u00ean li\u1ec7u t\u01b0\u01a1i ngon nh\u1ea5t. Ch\u00fang t\u00f4i cam k\u1ebft mang \u0111\u1ebfn cho qu\u00fd kh\u00e1ch h\u00e0ng nh\u1eefng s\u1ea3n ph\u1ea9m t\u1ed1t nh\u1ea5t, an to\u00e0n v\u00e0 ngon mi\u1ec7ng nh\u1ea5t.<\/p>\n<p style=\"text-align: justify;\">H\u00e3y \u1ee7ng h\u1ed9 <a href=\"https:\/\/maison-chance.org\/shop\/phong-banh\">s\u1ea3n ph\u1ea9m b\u00e1nh c\u1ee7a Nh\u00e0 May M\u1eafn<\/a> \u0111\u1ec3 c\u00f3 tr\u1ea3i nghi\u1ec7m tuy\u1ec7t v\u1eddi v\u00e0 ch\u0103m s\u00f3c s\u1ee9c kh\u1ecfe c\u1ee7a b\u1ea1n. B\u00e1nh Pain-au S\u00f4-c\u00f4-la kh\u00f4ng ch\u1ec9 l\u00e0 m\u1ed9t m\u00f3n \u0103n ngon m\u00e0 c\u00f2n l\u00e0 s\u1ef1 l\u1ef1a ch\u1ecdn \u0111\u00fang \u0111\u1eafn cho m\u1ecdi gia \u0111\u00ecnh.<\/p>\n","protected":false},"excerpt":{"rendered":"<p style=\"text-align: justify;\">S\u1ea3n ph\u1ea9m b\u00e1nh ng\u1ecdt \u0111\u01b0\u1ee3c l\u00e0m t\u1eeb c\u00e1c b\u1ea1n tr\u1ebb m\u1ed3 c\u00f4i hi\u1ec7n \u0111ang \u0111\u01b0\u1ee3c Nh\u00e0 May M\u1eafn &#8211; Maison Chance nu\u00f4i d\u01b0\u1ee1ng. K\u00ednh mong nh\u1eadn \u0111\u01b0\u1ee3c s\u1ef1 \u1ee7ng h\u1ed9 c\u1ee7a Qu\u00fd kh\u00e1ch!<\/p>\n<p>Hotline : <span style=\"font-size: 20px;\"><strong><span style=\"color: #ff0000;\">0909 06 25 28<\/span><\/strong><\/span><\/p>\n","protected":false},"featured_media":39517,"template":"","meta":[],"product_brand":[],"product_cat":[153,150],"product_tag":[],"class_list":{"0":"post-39516","1":"product","2":"type-product","3":"status-publish","4":"has-post-thumbnail","6":"product_cat-banh-ngot","7":"product_cat-phong-banh","9":"first","10":"instock","11":"shipping-taxable","12":"purchasable","13":"product-type-variable"},"yoast_head":"<!-- This site is optimized with the Yoast SEO Premium plugin v22.7 (Yoast SEO v25.3.1) - https:\/\/yoast.com\/wordpress\/plugins\/seo\/ -->\n<title>B\u00e1nh Pain-au S\u00f4-c\u00f4-la - Nh\u00e0 May M\u1eafn - Maison Chance<\/title>\n<meta name=\"description\" content=\"B\u00e1nh Pain-au S\u00f4-c\u00f4-la, b\u00e1nh ng\u1ecdt h\u1ea5p d\u1eabn t\u1eeb b\u1ed9t m\u00ec v\u00e0 s\u00f4-c\u00f4-la, h\u01b0\u01a1ng v\u1ecb \u0111\u1ed9c \u0111\u00e1o, m\u00f3n ngon kh\u00f4ng th\u1ec3 b\u1ecf qua. H\u00e3y \u0111\u1eb7t h\u00e0ng ngay \u0111\u1ec3 th\u01b0\u1edfng th\u1ee9c\" \/>\n<meta name=\"robots\" content=\"index, follow, max-snippet:-1, max-image-preview:large, max-video-preview:-1\" \/>\n<link rel=\"canonical\" href=\"https:\/\/maison-chance.org\/shop\/san-pham\/banh-pain-au-so-co-la\" \/>\n<meta property=\"og:locale\" content=\"vi_VN\" \/>\n<meta property=\"og:type\" content=\"article\" \/>\n<meta property=\"og:title\" content=\"B\u00e1nh Pain-au S\u00f4-c\u00f4-la\" \/>\n<meta property=\"og:description\" content=\"B\u00e1nh Pain-au S\u00f4-c\u00f4-la, b\u00e1nh ng\u1ecdt h\u1ea5p d\u1eabn t\u1eeb b\u1ed9t m\u00ec v\u00e0 s\u00f4-c\u00f4-la, h\u01b0\u01a1ng v\u1ecb \u0111\u1ed9c \u0111\u00e1o, m\u00f3n ngon kh\u00f4ng th\u1ec3 b\u1ecf qua. H\u00e3y \u0111\u1eb7t h\u00e0ng ngay \u0111\u1ec3 th\u01b0\u1edfng th\u1ee9c\" \/>\n<meta property=\"og:url\" content=\"https:\/\/maison-chance.org\/shop\/san-pham\/banh-pain-au-so-co-la\" \/>\n<meta property=\"og:site_name\" content=\"Nh\u00e0 May M\u1eafn - Maison Chance\" \/>\n<meta property=\"article:publisher\" content=\"https:\/\/www.facebook.com\/dnxh.nhamayman\/\" \/>\n<meta property=\"article:modified_time\" content=\"2024-06-06T00:08:31+00:00\" \/>\n<meta property=\"og:image\" content=\"https:\/\/maison-chance.org\/shop\/wp-content\/uploads\/2024\/06\/Banh-Pain-au-So-co-la.jpg\" \/>\n\t<meta property=\"og:image:width\" content=\"600\" \/>\n\t<meta property=\"og:image:height\" content=\"600\" \/>\n\t<meta property=\"og:image:type\" content=\"image\/jpeg\" \/>\n<meta name=\"twitter:card\" content=\"summary_large_image\" \/>\n<meta name=\"twitter:label1\" content=\"Availability\" \/>\n\t<meta name=\"twitter:data1\" content=\"In stock\" \/>\n<script type=\"application\/ld+json\" class=\"yoast-schema-graph\">{\"@context\":\"https:\/\/schema.org\",\"@graph\":[{\"@type\":\"WebPage\",\"@id\":\"https:\/\/maison-chance.org\/shop\/san-pham\/banh-pain-au-so-co-la\",\"url\":\"https:\/\/maison-chance.org\/shop\/san-pham\/banh-pain-au-so-co-la\",\"name\":\"B\u00e1nh Pain-au S\u00f4-c\u00f4-la - Nh\u00e0 May M\u1eafn - Maison Chance\",\"isPartOf\":{\"@id\":\"https:\/\/maison-chance.org\/shop\/#website\"},\"primaryImageOfPage\":{\"@id\":\"https:\/\/maison-chance.org\/shop\/san-pham\/banh-pain-au-so-co-la#primaryimage\"},\"image\":{\"@id\":\"https:\/\/maison-chance.org\/shop\/san-pham\/banh-pain-au-so-co-la#primaryimage\"},\"thumbnailUrl\":\"https:\/\/maison-chance.org\/shop\/wp-content\/uploads\/2024\/06\/Banh-Pain-au-So-co-la.jpg\",\"datePublished\":\"2024-06-06T00:01:26+00:00\",\"dateModified\":\"2024-06-06T00:08:31+00:00\",\"description\":\"B\u00e1nh Pain-au S\u00f4-c\u00f4-la, b\u00e1nh ng\u1ecdt h\u1ea5p d\u1eabn t\u1eeb b\u1ed9t m\u00ec v\u00e0 s\u00f4-c\u00f4-la, h\u01b0\u01a1ng v\u1ecb \u0111\u1ed9c \u0111\u00e1o, m\u00f3n ngon kh\u00f4ng th\u1ec3 b\u1ecf qua. H\u00e3y \u0111\u1eb7t h\u00e0ng ngay \u0111\u1ec3 th\u01b0\u1edfng th\u1ee9c\",\"breadcrumb\":{\"@id\":\"https:\/\/maison-chance.org\/shop\/san-pham\/banh-pain-au-so-co-la#breadcrumb\"},\"inLanguage\":\"vi-VN\",\"potentialAction\":[{\"@type\":\"ReadAction\",\"target\":[\"https:\/\/maison-chance.org\/shop\/san-pham\/banh-pain-au-so-co-la\"]}]},{\"@type\":\"ImageObject\",\"inLanguage\":\"vi-VN\",\"@id\":\"https:\/\/maison-chance.org\/shop\/san-pham\/banh-pain-au-so-co-la#primaryimage\",\"url\":\"https:\/\/maison-chance.org\/shop\/wp-content\/uploads\/2024\/06\/Banh-Pain-au-So-co-la.jpg\",\"contentUrl\":\"https:\/\/maison-chance.org\/shop\/wp-content\/uploads\/2024\/06\/Banh-Pain-au-So-co-la.jpg\",\"width\":600,\"height\":600,\"caption\":\"B\u00e1nh Pain-au S\u00f4-c\u00f4-la\"},{\"@type\":\"BreadcrumbList\",\"@id\":\"https:\/\/maison-chance.org\/shop\/san-pham\/banh-pain-au-so-co-la#breadcrumb\",\"itemListElement\":[{\"@type\":\"ListItem\",\"position\":1,\"name\":\"Trang ch\u1ee7\",\"item\":\"https:\/\/maison-chance.org\/shop\/\"},{\"@type\":\"ListItem\",\"position\":2,\"name\":\"Shop\",\"item\":\"https:\/\/maison-chance.org\/shop\/shop\"},{\"@type\":\"ListItem\",\"position\":3,\"name\":\"B\u00e1nh Pain-au S\u00f4-c\u00f4-la\"}]},{\"@type\":\"WebSite\",\"@id\":\"https:\/\/maison-chance.org\/shop\/#website\",\"url\":\"https:\/\/maison-chance.org\/shop\/\",\"name\":\"Nh\u00e0 May M\u1eafn - Maison Chance\",\"description\":\"M\u1ecdi l\u1ee3i nhu\u1eadn thu v\u1ec1 t\u1eeb vi\u1ec7c b\u00e1n h\u00e0ng s\u1ebd tr\u00edch m\u1ed9t ph\u1ea7n \u0111\u1ec3 ch\u0103m lo cho \u0111\u1eddi s\u1ed1ng c\u00e1c b\u1ea1n khuy\u1ebft t\u1eadt v\u00e0 tr\u1ebb m\u1ed3 c\u00f4i \u1edf \u0111\u00e2y\",\"publisher\":{\"@id\":\"https:\/\/maison-chance.org\/shop\/#organization\"},\"potentialAction\":[{\"@type\":\"SearchAction\",\"target\":{\"@type\":\"EntryPoint\",\"urlTemplate\":\"https:\/\/maison-chance.org\/shop\/?s={search_term_string}\"},\"query-input\":{\"@type\":\"PropertyValueSpecification\",\"valueRequired\":true,\"valueName\":\"search_term_string\"}}],\"inLanguage\":\"vi-VN\"},{\"@type\":\"Organization\",\"@id\":\"https:\/\/maison-chance.org\/shop\/#organization\",\"name\":\"Nh\u00e0 May M\u1eafn - Maison Chance\",\"url\":\"https:\/\/maison-chance.org\/shop\/\",\"logo\":{\"@type\":\"ImageObject\",\"inLanguage\":\"vi-VN\",\"@id\":\"https:\/\/maison-chance.org\/shop\/#\/schema\/logo\/image\/\",\"url\":\"https:\/\/maison-chance.org\/shop\/wp-content\/uploads\/2024\/03\/cropped-Logo_DNXH.png\",\"contentUrl\":\"https:\/\/maison-chance.org\/shop\/wp-content\/uploads\/2024\/03\/cropped-Logo_DNXH.png\",\"width\":512,\"height\":512,\"caption\":\"Nh\u00e0 May M\u1eafn - Maison Chance\"},\"image\":{\"@id\":\"https:\/\/maison-chance.org\/shop\/#\/schema\/logo\/image\/\"},\"sameAs\":[\"https:\/\/www.facebook.com\/dnxh.nhamayman\/\"]}]}<\/script>\n<meta property=\"og:availability\" content=\"instock\" \/>\n<meta property=\"product:availability\" content=\"instock\" \/>\n<meta property=\"product:condition\" content=\"new\" \/>\n<!-- \/ Yoast SEO Premium plugin. -->","yoast_head_json":{"title":"B\u00e1nh Pain-au S\u00f4-c\u00f4-la - Nh\u00e0 May M\u1eafn - Maison Chance","description":"B\u00e1nh Pain-au S\u00f4-c\u00f4-la, b\u00e1nh ng\u1ecdt h\u1ea5p d\u1eabn t\u1eeb b\u1ed9t m\u00ec v\u00e0 s\u00f4-c\u00f4-la, h\u01b0\u01a1ng v\u1ecb \u0111\u1ed9c \u0111\u00e1o, m\u00f3n ngon kh\u00f4ng th\u1ec3 b\u1ecf qua. H\u00e3y \u0111\u1eb7t h\u00e0ng ngay \u0111\u1ec3 th\u01b0\u1edfng th\u1ee9c","robots":{"index":"index","follow":"follow","max-snippet":"max-snippet:-1","max-image-preview":"max-image-preview:large","max-video-preview":"max-video-preview:-1"},"canonical":"https:\/\/maison-chance.org\/shop\/san-pham\/banh-pain-au-so-co-la","og_locale":"vi_VN","og_type":"article","og_title":"B\u00e1nh Pain-au S\u00f4-c\u00f4-la","og_description":"B\u00e1nh Pain-au S\u00f4-c\u00f4-la, b\u00e1nh ng\u1ecdt h\u1ea5p d\u1eabn t\u1eeb b\u1ed9t m\u00ec v\u00e0 s\u00f4-c\u00f4-la, h\u01b0\u01a1ng v\u1ecb \u0111\u1ed9c \u0111\u00e1o, m\u00f3n ngon kh\u00f4ng th\u1ec3 b\u1ecf qua. H\u00e3y \u0111\u1eb7t h\u00e0ng ngay \u0111\u1ec3 th\u01b0\u1edfng th\u1ee9c","og_url":"https:\/\/maison-chance.org\/shop\/san-pham\/banh-pain-au-so-co-la","og_site_name":"Nh\u00e0 May M\u1eafn - Maison Chance","article_publisher":"https:\/\/www.facebook.com\/dnxh.nhamayman\/","article_modified_time":"2024-06-06T00:08:31+00:00","og_image":[{"width":600,"height":600,"url":"https:\/\/maison-chance.org\/shop\/wp-content\/uploads\/2024\/06\/Banh-Pain-au-So-co-la.jpg","type":"image\/jpeg"}],"twitter_card":"summary_large_image","twitter_misc":{"Availability":"In stock"},"schema":{"@context":"https:\/\/schema.org","@graph":[{"@type":"WebPage","@id":"https:\/\/maison-chance.org\/shop\/san-pham\/banh-pain-au-so-co-la","url":"https:\/\/maison-chance.org\/shop\/san-pham\/banh-pain-au-so-co-la","name":"B\u00e1nh Pain-au S\u00f4-c\u00f4-la - Nh\u00e0 May M\u1eafn - Maison Chance","isPartOf":{"@id":"https:\/\/maison-chance.org\/shop\/#website"},"primaryImageOfPage":{"@id":"https:\/\/maison-chance.org\/shop\/san-pham\/banh-pain-au-so-co-la#primaryimage"},"image":{"@id":"https:\/\/maison-chance.org\/shop\/san-pham\/banh-pain-au-so-co-la#primaryimage"},"thumbnailUrl":"https:\/\/maison-chance.org\/shop\/wp-content\/uploads\/2024\/06\/Banh-Pain-au-So-co-la.jpg","datePublished":"2024-06-06T00:01:26+00:00","dateModified":"2024-06-06T00:08:31+00:00","description":"B\u00e1nh Pain-au S\u00f4-c\u00f4-la, b\u00e1nh ng\u1ecdt h\u1ea5p d\u1eabn t\u1eeb b\u1ed9t m\u00ec v\u00e0 s\u00f4-c\u00f4-la, h\u01b0\u01a1ng v\u1ecb \u0111\u1ed9c \u0111\u00e1o, m\u00f3n ngon kh\u00f4ng th\u1ec3 b\u1ecf qua. H\u00e3y \u0111\u1eb7t h\u00e0ng ngay \u0111\u1ec3 th\u01b0\u1edfng th\u1ee9c","breadcrumb":{"@id":"https:\/\/maison-chance.org\/shop\/san-pham\/banh-pain-au-so-co-la#breadcrumb"},"inLanguage":"vi-VN","potentialAction":[{"@type":"ReadAction","target":["https:\/\/maison-chance.org\/shop\/san-pham\/banh-pain-au-so-co-la"]}]},{"@type":"ImageObject","inLanguage":"vi-VN","@id":"https:\/\/maison-chance.org\/shop\/san-pham\/banh-pain-au-so-co-la#primaryimage","url":"https:\/\/maison-chance.org\/shop\/wp-content\/uploads\/2024\/06\/Banh-Pain-au-So-co-la.jpg","contentUrl":"https:\/\/maison-chance.org\/shop\/wp-content\/uploads\/2024\/06\/Banh-Pain-au-So-co-la.jpg","width":600,"height":600,"caption":"B\u00e1nh Pain-au S\u00f4-c\u00f4-la"},{"@type":"BreadcrumbList","@id":"https:\/\/maison-chance.org\/shop\/san-pham\/banh-pain-au-so-co-la#breadcrumb","itemListElement":[{"@type":"ListItem","position":1,"name":"Trang ch\u1ee7","item":"https:\/\/maison-chance.org\/shop\/"},{"@type":"ListItem","position":2,"name":"Shop","item":"https:\/\/maison-chance.org\/shop\/shop"},{"@type":"ListItem","position":3,"name":"B\u00e1nh Pain-au S\u00f4-c\u00f4-la"}]},{"@type":"WebSite","@id":"https:\/\/maison-chance.org\/shop\/#website","url":"https:\/\/maison-chance.org\/shop\/","name":"Nh\u00e0 May M\u1eafn - Maison Chance","description":"M\u1ecdi l\u1ee3i nhu\u1eadn thu v\u1ec1 t\u1eeb vi\u1ec7c b\u00e1n h\u00e0ng s\u1ebd tr\u00edch m\u1ed9t ph\u1ea7n \u0111\u1ec3 ch\u0103m lo cho \u0111\u1eddi s\u1ed1ng c\u00e1c b\u1ea1n khuy\u1ebft t\u1eadt v\u00e0 tr\u1ebb m\u1ed3 c\u00f4i \u1edf \u0111\u00e2y","publisher":{"@id":"https:\/\/maison-chance.org\/shop\/#organization"},"potentialAction":[{"@type":"SearchAction","target":{"@type":"EntryPoint","urlTemplate":"https:\/\/maison-chance.org\/shop\/?s={search_term_string}"},"query-input":{"@type":"PropertyValueSpecification","valueRequired":true,"valueName":"search_term_string"}}],"inLanguage":"vi-VN"},{"@type":"Organization","@id":"https:\/\/maison-chance.org\/shop\/#organization","name":"Nh\u00e0 May M\u1eafn - Maison Chance","url":"https:\/\/maison-chance.org\/shop\/","logo":{"@type":"ImageObject","inLanguage":"vi-VN","@id":"https:\/\/maison-chance.org\/shop\/#\/schema\/logo\/image\/","url":"https:\/\/maison-chance.org\/shop\/wp-content\/uploads\/2024\/03\/cropped-Logo_DNXH.png","contentUrl":"https:\/\/maison-chance.org\/shop\/wp-content\/uploads\/2024\/03\/cropped-Logo_DNXH.png","width":512,"height":512,"caption":"Nh\u00e0 May M\u1eafn - Maison Chance"},"image":{"@id":"https:\/\/maison-chance.org\/shop\/#\/schema\/logo\/image\/"},"sameAs":["https:\/\/www.facebook.com\/dnxh.nhamayman\/"]}]},"og_availability":"instock","product_availability":"instock","product_condition":"new"},"_links":{"self":[{"href":"https:\/\/maison-chance.org\/shop\/wp-json\/wp\/v2\/product\/39516","targetHints":{"allow":["GET"]}}],"collection":[{"href":"https:\/\/maison-chance.org\/shop\/wp-json\/wp\/v2\/product"}],"about":[{"href":"https:\/\/maison-chance.org\/shop\/wp-json\/wp\/v2\/types\/product"}],"wp:featuredmedia":[{"embeddable":true,"href":"https:\/\/maison-chance.org\/shop\/wp-json\/wp\/v2\/media\/39517"}],"wp:attachment":[{"href":"https:\/\/maison-chance.org\/shop\/wp-json\/wp\/v2\/media?parent=39516"}],"wp:term":[{"taxonomy":"product_brand","embeddable":true,"href":"https:\/\/maison-chance.org\/shop\/wp-json\/wp\/v2\/product_brand?post=39516"},{"taxonomy":"product_cat","embeddable":true,"href":"https:\/\/maison-chance.org\/shop\/wp-json\/wp\/v2\/product_cat?post=39516"},{"taxonomy":"product_tag","embeddable":true,"href":"https:\/\/maison-chance.org\/shop\/wp-json\/wp\/v2\/product_tag?post=39516"}],"curies":[{"name":"wp","href":"https:\/\/api.w.org\/{rel}","templated":true}]}}