{"id":39537,"date":"2024-06-06T07:27:04","date_gmt":"2024-06-06T00:27:04","guid":{"rendered":"https:\/\/maison-chance.org\/shop?post_type=product&#038;p=39537"},"modified":"2024-06-06T07:28:31","modified_gmt":"2024-06-06T00:28:31","slug":"banh-su-kem","status":"publish","type":"product","link":"https:\/\/maison-chance.org\/shop\/san-pham\/banh-su-kem","title":{"rendered":"B\u00e1nh su kem"},"content":{"rendered":"<p style=\"text-align: justify;\">Trong th\u1ebf gi\u1edbi <a href=\"https:\/\/maison-chance.org\/shop\/banh-ngot\">b\u00e1nh ng\u1ecdt<\/a> \u0111a d\u1ea1ng, b\u00e1nh su kem t\u1eeb Nh\u00e0 May M\u1eafn \u0111\u00e3 nhanh ch\u00f3ng chi\u1ebfm \u0111\u01b0\u1ee3c c\u1ea3m t\u00ecnh c\u1ee7a th\u1ef1c kh\u00e1ch b\u1edfi s\u1ef1 k\u1ebft h\u1ee3p tinh t\u1ebf gi\u1eefa v\u1ecb ng\u1ecdt c\u1ee7a kem v\u00e0 s\u00f4 c\u00f4 la, c\u00f9ng v\u1edbi s\u1ef1 b\u00e9o ng\u1eady c\u1ee7a b\u01a1 v\u00e0 s\u1ef1 m\u1ec1m m\u1ecbn c\u1ee7a b\u1ed9t m\u00ec. \u0110\u00e2y kh\u00f4ng ch\u1ec9 l\u00e0 m\u1ed9t m\u00f3n tr\u00e1ng mi\u1ec7ng ngon m\u1eaft m\u00e0 c\u00f2n l\u00e0 s\u1ef1 b\u1ed5 sung n\u0103ng l\u01b0\u1ee3ng tuy\u1ec7t v\u1eddi trong m\u1ed7i b\u1eefa \u0103n.<\/p>\n<p><strong>H\u01b0\u01a1ng V\u1ecb Tuy\u1ec7t V\u1eddi c\u1ee7a B\u00e1nh Su Kem<\/strong><\/p>\n<p style=\"text-align: justify;\">Khi b\u1ea1n c\u1eafn v\u00e0o m\u1ed9t chi\u1ebfc <a href=\"https:\/\/maison-chance.org\/shop\/san-pham\/banh-su-kem\">b\u00e1nh su kem<\/a>, h\u01b0\u01a1ng v\u1ecb s\u00f4 c\u00f4 la th\u01a1m ng\u00e1t s\u1ebd l\u00e0m cho b\u1ea1n kh\u00f4ng th\u1ec3 c\u01b0\u1ee1ng l\u1ea1i \u0111\u01b0\u1ee3c. S\u1ef1 pha tr\u1ed9n ho\u00e0n h\u1ea3o gi\u1eefa v\u1ecb ng\u1ecdt c\u1ee7a s\u00f4 c\u00f4 la v\u00e0 v\u1ecb b\u00e9o c\u1ee7a kem s\u1ebd khi\u1ebfn cho m\u1ed7i mi\u1ebfng b\u00e1nh tr\u1edf n\u00ean \u0111\u1eb7c bi\u1ec7t. B\u00ean c\u1ea1nh \u0111\u00f3, \u0111\u1ed9 m\u1ec1m m\u1ecbn c\u1ee7a b\u00e1nh c\u00f9ng v\u1edbi s\u1ef1 ng\u1ecdt ng\u00e0o t\u1eeb \u0111\u01b0\u1eddng s\u1ebd l\u00e0m cho b\u1ea1n tan ch\u1ea3y trong t\u1eebng kho\u1ea3nh kh\u1eafc th\u01b0\u1edfng th\u1ee9c.<\/p>\n<p><strong>H\u00e3y \u1ee6ng H\u1ed9 S\u1ea3n Ph\u1ea9m B\u00e1nh c\u1ee7a Nh\u00e0 May M\u1eafn<\/strong><\/p>\n<p style=\"text-align: justify;\">V\u1edbi ch\u1ea5t l\u01b0\u1ee3ng \u0111\u01b0\u1ee3c \u0111\u1ea3m b\u1ea3o v\u00e0 kh\u1ea9u v\u1ecb tuy\u1ec7t v\u1eddi, B\u00e1nh Su Kem t\u1eeb Nh\u00e0 May M\u1eafn l\u00e0 l\u1ef1a ch\u1ecdn ho\u00e0n h\u1ea3o cho m\u1ed7i d\u1ecbp. H\u00e3y d\u00e0nh th\u1eddi gian c\u00f9ng gia \u0111\u00ecnh v\u00e0 b\u1ea1n b\u00e8 th\u01b0\u1edfng th\u1ee9c nh\u1eefng chi\u1ebfc b\u00e1nh ng\u1ecdt n\u00e0y, v\u00e0 b\u1ea1n s\u1ebd h\u00e0i l\u00f2ng v\u1ec1 quy\u1ebft \u0111\u1ecbnh c\u1ee7a m\u00ecnh.<\/p>\n<p><strong>\u0110\u1eb7t H\u00e0ng Ngay H\u00f4m Nay!<\/strong><\/p>\n<p style=\"text-align: justify;\">N\u1ebfu b\u1ea1n \u0111ang t\u00ecm ki\u1ebfm m\u1ed9t m\u00f3n tr\u00e1ng mi\u1ec7ng \u0111\u1ed9c \u0111\u00e1o v\u00e0 ngon mi\u1ec7ng, h\u00e3y \u0111\u1eb7t h\u00e0ng <a href=\"https:\/\/maison-chance.org\/shop\/phong-banh\">b\u00e1nh su kem Nh\u00e0 May M\u1eafn<\/a> ngay h\u00f4m nay! \u0110\u1eebng b\u1ecf l\u1ee1 c\u01a1 h\u1ed9i th\u01b0\u1edfng th\u1ee9c h\u01b0\u01a1ng v\u1ecb tuy\u1ec7t v\u1eddi n\u00e0y v\u00e0 \u1ee7ng h\u1ed9 s\u1ea3n ph\u1ea9m b\u00e1nh c\u1ee7a ch\u00fang t\u00f4i.<\/p>\n","protected":false},"excerpt":{"rendered":"<p style=\"text-align: justify;\">S\u1ea3n ph\u1ea9m b\u00e1nh ng\u1ecdt \u0111\u01b0\u1ee3c l\u00e0m t\u1eeb c\u00e1c b\u1ea1n tr\u1ebb m\u1ed3 c\u00f4i hi\u1ec7n \u0111ang \u0111\u01b0\u1ee3c Nh\u00e0 May M\u1eafn &#8211; Maison Chance nu\u00f4i d\u01b0\u1ee1ng. K\u00ednh mong nh\u1eadn \u0111\u01b0\u1ee3c s\u1ef1 \u1ee7ng h\u1ed9 c\u1ee7a Qu\u00fd kh\u00e1ch!<\/p>\n<p>Hotline : <span style=\"font-size: 20px;\"><strong><span style=\"color: #ff0000;\">0909 06 25 28<\/span><\/strong><\/span><\/p>\n","protected":false},"featured_media":39538,"template":"","meta":[],"product_brand":[],"product_cat":[153,150],"product_tag":[],"class_list":{"0":"post-39537","1":"product","2":"type-product","3":"status-publish","4":"has-post-thumbnail","6":"product_cat-banh-ngot","7":"product_cat-phong-banh","9":"first","10":"instock","11":"shipping-taxable","12":"purchasable","13":"product-type-simple"},"yoast_head":"<!-- This site is optimized with the Yoast SEO Premium plugin v22.7 (Yoast SEO v25.3.1) - https:\/\/yoast.com\/wordpress\/plugins\/seo\/ -->\n<title>B\u00e1nh su kem - Nh\u00e0 May M\u1eafn - Maison Chance<\/title>\n<meta name=\"description\" content=\"B\u00e1nh Su Kem l\u00e0 m\u1ed9t trong nh\u1eefng m\u00f3n \u0111\u1eb7c s\u1ea3n kh\u00f4ng th\u1ec3 thi\u1ebfu trong th\u1ef1c \u0111\u01a1n c\u1ee7a b\u1ea5t k\u1ef3 bu\u1ed5i ti\u1ec7c n\u00e0o. Th\u00e0nh ph\u1ea7n: b\u1ed9t m\u00ec, b\u01a1, s\u1eefa, tr\u1ee9ng, \u0111\u01b0\u1eddng v\u00e0 s\u00f4 c\u00f4 la\" \/>\n<meta name=\"robots\" content=\"index, follow, max-snippet:-1, max-image-preview:large, max-video-preview:-1\" \/>\n<link rel=\"canonical\" href=\"https:\/\/maison-chance.org\/shop\/san-pham\/banh-su-kem\" \/>\n<meta property=\"og:locale\" content=\"vi_VN\" \/>\n<meta property=\"og:type\" content=\"article\" \/>\n<meta property=\"og:title\" content=\"B\u00e1nh su kem\" \/>\n<meta property=\"og:description\" content=\"B\u00e1nh Su Kem l\u00e0 m\u1ed9t trong nh\u1eefng m\u00f3n \u0111\u1eb7c s\u1ea3n kh\u00f4ng th\u1ec3 thi\u1ebfu trong th\u1ef1c \u0111\u01a1n c\u1ee7a b\u1ea5t k\u1ef3 bu\u1ed5i ti\u1ec7c n\u00e0o. Th\u00e0nh ph\u1ea7n: b\u1ed9t m\u00ec, b\u01a1, s\u1eefa, tr\u1ee9ng, \u0111\u01b0\u1eddng v\u00e0 s\u00f4 c\u00f4 la\" \/>\n<meta property=\"og:url\" content=\"https:\/\/maison-chance.org\/shop\/san-pham\/banh-su-kem\" \/>\n<meta property=\"og:site_name\" content=\"Nh\u00e0 May M\u1eafn - Maison Chance\" \/>\n<meta property=\"article:publisher\" content=\"https:\/\/www.facebook.com\/dnxh.nhamayman\/\" \/>\n<meta property=\"article:modified_time\" content=\"2024-06-06T00:28:31+00:00\" \/>\n<meta property=\"og:image\" content=\"https:\/\/maison-chance.org\/shop\/wp-content\/uploads\/2024\/06\/Banh-su-kem.jpg\" \/>\n\t<meta property=\"og:image:width\" content=\"600\" \/>\n\t<meta property=\"og:image:height\" content=\"600\" \/>\n\t<meta property=\"og:image:type\" content=\"image\/jpeg\" \/>\n<meta name=\"twitter:card\" content=\"summary_large_image\" \/>\n<meta name=\"twitter:label1\" content=\"Gi\u00e1\" \/>\n\t<meta name=\"twitter:data1\" content=\"0.40&nbsp;&#036;\" \/>\n\t<meta name=\"twitter:label2\" content=\"Availability\" \/>\n\t<meta name=\"twitter:data2\" content=\"In stock\" \/>\n<script type=\"application\/ld+json\" class=\"yoast-schema-graph\">{\"@context\":\"https:\/\/schema.org\",\"@graph\":[{\"@type\":\"WebPage\",\"@id\":\"https:\/\/maison-chance.org\/shop\/san-pham\/banh-su-kem\",\"url\":\"https:\/\/maison-chance.org\/shop\/san-pham\/banh-su-kem\",\"name\":\"B\u00e1nh su kem - Nh\u00e0 May M\u1eafn - Maison Chance\",\"isPartOf\":{\"@id\":\"https:\/\/maison-chance.org\/shop\/#website\"},\"primaryImageOfPage\":{\"@id\":\"https:\/\/maison-chance.org\/shop\/san-pham\/banh-su-kem#primaryimage\"},\"image\":{\"@id\":\"https:\/\/maison-chance.org\/shop\/san-pham\/banh-su-kem#primaryimage\"},\"thumbnailUrl\":\"https:\/\/maison-chance.org\/shop\/wp-content\/uploads\/2024\/06\/Banh-su-kem.jpg\",\"datePublished\":\"2024-06-06T00:27:04+00:00\",\"dateModified\":\"2024-06-06T00:28:31+00:00\",\"description\":\"B\u00e1nh Su Kem l\u00e0 m\u1ed9t trong nh\u1eefng m\u00f3n \u0111\u1eb7c s\u1ea3n kh\u00f4ng th\u1ec3 thi\u1ebfu trong th\u1ef1c \u0111\u01a1n c\u1ee7a b\u1ea5t k\u1ef3 bu\u1ed5i ti\u1ec7c n\u00e0o. Th\u00e0nh ph\u1ea7n: b\u1ed9t m\u00ec, b\u01a1, s\u1eefa, tr\u1ee9ng, \u0111\u01b0\u1eddng v\u00e0 s\u00f4 c\u00f4 la\",\"breadcrumb\":{\"@id\":\"https:\/\/maison-chance.org\/shop\/san-pham\/banh-su-kem#breadcrumb\"},\"inLanguage\":\"vi-VN\",\"potentialAction\":[{\"@type\":\"ReadAction\",\"target\":[\"https:\/\/maison-chance.org\/shop\/san-pham\/banh-su-kem\"]}]},{\"@type\":\"ImageObject\",\"inLanguage\":\"vi-VN\",\"@id\":\"https:\/\/maison-chance.org\/shop\/san-pham\/banh-su-kem#primaryimage\",\"url\":\"https:\/\/maison-chance.org\/shop\/wp-content\/uploads\/2024\/06\/Banh-su-kem.jpg\",\"contentUrl\":\"https:\/\/maison-chance.org\/shop\/wp-content\/uploads\/2024\/06\/Banh-su-kem.jpg\",\"width\":600,\"height\":600,\"caption\":\"B\u00e1nh su kem\"},{\"@type\":\"BreadcrumbList\",\"@id\":\"https:\/\/maison-chance.org\/shop\/san-pham\/banh-su-kem#breadcrumb\",\"itemListElement\":[{\"@type\":\"ListItem\",\"position\":1,\"name\":\"Trang ch\u1ee7\",\"item\":\"https:\/\/maison-chance.org\/shop\/\"},{\"@type\":\"ListItem\",\"position\":2,\"name\":\"Shop\",\"item\":\"https:\/\/maison-chance.org\/shop\/shop\"},{\"@type\":\"ListItem\",\"position\":3,\"name\":\"B\u00e1nh su kem\"}]},{\"@type\":\"WebSite\",\"@id\":\"https:\/\/maison-chance.org\/shop\/#website\",\"url\":\"https:\/\/maison-chance.org\/shop\/\",\"name\":\"Nh\u00e0 May M\u1eafn - Maison Chance\",\"description\":\"M\u1ecdi l\u1ee3i nhu\u1eadn thu v\u1ec1 t\u1eeb vi\u1ec7c b\u00e1n h\u00e0ng s\u1ebd tr\u00edch m\u1ed9t ph\u1ea7n \u0111\u1ec3 ch\u0103m lo cho \u0111\u1eddi s\u1ed1ng c\u00e1c b\u1ea1n khuy\u1ebft t\u1eadt v\u00e0 tr\u1ebb m\u1ed3 c\u00f4i \u1edf \u0111\u00e2y\",\"publisher\":{\"@id\":\"https:\/\/maison-chance.org\/shop\/#organization\"},\"potentialAction\":[{\"@type\":\"SearchAction\",\"target\":{\"@type\":\"EntryPoint\",\"urlTemplate\":\"https:\/\/maison-chance.org\/shop\/?s={search_term_string}\"},\"query-input\":{\"@type\":\"PropertyValueSpecification\",\"valueRequired\":true,\"valueName\":\"search_term_string\"}}],\"inLanguage\":\"vi-VN\"},{\"@type\":\"Organization\",\"@id\":\"https:\/\/maison-chance.org\/shop\/#organization\",\"name\":\"Nh\u00e0 May M\u1eafn - Maison Chance\",\"url\":\"https:\/\/maison-chance.org\/shop\/\",\"logo\":{\"@type\":\"ImageObject\",\"inLanguage\":\"vi-VN\",\"@id\":\"https:\/\/maison-chance.org\/shop\/#\/schema\/logo\/image\/\",\"url\":\"https:\/\/maison-chance.org\/shop\/wp-content\/uploads\/2024\/03\/cropped-Logo_DNXH.png\",\"contentUrl\":\"https:\/\/maison-chance.org\/shop\/wp-content\/uploads\/2024\/03\/cropped-Logo_DNXH.png\",\"width\":512,\"height\":512,\"caption\":\"Nh\u00e0 May M\u1eafn - Maison Chance\"},\"image\":{\"@id\":\"https:\/\/maison-chance.org\/shop\/#\/schema\/logo\/image\/\"},\"sameAs\":[\"https:\/\/www.facebook.com\/dnxh.nhamayman\/\"]}]}<\/script>\n<meta property=\"product:price:amount\" content=\"0.40\" \/>\n<meta property=\"product:price:currency\" content=\"USD\" \/>\n<meta property=\"og:availability\" content=\"instock\" \/>\n<meta property=\"product:availability\" content=\"instock\" \/>\n<meta property=\"product:condition\" content=\"new\" \/>\n<!-- \/ Yoast SEO Premium plugin. -->","yoast_head_json":{"title":"B\u00e1nh su kem - Nh\u00e0 May M\u1eafn - Maison Chance","description":"B\u00e1nh Su Kem l\u00e0 m\u1ed9t trong nh\u1eefng m\u00f3n \u0111\u1eb7c s\u1ea3n kh\u00f4ng th\u1ec3 thi\u1ebfu trong th\u1ef1c \u0111\u01a1n c\u1ee7a b\u1ea5t k\u1ef3 bu\u1ed5i ti\u1ec7c n\u00e0o. Th\u00e0nh ph\u1ea7n: b\u1ed9t m\u00ec, b\u01a1, s\u1eefa, tr\u1ee9ng, \u0111\u01b0\u1eddng v\u00e0 s\u00f4 c\u00f4 la","robots":{"index":"index","follow":"follow","max-snippet":"max-snippet:-1","max-image-preview":"max-image-preview:large","max-video-preview":"max-video-preview:-1"},"canonical":"https:\/\/maison-chance.org\/shop\/san-pham\/banh-su-kem","og_locale":"vi_VN","og_type":"article","og_title":"B\u00e1nh su kem","og_description":"B\u00e1nh Su Kem l\u00e0 m\u1ed9t trong nh\u1eefng m\u00f3n \u0111\u1eb7c s\u1ea3n kh\u00f4ng th\u1ec3 thi\u1ebfu trong th\u1ef1c \u0111\u01a1n c\u1ee7a b\u1ea5t k\u1ef3 bu\u1ed5i ti\u1ec7c n\u00e0o. Th\u00e0nh ph\u1ea7n: b\u1ed9t m\u00ec, b\u01a1, s\u1eefa, tr\u1ee9ng, \u0111\u01b0\u1eddng v\u00e0 s\u00f4 c\u00f4 la","og_url":"https:\/\/maison-chance.org\/shop\/san-pham\/banh-su-kem","og_site_name":"Nh\u00e0 May M\u1eafn - Maison Chance","article_publisher":"https:\/\/www.facebook.com\/dnxh.nhamayman\/","article_modified_time":"2024-06-06T00:28:31+00:00","og_image":[{"width":600,"height":600,"url":"https:\/\/maison-chance.org\/shop\/wp-content\/uploads\/2024\/06\/Banh-su-kem.jpg","type":"image\/jpeg"}],"twitter_card":"summary_large_image","twitter_misc":{"Gi\u00e1":"0.40&nbsp;&#36;","Availability":"In stock"},"schema":{"@context":"https:\/\/schema.org","@graph":[{"@type":"WebPage","@id":"https:\/\/maison-chance.org\/shop\/san-pham\/banh-su-kem","url":"https:\/\/maison-chance.org\/shop\/san-pham\/banh-su-kem","name":"B\u00e1nh su kem - Nh\u00e0 May M\u1eafn - Maison Chance","isPartOf":{"@id":"https:\/\/maison-chance.org\/shop\/#website"},"primaryImageOfPage":{"@id":"https:\/\/maison-chance.org\/shop\/san-pham\/banh-su-kem#primaryimage"},"image":{"@id":"https:\/\/maison-chance.org\/shop\/san-pham\/banh-su-kem#primaryimage"},"thumbnailUrl":"https:\/\/maison-chance.org\/shop\/wp-content\/uploads\/2024\/06\/Banh-su-kem.jpg","datePublished":"2024-06-06T00:27:04+00:00","dateModified":"2024-06-06T00:28:31+00:00","description":"B\u00e1nh Su Kem l\u00e0 m\u1ed9t trong nh\u1eefng m\u00f3n \u0111\u1eb7c s\u1ea3n kh\u00f4ng th\u1ec3 thi\u1ebfu trong th\u1ef1c \u0111\u01a1n c\u1ee7a b\u1ea5t k\u1ef3 bu\u1ed5i ti\u1ec7c n\u00e0o. Th\u00e0nh ph\u1ea7n: b\u1ed9t m\u00ec, b\u01a1, s\u1eefa, tr\u1ee9ng, \u0111\u01b0\u1eddng v\u00e0 s\u00f4 c\u00f4 la","breadcrumb":{"@id":"https:\/\/maison-chance.org\/shop\/san-pham\/banh-su-kem#breadcrumb"},"inLanguage":"vi-VN","potentialAction":[{"@type":"ReadAction","target":["https:\/\/maison-chance.org\/shop\/san-pham\/banh-su-kem"]}]},{"@type":"ImageObject","inLanguage":"vi-VN","@id":"https:\/\/maison-chance.org\/shop\/san-pham\/banh-su-kem#primaryimage","url":"https:\/\/maison-chance.org\/shop\/wp-content\/uploads\/2024\/06\/Banh-su-kem.jpg","contentUrl":"https:\/\/maison-chance.org\/shop\/wp-content\/uploads\/2024\/06\/Banh-su-kem.jpg","width":600,"height":600,"caption":"B\u00e1nh su kem"},{"@type":"BreadcrumbList","@id":"https:\/\/maison-chance.org\/shop\/san-pham\/banh-su-kem#breadcrumb","itemListElement":[{"@type":"ListItem","position":1,"name":"Trang ch\u1ee7","item":"https:\/\/maison-chance.org\/shop\/"},{"@type":"ListItem","position":2,"name":"Shop","item":"https:\/\/maison-chance.org\/shop\/shop"},{"@type":"ListItem","position":3,"name":"B\u00e1nh su kem"}]},{"@type":"WebSite","@id":"https:\/\/maison-chance.org\/shop\/#website","url":"https:\/\/maison-chance.org\/shop\/","name":"Nh\u00e0 May M\u1eafn - Maison Chance","description":"M\u1ecdi l\u1ee3i nhu\u1eadn thu v\u1ec1 t\u1eeb vi\u1ec7c b\u00e1n h\u00e0ng s\u1ebd tr\u00edch m\u1ed9t ph\u1ea7n \u0111\u1ec3 ch\u0103m lo cho \u0111\u1eddi s\u1ed1ng c\u00e1c b\u1ea1n khuy\u1ebft t\u1eadt v\u00e0 tr\u1ebb m\u1ed3 c\u00f4i \u1edf \u0111\u00e2y","publisher":{"@id":"https:\/\/maison-chance.org\/shop\/#organization"},"potentialAction":[{"@type":"SearchAction","target":{"@type":"EntryPoint","urlTemplate":"https:\/\/maison-chance.org\/shop\/?s={search_term_string}"},"query-input":{"@type":"PropertyValueSpecification","valueRequired":true,"valueName":"search_term_string"}}],"inLanguage":"vi-VN"},{"@type":"Organization","@id":"https:\/\/maison-chance.org\/shop\/#organization","name":"Nh\u00e0 May M\u1eafn - Maison Chance","url":"https:\/\/maison-chance.org\/shop\/","logo":{"@type":"ImageObject","inLanguage":"vi-VN","@id":"https:\/\/maison-chance.org\/shop\/#\/schema\/logo\/image\/","url":"https:\/\/maison-chance.org\/shop\/wp-content\/uploads\/2024\/03\/cropped-Logo_DNXH.png","contentUrl":"https:\/\/maison-chance.org\/shop\/wp-content\/uploads\/2024\/03\/cropped-Logo_DNXH.png","width":512,"height":512,"caption":"Nh\u00e0 May M\u1eafn - Maison Chance"},"image":{"@id":"https:\/\/maison-chance.org\/shop\/#\/schema\/logo\/image\/"},"sameAs":["https:\/\/www.facebook.com\/dnxh.nhamayman\/"]}]},"product_price_amount":"0.40","product_price_currency":"USD","og_availability":"instock","product_availability":"instock","product_condition":"new"},"_links":{"self":[{"href":"https:\/\/maison-chance.org\/shop\/wp-json\/wp\/v2\/product\/39537","targetHints":{"allow":["GET"]}}],"collection":[{"href":"https:\/\/maison-chance.org\/shop\/wp-json\/wp\/v2\/product"}],"about":[{"href":"https:\/\/maison-chance.org\/shop\/wp-json\/wp\/v2\/types\/product"}],"wp:featuredmedia":[{"embeddable":true,"href":"https:\/\/maison-chance.org\/shop\/wp-json\/wp\/v2\/media\/39538"}],"wp:attachment":[{"href":"https:\/\/maison-chance.org\/shop\/wp-json\/wp\/v2\/media?parent=39537"}],"wp:term":[{"taxonomy":"product_brand","embeddable":true,"href":"https:\/\/maison-chance.org\/shop\/wp-json\/wp\/v2\/product_brand?post=39537"},{"taxonomy":"product_cat","embeddable":true,"href":"https:\/\/maison-chance.org\/shop\/wp-json\/wp\/v2\/product_cat?post=39537"},{"taxonomy":"product_tag","embeddable":true,"href":"https:\/\/maison-chance.org\/shop\/wp-json\/wp\/v2\/product_tag?post=39537"}],"curies":[{"name":"wp","href":"https:\/\/api.w.org\/{rel}","templated":true}]}}