{"id":39766,"date":"2024-06-08T11:59:34","date_gmt":"2024-06-08T04:59:34","guid":{"rendered":"https:\/\/maison-chance.org\/shop?post_type=product&#038;p=39766"},"modified":"2024-11-12T10:48:26","modified_gmt":"2024-11-12T03:48:26","slug":"tui-thoi-trang-fbje10","status":"publish","type":"product","link":"https:\/\/maison-chance.org\/shop\/san-pham\/tui-thoi-trang-fbje10","title":{"rendered":"T\u00fai th\u1eddi trang FBJE10"},"content":{"rendered":"<p style=\"text-align: justify\"><a href=\"https:\/\/maison-chance.org\/shop\/san-pham\/tui-thoi-trang-fbje10\">T\u00fai x\u00e1ch th\u1eddi trang FBJE10<\/a> l\u00e0 m\u1ed9t m\u00f3n ph\u1ee5 ki\u1ec7n l\u00fd t\u01b0\u1edfng kh\u00f4ng th\u1ec3 thi\u1ebfu cho nh\u1eefng ai \u0111am m\u00ea phong c\u00e1ch n\u0103ng \u0111\u1ed9ng v\u00e0 hi\u1ec7n \u0111\u1ea1i. V\u1edbi ch\u1ea5t li\u1ec7u v\u1ea3i jean b\u1ec1n b\u1ec9 c\u00f9ng k\u00edch th\u01b0\u1edbc r\u1ed9ng r\u00e3i 33,3 x 40,6 cm, chi\u1ebfc t\u00fai mang \u0111\u1ebfn s\u1ef1 ti\u1ec7n d\u1ee5ng v\u00e0 tho\u1ea3i m\u00e1i cho b\u1ea5t k\u1ef3 ai s\u1edf h\u1eefu. \u0110\u1eb7c bi\u1ec7t, t\u00fai x\u00e1ch FBJE10 kh\u00f4ng ch\u1ec9 l\u00e0 m\u1ed9t s\u1ea3n ph\u1ea9m th\u1eddi trang th\u00f4ng th\u01b0\u1eddng m\u00e0 c\u00f2n l\u00e0 th\u00e0nh qu\u1ea3 lao \u0111\u1ed9ng ch\u0103m ch\u1ec9 v\u00e0 kh\u00e9o l\u00e9o c\u1ee7a nh\u1eefng ng\u01b0\u1eddi khuy\u1ebft t\u1eadt t\u1eeb Nh\u00e0 May M\u1eafn.<\/p>\n<p style=\"text-align: justify\">V\u1edbi k\u00edch th\u01b0\u1edbc r\u1ed9ng r\u00e3i v\u00e0 ch\u1ea5t li\u1ec7u jean b\u1ec1n ch\u1eafc, <a href=\"https:\/\/maison-chance.org\/shop\/tui-xach\">t\u00fai x\u00e1ch v\u1ea3i jean<\/a> FBJE10 d\u1ec5 d\u00e0ng ph\u00f9 h\u1ee3p cho nhi\u1ec1u m\u1ee5c \u0111\u00edch kh\u00e1c nhau. D\u00f9 l\u00e0 \u0111\u1ef1ng s\u00e1ch v\u1edf, m\u00e1y t\u00ednh b\u1ea3ng hay c\u00e1c v\u1eadt d\u1ee5ng h\u00e0ng ng\u00e0y, t\u00fai lu\u00f4n \u0111\u1ea3m b\u1ea3o \u0111\u1ed9 b\u1ec1n ch\u1eafc, \u0111\u1ed3ng h\u00e0nh c\u00f9ng b\u1ea1n t\u1eeb c\u00f4ng s\u1edf, tr\u01b0\u1eddng h\u1ecdc \u0111\u1ebfn nh\u1eefng bu\u1ed5i d\u1ea1o ch\u01a1i cu\u1ed1i tu\u1ea7n. S\u1ef1 tinh t\u1ebf trong t\u1eebng \u0111\u01b0\u1eddng may gi\u00fap t\u00fai FBJE10 d\u1ec5 d\u00e0ng k\u1ebft h\u1ee3p v\u1edbi nhi\u1ec1u phong c\u00e1ch, t\u1eeb tr\u1ebb trung, n\u0103ng \u0111\u1ed9ng \u0111\u1ebfn thanh l\u1ecbch, sang tr\u1ecdng.<\/p>\n<p style=\"text-align: justify\">Kh\u00f4ng d\u1eebng l\u1ea1i \u1edf m\u1ed9t s\u1ea3n ph\u1ea9m th\u1eddi trang, m\u1ed7i chi\u1ebfc t\u00fai FBJE10 c\u00f2n mang theo m\u1ed9t c\u00e2u chuy\u1ec7n \u0111\u1ea7y \u00fd ngh\u0129a v\u1ec1 s\u1ef1 y\u00eau th\u01b0\u01a1ng v\u00e0 s\u1ebb chia. Khi b\u1ea1n ch\u1ecdn mua m\u1ed9t chi\u1ebfc t\u00fai t\u1eeb Nh\u00e0 May M\u1eafn, b\u1ea1n kh\u00f4ng ch\u1ec9 s\u1edf h\u1eefu m\u1ed9t s\u1ea3n ph\u1ea9m \u0111\u1eb9p m\u00e0 c\u00f2n g\u00f3p ph\u1ea7n t\u1ea1o c\u00f4ng \u0103n vi\u1ec7c l\u00e0m v\u00e0 lan t\u1ecfa ni\u1ec1m hy v\u1ecdng cho ng\u01b0\u1eddi khuy\u1ebft t\u1eadt, gi\u00fap h\u1ecd v\u01b0\u01a1n l\u00ean trong cu\u1ed9c s\u1ed1ng. H\u00e3y tr\u1edf th\u00e0nh m\u1ed9t ph\u1ea7n c\u1ee7a h\u00e0nh tr\u00ecnh \u0111\u1ea7y \u00fd ngh\u0129a n\u00e0y b\u1eb1ng c\u00e1ch \u1ee7ng h\u1ed9 <a href=\"https:\/\/maison-chance.org\/shop\/phong-may\">s\u1ea3n ph\u1ea9m t\u00fai x\u00e1ch<\/a> FBJE10.<\/p>\n<p style=\"text-align: justify\">H\u00e3y mua ngay h\u00f4m nay \u0111\u1ec3 c\u00f9ng ch\u00fang t\u00f4i lan t\u1ecfa th\u00f4ng \u0111i\u1ec7p y\u00eau th\u01b0\u01a1ng v\u00e0 x\u00e2y d\u1ef1ng tinh th\u1ea7n tr\u00e1ch nhi\u1ec7m v\u1edbi x\u00e3 h\u1ed9i nh\u00e9!<\/p>\n","protected":false},"excerpt":{"rendered":"<p style=\"text-align: justify\">S\u1ea3n ph\u1ea9m do c\u00e1c b\u1ea1n khuy\u1ebft t\u1eadt k\u00e9m may m\u1eafn s\u1ea3n xu\u1ea5t th\u1ee7 c\u00f4ng k\u00ednh mong nh\u1eadn \u0111\u01b0\u1ee3c s\u1ef1 \u1ee7ng h\u1ed9 c\u1ee7a Qu\u00fd kh\u00e1ch h\u00e0ng.<\/p>\n<p>Ch\u1ea5t li\u1ec7u:V\u1ea3i jean<\/p>\n<p>K\u00edch th\u01b0\u1edbc : 37,5 x 45,5 cm<\/p>\n<p>Code: J14TX<\/p>\n<p>Hotline : <span style=\"font-size: 20px\"><strong><span style=\"color: #ff0000\">0909 06 25 28<\/span><\/strong><\/span><\/p>\n<p style=\"text-align: justify\">N\u1ebfu b\u1ea1n \u1edf Vi\u1ec7t Nam vui l\u00f2ng li\u00ean h\u1ec7 ch\u00fang t\u00f4i theo s\u1ed1 hotline ho\u1eb7c fanpage doanh nghi\u1ec7p Nh\u00e0 May M\u1eafn ch\u00fang t\u00f4i \u0111\u1ec3 bi\u1ebft gi\u00e1 b\u00e1n t\u1ea1i Vi\u1ec7t Nam.<\/p>\n","protected":false},"featured_media":39767,"template":"","meta":[],"product_brand":[],"product_cat":[137,141],"product_tag":[],"class_list":{"0":"post-39766","1":"product","2":"type-product","3":"status-publish","4":"has-post-thumbnail","6":"product_cat-phong-may","7":"product_cat-tui-xach","9":"first","10":"instock","11":"shipping-taxable","12":"purchasable","13":"product-type-simple"},"yoast_head":"<!-- This site is optimized with the Yoast SEO Premium plugin v22.7 (Yoast SEO v25.3.1) - https:\/\/yoast.com\/wordpress\/plugins\/seo\/ -->\n<title>T\u00fai th\u1eddi trang FBJE10 - T\u00fai x\u00e1ch th\u1ed5 c\u1ea9m - Nh\u00e0 May M\u1eafn - Maison Chance<\/title>\n<meta name=\"description\" content=\"T\u00fai x\u00e1ch th\u1eddi trang FBJE10 l\u00e0 m\u1ed9t m\u00f3n ph\u1ee5 ki\u1ec7n kh\u00f4ng th\u1ec3 thi\u1ebfu cho nh\u1eefng ai y\u00eau th\u00edch phong c\u00e1ch n\u0103ng \u0111\u1ed9ng v\u00e0 hi\u1ec7n \u0111\u1ea1i. C\u00f3 k\u00edch th\u01b0\u1edbc 33,3 x 40,6 cm\" \/>\n<meta name=\"robots\" content=\"index, follow, max-snippet:-1, max-image-preview:large, max-video-preview:-1\" \/>\n<link rel=\"canonical\" href=\"https:\/\/maison-chance.org\/shop\/san-pham\/tui-thoi-trang-fbje10\" \/>\n<meta property=\"og:locale\" content=\"vi_VN\" \/>\n<meta property=\"og:type\" content=\"article\" \/>\n<meta property=\"og:title\" content=\"T\u00fai th\u1eddi trang FBJE10\" \/>\n<meta property=\"og:description\" content=\"T\u00fai x\u00e1ch th\u1eddi trang FBJE10 l\u00e0 m\u1ed9t m\u00f3n ph\u1ee5 ki\u1ec7n kh\u00f4ng th\u1ec3 thi\u1ebfu cho nh\u1eefng ai y\u00eau th\u00edch phong c\u00e1ch n\u0103ng \u0111\u1ed9ng v\u00e0 hi\u1ec7n \u0111\u1ea1i. C\u00f3 k\u00edch th\u01b0\u1edbc 33,3 x 40,6 cm\" \/>\n<meta property=\"og:url\" content=\"https:\/\/maison-chance.org\/shop\/san-pham\/tui-thoi-trang-fbje10\" \/>\n<meta property=\"og:site_name\" content=\"Nh\u00e0 May M\u1eafn - Maison Chance\" \/>\n<meta property=\"article:publisher\" content=\"https:\/\/www.facebook.com\/dnxh.nhamayman\/\" \/>\n<meta property=\"article:modified_time\" content=\"2024-11-12T03:48:26+00:00\" \/>\n<meta property=\"og:image\" content=\"https:\/\/maison-chance.org\/shop\/wp-content\/uploads\/2024\/06\/tui-thoi-trang-fbje10.jpg\" \/>\n\t<meta property=\"og:image:width\" content=\"600\" \/>\n\t<meta property=\"og:image:height\" content=\"600\" \/>\n\t<meta property=\"og:image:type\" content=\"image\/jpeg\" \/>\n<meta name=\"twitter:card\" content=\"summary_large_image\" \/>\n<meta name=\"twitter:label1\" content=\"Gi\u00e1\" \/>\n\t<meta name=\"twitter:data1\" content=\"15.50&nbsp;&#036;\" \/>\n\t<meta name=\"twitter:label2\" content=\"Availability\" \/>\n\t<meta name=\"twitter:data2\" content=\"In stock\" \/>\n<script type=\"application\/ld+json\" class=\"yoast-schema-graph\">{\"@context\":\"https:\/\/schema.org\",\"@graph\":[{\"@type\":\"WebPage\",\"@id\":\"https:\/\/maison-chance.org\/shop\/san-pham\/tui-thoi-trang-fbje10\",\"url\":\"https:\/\/maison-chance.org\/shop\/san-pham\/tui-thoi-trang-fbje10\",\"name\":\"T\u00fai th\u1eddi trang FBJE10 - T\u00fai x\u00e1ch th\u1ed5 c\u1ea9m - Nh\u00e0 May M\u1eafn - Maison Chance\",\"isPartOf\":{\"@id\":\"https:\/\/maison-chance.org\/shop\/#website\"},\"primaryImageOfPage\":{\"@id\":\"https:\/\/maison-chance.org\/shop\/san-pham\/tui-thoi-trang-fbje10#primaryimage\"},\"image\":{\"@id\":\"https:\/\/maison-chance.org\/shop\/san-pham\/tui-thoi-trang-fbje10#primaryimage\"},\"thumbnailUrl\":\"https:\/\/maison-chance.org\/shop\/wp-content\/uploads\/2024\/06\/tui-thoi-trang-fbje10.jpg\",\"datePublished\":\"2024-06-08T04:59:34+00:00\",\"dateModified\":\"2024-11-12T03:48:26+00:00\",\"description\":\"T\u00fai x\u00e1ch th\u1eddi trang FBJE10 l\u00e0 m\u1ed9t m\u00f3n ph\u1ee5 ki\u1ec7n kh\u00f4ng th\u1ec3 thi\u1ebfu cho nh\u1eefng ai y\u00eau th\u00edch phong c\u00e1ch n\u0103ng \u0111\u1ed9ng v\u00e0 hi\u1ec7n \u0111\u1ea1i. C\u00f3 k\u00edch th\u01b0\u1edbc 33,3 x 40,6 cm\",\"breadcrumb\":{\"@id\":\"https:\/\/maison-chance.org\/shop\/san-pham\/tui-thoi-trang-fbje10#breadcrumb\"},\"inLanguage\":\"vi-VN\",\"potentialAction\":[{\"@type\":\"ReadAction\",\"target\":[\"https:\/\/maison-chance.org\/shop\/san-pham\/tui-thoi-trang-fbje10\"]}]},{\"@type\":\"ImageObject\",\"inLanguage\":\"vi-VN\",\"@id\":\"https:\/\/maison-chance.org\/shop\/san-pham\/tui-thoi-trang-fbje10#primaryimage\",\"url\":\"https:\/\/maison-chance.org\/shop\/wp-content\/uploads\/2024\/06\/tui-thoi-trang-fbje10.jpg\",\"contentUrl\":\"https:\/\/maison-chance.org\/shop\/wp-content\/uploads\/2024\/06\/tui-thoi-trang-fbje10.jpg\",\"width\":600,\"height\":600,\"caption\":\"T\u00fai th\u1eddi trang FBJE10\"},{\"@type\":\"BreadcrumbList\",\"@id\":\"https:\/\/maison-chance.org\/shop\/san-pham\/tui-thoi-trang-fbje10#breadcrumb\",\"itemListElement\":[{\"@type\":\"ListItem\",\"position\":1,\"name\":\"Trang ch\u1ee7\",\"item\":\"https:\/\/maison-chance.org\/shop\/\"},{\"@type\":\"ListItem\",\"position\":2,\"name\":\"Shop\",\"item\":\"https:\/\/maison-chance.org\/shop\/shop\"},{\"@type\":\"ListItem\",\"position\":3,\"name\":\"T\u00fai th\u1eddi trang FBJE10\"}]},{\"@type\":\"WebSite\",\"@id\":\"https:\/\/maison-chance.org\/shop\/#website\",\"url\":\"https:\/\/maison-chance.org\/shop\/\",\"name\":\"Nh\u00e0 May M\u1eafn - Maison Chance\",\"description\":\"M\u1ecdi l\u1ee3i nhu\u1eadn thu v\u1ec1 t\u1eeb vi\u1ec7c b\u00e1n h\u00e0ng s\u1ebd tr\u00edch m\u1ed9t ph\u1ea7n \u0111\u1ec3 ch\u0103m lo cho \u0111\u1eddi s\u1ed1ng c\u00e1c b\u1ea1n khuy\u1ebft t\u1eadt v\u00e0 tr\u1ebb m\u1ed3 c\u00f4i \u1edf \u0111\u00e2y\",\"publisher\":{\"@id\":\"https:\/\/maison-chance.org\/shop\/#organization\"},\"potentialAction\":[{\"@type\":\"SearchAction\",\"target\":{\"@type\":\"EntryPoint\",\"urlTemplate\":\"https:\/\/maison-chance.org\/shop\/?s={search_term_string}\"},\"query-input\":{\"@type\":\"PropertyValueSpecification\",\"valueRequired\":true,\"valueName\":\"search_term_string\"}}],\"inLanguage\":\"vi-VN\"},{\"@type\":\"Organization\",\"@id\":\"https:\/\/maison-chance.org\/shop\/#organization\",\"name\":\"Nh\u00e0 May M\u1eafn - Maison Chance\",\"url\":\"https:\/\/maison-chance.org\/shop\/\",\"logo\":{\"@type\":\"ImageObject\",\"inLanguage\":\"vi-VN\",\"@id\":\"https:\/\/maison-chance.org\/shop\/#\/schema\/logo\/image\/\",\"url\":\"https:\/\/maison-chance.org\/shop\/wp-content\/uploads\/2024\/03\/cropped-Logo_DNXH.png\",\"contentUrl\":\"https:\/\/maison-chance.org\/shop\/wp-content\/uploads\/2024\/03\/cropped-Logo_DNXH.png\",\"width\":512,\"height\":512,\"caption\":\"Nh\u00e0 May M\u1eafn - Maison Chance\"},\"image\":{\"@id\":\"https:\/\/maison-chance.org\/shop\/#\/schema\/logo\/image\/\"},\"sameAs\":[\"https:\/\/www.facebook.com\/dnxh.nhamayman\/\"]}]}<\/script>\n<meta property=\"product:price:amount\" content=\"15.50\" \/>\n<meta property=\"product:price:currency\" content=\"USD\" \/>\n<meta property=\"og:availability\" content=\"instock\" \/>\n<meta property=\"product:availability\" content=\"instock\" \/>\n<meta property=\"product:condition\" content=\"new\" \/>\n<!-- \/ Yoast SEO Premium plugin. -->","yoast_head_json":{"title":"T\u00fai th\u1eddi trang FBJE10 - T\u00fai x\u00e1ch th\u1ed5 c\u1ea9m - Nh\u00e0 May M\u1eafn - Maison Chance","description":"T\u00fai x\u00e1ch th\u1eddi trang FBJE10 l\u00e0 m\u1ed9t m\u00f3n ph\u1ee5 ki\u1ec7n kh\u00f4ng th\u1ec3 thi\u1ebfu cho nh\u1eefng ai y\u00eau th\u00edch phong c\u00e1ch n\u0103ng \u0111\u1ed9ng v\u00e0 hi\u1ec7n \u0111\u1ea1i. C\u00f3 k\u00edch th\u01b0\u1edbc 33,3 x 40,6 cm","robots":{"index":"index","follow":"follow","max-snippet":"max-snippet:-1","max-image-preview":"max-image-preview:large","max-video-preview":"max-video-preview:-1"},"canonical":"https:\/\/maison-chance.org\/shop\/san-pham\/tui-thoi-trang-fbje10","og_locale":"vi_VN","og_type":"article","og_title":"T\u00fai th\u1eddi trang FBJE10","og_description":"T\u00fai x\u00e1ch th\u1eddi trang FBJE10 l\u00e0 m\u1ed9t m\u00f3n ph\u1ee5 ki\u1ec7n kh\u00f4ng th\u1ec3 thi\u1ebfu cho nh\u1eefng ai y\u00eau th\u00edch phong c\u00e1ch n\u0103ng \u0111\u1ed9ng v\u00e0 hi\u1ec7n \u0111\u1ea1i. C\u00f3 k\u00edch th\u01b0\u1edbc 33,3 x 40,6 cm","og_url":"https:\/\/maison-chance.org\/shop\/san-pham\/tui-thoi-trang-fbje10","og_site_name":"Nh\u00e0 May M\u1eafn - Maison Chance","article_publisher":"https:\/\/www.facebook.com\/dnxh.nhamayman\/","article_modified_time":"2024-11-12T03:48:26+00:00","og_image":[{"width":600,"height":600,"url":"https:\/\/maison-chance.org\/shop\/wp-content\/uploads\/2024\/06\/tui-thoi-trang-fbje10.jpg","type":"image\/jpeg"}],"twitter_card":"summary_large_image","twitter_misc":{"Gi\u00e1":"15.50&nbsp;&#36;","Availability":"In stock"},"schema":{"@context":"https:\/\/schema.org","@graph":[{"@type":"WebPage","@id":"https:\/\/maison-chance.org\/shop\/san-pham\/tui-thoi-trang-fbje10","url":"https:\/\/maison-chance.org\/shop\/san-pham\/tui-thoi-trang-fbje10","name":"T\u00fai th\u1eddi trang FBJE10 - T\u00fai x\u00e1ch th\u1ed5 c\u1ea9m - Nh\u00e0 May M\u1eafn - Maison Chance","isPartOf":{"@id":"https:\/\/maison-chance.org\/shop\/#website"},"primaryImageOfPage":{"@id":"https:\/\/maison-chance.org\/shop\/san-pham\/tui-thoi-trang-fbje10#primaryimage"},"image":{"@id":"https:\/\/maison-chance.org\/shop\/san-pham\/tui-thoi-trang-fbje10#primaryimage"},"thumbnailUrl":"https:\/\/maison-chance.org\/shop\/wp-content\/uploads\/2024\/06\/tui-thoi-trang-fbje10.jpg","datePublished":"2024-06-08T04:59:34+00:00","dateModified":"2024-11-12T03:48:26+00:00","description":"T\u00fai x\u00e1ch th\u1eddi trang FBJE10 l\u00e0 m\u1ed9t m\u00f3n ph\u1ee5 ki\u1ec7n kh\u00f4ng th\u1ec3 thi\u1ebfu cho nh\u1eefng ai y\u00eau th\u00edch phong c\u00e1ch n\u0103ng \u0111\u1ed9ng v\u00e0 hi\u1ec7n \u0111\u1ea1i. C\u00f3 k\u00edch th\u01b0\u1edbc 33,3 x 40,6 cm","breadcrumb":{"@id":"https:\/\/maison-chance.org\/shop\/san-pham\/tui-thoi-trang-fbje10#breadcrumb"},"inLanguage":"vi-VN","potentialAction":[{"@type":"ReadAction","target":["https:\/\/maison-chance.org\/shop\/san-pham\/tui-thoi-trang-fbje10"]}]},{"@type":"ImageObject","inLanguage":"vi-VN","@id":"https:\/\/maison-chance.org\/shop\/san-pham\/tui-thoi-trang-fbje10#primaryimage","url":"https:\/\/maison-chance.org\/shop\/wp-content\/uploads\/2024\/06\/tui-thoi-trang-fbje10.jpg","contentUrl":"https:\/\/maison-chance.org\/shop\/wp-content\/uploads\/2024\/06\/tui-thoi-trang-fbje10.jpg","width":600,"height":600,"caption":"T\u00fai th\u1eddi trang FBJE10"},{"@type":"BreadcrumbList","@id":"https:\/\/maison-chance.org\/shop\/san-pham\/tui-thoi-trang-fbje10#breadcrumb","itemListElement":[{"@type":"ListItem","position":1,"name":"Trang ch\u1ee7","item":"https:\/\/maison-chance.org\/shop\/"},{"@type":"ListItem","position":2,"name":"Shop","item":"https:\/\/maison-chance.org\/shop\/shop"},{"@type":"ListItem","position":3,"name":"T\u00fai th\u1eddi trang FBJE10"}]},{"@type":"WebSite","@id":"https:\/\/maison-chance.org\/shop\/#website","url":"https:\/\/maison-chance.org\/shop\/","name":"Nh\u00e0 May M\u1eafn - Maison Chance","description":"M\u1ecdi l\u1ee3i nhu\u1eadn thu v\u1ec1 t\u1eeb vi\u1ec7c b\u00e1n h\u00e0ng s\u1ebd tr\u00edch m\u1ed9t ph\u1ea7n \u0111\u1ec3 ch\u0103m lo cho \u0111\u1eddi s\u1ed1ng c\u00e1c b\u1ea1n khuy\u1ebft t\u1eadt v\u00e0 tr\u1ebb m\u1ed3 c\u00f4i \u1edf \u0111\u00e2y","publisher":{"@id":"https:\/\/maison-chance.org\/shop\/#organization"},"potentialAction":[{"@type":"SearchAction","target":{"@type":"EntryPoint","urlTemplate":"https:\/\/maison-chance.org\/shop\/?s={search_term_string}"},"query-input":{"@type":"PropertyValueSpecification","valueRequired":true,"valueName":"search_term_string"}}],"inLanguage":"vi-VN"},{"@type":"Organization","@id":"https:\/\/maison-chance.org\/shop\/#organization","name":"Nh\u00e0 May M\u1eafn - Maison Chance","url":"https:\/\/maison-chance.org\/shop\/","logo":{"@type":"ImageObject","inLanguage":"vi-VN","@id":"https:\/\/maison-chance.org\/shop\/#\/schema\/logo\/image\/","url":"https:\/\/maison-chance.org\/shop\/wp-content\/uploads\/2024\/03\/cropped-Logo_DNXH.png","contentUrl":"https:\/\/maison-chance.org\/shop\/wp-content\/uploads\/2024\/03\/cropped-Logo_DNXH.png","width":512,"height":512,"caption":"Nh\u00e0 May M\u1eafn - Maison Chance"},"image":{"@id":"https:\/\/maison-chance.org\/shop\/#\/schema\/logo\/image\/"},"sameAs":["https:\/\/www.facebook.com\/dnxh.nhamayman\/"]}]},"product_price_amount":"15.50","product_price_currency":"USD","og_availability":"instock","product_availability":"instock","product_condition":"new"},"_links":{"self":[{"href":"https:\/\/maison-chance.org\/shop\/wp-json\/wp\/v2\/product\/39766","targetHints":{"allow":["GET"]}}],"collection":[{"href":"https:\/\/maison-chance.org\/shop\/wp-json\/wp\/v2\/product"}],"about":[{"href":"https:\/\/maison-chance.org\/shop\/wp-json\/wp\/v2\/types\/product"}],"wp:featuredmedia":[{"embeddable":true,"href":"https:\/\/maison-chance.org\/shop\/wp-json\/wp\/v2\/media\/39767"}],"wp:attachment":[{"href":"https:\/\/maison-chance.org\/shop\/wp-json\/wp\/v2\/media?parent=39766"}],"wp:term":[{"taxonomy":"product_brand","embeddable":true,"href":"https:\/\/maison-chance.org\/shop\/wp-json\/wp\/v2\/product_brand?post=39766"},{"taxonomy":"product_cat","embeddable":true,"href":"https:\/\/maison-chance.org\/shop\/wp-json\/wp\/v2\/product_cat?post=39766"},{"taxonomy":"product_tag","embeddable":true,"href":"https:\/\/maison-chance.org\/shop\/wp-json\/wp\/v2\/product_tag?post=39766"}],"curies":[{"name":"wp","href":"https:\/\/api.w.org\/{rel}","templated":true}]}}