{"id":39779,"date":"2024-06-14T02:06:20","date_gmt":"2024-06-13T19:06:20","guid":{"rendered":"https:\/\/maison-chance.org\/shop?post_type=product&#038;p=39779"},"modified":"2024-11-12T10:55:16","modified_gmt":"2024-11-12T03:55:16","slug":"tui-thoi-trang-fbjetc08","status":"publish","type":"product","link":"https:\/\/maison-chance.org\/shop\/san-pham\/tui-thoi-trang-fbjetc08","title":{"rendered":"T\u00fai th\u1eddi trang FBJETC08"},"content":{"rendered":"<p style=\"text-align: justify\"><a href=\"https:\/\/maison-chance.org\/shop\/san-pham\/tui-thoi-trang-fbje08\">T\u00fai x\u00e1ch th\u1eddi trang FBJETC08<\/a> kh\u00f4ng ch\u1ec9 l\u00e0 m\u1ed9t m\u00f3n ph\u1ee5 ki\u1ec7n ho\u00e0n h\u1ea3o cho m\u1ecdi trang ph\u1ee5c m\u00e0 c\u00f2n mang trong m\u00ecnh c\u00e2u chuy\u1ec7n \u0111\u1ea7y \u00fd ngh\u0129a. \u0110\u01b0\u1ee3c ch\u1ebf t\u00e1c t\u1eeb s\u1ef1 k\u1ebft h\u1ee3p \u0111\u1ed9c \u0111\u00e1o gi\u1eefa ch\u1ea5t li\u1ec7u v\u1ea3i jean b\u1ec1n b\u1ec9 v\u00e0 h\u1ecda ti\u1ebft th\u1ed5 c\u1ea9m tinh t\u1ebf, chi\u1ebfc t\u00fai mang l\u1ea1i v\u1ebb \u0111\u1eb9p tr\u1ebb trung, n\u0103ng \u0111\u1ed9ng, \u0111\u1ed3ng th\u1eddi v\u1eabn to\u00e1t l\u00ean n\u00e9t thanh l\u1ecbch ri\u00eang bi\u1ec7t. V\u1edbi k\u00edch th\u01b0\u1edbc r\u1ed9ng r\u00e3i 33,3 x 40,6 cm, FBJETC08 l\u00e0 l\u1ef1a ch\u1ecdn l\u00fd t\u01b0\u1edfng \u0111\u1ec3 b\u1ea1n \u0111\u1ef1ng m\u1ecdi v\u1eadt d\u1ee5ng c\u1ea7n thi\u1ebft cho ng\u00e0y d\u00e0i.<\/p>\n<p style=\"text-align: justify\">M\u1ed7i chi\u1ebfc t\u00fai x\u00e1ch FBJETC08 \u0111\u1ec1u \u0111\u01b0\u1ee3c may th\u1ee7 c\u00f4ng b\u1edfi nh\u1eefng ng\u01b0\u1eddi khuy\u1ebft t\u1eadt t\u1ea1i Nh\u00e0 May M\u1eafn, n\u01a1i nh\u1eefng ng\u01b0\u1eddi c\u00f3 ho\u00e0n c\u1ea3nh \u0111\u1eb7c bi\u1ec7t \u0111\u01b0\u1ee3c h\u1ecdc t\u1eadp v\u00e0 l\u00e0m vi\u1ec7c \u0111\u1ec3 t\u1ef1 l\u1eadp v\u00e0 ph\u00e1t tri\u1ec3n b\u1ea3n th\u00e2n. M\u00e3 s\u1ea3n ph\u1ea9m J13TX l\u00e0 minh ch\u1ee9ng cho s\u1ef1 t\u1ec9 m\u1ec9 v\u00e0 kh\u00e9o l\u00e9o trong t\u1eebng \u0111\u01b0\u1eddng kim m\u0169i ch\u1ec9, \u0111em \u0111\u1ebfn cho b\u1ea1n m\u1ed9t s\u1ea3n ph\u1ea9m kh\u00f4ng ch\u1ec9 th\u1eddi trang m\u00e0 c\u00f2n mang gi\u00e1 tr\u1ecb x\u00e3 h\u1ed9i s\u00e2u s\u1eafc.<\/p>\n<p style=\"text-align: justify\">T\u00fai x\u00e1ch FBJETC08 l\u00e0 ng\u01b0\u1eddi b\u1ea1n \u0111\u1ed3ng h\u00e0nh l\u00fd t\u01b0\u1edfng cho m\u1ecdi d\u1ecbp g\u1eb7p g\u1ee1 \u2013 t\u1eeb c\u00f4ng s\u1edf, gi\u1ea3ng \u0111\u01b0\u1eddng \u0111\u1ebfn nh\u1eefng bu\u1ed5i d\u1ea1o ph\u1ed1 th\u01b0 gi\u00e3n c\u00f9ng b\u1ea1n b\u00e8. S\u1ef1 k\u1ebft h\u1ee3p h\u00e0i h\u00f2a gi\u1eefa ch\u1ea5t li\u1ec7u jean v\u00e0 hoa v\u0103n th\u1ed5 c\u1ea9m d\u1ec5 d\u00e0ng t\u00f4n l\u00ean phong c\u00e1ch c\u1ee7a b\u1ea1n, ph\u00f9 h\u1ee3p v\u1edbi \u0111a d\u1ea1ng trang ph\u1ee5c t\u1eeb qu\u1ea7n jean, \u00e1o ph\u00f4ng \u0111\u1ebfn v\u00e1y \u0111\u1ea7m.<\/p>\n<p style=\"text-align: justify\">Khi mua <a href=\"https:\/\/maison-chance.org\/shop\/tui-xach\">t\u00fai x\u00e1ch th\u1eddi trang<\/a> FBJETC08, b\u1ea1n kh\u00f4ng ch\u1ec9 s\u1edf h\u1eefu m\u1ed9t s\u1ea3n ph\u1ea9m ch\u1ea5t l\u01b0\u1ee3ng v\u00e0 \u0111\u1eb9p m\u1eaft, m\u00e0 c\u00f2n g\u00f3p ph\u1ea7n \u1ee7ng h\u1ed9 nh\u1eefng ng\u01b0\u1eddi khuy\u1ebft t\u1eadt t\u1ea1i Nh\u00e0 May M\u1eafn. \u0110\u00e2y l\u00e0 c\u01a1 h\u1ed9i \u0111\u1ec3 b\u1ea1n th\u1ec3 hi\u1ec7n l\u00f2ng nh\u00e2n \u00e1i v\u00e0 chung tay gi\u00fap \u0111\u1ee1 nh\u1eefng ho\u00e0n c\u1ea3nh kh\u00f3 kh\u0103n. M\u1ed7i chi\u1ebfc t\u00fai \u0111\u01b0\u1ee3c b\u00e1n ra l\u00e0 m\u1ed9t b\u01b0\u1edbc ti\u1ebfn quan tr\u1ecdng trong h\u00e0nh tr\u00ecnh t\u1ef1 l\u1eadp v\u00e0 v\u01b0\u01a1n l\u00ean c\u1ee7a nh\u1eefng ng\u01b0\u1eddi th\u1ee3 may t\u00e0i hoa n\u01a1i \u0111\u00e2y.<\/p>\n<p style=\"text-align: justify\">H\u00e3y \u0111\u1eb7t <a href=\"https:\/\/maison-chance.org\/shop\/phong-may\">mua t\u00fai x\u00e1ch FBJETC08<\/a> ngay h\u00f4m nay v\u1edbi gi\u00e1 ch\u1ec9 220,000 VN\u0110 &#8211; m\u1ed9t m\u1ee9c gi\u00e1 v\u00f4 c\u00f9ng h\u1ee3p l\u00fd cho m\u1ed9t m\u00f3n qu\u00e0 \u00fd ngh\u0129a, g\u00f3i tr\u1ecdn s\u1ef1 y\u00eau th\u01b0\u01a1ng v\u00e0 ni\u1ec1m tin v\u00e0o m\u1ed9t cu\u1ed9c s\u1ed1ng t\u1ed1t \u0111\u1eb9p h\u01a1n!<\/p>\n","protected":false},"excerpt":{"rendered":"<p style=\"text-align: justify\">S\u1ea3n ph\u1ea9m do c\u00e1c b\u1ea1n khuy\u1ebft t\u1eadt k\u00e9m may m\u1eafn s\u1ea3n xu\u1ea5t th\u1ee7 c\u00f4ng k\u00ednh mong nh\u1eadn \u0111\u01b0\u1ee3c s\u1ef1 \u1ee7ng h\u1ed9 c\u1ee7a Qu\u00fd kh\u00e1ch h\u00e0ng.<\/p>\n<p>Ch\u1ea5t li\u1ec7u: V\u1ea3i jean + th\u1ed5 c\u1ea9m<\/p>\n<p>Code: J13TX<\/p>\n<p>K\u00edch th\u01b0\u1edbc : 33,3 x 40,6 cm<\/p>\n<p>Hotline : <span style=\"font-size: 20px\"><strong><span style=\"color: #ff0000\">0909 06 25 28<\/span><\/strong><\/span><\/p>\n<p style=\"text-align: justify\">N\u1ebfu b\u1ea1n \u1edf Vi\u1ec7t Nam vui l\u00f2ng li\u00ean h\u1ec7 ch\u00fang t\u00f4i theo s\u1ed1 hotline ho\u1eb7c fanpage doanh nghi\u1ec7p Nh\u00e0 May M\u1eafn ch\u00fang t\u00f4i \u0111\u1ec3 bi\u1ebft gi\u00e1 b\u00e1n t\u1ea1i Vi\u1ec7t Nam.<\/p>\n","protected":false},"featured_media":39796,"template":"","meta":[],"product_brand":[],"product_cat":[137,141],"product_tag":[],"class_list":{"0":"post-39779","1":"product","2":"type-product","3":"status-publish","4":"has-post-thumbnail","6":"product_cat-phong-may","7":"product_cat-tui-xach","9":"first","10":"instock","11":"shipping-taxable","12":"purchasable","13":"product-type-simple"},"yoast_head":"<!-- This site is optimized with the Yoast SEO Premium plugin v22.7 (Yoast SEO v25.3.1) - https:\/\/yoast.com\/wordpress\/plugins\/seo\/ -->\n<title>T\u00fai th\u1eddi trang FBJETC08 - T\u00fai x\u00e1ch th\u1ed5 c\u1ea9m - Nh\u00e0 May M\u1eafn - Maison Chance<\/title>\n<meta name=\"description\" content=\"T\u00fai x\u00e1ch th\u1eddi trang FBJETC08, s\u1ea3n ph\u1ea9m th\u1ee7 c\u00f4ng t\u1eeb Nh\u00e0 May M\u1eafn, t\u00fai x\u00e1ch v\u1ea3i jean v\u00e0 th\u1ed5 c\u1ea9m, h\u1ed7 tr\u1ee3 ng\u01b0\u1eddi khuy\u1ebft t\u1eadt, s\u1ea3n ph\u1ea9m \u00fd ngh\u0129a, mua t\u00fai x\u00e1ch \u1ee7ng h\u1ed9\" \/>\n<meta name=\"robots\" content=\"index, follow, max-snippet:-1, max-image-preview:large, max-video-preview:-1\" \/>\n<link rel=\"canonical\" href=\"https:\/\/maison-chance.org\/shop\/san-pham\/tui-thoi-trang-fbjetc08\" \/>\n<meta property=\"og:locale\" content=\"vi_VN\" \/>\n<meta property=\"og:type\" content=\"article\" \/>\n<meta property=\"og:title\" content=\"T\u00fai th\u1eddi trang FBJETC08\" \/>\n<meta property=\"og:description\" content=\"T\u00fai x\u00e1ch th\u1eddi trang FBJETC08, s\u1ea3n ph\u1ea9m th\u1ee7 c\u00f4ng t\u1eeb Nh\u00e0 May M\u1eafn, t\u00fai x\u00e1ch v\u1ea3i jean v\u00e0 th\u1ed5 c\u1ea9m, h\u1ed7 tr\u1ee3 ng\u01b0\u1eddi khuy\u1ebft t\u1eadt, s\u1ea3n ph\u1ea9m \u00fd ngh\u0129a, mua t\u00fai x\u00e1ch \u1ee7ng h\u1ed9\" \/>\n<meta property=\"og:url\" content=\"https:\/\/maison-chance.org\/shop\/san-pham\/tui-thoi-trang-fbjetc08\" \/>\n<meta property=\"og:site_name\" content=\"Nh\u00e0 May M\u1eafn - Maison Chance\" \/>\n<meta property=\"article:publisher\" content=\"https:\/\/www.facebook.com\/dnxh.nhamayman\/\" \/>\n<meta property=\"article:modified_time\" content=\"2024-11-12T03:55:16+00:00\" \/>\n<meta property=\"og:image\" content=\"https:\/\/maison-chance.org\/shop\/wp-content\/uploads\/2024\/06\/tui-thoi-trang-fbje08-1.jpg\" \/>\n\t<meta property=\"og:image:width\" content=\"600\" \/>\n\t<meta property=\"og:image:height\" content=\"600\" \/>\n\t<meta property=\"og:image:type\" content=\"image\/jpeg\" \/>\n<meta name=\"twitter:card\" content=\"summary_large_image\" \/>\n<meta name=\"twitter:label1\" content=\"Gi\u00e1\" \/>\n\t<meta name=\"twitter:data1\" content=\"17.00&nbsp;&#036;\" \/>\n\t<meta name=\"twitter:label2\" content=\"Availability\" \/>\n\t<meta name=\"twitter:data2\" content=\"In stock\" \/>\n<script type=\"application\/ld+json\" class=\"yoast-schema-graph\">{\"@context\":\"https:\/\/schema.org\",\"@graph\":[{\"@type\":\"WebPage\",\"@id\":\"https:\/\/maison-chance.org\/shop\/san-pham\/tui-thoi-trang-fbjetc08\",\"url\":\"https:\/\/maison-chance.org\/shop\/san-pham\/tui-thoi-trang-fbjetc08\",\"name\":\"T\u00fai th\u1eddi trang FBJETC08 - T\u00fai x\u00e1ch th\u1ed5 c\u1ea9m - Nh\u00e0 May M\u1eafn - Maison Chance\",\"isPartOf\":{\"@id\":\"https:\/\/maison-chance.org\/shop\/#website\"},\"primaryImageOfPage\":{\"@id\":\"https:\/\/maison-chance.org\/shop\/san-pham\/tui-thoi-trang-fbjetc08#primaryimage\"},\"image\":{\"@id\":\"https:\/\/maison-chance.org\/shop\/san-pham\/tui-thoi-trang-fbjetc08#primaryimage\"},\"thumbnailUrl\":\"https:\/\/maison-chance.org\/shop\/wp-content\/uploads\/2024\/06\/tui-thoi-trang-fbje08-1.jpg\",\"datePublished\":\"2024-06-13T19:06:20+00:00\",\"dateModified\":\"2024-11-12T03:55:16+00:00\",\"description\":\"T\u00fai x\u00e1ch th\u1eddi trang FBJETC08, s\u1ea3n ph\u1ea9m th\u1ee7 c\u00f4ng t\u1eeb Nh\u00e0 May M\u1eafn, t\u00fai x\u00e1ch v\u1ea3i jean v\u00e0 th\u1ed5 c\u1ea9m, h\u1ed7 tr\u1ee3 ng\u01b0\u1eddi khuy\u1ebft t\u1eadt, s\u1ea3n ph\u1ea9m \u00fd ngh\u0129a, mua t\u00fai x\u00e1ch \u1ee7ng h\u1ed9\",\"breadcrumb\":{\"@id\":\"https:\/\/maison-chance.org\/shop\/san-pham\/tui-thoi-trang-fbjetc08#breadcrumb\"},\"inLanguage\":\"vi-VN\",\"potentialAction\":[{\"@type\":\"ReadAction\",\"target\":[\"https:\/\/maison-chance.org\/shop\/san-pham\/tui-thoi-trang-fbjetc08\"]}]},{\"@type\":\"ImageObject\",\"inLanguage\":\"vi-VN\",\"@id\":\"https:\/\/maison-chance.org\/shop\/san-pham\/tui-thoi-trang-fbjetc08#primaryimage\",\"url\":\"https:\/\/maison-chance.org\/shop\/wp-content\/uploads\/2024\/06\/tui-thoi-trang-fbje08-1.jpg\",\"contentUrl\":\"https:\/\/maison-chance.org\/shop\/wp-content\/uploads\/2024\/06\/tui-thoi-trang-fbje08-1.jpg\",\"width\":600,\"height\":600,\"caption\":\"T\u00fai th\u1eddi trang FBJETC08\"},{\"@type\":\"BreadcrumbList\",\"@id\":\"https:\/\/maison-chance.org\/shop\/san-pham\/tui-thoi-trang-fbjetc08#breadcrumb\",\"itemListElement\":[{\"@type\":\"ListItem\",\"position\":1,\"name\":\"Trang ch\u1ee7\",\"item\":\"https:\/\/maison-chance.org\/shop\/\"},{\"@type\":\"ListItem\",\"position\":2,\"name\":\"Shop\",\"item\":\"https:\/\/maison-chance.org\/shop\/shop\"},{\"@type\":\"ListItem\",\"position\":3,\"name\":\"T\u00fai th\u1eddi trang FBJETC08\"}]},{\"@type\":\"WebSite\",\"@id\":\"https:\/\/maison-chance.org\/shop\/#website\",\"url\":\"https:\/\/maison-chance.org\/shop\/\",\"name\":\"Nh\u00e0 May M\u1eafn - Maison Chance\",\"description\":\"M\u1ecdi l\u1ee3i nhu\u1eadn thu v\u1ec1 t\u1eeb vi\u1ec7c b\u00e1n h\u00e0ng s\u1ebd tr\u00edch m\u1ed9t ph\u1ea7n \u0111\u1ec3 ch\u0103m lo cho \u0111\u1eddi s\u1ed1ng c\u00e1c b\u1ea1n khuy\u1ebft t\u1eadt v\u00e0 tr\u1ebb m\u1ed3 c\u00f4i \u1edf \u0111\u00e2y\",\"publisher\":{\"@id\":\"https:\/\/maison-chance.org\/shop\/#organization\"},\"potentialAction\":[{\"@type\":\"SearchAction\",\"target\":{\"@type\":\"EntryPoint\",\"urlTemplate\":\"https:\/\/maison-chance.org\/shop\/?s={search_term_string}\"},\"query-input\":{\"@type\":\"PropertyValueSpecification\",\"valueRequired\":true,\"valueName\":\"search_term_string\"}}],\"inLanguage\":\"vi-VN\"},{\"@type\":\"Organization\",\"@id\":\"https:\/\/maison-chance.org\/shop\/#organization\",\"name\":\"Nh\u00e0 May M\u1eafn - Maison Chance\",\"url\":\"https:\/\/maison-chance.org\/shop\/\",\"logo\":{\"@type\":\"ImageObject\",\"inLanguage\":\"vi-VN\",\"@id\":\"https:\/\/maison-chance.org\/shop\/#\/schema\/logo\/image\/\",\"url\":\"https:\/\/maison-chance.org\/shop\/wp-content\/uploads\/2024\/03\/cropped-Logo_DNXH.png\",\"contentUrl\":\"https:\/\/maison-chance.org\/shop\/wp-content\/uploads\/2024\/03\/cropped-Logo_DNXH.png\",\"width\":512,\"height\":512,\"caption\":\"Nh\u00e0 May M\u1eafn - Maison Chance\"},\"image\":{\"@id\":\"https:\/\/maison-chance.org\/shop\/#\/schema\/logo\/image\/\"},\"sameAs\":[\"https:\/\/www.facebook.com\/dnxh.nhamayman\/\"]}]}<\/script>\n<meta property=\"product:price:amount\" content=\"17.00\" \/>\n<meta property=\"product:price:currency\" content=\"USD\" \/>\n<meta property=\"og:availability\" content=\"instock\" \/>\n<meta property=\"product:availability\" content=\"instock\" \/>\n<meta property=\"product:condition\" content=\"new\" \/>\n<!-- \/ Yoast SEO Premium plugin. -->","yoast_head_json":{"title":"T\u00fai th\u1eddi trang FBJETC08 - T\u00fai x\u00e1ch th\u1ed5 c\u1ea9m - Nh\u00e0 May M\u1eafn - Maison Chance","description":"T\u00fai x\u00e1ch th\u1eddi trang FBJETC08, s\u1ea3n ph\u1ea9m th\u1ee7 c\u00f4ng t\u1eeb Nh\u00e0 May M\u1eafn, t\u00fai x\u00e1ch v\u1ea3i jean v\u00e0 th\u1ed5 c\u1ea9m, h\u1ed7 tr\u1ee3 ng\u01b0\u1eddi khuy\u1ebft t\u1eadt, s\u1ea3n ph\u1ea9m \u00fd ngh\u0129a, mua t\u00fai x\u00e1ch \u1ee7ng h\u1ed9","robots":{"index":"index","follow":"follow","max-snippet":"max-snippet:-1","max-image-preview":"max-image-preview:large","max-video-preview":"max-video-preview:-1"},"canonical":"https:\/\/maison-chance.org\/shop\/san-pham\/tui-thoi-trang-fbjetc08","og_locale":"vi_VN","og_type":"article","og_title":"T\u00fai th\u1eddi trang FBJETC08","og_description":"T\u00fai x\u00e1ch th\u1eddi trang FBJETC08, s\u1ea3n ph\u1ea9m th\u1ee7 c\u00f4ng t\u1eeb Nh\u00e0 May M\u1eafn, t\u00fai x\u00e1ch v\u1ea3i jean v\u00e0 th\u1ed5 c\u1ea9m, h\u1ed7 tr\u1ee3 ng\u01b0\u1eddi khuy\u1ebft t\u1eadt, s\u1ea3n ph\u1ea9m \u00fd ngh\u0129a, mua t\u00fai x\u00e1ch \u1ee7ng h\u1ed9","og_url":"https:\/\/maison-chance.org\/shop\/san-pham\/tui-thoi-trang-fbjetc08","og_site_name":"Nh\u00e0 May M\u1eafn - Maison Chance","article_publisher":"https:\/\/www.facebook.com\/dnxh.nhamayman\/","article_modified_time":"2024-11-12T03:55:16+00:00","og_image":[{"width":600,"height":600,"url":"https:\/\/maison-chance.org\/shop\/wp-content\/uploads\/2024\/06\/tui-thoi-trang-fbje08-1.jpg","type":"image\/jpeg"}],"twitter_card":"summary_large_image","twitter_misc":{"Gi\u00e1":"17.00&nbsp;&#36;","Availability":"In stock"},"schema":{"@context":"https:\/\/schema.org","@graph":[{"@type":"WebPage","@id":"https:\/\/maison-chance.org\/shop\/san-pham\/tui-thoi-trang-fbjetc08","url":"https:\/\/maison-chance.org\/shop\/san-pham\/tui-thoi-trang-fbjetc08","name":"T\u00fai th\u1eddi trang FBJETC08 - T\u00fai x\u00e1ch th\u1ed5 c\u1ea9m - Nh\u00e0 May M\u1eafn - Maison Chance","isPartOf":{"@id":"https:\/\/maison-chance.org\/shop\/#website"},"primaryImageOfPage":{"@id":"https:\/\/maison-chance.org\/shop\/san-pham\/tui-thoi-trang-fbjetc08#primaryimage"},"image":{"@id":"https:\/\/maison-chance.org\/shop\/san-pham\/tui-thoi-trang-fbjetc08#primaryimage"},"thumbnailUrl":"https:\/\/maison-chance.org\/shop\/wp-content\/uploads\/2024\/06\/tui-thoi-trang-fbje08-1.jpg","datePublished":"2024-06-13T19:06:20+00:00","dateModified":"2024-11-12T03:55:16+00:00","description":"T\u00fai x\u00e1ch th\u1eddi trang FBJETC08, s\u1ea3n ph\u1ea9m th\u1ee7 c\u00f4ng t\u1eeb Nh\u00e0 May M\u1eafn, t\u00fai x\u00e1ch v\u1ea3i jean v\u00e0 th\u1ed5 c\u1ea9m, h\u1ed7 tr\u1ee3 ng\u01b0\u1eddi khuy\u1ebft t\u1eadt, s\u1ea3n ph\u1ea9m \u00fd ngh\u0129a, mua t\u00fai x\u00e1ch \u1ee7ng h\u1ed9","breadcrumb":{"@id":"https:\/\/maison-chance.org\/shop\/san-pham\/tui-thoi-trang-fbjetc08#breadcrumb"},"inLanguage":"vi-VN","potentialAction":[{"@type":"ReadAction","target":["https:\/\/maison-chance.org\/shop\/san-pham\/tui-thoi-trang-fbjetc08"]}]},{"@type":"ImageObject","inLanguage":"vi-VN","@id":"https:\/\/maison-chance.org\/shop\/san-pham\/tui-thoi-trang-fbjetc08#primaryimage","url":"https:\/\/maison-chance.org\/shop\/wp-content\/uploads\/2024\/06\/tui-thoi-trang-fbje08-1.jpg","contentUrl":"https:\/\/maison-chance.org\/shop\/wp-content\/uploads\/2024\/06\/tui-thoi-trang-fbje08-1.jpg","width":600,"height":600,"caption":"T\u00fai th\u1eddi trang FBJETC08"},{"@type":"BreadcrumbList","@id":"https:\/\/maison-chance.org\/shop\/san-pham\/tui-thoi-trang-fbjetc08#breadcrumb","itemListElement":[{"@type":"ListItem","position":1,"name":"Trang ch\u1ee7","item":"https:\/\/maison-chance.org\/shop\/"},{"@type":"ListItem","position":2,"name":"Shop","item":"https:\/\/maison-chance.org\/shop\/shop"},{"@type":"ListItem","position":3,"name":"T\u00fai th\u1eddi trang FBJETC08"}]},{"@type":"WebSite","@id":"https:\/\/maison-chance.org\/shop\/#website","url":"https:\/\/maison-chance.org\/shop\/","name":"Nh\u00e0 May M\u1eafn - Maison Chance","description":"M\u1ecdi l\u1ee3i nhu\u1eadn thu v\u1ec1 t\u1eeb vi\u1ec7c b\u00e1n h\u00e0ng s\u1ebd tr\u00edch m\u1ed9t ph\u1ea7n \u0111\u1ec3 ch\u0103m lo cho \u0111\u1eddi s\u1ed1ng c\u00e1c b\u1ea1n khuy\u1ebft t\u1eadt v\u00e0 tr\u1ebb m\u1ed3 c\u00f4i \u1edf \u0111\u00e2y","publisher":{"@id":"https:\/\/maison-chance.org\/shop\/#organization"},"potentialAction":[{"@type":"SearchAction","target":{"@type":"EntryPoint","urlTemplate":"https:\/\/maison-chance.org\/shop\/?s={search_term_string}"},"query-input":{"@type":"PropertyValueSpecification","valueRequired":true,"valueName":"search_term_string"}}],"inLanguage":"vi-VN"},{"@type":"Organization","@id":"https:\/\/maison-chance.org\/shop\/#organization","name":"Nh\u00e0 May M\u1eafn - Maison Chance","url":"https:\/\/maison-chance.org\/shop\/","logo":{"@type":"ImageObject","inLanguage":"vi-VN","@id":"https:\/\/maison-chance.org\/shop\/#\/schema\/logo\/image\/","url":"https:\/\/maison-chance.org\/shop\/wp-content\/uploads\/2024\/03\/cropped-Logo_DNXH.png","contentUrl":"https:\/\/maison-chance.org\/shop\/wp-content\/uploads\/2024\/03\/cropped-Logo_DNXH.png","width":512,"height":512,"caption":"Nh\u00e0 May M\u1eafn - Maison Chance"},"image":{"@id":"https:\/\/maison-chance.org\/shop\/#\/schema\/logo\/image\/"},"sameAs":["https:\/\/www.facebook.com\/dnxh.nhamayman\/"]}]},"product_price_amount":"17.00","product_price_currency":"USD","og_availability":"instock","product_availability":"instock","product_condition":"new"},"_links":{"self":[{"href":"https:\/\/maison-chance.org\/shop\/wp-json\/wp\/v2\/product\/39779","targetHints":{"allow":["GET"]}}],"collection":[{"href":"https:\/\/maison-chance.org\/shop\/wp-json\/wp\/v2\/product"}],"about":[{"href":"https:\/\/maison-chance.org\/shop\/wp-json\/wp\/v2\/types\/product"}],"wp:featuredmedia":[{"embeddable":true,"href":"https:\/\/maison-chance.org\/shop\/wp-json\/wp\/v2\/media\/39796"}],"wp:attachment":[{"href":"https:\/\/maison-chance.org\/shop\/wp-json\/wp\/v2\/media?parent=39779"}],"wp:term":[{"taxonomy":"product_brand","embeddable":true,"href":"https:\/\/maison-chance.org\/shop\/wp-json\/wp\/v2\/product_brand?post=39779"},{"taxonomy":"product_cat","embeddable":true,"href":"https:\/\/maison-chance.org\/shop\/wp-json\/wp\/v2\/product_cat?post=39779"},{"taxonomy":"product_tag","embeddable":true,"href":"https:\/\/maison-chance.org\/shop\/wp-json\/wp\/v2\/product_tag?post=39779"}],"curies":[{"name":"wp","href":"https:\/\/api.w.org\/{rel}","templated":true}]}}