{"id":39816,"date":"2024-06-14T07:45:28","date_gmt":"2024-06-14T00:45:28","guid":{"rendered":"https:\/\/maison-chance.org\/shop?post_type=product&#038;p=39816"},"modified":"2024-11-12T12:32:49","modified_gmt":"2024-11-12T05:32:49","slug":"tui-thoi-trang-fbtcje07","status":"publish","type":"product","link":"https:\/\/maison-chance.org\/shop\/san-pham\/tui-thoi-trang-fbtcje07","title":{"rendered":"T\u00fai th\u1eddi trang FBTCJE07"},"content":{"rendered":"<p style=\"text-align: justify\">Ch\u00fang t\u00f4i xin t\u1ef1 h\u00e0o gi\u1edbi thi\u1ec7u \u0111\u1ebfn b\u1ea1n s\u1ea3n ph\u1ea9m <a href=\"https:\/\/maison-chance.org\/shop\/san-pham\/tui-thoi-trang-fbtcje07\">t\u00fai x\u00e1ch th\u1eddi trang FBTCJE07<\/a> \u2013 m\u1ed9t s\u1ea3n ph\u1ea9m \u0111\u1ed9c \u0111\u00e1o v\u00e0 mang \u0111\u1eadm gi\u00e1 tr\u1ecb nh\u00e2n v\u0103n. T\u00fai x\u00e1ch FBTCJE07 l\u00e0 s\u1ef1 k\u1ebft h\u1ee3p ho\u00e0n h\u1ea3o gi\u1eefa v\u1ea3i jean b\u1ec1n b\u1ec9 v\u00e0 h\u1ecda ti\u1ebft th\u1ed5 c\u1ea9m tinh t\u1ebf, mang \u0111\u1ebfn v\u1ebb \u0111\u1eb9p th\u1eddi trang \u0111\u1ed9c \u0111\u00e1o v\u00e0 \u0111\u1ea7y s\u1ee9c h\u00fat. V\u1edbi k\u00edch th\u01b0\u1edbc 37 x 40 cm, t\u00fai x\u00e1ch n\u00e0y \u0111\u1ee7 r\u1ed9ng \u0111\u1ec3 b\u1ea1n c\u00f3 th\u1ec3 mang theo c\u1ea3 &#8220;v\u0169 tr\u1ee5&#8221; b\u00ean m\u00ecnh cho m\u1ed9t ng\u00e0y d\u00e0i n\u0103ng \u0111\u1ed9ng.<\/p>\n<p style=\"text-align: justify\">\u0110i\u1ec3m \u0111\u1eb7c bi\u1ec7t h\u01a1n c\u1ea3, t\u00fai x\u00e1ch th\u1eddi trang FBTCJE07 \u0111\u01b0\u1ee3c may th\u1ee7 c\u00f4ng b\u1edfi nh\u1eefng ng\u01b0\u1eddi khuy\u1ebft t\u1eadt t\u1ea1i Nh\u00e0 May M\u1eafn. M\u1ed7i chi\u1ebfc t\u00fai l\u00e0 m\u1ed9t s\u1ea3n ph\u1ea9m c\u1ee7a s\u1ef1 c\u1ed1 g\u1eafng, t\u00ecnh y\u00eau v\u00e0 ni\u1ec1m \u0111am m\u00ea c\u1ee7a nh\u1eefng ngh\u1ec7 nh\u00e2n \u0111\u1eb7c bi\u1ec7t n\u00e0y.<\/p>\n<p style=\"text-align: justify\"><a href=\"https:\/\/maison-chance.org\/shop\/tui-xach\">T\u00fai x\u00e1ch th\u1eddi trang<\/a> FBTCJE07 l\u00e0 ng\u01b0\u1eddi b\u1ea1n \u0111\u1ed3ng h\u00e0nh l\u00fd t\u01b0\u1edfng cho c\u00e1c ch\u1ecb em trong m\u1ecdi ho\u1ea1t \u0111\u1ed9ng h\u00e0ng ng\u00e0y. B\u1ea1n c\u00f3 th\u1ec3 s\u1eed d\u1ee5ng t\u00fai n\u00e0y khi \u0111i l\u00e0m, \u0111i ch\u01a1i, ho\u1eb7c d\u1ea1o ph\u1ed1. S\u1ef1 k\u1ebft h\u1ee3p h\u00e0i h\u00f2a gi\u1eefa v\u1ea3i jean v\u00e0 th\u1ed5 c\u1ea9m v\u1eeba b\u1ec1n \u0111\u1eb9p l\u1ea1i d\u1ec5 d\u00e0ng ph\u1ed1i h\u1ee3p v\u1edbi nhi\u1ec1u trang ph\u1ee5c kh\u00e1c nhau, t\u1eeb phong c\u00e1ch n\u0103ng \u0111\u1ed9ng, c\u00e1 t\u00ednh cho \u0111\u1ebfn d\u1ecbu d\u00e0ng, n\u1eef t\u00ednh. H\u00e3y \u0111\u1ec3 t\u00fai x\u00e1ch FBTCJE07 l\u00e0m \u0111i\u1ec3m nh\u1ea5n th\u1eddi trang \u0111\u1ed9c \u0111\u00e1o cho b\u1ed9 trang ph\u1ee5c c\u1ee7a b\u1ea1n.<\/p>\n<p style=\"text-align: justify\">M\u1ed7i chi\u1ebfc t\u00fai x\u00e1ch th\u1eddi trang FBTCJE07 kh\u00f4ng ch\u1ec9 l\u00e0 m\u1ed9t s\u1ea3n ph\u1ea9m th\u1eddi trang \u0111\u1ed9c \u0111\u00e1o m\u00e0 c\u00f2n l\u00e0 m\u1ed9t m\u00f3n qu\u00e0 \u00fd ngh\u0129a mang l\u1ea1i ni\u1ec1m vui v\u00e0 hy v\u1ecdng cho nh\u1eefng ng\u01b0\u1eddi khuy\u1ebft t\u1eadt t\u1ea1i Nh\u00e0 May M\u1eafn. Khi mua s\u1ea3n ph\u1ea9m n\u00e0y, b\u1ea1n kh\u00f4ng ch\u1ec9 \u0111ang s\u1edf h\u1eefu m\u1ed9t chi\u1ebfc t\u00fai \u0111\u1eb9p v\u00e0 b\u1ec1n m\u00e0 c\u00f2n \u0111\u00f3ng g\u00f3p thi\u1ebft th\u1ef1c v\u00e0o vi\u1ec7c h\u1ed7 tr\u1ee3, t\u1ea1o c\u00f4ng \u0103n vi\u1ec7c l\u00e0m v\u00e0 gi\u00fap \u0111\u1ee1 nh\u1eefng ng\u01b0\u1eddi c\u00f3 ho\u00e0n c\u1ea3nh kh\u00f3 kh\u0103n.<\/p>\n<p style=\"text-align: justify\">H\u00e3y c\u00f9ng ch\u00fang t\u00f4i lan t\u1ecfa t\u00ecnh y\u00eau th\u01b0\u01a1ng v\u00e0 s\u1ef1 s\u1ebb chia b\u1eb1ng c\u00e1ch \u1ee7ng h\u1ed9 <a href=\"https:\/\/maison-chance.org\/shop\/phong-may\">s\u1ea3n ph\u1ea9m t\u00fai x\u00e1ch th\u1eddi trang<\/a> FBTCJE07. S\u1ef1 \u1ee7ng h\u1ed9 c\u1ee7a b\u1ea1n kh\u00f4ng ch\u1ec9 mang l\u1ea1i ni\u1ec1m vui cho b\u1ea3n th\u00e2n m\u00e0 c\u00f2n g\u00f3p ph\u1ea7n t\u1ea1o n\u00ean nh\u1eefng thay \u0111\u1ed5i t\u00edch c\u1ef1c cho cu\u1ed9c s\u1ed1ng c\u1ee7a ng\u01b0\u1eddi khuy\u1ebft t\u1eadt. Mua ngay h\u00f4m nay \u0111\u1ec3 chung tay x\u00e2y d\u1ef1ng m\u1ed9t c\u1ed9ng \u0111\u1ed3ng nh\u00e2n \u00e1i v\u00e0 \u1ea5m \u00e1p h\u01a1n.<\/p>\n","protected":false},"excerpt":{"rendered":"<p style=\"text-align: justify\">S\u1ea3n ph\u1ea9m do c\u00e1c b\u1ea1n khuy\u1ebft t\u1eadt k\u00e9m may m\u1eafn s\u1ea3n xu\u1ea5t th\u1ee7 c\u00f4ng k\u00ednh mong nh\u1eadn \u0111\u01b0\u1ee3c s\u1ef1 \u1ee7ng h\u1ed9 c\u1ee7a Qu\u00fd kh\u00e1ch h\u00e0ng.<\/p>\n<p>Ch\u1ea5t li\u1ec7u: V\u1ea3i jean + V\u1ea3i th\u1ed5 c\u1ea9m<\/p>\n<p>Code: TC12TX<\/p>\n<p>K\u00edch th\u01b0\u1edbc : 37 x 40 cm<\/p>\n<p>Hotline : <span style=\"font-size: 20px\"><strong><span style=\"color: #ff0000\">0909 06 25 28<\/span><\/strong><\/span><\/p>\n<p style=\"text-align: justify\">N\u1ebfu b\u1ea1n \u1edf Vi\u1ec7t Nam vui l\u00f2ng li\u00ean h\u1ec7 ch\u00fang t\u00f4i theo s\u1ed1 hotline ho\u1eb7c fanpage doanh nghi\u1ec7p Nh\u00e0 May M\u1eafn ch\u00fang t\u00f4i \u0111\u1ec3 bi\u1ebft gi\u00e1 b\u00e1n t\u1ea1i Vi\u1ec7t Nam.<\/p>\n","protected":false},"featured_media":39817,"template":"","meta":[],"product_brand":[],"product_cat":[137,141],"product_tag":[],"class_list":{"0":"post-39816","1":"product","2":"type-product","3":"status-publish","4":"has-post-thumbnail","6":"product_cat-phong-may","7":"product_cat-tui-xach","9":"first","10":"instock","11":"shipping-taxable","12":"purchasable","13":"product-type-simple"},"yoast_head":"<!-- This site is optimized with the Yoast SEO Premium plugin v22.7 (Yoast SEO v25.3.1) - https:\/\/yoast.com\/wordpress\/plugins\/seo\/ -->\n<title>T\u00fai th\u1eddi trang FBTCJE07 - T\u00fai x\u00e1ch th\u1ed5 c\u1ea9m - Nh\u00e0 May M\u1eafn - Maison Chance<\/title>\n<meta name=\"description\" content=\"T\u00fai x\u00e1ch th\u1eddi trang FBTCJE07 kh\u00f4ng ch\u1ec9 l\u00e0 m\u1ed9t s\u1ea3n ph\u1ea9m th\u1eddi trang \u0111\u1ed9c \u0111\u00e1o m\u00e0 c\u00f2n l\u00e0 m\u1ed9t m\u00f3n qu\u00e0 \u00fd ngh\u0129a mang l\u1ea1i ni\u1ec1m vui v\u00e0 hy v\u1ecdng\" \/>\n<meta name=\"robots\" content=\"index, follow, max-snippet:-1, max-image-preview:large, max-video-preview:-1\" \/>\n<link rel=\"canonical\" href=\"https:\/\/maison-chance.org\/shop\/san-pham\/tui-thoi-trang-fbtcje07\" \/>\n<meta property=\"og:locale\" content=\"vi_VN\" \/>\n<meta property=\"og:type\" content=\"article\" \/>\n<meta property=\"og:title\" content=\"T\u00fai th\u1eddi trang FBTCJE07\" \/>\n<meta property=\"og:description\" content=\"T\u00fai x\u00e1ch th\u1eddi trang FBTCJE07 kh\u00f4ng ch\u1ec9 l\u00e0 m\u1ed9t s\u1ea3n ph\u1ea9m th\u1eddi trang \u0111\u1ed9c \u0111\u00e1o m\u00e0 c\u00f2n l\u00e0 m\u1ed9t m\u00f3n qu\u00e0 \u00fd ngh\u0129a mang l\u1ea1i ni\u1ec1m vui v\u00e0 hy v\u1ecdng\" \/>\n<meta property=\"og:url\" content=\"https:\/\/maison-chance.org\/shop\/san-pham\/tui-thoi-trang-fbtcje07\" \/>\n<meta property=\"og:site_name\" content=\"Nh\u00e0 May M\u1eafn - Maison Chance\" \/>\n<meta property=\"article:publisher\" content=\"https:\/\/www.facebook.com\/dnxh.nhamayman\/\" \/>\n<meta property=\"article:modified_time\" content=\"2024-11-12T05:32:49+00:00\" \/>\n<meta property=\"og:image\" content=\"https:\/\/maison-chance.org\/shop\/wp-content\/uploads\/2024\/06\/tui-thoi-trang-fbje07.jpg\" \/>\n\t<meta property=\"og:image:width\" content=\"600\" \/>\n\t<meta property=\"og:image:height\" content=\"600\" \/>\n\t<meta property=\"og:image:type\" content=\"image\/jpeg\" \/>\n<meta name=\"twitter:card\" content=\"summary_large_image\" \/>\n<meta name=\"twitter:label1\" content=\"Gi\u00e1\" \/>\n\t<meta name=\"twitter:data1\" content=\"11.80&nbsp;&#036;\" \/>\n\t<meta name=\"twitter:label2\" content=\"Availability\" \/>\n\t<meta name=\"twitter:data2\" content=\"In stock\" \/>\n<script type=\"application\/ld+json\" class=\"yoast-schema-graph\">{\"@context\":\"https:\/\/schema.org\",\"@graph\":[{\"@type\":\"WebPage\",\"@id\":\"https:\/\/maison-chance.org\/shop\/san-pham\/tui-thoi-trang-fbtcje07\",\"url\":\"https:\/\/maison-chance.org\/shop\/san-pham\/tui-thoi-trang-fbtcje07\",\"name\":\"T\u00fai th\u1eddi trang FBTCJE07 - T\u00fai x\u00e1ch th\u1ed5 c\u1ea9m - Nh\u00e0 May M\u1eafn - Maison Chance\",\"isPartOf\":{\"@id\":\"https:\/\/maison-chance.org\/shop\/#website\"},\"primaryImageOfPage\":{\"@id\":\"https:\/\/maison-chance.org\/shop\/san-pham\/tui-thoi-trang-fbtcje07#primaryimage\"},\"image\":{\"@id\":\"https:\/\/maison-chance.org\/shop\/san-pham\/tui-thoi-trang-fbtcje07#primaryimage\"},\"thumbnailUrl\":\"https:\/\/maison-chance.org\/shop\/wp-content\/uploads\/2024\/06\/tui-thoi-trang-fbje07.jpg\",\"datePublished\":\"2024-06-14T00:45:28+00:00\",\"dateModified\":\"2024-11-12T05:32:49+00:00\",\"description\":\"T\u00fai x\u00e1ch th\u1eddi trang FBTCJE07 kh\u00f4ng ch\u1ec9 l\u00e0 m\u1ed9t s\u1ea3n ph\u1ea9m th\u1eddi trang \u0111\u1ed9c \u0111\u00e1o m\u00e0 c\u00f2n l\u00e0 m\u1ed9t m\u00f3n qu\u00e0 \u00fd ngh\u0129a mang l\u1ea1i ni\u1ec1m vui v\u00e0 hy v\u1ecdng\",\"breadcrumb\":{\"@id\":\"https:\/\/maison-chance.org\/shop\/san-pham\/tui-thoi-trang-fbtcje07#breadcrumb\"},\"inLanguage\":\"vi-VN\",\"potentialAction\":[{\"@type\":\"ReadAction\",\"target\":[\"https:\/\/maison-chance.org\/shop\/san-pham\/tui-thoi-trang-fbtcje07\"]}]},{\"@type\":\"ImageObject\",\"inLanguage\":\"vi-VN\",\"@id\":\"https:\/\/maison-chance.org\/shop\/san-pham\/tui-thoi-trang-fbtcje07#primaryimage\",\"url\":\"https:\/\/maison-chance.org\/shop\/wp-content\/uploads\/2024\/06\/tui-thoi-trang-fbje07.jpg\",\"contentUrl\":\"https:\/\/maison-chance.org\/shop\/wp-content\/uploads\/2024\/06\/tui-thoi-trang-fbje07.jpg\",\"width\":600,\"height\":600,\"caption\":\"T\u00fai th\u1eddi trang FBTCJE07\"},{\"@type\":\"BreadcrumbList\",\"@id\":\"https:\/\/maison-chance.org\/shop\/san-pham\/tui-thoi-trang-fbtcje07#breadcrumb\",\"itemListElement\":[{\"@type\":\"ListItem\",\"position\":1,\"name\":\"Trang ch\u1ee7\",\"item\":\"https:\/\/maison-chance.org\/shop\/\"},{\"@type\":\"ListItem\",\"position\":2,\"name\":\"Shop\",\"item\":\"https:\/\/maison-chance.org\/shop\/shop\"},{\"@type\":\"ListItem\",\"position\":3,\"name\":\"T\u00fai th\u1eddi trang FBTCJE07\"}]},{\"@type\":\"WebSite\",\"@id\":\"https:\/\/maison-chance.org\/shop\/#website\",\"url\":\"https:\/\/maison-chance.org\/shop\/\",\"name\":\"Nh\u00e0 May M\u1eafn - Maison Chance\",\"description\":\"M\u1ecdi l\u1ee3i nhu\u1eadn thu v\u1ec1 t\u1eeb vi\u1ec7c b\u00e1n h\u00e0ng s\u1ebd tr\u00edch m\u1ed9t ph\u1ea7n \u0111\u1ec3 ch\u0103m lo cho \u0111\u1eddi s\u1ed1ng c\u00e1c b\u1ea1n khuy\u1ebft t\u1eadt v\u00e0 tr\u1ebb m\u1ed3 c\u00f4i \u1edf \u0111\u00e2y\",\"publisher\":{\"@id\":\"https:\/\/maison-chance.org\/shop\/#organization\"},\"potentialAction\":[{\"@type\":\"SearchAction\",\"target\":{\"@type\":\"EntryPoint\",\"urlTemplate\":\"https:\/\/maison-chance.org\/shop\/?s={search_term_string}\"},\"query-input\":{\"@type\":\"PropertyValueSpecification\",\"valueRequired\":true,\"valueName\":\"search_term_string\"}}],\"inLanguage\":\"vi-VN\"},{\"@type\":\"Organization\",\"@id\":\"https:\/\/maison-chance.org\/shop\/#organization\",\"name\":\"Nh\u00e0 May M\u1eafn - Maison Chance\",\"url\":\"https:\/\/maison-chance.org\/shop\/\",\"logo\":{\"@type\":\"ImageObject\",\"inLanguage\":\"vi-VN\",\"@id\":\"https:\/\/maison-chance.org\/shop\/#\/schema\/logo\/image\/\",\"url\":\"https:\/\/maison-chance.org\/shop\/wp-content\/uploads\/2024\/03\/cropped-Logo_DNXH.png\",\"contentUrl\":\"https:\/\/maison-chance.org\/shop\/wp-content\/uploads\/2024\/03\/cropped-Logo_DNXH.png\",\"width\":512,\"height\":512,\"caption\":\"Nh\u00e0 May M\u1eafn - Maison Chance\"},\"image\":{\"@id\":\"https:\/\/maison-chance.org\/shop\/#\/schema\/logo\/image\/\"},\"sameAs\":[\"https:\/\/www.facebook.com\/dnxh.nhamayman\/\"]}]}<\/script>\n<meta property=\"product:price:amount\" content=\"11.80\" \/>\n<meta property=\"product:price:currency\" content=\"USD\" \/>\n<meta property=\"og:availability\" content=\"instock\" \/>\n<meta property=\"product:availability\" content=\"instock\" \/>\n<meta property=\"product:condition\" content=\"new\" \/>\n<!-- \/ Yoast SEO Premium plugin. -->","yoast_head_json":{"title":"T\u00fai th\u1eddi trang FBTCJE07 - T\u00fai x\u00e1ch th\u1ed5 c\u1ea9m - Nh\u00e0 May M\u1eafn - Maison Chance","description":"T\u00fai x\u00e1ch th\u1eddi trang FBTCJE07 kh\u00f4ng ch\u1ec9 l\u00e0 m\u1ed9t s\u1ea3n ph\u1ea9m th\u1eddi trang \u0111\u1ed9c \u0111\u00e1o m\u00e0 c\u00f2n l\u00e0 m\u1ed9t m\u00f3n qu\u00e0 \u00fd ngh\u0129a mang l\u1ea1i ni\u1ec1m vui v\u00e0 hy v\u1ecdng","robots":{"index":"index","follow":"follow","max-snippet":"max-snippet:-1","max-image-preview":"max-image-preview:large","max-video-preview":"max-video-preview:-1"},"canonical":"https:\/\/maison-chance.org\/shop\/san-pham\/tui-thoi-trang-fbtcje07","og_locale":"vi_VN","og_type":"article","og_title":"T\u00fai th\u1eddi trang FBTCJE07","og_description":"T\u00fai x\u00e1ch th\u1eddi trang FBTCJE07 kh\u00f4ng ch\u1ec9 l\u00e0 m\u1ed9t s\u1ea3n ph\u1ea9m th\u1eddi trang \u0111\u1ed9c \u0111\u00e1o m\u00e0 c\u00f2n l\u00e0 m\u1ed9t m\u00f3n qu\u00e0 \u00fd ngh\u0129a mang l\u1ea1i ni\u1ec1m vui v\u00e0 hy v\u1ecdng","og_url":"https:\/\/maison-chance.org\/shop\/san-pham\/tui-thoi-trang-fbtcje07","og_site_name":"Nh\u00e0 May M\u1eafn - Maison Chance","article_publisher":"https:\/\/www.facebook.com\/dnxh.nhamayman\/","article_modified_time":"2024-11-12T05:32:49+00:00","og_image":[{"width":600,"height":600,"url":"https:\/\/maison-chance.org\/shop\/wp-content\/uploads\/2024\/06\/tui-thoi-trang-fbje07.jpg","type":"image\/jpeg"}],"twitter_card":"summary_large_image","twitter_misc":{"Gi\u00e1":"11.80&nbsp;&#36;","Availability":"In stock"},"schema":{"@context":"https:\/\/schema.org","@graph":[{"@type":"WebPage","@id":"https:\/\/maison-chance.org\/shop\/san-pham\/tui-thoi-trang-fbtcje07","url":"https:\/\/maison-chance.org\/shop\/san-pham\/tui-thoi-trang-fbtcje07","name":"T\u00fai th\u1eddi trang FBTCJE07 - T\u00fai x\u00e1ch th\u1ed5 c\u1ea9m - Nh\u00e0 May M\u1eafn - Maison Chance","isPartOf":{"@id":"https:\/\/maison-chance.org\/shop\/#website"},"primaryImageOfPage":{"@id":"https:\/\/maison-chance.org\/shop\/san-pham\/tui-thoi-trang-fbtcje07#primaryimage"},"image":{"@id":"https:\/\/maison-chance.org\/shop\/san-pham\/tui-thoi-trang-fbtcje07#primaryimage"},"thumbnailUrl":"https:\/\/maison-chance.org\/shop\/wp-content\/uploads\/2024\/06\/tui-thoi-trang-fbje07.jpg","datePublished":"2024-06-14T00:45:28+00:00","dateModified":"2024-11-12T05:32:49+00:00","description":"T\u00fai x\u00e1ch th\u1eddi trang FBTCJE07 kh\u00f4ng ch\u1ec9 l\u00e0 m\u1ed9t s\u1ea3n ph\u1ea9m th\u1eddi trang \u0111\u1ed9c \u0111\u00e1o m\u00e0 c\u00f2n l\u00e0 m\u1ed9t m\u00f3n qu\u00e0 \u00fd ngh\u0129a mang l\u1ea1i ni\u1ec1m vui v\u00e0 hy v\u1ecdng","breadcrumb":{"@id":"https:\/\/maison-chance.org\/shop\/san-pham\/tui-thoi-trang-fbtcje07#breadcrumb"},"inLanguage":"vi-VN","potentialAction":[{"@type":"ReadAction","target":["https:\/\/maison-chance.org\/shop\/san-pham\/tui-thoi-trang-fbtcje07"]}]},{"@type":"ImageObject","inLanguage":"vi-VN","@id":"https:\/\/maison-chance.org\/shop\/san-pham\/tui-thoi-trang-fbtcje07#primaryimage","url":"https:\/\/maison-chance.org\/shop\/wp-content\/uploads\/2024\/06\/tui-thoi-trang-fbje07.jpg","contentUrl":"https:\/\/maison-chance.org\/shop\/wp-content\/uploads\/2024\/06\/tui-thoi-trang-fbje07.jpg","width":600,"height":600,"caption":"T\u00fai th\u1eddi trang FBTCJE07"},{"@type":"BreadcrumbList","@id":"https:\/\/maison-chance.org\/shop\/san-pham\/tui-thoi-trang-fbtcje07#breadcrumb","itemListElement":[{"@type":"ListItem","position":1,"name":"Trang ch\u1ee7","item":"https:\/\/maison-chance.org\/shop\/"},{"@type":"ListItem","position":2,"name":"Shop","item":"https:\/\/maison-chance.org\/shop\/shop"},{"@type":"ListItem","position":3,"name":"T\u00fai th\u1eddi trang FBTCJE07"}]},{"@type":"WebSite","@id":"https:\/\/maison-chance.org\/shop\/#website","url":"https:\/\/maison-chance.org\/shop\/","name":"Nh\u00e0 May M\u1eafn - Maison Chance","description":"M\u1ecdi l\u1ee3i nhu\u1eadn thu v\u1ec1 t\u1eeb vi\u1ec7c b\u00e1n h\u00e0ng s\u1ebd tr\u00edch m\u1ed9t ph\u1ea7n \u0111\u1ec3 ch\u0103m lo cho \u0111\u1eddi s\u1ed1ng c\u00e1c b\u1ea1n khuy\u1ebft t\u1eadt v\u00e0 tr\u1ebb m\u1ed3 c\u00f4i \u1edf \u0111\u00e2y","publisher":{"@id":"https:\/\/maison-chance.org\/shop\/#organization"},"potentialAction":[{"@type":"SearchAction","target":{"@type":"EntryPoint","urlTemplate":"https:\/\/maison-chance.org\/shop\/?s={search_term_string}"},"query-input":{"@type":"PropertyValueSpecification","valueRequired":true,"valueName":"search_term_string"}}],"inLanguage":"vi-VN"},{"@type":"Organization","@id":"https:\/\/maison-chance.org\/shop\/#organization","name":"Nh\u00e0 May M\u1eafn - Maison Chance","url":"https:\/\/maison-chance.org\/shop\/","logo":{"@type":"ImageObject","inLanguage":"vi-VN","@id":"https:\/\/maison-chance.org\/shop\/#\/schema\/logo\/image\/","url":"https:\/\/maison-chance.org\/shop\/wp-content\/uploads\/2024\/03\/cropped-Logo_DNXH.png","contentUrl":"https:\/\/maison-chance.org\/shop\/wp-content\/uploads\/2024\/03\/cropped-Logo_DNXH.png","width":512,"height":512,"caption":"Nh\u00e0 May M\u1eafn - Maison Chance"},"image":{"@id":"https:\/\/maison-chance.org\/shop\/#\/schema\/logo\/image\/"},"sameAs":["https:\/\/www.facebook.com\/dnxh.nhamayman\/"]}]},"product_price_amount":"11.80","product_price_currency":"USD","og_availability":"instock","product_availability":"instock","product_condition":"new"},"_links":{"self":[{"href":"https:\/\/maison-chance.org\/shop\/wp-json\/wp\/v2\/product\/39816","targetHints":{"allow":["GET"]}}],"collection":[{"href":"https:\/\/maison-chance.org\/shop\/wp-json\/wp\/v2\/product"}],"about":[{"href":"https:\/\/maison-chance.org\/shop\/wp-json\/wp\/v2\/types\/product"}],"wp:featuredmedia":[{"embeddable":true,"href":"https:\/\/maison-chance.org\/shop\/wp-json\/wp\/v2\/media\/39817"}],"wp:attachment":[{"href":"https:\/\/maison-chance.org\/shop\/wp-json\/wp\/v2\/media?parent=39816"}],"wp:term":[{"taxonomy":"product_brand","embeddable":true,"href":"https:\/\/maison-chance.org\/shop\/wp-json\/wp\/v2\/product_brand?post=39816"},{"taxonomy":"product_cat","embeddable":true,"href":"https:\/\/maison-chance.org\/shop\/wp-json\/wp\/v2\/product_cat?post=39816"},{"taxonomy":"product_tag","embeddable":true,"href":"https:\/\/maison-chance.org\/shop\/wp-json\/wp\/v2\/product_tag?post=39816"}],"curies":[{"name":"wp","href":"https:\/\/api.w.org\/{rel}","templated":true}]}}