{"id":39826,"date":"2024-06-14T08:07:13","date_gmt":"2024-06-14T01:07:13","guid":{"rendered":"https:\/\/maison-chance.org\/shop?post_type=product&#038;p=39826"},"modified":"2024-11-12T14:27:11","modified_gmt":"2024-11-12T07:27:11","slug":"tui-thoi-trang-fbkktc06","status":"publish","type":"product","link":"https:\/\/maison-chance.org\/shop\/san-pham\/tui-thoi-trang-fbkktc06","title":{"rendered":"T\u00fai th\u1eddi trang FBKKTC06"},"content":{"rendered":"<p style=\"text-align: justify\"><a href=\"https:\/\/maison-chance.org\/shop\/san-pham\/tui-thoi-trang-fbkktc06\">T\u00fai x\u00e1ch th\u1eddi trang FBKKTC06<\/a> l\u00e0 s\u1ef1 k\u1ebft h\u1ee3p tinh t\u1ebf gi\u1eefa v\u1ea3i kaki v\u00e0 th\u1ed5 c\u1ea9m truy\u1ec1n th\u1ed1ng, t\u1ea1o n\u00ean m\u1ed9t s\u1ea3n ph\u1ea9m v\u1eeba mang t\u00ednh th\u1ea9m m\u1ef9 cao, v\u1eeba b\u1ec1n b\u1ec9 v\u00e0 ti\u1ec7n d\u1ee5ng. V\u1edbi k\u00edch th\u01b0\u1edbc 43,5 x 38 cm, t\u00fai \u0111\u1ee7 l\u1edbn \u0111\u1ec3 b\u1ea1n mang theo c\u00e1c v\u1eadt d\u1ee5ng h\u00e0ng ng\u00e0y m\u00e0 v\u1eabn gi\u1eef \u0111\u01b0\u1ee3c v\u1ebb g\u1ecdn g\u00e0ng v\u00e0 thanh l\u1ecbch. \u0110i\u1ec1u \u0111\u1eb7c bi\u1ec7t, m\u1ed7i chi\u1ebfc t\u00fai l\u00e0 s\u1ea3n ph\u1ea9m th\u1ee7 c\u00f4ng tinh x\u1ea3o, \u0111\u01b0\u1ee3c may b\u1edfi nh\u1eefng ng\u01b0\u1eddi khuy\u1ebft t\u1eadt t\u1ea1i Nh\u00e0 May M\u1eafn \u2013 m\u1ed7i \u0111\u01b0\u1eddng may l\u00e0 minh ch\u1ee9ng cho s\u1ee9c m\u1ea1nh \u00fd ch\u00ed v\u00e0 s\u1ef1 s\u00e1ng t\u1ea1o kh\u00f4ng gi\u1edbi h\u1ea1n.<\/p>\n<p style=\"text-align: justify\"><a href=\"https:\/\/maison-chance.org\/shop\/phong-may\">T\u00fai x\u00e1ch FBKKTC06<\/a> kh\u00f4ng ch\u1ec9 l\u00e0 ph\u1ee5 ki\u1ec7n th\u1eddi trang, m\u00e0 c\u00f2n l\u00e0 ng\u01b0\u1eddi b\u1ea1n \u0111\u1ed3ng h\u00e0nh l\u00fd t\u01b0\u1edfng trong m\u1ecdi ho\u00e0n c\u1ea3nh. B\u1ea1n c\u00f3 th\u1ec3 s\u1eed d\u1ee5ng khi \u0111i l\u00e0m, \u0111i h\u1ecdc, hay \u0111\u01a1n gi\u1ea3n ch\u1ec9 l\u00e0 d\u1ea1o ph\u1ed1. Thi\u1ebft k\u1ebf th\u1eddi trang v\u00e0 ch\u1ea5t li\u1ec7u b\u1ec1n b\u1ec9 gi\u00fap b\u1ea1n d\u1ec5 d\u00e0ng ph\u1ed1i h\u1ee3p v\u1edbi nhi\u1ec1u trang ph\u1ee5c kh\u00e1c nhau, t\u1eeb qu\u1ea7n jean n\u0103ng \u0111\u1ed9ng \u0111\u1ebfn v\u00e1y \u0111\u1ea7m thanh l\u1ecbch. \u0110\u1eb7c bi\u1ec7t, t\u00fai c\u00f2n c\u00f3 th\u1ec3 l\u00e0 m\u1ed9t m\u00f3n qu\u00e0 tuy\u1ec7t v\u1eddi, th\u1ec3 hi\u1ec7n s\u1ef1 quan t\u00e2m v\u00e0 l\u00f2ng tr\u1eafc \u1ea9n c\u1ee7a b\u1ea1n \u0111\u1ed1i v\u1edbi ng\u01b0\u1eddi nh\u1eadn.<\/p>\n<p style=\"text-align: justify\">M\u1ed7i chi\u1ebfc t\u00fai x\u00e1ch FBKKTC06 kh\u00f4ng ch\u1ec9 l\u00e0 m\u1ed9t s\u1ea3n ph\u1ea9m th\u1eddi trang m\u00e0 c\u00f2n mang theo m\u1ed9t th\u00f4ng \u0111i\u1ec7p \u00fd ngh\u0129a v\u1ec1 s\u1ef1 h\u1ed7 tr\u1ee3 v\u00e0 s\u1ebb chia. Khi b\u1ea1n ch\u1ecdn mua s\u1ea3n ph\u1ea9m n\u00e0y, b\u1ea1n kh\u00f4ng ch\u1ec9 nh\u1eadn \u0111\u01b0\u1ee3c m\u1ed9t m\u00f3n \u0111\u1ed3 ch\u1ea5t l\u01b0\u1ee3ng m\u00e0 c\u00f2n g\u00f3p ph\u1ea7n t\u1ea1o n\u00ean c\u00f4ng \u0103n vi\u1ec7c l\u00e0m v\u00e0 ni\u1ec1m hy v\u1ecdng cho nh\u1eefng ng\u01b0\u1eddi khuy\u1ebft t\u1eadt t\u1ea1i Nh\u00e0 May M\u1eafn. H\u00e3y c\u00f9ng ch\u00fang t\u00f4i lan t\u1ecfa y\u00eau th\u01b0\u01a1ng v\u00e0 gi\u00fap \u0111\u1ee1 nh\u1eefng m\u1ea3nh \u0111\u1eddi kh\u00f3 kh\u0103n th\u00f4ng qua h\u00e0nh \u0111\u1ed9ng nh\u1ecf b\u00e9 nh\u01b0ng \u0111\u1ea7y \u00fd ngh\u0129a n\u00e0y. H\u00e3y c\u00f9ng ch\u00fang t\u00f4i nh\u00e2n r\u1ed9ng t\u00ecnh y\u00eau th\u01b0\u01a1ng v\u00e0 t\u1ea1o s\u1ef1 kh\u00e1c bi\u1ec7t b\u1eb1ng c\u00e1ch ch\u1ecdn mua <a href=\"https:\/\/maison-chance.org\/shop\/tui-xach\">t\u00fai x\u00e1ch<\/a> FBKKTC06 ngay h\u00f4m nay!<\/p>\n","protected":false},"excerpt":{"rendered":"<p style=\"text-align: justify\">S\u1ea3n ph\u1ea9m do c\u00e1c b\u1ea1n khuy\u1ebft t\u1eadt k\u00e9m may m\u1eafn s\u1ea3n xu\u1ea5t th\u1ee7 c\u00f4ng k\u00ednh mong nh\u1eadn \u0111\u01b0\u1ee3c s\u1ef1 \u1ee7ng h\u1ed9 c\u1ee7a Qu\u00fd kh\u00e1ch h\u00e0ng.<\/p>\n<p>Ch\u1ea5t li\u1ec7u:<\/p>\n<p>V\u1ea3i kaki + th\u1ed5 c\u1ea9m<\/p>\n<p>Code: K11TX<\/p>\n<p>K\u00edch th\u01b0\u1edbc : 43,5 x 38 cm<\/p>\n<p>Hotline : <span style=\"font-size: 20px\"><strong><span style=\"color: #ff0000\">0909 06 25 28<\/span><\/strong><\/span><\/p>\n<p style=\"text-align: justify\">N\u1ebfu b\u1ea1n \u1edf Vi\u1ec7t Nam vui l\u00f2ng li\u00ean h\u1ec7 ch\u00fang t\u00f4i theo s\u1ed1 hotline ho\u1eb7c fanpage doanh nghi\u1ec7p Nh\u00e0 May M\u1eafn ch\u00fang t\u00f4i \u0111\u1ec3 bi\u1ebft gi\u00e1 b\u00e1n t\u1ea1i Vi\u1ec7t Nam.<\/p>\n","protected":false},"featured_media":39831,"template":"","meta":[],"product_brand":[],"product_cat":[137,141],"product_tag":[],"class_list":{"0":"post-39826","1":"product","2":"type-product","3":"status-publish","4":"has-post-thumbnail","6":"product_cat-phong-may","7":"product_cat-tui-xach","9":"first","10":"instock","11":"shipping-taxable","12":"purchasable","13":"product-type-simple"},"yoast_head":"<!-- This site is optimized with the Yoast SEO Premium plugin v22.7 (Yoast SEO v25.3.1) - https:\/\/yoast.com\/wordpress\/plugins\/seo\/ -->\n<title>T\u00fai th\u1eddi trang FBKKTC06 - T\u00fai x\u00e1ch th\u1ed5 c\u1ea9m - Nh\u00e0 May M\u1eafn - Maison Chance<\/title>\n<meta name=\"description\" content=\"T\u00fai x\u00e1ch th\u1eddi trang FBKKTC06 l\u00e0 s\u1ef1 k\u1ebft h\u1ee3p ho\u00e0n h\u1ea3o gi\u1eefa v\u1ea3i kaki v\u00e0 th\u1ed5 c\u1ea9m, t\u1ea1o n\u00ean m\u1ed9t s\u1ea3n ph\u1ea9m v\u1eeba mang t\u00ednh th\u1ea9m m\u1ef9 cao, v\u1eeba b\u1ec1n b\u1ec9 v\u00e0 ti\u1ec7n d\u1ee5ng\" \/>\n<meta name=\"robots\" content=\"index, follow, max-snippet:-1, max-image-preview:large, max-video-preview:-1\" \/>\n<link rel=\"canonical\" href=\"https:\/\/maison-chance.org\/shop\/san-pham\/tui-thoi-trang-fbkktc06\" \/>\n<meta property=\"og:locale\" content=\"vi_VN\" \/>\n<meta property=\"og:type\" content=\"article\" \/>\n<meta property=\"og:title\" content=\"T\u00fai th\u1eddi trang FBKKTC06\" \/>\n<meta property=\"og:description\" content=\"T\u00fai x\u00e1ch th\u1eddi trang FBKKTC06 l\u00e0 s\u1ef1 k\u1ebft h\u1ee3p ho\u00e0n h\u1ea3o gi\u1eefa v\u1ea3i kaki v\u00e0 th\u1ed5 c\u1ea9m, t\u1ea1o n\u00ean m\u1ed9t s\u1ea3n ph\u1ea9m v\u1eeba mang t\u00ednh th\u1ea9m m\u1ef9 cao, v\u1eeba b\u1ec1n b\u1ec9 v\u00e0 ti\u1ec7n d\u1ee5ng\" \/>\n<meta property=\"og:url\" content=\"https:\/\/maison-chance.org\/shop\/san-pham\/tui-thoi-trang-fbkktc06\" \/>\n<meta property=\"og:site_name\" content=\"Nh\u00e0 May M\u1eafn - Maison Chance\" \/>\n<meta property=\"article:publisher\" content=\"https:\/\/www.facebook.com\/dnxh.nhamayman\/\" \/>\n<meta property=\"article:modified_time\" content=\"2024-11-12T07:27:11+00:00\" \/>\n<meta property=\"og:image\" content=\"https:\/\/maison-chance.org\/shop\/wp-content\/uploads\/2024\/06\/tui-thoi-trang-fbkktc06.jpg\" \/>\n\t<meta property=\"og:image:width\" content=\"600\" \/>\n\t<meta property=\"og:image:height\" content=\"600\" \/>\n\t<meta property=\"og:image:type\" content=\"image\/jpeg\" \/>\n<meta name=\"twitter:card\" content=\"summary_large_image\" \/>\n<meta name=\"twitter:label1\" content=\"Gi\u00e1\" \/>\n\t<meta name=\"twitter:data1\" content=\"17.90&nbsp;&#036;\" \/>\n\t<meta name=\"twitter:label2\" content=\"Availability\" \/>\n\t<meta name=\"twitter:data2\" content=\"In stock\" \/>\n<script type=\"application\/ld+json\" class=\"yoast-schema-graph\">{\"@context\":\"https:\/\/schema.org\",\"@graph\":[{\"@type\":\"WebPage\",\"@id\":\"https:\/\/maison-chance.org\/shop\/san-pham\/tui-thoi-trang-fbkktc06\",\"url\":\"https:\/\/maison-chance.org\/shop\/san-pham\/tui-thoi-trang-fbkktc06\",\"name\":\"T\u00fai th\u1eddi trang FBKKTC06 - T\u00fai x\u00e1ch th\u1ed5 c\u1ea9m - Nh\u00e0 May M\u1eafn - Maison Chance\",\"isPartOf\":{\"@id\":\"https:\/\/maison-chance.org\/shop\/#website\"},\"primaryImageOfPage\":{\"@id\":\"https:\/\/maison-chance.org\/shop\/san-pham\/tui-thoi-trang-fbkktc06#primaryimage\"},\"image\":{\"@id\":\"https:\/\/maison-chance.org\/shop\/san-pham\/tui-thoi-trang-fbkktc06#primaryimage\"},\"thumbnailUrl\":\"https:\/\/maison-chance.org\/shop\/wp-content\/uploads\/2024\/06\/tui-thoi-trang-fbkktc06.jpg\",\"datePublished\":\"2024-06-14T01:07:13+00:00\",\"dateModified\":\"2024-11-12T07:27:11+00:00\",\"description\":\"T\u00fai x\u00e1ch th\u1eddi trang FBKKTC06 l\u00e0 s\u1ef1 k\u1ebft h\u1ee3p ho\u00e0n h\u1ea3o gi\u1eefa v\u1ea3i kaki v\u00e0 th\u1ed5 c\u1ea9m, t\u1ea1o n\u00ean m\u1ed9t s\u1ea3n ph\u1ea9m v\u1eeba mang t\u00ednh th\u1ea9m m\u1ef9 cao, v\u1eeba b\u1ec1n b\u1ec9 v\u00e0 ti\u1ec7n d\u1ee5ng\",\"breadcrumb\":{\"@id\":\"https:\/\/maison-chance.org\/shop\/san-pham\/tui-thoi-trang-fbkktc06#breadcrumb\"},\"inLanguage\":\"vi-VN\",\"potentialAction\":[{\"@type\":\"ReadAction\",\"target\":[\"https:\/\/maison-chance.org\/shop\/san-pham\/tui-thoi-trang-fbkktc06\"]}]},{\"@type\":\"ImageObject\",\"inLanguage\":\"vi-VN\",\"@id\":\"https:\/\/maison-chance.org\/shop\/san-pham\/tui-thoi-trang-fbkktc06#primaryimage\",\"url\":\"https:\/\/maison-chance.org\/shop\/wp-content\/uploads\/2024\/06\/tui-thoi-trang-fbkktc06.jpg\",\"contentUrl\":\"https:\/\/maison-chance.org\/shop\/wp-content\/uploads\/2024\/06\/tui-thoi-trang-fbkktc06.jpg\",\"width\":600,\"height\":600,\"caption\":\"T\u00fai th\u1eddi trang FBKKTC06\"},{\"@type\":\"BreadcrumbList\",\"@id\":\"https:\/\/maison-chance.org\/shop\/san-pham\/tui-thoi-trang-fbkktc06#breadcrumb\",\"itemListElement\":[{\"@type\":\"ListItem\",\"position\":1,\"name\":\"Trang ch\u1ee7\",\"item\":\"https:\/\/maison-chance.org\/shop\/\"},{\"@type\":\"ListItem\",\"position\":2,\"name\":\"Shop\",\"item\":\"https:\/\/maison-chance.org\/shop\/shop\"},{\"@type\":\"ListItem\",\"position\":3,\"name\":\"T\u00fai th\u1eddi trang FBKKTC06\"}]},{\"@type\":\"WebSite\",\"@id\":\"https:\/\/maison-chance.org\/shop\/#website\",\"url\":\"https:\/\/maison-chance.org\/shop\/\",\"name\":\"Nh\u00e0 May M\u1eafn - Maison Chance\",\"description\":\"M\u1ecdi l\u1ee3i nhu\u1eadn thu v\u1ec1 t\u1eeb vi\u1ec7c b\u00e1n h\u00e0ng s\u1ebd tr\u00edch m\u1ed9t ph\u1ea7n \u0111\u1ec3 ch\u0103m lo cho \u0111\u1eddi s\u1ed1ng c\u00e1c b\u1ea1n khuy\u1ebft t\u1eadt v\u00e0 tr\u1ebb m\u1ed3 c\u00f4i \u1edf \u0111\u00e2y\",\"publisher\":{\"@id\":\"https:\/\/maison-chance.org\/shop\/#organization\"},\"potentialAction\":[{\"@type\":\"SearchAction\",\"target\":{\"@type\":\"EntryPoint\",\"urlTemplate\":\"https:\/\/maison-chance.org\/shop\/?s={search_term_string}\"},\"query-input\":{\"@type\":\"PropertyValueSpecification\",\"valueRequired\":true,\"valueName\":\"search_term_string\"}}],\"inLanguage\":\"vi-VN\"},{\"@type\":\"Organization\",\"@id\":\"https:\/\/maison-chance.org\/shop\/#organization\",\"name\":\"Nh\u00e0 May M\u1eafn - Maison Chance\",\"url\":\"https:\/\/maison-chance.org\/shop\/\",\"logo\":{\"@type\":\"ImageObject\",\"inLanguage\":\"vi-VN\",\"@id\":\"https:\/\/maison-chance.org\/shop\/#\/schema\/logo\/image\/\",\"url\":\"https:\/\/maison-chance.org\/shop\/wp-content\/uploads\/2024\/03\/cropped-Logo_DNXH.png\",\"contentUrl\":\"https:\/\/maison-chance.org\/shop\/wp-content\/uploads\/2024\/03\/cropped-Logo_DNXH.png\",\"width\":512,\"height\":512,\"caption\":\"Nh\u00e0 May M\u1eafn - Maison Chance\"},\"image\":{\"@id\":\"https:\/\/maison-chance.org\/shop\/#\/schema\/logo\/image\/\"},\"sameAs\":[\"https:\/\/www.facebook.com\/dnxh.nhamayman\/\"]}]}<\/script>\n<meta property=\"product:price:amount\" content=\"17.90\" \/>\n<meta property=\"product:price:currency\" content=\"USD\" \/>\n<meta property=\"og:availability\" content=\"instock\" \/>\n<meta property=\"product:availability\" content=\"instock\" \/>\n<meta property=\"product:condition\" content=\"new\" \/>\n<!-- \/ Yoast SEO Premium plugin. -->","yoast_head_json":{"title":"T\u00fai th\u1eddi trang FBKKTC06 - T\u00fai x\u00e1ch th\u1ed5 c\u1ea9m - Nh\u00e0 May M\u1eafn - Maison Chance","description":"T\u00fai x\u00e1ch th\u1eddi trang FBKKTC06 l\u00e0 s\u1ef1 k\u1ebft h\u1ee3p ho\u00e0n h\u1ea3o gi\u1eefa v\u1ea3i kaki v\u00e0 th\u1ed5 c\u1ea9m, t\u1ea1o n\u00ean m\u1ed9t s\u1ea3n ph\u1ea9m v\u1eeba mang t\u00ednh th\u1ea9m m\u1ef9 cao, v\u1eeba b\u1ec1n b\u1ec9 v\u00e0 ti\u1ec7n d\u1ee5ng","robots":{"index":"index","follow":"follow","max-snippet":"max-snippet:-1","max-image-preview":"max-image-preview:large","max-video-preview":"max-video-preview:-1"},"canonical":"https:\/\/maison-chance.org\/shop\/san-pham\/tui-thoi-trang-fbkktc06","og_locale":"vi_VN","og_type":"article","og_title":"T\u00fai th\u1eddi trang FBKKTC06","og_description":"T\u00fai x\u00e1ch th\u1eddi trang FBKKTC06 l\u00e0 s\u1ef1 k\u1ebft h\u1ee3p ho\u00e0n h\u1ea3o gi\u1eefa v\u1ea3i kaki v\u00e0 th\u1ed5 c\u1ea9m, t\u1ea1o n\u00ean m\u1ed9t s\u1ea3n ph\u1ea9m v\u1eeba mang t\u00ednh th\u1ea9m m\u1ef9 cao, v\u1eeba b\u1ec1n b\u1ec9 v\u00e0 ti\u1ec7n d\u1ee5ng","og_url":"https:\/\/maison-chance.org\/shop\/san-pham\/tui-thoi-trang-fbkktc06","og_site_name":"Nh\u00e0 May M\u1eafn - Maison Chance","article_publisher":"https:\/\/www.facebook.com\/dnxh.nhamayman\/","article_modified_time":"2024-11-12T07:27:11+00:00","og_image":[{"width":600,"height":600,"url":"https:\/\/maison-chance.org\/shop\/wp-content\/uploads\/2024\/06\/tui-thoi-trang-fbkktc06.jpg","type":"image\/jpeg"}],"twitter_card":"summary_large_image","twitter_misc":{"Gi\u00e1":"17.90&nbsp;&#36;","Availability":"In stock"},"schema":{"@context":"https:\/\/schema.org","@graph":[{"@type":"WebPage","@id":"https:\/\/maison-chance.org\/shop\/san-pham\/tui-thoi-trang-fbkktc06","url":"https:\/\/maison-chance.org\/shop\/san-pham\/tui-thoi-trang-fbkktc06","name":"T\u00fai th\u1eddi trang FBKKTC06 - T\u00fai x\u00e1ch th\u1ed5 c\u1ea9m - Nh\u00e0 May M\u1eafn - Maison Chance","isPartOf":{"@id":"https:\/\/maison-chance.org\/shop\/#website"},"primaryImageOfPage":{"@id":"https:\/\/maison-chance.org\/shop\/san-pham\/tui-thoi-trang-fbkktc06#primaryimage"},"image":{"@id":"https:\/\/maison-chance.org\/shop\/san-pham\/tui-thoi-trang-fbkktc06#primaryimage"},"thumbnailUrl":"https:\/\/maison-chance.org\/shop\/wp-content\/uploads\/2024\/06\/tui-thoi-trang-fbkktc06.jpg","datePublished":"2024-06-14T01:07:13+00:00","dateModified":"2024-11-12T07:27:11+00:00","description":"T\u00fai x\u00e1ch th\u1eddi trang FBKKTC06 l\u00e0 s\u1ef1 k\u1ebft h\u1ee3p ho\u00e0n h\u1ea3o gi\u1eefa v\u1ea3i kaki v\u00e0 th\u1ed5 c\u1ea9m, t\u1ea1o n\u00ean m\u1ed9t s\u1ea3n ph\u1ea9m v\u1eeba mang t\u00ednh th\u1ea9m m\u1ef9 cao, v\u1eeba b\u1ec1n b\u1ec9 v\u00e0 ti\u1ec7n d\u1ee5ng","breadcrumb":{"@id":"https:\/\/maison-chance.org\/shop\/san-pham\/tui-thoi-trang-fbkktc06#breadcrumb"},"inLanguage":"vi-VN","potentialAction":[{"@type":"ReadAction","target":["https:\/\/maison-chance.org\/shop\/san-pham\/tui-thoi-trang-fbkktc06"]}]},{"@type":"ImageObject","inLanguage":"vi-VN","@id":"https:\/\/maison-chance.org\/shop\/san-pham\/tui-thoi-trang-fbkktc06#primaryimage","url":"https:\/\/maison-chance.org\/shop\/wp-content\/uploads\/2024\/06\/tui-thoi-trang-fbkktc06.jpg","contentUrl":"https:\/\/maison-chance.org\/shop\/wp-content\/uploads\/2024\/06\/tui-thoi-trang-fbkktc06.jpg","width":600,"height":600,"caption":"T\u00fai th\u1eddi trang FBKKTC06"},{"@type":"BreadcrumbList","@id":"https:\/\/maison-chance.org\/shop\/san-pham\/tui-thoi-trang-fbkktc06#breadcrumb","itemListElement":[{"@type":"ListItem","position":1,"name":"Trang ch\u1ee7","item":"https:\/\/maison-chance.org\/shop\/"},{"@type":"ListItem","position":2,"name":"Shop","item":"https:\/\/maison-chance.org\/shop\/shop"},{"@type":"ListItem","position":3,"name":"T\u00fai th\u1eddi trang FBKKTC06"}]},{"@type":"WebSite","@id":"https:\/\/maison-chance.org\/shop\/#website","url":"https:\/\/maison-chance.org\/shop\/","name":"Nh\u00e0 May M\u1eafn - Maison Chance","description":"M\u1ecdi l\u1ee3i nhu\u1eadn thu v\u1ec1 t\u1eeb vi\u1ec7c b\u00e1n h\u00e0ng s\u1ebd tr\u00edch m\u1ed9t ph\u1ea7n \u0111\u1ec3 ch\u0103m lo cho \u0111\u1eddi s\u1ed1ng c\u00e1c b\u1ea1n khuy\u1ebft t\u1eadt v\u00e0 tr\u1ebb m\u1ed3 c\u00f4i \u1edf \u0111\u00e2y","publisher":{"@id":"https:\/\/maison-chance.org\/shop\/#organization"},"potentialAction":[{"@type":"SearchAction","target":{"@type":"EntryPoint","urlTemplate":"https:\/\/maison-chance.org\/shop\/?s={search_term_string}"},"query-input":{"@type":"PropertyValueSpecification","valueRequired":true,"valueName":"search_term_string"}}],"inLanguage":"vi-VN"},{"@type":"Organization","@id":"https:\/\/maison-chance.org\/shop\/#organization","name":"Nh\u00e0 May M\u1eafn - Maison Chance","url":"https:\/\/maison-chance.org\/shop\/","logo":{"@type":"ImageObject","inLanguage":"vi-VN","@id":"https:\/\/maison-chance.org\/shop\/#\/schema\/logo\/image\/","url":"https:\/\/maison-chance.org\/shop\/wp-content\/uploads\/2024\/03\/cropped-Logo_DNXH.png","contentUrl":"https:\/\/maison-chance.org\/shop\/wp-content\/uploads\/2024\/03\/cropped-Logo_DNXH.png","width":512,"height":512,"caption":"Nh\u00e0 May M\u1eafn - Maison Chance"},"image":{"@id":"https:\/\/maison-chance.org\/shop\/#\/schema\/logo\/image\/"},"sameAs":["https:\/\/www.facebook.com\/dnxh.nhamayman\/"]}]},"product_price_amount":"17.90","product_price_currency":"USD","og_availability":"instock","product_availability":"instock","product_condition":"new"},"_links":{"self":[{"href":"https:\/\/maison-chance.org\/shop\/wp-json\/wp\/v2\/product\/39826","targetHints":{"allow":["GET"]}}],"collection":[{"href":"https:\/\/maison-chance.org\/shop\/wp-json\/wp\/v2\/product"}],"about":[{"href":"https:\/\/maison-chance.org\/shop\/wp-json\/wp\/v2\/types\/product"}],"wp:featuredmedia":[{"embeddable":true,"href":"https:\/\/maison-chance.org\/shop\/wp-json\/wp\/v2\/media\/39831"}],"wp:attachment":[{"href":"https:\/\/maison-chance.org\/shop\/wp-json\/wp\/v2\/media?parent=39826"}],"wp:term":[{"taxonomy":"product_brand","embeddable":true,"href":"https:\/\/maison-chance.org\/shop\/wp-json\/wp\/v2\/product_brand?post=39826"},{"taxonomy":"product_cat","embeddable":true,"href":"https:\/\/maison-chance.org\/shop\/wp-json\/wp\/v2\/product_cat?post=39826"},{"taxonomy":"product_tag","embeddable":true,"href":"https:\/\/maison-chance.org\/shop\/wp-json\/wp\/v2\/product_tag?post=39826"}],"curies":[{"name":"wp","href":"https:\/\/api.w.org\/{rel}","templated":true}]}}