{"id":39839,"date":"2024-06-14T08:40:02","date_gmt":"2024-06-14T01:40:02","guid":{"rendered":"https:\/\/maison-chance.org\/shop?post_type=product&#038;p=39839"},"modified":"2024-11-12T17:04:40","modified_gmt":"2024-11-12T10:04:40","slug":"tui-thoi-trang-fbkktc09","status":"publish","type":"product","link":"https:\/\/maison-chance.org\/shop\/san-pham\/tui-thoi-trang-fbkktc09","title":{"rendered":"T\u00fai th\u1eddi trang FBKKTC09"},"content":{"rendered":"<p style=\"text-align: justify\">B\u1ea1n c\u00f3 bi\u1ebft r\u1eb1ng m\u1ed7i chi\u1ebfc <a href=\"https:\/\/maison-chance.org\/shop\/san-pham\/tui-thoi-trang-fbkktc09\">t\u00fai x\u00e1ch th\u1eddi trang FBKKTC09<\/a> kh\u00f4ng ch\u1ec9 l\u00e0 m\u1ed9t m\u00f3n ph\u1ee5 ki\u1ec7n \u0111\u1eb9p m\u1eaft m\u00e0 c\u00f2n l\u00e0 m\u1ed9t c\u00e2u chuy\u1ec7n v\u1ec1 t\u00ecnh y\u00eau v\u00e0 l\u00f2ng nhi\u1ec7t th\u00e0nh? \u0110\u01b0\u1ee3c l\u00e0m t\u1eeb ch\u1ea5t li\u1ec7u v\u1ea3i kaki cao c\u1ea5p k\u1ebft h\u1ee3p v\u1edbi v\u1ea3i th\u1ed5 c\u1ea9m, m\u1ed7i chi\u1ebfc t\u00fai mang \u0111\u1eadm d\u1ea5u \u1ea5n th\u1ee7 c\u00f4ng, t\u1eebng \u0111\u01b0\u1eddng kim m\u0169i ch\u1ec9 \u0111\u1ec1u ch\u1ee9a \u0111\u1ef1ng s\u1ef1 t\u1ec9 m\u1ec9 v\u00e0 t\u00e2m huy\u1ebft, mang l\u1ea1i s\u1ef1 tinh t\u1ebf v\u00e0 s\u1ed1ng \u0111\u1ed9ng cho s\u1ea3n ph\u1ea9m.<\/p>\n<p style=\"text-align: justify\">V\u1edbi k\u00edch th\u01b0\u1edbc l\u00fd t\u01b0\u1edfng 22 x 28 cm, chi\u1ebfc t\u00fai kh\u00f4ng ch\u1ec9 \u0111\u00e1p \u1ee9ng nhu c\u1ea7u th\u1eddi trang m\u00e0 c\u00f2n mang \u0111\u1ebfn s\u1ef1 ti\u1ec7n l\u1ee3i v\u00e0 linh ho\u1ea1t trong m\u1ed7i ng\u00e0y. B\u1ea1n c\u00f3 th\u1ec3 d\u1ec5 d\u00e0ng mang theo \u0111i l\u00e0m, d\u1ea1o ph\u1ed1 hay t\u1eadn h\u01b0\u1edfng nh\u1eefng bu\u1ed5i \u0111i ch\u01a1i cu\u1ed1i tu\u1ea7n v\u1edbi v\u1ebb ngo\u00e0i t\u1ef1 tin v\u00e0 sang tr\u1ecdng.<\/p>\n<p style=\"text-align: justify\">Nh\u01b0 m\u1ed9t ph\u1ea7n trong c\u1ed9ng \u0111\u1ed3ng h\u1ed7 tr\u1ee3 ng\u01b0\u1eddi khuy\u1ebft t\u1eadt, m\u1ed7i l\u1ea7n b\u1ea1n mua m\u1ed9t chi\u1ebfc <a href=\"https:\/\/maison-chance.org\/shop\/phong-may\">t\u00fai x\u00e1ch t\u1eeb Nh\u00e0 May M\u1eafn<\/a>, b\u1ea1n kh\u00f4ng ch\u1ec9 n\u00e2ng niu gi\u00e1 tr\u1ecb th\u1ea9m m\u1ef9 m\u00e0 c\u00f2n \u0111ang g\u00f3p ph\u1ea7n lan t\u1ecfa th\u00f4ng \u0111i\u1ec7p nh\u00e2n v\u0103n: s\u1ef1 c\u1ed1ng hi\u1ebfn, l\u00f2ng nh\u00e2n \u00e1i v\u00e0 tinh th\u1ea7n ki\u00ean c\u01b0\u1eddng. \u0110\u00e2y l\u00e0 c\u01a1 h\u1ed9i \u0111\u1ec3 b\u1ea1n kh\u00f4ng ch\u1ec9 s\u1edf h\u1eefu m\u1ed9t s\u1ea3n ph\u1ea9m tuy\u1ec7t v\u1eddi m\u00e0 c\u00f2n gi\u00fap t\u00f4n vinh v\u00e0 h\u1ed7 tr\u1ee3 nh\u1eefng ng\u01b0\u1eddi c\u00f3 ngh\u1ecb l\u1ef1c phi th\u01b0\u1eddng. H\u00e3y \u1ee7ng h\u1ed9 v\u00e0 chia s\u1ebb c\u00e2u chuy\u1ec7n n\u00e0y v\u1edbi b\u1ea1n b\u00e8, gia \u0111\u00ecnh \u0111\u1ec3 lan to\u1ea3 th\u00eam ni\u1ec1m vui v\u00e0 \u00fd ngh\u0129a.<\/p>\n<p style=\"text-align: justify\">H\u00e3y truy c\u1eadp ngay website c\u1ee7a Nh\u00e0 May M\u1eafn \u0111\u1ec3 kh\u00e1m ph\u00e1 v\u00e0 s\u1edf h\u1eefu ngay m\u1ed9t chi\u1ebfc <a href=\"https:\/\/maison-chance.org\/shop\/tui-xach\">t\u00fai x\u00e1ch th\u1eddi trang<\/a> FBKKTC09, \u0111\u1ec3 m\u1ed7i b\u01b0\u1edbc \u0111i c\u1ee7a b\u1ea1n kh\u00f4ng ch\u1ec9 l\u00e0 phong c\u00e1ch th\u1eddi trang m\u00e0 c\u00f2n l\u00e0 ngu\u1ed3n \u0111\u1ed9ng l\u1ef1c l\u1edbn lao c\u1ed5 v\u0169 cho nh\u1eefng con ng\u01b0\u1eddi c\u00f3 tinh th\u1ea7n ngh\u1ecb l\u1ef1c v\u01b0\u1ee3t kh\u00f3.<\/p>\n","protected":false},"excerpt":{"rendered":"<p style=\"text-align: justify\">S\u1ea3n ph\u1ea9m do c\u00e1c b\u1ea1n khuy\u1ebft t\u1eadt k\u00e9m may m\u1eafn s\u1ea3n xu\u1ea5t th\u1ee7 c\u00f4ng k\u00ednh mong nh\u1eadn \u0111\u01b0\u1ee3c s\u1ef1 \u1ee7ng h\u1ed9 c\u1ee7a Qu\u00fd kh\u00e1ch h\u00e0ng.<\/p>\n<p>Ch\u1ea5t li\u1ec7u: V\u1ea3i kaki + th\u1ed5 c\u1ea9m<\/p>\n<p>Code: K10TX<\/p>\n<p>K\u00edch th\u01b0\u1edbc : 22 x 28 cm<\/p>\n<p>Hotline : <span style=\"font-size: 20px\"><strong><span style=\"color: #ff0000\">0909 06 25 28<\/span><\/strong><\/span><\/p>\n<p style=\"text-align: justify\">N\u1ebfu b\u1ea1n \u1edf Vi\u1ec7t Nam vui l\u00f2ng li\u00ean h\u1ec7 ch\u00fang t\u00f4i theo s\u1ed1 hotline ho\u1eb7c fanpage doanh nghi\u1ec7p Nh\u00e0 May M\u1eafn ch\u00fang t\u00f4i \u0111\u1ec3 bi\u1ebft gi\u00e1 b\u00e1n t\u1ea1i Vi\u1ec7t Nam.<\/p>\n","protected":false},"featured_media":39840,"template":"","meta":[],"product_brand":[],"product_cat":[137,141],"product_tag":[],"class_list":{"0":"post-39839","1":"product","2":"type-product","3":"status-publish","4":"has-post-thumbnail","6":"product_cat-phong-may","7":"product_cat-tui-xach","9":"first","10":"instock","11":"shipping-taxable","12":"purchasable","13":"product-type-simple"},"yoast_head":"<!-- This site is optimized with the Yoast SEO Premium plugin v22.7 (Yoast SEO v25.3.1) - https:\/\/yoast.com\/wordpress\/plugins\/seo\/ -->\n<title>T\u00fai th\u1eddi trang FBKKTC09 - T\u00fai x\u00e1ch th\u1ed5 c\u1ea9m - Nh\u00e0 May M\u1eafn - Maison Chance<\/title>\n<meta name=\"description\" content=\"T\u00fai x\u00e1ch th\u1eddi trang FBKKTC09 kh\u00f4ng ch\u1ec9 l\u00e0 m\u1ed9t m\u00f3n ph\u1ee5 ki\u1ec7n \u0111\u1eb9p m\u1eaft m\u00e0 c\u00f2n l\u00e0 m\u1ed9t c\u00e2u chuy\u1ec7n v\u1ec1 t\u00ecnh y\u00eau v\u00e0 l\u00f2ng nhi\u1ec7t th\u00e0nh? Ch\u1ea5t li\u1ec7u v\u1ea3i kaki + th\u1ed5 c\u1ea9m\" \/>\n<meta name=\"robots\" content=\"index, follow, max-snippet:-1, max-image-preview:large, max-video-preview:-1\" \/>\n<link rel=\"canonical\" href=\"https:\/\/maison-chance.org\/shop\/san-pham\/tui-thoi-trang-fbkktc09\" \/>\n<meta property=\"og:locale\" content=\"vi_VN\" \/>\n<meta property=\"og:type\" content=\"article\" \/>\n<meta property=\"og:title\" content=\"T\u00fai th\u1eddi trang FBKKTC09\" \/>\n<meta property=\"og:description\" content=\"T\u00fai x\u00e1ch th\u1eddi trang FBKKTC09 kh\u00f4ng ch\u1ec9 l\u00e0 m\u1ed9t m\u00f3n ph\u1ee5 ki\u1ec7n \u0111\u1eb9p m\u1eaft m\u00e0 c\u00f2n l\u00e0 m\u1ed9t c\u00e2u chuy\u1ec7n v\u1ec1 t\u00ecnh y\u00eau v\u00e0 l\u00f2ng nhi\u1ec7t th\u00e0nh? Ch\u1ea5t li\u1ec7u v\u1ea3i kaki + th\u1ed5 c\u1ea9m\" \/>\n<meta property=\"og:url\" content=\"https:\/\/maison-chance.org\/shop\/san-pham\/tui-thoi-trang-fbkktc09\" \/>\n<meta property=\"og:site_name\" content=\"Nh\u00e0 May M\u1eafn - Maison Chance\" \/>\n<meta property=\"article:publisher\" content=\"https:\/\/www.facebook.com\/dnxh.nhamayman\/\" \/>\n<meta property=\"article:modified_time\" content=\"2024-11-12T10:04:40+00:00\" \/>\n<meta property=\"og:image\" content=\"https:\/\/maison-chance.org\/shop\/wp-content\/uploads\/2024\/06\/tui-thoi-trang-fbkktc09.jpg\" \/>\n\t<meta property=\"og:image:width\" content=\"600\" \/>\n\t<meta property=\"og:image:height\" content=\"600\" \/>\n\t<meta property=\"og:image:type\" content=\"image\/jpeg\" \/>\n<meta name=\"twitter:card\" content=\"summary_large_image\" \/>\n<meta name=\"twitter:label1\" content=\"Gi\u00e1\" \/>\n\t<meta name=\"twitter:data1\" content=\"4.80&nbsp;&#036;\" \/>\n\t<meta name=\"twitter:label2\" content=\"Availability\" \/>\n\t<meta name=\"twitter:data2\" content=\"In stock\" \/>\n<script type=\"application\/ld+json\" class=\"yoast-schema-graph\">{\"@context\":\"https:\/\/schema.org\",\"@graph\":[{\"@type\":\"WebPage\",\"@id\":\"https:\/\/maison-chance.org\/shop\/san-pham\/tui-thoi-trang-fbkktc09\",\"url\":\"https:\/\/maison-chance.org\/shop\/san-pham\/tui-thoi-trang-fbkktc09\",\"name\":\"T\u00fai th\u1eddi trang FBKKTC09 - T\u00fai x\u00e1ch th\u1ed5 c\u1ea9m - Nh\u00e0 May M\u1eafn - Maison Chance\",\"isPartOf\":{\"@id\":\"https:\/\/maison-chance.org\/shop\/#website\"},\"primaryImageOfPage\":{\"@id\":\"https:\/\/maison-chance.org\/shop\/san-pham\/tui-thoi-trang-fbkktc09#primaryimage\"},\"image\":{\"@id\":\"https:\/\/maison-chance.org\/shop\/san-pham\/tui-thoi-trang-fbkktc09#primaryimage\"},\"thumbnailUrl\":\"https:\/\/maison-chance.org\/shop\/wp-content\/uploads\/2024\/06\/tui-thoi-trang-fbkktc09.jpg\",\"datePublished\":\"2024-06-14T01:40:02+00:00\",\"dateModified\":\"2024-11-12T10:04:40+00:00\",\"description\":\"T\u00fai x\u00e1ch th\u1eddi trang FBKKTC09 kh\u00f4ng ch\u1ec9 l\u00e0 m\u1ed9t m\u00f3n ph\u1ee5 ki\u1ec7n \u0111\u1eb9p m\u1eaft m\u00e0 c\u00f2n l\u00e0 m\u1ed9t c\u00e2u chuy\u1ec7n v\u1ec1 t\u00ecnh y\u00eau v\u00e0 l\u00f2ng nhi\u1ec7t th\u00e0nh? Ch\u1ea5t li\u1ec7u v\u1ea3i kaki + th\u1ed5 c\u1ea9m\",\"breadcrumb\":{\"@id\":\"https:\/\/maison-chance.org\/shop\/san-pham\/tui-thoi-trang-fbkktc09#breadcrumb\"},\"inLanguage\":\"vi-VN\",\"potentialAction\":[{\"@type\":\"ReadAction\",\"target\":[\"https:\/\/maison-chance.org\/shop\/san-pham\/tui-thoi-trang-fbkktc09\"]}]},{\"@type\":\"ImageObject\",\"inLanguage\":\"vi-VN\",\"@id\":\"https:\/\/maison-chance.org\/shop\/san-pham\/tui-thoi-trang-fbkktc09#primaryimage\",\"url\":\"https:\/\/maison-chance.org\/shop\/wp-content\/uploads\/2024\/06\/tui-thoi-trang-fbkktc09.jpg\",\"contentUrl\":\"https:\/\/maison-chance.org\/shop\/wp-content\/uploads\/2024\/06\/tui-thoi-trang-fbkktc09.jpg\",\"width\":600,\"height\":600,\"caption\":\"T\u00fai th\u1eddi trang FBKKTC09\"},{\"@type\":\"BreadcrumbList\",\"@id\":\"https:\/\/maison-chance.org\/shop\/san-pham\/tui-thoi-trang-fbkktc09#breadcrumb\",\"itemListElement\":[{\"@type\":\"ListItem\",\"position\":1,\"name\":\"Trang ch\u1ee7\",\"item\":\"https:\/\/maison-chance.org\/shop\/\"},{\"@type\":\"ListItem\",\"position\":2,\"name\":\"Shop\",\"item\":\"https:\/\/maison-chance.org\/shop\/shop\"},{\"@type\":\"ListItem\",\"position\":3,\"name\":\"T\u00fai th\u1eddi trang FBKKTC09\"}]},{\"@type\":\"WebSite\",\"@id\":\"https:\/\/maison-chance.org\/shop\/#website\",\"url\":\"https:\/\/maison-chance.org\/shop\/\",\"name\":\"Nh\u00e0 May M\u1eafn - Maison Chance\",\"description\":\"M\u1ecdi l\u1ee3i nhu\u1eadn thu v\u1ec1 t\u1eeb vi\u1ec7c b\u00e1n h\u00e0ng s\u1ebd tr\u00edch m\u1ed9t ph\u1ea7n \u0111\u1ec3 ch\u0103m lo cho \u0111\u1eddi s\u1ed1ng c\u00e1c b\u1ea1n khuy\u1ebft t\u1eadt v\u00e0 tr\u1ebb m\u1ed3 c\u00f4i \u1edf \u0111\u00e2y\",\"publisher\":{\"@id\":\"https:\/\/maison-chance.org\/shop\/#organization\"},\"potentialAction\":[{\"@type\":\"SearchAction\",\"target\":{\"@type\":\"EntryPoint\",\"urlTemplate\":\"https:\/\/maison-chance.org\/shop\/?s={search_term_string}\"},\"query-input\":{\"@type\":\"PropertyValueSpecification\",\"valueRequired\":true,\"valueName\":\"search_term_string\"}}],\"inLanguage\":\"vi-VN\"},{\"@type\":\"Organization\",\"@id\":\"https:\/\/maison-chance.org\/shop\/#organization\",\"name\":\"Nh\u00e0 May M\u1eafn - Maison Chance\",\"url\":\"https:\/\/maison-chance.org\/shop\/\",\"logo\":{\"@type\":\"ImageObject\",\"inLanguage\":\"vi-VN\",\"@id\":\"https:\/\/maison-chance.org\/shop\/#\/schema\/logo\/image\/\",\"url\":\"https:\/\/maison-chance.org\/shop\/wp-content\/uploads\/2024\/03\/cropped-Logo_DNXH.png\",\"contentUrl\":\"https:\/\/maison-chance.org\/shop\/wp-content\/uploads\/2024\/03\/cropped-Logo_DNXH.png\",\"width\":512,\"height\":512,\"caption\":\"Nh\u00e0 May M\u1eafn - Maison Chance\"},\"image\":{\"@id\":\"https:\/\/maison-chance.org\/shop\/#\/schema\/logo\/image\/\"},\"sameAs\":[\"https:\/\/www.facebook.com\/dnxh.nhamayman\/\"]}]}<\/script>\n<meta property=\"product:price:amount\" content=\"4.80\" \/>\n<meta property=\"product:price:currency\" content=\"USD\" \/>\n<meta property=\"og:availability\" content=\"instock\" \/>\n<meta property=\"product:availability\" content=\"instock\" \/>\n<meta property=\"product:condition\" content=\"new\" \/>\n<!-- \/ Yoast SEO Premium plugin. -->","yoast_head_json":{"title":"T\u00fai th\u1eddi trang FBKKTC09 - T\u00fai x\u00e1ch th\u1ed5 c\u1ea9m - Nh\u00e0 May M\u1eafn - Maison Chance","description":"T\u00fai x\u00e1ch th\u1eddi trang FBKKTC09 kh\u00f4ng ch\u1ec9 l\u00e0 m\u1ed9t m\u00f3n ph\u1ee5 ki\u1ec7n \u0111\u1eb9p m\u1eaft m\u00e0 c\u00f2n l\u00e0 m\u1ed9t c\u00e2u chuy\u1ec7n v\u1ec1 t\u00ecnh y\u00eau v\u00e0 l\u00f2ng nhi\u1ec7t th\u00e0nh? Ch\u1ea5t li\u1ec7u v\u1ea3i kaki + th\u1ed5 c\u1ea9m","robots":{"index":"index","follow":"follow","max-snippet":"max-snippet:-1","max-image-preview":"max-image-preview:large","max-video-preview":"max-video-preview:-1"},"canonical":"https:\/\/maison-chance.org\/shop\/san-pham\/tui-thoi-trang-fbkktc09","og_locale":"vi_VN","og_type":"article","og_title":"T\u00fai th\u1eddi trang FBKKTC09","og_description":"T\u00fai x\u00e1ch th\u1eddi trang FBKKTC09 kh\u00f4ng ch\u1ec9 l\u00e0 m\u1ed9t m\u00f3n ph\u1ee5 ki\u1ec7n \u0111\u1eb9p m\u1eaft m\u00e0 c\u00f2n l\u00e0 m\u1ed9t c\u00e2u chuy\u1ec7n v\u1ec1 t\u00ecnh y\u00eau v\u00e0 l\u00f2ng nhi\u1ec7t th\u00e0nh? Ch\u1ea5t li\u1ec7u v\u1ea3i kaki + th\u1ed5 c\u1ea9m","og_url":"https:\/\/maison-chance.org\/shop\/san-pham\/tui-thoi-trang-fbkktc09","og_site_name":"Nh\u00e0 May M\u1eafn - Maison Chance","article_publisher":"https:\/\/www.facebook.com\/dnxh.nhamayman\/","article_modified_time":"2024-11-12T10:04:40+00:00","og_image":[{"width":600,"height":600,"url":"https:\/\/maison-chance.org\/shop\/wp-content\/uploads\/2024\/06\/tui-thoi-trang-fbkktc09.jpg","type":"image\/jpeg"}],"twitter_card":"summary_large_image","twitter_misc":{"Gi\u00e1":"4.80&nbsp;&#36;","Availability":"In stock"},"schema":{"@context":"https:\/\/schema.org","@graph":[{"@type":"WebPage","@id":"https:\/\/maison-chance.org\/shop\/san-pham\/tui-thoi-trang-fbkktc09","url":"https:\/\/maison-chance.org\/shop\/san-pham\/tui-thoi-trang-fbkktc09","name":"T\u00fai th\u1eddi trang FBKKTC09 - T\u00fai x\u00e1ch th\u1ed5 c\u1ea9m - Nh\u00e0 May M\u1eafn - Maison Chance","isPartOf":{"@id":"https:\/\/maison-chance.org\/shop\/#website"},"primaryImageOfPage":{"@id":"https:\/\/maison-chance.org\/shop\/san-pham\/tui-thoi-trang-fbkktc09#primaryimage"},"image":{"@id":"https:\/\/maison-chance.org\/shop\/san-pham\/tui-thoi-trang-fbkktc09#primaryimage"},"thumbnailUrl":"https:\/\/maison-chance.org\/shop\/wp-content\/uploads\/2024\/06\/tui-thoi-trang-fbkktc09.jpg","datePublished":"2024-06-14T01:40:02+00:00","dateModified":"2024-11-12T10:04:40+00:00","description":"T\u00fai x\u00e1ch th\u1eddi trang FBKKTC09 kh\u00f4ng ch\u1ec9 l\u00e0 m\u1ed9t m\u00f3n ph\u1ee5 ki\u1ec7n \u0111\u1eb9p m\u1eaft m\u00e0 c\u00f2n l\u00e0 m\u1ed9t c\u00e2u chuy\u1ec7n v\u1ec1 t\u00ecnh y\u00eau v\u00e0 l\u00f2ng nhi\u1ec7t th\u00e0nh? Ch\u1ea5t li\u1ec7u v\u1ea3i kaki + th\u1ed5 c\u1ea9m","breadcrumb":{"@id":"https:\/\/maison-chance.org\/shop\/san-pham\/tui-thoi-trang-fbkktc09#breadcrumb"},"inLanguage":"vi-VN","potentialAction":[{"@type":"ReadAction","target":["https:\/\/maison-chance.org\/shop\/san-pham\/tui-thoi-trang-fbkktc09"]}]},{"@type":"ImageObject","inLanguage":"vi-VN","@id":"https:\/\/maison-chance.org\/shop\/san-pham\/tui-thoi-trang-fbkktc09#primaryimage","url":"https:\/\/maison-chance.org\/shop\/wp-content\/uploads\/2024\/06\/tui-thoi-trang-fbkktc09.jpg","contentUrl":"https:\/\/maison-chance.org\/shop\/wp-content\/uploads\/2024\/06\/tui-thoi-trang-fbkktc09.jpg","width":600,"height":600,"caption":"T\u00fai th\u1eddi trang FBKKTC09"},{"@type":"BreadcrumbList","@id":"https:\/\/maison-chance.org\/shop\/san-pham\/tui-thoi-trang-fbkktc09#breadcrumb","itemListElement":[{"@type":"ListItem","position":1,"name":"Trang ch\u1ee7","item":"https:\/\/maison-chance.org\/shop\/"},{"@type":"ListItem","position":2,"name":"Shop","item":"https:\/\/maison-chance.org\/shop\/shop"},{"@type":"ListItem","position":3,"name":"T\u00fai th\u1eddi trang FBKKTC09"}]},{"@type":"WebSite","@id":"https:\/\/maison-chance.org\/shop\/#website","url":"https:\/\/maison-chance.org\/shop\/","name":"Nh\u00e0 May M\u1eafn - Maison Chance","description":"M\u1ecdi l\u1ee3i nhu\u1eadn thu v\u1ec1 t\u1eeb vi\u1ec7c b\u00e1n h\u00e0ng s\u1ebd tr\u00edch m\u1ed9t ph\u1ea7n \u0111\u1ec3 ch\u0103m lo cho \u0111\u1eddi s\u1ed1ng c\u00e1c b\u1ea1n khuy\u1ebft t\u1eadt v\u00e0 tr\u1ebb m\u1ed3 c\u00f4i \u1edf \u0111\u00e2y","publisher":{"@id":"https:\/\/maison-chance.org\/shop\/#organization"},"potentialAction":[{"@type":"SearchAction","target":{"@type":"EntryPoint","urlTemplate":"https:\/\/maison-chance.org\/shop\/?s={search_term_string}"},"query-input":{"@type":"PropertyValueSpecification","valueRequired":true,"valueName":"search_term_string"}}],"inLanguage":"vi-VN"},{"@type":"Organization","@id":"https:\/\/maison-chance.org\/shop\/#organization","name":"Nh\u00e0 May M\u1eafn - Maison Chance","url":"https:\/\/maison-chance.org\/shop\/","logo":{"@type":"ImageObject","inLanguage":"vi-VN","@id":"https:\/\/maison-chance.org\/shop\/#\/schema\/logo\/image\/","url":"https:\/\/maison-chance.org\/shop\/wp-content\/uploads\/2024\/03\/cropped-Logo_DNXH.png","contentUrl":"https:\/\/maison-chance.org\/shop\/wp-content\/uploads\/2024\/03\/cropped-Logo_DNXH.png","width":512,"height":512,"caption":"Nh\u00e0 May M\u1eafn - Maison Chance"},"image":{"@id":"https:\/\/maison-chance.org\/shop\/#\/schema\/logo\/image\/"},"sameAs":["https:\/\/www.facebook.com\/dnxh.nhamayman\/"]}]},"product_price_amount":"4.80","product_price_currency":"USD","og_availability":"instock","product_availability":"instock","product_condition":"new"},"_links":{"self":[{"href":"https:\/\/maison-chance.org\/shop\/wp-json\/wp\/v2\/product\/39839","targetHints":{"allow":["GET"]}}],"collection":[{"href":"https:\/\/maison-chance.org\/shop\/wp-json\/wp\/v2\/product"}],"about":[{"href":"https:\/\/maison-chance.org\/shop\/wp-json\/wp\/v2\/types\/product"}],"wp:featuredmedia":[{"embeddable":true,"href":"https:\/\/maison-chance.org\/shop\/wp-json\/wp\/v2\/media\/39840"}],"wp:attachment":[{"href":"https:\/\/maison-chance.org\/shop\/wp-json\/wp\/v2\/media?parent=39839"}],"wp:term":[{"taxonomy":"product_brand","embeddable":true,"href":"https:\/\/maison-chance.org\/shop\/wp-json\/wp\/v2\/product_brand?post=39839"},{"taxonomy":"product_cat","embeddable":true,"href":"https:\/\/maison-chance.org\/shop\/wp-json\/wp\/v2\/product_cat?post=39839"},{"taxonomy":"product_tag","embeddable":true,"href":"https:\/\/maison-chance.org\/shop\/wp-json\/wp\/v2\/product_tag?post=39839"}],"curies":[{"name":"wp","href":"https:\/\/api.w.org\/{rel}","templated":true}]}}