{"id":39850,"date":"2024-06-18T05:44:03","date_gmt":"2024-06-17T22:44:03","guid":{"rendered":"https:\/\/maison-chance.org\/shop?post_type=product&#038;p=39850"},"modified":"2024-11-13T10:13:20","modified_gmt":"2024-11-13T03:13:20","slug":"tui-thoi-trang-fbje03","status":"publish","type":"product","link":"https:\/\/maison-chance.org\/shop\/san-pham\/tui-thoi-trang-fbje03","title":{"rendered":"T\u00fai th\u1eddi trang FBJE03"},"content":{"rendered":"<p style=\"text-align: justify\">Xin h\u00e2n h\u1ea1nh gi\u1edbi thi\u1ec7u <a href=\"https:\/\/maison-chance.org\/shop\/san-pham\/tui-thoi-trang-fbje03\">t\u00fai x\u00e1ch th\u1eddi trang FBJE03<\/a> t\u1eeb Nh\u00e0 May M\u1eafn, s\u1ea3n ph\u1ea9m s\u1ebd l\u00e0 l\u1ef1a ch\u1ecdn ho\u00e0n h\u1ea3o d\u00e0nh cho b\u1ea1n. \u0110\u01b0\u1ee3c thi\u1ebft k\u1ebf v\u1edbi s\u1ef1 k\u1ebft h\u1ee3p ho\u00e0n h\u1ea3o gi\u1eefa ch\u1ea5t li\u1ec7u jean cao c\u1ea5p v\u00e0 s\u1ef1 t\u1ec9 m\u1ec9 t\u1eebng \u0111\u01b0\u1eddng kim m\u0169i ch\u1ec9, s\u1ea3n ph\u1ea9m kh\u00f4ng ch\u1ec9 \u0111\u00e1p \u1ee9ng nhu c\u1ea7u s\u1eed d\u1ee5ng m\u00e0 c\u00f2n g\u00f3p ph\u1ea7n h\u1ed7 tr\u1ee3 ng\u01b0\u1eddi khuy\u1ebft t\u1eadt h\u00f2a nh\u1eadp x\u00e3 h\u1ed9i.<\/p>\n<p style=\"text-align: justify\">T\u00fai x\u00e1ch FBJE03 c\u00f3 ki\u1ec3u d\u00e1ng h\u00ecnh ch\u1eef nh\u1eadt thanh m\u1ea3nh, k\u00edch th\u01b0\u1edbc l\u00fd t\u01b0\u1edfng 43,5 x 38 cm, t\u1ea1o n\u00ean s\u1ef1 g\u1ecdn g\u00e0ng m\u00e0 v\u1eabn \u0111\u1ea3m b\u1ea3o kh\u00f4ng gian ch\u1ee9a \u0111\u1ed3 r\u1ed9ng r\u00e3i. T\u00fai x\u00e1ch FBJE03 c\u00f3 ng\u0103n ch\u00ednh tho\u00e1ng \u0111\u00e3ng c\u00f9ng t\u00fai ph\u1ee5 ti\u1ec7n l\u1ee3i, \u0111\u00e1p \u1ee9ng nhu c\u1ea7u l\u01b0u tr\u1eef m\u00e0 kh\u00f4ng l\u00e0m m\u1ea5t \u0111i phong c\u00e1ch tr\u1ebb trung, n\u0103ng \u0111\u1ed9ng v\u1ed1n c\u00f3.<\/p>\n<p style=\"text-align: justify\">B\u1ea1n c\u00f3 th\u1ec3 mang <a href=\"https:\/\/maison-chance.org\/shop\/tui-xach\">t\u00fai x\u00e1ch FBJE03<\/a> \u0111i l\u00e0m, \u0111i ch\u01a1i, hay th\u1eadm ch\u00ed khi \u0111i du l\u1ecbch. V\u1edbi kh\u1ea3 n\u0103ng \u0111\u1ef1ng \u0111\u1ed3 \u0111a d\u1ea1ng v\u00e0 thi\u1ebft k\u1ebf tinh t\u1ebf, \u0111\u00e2y s\u1ebd l\u00e0 ph\u1ee5 ki\u1ec7n kh\u00f4ng th\u1ec3 thi\u1ebfu trong b\u1ed9 s\u01b0u t\u1eadp c\u1ee7a b\u1ea1n. N\u00e2ng t\u1ea7m phong c\u00e1ch c\u1ee7a ri\u00eang b\u1ea1n v\u00e0 \u0111\u1ed3ng th\u1eddi g\u00f3p ph\u1ea7n lan t\u1ecfa nh\u1eefng gi\u00e1 tr\u1ecb nh\u00e2n v\u0103n t\u1eeb s\u1ea3n ph\u1ea9m n\u00e0y.<\/p>\n<p style=\"text-align: justify\">M\u1ed7i s\u1ea3n ph\u1ea9m t\u00fai x\u00e1ch FBJE03 kh\u00f4ng ch\u1ec9 \u0111\u01a1n thu\u1ea7n l\u00e0 m\u1ed9t m\u00f3n \u0111\u1ed3 th\u1eddi trang m\u00e0 c\u00f2n l\u00e0 m\u1ed9t ph\u00e9p l\u1ea1 t\u1eeb nh\u1eefng b\u00e0n tay kh\u00e9o l\u00e9o c\u1ee7a ng\u01b0\u1eddi th\u1ee3 t\u1ea1i Nh\u00e0 May M\u1eafn. Khi ch\u1ecdn mua s\u1ea3n ph\u1ea9m, b\u1ea1n kh\u00f4ng ch\u1ec9 \u0111\u01a1n thu\u1ea7n l\u00e0 m\u1ed9t kh\u00e1ch h\u00e0ng m\u00e0 c\u00f2n l\u00e0 m\u1ed9t ng\u01b0\u1eddi \u0111\u1ed3ng h\u00e0nh nh\u00e2n \u00e1i, b\u1edfi m\u1ed7i kho\u1ea3n b\u1ea1n \u0111\u00f3ng g\u00f3p s\u1ebd \u0111\u01b0\u1ee3c d\u00f9ng \u0111\u1ec3 h\u1ed7 tr\u1ee3 ng\u01b0\u1eddi khuy\u1ebft t\u1eadt, t\u1ea1o \u0111i\u1ec1u ki\u1ec7n cho h\u1ecd h\u00f2a nh\u1eadp v\u00e0 ph\u00e1t tri\u1ec3n b\u1ea3n th\u00e2n.<\/p>\n<p style=\"text-align: justify\">C\u00f9ng Nh\u00e0 May M\u1eafn lan t\u1ecfa y\u00eau th\u01b0\u01a1ng v\u00e0 th\u1ec3 hi\u1ec7n phong c\u00e1ch c\u1ee7a b\u1ea1n v\u1edbi chi\u1ebfc <a href=\"https:\/\/maison-chance.org\/shop\/phong-may\">t\u00fai x\u00e1ch<\/a> FBJE03. H\u00e3y \u0111\u1eb7t mua ngay \u0111\u1ec3 bi\u1ebfn t\u1eebng ph\u1ee5 ki\u1ec7n b\u1ea1n mang theo tr\u1edf th\u00e0nh s\u1ee9 gi\u1ea3 c\u1ee7a c\u00e1i \u0111\u1eb9p v\u00e0 gi\u00e1 tr\u1ecb nh\u00e2n v\u0103n \u0111\u00edch th\u1ef1c!<\/p>\n","protected":false},"excerpt":{"rendered":"<p style=\"text-align: justify\">S\u1ea3n ph\u1ea9m do c\u00e1c b\u1ea1n khuy\u1ebft t\u1eadt k\u00e9m may m\u1eafn s\u1ea3n xu\u1ea5t th\u1ee7 c\u00f4ng k\u00ednh mong nh\u1eadn \u0111\u01b0\u1ee3c s\u1ef1 \u1ee7ng h\u1ed9 c\u1ee7a Qu\u00fd kh\u00e1ch h\u00e0ng.<\/p>\n<p>Ch\u1ea5t li\u1ec7u: V\u1ea3i jean<\/p>\n<p>Code: J09TX<\/p>\n<p>K\u00edch th\u01b0\u1edbc : 43,5 x 38 cm<\/p>\n<p>Hotline : <span style=\"font-size: 20px\"><strong><span style=\"color: #ff0000\">0909 06 25 28<\/span><\/strong><\/span><\/p>\n<p style=\"text-align: justify\">N\u1ebfu b\u1ea1n \u1edf Vi\u1ec7t Nam vui l\u00f2ng li\u00ean h\u1ec7 ch\u00fang t\u00f4i theo s\u1ed1 hotline ho\u1eb7c fanpage doanh nghi\u1ec7p Nh\u00e0 May M\u1eafn ch\u00fang t\u00f4i \u0111\u1ec3 bi\u1ebft gi\u00e1 b\u00e1n t\u1ea1i Vi\u1ec7t Nam.<\/p>\n","protected":false},"featured_media":39851,"template":"","meta":[],"product_brand":[],"product_cat":[137,141],"product_tag":[],"class_list":{"0":"post-39850","1":"product","2":"type-product","3":"status-publish","4":"has-post-thumbnail","6":"product_cat-phong-may","7":"product_cat-tui-xach","9":"first","10":"instock","11":"shipping-taxable","12":"purchasable","13":"product-type-simple"},"yoast_head":"<!-- This site is optimized with the Yoast SEO Premium plugin v22.7 (Yoast SEO v25.3.1) - https:\/\/yoast.com\/wordpress\/plugins\/seo\/ -->\n<title>T\u00fai th\u1eddi trang FBJE03 - T\u00fai x\u00e1ch th\u1ed5 c\u1ea9m - Nh\u00e0 May M\u1eafn - Maison Chance<\/title>\n<meta name=\"description\" content=\"T\u00fai th\u1eddi trang FBJE03 c\u00f3 h\u00ecnh d\u00e1ng h\u00ecnh ch\u1eef nh\u1eadt thanh m\u1ea3nh, k\u00edch th\u01b0\u1edbc l\u00fd t\u01b0\u1edfng 43,5 x 38 cm, v\u1edbi ch\u1ea5t li\u1ec7u jean b\u1ec1n \u0111\u1eb9p\" \/>\n<meta name=\"robots\" content=\"index, follow, max-snippet:-1, max-image-preview:large, max-video-preview:-1\" \/>\n<link rel=\"canonical\" href=\"https:\/\/maison-chance.org\/shop\/san-pham\/tui-thoi-trang-fbje03\" \/>\n<meta property=\"og:locale\" content=\"vi_VN\" \/>\n<meta property=\"og:type\" content=\"article\" \/>\n<meta property=\"og:title\" content=\"T\u00fai th\u1eddi trang FBJE03\" \/>\n<meta property=\"og:description\" content=\"T\u00fai th\u1eddi trang FBJE03 c\u00f3 h\u00ecnh d\u00e1ng h\u00ecnh ch\u1eef nh\u1eadt thanh m\u1ea3nh, k\u00edch th\u01b0\u1edbc l\u00fd t\u01b0\u1edfng 43,5 x 38 cm, v\u1edbi ch\u1ea5t li\u1ec7u jean b\u1ec1n \u0111\u1eb9p\" \/>\n<meta property=\"og:url\" content=\"https:\/\/maison-chance.org\/shop\/san-pham\/tui-thoi-trang-fbje03\" \/>\n<meta property=\"og:site_name\" content=\"Nh\u00e0 May M\u1eafn - Maison Chance\" \/>\n<meta property=\"article:publisher\" content=\"https:\/\/www.facebook.com\/dnxh.nhamayman\/\" \/>\n<meta property=\"article:modified_time\" content=\"2024-11-13T03:13:20+00:00\" \/>\n<meta property=\"og:image\" content=\"https:\/\/maison-chance.org\/shop\/wp-content\/uploads\/2024\/06\/tui-thoi-trang-fbje03.png\" \/>\n\t<meta property=\"og:image:width\" content=\"600\" \/>\n\t<meta property=\"og:image:height\" content=\"600\" \/>\n\t<meta property=\"og:image:type\" content=\"image\/png\" \/>\n<meta name=\"twitter:card\" content=\"summary_large_image\" \/>\n<meta name=\"twitter:label1\" content=\"Gi\u00e1\" \/>\n\t<meta name=\"twitter:data1\" content=\"14.00&nbsp;&#036;\" \/>\n\t<meta name=\"twitter:label2\" content=\"Availability\" \/>\n\t<meta name=\"twitter:data2\" content=\"In stock\" \/>\n<script type=\"application\/ld+json\" class=\"yoast-schema-graph\">{\"@context\":\"https:\/\/schema.org\",\"@graph\":[{\"@type\":\"WebPage\",\"@id\":\"https:\/\/maison-chance.org\/shop\/san-pham\/tui-thoi-trang-fbje03\",\"url\":\"https:\/\/maison-chance.org\/shop\/san-pham\/tui-thoi-trang-fbje03\",\"name\":\"T\u00fai th\u1eddi trang FBJE03 - T\u00fai x\u00e1ch th\u1ed5 c\u1ea9m - Nh\u00e0 May M\u1eafn - Maison Chance\",\"isPartOf\":{\"@id\":\"https:\/\/maison-chance.org\/shop\/#website\"},\"primaryImageOfPage\":{\"@id\":\"https:\/\/maison-chance.org\/shop\/san-pham\/tui-thoi-trang-fbje03#primaryimage\"},\"image\":{\"@id\":\"https:\/\/maison-chance.org\/shop\/san-pham\/tui-thoi-trang-fbje03#primaryimage\"},\"thumbnailUrl\":\"https:\/\/maison-chance.org\/shop\/wp-content\/uploads\/2024\/06\/tui-thoi-trang-fbje03.png\",\"datePublished\":\"2024-06-17T22:44:03+00:00\",\"dateModified\":\"2024-11-13T03:13:20+00:00\",\"description\":\"T\u00fai th\u1eddi trang FBJE03 c\u00f3 h\u00ecnh d\u00e1ng h\u00ecnh ch\u1eef nh\u1eadt thanh m\u1ea3nh, k\u00edch th\u01b0\u1edbc l\u00fd t\u01b0\u1edfng 43,5 x 38 cm, v\u1edbi ch\u1ea5t li\u1ec7u jean b\u1ec1n \u0111\u1eb9p\",\"breadcrumb\":{\"@id\":\"https:\/\/maison-chance.org\/shop\/san-pham\/tui-thoi-trang-fbje03#breadcrumb\"},\"inLanguage\":\"vi-VN\",\"potentialAction\":[{\"@type\":\"ReadAction\",\"target\":[\"https:\/\/maison-chance.org\/shop\/san-pham\/tui-thoi-trang-fbje03\"]}]},{\"@type\":\"ImageObject\",\"inLanguage\":\"vi-VN\",\"@id\":\"https:\/\/maison-chance.org\/shop\/san-pham\/tui-thoi-trang-fbje03#primaryimage\",\"url\":\"https:\/\/maison-chance.org\/shop\/wp-content\/uploads\/2024\/06\/tui-thoi-trang-fbje03.png\",\"contentUrl\":\"https:\/\/maison-chance.org\/shop\/wp-content\/uploads\/2024\/06\/tui-thoi-trang-fbje03.png\",\"width\":600,\"height\":600,\"caption\":\"T\u00fai th\u1eddi trang FBJE03\"},{\"@type\":\"BreadcrumbList\",\"@id\":\"https:\/\/maison-chance.org\/shop\/san-pham\/tui-thoi-trang-fbje03#breadcrumb\",\"itemListElement\":[{\"@type\":\"ListItem\",\"position\":1,\"name\":\"Trang ch\u1ee7\",\"item\":\"https:\/\/maison-chance.org\/shop\/\"},{\"@type\":\"ListItem\",\"position\":2,\"name\":\"Shop\",\"item\":\"https:\/\/maison-chance.org\/shop\/shop\"},{\"@type\":\"ListItem\",\"position\":3,\"name\":\"T\u00fai th\u1eddi trang FBJE03\"}]},{\"@type\":\"WebSite\",\"@id\":\"https:\/\/maison-chance.org\/shop\/#website\",\"url\":\"https:\/\/maison-chance.org\/shop\/\",\"name\":\"Nh\u00e0 May M\u1eafn - Maison Chance\",\"description\":\"M\u1ecdi l\u1ee3i nhu\u1eadn thu v\u1ec1 t\u1eeb vi\u1ec7c b\u00e1n h\u00e0ng s\u1ebd tr\u00edch m\u1ed9t ph\u1ea7n \u0111\u1ec3 ch\u0103m lo cho \u0111\u1eddi s\u1ed1ng c\u00e1c b\u1ea1n khuy\u1ebft t\u1eadt v\u00e0 tr\u1ebb m\u1ed3 c\u00f4i \u1edf \u0111\u00e2y\",\"publisher\":{\"@id\":\"https:\/\/maison-chance.org\/shop\/#organization\"},\"potentialAction\":[{\"@type\":\"SearchAction\",\"target\":{\"@type\":\"EntryPoint\",\"urlTemplate\":\"https:\/\/maison-chance.org\/shop\/?s={search_term_string}\"},\"query-input\":{\"@type\":\"PropertyValueSpecification\",\"valueRequired\":true,\"valueName\":\"search_term_string\"}}],\"inLanguage\":\"vi-VN\"},{\"@type\":\"Organization\",\"@id\":\"https:\/\/maison-chance.org\/shop\/#organization\",\"name\":\"Nh\u00e0 May M\u1eafn - Maison Chance\",\"url\":\"https:\/\/maison-chance.org\/shop\/\",\"logo\":{\"@type\":\"ImageObject\",\"inLanguage\":\"vi-VN\",\"@id\":\"https:\/\/maison-chance.org\/shop\/#\/schema\/logo\/image\/\",\"url\":\"https:\/\/maison-chance.org\/shop\/wp-content\/uploads\/2024\/03\/cropped-Logo_DNXH.png\",\"contentUrl\":\"https:\/\/maison-chance.org\/shop\/wp-content\/uploads\/2024\/03\/cropped-Logo_DNXH.png\",\"width\":512,\"height\":512,\"caption\":\"Nh\u00e0 May M\u1eafn - Maison Chance\"},\"image\":{\"@id\":\"https:\/\/maison-chance.org\/shop\/#\/schema\/logo\/image\/\"},\"sameAs\":[\"https:\/\/www.facebook.com\/dnxh.nhamayman\/\"]}]}<\/script>\n<meta property=\"product:price:amount\" content=\"14.00\" \/>\n<meta property=\"product:price:currency\" content=\"USD\" \/>\n<meta property=\"og:availability\" content=\"instock\" \/>\n<meta property=\"product:availability\" content=\"instock\" \/>\n<meta property=\"product:condition\" content=\"new\" \/>\n<!-- \/ Yoast SEO Premium plugin. -->","yoast_head_json":{"title":"T\u00fai th\u1eddi trang FBJE03 - T\u00fai x\u00e1ch th\u1ed5 c\u1ea9m - Nh\u00e0 May M\u1eafn - Maison Chance","description":"T\u00fai th\u1eddi trang FBJE03 c\u00f3 h\u00ecnh d\u00e1ng h\u00ecnh ch\u1eef nh\u1eadt thanh m\u1ea3nh, k\u00edch th\u01b0\u1edbc l\u00fd t\u01b0\u1edfng 43,5 x 38 cm, v\u1edbi ch\u1ea5t li\u1ec7u jean b\u1ec1n \u0111\u1eb9p","robots":{"index":"index","follow":"follow","max-snippet":"max-snippet:-1","max-image-preview":"max-image-preview:large","max-video-preview":"max-video-preview:-1"},"canonical":"https:\/\/maison-chance.org\/shop\/san-pham\/tui-thoi-trang-fbje03","og_locale":"vi_VN","og_type":"article","og_title":"T\u00fai th\u1eddi trang FBJE03","og_description":"T\u00fai th\u1eddi trang FBJE03 c\u00f3 h\u00ecnh d\u00e1ng h\u00ecnh ch\u1eef nh\u1eadt thanh m\u1ea3nh, k\u00edch th\u01b0\u1edbc l\u00fd t\u01b0\u1edfng 43,5 x 38 cm, v\u1edbi ch\u1ea5t li\u1ec7u jean b\u1ec1n \u0111\u1eb9p","og_url":"https:\/\/maison-chance.org\/shop\/san-pham\/tui-thoi-trang-fbje03","og_site_name":"Nh\u00e0 May M\u1eafn - Maison Chance","article_publisher":"https:\/\/www.facebook.com\/dnxh.nhamayman\/","article_modified_time":"2024-11-13T03:13:20+00:00","og_image":[{"width":600,"height":600,"url":"https:\/\/maison-chance.org\/shop\/wp-content\/uploads\/2024\/06\/tui-thoi-trang-fbje03.png","type":"image\/png"}],"twitter_card":"summary_large_image","twitter_misc":{"Gi\u00e1":"14.00&nbsp;&#36;","Availability":"In stock"},"schema":{"@context":"https:\/\/schema.org","@graph":[{"@type":"WebPage","@id":"https:\/\/maison-chance.org\/shop\/san-pham\/tui-thoi-trang-fbje03","url":"https:\/\/maison-chance.org\/shop\/san-pham\/tui-thoi-trang-fbje03","name":"T\u00fai th\u1eddi trang FBJE03 - T\u00fai x\u00e1ch th\u1ed5 c\u1ea9m - Nh\u00e0 May M\u1eafn - Maison Chance","isPartOf":{"@id":"https:\/\/maison-chance.org\/shop\/#website"},"primaryImageOfPage":{"@id":"https:\/\/maison-chance.org\/shop\/san-pham\/tui-thoi-trang-fbje03#primaryimage"},"image":{"@id":"https:\/\/maison-chance.org\/shop\/san-pham\/tui-thoi-trang-fbje03#primaryimage"},"thumbnailUrl":"https:\/\/maison-chance.org\/shop\/wp-content\/uploads\/2024\/06\/tui-thoi-trang-fbje03.png","datePublished":"2024-06-17T22:44:03+00:00","dateModified":"2024-11-13T03:13:20+00:00","description":"T\u00fai th\u1eddi trang FBJE03 c\u00f3 h\u00ecnh d\u00e1ng h\u00ecnh ch\u1eef nh\u1eadt thanh m\u1ea3nh, k\u00edch th\u01b0\u1edbc l\u00fd t\u01b0\u1edfng 43,5 x 38 cm, v\u1edbi ch\u1ea5t li\u1ec7u jean b\u1ec1n \u0111\u1eb9p","breadcrumb":{"@id":"https:\/\/maison-chance.org\/shop\/san-pham\/tui-thoi-trang-fbje03#breadcrumb"},"inLanguage":"vi-VN","potentialAction":[{"@type":"ReadAction","target":["https:\/\/maison-chance.org\/shop\/san-pham\/tui-thoi-trang-fbje03"]}]},{"@type":"ImageObject","inLanguage":"vi-VN","@id":"https:\/\/maison-chance.org\/shop\/san-pham\/tui-thoi-trang-fbje03#primaryimage","url":"https:\/\/maison-chance.org\/shop\/wp-content\/uploads\/2024\/06\/tui-thoi-trang-fbje03.png","contentUrl":"https:\/\/maison-chance.org\/shop\/wp-content\/uploads\/2024\/06\/tui-thoi-trang-fbje03.png","width":600,"height":600,"caption":"T\u00fai th\u1eddi trang FBJE03"},{"@type":"BreadcrumbList","@id":"https:\/\/maison-chance.org\/shop\/san-pham\/tui-thoi-trang-fbje03#breadcrumb","itemListElement":[{"@type":"ListItem","position":1,"name":"Trang ch\u1ee7","item":"https:\/\/maison-chance.org\/shop\/"},{"@type":"ListItem","position":2,"name":"Shop","item":"https:\/\/maison-chance.org\/shop\/shop"},{"@type":"ListItem","position":3,"name":"T\u00fai th\u1eddi trang FBJE03"}]},{"@type":"WebSite","@id":"https:\/\/maison-chance.org\/shop\/#website","url":"https:\/\/maison-chance.org\/shop\/","name":"Nh\u00e0 May M\u1eafn - Maison Chance","description":"M\u1ecdi l\u1ee3i nhu\u1eadn thu v\u1ec1 t\u1eeb vi\u1ec7c b\u00e1n h\u00e0ng s\u1ebd tr\u00edch m\u1ed9t ph\u1ea7n \u0111\u1ec3 ch\u0103m lo cho \u0111\u1eddi s\u1ed1ng c\u00e1c b\u1ea1n khuy\u1ebft t\u1eadt v\u00e0 tr\u1ebb m\u1ed3 c\u00f4i \u1edf \u0111\u00e2y","publisher":{"@id":"https:\/\/maison-chance.org\/shop\/#organization"},"potentialAction":[{"@type":"SearchAction","target":{"@type":"EntryPoint","urlTemplate":"https:\/\/maison-chance.org\/shop\/?s={search_term_string}"},"query-input":{"@type":"PropertyValueSpecification","valueRequired":true,"valueName":"search_term_string"}}],"inLanguage":"vi-VN"},{"@type":"Organization","@id":"https:\/\/maison-chance.org\/shop\/#organization","name":"Nh\u00e0 May M\u1eafn - Maison Chance","url":"https:\/\/maison-chance.org\/shop\/","logo":{"@type":"ImageObject","inLanguage":"vi-VN","@id":"https:\/\/maison-chance.org\/shop\/#\/schema\/logo\/image\/","url":"https:\/\/maison-chance.org\/shop\/wp-content\/uploads\/2024\/03\/cropped-Logo_DNXH.png","contentUrl":"https:\/\/maison-chance.org\/shop\/wp-content\/uploads\/2024\/03\/cropped-Logo_DNXH.png","width":512,"height":512,"caption":"Nh\u00e0 May M\u1eafn - Maison Chance"},"image":{"@id":"https:\/\/maison-chance.org\/shop\/#\/schema\/logo\/image\/"},"sameAs":["https:\/\/www.facebook.com\/dnxh.nhamayman\/"]}]},"product_price_amount":"14.00","product_price_currency":"USD","og_availability":"instock","product_availability":"instock","product_condition":"new"},"_links":{"self":[{"href":"https:\/\/maison-chance.org\/shop\/wp-json\/wp\/v2\/product\/39850","targetHints":{"allow":["GET"]}}],"collection":[{"href":"https:\/\/maison-chance.org\/shop\/wp-json\/wp\/v2\/product"}],"about":[{"href":"https:\/\/maison-chance.org\/shop\/wp-json\/wp\/v2\/types\/product"}],"wp:featuredmedia":[{"embeddable":true,"href":"https:\/\/maison-chance.org\/shop\/wp-json\/wp\/v2\/media\/39851"}],"wp:attachment":[{"href":"https:\/\/maison-chance.org\/shop\/wp-json\/wp\/v2\/media?parent=39850"}],"wp:term":[{"taxonomy":"product_brand","embeddable":true,"href":"https:\/\/maison-chance.org\/shop\/wp-json\/wp\/v2\/product_brand?post=39850"},{"taxonomy":"product_cat","embeddable":true,"href":"https:\/\/maison-chance.org\/shop\/wp-json\/wp\/v2\/product_cat?post=39850"},{"taxonomy":"product_tag","embeddable":true,"href":"https:\/\/maison-chance.org\/shop\/wp-json\/wp\/v2\/product_tag?post=39850"}],"curies":[{"name":"wp","href":"https:\/\/api.w.org\/{rel}","templated":true}]}}