{"id":39872,"date":"2024-06-18T07:07:19","date_gmt":"2024-06-18T00:07:19","guid":{"rendered":"https:\/\/maison-chance.org\/shop?post_type=product&#038;p=39872"},"modified":"2024-11-13T10:57:12","modified_gmt":"2024-11-13T03:57:12","slug":"tui-thoi-trang-fbjeth05","status":"publish","type":"product","link":"https:\/\/maison-chance.org\/shop\/san-pham\/tui-thoi-trang-fbjeth05","title":{"rendered":"T\u00fai th\u1eddi trang FBJETH05"},"content":{"rendered":"<p style=\"text-align: justify\"><a href=\"https:\/\/maison-chance.org\/shop\/san-pham\/tui-thoi-trang-fbjeth05\">T\u00fai th\u1eddi trang FBJETH05<\/a> l\u00e0 m\u1ed9t s\u1ea3n ph\u1ea9m \u0111\u1ebfn t\u1eeb Nh\u00e0 May M\u1eafn, n\u01a1i c\u00e1c th\u1ee3 may ng\u01b0\u1eddi khuy\u1ebft t\u1eadt s\u1eed d\u1ee5ng k\u1ef9 thu\u1eadt may th\u1ee7 c\u00f4ng tinh x\u1ea3o \u0111\u1ec3 t\u1ea1o ra nh\u1eefng s\u1ea3n ph\u1ea9m th\u1eddi trang \u0111\u1ea7y phong c\u00e1ch. V\u1edbi ch\u1ea5t li\u1ec7u v\u1ea3i jean cao c\u1ea5p v\u00e0 s\u1ef1 t\u1ec9 m\u1ec9 trong t\u1eebng \u0111\u01b0\u1eddng kim m\u0169i ch\u1ec9, chi\u1ebfc t\u00fai mang \u0111\u1ebfn s\u1ef1 \u0111\u1ed9c \u0111\u00e1o v\u00e0 ch\u1ea5t l\u01b0\u1ee3ng v\u01b0\u1ee3t tr\u1ed9i.<\/p>\n<p style=\"text-align: justify\">Chi\u1ebfc t\u00fai FBJETH05 kh\u00f4ng ch\u1ec9 l\u00e0 m\u1ed9t ph\u1ee5 ki\u1ec7n th\u1eddi trang m\u00e0 c\u00f2n l\u00e0 s\u1ef1 ti\u1ec7n d\u1ee5ng v\u1edbi thi\u1ebft k\u1ebf r\u1ed9ng r\u00e3i v\u00e0 nhi\u1ec1u ng\u0103n ti\u1ec7n l\u1ee3i. B\u1ea1n c\u00f3 th\u1ec3 s\u1eed d\u1ee5ng n\u00f3 h\u00e0ng ng\u00e0y \u0111\u1ec3 \u0111\u1ef1ng \u0111\u1ed3 c\u00e1 nh\u00e2n, \u0111i ch\u1ee3 ho\u1eb7c \u0111i du l\u1ecbch m\u1ed9t c\u00e1ch tho\u1ea3i m\u00e1i v\u00e0 g\u1ecdn g\u00e0ng nh\u1ea5t.<\/p>\n<p><strong>V\u00ec sao n\u00ean mua s\u1ea3n ph\u1ea9m n\u00e0y?<\/strong><\/p>\n<p style=\"text-align: justify\">S\u1ea3n ph\u1ea9m <a href=\"https:\/\/maison-chance.org\/shop\/tui-xach\">t\u00fai x\u00e1ch FBJETH05<\/a> kh\u00f4ng ch\u1ec9 \u0111\u00e1p \u1ee9ng nhu c\u1ea7u s\u1eed d\u1ee5ng m\u00e0 c\u00f2n mang \u0111\u1ebfn gi\u00e1 tr\u1ecb nh\u00e2n v\u0103n \u0111\u1eb7c bi\u1ec7t v\u1ec1 m\u1eb7t x\u00e3 h\u1ed9i:<\/p>\n<p style=\"text-align: justify\"><em>\u0110\u00f3ng g\u00f3p \u00fd ngh\u0129a cho x\u00e3 h\u1ed9i:<\/em> M\u1ed7i chi\u1ebfc t\u00fai \u0111\u01b0\u1ee3c b\u00e1n \u0111i l\u00e0 s\u1ef1 \u0111\u00f3ng g\u00f3p thi\u1ebft th\u1ef1c \u0111\u1ec3 h\u1ed7 tr\u1ee3 ng\u01b0\u1eddi khuy\u1ebft t\u1eadt c\u00f3 c\u00f4ng vi\u1ec7c \u1ed5n \u0111\u1ecbnh v\u00e0 t\u1ef1 l\u1eadp.<\/p>\n<p style=\"text-align: justify\"><em>Ch\u1ea5t l\u01b0\u1ee3ng v\u01b0\u1ee3t tr\u1ed9i:<\/em> \u0110\u01b0\u1ee3c l\u00e0m t\u1eeb v\u1ea3i jean ch\u1ed1ng th\u1ea5m n\u01b0\u1edbc v\u00e0 c\u00f3 \u0111\u1ed9 b\u1ec1n cao, t\u00fai x\u00e1ch FBJETH05 \u0111\u1ea3m b\u1ea3o s\u1ebd ph\u1ee5c v\u1ee5 b\u1ea1n trong nhi\u1ec1u n\u0103m t\u1edbi.<\/p>\n<p><strong>H\u00e3y c\u00f9ng Nh\u00e0 May M\u1eafn tham gia h\u00e0nh tr\u00ecnh y\u00eau th\u01b0\u01a1ng!<\/strong><\/p>\n<p style=\"text-align: justify\">H\u00e3y tham gia v\u00e0o h\u00e0nh tr\u00ecnh h\u1ed7 tr\u1ee3 c\u1ed9ng \u0111\u1ed3ng c\u1ee7a ch\u00fang t\u00f4i b\u1eb1ng c\u00e1ch mua s\u1ea3n ph\u1ea9m t\u00fai x\u00e1ch FBJETH05. B\u1eb1ng vi\u1ec7c l\u1ef1a ch\u1ecdn s\u1ea3n ph\u1ea9m n\u00e0y, b\u1ea1n kh\u00f4ng ch\u1ec9 s\u1edf h\u1eefu m\u1ed9t m\u00f3n \u0111\u1ed3 th\u1eddi trang \u0111\u1ed9c \u0111\u00e1o m\u00e0 c\u00f2n \u0111\u00f3ng g\u00f3p v\u00e0o s\u1ef1 ph\u00e1t tri\u1ec3n c\u1ee7a nh\u1eefng ngh\u1ec7 nh\u00e2n khuy\u1ebft t\u1eadt \u0111\u1ea7y t\u00e0i n\u0103ng. M\u1ed7i chi\u1ebfc t\u00fai l\u00e0 m\u1ed9t c\u00e2u chuy\u1ec7n v\u1ec1 s\u1ef1 ki\u00ean tr\u00ec v\u00e0 n\u1ed7 l\u1ef1c, \u0111\u01b0\u1ee3c d\u1ec7t n\u00ean t\u1eeb l\u00f2ng nhi\u1ec7t th\u00e0nh c\u1ee7a t\u1eebng ng\u01b0\u1eddi th\u1ee3 may t\u1ea1i Nh\u00e0 May M\u1eafn.<\/p>\n<p style=\"text-align: justify\">Tr\u1ea3i nghi\u1ec7m n\u00e9t \u0111\u1eb9p v\u00e0 \u00fd ngh\u0129a t\u1eeb chi\u1ebfc t\u00fai FBJETH05 ngay h\u00f4m nay, \u0111\u1ec3 t\u00ecnh y\u00eau th\u01b0\u01a1ng v\u00e0 s\u1ef1 \u1ea5m \u00e1p lan t\u1ecfa t\u1eeb m\u1ed7i s\u1ea3n ph\u1ea9m b\u1ea1n s\u1edf h\u1eefu.<\/p>\n<p style=\"text-align: justify\">Ch\u00fang t\u00f4i tin r\u1eb1ng, khi b\u1ea1n mua m\u1ed9t s\u1ea3n ph\u1ea9m <a href=\"https:\/\/maison-chance.org\/shop\/phong-may\">t\u00fai x\u00e1ch c\u1ee7a Nh\u00e0 May M\u1eafn<\/a>, b\u1ea1n c\u0169ng \u0111ang g\u00f3p ph\u1ea7n lan t\u1ecfa h\u1ea1nh ph\u00fac v\u00e0 ni\u1ec1m hy v\u1ecdng cho nh\u1eefng ng\u01b0\u1eddi c\u00f3 ho\u00e0n c\u1ea3nh kh\u00f3 kh\u0103n. C\u1ea3m \u01a1n b\u1ea1n \u0111\u00e3 d\u00e0nh th\u1eddi gian \u0111\u1ec3 chia s\u1ebb gi\u00e1 tr\u1ecb v\u00e0 l\u00f2ng t\u1ed1t c\u1ee7a m\u00ecnh v\u1edbi ch\u00fang t\u00f4i.<\/p>\n","protected":false},"excerpt":{"rendered":"<p style=\"text-align: justify\">S\u1ea3n ph\u1ea9m do c\u00e1c b\u1ea1n khuy\u1ebft t\u1eadt k\u00e9m may m\u1eafn s\u1ea3n xu\u1ea5t th\u1ee7 c\u00f4ng k\u00ednh mong nh\u1eadn \u0111\u01b0\u1ee3c s\u1ef1 \u1ee7ng h\u1ed9 c\u1ee7a Qu\u00fd kh\u00e1ch h\u00e0ng.<\/p>\n<p>Ch\u1ea5t li\u1ec7u: V\u1ea3i jean + v\u1ea3i Th\u00e1i<\/p>\n<p>Code: TH07TX<\/p>\n<p>K\u00edch th\u01b0\u1edbc : 33,5 x 35,5 cm<\/p>\n<p>Hotline : <span style=\"font-size: 20px\"><strong><span style=\"color: #ff0000\">0909 06 25 28<\/span><\/strong><\/span><\/p>\n<p style=\"text-align: justify\">N\u1ebfu b\u1ea1n \u1edf Vi\u1ec7t Nam vui l\u00f2ng li\u00ean h\u1ec7 ch\u00fang t\u00f4i theo s\u1ed1 hotline ho\u1eb7c fanpage doanh nghi\u1ec7p Nh\u00e0 May M\u1eafn ch\u00fang t\u00f4i \u0111\u1ec3 bi\u1ebft gi\u00e1 b\u00e1n t\u1ea1i Vi\u1ec7t Nam.<\/p>\n","protected":false},"featured_media":39873,"template":"","meta":[],"product_brand":[],"product_cat":[137,141],"product_tag":[],"class_list":{"0":"post-39872","1":"product","2":"type-product","3":"status-publish","4":"has-post-thumbnail","6":"product_cat-phong-may","7":"product_cat-tui-xach","9":"first","10":"instock","11":"shipping-taxable","12":"purchasable","13":"product-type-variable"},"yoast_head":"<!-- This site is optimized with the Yoast SEO Premium plugin v22.7 (Yoast SEO v25.3.1) - https:\/\/yoast.com\/wordpress\/plugins\/seo\/ -->\n<title>T\u00fai th\u1eddi trang FBJETH05 - T\u00fai x\u00e1ch th\u1ed5 c\u1ea9m - Nh\u00e0 May M\u1eafn - Maison Chance<\/title>\n<meta name=\"description\" content=\"T\u00fai th\u1eddi trang FBJETH05 l\u00e0 m\u1ed9t s\u1ea3n ph\u1ea9m \u0111\u1ebfn t\u1eeb Nh\u00e0 May M\u1eafn, n\u01a1i c\u00e1c th\u1ee3 may ng\u01b0\u1eddi khuy\u1ebft t\u1eadt s\u1eed d\u1ee5ng k\u1ef9 thu\u1eadt may th\u1ee7 c\u00f4ng tinh x\u1ea3o \u0111\u1ec3 t\u1ea1o ra\" \/>\n<meta name=\"robots\" content=\"index, follow, max-snippet:-1, max-image-preview:large, max-video-preview:-1\" \/>\n<link rel=\"canonical\" href=\"https:\/\/maison-chance.org\/shop\/san-pham\/tui-thoi-trang-fbjeth05\" \/>\n<meta property=\"og:locale\" content=\"vi_VN\" \/>\n<meta property=\"og:type\" content=\"article\" \/>\n<meta property=\"og:title\" content=\"T\u00fai th\u1eddi trang FBJETH05\" \/>\n<meta property=\"og:description\" content=\"T\u00fai th\u1eddi trang FBJETH05 l\u00e0 m\u1ed9t s\u1ea3n ph\u1ea9m \u0111\u1ebfn t\u1eeb Nh\u00e0 May M\u1eafn, n\u01a1i c\u00e1c th\u1ee3 may ng\u01b0\u1eddi khuy\u1ebft t\u1eadt s\u1eed d\u1ee5ng k\u1ef9 thu\u1eadt may th\u1ee7 c\u00f4ng tinh x\u1ea3o \u0111\u1ec3 t\u1ea1o ra\" \/>\n<meta property=\"og:url\" content=\"https:\/\/maison-chance.org\/shop\/san-pham\/tui-thoi-trang-fbjeth05\" \/>\n<meta property=\"og:site_name\" content=\"Nh\u00e0 May M\u1eafn - Maison Chance\" \/>\n<meta property=\"article:publisher\" content=\"https:\/\/www.facebook.com\/dnxh.nhamayman\/\" \/>\n<meta property=\"article:modified_time\" content=\"2024-11-13T03:57:12+00:00\" \/>\n<meta property=\"og:image\" content=\"https:\/\/maison-chance.org\/shop\/wp-content\/uploads\/2024\/06\/FBJETH05.jpg\" \/>\n\t<meta property=\"og:image:width\" content=\"600\" \/>\n\t<meta property=\"og:image:height\" content=\"600\" \/>\n\t<meta property=\"og:image:type\" content=\"image\/jpeg\" \/>\n<meta name=\"twitter:card\" content=\"summary_large_image\" \/>\n<meta name=\"twitter:label1\" content=\"Availability\" \/>\n\t<meta name=\"twitter:data1\" content=\"In stock\" \/>\n<script type=\"application\/ld+json\" class=\"yoast-schema-graph\">{\"@context\":\"https:\/\/schema.org\",\"@graph\":[{\"@type\":\"WebPage\",\"@id\":\"https:\/\/maison-chance.org\/shop\/san-pham\/tui-thoi-trang-fbjeth05\",\"url\":\"https:\/\/maison-chance.org\/shop\/san-pham\/tui-thoi-trang-fbjeth05\",\"name\":\"T\u00fai th\u1eddi trang FBJETH05 - T\u00fai x\u00e1ch th\u1ed5 c\u1ea9m - Nh\u00e0 May M\u1eafn - Maison Chance\",\"isPartOf\":{\"@id\":\"https:\/\/maison-chance.org\/shop\/#website\"},\"primaryImageOfPage\":{\"@id\":\"https:\/\/maison-chance.org\/shop\/san-pham\/tui-thoi-trang-fbjeth05#primaryimage\"},\"image\":{\"@id\":\"https:\/\/maison-chance.org\/shop\/san-pham\/tui-thoi-trang-fbjeth05#primaryimage\"},\"thumbnailUrl\":\"https:\/\/maison-chance.org\/shop\/wp-content\/uploads\/2024\/06\/FBJETH05.jpg\",\"datePublished\":\"2024-06-18T00:07:19+00:00\",\"dateModified\":\"2024-11-13T03:57:12+00:00\",\"description\":\"T\u00fai th\u1eddi trang FBJETH05 l\u00e0 m\u1ed9t s\u1ea3n ph\u1ea9m \u0111\u1ebfn t\u1eeb Nh\u00e0 May M\u1eafn, n\u01a1i c\u00e1c th\u1ee3 may ng\u01b0\u1eddi khuy\u1ebft t\u1eadt s\u1eed d\u1ee5ng k\u1ef9 thu\u1eadt may th\u1ee7 c\u00f4ng tinh x\u1ea3o \u0111\u1ec3 t\u1ea1o ra\",\"breadcrumb\":{\"@id\":\"https:\/\/maison-chance.org\/shop\/san-pham\/tui-thoi-trang-fbjeth05#breadcrumb\"},\"inLanguage\":\"vi-VN\",\"potentialAction\":[{\"@type\":\"ReadAction\",\"target\":[\"https:\/\/maison-chance.org\/shop\/san-pham\/tui-thoi-trang-fbjeth05\"]}]},{\"@type\":\"ImageObject\",\"inLanguage\":\"vi-VN\",\"@id\":\"https:\/\/maison-chance.org\/shop\/san-pham\/tui-thoi-trang-fbjeth05#primaryimage\",\"url\":\"https:\/\/maison-chance.org\/shop\/wp-content\/uploads\/2024\/06\/FBJETH05.jpg\",\"contentUrl\":\"https:\/\/maison-chance.org\/shop\/wp-content\/uploads\/2024\/06\/FBJETH05.jpg\",\"width\":600,\"height\":600,\"caption\":\"T\u00fai th\u1eddi trang FBJETH05\"},{\"@type\":\"BreadcrumbList\",\"@id\":\"https:\/\/maison-chance.org\/shop\/san-pham\/tui-thoi-trang-fbjeth05#breadcrumb\",\"itemListElement\":[{\"@type\":\"ListItem\",\"position\":1,\"name\":\"Trang ch\u1ee7\",\"item\":\"https:\/\/maison-chance.org\/shop\/\"},{\"@type\":\"ListItem\",\"position\":2,\"name\":\"Shop\",\"item\":\"https:\/\/maison-chance.org\/shop\/shop\"},{\"@type\":\"ListItem\",\"position\":3,\"name\":\"T\u00fai th\u1eddi trang FBJETH05\"}]},{\"@type\":\"WebSite\",\"@id\":\"https:\/\/maison-chance.org\/shop\/#website\",\"url\":\"https:\/\/maison-chance.org\/shop\/\",\"name\":\"Nh\u00e0 May M\u1eafn - Maison Chance\",\"description\":\"M\u1ecdi l\u1ee3i nhu\u1eadn thu v\u1ec1 t\u1eeb vi\u1ec7c b\u00e1n h\u00e0ng s\u1ebd tr\u00edch m\u1ed9t ph\u1ea7n \u0111\u1ec3 ch\u0103m lo cho \u0111\u1eddi s\u1ed1ng c\u00e1c b\u1ea1n khuy\u1ebft t\u1eadt v\u00e0 tr\u1ebb m\u1ed3 c\u00f4i \u1edf \u0111\u00e2y\",\"publisher\":{\"@id\":\"https:\/\/maison-chance.org\/shop\/#organization\"},\"potentialAction\":[{\"@type\":\"SearchAction\",\"target\":{\"@type\":\"EntryPoint\",\"urlTemplate\":\"https:\/\/maison-chance.org\/shop\/?s={search_term_string}\"},\"query-input\":{\"@type\":\"PropertyValueSpecification\",\"valueRequired\":true,\"valueName\":\"search_term_string\"}}],\"inLanguage\":\"vi-VN\"},{\"@type\":\"Organization\",\"@id\":\"https:\/\/maison-chance.org\/shop\/#organization\",\"name\":\"Nh\u00e0 May M\u1eafn - Maison Chance\",\"url\":\"https:\/\/maison-chance.org\/shop\/\",\"logo\":{\"@type\":\"ImageObject\",\"inLanguage\":\"vi-VN\",\"@id\":\"https:\/\/maison-chance.org\/shop\/#\/schema\/logo\/image\/\",\"url\":\"https:\/\/maison-chance.org\/shop\/wp-content\/uploads\/2024\/03\/cropped-Logo_DNXH.png\",\"contentUrl\":\"https:\/\/maison-chance.org\/shop\/wp-content\/uploads\/2024\/03\/cropped-Logo_DNXH.png\",\"width\":512,\"height\":512,\"caption\":\"Nh\u00e0 May M\u1eafn - Maison Chance\"},\"image\":{\"@id\":\"https:\/\/maison-chance.org\/shop\/#\/schema\/logo\/image\/\"},\"sameAs\":[\"https:\/\/www.facebook.com\/dnxh.nhamayman\/\"]}]}<\/script>\n<meta property=\"og:availability\" content=\"instock\" \/>\n<meta property=\"product:availability\" content=\"instock\" \/>\n<meta property=\"product:condition\" content=\"new\" \/>\n<!-- \/ Yoast SEO Premium plugin. -->","yoast_head_json":{"title":"T\u00fai th\u1eddi trang FBJETH05 - T\u00fai x\u00e1ch th\u1ed5 c\u1ea9m - Nh\u00e0 May M\u1eafn - Maison Chance","description":"T\u00fai th\u1eddi trang FBJETH05 l\u00e0 m\u1ed9t s\u1ea3n ph\u1ea9m \u0111\u1ebfn t\u1eeb Nh\u00e0 May M\u1eafn, n\u01a1i c\u00e1c th\u1ee3 may ng\u01b0\u1eddi khuy\u1ebft t\u1eadt s\u1eed d\u1ee5ng k\u1ef9 thu\u1eadt may th\u1ee7 c\u00f4ng tinh x\u1ea3o \u0111\u1ec3 t\u1ea1o ra","robots":{"index":"index","follow":"follow","max-snippet":"max-snippet:-1","max-image-preview":"max-image-preview:large","max-video-preview":"max-video-preview:-1"},"canonical":"https:\/\/maison-chance.org\/shop\/san-pham\/tui-thoi-trang-fbjeth05","og_locale":"vi_VN","og_type":"article","og_title":"T\u00fai th\u1eddi trang FBJETH05","og_description":"T\u00fai th\u1eddi trang FBJETH05 l\u00e0 m\u1ed9t s\u1ea3n ph\u1ea9m \u0111\u1ebfn t\u1eeb Nh\u00e0 May M\u1eafn, n\u01a1i c\u00e1c th\u1ee3 may ng\u01b0\u1eddi khuy\u1ebft t\u1eadt s\u1eed d\u1ee5ng k\u1ef9 thu\u1eadt may th\u1ee7 c\u00f4ng tinh x\u1ea3o \u0111\u1ec3 t\u1ea1o ra","og_url":"https:\/\/maison-chance.org\/shop\/san-pham\/tui-thoi-trang-fbjeth05","og_site_name":"Nh\u00e0 May M\u1eafn - Maison Chance","article_publisher":"https:\/\/www.facebook.com\/dnxh.nhamayman\/","article_modified_time":"2024-11-13T03:57:12+00:00","og_image":[{"width":600,"height":600,"url":"https:\/\/maison-chance.org\/shop\/wp-content\/uploads\/2024\/06\/FBJETH05.jpg","type":"image\/jpeg"}],"twitter_card":"summary_large_image","twitter_misc":{"Availability":"In stock"},"schema":{"@context":"https:\/\/schema.org","@graph":[{"@type":"WebPage","@id":"https:\/\/maison-chance.org\/shop\/san-pham\/tui-thoi-trang-fbjeth05","url":"https:\/\/maison-chance.org\/shop\/san-pham\/tui-thoi-trang-fbjeth05","name":"T\u00fai th\u1eddi trang FBJETH05 - T\u00fai x\u00e1ch th\u1ed5 c\u1ea9m - Nh\u00e0 May M\u1eafn - Maison Chance","isPartOf":{"@id":"https:\/\/maison-chance.org\/shop\/#website"},"primaryImageOfPage":{"@id":"https:\/\/maison-chance.org\/shop\/san-pham\/tui-thoi-trang-fbjeth05#primaryimage"},"image":{"@id":"https:\/\/maison-chance.org\/shop\/san-pham\/tui-thoi-trang-fbjeth05#primaryimage"},"thumbnailUrl":"https:\/\/maison-chance.org\/shop\/wp-content\/uploads\/2024\/06\/FBJETH05.jpg","datePublished":"2024-06-18T00:07:19+00:00","dateModified":"2024-11-13T03:57:12+00:00","description":"T\u00fai th\u1eddi trang FBJETH05 l\u00e0 m\u1ed9t s\u1ea3n ph\u1ea9m \u0111\u1ebfn t\u1eeb Nh\u00e0 May M\u1eafn, n\u01a1i c\u00e1c th\u1ee3 may ng\u01b0\u1eddi khuy\u1ebft t\u1eadt s\u1eed d\u1ee5ng k\u1ef9 thu\u1eadt may th\u1ee7 c\u00f4ng tinh x\u1ea3o \u0111\u1ec3 t\u1ea1o ra","breadcrumb":{"@id":"https:\/\/maison-chance.org\/shop\/san-pham\/tui-thoi-trang-fbjeth05#breadcrumb"},"inLanguage":"vi-VN","potentialAction":[{"@type":"ReadAction","target":["https:\/\/maison-chance.org\/shop\/san-pham\/tui-thoi-trang-fbjeth05"]}]},{"@type":"ImageObject","inLanguage":"vi-VN","@id":"https:\/\/maison-chance.org\/shop\/san-pham\/tui-thoi-trang-fbjeth05#primaryimage","url":"https:\/\/maison-chance.org\/shop\/wp-content\/uploads\/2024\/06\/FBJETH05.jpg","contentUrl":"https:\/\/maison-chance.org\/shop\/wp-content\/uploads\/2024\/06\/FBJETH05.jpg","width":600,"height":600,"caption":"T\u00fai th\u1eddi trang FBJETH05"},{"@type":"BreadcrumbList","@id":"https:\/\/maison-chance.org\/shop\/san-pham\/tui-thoi-trang-fbjeth05#breadcrumb","itemListElement":[{"@type":"ListItem","position":1,"name":"Trang ch\u1ee7","item":"https:\/\/maison-chance.org\/shop\/"},{"@type":"ListItem","position":2,"name":"Shop","item":"https:\/\/maison-chance.org\/shop\/shop"},{"@type":"ListItem","position":3,"name":"T\u00fai th\u1eddi trang FBJETH05"}]},{"@type":"WebSite","@id":"https:\/\/maison-chance.org\/shop\/#website","url":"https:\/\/maison-chance.org\/shop\/","name":"Nh\u00e0 May M\u1eafn - Maison Chance","description":"M\u1ecdi l\u1ee3i nhu\u1eadn thu v\u1ec1 t\u1eeb vi\u1ec7c b\u00e1n h\u00e0ng s\u1ebd tr\u00edch m\u1ed9t ph\u1ea7n \u0111\u1ec3 ch\u0103m lo cho \u0111\u1eddi s\u1ed1ng c\u00e1c b\u1ea1n khuy\u1ebft t\u1eadt v\u00e0 tr\u1ebb m\u1ed3 c\u00f4i \u1edf \u0111\u00e2y","publisher":{"@id":"https:\/\/maison-chance.org\/shop\/#organization"},"potentialAction":[{"@type":"SearchAction","target":{"@type":"EntryPoint","urlTemplate":"https:\/\/maison-chance.org\/shop\/?s={search_term_string}"},"query-input":{"@type":"PropertyValueSpecification","valueRequired":true,"valueName":"search_term_string"}}],"inLanguage":"vi-VN"},{"@type":"Organization","@id":"https:\/\/maison-chance.org\/shop\/#organization","name":"Nh\u00e0 May M\u1eafn - Maison Chance","url":"https:\/\/maison-chance.org\/shop\/","logo":{"@type":"ImageObject","inLanguage":"vi-VN","@id":"https:\/\/maison-chance.org\/shop\/#\/schema\/logo\/image\/","url":"https:\/\/maison-chance.org\/shop\/wp-content\/uploads\/2024\/03\/cropped-Logo_DNXH.png","contentUrl":"https:\/\/maison-chance.org\/shop\/wp-content\/uploads\/2024\/03\/cropped-Logo_DNXH.png","width":512,"height":512,"caption":"Nh\u00e0 May M\u1eafn - Maison Chance"},"image":{"@id":"https:\/\/maison-chance.org\/shop\/#\/schema\/logo\/image\/"},"sameAs":["https:\/\/www.facebook.com\/dnxh.nhamayman\/"]}]},"og_availability":"instock","product_availability":"instock","product_condition":"new"},"_links":{"self":[{"href":"https:\/\/maison-chance.org\/shop\/wp-json\/wp\/v2\/product\/39872","targetHints":{"allow":["GET"]}}],"collection":[{"href":"https:\/\/maison-chance.org\/shop\/wp-json\/wp\/v2\/product"}],"about":[{"href":"https:\/\/maison-chance.org\/shop\/wp-json\/wp\/v2\/types\/product"}],"wp:featuredmedia":[{"embeddable":true,"href":"https:\/\/maison-chance.org\/shop\/wp-json\/wp\/v2\/media\/39873"}],"wp:attachment":[{"href":"https:\/\/maison-chance.org\/shop\/wp-json\/wp\/v2\/media?parent=39872"}],"wp:term":[{"taxonomy":"product_brand","embeddable":true,"href":"https:\/\/maison-chance.org\/shop\/wp-json\/wp\/v2\/product_brand?post=39872"},{"taxonomy":"product_cat","embeddable":true,"href":"https:\/\/maison-chance.org\/shop\/wp-json\/wp\/v2\/product_cat?post=39872"},{"taxonomy":"product_tag","embeddable":true,"href":"https:\/\/maison-chance.org\/shop\/wp-json\/wp\/v2\/product_tag?post=39872"}],"curies":[{"name":"wp","href":"https:\/\/api.w.org\/{rel}","templated":true}]}}