{"id":39942,"date":"2024-06-19T11:38:38","date_gmt":"2024-06-19T04:38:38","guid":{"rendered":"https:\/\/maison-chance.org\/shop?post_type=product&#038;p=39942"},"modified":"2024-11-13T13:56:38","modified_gmt":"2024-11-13T06:56:38","slug":"tui-thoi-trang-fbth05","status":"publish","type":"product","link":"https:\/\/maison-chance.org\/shop\/san-pham\/tui-thoi-trang-fbth05","title":{"rendered":"T\u00fai th\u1eddi trang FBTH05"},"content":{"rendered":"<p style=\"text-align: justify\">Trong nh\u1ecbp s\u1ed1ng hi\u1ec7n \u0111\u1ea1i, th\u1eddi trang kh\u00f4ng ch\u1ec9 l\u00e0 m\u1ed9t c\u00e1ch th\u1ec3 hi\u1ec7n phong c\u00e1ch c\u00e1 nh\u00e2n m\u00e0 c\u00f2n l\u00e0 ph\u01b0\u01a1ng ti\u1ec7n gi\u00fap ch\u00fang ta k\u1ebft n\u1ed1i v\u00e0 lan t\u1ecfa nh\u1eefng gi\u00e1 tr\u1ecb nh\u00e2n v\u0103n s\u00e2u s\u1eafc. <a href=\"https:\/\/maison-chance.org\/shop\/san-pham\/tui-thoi-trang-fbth05\">T\u00fai x\u00e1ch th\u1eddi trang FBTH05<\/a>, \u0111\u01b0\u1ee3c t\u1ea1o ra t\u1eeb b\u00e0n tay kh\u00e9o l\u00e9o c\u1ee7a nh\u1eefng ng\u01b0\u1eddi th\u1ee3 may khuy\u1ebft t\u1eadt t\u1ea1i Nh\u00e0 May M\u1eafn, ch\u00ednh l\u00e0 m\u1ed9t minh ch\u1ee9ng s\u1ed1ng \u0111\u1ed9ng cho \u0111i\u1ec1u \u0111\u00f3.<\/p>\n<p style=\"text-align: justify\"><a href=\"https:\/\/maison-chance.org\/shop\/tui-xach\">T\u00fai x\u00e1ch th\u1eddi trang<\/a> FBTH05 c\u00f3 h\u00ecnh d\u00e1ng ch\u1eef nh\u1eadt v\u1edbi k\u00edch th\u01b0\u1edbc 34 x 57 cm, mang l\u1ea1i kh\u00f4ng gian r\u1ed9ng r\u00e3i v\u00e0 ti\u1ec7n l\u1ee3i cho ng\u01b0\u1eddi s\u1eed d\u1ee5ng. Ch\u1ea5t li\u1ec7u v\u1ea3i Th\u00e1i cao c\u1ea5p, m\u1ec1m m\u1ea1i v\u00e0 b\u1ec1n b\u1ec9, kh\u00f4ng ch\u1ec9 b\u1ea3o \u0111\u1ea3m ch\u1ea5t l\u01b0\u1ee3ng m\u00e0 c\u00f2n \u0111em l\u1ea1i c\u1ea3m gi\u00e1c d\u1ec5 ch\u1ecbu trong su\u1ed1t qu\u00e1 tr\u00ecnh s\u1eed d\u1ee5ng. Hai tay c\u1ea7m d\u00e0i ch\u1eafc ch\u1eafn gi\u00fap b\u1ea1n d\u1ec5 d\u00e0ng mang theo ho\u1eb7c \u0111eo vai, ph\u00f9 h\u1ee3p cho nhi\u1ec1u ho\u00e0n c\u1ea3nh.<\/p>\n<p style=\"text-align: justify\">T\u00fai \u0111\u01b0\u1ee3c thi\u1ebft k\u1ebf tinh t\u1ebf v\u1edbi nhi\u1ec1u chi ti\u1ebft t\u1ec9 m\u1ec9: Ng\u0103n ch\u00ednh r\u1ed9ng r\u00e3i v\u1edbi l\u1edbp l\u00f3t m\u1ec1m m\u1ea1i, kh\u00f3a k\u00e9o ch\u1eafc ch\u1eafn v\u00e0 m\u1ed9t t\u00fai nh\u1ecf ti\u1ec7n d\u1ee5ng ph\u00eda tr\u01b0\u1edbc \u0111\u1ec3 \u0111\u1ef1ng nh\u1eefng v\u1eadt d\u1ee5ng c\u00e1 nh\u00e2n nh\u01b0 \u0111i\u1ec7n tho\u1ea1i, v\u00ed ti\u1ec1n. \u0110\u01b0\u1eddng may tinh x\u1ea3o tr\u00ean th\u00e2n t\u00fai kh\u00f4ng ch\u1ec9 th\u1ec3 hi\u1ec7n \u0111\u1ed9 b\u1ec1n m\u00e0 c\u00f2n th\u1ec3 hi\u1ec7n t\u00e2m huy\u1ebft c\u1ee7a nh\u1eefng ng\u01b0\u1eddi th\u1ee3 may khuy\u1ebft t\u1eadt.<\/p>\n<p style=\"text-align: justify\">T\u00fai x\u00e1ch FBTH05 l\u00e0 m\u1ed9t ng\u01b0\u1eddi b\u1ea1n \u0111\u1ed3ng h\u00e0nh l\u00fd t\u01b0\u1edfng cho nh\u1eefng bu\u1ed5i \u0111i l\u00e0m, \u0111i h\u1ecdc hay nh\u1eefng chuy\u1ebfn d\u1ea1o ph\u1ed1 cu\u1ed1i tu\u1ea7n. V\u1edbi kh\u1ea3 n\u0103ng ch\u1ee9a \u0111\u1ef1ng r\u1ed9ng r\u00e3i, b\u1ea1n c\u00f3 th\u1ec3 d\u1ec5 d\u00e0ng mang theo laptop, s\u00e1ch v\u1edf hay nh\u1eefng v\u1eadt d\u1ee5ng c\u00e1 nh\u00e2n kh\u00e1c. \u0110\u1eb7c bi\u1ec7t, v\u1edbi hai s\u1eafc m\u00e0u \u0111en v\u00e0 \u0111\u1ecf, t\u00fai ph\u00f9 h\u1ee3p v\u1edbi nhi\u1ec1u phong c\u00e1ch th\u1eddi trang kh\u00e1c nhau, t\u1eeb trang nh\u00e3, thanh l\u1ecbch \u0111\u1ebfn n\u0103ng \u0111\u1ed9ng, c\u00e1 t\u00ednh.<\/p>\n<p style=\"text-align: justify\"><strong>Ch\u1ea5t L\u01b0\u1ee3ng Cao C\u1ea5p:<\/strong> \u0110\u01b0\u1ee3c l\u00e0m t\u1eeb v\u1ea3i Th\u00e1i cao c\u1ea5p, t\u00fai x\u00e1ch FBTH05 kh\u00f4ng ch\u1ec9 b\u1ec1n b\u1ec9 m\u00e0 c\u00f2n mang l\u1ea1i c\u1ea3m gi\u00e1c tho\u1ea3i m\u00e1i, d\u1ec5 ch\u1ecbu khi s\u1eed d\u1ee5ng.<\/p>\n<p style=\"text-align: justify\"><strong>Thi\u1ebft K\u1ebf Tinh T\u1ebf:<\/strong> V\u1edbi \u0111\u01b0\u1eddng may t\u1ec9 m\u1ec9 v\u00e0 m\u1eabu m\u00e3 \u0111\u01a1n gi\u1ea3n nh\u01b0ng th\u1eddi trang, t\u00fai x\u00e1ch FBTH05 ph\u00f9 h\u1ee3p v\u1edbi nhi\u1ec1u phong c\u00e1ch kh\u00e1c nhau.<\/p>\n<p style=\"text-align: justify\"><strong>\u00dd Ngh\u0129a Nh\u00e2n V\u0103n:<\/strong> <a href=\"https:\/\/maison-chance.org\/shop\/phong-may\">Mua t\u00fai x\u00e1ch<\/a> FBTH05, b\u1ea1n kh\u00f4ng ch\u1ec9 s\u1edf h\u1eefu m\u1ed9t m\u00f3n \u0111\u1ed3 th\u1eddi trang m\u00e0 c\u00f2n g\u00f3p ph\u1ea7n h\u1ed7 tr\u1ee3 nh\u1eefng ng\u01b0\u1eddi khuy\u1ebft t\u1eadt t\u1ea1i Nh\u00e0 May M\u1eafn, gi\u00fap h\u1ecd c\u00f3 c\u01a1 h\u1ed9i h\u00f2a nh\u1eadp v\u00e0 ph\u00e1t tri\u1ec3n trong c\u1ed9ng \u0111\u1ed3ng.<\/p>\n<p style=\"text-align: justify\">M\u1ed7i s\u1ea3n ph\u1ea9m t\u00fai x\u00e1ch th\u1eddi trang FBTH05 kh\u00f4ng ch\u1ec9 l\u00e0 m\u1ed9t ph\u1ee5 ki\u1ec7n h\u1eefu \u00edch m\u00e0 c\u00f2n l\u00e0 c\u1ea7u n\u1ed1i y\u00eau th\u01b0\u01a1ng, chia s\u1ebb v\u1edbi nh\u1eefng ng\u01b0\u1eddi khuy\u1ebft t\u1eadt t\u1ea1i Nh\u00e0 May M\u1eafn. H\u00e3y c\u00f9ng ch\u00fang t\u00f4i lan t\u1ecfa th\u00f4ng \u0111i\u1ec7p n\u00e0y b\u1eb1ng c\u00e1ch s\u1edf h\u1eefu ngay cho m\u00ecnh m\u1ed9t chi\u1ebfc t\u00fai x\u00e1ch FBTH05. S\u1ef1 \u1ee7ng h\u1ed9 c\u1ee7a b\u1ea1n kh\u00f4ng ch\u1ec9 l\u00e0 \u0111\u1ed9ng l\u1ef1c gi\u00fap h\u1ecd v\u01b0\u01a1n l\u00ean trong cu\u1ed9c s\u1ed1ng m\u00e0 c\u00f2n l\u00e0 c\u00e1ch \u0111\u1ec3 ch\u00fang ta c\u00f9ng nhau x\u00e2y d\u1ef1ng m\u1ed9t c\u1ed9ng \u0111\u1ed3ng \u0111\u1ea7y t\u00ecnh y\u00eau th\u01b0\u01a1ng v\u00e0 s\u1ef1 s\u1ebb chia.<\/p>\n<p style=\"text-align: justify\">H\u00e3y \u0111\u1ebfn v\u1edbi <a href=\"https:\/\/maison-chance.org\/shop\">Nh\u00e0 May M\u1eafn<\/a> v\u00e0 ch\u1ecdn cho m\u00ecnh nh\u1eefng s\u1ea3n ph\u1ea9m tuy\u1ec7t v\u1eddi t\u1eeb nh\u1eefng th\u1ee3 may \u0111\u1ea7y t\u00e0i n\u0103ng v\u00e0 ngh\u1ecb l\u1ef1c. M\u1ed7i s\u1ea3n ph\u1ea9m l\u00e0 m\u1ed9t c\u00e2u chuy\u1ec7n, m\u1ed9t h\u00e0nh tr\u00ecnh v\u01b0\u1ee3t qua kh\u00f3 kh\u0103n v\u00e0 l\u00e0 minh ch\u1ee9ng cho s\u1ee9c m\u1ea1nh c\u1ee7a t\u00ecnh y\u00eau th\u01b0\u01a1ng. Mua h\u00e0ng ngay h\u00f4m nay \u0111\u1ec3 c\u00f9ng ch\u00fang t\u00f4i lan t\u1ecfa gi\u00e1 tr\u1ecb nh\u00e2n v\u0103n s\u00e2u s\u1eafc!<\/p>\n","protected":false},"excerpt":{"rendered":"<p style=\"text-align: justify\">S\u1ea3n ph\u1ea9m do c\u00e1c b\u1ea1n khuy\u1ebft t\u1eadt k\u00e9m may m\u1eafn s\u1ea3n xu\u1ea5t th\u1ee7 c\u00f4ng k\u00ednh mong nh\u1eadn \u0111\u01b0\u1ee3c s\u1ef1 \u1ee7ng h\u1ed9 c\u1ee7a Qu\u00fd kh\u00e1ch h\u00e0ng.<\/p>\n<p>Ch\u1ea5t li\u1ec7u: V\u1ea3i Th\u00e1i<\/p>\n<p>Code: TH06TX<\/p>\n<p>K\u00edch th\u01b0\u1edbc : 34 x 57 cm<\/p>\n<p>Hotline : <span style=\"font-size: 20px\"><strong><span style=\"color: #ff0000\">0909 06 25 28<\/span><\/strong><\/span><\/p>\n<p style=\"text-align: justify\">N\u1ebfu b\u1ea1n \u1edf Vi\u1ec7t Nam vui l\u00f2ng li\u00ean h\u1ec7 ch\u00fang t\u00f4i theo s\u1ed1 hotline ho\u1eb7c fanpage doanh nghi\u1ec7p Nh\u00e0 May M\u1eafn ch\u00fang t\u00f4i \u0111\u1ec3 bi\u1ebft gi\u00e1 b\u00e1n t\u1ea1i Vi\u1ec7t Nam.<\/p>\n","protected":false},"featured_media":39943,"template":"","meta":[],"product_brand":[],"product_cat":[137,141],"product_tag":[],"class_list":{"0":"post-39942","1":"product","2":"type-product","3":"status-publish","4":"has-post-thumbnail","6":"product_cat-phong-may","7":"product_cat-tui-xach","9":"first","10":"instock","11":"shipping-taxable","12":"purchasable","13":"product-type-variable"},"yoast_head":"<!-- This site is optimized with the Yoast SEO Premium plugin v22.7 (Yoast SEO v25.3.1) - https:\/\/yoast.com\/wordpress\/plugins\/seo\/ -->\n<title>T\u00fai th\u1eddi trang FBTH05 - T\u00fai x\u00e1ch th\u1ed5 c\u1ea9m - Nh\u00e0 May M\u1eafn - Maison Chance<\/title>\n<meta name=\"description\" content=\"T\u00fai x\u00e1ch th\u1eddi trang FBTH05 c\u00f3 h\u00ecnh d\u00e1ng ch\u1eef nh\u1eadt v\u1edbi k\u00edch th\u01b0\u1edbc 34 x 57 cm, mang \u0111\u1ebfn s\u1ef1 r\u1ed9ng r\u00e3i v\u00e0 ti\u1ec7n l\u1ee3i cho ng\u01b0\u1eddi s\u1eed d\u1ee5ng. \u0110\u01b0\u1ee3c l\u00e0m t\u1eeb v\u1ea3i Th\u00e1i cao c\u1ea5p\" \/>\n<meta name=\"robots\" content=\"index, follow, max-snippet:-1, max-image-preview:large, max-video-preview:-1\" \/>\n<link rel=\"canonical\" href=\"https:\/\/maison-chance.org\/shop\/san-pham\/tui-thoi-trang-fbth05\" \/>\n<meta property=\"og:locale\" content=\"vi_VN\" \/>\n<meta property=\"og:type\" content=\"article\" \/>\n<meta property=\"og:title\" content=\"T\u00fai th\u1eddi trang FBTH05\" \/>\n<meta property=\"og:description\" content=\"T\u00fai x\u00e1ch th\u1eddi trang FBTH05 c\u00f3 h\u00ecnh d\u00e1ng ch\u1eef nh\u1eadt v\u1edbi k\u00edch th\u01b0\u1edbc 34 x 57 cm, mang \u0111\u1ebfn s\u1ef1 r\u1ed9ng r\u00e3i v\u00e0 ti\u1ec7n l\u1ee3i cho ng\u01b0\u1eddi s\u1eed d\u1ee5ng. \u0110\u01b0\u1ee3c l\u00e0m t\u1eeb v\u1ea3i Th\u00e1i cao c\u1ea5p\" \/>\n<meta property=\"og:url\" content=\"https:\/\/maison-chance.org\/shop\/san-pham\/tui-thoi-trang-fbth05\" \/>\n<meta property=\"og:site_name\" content=\"Nh\u00e0 May M\u1eafn - Maison Chance\" \/>\n<meta property=\"article:publisher\" content=\"https:\/\/www.facebook.com\/dnxh.nhamayman\/\" \/>\n<meta property=\"article:modified_time\" content=\"2024-11-13T06:56:38+00:00\" \/>\n<meta property=\"og:image\" content=\"https:\/\/maison-chance.org\/shop\/wp-content\/uploads\/2024\/06\/tui-thoi-trang-FBTH05-1.jpg\" \/>\n\t<meta property=\"og:image:width\" content=\"600\" \/>\n\t<meta property=\"og:image:height\" content=\"600\" \/>\n\t<meta property=\"og:image:type\" content=\"image\/jpeg\" \/>\n<meta name=\"twitter:card\" content=\"summary_large_image\" \/>\n<meta name=\"twitter:label1\" content=\"Availability\" \/>\n\t<meta name=\"twitter:data1\" content=\"In stock\" \/>\n<script type=\"application\/ld+json\" class=\"yoast-schema-graph\">{\"@context\":\"https:\/\/schema.org\",\"@graph\":[{\"@type\":\"WebPage\",\"@id\":\"https:\/\/maison-chance.org\/shop\/san-pham\/tui-thoi-trang-fbth05\",\"url\":\"https:\/\/maison-chance.org\/shop\/san-pham\/tui-thoi-trang-fbth05\",\"name\":\"T\u00fai th\u1eddi trang FBTH05 - T\u00fai x\u00e1ch th\u1ed5 c\u1ea9m - Nh\u00e0 May M\u1eafn - Maison Chance\",\"isPartOf\":{\"@id\":\"https:\/\/maison-chance.org\/shop\/#website\"},\"primaryImageOfPage\":{\"@id\":\"https:\/\/maison-chance.org\/shop\/san-pham\/tui-thoi-trang-fbth05#primaryimage\"},\"image\":{\"@id\":\"https:\/\/maison-chance.org\/shop\/san-pham\/tui-thoi-trang-fbth05#primaryimage\"},\"thumbnailUrl\":\"https:\/\/maison-chance.org\/shop\/wp-content\/uploads\/2024\/06\/tui-thoi-trang-FBTH05-1.jpg\",\"datePublished\":\"2024-06-19T04:38:38+00:00\",\"dateModified\":\"2024-11-13T06:56:38+00:00\",\"description\":\"T\u00fai x\u00e1ch th\u1eddi trang FBTH05 c\u00f3 h\u00ecnh d\u00e1ng ch\u1eef nh\u1eadt v\u1edbi k\u00edch th\u01b0\u1edbc 34 x 57 cm, mang \u0111\u1ebfn s\u1ef1 r\u1ed9ng r\u00e3i v\u00e0 ti\u1ec7n l\u1ee3i cho ng\u01b0\u1eddi s\u1eed d\u1ee5ng. \u0110\u01b0\u1ee3c l\u00e0m t\u1eeb v\u1ea3i Th\u00e1i cao c\u1ea5p\",\"breadcrumb\":{\"@id\":\"https:\/\/maison-chance.org\/shop\/san-pham\/tui-thoi-trang-fbth05#breadcrumb\"},\"inLanguage\":\"vi-VN\",\"potentialAction\":[{\"@type\":\"ReadAction\",\"target\":[\"https:\/\/maison-chance.org\/shop\/san-pham\/tui-thoi-trang-fbth05\"]}]},{\"@type\":\"ImageObject\",\"inLanguage\":\"vi-VN\",\"@id\":\"https:\/\/maison-chance.org\/shop\/san-pham\/tui-thoi-trang-fbth05#primaryimage\",\"url\":\"https:\/\/maison-chance.org\/shop\/wp-content\/uploads\/2024\/06\/tui-thoi-trang-FBTH05-1.jpg\",\"contentUrl\":\"https:\/\/maison-chance.org\/shop\/wp-content\/uploads\/2024\/06\/tui-thoi-trang-FBTH05-1.jpg\",\"width\":600,\"height\":600,\"caption\":\"T\u00fai th\u1eddi trang FBTH05\"},{\"@type\":\"BreadcrumbList\",\"@id\":\"https:\/\/maison-chance.org\/shop\/san-pham\/tui-thoi-trang-fbth05#breadcrumb\",\"itemListElement\":[{\"@type\":\"ListItem\",\"position\":1,\"name\":\"Trang ch\u1ee7\",\"item\":\"https:\/\/maison-chance.org\/shop\/\"},{\"@type\":\"ListItem\",\"position\":2,\"name\":\"Shop\",\"item\":\"https:\/\/maison-chance.org\/shop\/shop\"},{\"@type\":\"ListItem\",\"position\":3,\"name\":\"T\u00fai th\u1eddi trang FBTH05\"}]},{\"@type\":\"WebSite\",\"@id\":\"https:\/\/maison-chance.org\/shop\/#website\",\"url\":\"https:\/\/maison-chance.org\/shop\/\",\"name\":\"Nh\u00e0 May M\u1eafn - Maison Chance\",\"description\":\"M\u1ecdi l\u1ee3i nhu\u1eadn thu v\u1ec1 t\u1eeb vi\u1ec7c b\u00e1n h\u00e0ng s\u1ebd tr\u00edch m\u1ed9t ph\u1ea7n \u0111\u1ec3 ch\u0103m lo cho \u0111\u1eddi s\u1ed1ng c\u00e1c b\u1ea1n khuy\u1ebft t\u1eadt v\u00e0 tr\u1ebb m\u1ed3 c\u00f4i \u1edf \u0111\u00e2y\",\"publisher\":{\"@id\":\"https:\/\/maison-chance.org\/shop\/#organization\"},\"potentialAction\":[{\"@type\":\"SearchAction\",\"target\":{\"@type\":\"EntryPoint\",\"urlTemplate\":\"https:\/\/maison-chance.org\/shop\/?s={search_term_string}\"},\"query-input\":{\"@type\":\"PropertyValueSpecification\",\"valueRequired\":true,\"valueName\":\"search_term_string\"}}],\"inLanguage\":\"vi-VN\"},{\"@type\":\"Organization\",\"@id\":\"https:\/\/maison-chance.org\/shop\/#organization\",\"name\":\"Nh\u00e0 May M\u1eafn - Maison Chance\",\"url\":\"https:\/\/maison-chance.org\/shop\/\",\"logo\":{\"@type\":\"ImageObject\",\"inLanguage\":\"vi-VN\",\"@id\":\"https:\/\/maison-chance.org\/shop\/#\/schema\/logo\/image\/\",\"url\":\"https:\/\/maison-chance.org\/shop\/wp-content\/uploads\/2024\/03\/cropped-Logo_DNXH.png\",\"contentUrl\":\"https:\/\/maison-chance.org\/shop\/wp-content\/uploads\/2024\/03\/cropped-Logo_DNXH.png\",\"width\":512,\"height\":512,\"caption\":\"Nh\u00e0 May M\u1eafn - Maison Chance\"},\"image\":{\"@id\":\"https:\/\/maison-chance.org\/shop\/#\/schema\/logo\/image\/\"},\"sameAs\":[\"https:\/\/www.facebook.com\/dnxh.nhamayman\/\"]}]}<\/script>\n<meta property=\"og:availability\" content=\"instock\" \/>\n<meta property=\"product:availability\" content=\"instock\" \/>\n<meta property=\"product:condition\" content=\"new\" \/>\n<!-- \/ Yoast SEO Premium plugin. -->","yoast_head_json":{"title":"T\u00fai th\u1eddi trang FBTH05 - T\u00fai x\u00e1ch th\u1ed5 c\u1ea9m - Nh\u00e0 May M\u1eafn - Maison Chance","description":"T\u00fai x\u00e1ch th\u1eddi trang FBTH05 c\u00f3 h\u00ecnh d\u00e1ng ch\u1eef nh\u1eadt v\u1edbi k\u00edch th\u01b0\u1edbc 34 x 57 cm, mang \u0111\u1ebfn s\u1ef1 r\u1ed9ng r\u00e3i v\u00e0 ti\u1ec7n l\u1ee3i cho ng\u01b0\u1eddi s\u1eed d\u1ee5ng. \u0110\u01b0\u1ee3c l\u00e0m t\u1eeb v\u1ea3i Th\u00e1i cao c\u1ea5p","robots":{"index":"index","follow":"follow","max-snippet":"max-snippet:-1","max-image-preview":"max-image-preview:large","max-video-preview":"max-video-preview:-1"},"canonical":"https:\/\/maison-chance.org\/shop\/san-pham\/tui-thoi-trang-fbth05","og_locale":"vi_VN","og_type":"article","og_title":"T\u00fai th\u1eddi trang FBTH05","og_description":"T\u00fai x\u00e1ch th\u1eddi trang FBTH05 c\u00f3 h\u00ecnh d\u00e1ng ch\u1eef nh\u1eadt v\u1edbi k\u00edch th\u01b0\u1edbc 34 x 57 cm, mang \u0111\u1ebfn s\u1ef1 r\u1ed9ng r\u00e3i v\u00e0 ti\u1ec7n l\u1ee3i cho ng\u01b0\u1eddi s\u1eed d\u1ee5ng. \u0110\u01b0\u1ee3c l\u00e0m t\u1eeb v\u1ea3i Th\u00e1i cao c\u1ea5p","og_url":"https:\/\/maison-chance.org\/shop\/san-pham\/tui-thoi-trang-fbth05","og_site_name":"Nh\u00e0 May M\u1eafn - Maison Chance","article_publisher":"https:\/\/www.facebook.com\/dnxh.nhamayman\/","article_modified_time":"2024-11-13T06:56:38+00:00","og_image":[{"width":600,"height":600,"url":"https:\/\/maison-chance.org\/shop\/wp-content\/uploads\/2024\/06\/tui-thoi-trang-FBTH05-1.jpg","type":"image\/jpeg"}],"twitter_card":"summary_large_image","twitter_misc":{"Availability":"In stock"},"schema":{"@context":"https:\/\/schema.org","@graph":[{"@type":"WebPage","@id":"https:\/\/maison-chance.org\/shop\/san-pham\/tui-thoi-trang-fbth05","url":"https:\/\/maison-chance.org\/shop\/san-pham\/tui-thoi-trang-fbth05","name":"T\u00fai th\u1eddi trang FBTH05 - T\u00fai x\u00e1ch th\u1ed5 c\u1ea9m - Nh\u00e0 May M\u1eafn - Maison Chance","isPartOf":{"@id":"https:\/\/maison-chance.org\/shop\/#website"},"primaryImageOfPage":{"@id":"https:\/\/maison-chance.org\/shop\/san-pham\/tui-thoi-trang-fbth05#primaryimage"},"image":{"@id":"https:\/\/maison-chance.org\/shop\/san-pham\/tui-thoi-trang-fbth05#primaryimage"},"thumbnailUrl":"https:\/\/maison-chance.org\/shop\/wp-content\/uploads\/2024\/06\/tui-thoi-trang-FBTH05-1.jpg","datePublished":"2024-06-19T04:38:38+00:00","dateModified":"2024-11-13T06:56:38+00:00","description":"T\u00fai x\u00e1ch th\u1eddi trang FBTH05 c\u00f3 h\u00ecnh d\u00e1ng ch\u1eef nh\u1eadt v\u1edbi k\u00edch th\u01b0\u1edbc 34 x 57 cm, mang \u0111\u1ebfn s\u1ef1 r\u1ed9ng r\u00e3i v\u00e0 ti\u1ec7n l\u1ee3i cho ng\u01b0\u1eddi s\u1eed d\u1ee5ng. \u0110\u01b0\u1ee3c l\u00e0m t\u1eeb v\u1ea3i Th\u00e1i cao c\u1ea5p","breadcrumb":{"@id":"https:\/\/maison-chance.org\/shop\/san-pham\/tui-thoi-trang-fbth05#breadcrumb"},"inLanguage":"vi-VN","potentialAction":[{"@type":"ReadAction","target":["https:\/\/maison-chance.org\/shop\/san-pham\/tui-thoi-trang-fbth05"]}]},{"@type":"ImageObject","inLanguage":"vi-VN","@id":"https:\/\/maison-chance.org\/shop\/san-pham\/tui-thoi-trang-fbth05#primaryimage","url":"https:\/\/maison-chance.org\/shop\/wp-content\/uploads\/2024\/06\/tui-thoi-trang-FBTH05-1.jpg","contentUrl":"https:\/\/maison-chance.org\/shop\/wp-content\/uploads\/2024\/06\/tui-thoi-trang-FBTH05-1.jpg","width":600,"height":600,"caption":"T\u00fai th\u1eddi trang FBTH05"},{"@type":"BreadcrumbList","@id":"https:\/\/maison-chance.org\/shop\/san-pham\/tui-thoi-trang-fbth05#breadcrumb","itemListElement":[{"@type":"ListItem","position":1,"name":"Trang ch\u1ee7","item":"https:\/\/maison-chance.org\/shop\/"},{"@type":"ListItem","position":2,"name":"Shop","item":"https:\/\/maison-chance.org\/shop\/shop"},{"@type":"ListItem","position":3,"name":"T\u00fai th\u1eddi trang FBTH05"}]},{"@type":"WebSite","@id":"https:\/\/maison-chance.org\/shop\/#website","url":"https:\/\/maison-chance.org\/shop\/","name":"Nh\u00e0 May M\u1eafn - Maison Chance","description":"M\u1ecdi l\u1ee3i nhu\u1eadn thu v\u1ec1 t\u1eeb vi\u1ec7c b\u00e1n h\u00e0ng s\u1ebd tr\u00edch m\u1ed9t ph\u1ea7n \u0111\u1ec3 ch\u0103m lo cho \u0111\u1eddi s\u1ed1ng c\u00e1c b\u1ea1n khuy\u1ebft t\u1eadt v\u00e0 tr\u1ebb m\u1ed3 c\u00f4i \u1edf \u0111\u00e2y","publisher":{"@id":"https:\/\/maison-chance.org\/shop\/#organization"},"potentialAction":[{"@type":"SearchAction","target":{"@type":"EntryPoint","urlTemplate":"https:\/\/maison-chance.org\/shop\/?s={search_term_string}"},"query-input":{"@type":"PropertyValueSpecification","valueRequired":true,"valueName":"search_term_string"}}],"inLanguage":"vi-VN"},{"@type":"Organization","@id":"https:\/\/maison-chance.org\/shop\/#organization","name":"Nh\u00e0 May M\u1eafn - Maison Chance","url":"https:\/\/maison-chance.org\/shop\/","logo":{"@type":"ImageObject","inLanguage":"vi-VN","@id":"https:\/\/maison-chance.org\/shop\/#\/schema\/logo\/image\/","url":"https:\/\/maison-chance.org\/shop\/wp-content\/uploads\/2024\/03\/cropped-Logo_DNXH.png","contentUrl":"https:\/\/maison-chance.org\/shop\/wp-content\/uploads\/2024\/03\/cropped-Logo_DNXH.png","width":512,"height":512,"caption":"Nh\u00e0 May M\u1eafn - Maison Chance"},"image":{"@id":"https:\/\/maison-chance.org\/shop\/#\/schema\/logo\/image\/"},"sameAs":["https:\/\/www.facebook.com\/dnxh.nhamayman\/"]}]},"og_availability":"instock","product_availability":"instock","product_condition":"new"},"_links":{"self":[{"href":"https:\/\/maison-chance.org\/shop\/wp-json\/wp\/v2\/product\/39942","targetHints":{"allow":["GET"]}}],"collection":[{"href":"https:\/\/maison-chance.org\/shop\/wp-json\/wp\/v2\/product"}],"about":[{"href":"https:\/\/maison-chance.org\/shop\/wp-json\/wp\/v2\/types\/product"}],"wp:featuredmedia":[{"embeddable":true,"href":"https:\/\/maison-chance.org\/shop\/wp-json\/wp\/v2\/media\/39943"}],"wp:attachment":[{"href":"https:\/\/maison-chance.org\/shop\/wp-json\/wp\/v2\/media?parent=39942"}],"wp:term":[{"taxonomy":"product_brand","embeddable":true,"href":"https:\/\/maison-chance.org\/shop\/wp-json\/wp\/v2\/product_brand?post=39942"},{"taxonomy":"product_cat","embeddable":true,"href":"https:\/\/maison-chance.org\/shop\/wp-json\/wp\/v2\/product_cat?post=39942"},{"taxonomy":"product_tag","embeddable":true,"href":"https:\/\/maison-chance.org\/shop\/wp-json\/wp\/v2\/product_tag?post=39942"}],"curies":[{"name":"wp","href":"https:\/\/api.w.org\/{rel}","templated":true}]}}