{"id":39971,"date":"2024-06-19T12:10:04","date_gmt":"2024-06-19T05:10:04","guid":{"rendered":"https:\/\/maison-chance.org\/shop?post_type=product&#038;p=39971"},"modified":"2024-11-13T14:08:08","modified_gmt":"2024-11-13T07:08:08","slug":"tui-thoi-trang-fbth04","status":"publish","type":"product","link":"https:\/\/maison-chance.org\/shop\/san-pham\/tui-thoi-trang-fbth04","title":{"rendered":"T\u00fai th\u1eddi trang FBTH04"},"content":{"rendered":"<p style=\"text-align: justify\"><a href=\"https:\/\/maison-chance.org\/shop\/san-pham\/tui-thoi-trang-fbth04\">T\u00fai x\u00e1ch th\u1eddi trang FBTH04<\/a> l\u00e0 m\u1ed9t s\u1ea3n ph\u1ea9m \u0111\u1eb7c bi\u1ec7t, \u0111\u01b0\u1ee3c t\u1ea1o n\u00ean t\u1eeb nh\u1eefng b\u00e0n tay t\u00e0i hoa c\u1ee7a c\u00e1c th\u1ee3 may ng\u01b0\u1eddi khuy\u1ebft t\u1eadt t\u1ea1i Nh\u00e0 May M\u1eafn. V\u1edbi k\u00edch th\u01b0\u1edbc nh\u1ecf g\u1ecdn 25 x 30 cm v\u00e0 thi\u1ebft k\u1ebf h\u00ecnh ch\u1eef nh\u1eadt thanh l\u1ecbch, t\u00fai x\u00e1ch n\u00e0y kh\u00f4ng ch\u1ec9 mang \u0111\u1ebfn s\u1ef1 ti\u1ec7n l\u1ee3i m\u00e0 c\u00f2n th\u1ec3 hi\u1ec7n phong c\u00e1ch th\u1eddi trang t\u1ed1i gi\u1ea3n nh\u01b0ng kh\u00f4ng k\u00e9m ph\u1ea7n c\u00e1 t\u00ednh. Ch\u1ea5t li\u1ec7u v\u1ea3i Th\u00e1i cao c\u1ea5p, b\u1ec1n b\u1ec9 v\u00e0 \u0111a d\u1ea1ng v\u1ec1 hoa v\u0103n l\u1eabn m\u00e0u s\u1eafc, t\u00fai x\u00e1ch FBTH04 ch\u1eafc ch\u1eafn s\u1ebd l\u00e0m h\u00e0i l\u00f2ng nh\u1eefng ai y\u00eau th\u00edch s\u1ef1 \u0111\u1ed9c \u0111\u00e1o v\u00e0 tinh t\u1ebf.<\/p>\n<p style=\"text-align: justify\">V\u1edbi k\u00edch th\u01b0\u1edbc v\u1eeba ph\u1ea3i v\u00e0 thi\u1ebft k\u1ebf ti\u1ec7n l\u1ee3i, t\u00fai x\u00e1ch FBTH04 c\u00f3 th\u1ec3 \u0111\u01b0\u1ee3c s\u1eed d\u1ee5ng trong nhi\u1ec1u ho\u00e0n c\u1ea3nh kh\u00e1c nhau:.<\/p>\n<p style=\"text-align: justify\">&#8211; \u0110i l\u00e0m: \u0110\u1ee7 kh\u00f4ng gian \u0111\u1ec3 b\u1ea1n \u0111\u1ef1ng \u0111i\u1ec7n tho\u1ea1i, v\u00ed ti\u1ec1n, ch\u00eca kh\u00f3a v\u00e0 nh\u1eefng v\u1eadt d\u1ee5ng c\u00e1 nh\u00e2n c\u1ea7n thi\u1ebft, gi\u00fap b\u1ea1n d\u1ec5 d\u00e0ng mang theo nh\u1eefng m\u00f3n \u0111\u1ed3 quan tr\u1ecdng m\u1ed7i ng\u00e0y.<\/p>\n<p style=\"text-align: justify\">&#8211; \u0110i ch\u01a1i: V\u1edbi hai m\u00e0u s\u1eafc n\u1ed5i b\u1eadt l\u00e0 \u0111\u1ecf v\u00e0 xanh, b\u1ea1n c\u00f3 th\u1ec3 d\u1ec5 d\u00e0ng ph\u1ed1i h\u1ee3p t\u00fai v\u1edbi nhi\u1ec1u trang ph\u1ee5c kh\u00e1c nhau, t\u1eeb thanh l\u1ecbch \u0111\u1ebfn tr\u1ebb trung.<\/p>\n<p style=\"text-align: justify\">&#8211; \u0110i du l\u1ecbch: Nh\u1eb9 nh\u00e0ng, b\u1ec1n b\u1ec9, v\u00e0 g\u1ecdn g\u00e0ng, t\u00fai FBTH04 l\u00e0 l\u1ef1a ch\u1ecdn ho\u00e0n h\u1ea3o khi b\u1ea1n c\u1ea7n m\u1ed9t ph\u1ee5 ki\u1ec7n th\u1eddi trang nh\u1ecf g\u1ecdn nh\u01b0ng v\u1eabn \u0111\u1ea7y \u0111\u1ee7 c\u00f4ng n\u0103ng.<\/p>\n<p style=\"text-align: justify\">T\u00fai x\u00e1ch FBTH04 \u0111\u01b0\u1ee3c l\u00e0m t\u1eeb v\u1ea3i Th\u00e1i cao c\u1ea5p, n\u1ed5i ti\u1ebfng v\u1edbi \u0111\u1ed9 b\u1ec1n v\u00e0 kh\u1ea3 n\u0103ng th\u1ea5m h\u00fat m\u1ed3 h\u00f4i t\u1ed1t. \u0110\u01b0\u1eddng may tinh t\u1ebf v\u00e0 ch\u1eafc ch\u1eafn, c\u00f9ng v\u1edbi l\u1edbp l\u00f3t m\u1ec1m m\u1ea1i b\u00ean trong gi\u00fap b\u1ea3o v\u1ec7 \u0111\u1ed3 \u0111\u1ea1c c\u1ee7a b\u1ea1n m\u1ed9t c\u00e1ch ho\u00e0n h\u1ea3o.<\/p>\n<p style=\"text-align: justify\">M\u1ed7i <a href=\"https:\/\/maison-chance.org\/shop\/tui-xach\">s\u1ea3n ph\u1ea9m t\u00fai x\u00e1ch FBTH04<\/a> l\u00e0 m\u1ed9t minh ch\u1ee9ng cho s\u1ef1 kh\u00e9o l\u00e9o v\u00e0 t\u00e2m huy\u1ebft c\u1ee7a c\u00e1c th\u1ee3 may ng\u01b0\u1eddi khuy\u1ebft t\u1eadt t\u1ea1i Nh\u00e0 May M\u1eafn. B\u1eb1ng c\u00e1ch mua s\u1ea3n ph\u1ea9m n\u00e0y, b\u1ea1n kh\u00f4ng ch\u1ec9 s\u1edf h\u1eefu m\u1ed9t ph\u1ee5 ki\u1ec7n th\u1eddi trang \u0111\u1eb9p m\u1eaft m\u00e0 c\u00f2n g\u00f3p ph\u1ea7n \u1ee7ng h\u1ed9, t\u1ea1o c\u00f4ng \u0103n vi\u1ec7c l\u00e0m v\u00e0 kh\u00edch l\u1ec7 ng\u01b0\u1eddi khuy\u1ebft t\u1eadt v\u01b0\u1ee3t qua kh\u00f3 kh\u0103n, v\u01b0\u01a1n l\u00ean trong cu\u1ed9c s\u1ed1ng..<\/p>\n<p style=\"text-align: justify\">T\u00fai x\u00e1ch FBTH04 c\u00f3 hoa v\u0103n v\u00e0 m\u00e0u s\u1eafc \u0111a d\u1ea1ng, ph\u00f9 h\u1ee3p v\u1edbi nhi\u1ec1u phong c\u00e1ch th\u1eddi trang kh\u00e1c nhau. B\u1ea1n c\u00f3 th\u1ec3 d\u1ec5 d\u00e0ng ch\u1ecdn l\u1ef1a chi\u1ebfc t\u00fai ph\u00f9 h\u1ee3p nh\u1ea5t v\u1edbi gu th\u1ea9m m\u1ef9 c\u1ee7a m\u00ecnh v\u00e0 phong c\u00e1ch s\u1ed1ng c\u1ee7a m\u00ecnh.<\/p>\n<p style=\"text-align: justify\">H\u00e3y c\u00f9ng chung tay \u1ee7ng h\u1ed9 s\u1ea3n ph\u1ea9m c\u1ee7a Nh\u00e0 May M\u1eafn, <a href=\"https:\/\/maison-chance.org\/shop\/phong-may\">mua t\u00fai x\u00e1ch th\u1eddi trang<\/a> FBTH04 ngay h\u00f4m nay \u0111\u1ec3 c\u1ea3m nh\u1eadn s\u1ef1 kh\u00e1c bi\u1ec7t t\u1eeb ch\u1ea5t l\u01b0\u1ee3ng, phong c\u00e1ch v\u00e0 gi\u00e1 tr\u1ecb nh\u00e2n v\u0103n m\u00e0 s\u1ea3n ph\u1ea9m mang l\u1ea1i. C\u00f9ng nhau, ch\u00fang ta c\u00f3 th\u1ec3 t\u1ea1o n\u00ean m\u1ed9t th\u1ebf gi\u1edbi t\u1ed1t \u0111\u1eb9p h\u01a1n, n\u01a1i m\u00e0 m\u1ecdi ng\u01b0\u1eddi \u0111\u1ec1u c\u00f3 c\u01a1 h\u1ed9i \u0111\u01b0\u1ee3c s\u1ed1ng v\u00e0 l\u00e0m vi\u1ec7c m\u1ed9t c\u00e1ch c\u00f4ng b\u1eb1ng v\u00e0 \u0111\u1ea7y t\u1ef1 h\u00e0o.<\/p>\n","protected":false},"excerpt":{"rendered":"<p style=\"text-align: justify\">S\u1ea3n ph\u1ea9m do c\u00e1c b\u1ea1n khuy\u1ebft t\u1eadt k\u00e9m may m\u1eafn s\u1ea3n xu\u1ea5t th\u1ee7 c\u00f4ng k\u00ednh mong nh\u1eadn \u0111\u01b0\u1ee3c s\u1ef1 \u1ee7ng h\u1ed9 c\u1ee7a Qu\u00fd kh\u00e1ch h\u00e0ng.<\/p>\n<p>Ch\u1ea5t li\u1ec7u: V\u1ea3i Th\u00e1i<\/p>\n<p>Code: TH05TX<\/p>\n<p>K\u00edch th\u01b0\u1edbc : 25 x 30 cm<\/p>\n<p>Hotline : <span style=\"font-size: 20px\"><strong><span style=\"color: #ff0000\">0909 06 25 28<\/span><\/strong><\/span><\/p>\n<p style=\"text-align: justify\">N\u1ebfu b\u1ea1n \u1edf Vi\u1ec7t Nam vui l\u00f2ng li\u00ean h\u1ec7 ch\u00fang t\u00f4i theo s\u1ed1 hotline ho\u1eb7c fanpage doanh nghi\u1ec7p Nh\u00e0 May M\u1eafn ch\u00fang t\u00f4i \u0111\u1ec3 bi\u1ebft gi\u00e1 b\u00e1n t\u1ea1i Vi\u1ec7t Nam.<\/p>\n","protected":false},"featured_media":39974,"template":"","meta":[],"product_brand":[],"product_cat":[137,141],"product_tag":[],"class_list":{"0":"post-39971","1":"product","2":"type-product","3":"status-publish","4":"has-post-thumbnail","6":"product_cat-phong-may","7":"product_cat-tui-xach","9":"first","10":"instock","11":"shipping-taxable","12":"purchasable","13":"product-type-variable"},"yoast_head":"<!-- This site is optimized with the Yoast SEO Premium plugin v22.7 (Yoast SEO v25.3.1) - https:\/\/yoast.com\/wordpress\/plugins\/seo\/ -->\n<title>T\u00fai th\u1eddi trang FBTH04- T\u00fai x\u00e1ch th\u1ed5 c\u1ea9m - Nh\u00e0 May M\u1eafn - Maison Chance<\/title>\n<meta name=\"description\" content=\"T\u00fai x\u00e1ch th\u1eddi trang FBTH04 l\u00e0 m\u1ed9t s\u1ea3n ph\u1ea9m \u0111\u1eb7c bi\u1ec7t, \u0111\u01b0\u1ee3c t\u1ea1o n\u00ean t\u1eeb nh\u1eefng b\u00e0n tay t\u00e0i hoa c\u1ee7a c\u00e1c th\u1ee3 may ng\u01b0\u1eddi khuy\u1ebft t\u1eadt t\u1ea1i Nh\u00e0 May M\u1eafn\" \/>\n<meta name=\"robots\" content=\"index, follow, max-snippet:-1, max-image-preview:large, max-video-preview:-1\" \/>\n<link rel=\"canonical\" href=\"https:\/\/maison-chance.org\/shop\/san-pham\/tui-thoi-trang-fbth04\" \/>\n<meta property=\"og:locale\" content=\"vi_VN\" \/>\n<meta property=\"og:type\" content=\"article\" \/>\n<meta property=\"og:title\" content=\"T\u00fai th\u1eddi trang FBTH04\" \/>\n<meta property=\"og:description\" content=\"T\u00fai x\u00e1ch th\u1eddi trang FBTH04 l\u00e0 m\u1ed9t s\u1ea3n ph\u1ea9m \u0111\u1eb7c bi\u1ec7t, \u0111\u01b0\u1ee3c t\u1ea1o n\u00ean t\u1eeb nh\u1eefng b\u00e0n tay t\u00e0i hoa c\u1ee7a c\u00e1c th\u1ee3 may ng\u01b0\u1eddi khuy\u1ebft t\u1eadt t\u1ea1i Nh\u00e0 May M\u1eafn\" \/>\n<meta property=\"og:url\" content=\"https:\/\/maison-chance.org\/shop\/san-pham\/tui-thoi-trang-fbth04\" \/>\n<meta property=\"og:site_name\" content=\"Nh\u00e0 May M\u1eafn - Maison Chance\" \/>\n<meta property=\"article:publisher\" content=\"https:\/\/www.facebook.com\/dnxh.nhamayman\/\" \/>\n<meta property=\"article:modified_time\" content=\"2024-11-13T07:08:08+00:00\" \/>\n<meta property=\"og:image\" content=\"https:\/\/maison-chance.org\/shop\/wp-content\/uploads\/2024\/06\/tui-thoi-trang-fbth04-1.jpg\" \/>\n\t<meta property=\"og:image:width\" content=\"600\" \/>\n\t<meta property=\"og:image:height\" content=\"600\" \/>\n\t<meta property=\"og:image:type\" content=\"image\/jpeg\" \/>\n<meta name=\"twitter:card\" content=\"summary_large_image\" \/>\n<meta name=\"twitter:label1\" content=\"Availability\" \/>\n\t<meta name=\"twitter:data1\" content=\"In stock\" \/>\n<script type=\"application\/ld+json\" class=\"yoast-schema-graph\">{\"@context\":\"https:\/\/schema.org\",\"@graph\":[{\"@type\":\"WebPage\",\"@id\":\"https:\/\/maison-chance.org\/shop\/san-pham\/tui-thoi-trang-fbth04\",\"url\":\"https:\/\/maison-chance.org\/shop\/san-pham\/tui-thoi-trang-fbth04\",\"name\":\"T\u00fai th\u1eddi trang FBTH04- T\u00fai x\u00e1ch th\u1ed5 c\u1ea9m - Nh\u00e0 May M\u1eafn - Maison Chance\",\"isPartOf\":{\"@id\":\"https:\/\/maison-chance.org\/shop\/#website\"},\"primaryImageOfPage\":{\"@id\":\"https:\/\/maison-chance.org\/shop\/san-pham\/tui-thoi-trang-fbth04#primaryimage\"},\"image\":{\"@id\":\"https:\/\/maison-chance.org\/shop\/san-pham\/tui-thoi-trang-fbth04#primaryimage\"},\"thumbnailUrl\":\"https:\/\/maison-chance.org\/shop\/wp-content\/uploads\/2024\/06\/tui-thoi-trang-fbth04-1.jpg\",\"datePublished\":\"2024-06-19T05:10:04+00:00\",\"dateModified\":\"2024-11-13T07:08:08+00:00\",\"description\":\"T\u00fai x\u00e1ch th\u1eddi trang FBTH04 l\u00e0 m\u1ed9t s\u1ea3n ph\u1ea9m \u0111\u1eb7c bi\u1ec7t, \u0111\u01b0\u1ee3c t\u1ea1o n\u00ean t\u1eeb nh\u1eefng b\u00e0n tay t\u00e0i hoa c\u1ee7a c\u00e1c th\u1ee3 may ng\u01b0\u1eddi khuy\u1ebft t\u1eadt t\u1ea1i Nh\u00e0 May M\u1eafn\",\"breadcrumb\":{\"@id\":\"https:\/\/maison-chance.org\/shop\/san-pham\/tui-thoi-trang-fbth04#breadcrumb\"},\"inLanguage\":\"vi-VN\",\"potentialAction\":[{\"@type\":\"ReadAction\",\"target\":[\"https:\/\/maison-chance.org\/shop\/san-pham\/tui-thoi-trang-fbth04\"]}]},{\"@type\":\"ImageObject\",\"inLanguage\":\"vi-VN\",\"@id\":\"https:\/\/maison-chance.org\/shop\/san-pham\/tui-thoi-trang-fbth04#primaryimage\",\"url\":\"https:\/\/maison-chance.org\/shop\/wp-content\/uploads\/2024\/06\/tui-thoi-trang-fbth04-1.jpg\",\"contentUrl\":\"https:\/\/maison-chance.org\/shop\/wp-content\/uploads\/2024\/06\/tui-thoi-trang-fbth04-1.jpg\",\"width\":600,\"height\":600,\"caption\":\"T\u00fai th\u1eddi trang FBTH04\"},{\"@type\":\"BreadcrumbList\",\"@id\":\"https:\/\/maison-chance.org\/shop\/san-pham\/tui-thoi-trang-fbth04#breadcrumb\",\"itemListElement\":[{\"@type\":\"ListItem\",\"position\":1,\"name\":\"Trang ch\u1ee7\",\"item\":\"https:\/\/maison-chance.org\/shop\/\"},{\"@type\":\"ListItem\",\"position\":2,\"name\":\"Shop\",\"item\":\"https:\/\/maison-chance.org\/shop\/shop\"},{\"@type\":\"ListItem\",\"position\":3,\"name\":\"T\u00fai th\u1eddi trang FBTH04\"}]},{\"@type\":\"WebSite\",\"@id\":\"https:\/\/maison-chance.org\/shop\/#website\",\"url\":\"https:\/\/maison-chance.org\/shop\/\",\"name\":\"Nh\u00e0 May M\u1eafn - Maison Chance\",\"description\":\"M\u1ecdi l\u1ee3i nhu\u1eadn thu v\u1ec1 t\u1eeb vi\u1ec7c b\u00e1n h\u00e0ng s\u1ebd tr\u00edch m\u1ed9t ph\u1ea7n \u0111\u1ec3 ch\u0103m lo cho \u0111\u1eddi s\u1ed1ng c\u00e1c b\u1ea1n khuy\u1ebft t\u1eadt v\u00e0 tr\u1ebb m\u1ed3 c\u00f4i \u1edf \u0111\u00e2y\",\"publisher\":{\"@id\":\"https:\/\/maison-chance.org\/shop\/#organization\"},\"potentialAction\":[{\"@type\":\"SearchAction\",\"target\":{\"@type\":\"EntryPoint\",\"urlTemplate\":\"https:\/\/maison-chance.org\/shop\/?s={search_term_string}\"},\"query-input\":{\"@type\":\"PropertyValueSpecification\",\"valueRequired\":true,\"valueName\":\"search_term_string\"}}],\"inLanguage\":\"vi-VN\"},{\"@type\":\"Organization\",\"@id\":\"https:\/\/maison-chance.org\/shop\/#organization\",\"name\":\"Nh\u00e0 May M\u1eafn - Maison Chance\",\"url\":\"https:\/\/maison-chance.org\/shop\/\",\"logo\":{\"@type\":\"ImageObject\",\"inLanguage\":\"vi-VN\",\"@id\":\"https:\/\/maison-chance.org\/shop\/#\/schema\/logo\/image\/\",\"url\":\"https:\/\/maison-chance.org\/shop\/wp-content\/uploads\/2024\/03\/cropped-Logo_DNXH.png\",\"contentUrl\":\"https:\/\/maison-chance.org\/shop\/wp-content\/uploads\/2024\/03\/cropped-Logo_DNXH.png\",\"width\":512,\"height\":512,\"caption\":\"Nh\u00e0 May M\u1eafn - Maison Chance\"},\"image\":{\"@id\":\"https:\/\/maison-chance.org\/shop\/#\/schema\/logo\/image\/\"},\"sameAs\":[\"https:\/\/www.facebook.com\/dnxh.nhamayman\/\"]}]}<\/script>\n<meta property=\"og:availability\" content=\"instock\" \/>\n<meta property=\"product:availability\" content=\"instock\" \/>\n<meta property=\"product:condition\" content=\"new\" \/>\n<!-- \/ Yoast SEO Premium plugin. -->","yoast_head_json":{"title":"T\u00fai th\u1eddi trang FBTH04- T\u00fai x\u00e1ch th\u1ed5 c\u1ea9m - Nh\u00e0 May M\u1eafn - Maison Chance","description":"T\u00fai x\u00e1ch th\u1eddi trang FBTH04 l\u00e0 m\u1ed9t s\u1ea3n ph\u1ea9m \u0111\u1eb7c bi\u1ec7t, \u0111\u01b0\u1ee3c t\u1ea1o n\u00ean t\u1eeb nh\u1eefng b\u00e0n tay t\u00e0i hoa c\u1ee7a c\u00e1c th\u1ee3 may ng\u01b0\u1eddi khuy\u1ebft t\u1eadt t\u1ea1i Nh\u00e0 May M\u1eafn","robots":{"index":"index","follow":"follow","max-snippet":"max-snippet:-1","max-image-preview":"max-image-preview:large","max-video-preview":"max-video-preview:-1"},"canonical":"https:\/\/maison-chance.org\/shop\/san-pham\/tui-thoi-trang-fbth04","og_locale":"vi_VN","og_type":"article","og_title":"T\u00fai th\u1eddi trang FBTH04","og_description":"T\u00fai x\u00e1ch th\u1eddi trang FBTH04 l\u00e0 m\u1ed9t s\u1ea3n ph\u1ea9m \u0111\u1eb7c bi\u1ec7t, \u0111\u01b0\u1ee3c t\u1ea1o n\u00ean t\u1eeb nh\u1eefng b\u00e0n tay t\u00e0i hoa c\u1ee7a c\u00e1c th\u1ee3 may ng\u01b0\u1eddi khuy\u1ebft t\u1eadt t\u1ea1i Nh\u00e0 May M\u1eafn","og_url":"https:\/\/maison-chance.org\/shop\/san-pham\/tui-thoi-trang-fbth04","og_site_name":"Nh\u00e0 May M\u1eafn - Maison Chance","article_publisher":"https:\/\/www.facebook.com\/dnxh.nhamayman\/","article_modified_time":"2024-11-13T07:08:08+00:00","og_image":[{"width":600,"height":600,"url":"https:\/\/maison-chance.org\/shop\/wp-content\/uploads\/2024\/06\/tui-thoi-trang-fbth04-1.jpg","type":"image\/jpeg"}],"twitter_card":"summary_large_image","twitter_misc":{"Availability":"In stock"},"schema":{"@context":"https:\/\/schema.org","@graph":[{"@type":"WebPage","@id":"https:\/\/maison-chance.org\/shop\/san-pham\/tui-thoi-trang-fbth04","url":"https:\/\/maison-chance.org\/shop\/san-pham\/tui-thoi-trang-fbth04","name":"T\u00fai th\u1eddi trang FBTH04- T\u00fai x\u00e1ch th\u1ed5 c\u1ea9m - Nh\u00e0 May M\u1eafn - Maison Chance","isPartOf":{"@id":"https:\/\/maison-chance.org\/shop\/#website"},"primaryImageOfPage":{"@id":"https:\/\/maison-chance.org\/shop\/san-pham\/tui-thoi-trang-fbth04#primaryimage"},"image":{"@id":"https:\/\/maison-chance.org\/shop\/san-pham\/tui-thoi-trang-fbth04#primaryimage"},"thumbnailUrl":"https:\/\/maison-chance.org\/shop\/wp-content\/uploads\/2024\/06\/tui-thoi-trang-fbth04-1.jpg","datePublished":"2024-06-19T05:10:04+00:00","dateModified":"2024-11-13T07:08:08+00:00","description":"T\u00fai x\u00e1ch th\u1eddi trang FBTH04 l\u00e0 m\u1ed9t s\u1ea3n ph\u1ea9m \u0111\u1eb7c bi\u1ec7t, \u0111\u01b0\u1ee3c t\u1ea1o n\u00ean t\u1eeb nh\u1eefng b\u00e0n tay t\u00e0i hoa c\u1ee7a c\u00e1c th\u1ee3 may ng\u01b0\u1eddi khuy\u1ebft t\u1eadt t\u1ea1i Nh\u00e0 May M\u1eafn","breadcrumb":{"@id":"https:\/\/maison-chance.org\/shop\/san-pham\/tui-thoi-trang-fbth04#breadcrumb"},"inLanguage":"vi-VN","potentialAction":[{"@type":"ReadAction","target":["https:\/\/maison-chance.org\/shop\/san-pham\/tui-thoi-trang-fbth04"]}]},{"@type":"ImageObject","inLanguage":"vi-VN","@id":"https:\/\/maison-chance.org\/shop\/san-pham\/tui-thoi-trang-fbth04#primaryimage","url":"https:\/\/maison-chance.org\/shop\/wp-content\/uploads\/2024\/06\/tui-thoi-trang-fbth04-1.jpg","contentUrl":"https:\/\/maison-chance.org\/shop\/wp-content\/uploads\/2024\/06\/tui-thoi-trang-fbth04-1.jpg","width":600,"height":600,"caption":"T\u00fai th\u1eddi trang FBTH04"},{"@type":"BreadcrumbList","@id":"https:\/\/maison-chance.org\/shop\/san-pham\/tui-thoi-trang-fbth04#breadcrumb","itemListElement":[{"@type":"ListItem","position":1,"name":"Trang ch\u1ee7","item":"https:\/\/maison-chance.org\/shop\/"},{"@type":"ListItem","position":2,"name":"Shop","item":"https:\/\/maison-chance.org\/shop\/shop"},{"@type":"ListItem","position":3,"name":"T\u00fai th\u1eddi trang FBTH04"}]},{"@type":"WebSite","@id":"https:\/\/maison-chance.org\/shop\/#website","url":"https:\/\/maison-chance.org\/shop\/","name":"Nh\u00e0 May M\u1eafn - Maison Chance","description":"M\u1ecdi l\u1ee3i nhu\u1eadn thu v\u1ec1 t\u1eeb vi\u1ec7c b\u00e1n h\u00e0ng s\u1ebd tr\u00edch m\u1ed9t ph\u1ea7n \u0111\u1ec3 ch\u0103m lo cho \u0111\u1eddi s\u1ed1ng c\u00e1c b\u1ea1n khuy\u1ebft t\u1eadt v\u00e0 tr\u1ebb m\u1ed3 c\u00f4i \u1edf \u0111\u00e2y","publisher":{"@id":"https:\/\/maison-chance.org\/shop\/#organization"},"potentialAction":[{"@type":"SearchAction","target":{"@type":"EntryPoint","urlTemplate":"https:\/\/maison-chance.org\/shop\/?s={search_term_string}"},"query-input":{"@type":"PropertyValueSpecification","valueRequired":true,"valueName":"search_term_string"}}],"inLanguage":"vi-VN"},{"@type":"Organization","@id":"https:\/\/maison-chance.org\/shop\/#organization","name":"Nh\u00e0 May M\u1eafn - Maison Chance","url":"https:\/\/maison-chance.org\/shop\/","logo":{"@type":"ImageObject","inLanguage":"vi-VN","@id":"https:\/\/maison-chance.org\/shop\/#\/schema\/logo\/image\/","url":"https:\/\/maison-chance.org\/shop\/wp-content\/uploads\/2024\/03\/cropped-Logo_DNXH.png","contentUrl":"https:\/\/maison-chance.org\/shop\/wp-content\/uploads\/2024\/03\/cropped-Logo_DNXH.png","width":512,"height":512,"caption":"Nh\u00e0 May M\u1eafn - Maison Chance"},"image":{"@id":"https:\/\/maison-chance.org\/shop\/#\/schema\/logo\/image\/"},"sameAs":["https:\/\/www.facebook.com\/dnxh.nhamayman\/"]}]},"og_availability":"instock","product_availability":"instock","product_condition":"new"},"_links":{"self":[{"href":"https:\/\/maison-chance.org\/shop\/wp-json\/wp\/v2\/product\/39971","targetHints":{"allow":["GET"]}}],"collection":[{"href":"https:\/\/maison-chance.org\/shop\/wp-json\/wp\/v2\/product"}],"about":[{"href":"https:\/\/maison-chance.org\/shop\/wp-json\/wp\/v2\/types\/product"}],"wp:featuredmedia":[{"embeddable":true,"href":"https:\/\/maison-chance.org\/shop\/wp-json\/wp\/v2\/media\/39974"}],"wp:attachment":[{"href":"https:\/\/maison-chance.org\/shop\/wp-json\/wp\/v2\/media?parent=39971"}],"wp:term":[{"taxonomy":"product_brand","embeddable":true,"href":"https:\/\/maison-chance.org\/shop\/wp-json\/wp\/v2\/product_brand?post=39971"},{"taxonomy":"product_cat","embeddable":true,"href":"https:\/\/maison-chance.org\/shop\/wp-json\/wp\/v2\/product_cat?post=39971"},{"taxonomy":"product_tag","embeddable":true,"href":"https:\/\/maison-chance.org\/shop\/wp-json\/wp\/v2\/product_tag?post=39971"}],"curies":[{"name":"wp","href":"https:\/\/api.w.org\/{rel}","templated":true}]}}