{"id":40020,"date":"2024-06-23T02:51:14","date_gmt":"2024-06-22T19:51:14","guid":{"rendered":"https:\/\/maison-chance.org\/shop?post_type=product&#038;p=40020"},"modified":"2024-11-13T14:16:36","modified_gmt":"2024-11-13T07:16:36","slug":"tui-thoi-trang-fbcv04","status":"publish","type":"product","link":"https:\/\/maison-chance.org\/shop\/san-pham\/tui-thoi-trang-fbcv04","title":{"rendered":"T\u00fai th\u1eddi trang FBCV04"},"content":{"rendered":"<p style=\"text-align: justify\"><a href=\"https:\/\/maison-chance.org\/shop\/san-pham\/tui-thoi-trang-fbcv04\">T\u00fai x\u00e1ch th\u1eddi trang FBTH04<\/a> kh\u00f4ng ch\u1ec9 l\u00e0 m\u1ed9t s\u1ea3n ph\u1ea9m \u0111\u1eb9p m\u1eaft m\u00e0 c\u00f2n mang \u0111\u1eadm \u00fd ngh\u0129a nh\u00e2n v\u0103n s\u00e2u s\u1eafc. \u0110\u00e2y l\u00e0 s\u1ea3n ph\u1ea9m \u0111\u01b0\u1ee3c ch\u1ebf t\u00e1c b\u1edfi nh\u1eefng th\u1ee3 may khuy\u1ebft t\u1eadt l\u00e0nh ngh\u1ec1 t\u1ea1i Nh\u00e0 May M\u1eafn, n\u01a1i nh\u1eefng con ng\u01b0\u1eddi ki\u00ean c\u01b0\u1eddng v\u00e0 t\u00e0i n\u0103ng \u0111ang t\u1eebng ng\u00e0y v\u01b0\u1ee3t qua kh\u00f3 kh\u0103n c\u1ee7a cu\u1ed9c s\u1ed1ng \u0111\u1ec3 t\u1ea1o ra nh\u1eefng t\u00e1c ph\u1ea9m tuy\u1ec7t v\u1eddi.<\/p>\n<p style=\"text-align: justify\">T\u00fai x\u00e1ch th\u1eddi trang FBTH04 c\u00f3 h\u00ecnh d\u00e1ng h\u00ecnh ch\u1eef nh\u1eadt v\u1edbi k\u00edch th\u01b0\u1edbc 30 x 33 cm, v\u1eeba v\u1eb7n \u0111\u1ec3 \u0111\u1ef1ng \u0111\u01b0\u1ee3c nhi\u1ec1u v\u1eadt d\u1ee5ng c\u1ea7n thi\u1ebft. T\u00fai \u0111\u01b0\u1ee3c l\u00e0m t\u1eeb v\u1ea3i b\u1ed1 cao c\u1ea5p, b\u1ec1n b\u1ec9 v\u00e0 ch\u1ed1ng th\u1ea5m n\u01b0\u1edbc t\u1ed1t, \u0111\u1ea3m b\u1ea3o b\u1ea3o v\u1ec7 \u0111\u1ed3 \u0111\u1ea1c c\u1ee7a b\u1ea1n tr\u01b0\u1edbc nh\u1eefng c\u01a1n m\u01b0a b\u1ea5t ch\u1ee3t. \u0110i\u1ec3m nh\u1ea5n n\u1ed5i b\u1eadt c\u1ee7a t\u00fai l\u00e0 mi\u1ebfng th\u1ed5 c\u1ea9m trang tr\u00ed \u1edf m\u1eb7t tr\u01b0\u1edbc, v\u1edbi hoa v\u0103n sinh \u0111\u1ed9ng v\u00e0 s\u1eafc n\u00e9t, t\u1ea1o n\u00ean m\u1ed9t v\u1ebb ngo\u00e0i v\u1eeba th\u1eddi th\u01b0\u1ee3ng, v\u1eeba \u0111\u1ed9c \u0111\u00e1o.<\/p>\n<p style=\"text-align: justify\">T\u00fai c\u00f3 hai tay c\u1ea7m d\u00e0i ch\u1eafc ch\u1eafn, gi\u00fap b\u1ea1n d\u1ec5 d\u00e0ng mang theo b\u00ean m\u00ecnh ho\u1eb7c \u0111eo vai. B\u00ean trong t\u00fai c\u00f3 m\u1ed9t ng\u0103n ch\u00ednh r\u1ed9ng r\u00e3i v\u1edbi l\u1edbp l\u00f3t b\u1eb1ng v\u1ea3i m\u1ec1m m\u1ea1i v\u00e0 m\u1ed9t t\u00fai nh\u1ecf ph\u00eda tr\u01b0\u1edbc \u0111\u1ec3 \u0111\u1ef1ng nh\u1eefng v\u1eadt d\u1ee5ng nh\u1ecf nh\u01b0 \u0111i\u1ec7n tho\u1ea1i, v\u00ed ti\u1ec1n. Kh\u00f3a k\u00e9o ch\u1eafc ch\u1eafn \u0111\u1ea3m b\u1ea3o an to\u00e0n cho \u0111\u1ed3 \u0111\u1ea1c c\u1ee7a b\u1ea1n kh\u00f4ng b\u1ecb r\u01a1i r\u1edbt trong qu\u00e1 tr\u00ecnh di chuy\u1ec3n.<\/p>\n<p style=\"text-align: justify\"><a href=\"https:\/\/maison-chance.org\/shop\/tui-xach\">T\u00fai x\u00e1ch<\/a> FBTH04 l\u00e0 ph\u1ee5 ki\u1ec7n ho\u00e0n h\u1ea3o cho nhi\u1ec1u d\u1ecbp kh\u00e1c nhau. B\u1ea1n c\u00f3 th\u1ec3 s\u1eed d\u1ee5ng t\u00fai khi \u0111i l\u00e0m, \u0111i h\u1ecdc, hay d\u1ea1o ph\u1ed1 c\u00f9ng b\u1ea1n b\u00e8. V\u1edbi thi\u1ebft k\u1ebf \u0111\u01a1n gi\u1ea3n nh\u01b0ng kh\u00f4ng k\u00e9m ph\u1ea7n th\u1eddi trang, t\u00fai ph\u00f9 h\u1ee3p v\u1edbi m\u1ecdi phong c\u00e1ch t\u1eeb thanh l\u1ecbch, hi\u1ec7n \u0111\u1ea1i \u0111\u1ebfn c\u00e1 t\u00ednh. Ngo\u00e0i ra, kh\u1ea3 n\u0103ng ch\u1ed1ng th\u1ea5m n\u01b0\u1edbc c\u1ee7a t\u00fai c\u0169ng l\u00e0 m\u1ed9t \u0111i\u1ec3m c\u1ed9ng l\u1edbn khi b\u1ea1n c\u00f3 th\u1ec3 y\u00ean t\u00e2m s\u1eed d\u1ee5ng ngay c\u1ea3 trong nh\u1eefng ng\u00e0y m\u01b0a.<\/p>\n<p style=\"text-align: justify\">Khi b\u1ea1n ch\u1ecdn <a href=\"https:\/\/maison-chance.org\/shop\/phong-may\">mua t\u00fai x\u00e1ch th\u1eddi trang<\/a> FBTH04, b\u1ea1n kh\u00f4ng ch\u1ec9 s\u1edf h\u1eefu m\u1ed9t s\u1ea3n ph\u1ea9m ch\u1ea5t l\u01b0\u1ee3ng cao, b\u1ec1n b\u1ec9 v\u00e0 th\u1eddi trang m\u00e0 c\u00f2n \u0111ang g\u00f3p ph\u1ea7n h\u1ed7 tr\u1ee3 nh\u1eefng ng\u01b0\u1eddi th\u1ee3 may khuy\u1ebft t\u1eadt t\u1ea1i Nh\u00e0 May M\u1eafn. \u0110\u00e2y l\u00e0 c\u01a1 h\u1ed9i \u0111\u1ec3 b\u1ea1n th\u1ec3 hi\u1ec7n s\u1ef1 \u1ee7ng h\u1ed9 \u0111\u1ed1i v\u1edbi nh\u1eefng ng\u01b0\u1eddi c\u00f3 ho\u00e0n c\u1ea3nh kh\u00f3 kh\u0103n nh\u01b0ng v\u1eabn kh\u00f4ng ng\u1eebng n\u1ed7 l\u1ef1c v\u01b0\u01a1n l\u00ean trong cu\u1ed9c s\u1ed1ng. M\u1ed7i chi\u1ebfc t\u00fai l\u00e0 m\u1ed9t c\u00e2u chuy\u1ec7n, m\u1ed9t th\u00e0nh qu\u1ea3 \u0111\u00e1ng t\u1ef1 h\u00e0o c\u1ee7a nh\u1eefng ng\u01b0\u1eddi th\u1ee3 may t\u1eadn t\u1ee5y, t\u1ec9 m\u1ec9 trong t\u1eebng \u0111\u01b0\u1eddng kim m\u0169i ch\u1ec9 v\u1edbi mong mu\u1ed1n mang \u0111\u1ebfn nh\u1eefng s\u1ea3n ph\u1ea9m ch\u1ea5t l\u01b0\u1ee3ng \u0111\u01b0\u1ee3c \u0111\u1ebfn tay kh\u00e1ch h\u00e0ng.<\/p>\n<p style=\"text-align: justify\">H\u00e3y c\u00f9ng chung tay \u1ee7ng h\u1ed9 Nh\u00e0 May M\u1eafn b\u1eb1ng c\u00e1ch s\u1edf h\u1eefu ngay t\u00fai x\u00e1ch th\u1eddi trang FBTH04. S\u1ea3n ph\u1ea9m kh\u00f4ng ch\u1ec9 l\u00e0 m\u1ed9t m\u00f3n ph\u1ee5 ki\u1ec7n tuy\u1ec7t v\u1eddi m\u00e0 c\u00f2n l\u00e0 bi\u1ec3u t\u01b0\u1ee3ng c\u1ee7a l\u00f2ng nh\u00e2n \u00e1i v\u00e0 s\u1ef1 s\u1ebb chia. M\u1ed7i chi\u1ebfc t\u00fai b\u1ea1n mua l\u00e0 m\u1ed9t b\u01b0\u1edbc ti\u1ebfn trong h\u00e0nh tr\u00ecnh mang l\u1ea1i ni\u1ec1m vui v\u00e0 hy v\u1ecdng cho nh\u1eefng th\u1ee3 may khuy\u1ebft t\u1eadt, gi\u00fap h\u1ecd th\u00eam \u0111\u1ed9ng l\u1ef1c v\u00e0 ni\u1ec1m tin v\u00e0o t\u01b0\u01a1ng lai.<\/p>\n<p style=\"text-align: justify\">H\u00e3y \u0111\u1eb7t mua ngay h\u00f4m nay v\u00e0 lan t\u1ecfa y\u00eau th\u01b0\u01a1ng c\u00f9ng Nh\u00e0 May M\u1eafn!<\/p>\n","protected":false},"excerpt":{"rendered":"<p style=\"text-align: justify\">S\u1ea3n ph\u1ea9m do c\u00e1c b\u1ea1n khuy\u1ebft t\u1eadt k\u00e9m may m\u1eafn s\u1ea3n xu\u1ea5t th\u1ee7 c\u00f4ng k\u00ednh mong nh\u1eadn \u0111\u01b0\u1ee3c s\u1ef1 \u1ee7ng h\u1ed9 c\u1ee7a Qu\u00fd kh\u00e1ch h\u00e0ng.<\/p>\n<p>Ch\u1ea5t li\u1ec7u: V\u1ea3i b\u1ed1 + th\u1ed5 c\u1ea9m<\/p>\n<p>Code: TC04TX<\/p>\n<p>K\u00edch th\u01b0\u1edbc : 30 \u00d7 33 cm<\/p>\n<p>Hotline : <span style=\"font-size: 20px\"><strong><span style=\"color: #ff0000\">0909 06 25 28<\/span><\/strong><\/span><\/p>\n<p style=\"text-align: justify\">N\u1ebfu b\u1ea1n \u1edf Vi\u1ec7t Nam vui l\u00f2ng li\u00ean h\u1ec7 ch\u00fang t\u00f4i theo s\u1ed1 hotline ho\u1eb7c fanpage doanh nghi\u1ec7p Nh\u00e0 May M\u1eafn ch\u00fang t\u00f4i \u0111\u1ec3 bi\u1ebft gi\u00e1 b\u00e1n t\u1ea1i Vi\u1ec7t Nam.<\/p>\n","protected":false},"featured_media":40021,"template":"","meta":[],"product_brand":[],"product_cat":[137,141],"product_tag":[],"class_list":{"0":"post-40020","1":"product","2":"type-product","3":"status-publish","4":"has-post-thumbnail","6":"product_cat-phong-may","7":"product_cat-tui-xach","9":"first","10":"instock","11":"shipping-taxable","12":"purchasable","13":"product-type-simple"},"yoast_head":"<!-- This site is optimized with the Yoast SEO Premium plugin v22.7 (Yoast SEO v25.3.1) - https:\/\/yoast.com\/wordpress\/plugins\/seo\/ -->\n<title>T\u00fai th\u1eddi trang FBCV04- T\u00fai x\u00e1ch th\u1ed5 c\u1ea9m - Nh\u00e0 May M\u1eafn - Maison Chance<\/title>\n<meta name=\"description\" content=\"T\u00fai x\u00e1ch th\u1eddi trang FBTH04 kh\u00f4ng ch\u1ec9 l\u00e0 m\u1ed9t s\u1ea3n ph\u1ea9m \u0111\u1eb9p m\u1eaft m\u00e0 c\u00f2n mang \u0111\u1eadm \u00fd ngh\u0129a nh\u00e2n v\u0103n s\u00e2u s\u1eafc. \u0110\u00e2y l\u00e0 s\u1ea3n ph\u1ea9m c\u1ee7a ng\u01b0\u1eddi khuy\u1ebft t\u1eadt Nh\u00e0 May M\u1eafn\" \/>\n<meta name=\"robots\" content=\"index, follow, max-snippet:-1, max-image-preview:large, max-video-preview:-1\" \/>\n<link rel=\"canonical\" href=\"https:\/\/maison-chance.org\/shop\/san-pham\/tui-thoi-trang-fbcv04\" \/>\n<meta property=\"og:locale\" content=\"vi_VN\" \/>\n<meta property=\"og:type\" content=\"article\" \/>\n<meta property=\"og:title\" content=\"T\u00fai th\u1eddi trang FBCV04\" \/>\n<meta property=\"og:description\" content=\"T\u00fai x\u00e1ch th\u1eddi trang FBTH04 kh\u00f4ng ch\u1ec9 l\u00e0 m\u1ed9t s\u1ea3n ph\u1ea9m \u0111\u1eb9p m\u1eaft m\u00e0 c\u00f2n mang \u0111\u1eadm \u00fd ngh\u0129a nh\u00e2n v\u0103n s\u00e2u s\u1eafc. \u0110\u00e2y l\u00e0 s\u1ea3n ph\u1ea9m c\u1ee7a ng\u01b0\u1eddi khuy\u1ebft t\u1eadt Nh\u00e0 May M\u1eafn\" \/>\n<meta property=\"og:url\" content=\"https:\/\/maison-chance.org\/shop\/san-pham\/tui-thoi-trang-fbcv04\" \/>\n<meta property=\"og:site_name\" content=\"Nh\u00e0 May M\u1eafn - Maison Chance\" \/>\n<meta property=\"article:publisher\" content=\"https:\/\/www.facebook.com\/dnxh.nhamayman\/\" \/>\n<meta property=\"article:modified_time\" content=\"2024-11-13T07:16:36+00:00\" \/>\n<meta property=\"og:image\" content=\"https:\/\/maison-chance.org\/shop\/wp-content\/uploads\/2024\/06\/tui-thoi-trang-fbcv04-1.jpg\" \/>\n\t<meta property=\"og:image:width\" content=\"600\" \/>\n\t<meta property=\"og:image:height\" content=\"600\" \/>\n\t<meta property=\"og:image:type\" content=\"image\/jpeg\" \/>\n<meta name=\"twitter:card\" content=\"summary_large_image\" \/>\n<meta name=\"twitter:label1\" content=\"Gi\u00e1\" \/>\n\t<meta name=\"twitter:data1\" content=\"5.50&nbsp;&#036;\" \/>\n\t<meta name=\"twitter:label2\" content=\"Availability\" \/>\n\t<meta name=\"twitter:data2\" content=\"In stock\" \/>\n<script type=\"application\/ld+json\" class=\"yoast-schema-graph\">{\"@context\":\"https:\/\/schema.org\",\"@graph\":[{\"@type\":\"WebPage\",\"@id\":\"https:\/\/maison-chance.org\/shop\/san-pham\/tui-thoi-trang-fbcv04\",\"url\":\"https:\/\/maison-chance.org\/shop\/san-pham\/tui-thoi-trang-fbcv04\",\"name\":\"T\u00fai th\u1eddi trang FBCV04- T\u00fai x\u00e1ch th\u1ed5 c\u1ea9m - Nh\u00e0 May M\u1eafn - Maison Chance\",\"isPartOf\":{\"@id\":\"https:\/\/maison-chance.org\/shop\/#website\"},\"primaryImageOfPage\":{\"@id\":\"https:\/\/maison-chance.org\/shop\/san-pham\/tui-thoi-trang-fbcv04#primaryimage\"},\"image\":{\"@id\":\"https:\/\/maison-chance.org\/shop\/san-pham\/tui-thoi-trang-fbcv04#primaryimage\"},\"thumbnailUrl\":\"https:\/\/maison-chance.org\/shop\/wp-content\/uploads\/2024\/06\/tui-thoi-trang-fbcv04-1.jpg\",\"datePublished\":\"2024-06-22T19:51:14+00:00\",\"dateModified\":\"2024-11-13T07:16:36+00:00\",\"description\":\"T\u00fai x\u00e1ch th\u1eddi trang FBTH04 kh\u00f4ng ch\u1ec9 l\u00e0 m\u1ed9t s\u1ea3n ph\u1ea9m \u0111\u1eb9p m\u1eaft m\u00e0 c\u00f2n mang \u0111\u1eadm \u00fd ngh\u0129a nh\u00e2n v\u0103n s\u00e2u s\u1eafc. \u0110\u00e2y l\u00e0 s\u1ea3n ph\u1ea9m c\u1ee7a ng\u01b0\u1eddi khuy\u1ebft t\u1eadt Nh\u00e0 May M\u1eafn\",\"breadcrumb\":{\"@id\":\"https:\/\/maison-chance.org\/shop\/san-pham\/tui-thoi-trang-fbcv04#breadcrumb\"},\"inLanguage\":\"vi-VN\",\"potentialAction\":[{\"@type\":\"ReadAction\",\"target\":[\"https:\/\/maison-chance.org\/shop\/san-pham\/tui-thoi-trang-fbcv04\"]}]},{\"@type\":\"ImageObject\",\"inLanguage\":\"vi-VN\",\"@id\":\"https:\/\/maison-chance.org\/shop\/san-pham\/tui-thoi-trang-fbcv04#primaryimage\",\"url\":\"https:\/\/maison-chance.org\/shop\/wp-content\/uploads\/2024\/06\/tui-thoi-trang-fbcv04-1.jpg\",\"contentUrl\":\"https:\/\/maison-chance.org\/shop\/wp-content\/uploads\/2024\/06\/tui-thoi-trang-fbcv04-1.jpg\",\"width\":600,\"height\":600,\"caption\":\"T\u00fai th\u1eddi trang FBCV04\"},{\"@type\":\"BreadcrumbList\",\"@id\":\"https:\/\/maison-chance.org\/shop\/san-pham\/tui-thoi-trang-fbcv04#breadcrumb\",\"itemListElement\":[{\"@type\":\"ListItem\",\"position\":1,\"name\":\"Trang ch\u1ee7\",\"item\":\"https:\/\/maison-chance.org\/shop\/\"},{\"@type\":\"ListItem\",\"position\":2,\"name\":\"Shop\",\"item\":\"https:\/\/maison-chance.org\/shop\/shop\"},{\"@type\":\"ListItem\",\"position\":3,\"name\":\"T\u00fai th\u1eddi trang FBCV04\"}]},{\"@type\":\"WebSite\",\"@id\":\"https:\/\/maison-chance.org\/shop\/#website\",\"url\":\"https:\/\/maison-chance.org\/shop\/\",\"name\":\"Nh\u00e0 May M\u1eafn - Maison Chance\",\"description\":\"M\u1ecdi l\u1ee3i nhu\u1eadn thu v\u1ec1 t\u1eeb vi\u1ec7c b\u00e1n h\u00e0ng s\u1ebd tr\u00edch m\u1ed9t ph\u1ea7n \u0111\u1ec3 ch\u0103m lo cho \u0111\u1eddi s\u1ed1ng c\u00e1c b\u1ea1n khuy\u1ebft t\u1eadt v\u00e0 tr\u1ebb m\u1ed3 c\u00f4i \u1edf \u0111\u00e2y\",\"publisher\":{\"@id\":\"https:\/\/maison-chance.org\/shop\/#organization\"},\"potentialAction\":[{\"@type\":\"SearchAction\",\"target\":{\"@type\":\"EntryPoint\",\"urlTemplate\":\"https:\/\/maison-chance.org\/shop\/?s={search_term_string}\"},\"query-input\":{\"@type\":\"PropertyValueSpecification\",\"valueRequired\":true,\"valueName\":\"search_term_string\"}}],\"inLanguage\":\"vi-VN\"},{\"@type\":\"Organization\",\"@id\":\"https:\/\/maison-chance.org\/shop\/#organization\",\"name\":\"Nh\u00e0 May M\u1eafn - Maison Chance\",\"url\":\"https:\/\/maison-chance.org\/shop\/\",\"logo\":{\"@type\":\"ImageObject\",\"inLanguage\":\"vi-VN\",\"@id\":\"https:\/\/maison-chance.org\/shop\/#\/schema\/logo\/image\/\",\"url\":\"https:\/\/maison-chance.org\/shop\/wp-content\/uploads\/2024\/03\/cropped-Logo_DNXH.png\",\"contentUrl\":\"https:\/\/maison-chance.org\/shop\/wp-content\/uploads\/2024\/03\/cropped-Logo_DNXH.png\",\"width\":512,\"height\":512,\"caption\":\"Nh\u00e0 May M\u1eafn - Maison Chance\"},\"image\":{\"@id\":\"https:\/\/maison-chance.org\/shop\/#\/schema\/logo\/image\/\"},\"sameAs\":[\"https:\/\/www.facebook.com\/dnxh.nhamayman\/\"]}]}<\/script>\n<meta property=\"product:price:amount\" content=\"5.50\" \/>\n<meta property=\"product:price:currency\" content=\"USD\" \/>\n<meta property=\"og:availability\" content=\"instock\" \/>\n<meta property=\"product:availability\" content=\"instock\" \/>\n<meta property=\"product:condition\" content=\"new\" \/>\n<!-- \/ Yoast SEO Premium plugin. -->","yoast_head_json":{"title":"T\u00fai th\u1eddi trang FBCV04- T\u00fai x\u00e1ch th\u1ed5 c\u1ea9m - Nh\u00e0 May M\u1eafn - Maison Chance","description":"T\u00fai x\u00e1ch th\u1eddi trang FBTH04 kh\u00f4ng ch\u1ec9 l\u00e0 m\u1ed9t s\u1ea3n ph\u1ea9m \u0111\u1eb9p m\u1eaft m\u00e0 c\u00f2n mang \u0111\u1eadm \u00fd ngh\u0129a nh\u00e2n v\u0103n s\u00e2u s\u1eafc. \u0110\u00e2y l\u00e0 s\u1ea3n ph\u1ea9m c\u1ee7a ng\u01b0\u1eddi khuy\u1ebft t\u1eadt Nh\u00e0 May M\u1eafn","robots":{"index":"index","follow":"follow","max-snippet":"max-snippet:-1","max-image-preview":"max-image-preview:large","max-video-preview":"max-video-preview:-1"},"canonical":"https:\/\/maison-chance.org\/shop\/san-pham\/tui-thoi-trang-fbcv04","og_locale":"vi_VN","og_type":"article","og_title":"T\u00fai th\u1eddi trang FBCV04","og_description":"T\u00fai x\u00e1ch th\u1eddi trang FBTH04 kh\u00f4ng ch\u1ec9 l\u00e0 m\u1ed9t s\u1ea3n ph\u1ea9m \u0111\u1eb9p m\u1eaft m\u00e0 c\u00f2n mang \u0111\u1eadm \u00fd ngh\u0129a nh\u00e2n v\u0103n s\u00e2u s\u1eafc. \u0110\u00e2y l\u00e0 s\u1ea3n ph\u1ea9m c\u1ee7a ng\u01b0\u1eddi khuy\u1ebft t\u1eadt Nh\u00e0 May M\u1eafn","og_url":"https:\/\/maison-chance.org\/shop\/san-pham\/tui-thoi-trang-fbcv04","og_site_name":"Nh\u00e0 May M\u1eafn - Maison Chance","article_publisher":"https:\/\/www.facebook.com\/dnxh.nhamayman\/","article_modified_time":"2024-11-13T07:16:36+00:00","og_image":[{"width":600,"height":600,"url":"https:\/\/maison-chance.org\/shop\/wp-content\/uploads\/2024\/06\/tui-thoi-trang-fbcv04-1.jpg","type":"image\/jpeg"}],"twitter_card":"summary_large_image","twitter_misc":{"Gi\u00e1":"5.50&nbsp;&#36;","Availability":"In stock"},"schema":{"@context":"https:\/\/schema.org","@graph":[{"@type":"WebPage","@id":"https:\/\/maison-chance.org\/shop\/san-pham\/tui-thoi-trang-fbcv04","url":"https:\/\/maison-chance.org\/shop\/san-pham\/tui-thoi-trang-fbcv04","name":"T\u00fai th\u1eddi trang FBCV04- T\u00fai x\u00e1ch th\u1ed5 c\u1ea9m - Nh\u00e0 May M\u1eafn - Maison Chance","isPartOf":{"@id":"https:\/\/maison-chance.org\/shop\/#website"},"primaryImageOfPage":{"@id":"https:\/\/maison-chance.org\/shop\/san-pham\/tui-thoi-trang-fbcv04#primaryimage"},"image":{"@id":"https:\/\/maison-chance.org\/shop\/san-pham\/tui-thoi-trang-fbcv04#primaryimage"},"thumbnailUrl":"https:\/\/maison-chance.org\/shop\/wp-content\/uploads\/2024\/06\/tui-thoi-trang-fbcv04-1.jpg","datePublished":"2024-06-22T19:51:14+00:00","dateModified":"2024-11-13T07:16:36+00:00","description":"T\u00fai x\u00e1ch th\u1eddi trang FBTH04 kh\u00f4ng ch\u1ec9 l\u00e0 m\u1ed9t s\u1ea3n ph\u1ea9m \u0111\u1eb9p m\u1eaft m\u00e0 c\u00f2n mang \u0111\u1eadm \u00fd ngh\u0129a nh\u00e2n v\u0103n s\u00e2u s\u1eafc. \u0110\u00e2y l\u00e0 s\u1ea3n ph\u1ea9m c\u1ee7a ng\u01b0\u1eddi khuy\u1ebft t\u1eadt Nh\u00e0 May M\u1eafn","breadcrumb":{"@id":"https:\/\/maison-chance.org\/shop\/san-pham\/tui-thoi-trang-fbcv04#breadcrumb"},"inLanguage":"vi-VN","potentialAction":[{"@type":"ReadAction","target":["https:\/\/maison-chance.org\/shop\/san-pham\/tui-thoi-trang-fbcv04"]}]},{"@type":"ImageObject","inLanguage":"vi-VN","@id":"https:\/\/maison-chance.org\/shop\/san-pham\/tui-thoi-trang-fbcv04#primaryimage","url":"https:\/\/maison-chance.org\/shop\/wp-content\/uploads\/2024\/06\/tui-thoi-trang-fbcv04-1.jpg","contentUrl":"https:\/\/maison-chance.org\/shop\/wp-content\/uploads\/2024\/06\/tui-thoi-trang-fbcv04-1.jpg","width":600,"height":600,"caption":"T\u00fai th\u1eddi trang FBCV04"},{"@type":"BreadcrumbList","@id":"https:\/\/maison-chance.org\/shop\/san-pham\/tui-thoi-trang-fbcv04#breadcrumb","itemListElement":[{"@type":"ListItem","position":1,"name":"Trang ch\u1ee7","item":"https:\/\/maison-chance.org\/shop\/"},{"@type":"ListItem","position":2,"name":"Shop","item":"https:\/\/maison-chance.org\/shop\/shop"},{"@type":"ListItem","position":3,"name":"T\u00fai th\u1eddi trang FBCV04"}]},{"@type":"WebSite","@id":"https:\/\/maison-chance.org\/shop\/#website","url":"https:\/\/maison-chance.org\/shop\/","name":"Nh\u00e0 May M\u1eafn - Maison Chance","description":"M\u1ecdi l\u1ee3i nhu\u1eadn thu v\u1ec1 t\u1eeb vi\u1ec7c b\u00e1n h\u00e0ng s\u1ebd tr\u00edch m\u1ed9t ph\u1ea7n \u0111\u1ec3 ch\u0103m lo cho \u0111\u1eddi s\u1ed1ng c\u00e1c b\u1ea1n khuy\u1ebft t\u1eadt v\u00e0 tr\u1ebb m\u1ed3 c\u00f4i \u1edf \u0111\u00e2y","publisher":{"@id":"https:\/\/maison-chance.org\/shop\/#organization"},"potentialAction":[{"@type":"SearchAction","target":{"@type":"EntryPoint","urlTemplate":"https:\/\/maison-chance.org\/shop\/?s={search_term_string}"},"query-input":{"@type":"PropertyValueSpecification","valueRequired":true,"valueName":"search_term_string"}}],"inLanguage":"vi-VN"},{"@type":"Organization","@id":"https:\/\/maison-chance.org\/shop\/#organization","name":"Nh\u00e0 May M\u1eafn - Maison Chance","url":"https:\/\/maison-chance.org\/shop\/","logo":{"@type":"ImageObject","inLanguage":"vi-VN","@id":"https:\/\/maison-chance.org\/shop\/#\/schema\/logo\/image\/","url":"https:\/\/maison-chance.org\/shop\/wp-content\/uploads\/2024\/03\/cropped-Logo_DNXH.png","contentUrl":"https:\/\/maison-chance.org\/shop\/wp-content\/uploads\/2024\/03\/cropped-Logo_DNXH.png","width":512,"height":512,"caption":"Nh\u00e0 May M\u1eafn - Maison Chance"},"image":{"@id":"https:\/\/maison-chance.org\/shop\/#\/schema\/logo\/image\/"},"sameAs":["https:\/\/www.facebook.com\/dnxh.nhamayman\/"]}]},"product_price_amount":"5.50","product_price_currency":"USD","og_availability":"instock","product_availability":"instock","product_condition":"new"},"_links":{"self":[{"href":"https:\/\/maison-chance.org\/shop\/wp-json\/wp\/v2\/product\/40020","targetHints":{"allow":["GET"]}}],"collection":[{"href":"https:\/\/maison-chance.org\/shop\/wp-json\/wp\/v2\/product"}],"about":[{"href":"https:\/\/maison-chance.org\/shop\/wp-json\/wp\/v2\/types\/product"}],"wp:featuredmedia":[{"embeddable":true,"href":"https:\/\/maison-chance.org\/shop\/wp-json\/wp\/v2\/media\/40021"}],"wp:attachment":[{"href":"https:\/\/maison-chance.org\/shop\/wp-json\/wp\/v2\/media?parent=40020"}],"wp:term":[{"taxonomy":"product_brand","embeddable":true,"href":"https:\/\/maison-chance.org\/shop\/wp-json\/wp\/v2\/product_brand?post=40020"},{"taxonomy":"product_cat","embeddable":true,"href":"https:\/\/maison-chance.org\/shop\/wp-json\/wp\/v2\/product_cat?post=40020"},{"taxonomy":"product_tag","embeddable":true,"href":"https:\/\/maison-chance.org\/shop\/wp-json\/wp\/v2\/product_tag?post=40020"}],"curies":[{"name":"wp","href":"https:\/\/api.w.org\/{rel}","templated":true}]}}