{"id":40040,"date":"2024-06-23T11:37:05","date_gmt":"2024-06-23T04:37:05","guid":{"rendered":"https:\/\/maison-chance.org\/shop?post_type=product&#038;p=40040"},"modified":"2024-11-13T14:38:56","modified_gmt":"2024-11-13T07:38:56","slug":"tui-thoi-trang-fbtc02","status":"publish","type":"product","link":"https:\/\/maison-chance.org\/shop\/san-pham\/tui-thoi-trang-fbtc02","title":{"rendered":"T\u00fai th\u1eddi trang FBTC02"},"content":{"rendered":"<p style=\"text-align: justify\"><a href=\"https:\/\/maison-chance.org\/shop\/san-pham\/tui-thoi-trang-fbtc02\">T\u00fai x\u00e1ch th\u1eddi trang FB02<\/a> l\u00e0 m\u1ed9t s\u1ea3n ph\u1ea9m tuy\u1ec7t v\u1eddi, mang \u0111\u1eadm n\u00e9t \u0111\u1ed9c \u0111\u00e1o v\u00e0 tinh t\u1ebf t\u1eeb b\u00e0n tay kh\u00e9o l\u00e9o c\u1ee7a nh\u1eefng th\u1ee3 may ng\u01b0\u1eddi khuy\u1ebft t\u1eadt t\u1ea1i Nh\u00e0 May M\u1eafn. V\u1edbi k\u00edch th\u01b0\u1edbc 30 x 40 cm, t\u00fai c\u00f3 h\u00ecnh d\u00e1ng ch\u1eef nh\u1eadt v\u1edbi c\u00e1c g\u00f3c vu\u00f4ng v\u00e0 \u0111\u01b0\u1eddng n\u00e9t r\u00f5 r\u00e0ng. \u0110\u01b0\u1ee3c l\u00e0m t\u1eeb v\u1ea3i th\u1ed5 c\u1ea9m cao c\u1ea5p, t\u00fai kh\u00f4ng ch\u1ec9 b\u1ec1n b\u1ec9 m\u00e0 c\u00f2n lu\u00f4n t\u1ea1o n\u00ean s\u1ef1 m\u1edbi m\u1ebb v\u00e0 th\u1eddi trang cho ng\u01b0\u1eddi s\u1eed d\u1ee5ng.<\/p>\n<p style=\"text-align: justify\">T\u00fai x\u00e1ch FB02 c\u00f3 hai tay c\u1ea7m ch\u1eafc ch\u1eafn, gi\u00fap b\u1ea1n d\u1ec5 d\u00e0ng mang theo b\u00ean m\u00ecnh ho\u1eb7c \u0111eo vai. Ng\u0103n ch\u00ednh r\u1ed9ng r\u00e3i v\u1edbi l\u1edbp l\u00f3t v\u1ea3i m\u1ec1m m\u1ea1i gi\u00fap b\u1ea3o v\u1ec7 \u0111\u1ed3 \u0111\u1ea1c, c\u00f9ng kh\u00f3a k\u00e9o ch\u1eafc ch\u1eafn \u0111\u1ec3 b\u1ea1n an t\u00e2m khi s\u1eed d\u1ee5ng. \u0110\u1eb7c bi\u1ec7t, t\u00fai c\u00f2n c\u00f3 m\u1ed9t ng\u0103n nh\u1ecf \u1edf m\u1eb7t tr\u01b0\u1edbc, ti\u1ec7n l\u1ee3i \u0111\u1ec3 \u0111\u1ef1ng c\u00e1c v\u1eadt d\u1ee5ng nh\u1ecf nh\u01b0 \u0111i\u1ec7n tho\u1ea1i, v\u00ed ti\u1ec1n.<\/p>\n<p style=\"text-align: justify\">V\u1edbi thi\u1ebft k\u1ebf t\u1ed1i \u01b0u v\u00e0 c\u00f4ng n\u0103ng s\u1eed d\u1ee5ng linh ho\u1ea1t, t\u00fai x\u00e1ch FB02 th\u00edch h\u1ee3p cho nhi\u1ec1u ho\u00e0n c\u1ea3nh kh\u00e1c nhau. B\u1ea1n c\u00f3 th\u1ec3 d\u00f9ng t\u00fai khi \u0111i l\u00e0m, \u0111i h\u1ecdc, hay \u0111i ch\u01a1i c\u00f9ng b\u1ea1n b\u00e8. T\u00fai r\u1ed9ng r\u00e3i \u0111\u1ee7 \u0111\u1ec3 \u0111\u1ef1ng s\u00e1ch v\u1edf, laptop, qu\u1ea7n \u00e1o v\u00e0 nh\u1eefng v\u1eadt d\u1ee5ng c\u1ea7n thi\u1ebft kh\u00e1c. H\u01a1n n\u1eefa, hoa v\u0103n v\u00e0 m\u00e0u s\u1eafc \u0111a d\u1ea1ng c\u1ee7a v\u1ea3i th\u1ed5 c\u1ea9m s\u1ebd gi\u00fap b\u1ea1n d\u1ec5 d\u00e0ng ph\u1ed1i h\u1ee3p v\u1edbi nhi\u1ec1u phong c\u00e1ch th\u1eddi trang, t\u1eeb trang nh\u00e3 \u0111\u1ebfn c\u00e1 t\u00ednh.<\/p>\n<p><strong>V\u00ec sao n\u00ean mua s\u1ea3n ph\u1ea9m n\u00e0y?<\/strong><\/p>\n<p style=\"text-align: justify\">&#8211; Ch\u1ea5t l\u01b0\u1ee3ng: T\u00fai x\u00e1ch FB02 \u0111\u01b0\u1ee3c l\u00e0m t\u1eeb v\u1ea3i th\u1ed5 c\u1ea9m cao c\u1ea5p, b\u1ec1n b\u1ec9 v\u00e0 kh\u00f4ng bao gi\u1edd l\u1ed7i m\u1ed1t. \u0110\u01b0\u1eddng may tinh t\u1ebf v\u00e0 ch\u1eafc ch\u1eafn, \u0111\u1ea3m b\u1ea3o \u0111\u1ed9 b\u1ec1n v\u00e0 tu\u1ed5i th\u1ecd l\u00e2u d\u00e0i.<\/p>\n<p style=\"text-align: justify\">-Thi\u1ebft k\u1ebf: M\u1eabu m\u00e3 c\u1ee7a t\u00fai x\u00e1ch \u0111\u01a1n gi\u1ea3n nh\u01b0ng kh\u00f4ng k\u00e9m ph\u1ea7n th\u1eddi trang v\u00e0 c\u00e1 t\u00ednh. Hoa v\u0103n v\u00e0 m\u00e0u s\u1eafc \u0111a d\u1ea1ng, d\u1ec5 d\u00e0ng k\u1ebft h\u1ee3p v\u1edbi nhi\u1ec1u phong c\u00e1ch th\u1eddi trang kh\u00e1c nhau.<\/p>\n<p style=\"text-align: justify\">&#8211; S\u1ea3n ph\u1ea9m nh\u00e2n v\u0103n: Khi <a href=\"https:\/\/maison-chance.org\/shop\/tui-xach\">mua t\u00fai x\u00e1ch FB02<\/a>, b\u1ea1n kh\u00f4ng ch\u1ec9 s\u1edf h\u1eefu m\u1ed9t m\u00f3n \u0111\u1ed3 th\u1eddi trang \u0111\u1eb9p m\u00e0 c\u00f2n g\u00f3p ph\u1ea7n h\u1ed7 tr\u1ee3 ng\u01b0\u1eddi khuy\u1ebft t\u1eadt h\u00f2a nh\u1eadp c\u1ed9ng \u0111\u1ed3ng. S\u1ea3n ph\u1ea9m \u0111\u01b0\u1ee3c may th\u1ee7 c\u00f4ng b\u1edfi nh\u1eefng ng\u01b0\u1eddi th\u1ee3 l\u00e0nh ngh\u1ec1 t\u1ea1i Nh\u00e0 May M\u1eafn, m\u1ed7i \u0111\u01b0\u1eddng kim m\u0169i ch\u1ec9 \u0111\u1ec1u ch\u1ee9a \u0111\u1ef1ng t\u00e2m huy\u1ebft v\u00e0 s\u1ef1 t\u1ec9 m\u1ec9.<\/p>\n<p style=\"text-align: justify\">Mua t\u00fai x\u00e1ch FB02 kh\u00f4ng ch\u1ec9 l\u00e0 l\u1ef1a ch\u1ecdn th\u00f4ng minh cho phong c\u00e1ch th\u1eddi trang c\u1ee7a b\u1ea1n m\u00e0 c\u00f2n l\u00e0 h\u00e0nh \u0111\u1ed9ng \u0111\u1ea7y \u00fd ngh\u0129a nh\u00e2n v\u0103n. H\u00e3y c\u00f9ng chung tay h\u1ed7 tr\u1ee3 nh\u1eefng ng\u01b0\u1eddi khuy\u1ebft t\u1eadt, gi\u00fap h\u1ecd c\u00f3 c\u01a1 h\u1ed9i h\u00f2a nh\u1eadp v\u00e0 c\u1ed1ng hi\u1ebfn cho c\u1ed9ng \u0111\u1ed3ng. <a href=\"https:\/\/maison-chance.org\/shop\/phong-may\">\u0110\u1eb7t mua t\u00fai x\u00e1ch th\u1eddi trang<\/a> FB02 ngay h\u00f4m nay \u0111\u1ec3 nh\u1eadn \u0111\u01b0\u1ee3c s\u1ea3n ph\u1ea9m ch\u1ea5t l\u01b0\u1ee3ng cao, \u0111\u1ed3ng th\u1eddi g\u00f3p ph\u1ea7n v\u00e0o m\u1ee5c ti\u00eau thi\u1ec7n nguy\u1ec7n c\u1ee7a Nh\u00e0 May M\u1eafn.<\/p>\n","protected":false},"excerpt":{"rendered":"<p style=\"text-align: justify\">S\u1ea3n ph\u1ea9m do c\u00e1c b\u1ea1n khuy\u1ebft t\u1eadt k\u00e9m may m\u1eafn s\u1ea3n xu\u1ea5t th\u1ee7 c\u00f4ng k\u00ednh mong nh\u1eadn \u0111\u01b0\u1ee3c s\u1ef1 \u1ee7ng h\u1ed9 c\u1ee7a Qu\u00fd kh\u00e1ch h\u00e0ng.<\/p>\n<p>Ch\u1ea5t li\u1ec7u: V\u1ea3i th\u1ed5 c\u1ea9m<\/p>\n<p>Code: FB02<\/p>\n<p>K\u00edch th\u01b0\u1edbc : 30 \u00d7 40 cm<\/p>\n<p>Hotline : <span style=\"font-size: 20px\"><strong><span style=\"color: #ff0000\">0909 06 25 28<\/span><\/strong><\/span><\/p>\n<p style=\"text-align: justify\">N\u1ebfu b\u1ea1n \u1edf Vi\u1ec7t Nam vui l\u00f2ng li\u00ean h\u1ec7 ch\u00fang t\u00f4i theo s\u1ed1 hotline ho\u1eb7c fanpage doanh nghi\u1ec7p Nh\u00e0 May M\u1eafn ch\u00fang t\u00f4i \u0111\u1ec3 bi\u1ebft gi\u00e1 b\u00e1n t\u1ea1i Vi\u1ec7t Nam.<\/p>\n","protected":false},"featured_media":40041,"template":"","meta":[],"product_brand":[],"product_cat":[137,141],"product_tag":[],"class_list":{"0":"post-40040","1":"product","2":"type-product","3":"status-publish","4":"has-post-thumbnail","6":"product_cat-phong-may","7":"product_cat-tui-xach","9":"first","10":"instock","11":"shipping-taxable","12":"purchasable","13":"product-type-simple"},"yoast_head":"<!-- This site is optimized with the Yoast SEO Premium plugin v22.7 (Yoast SEO v25.3.1) - https:\/\/yoast.com\/wordpress\/plugins\/seo\/ -->\n<title>T\u00fai th\u1eddi trang FBTC02- T\u00fai x\u00e1ch th\u1ed5 c\u1ea9m - Nh\u00e0 May M\u1eafn - Maison Chance<\/title>\n<meta name=\"description\" content=\"T\u00fai x\u00e1ch th\u1eddi trang FB02 l\u00e0 m\u1ed9t s\u1ea3n ph\u1ea9m tuy\u1ec7t v\u1eddi, mang \u0111\u1eadm n\u00e9t \u0111\u1ed9c \u0111\u00e1o v\u00e0 tinh t\u1ebf t\u1eeb b\u00e0n tay kh\u00e9o l\u00e9o c\u1ee7a nh\u1eefng th\u1ee3 may ng\u01b0\u1eddi khuy\u1ebft t\u1eadt t\u1ea1i Nh\u00e0 May M\u1eafn\" \/>\n<meta name=\"robots\" content=\"index, follow, max-snippet:-1, max-image-preview:large, max-video-preview:-1\" \/>\n<link rel=\"canonical\" href=\"https:\/\/maison-chance.org\/shop\/san-pham\/tui-thoi-trang-fbtc02\" \/>\n<meta property=\"og:locale\" content=\"vi_VN\" \/>\n<meta property=\"og:type\" content=\"article\" \/>\n<meta property=\"og:title\" content=\"T\u00fai th\u1eddi trang FBTC02\" \/>\n<meta property=\"og:description\" content=\"T\u00fai x\u00e1ch th\u1eddi trang FB02 l\u00e0 m\u1ed9t s\u1ea3n ph\u1ea9m tuy\u1ec7t v\u1eddi, mang \u0111\u1eadm n\u00e9t \u0111\u1ed9c \u0111\u00e1o v\u00e0 tinh t\u1ebf t\u1eeb b\u00e0n tay kh\u00e9o l\u00e9o c\u1ee7a nh\u1eefng th\u1ee3 may ng\u01b0\u1eddi khuy\u1ebft t\u1eadt t\u1ea1i Nh\u00e0 May M\u1eafn\" \/>\n<meta property=\"og:url\" content=\"https:\/\/maison-chance.org\/shop\/san-pham\/tui-thoi-trang-fbtc02\" \/>\n<meta property=\"og:site_name\" content=\"Nh\u00e0 May M\u1eafn - Maison Chance\" \/>\n<meta property=\"article:publisher\" content=\"https:\/\/www.facebook.com\/dnxh.nhamayman\/\" \/>\n<meta property=\"article:modified_time\" content=\"2024-11-13T07:38:56+00:00\" \/>\n<meta property=\"og:image\" content=\"https:\/\/maison-chance.org\/shop\/wp-content\/uploads\/2024\/06\/tui-thoi-trang-fbtc02-1.jpg\" \/>\n\t<meta property=\"og:image:width\" content=\"600\" \/>\n\t<meta property=\"og:image:height\" content=\"600\" \/>\n\t<meta property=\"og:image:type\" content=\"image\/jpeg\" \/>\n<meta name=\"twitter:card\" content=\"summary_large_image\" \/>\n<meta name=\"twitter:label1\" content=\"Gi\u00e1\" \/>\n\t<meta name=\"twitter:data1\" content=\"8.50&nbsp;&#036;\" \/>\n\t<meta name=\"twitter:label2\" content=\"Availability\" \/>\n\t<meta name=\"twitter:data2\" content=\"In stock\" \/>\n<script type=\"application\/ld+json\" class=\"yoast-schema-graph\">{\"@context\":\"https:\/\/schema.org\",\"@graph\":[{\"@type\":\"WebPage\",\"@id\":\"https:\/\/maison-chance.org\/shop\/san-pham\/tui-thoi-trang-fbtc02\",\"url\":\"https:\/\/maison-chance.org\/shop\/san-pham\/tui-thoi-trang-fbtc02\",\"name\":\"T\u00fai th\u1eddi trang FBTC02- T\u00fai x\u00e1ch th\u1ed5 c\u1ea9m - Nh\u00e0 May M\u1eafn - Maison Chance\",\"isPartOf\":{\"@id\":\"https:\/\/maison-chance.org\/shop\/#website\"},\"primaryImageOfPage\":{\"@id\":\"https:\/\/maison-chance.org\/shop\/san-pham\/tui-thoi-trang-fbtc02#primaryimage\"},\"image\":{\"@id\":\"https:\/\/maison-chance.org\/shop\/san-pham\/tui-thoi-trang-fbtc02#primaryimage\"},\"thumbnailUrl\":\"https:\/\/maison-chance.org\/shop\/wp-content\/uploads\/2024\/06\/tui-thoi-trang-fbtc02-1.jpg\",\"datePublished\":\"2024-06-23T04:37:05+00:00\",\"dateModified\":\"2024-11-13T07:38:56+00:00\",\"description\":\"T\u00fai x\u00e1ch th\u1eddi trang FB02 l\u00e0 m\u1ed9t s\u1ea3n ph\u1ea9m tuy\u1ec7t v\u1eddi, mang \u0111\u1eadm n\u00e9t \u0111\u1ed9c \u0111\u00e1o v\u00e0 tinh t\u1ebf t\u1eeb b\u00e0n tay kh\u00e9o l\u00e9o c\u1ee7a nh\u1eefng th\u1ee3 may ng\u01b0\u1eddi khuy\u1ebft t\u1eadt t\u1ea1i Nh\u00e0 May M\u1eafn\",\"breadcrumb\":{\"@id\":\"https:\/\/maison-chance.org\/shop\/san-pham\/tui-thoi-trang-fbtc02#breadcrumb\"},\"inLanguage\":\"vi-VN\",\"potentialAction\":[{\"@type\":\"ReadAction\",\"target\":[\"https:\/\/maison-chance.org\/shop\/san-pham\/tui-thoi-trang-fbtc02\"]}]},{\"@type\":\"ImageObject\",\"inLanguage\":\"vi-VN\",\"@id\":\"https:\/\/maison-chance.org\/shop\/san-pham\/tui-thoi-trang-fbtc02#primaryimage\",\"url\":\"https:\/\/maison-chance.org\/shop\/wp-content\/uploads\/2024\/06\/tui-thoi-trang-fbtc02-1.jpg\",\"contentUrl\":\"https:\/\/maison-chance.org\/shop\/wp-content\/uploads\/2024\/06\/tui-thoi-trang-fbtc02-1.jpg\",\"width\":600,\"height\":600,\"caption\":\"T\u00fai th\u1eddi trang FBTC02\"},{\"@type\":\"BreadcrumbList\",\"@id\":\"https:\/\/maison-chance.org\/shop\/san-pham\/tui-thoi-trang-fbtc02#breadcrumb\",\"itemListElement\":[{\"@type\":\"ListItem\",\"position\":1,\"name\":\"Trang ch\u1ee7\",\"item\":\"https:\/\/maison-chance.org\/shop\/\"},{\"@type\":\"ListItem\",\"position\":2,\"name\":\"Shop\",\"item\":\"https:\/\/maison-chance.org\/shop\/shop\"},{\"@type\":\"ListItem\",\"position\":3,\"name\":\"T\u00fai th\u1eddi trang FBTC02\"}]},{\"@type\":\"WebSite\",\"@id\":\"https:\/\/maison-chance.org\/shop\/#website\",\"url\":\"https:\/\/maison-chance.org\/shop\/\",\"name\":\"Nh\u00e0 May M\u1eafn - Maison Chance\",\"description\":\"M\u1ecdi l\u1ee3i nhu\u1eadn thu v\u1ec1 t\u1eeb vi\u1ec7c b\u00e1n h\u00e0ng s\u1ebd tr\u00edch m\u1ed9t ph\u1ea7n \u0111\u1ec3 ch\u0103m lo cho \u0111\u1eddi s\u1ed1ng c\u00e1c b\u1ea1n khuy\u1ebft t\u1eadt v\u00e0 tr\u1ebb m\u1ed3 c\u00f4i \u1edf \u0111\u00e2y\",\"publisher\":{\"@id\":\"https:\/\/maison-chance.org\/shop\/#organization\"},\"potentialAction\":[{\"@type\":\"SearchAction\",\"target\":{\"@type\":\"EntryPoint\",\"urlTemplate\":\"https:\/\/maison-chance.org\/shop\/?s={search_term_string}\"},\"query-input\":{\"@type\":\"PropertyValueSpecification\",\"valueRequired\":true,\"valueName\":\"search_term_string\"}}],\"inLanguage\":\"vi-VN\"},{\"@type\":\"Organization\",\"@id\":\"https:\/\/maison-chance.org\/shop\/#organization\",\"name\":\"Nh\u00e0 May M\u1eafn - Maison Chance\",\"url\":\"https:\/\/maison-chance.org\/shop\/\",\"logo\":{\"@type\":\"ImageObject\",\"inLanguage\":\"vi-VN\",\"@id\":\"https:\/\/maison-chance.org\/shop\/#\/schema\/logo\/image\/\",\"url\":\"https:\/\/maison-chance.org\/shop\/wp-content\/uploads\/2024\/03\/cropped-Logo_DNXH.png\",\"contentUrl\":\"https:\/\/maison-chance.org\/shop\/wp-content\/uploads\/2024\/03\/cropped-Logo_DNXH.png\",\"width\":512,\"height\":512,\"caption\":\"Nh\u00e0 May M\u1eafn - Maison Chance\"},\"image\":{\"@id\":\"https:\/\/maison-chance.org\/shop\/#\/schema\/logo\/image\/\"},\"sameAs\":[\"https:\/\/www.facebook.com\/dnxh.nhamayman\/\"]}]}<\/script>\n<meta property=\"product:price:amount\" content=\"8.50\" \/>\n<meta property=\"product:price:currency\" content=\"USD\" \/>\n<meta property=\"og:availability\" content=\"instock\" \/>\n<meta property=\"product:availability\" content=\"instock\" \/>\n<meta property=\"product:condition\" content=\"new\" \/>\n<!-- \/ Yoast SEO Premium plugin. -->","yoast_head_json":{"title":"T\u00fai th\u1eddi trang FBTC02- T\u00fai x\u00e1ch th\u1ed5 c\u1ea9m - Nh\u00e0 May M\u1eafn - Maison Chance","description":"T\u00fai x\u00e1ch th\u1eddi trang FB02 l\u00e0 m\u1ed9t s\u1ea3n ph\u1ea9m tuy\u1ec7t v\u1eddi, mang \u0111\u1eadm n\u00e9t \u0111\u1ed9c \u0111\u00e1o v\u00e0 tinh t\u1ebf t\u1eeb b\u00e0n tay kh\u00e9o l\u00e9o c\u1ee7a nh\u1eefng th\u1ee3 may ng\u01b0\u1eddi khuy\u1ebft t\u1eadt t\u1ea1i Nh\u00e0 May M\u1eafn","robots":{"index":"index","follow":"follow","max-snippet":"max-snippet:-1","max-image-preview":"max-image-preview:large","max-video-preview":"max-video-preview:-1"},"canonical":"https:\/\/maison-chance.org\/shop\/san-pham\/tui-thoi-trang-fbtc02","og_locale":"vi_VN","og_type":"article","og_title":"T\u00fai th\u1eddi trang FBTC02","og_description":"T\u00fai x\u00e1ch th\u1eddi trang FB02 l\u00e0 m\u1ed9t s\u1ea3n ph\u1ea9m tuy\u1ec7t v\u1eddi, mang \u0111\u1eadm n\u00e9t \u0111\u1ed9c \u0111\u00e1o v\u00e0 tinh t\u1ebf t\u1eeb b\u00e0n tay kh\u00e9o l\u00e9o c\u1ee7a nh\u1eefng th\u1ee3 may ng\u01b0\u1eddi khuy\u1ebft t\u1eadt t\u1ea1i Nh\u00e0 May M\u1eafn","og_url":"https:\/\/maison-chance.org\/shop\/san-pham\/tui-thoi-trang-fbtc02","og_site_name":"Nh\u00e0 May M\u1eafn - Maison Chance","article_publisher":"https:\/\/www.facebook.com\/dnxh.nhamayman\/","article_modified_time":"2024-11-13T07:38:56+00:00","og_image":[{"width":600,"height":600,"url":"https:\/\/maison-chance.org\/shop\/wp-content\/uploads\/2024\/06\/tui-thoi-trang-fbtc02-1.jpg","type":"image\/jpeg"}],"twitter_card":"summary_large_image","twitter_misc":{"Gi\u00e1":"8.50&nbsp;&#36;","Availability":"In stock"},"schema":{"@context":"https:\/\/schema.org","@graph":[{"@type":"WebPage","@id":"https:\/\/maison-chance.org\/shop\/san-pham\/tui-thoi-trang-fbtc02","url":"https:\/\/maison-chance.org\/shop\/san-pham\/tui-thoi-trang-fbtc02","name":"T\u00fai th\u1eddi trang FBTC02- T\u00fai x\u00e1ch th\u1ed5 c\u1ea9m - Nh\u00e0 May M\u1eafn - Maison Chance","isPartOf":{"@id":"https:\/\/maison-chance.org\/shop\/#website"},"primaryImageOfPage":{"@id":"https:\/\/maison-chance.org\/shop\/san-pham\/tui-thoi-trang-fbtc02#primaryimage"},"image":{"@id":"https:\/\/maison-chance.org\/shop\/san-pham\/tui-thoi-trang-fbtc02#primaryimage"},"thumbnailUrl":"https:\/\/maison-chance.org\/shop\/wp-content\/uploads\/2024\/06\/tui-thoi-trang-fbtc02-1.jpg","datePublished":"2024-06-23T04:37:05+00:00","dateModified":"2024-11-13T07:38:56+00:00","description":"T\u00fai x\u00e1ch th\u1eddi trang FB02 l\u00e0 m\u1ed9t s\u1ea3n ph\u1ea9m tuy\u1ec7t v\u1eddi, mang \u0111\u1eadm n\u00e9t \u0111\u1ed9c \u0111\u00e1o v\u00e0 tinh t\u1ebf t\u1eeb b\u00e0n tay kh\u00e9o l\u00e9o c\u1ee7a nh\u1eefng th\u1ee3 may ng\u01b0\u1eddi khuy\u1ebft t\u1eadt t\u1ea1i Nh\u00e0 May M\u1eafn","breadcrumb":{"@id":"https:\/\/maison-chance.org\/shop\/san-pham\/tui-thoi-trang-fbtc02#breadcrumb"},"inLanguage":"vi-VN","potentialAction":[{"@type":"ReadAction","target":["https:\/\/maison-chance.org\/shop\/san-pham\/tui-thoi-trang-fbtc02"]}]},{"@type":"ImageObject","inLanguage":"vi-VN","@id":"https:\/\/maison-chance.org\/shop\/san-pham\/tui-thoi-trang-fbtc02#primaryimage","url":"https:\/\/maison-chance.org\/shop\/wp-content\/uploads\/2024\/06\/tui-thoi-trang-fbtc02-1.jpg","contentUrl":"https:\/\/maison-chance.org\/shop\/wp-content\/uploads\/2024\/06\/tui-thoi-trang-fbtc02-1.jpg","width":600,"height":600,"caption":"T\u00fai th\u1eddi trang FBTC02"},{"@type":"BreadcrumbList","@id":"https:\/\/maison-chance.org\/shop\/san-pham\/tui-thoi-trang-fbtc02#breadcrumb","itemListElement":[{"@type":"ListItem","position":1,"name":"Trang ch\u1ee7","item":"https:\/\/maison-chance.org\/shop\/"},{"@type":"ListItem","position":2,"name":"Shop","item":"https:\/\/maison-chance.org\/shop\/shop"},{"@type":"ListItem","position":3,"name":"T\u00fai th\u1eddi trang FBTC02"}]},{"@type":"WebSite","@id":"https:\/\/maison-chance.org\/shop\/#website","url":"https:\/\/maison-chance.org\/shop\/","name":"Nh\u00e0 May M\u1eafn - Maison Chance","description":"M\u1ecdi l\u1ee3i nhu\u1eadn thu v\u1ec1 t\u1eeb vi\u1ec7c b\u00e1n h\u00e0ng s\u1ebd tr\u00edch m\u1ed9t ph\u1ea7n \u0111\u1ec3 ch\u0103m lo cho \u0111\u1eddi s\u1ed1ng c\u00e1c b\u1ea1n khuy\u1ebft t\u1eadt v\u00e0 tr\u1ebb m\u1ed3 c\u00f4i \u1edf \u0111\u00e2y","publisher":{"@id":"https:\/\/maison-chance.org\/shop\/#organization"},"potentialAction":[{"@type":"SearchAction","target":{"@type":"EntryPoint","urlTemplate":"https:\/\/maison-chance.org\/shop\/?s={search_term_string}"},"query-input":{"@type":"PropertyValueSpecification","valueRequired":true,"valueName":"search_term_string"}}],"inLanguage":"vi-VN"},{"@type":"Organization","@id":"https:\/\/maison-chance.org\/shop\/#organization","name":"Nh\u00e0 May M\u1eafn - Maison Chance","url":"https:\/\/maison-chance.org\/shop\/","logo":{"@type":"ImageObject","inLanguage":"vi-VN","@id":"https:\/\/maison-chance.org\/shop\/#\/schema\/logo\/image\/","url":"https:\/\/maison-chance.org\/shop\/wp-content\/uploads\/2024\/03\/cropped-Logo_DNXH.png","contentUrl":"https:\/\/maison-chance.org\/shop\/wp-content\/uploads\/2024\/03\/cropped-Logo_DNXH.png","width":512,"height":512,"caption":"Nh\u00e0 May M\u1eafn - Maison Chance"},"image":{"@id":"https:\/\/maison-chance.org\/shop\/#\/schema\/logo\/image\/"},"sameAs":["https:\/\/www.facebook.com\/dnxh.nhamayman\/"]}]},"product_price_amount":"8.50","product_price_currency":"USD","og_availability":"instock","product_availability":"instock","product_condition":"new"},"_links":{"self":[{"href":"https:\/\/maison-chance.org\/shop\/wp-json\/wp\/v2\/product\/40040","targetHints":{"allow":["GET"]}}],"collection":[{"href":"https:\/\/maison-chance.org\/shop\/wp-json\/wp\/v2\/product"}],"about":[{"href":"https:\/\/maison-chance.org\/shop\/wp-json\/wp\/v2\/types\/product"}],"wp:featuredmedia":[{"embeddable":true,"href":"https:\/\/maison-chance.org\/shop\/wp-json\/wp\/v2\/media\/40041"}],"wp:attachment":[{"href":"https:\/\/maison-chance.org\/shop\/wp-json\/wp\/v2\/media?parent=40040"}],"wp:term":[{"taxonomy":"product_brand","embeddable":true,"href":"https:\/\/maison-chance.org\/shop\/wp-json\/wp\/v2\/product_brand?post=40040"},{"taxonomy":"product_cat","embeddable":true,"href":"https:\/\/maison-chance.org\/shop\/wp-json\/wp\/v2\/product_cat?post=40040"},{"taxonomy":"product_tag","embeddable":true,"href":"https:\/\/maison-chance.org\/shop\/wp-json\/wp\/v2\/product_tag?post=40040"}],"curies":[{"name":"wp","href":"https:\/\/api.w.org\/{rel}","templated":true}]}}