{"id":40056,"date":"2024-06-23T12:22:53","date_gmt":"2024-06-23T05:22:53","guid":{"rendered":"https:\/\/maison-chance.org\/shop?post_type=product&#038;p=40056"},"modified":"2024-11-13T15:08:45","modified_gmt":"2024-11-13T08:08:45","slug":"tui-xach-co-dien-cbth01","status":"publish","type":"product","link":"https:\/\/maison-chance.org\/shop\/san-pham\/tui-xach-co-dien-cbth01","title":{"rendered":"T\u00fai x\u00e1ch c\u1ed5 \u0111i\u1ec3n CBTH01"},"content":{"rendered":"<p style=\"text-align: justify\"><a href=\"https:\/\/maison-chance.org\/shop\/san-pham\/tui-xach-co-dien-cbth01\">T\u00fai x\u00e1ch c\u1ed5 \u0111i\u1ec3n CBTH01<\/a> l\u00e0 m\u1ed9t t\u00e1c ph\u1ea9m th\u1ee7 c\u00f4ng tuy\u1ec7t v\u1eddi t\u1eeb nh\u1eefng ng\u01b0\u1eddi th\u1ee3 may t\u00e0i n\u0103ng t\u1ea1i Nh\u00e0 May M\u1eafn. V\u1edbi h\u00ecnh d\u00e1ng ch\u1eef nh\u1eadt truy\u1ec1n th\u1ed1ng, t\u00fai c\u00f3 c\u00e1c c\u1ea1nh th\u1eb3ng v\u00e0 g\u00f3c vu\u00f4ng, mang \u0111\u1ebfn v\u1ebb \u0111\u1eb9p c\u1ed5 \u0111i\u1ec3n nh\u01b0ng kh\u00f4ng k\u00e9m ph\u1ea7n th\u1eddi th\u01b0\u1ee3ng. S\u1ea3n ph\u1ea9m c\u00f3 nhi\u1ec1u k\u00edch th\u01b0\u1edbc kh\u00e1c nhau, t\u1eeb nh\u1ecf g\u1ecdn \u0111\u1ebfn to r\u1ed9ng, \u0111\u00e1p \u1ee9ng \u0111a d\u1ea1ng nhu c\u1ea7u c\u1ee7a ng\u01b0\u1eddi s\u1eed d\u1ee5ng.<\/p>\n<p style=\"text-align: justify\">\u0110\u01b0\u1ee3c l\u00e0m t\u1eeb v\u1ea3i Th\u00e1i cao c\u1ea5p, t\u00fai x\u00e1ch CBTH01 n\u1ed5i b\u1eadt v\u1edbi \u0111\u1ed9 b\u1ec1n v\u01b0\u1ee3t tr\u1ed9i v\u00e0 t\u00ednh th\u1ea9m m\u1ef9 cao. Ch\u1ea5t li\u1ec7u v\u1ea3i Th\u00e1i kh\u00f4ng ch\u1ec9 n\u1ed5i ti\u1ebfng v\u1edbi \u0111\u1ed9 b\u1ec1n l\u00e2u d\u00e0i, m\u00e0 c\u00f2n \u0111a d\u1ea1ng v\u1ec1 m\u00e0u s\u1eafc v\u00e0 hoa v\u0103n, \u0111em l\u1ea1i n\u00e9t \u0111\u1ed9c \u0111\u00e1o cho t\u1eebng s\u1ea3n ph\u1ea9m. \u0110\u1eb7c bi\u1ec7t, ch\u1ea5t li\u1ec7u n\u00e0y c\u00f3 kh\u1ea3 n\u0103ng th\u1ea5m h\u00fat m\u1ed3 h\u00f4i t\u1ed1t, mang l\u1ea1i c\u1ea3m gi\u00e1c tho\u1ea3i m\u00e1i cho ng\u01b0\u1eddi d\u00f9ng ngay c\u1ea3 khi ph\u1ea3i di chuy\u1ec3n trong th\u1eddi gian d\u00e0i. M\u1ed7i chi\u1ebfc t\u00fai \u0111\u01b0\u1ee3c trang b\u1ecb m\u1ed9t tay c\u1ea7m d\u00e0i, ch\u1eafc ch\u1eafn, cho ph\u00e9p b\u1ea1n \u0111eo vai ho\u1eb7c x\u00e1ch tay d\u1ec5 d\u00e0ng.<\/p>\n<p style=\"text-align: justify\">T\u00fai x\u00e1ch CBTH01 c\u00f3 th\u1ec3 \u0111\u01b0\u1ee3c s\u1eed d\u1ee5ng trong nhi\u1ec1u ho\u00e0n c\u1ea3nh kh\u00e1c nhau. V\u1edbi m\u1ed9t ng\u0103n ch\u00ednh r\u1ed9ng r\u00e3i v\u00e0 l\u1edbp l\u00f3t m\u1ec1m m\u1ea1i, b\u1ea1n c\u00f3 th\u1ec3 mang theo m\u1ecdi th\u1ee9 t\u1eeb s\u00e1ch v\u1edf, laptop \u0111\u1ebfn c\u00e1c v\u1eadt d\u1ee5ng c\u00e1 nh\u00e2n h\u00e0ng ng\u00e0y. Ng\u0103n nh\u1ecf ph\u00eda tr\u01b0\u1edbc ti\u1ec7n l\u1ee3i \u0111\u1ec3 \u0111\u1ef1ng \u0111i\u1ec7n tho\u1ea1i, v\u00ed ti\u1ec1n hay ch\u00eca kh\u00f3a. D\u00f9 b\u1ea1n \u0111i l\u00e0m, \u0111i h\u1ecdc hay \u0111i ch\u01a1i, <a href=\"https:\/\/maison-chance.org\/shop\/phong-may\">t\u00fai x\u00e1ch<\/a> CBTH01 lu\u00f4n l\u00e0 ng\u01b0\u1eddi b\u1ea1n \u0111\u1ed3ng h\u00e0nh l\u00fd t\u01b0\u1edfng.<\/p>\n<p style=\"text-align: justify\"><strong>Ch\u1ea5t l\u01b0\u1ee3ng v\u01b0\u1ee3t tr\u1ed9i:<\/strong> T\u00fai CBTH01 \u0111\u01b0\u1ee3c l\u00e0m t\u1eeb ch\u1ea5t li\u1ec7u cao c\u1ea5p, \u0111\u1ea3m b\u1ea3o \u0111\u1ed9 b\u1ec1n v\u00e0 tu\u1ed5i th\u1ecd l\u00e2u d\u00e0i. \u0110\u01b0\u1eddng may tinh t\u1ebf, \u0111\u1eb9p m\u1eaft th\u1ec3 hi\u1ec7n s\u1ef1 t\u1ec9 m\u1ec9 v\u00e0 t\u00e2m huy\u1ebft c\u1ee7a ng\u01b0\u1eddi th\u1ee3 may.<\/p>\n<p style=\"text-align: justify\"><strong>Thi\u1ebft k\u1ebf \u0111\u1eb9p m\u1eaft:<\/strong> M\u1eabu m\u00e3 \u0111\u01a1n gi\u1ea3n nh\u01b0ng th\u1eddi trang, t\u00fai c\u00f3 nhi\u1ec1u hoa v\u0103n v\u00e0 m\u00e0u s\u1eafc \u0111a d\u1ea1ng, ph\u00f9 h\u1ee3p v\u1edbi nhi\u1ec1u phong c\u00e1ch th\u1eddi trang kh\u00e1c nhau.<\/p>\n<p style=\"text-align: justify\"><strong>\u00dd ngh\u0129a nh\u00e2n v\u0103n:<\/strong> Mua <a href=\"https:\/\/maison-chance.org\/shop\/tui-xach\">t\u00fai x\u00e1ch c\u1ed5 \u0111i\u1ec3n<\/a> CBTH01, b\u1ea1n kh\u00f4ng ch\u1ec9 s\u1edf h\u1eefu m\u1ed9t m\u00f3n \u0111\u1ed3 th\u1eddi trang ch\u1ea5t l\u01b0\u1ee3ng m\u00e0 c\u00f2n g\u00f3p ph\u1ea7n h\u1ed7 tr\u1ee3 ng\u01b0\u1eddi khuy\u1ebft t\u1eadt t\u1ea1i Nh\u00e0 May M\u1eafn h\u00f2a nh\u1eadp c\u1ed9ng \u0111\u1ed3ng.<\/p>\n<p style=\"text-align: justify\"><strong>Gi\u00e1 th\u00e0nh h\u1ee3p l\u00fd:<\/strong> So v\u1edbi ch\u1ea5t l\u01b0\u1ee3ng s\u1ea3n ph\u1ea9m, t\u00fai CBTH01 c\u00f3 m\u1ee9c gi\u00e1 r\u1ea5t ph\u1ea3i ch\u0103ng, l\u00e0 l\u1ef1a ch\u1ecdn tuy\u1ec7t v\u1eddi cho nh\u1eefng ai y\u00eau th\u00edch th\u1eddi trang v\u00e0 c\u00f3 t\u1ea5m l\u00f2ng thi\u1ec7n nguy\u1ec7n h\u01b0\u1edbng \u0111\u1ebfn c\u1ed9ng \u0111\u1ed3ng.<\/p>\n<p style=\"text-align: justify\">T\u00fai x\u00e1ch c\u1ed5 \u0111i\u1ec3n CBTH01 kh\u00f4ng ch\u1ec9 l\u00e0 m\u1ed9t s\u1ea3n ph\u1ea9m th\u1eddi trang m\u00e0 c\u00f2n mang \u00fd ngh\u0129a nh\u00e2n v\u0103n s\u00e2u s\u1eafc. H\u00e3y \u1ee7ng h\u1ed9 Nh\u00e0 May M\u1eafn b\u1eb1ng c\u00e1ch s\u1edf h\u1eefu cho m\u00ecnh m\u1ed9t chi\u1ebfc t\u00fai x\u00e1ch CBTH01. S\u1ef1 \u0111\u00f3ng g\u00f3p c\u1ee7a b\u1ea1n s\u1ebd gi\u00fap nh\u1eefng ng\u01b0\u1eddi khuy\u1ebft t\u1eadt c\u00f3 th\u00eam c\u01a1 h\u1ed9i h\u00f2a nh\u1eadp v\u00e0 ph\u00e1t tri\u1ec3n. H\u00e3y h\u00e0nh \u0111\u1ed9ng ngay h\u00f4m nay, mua t\u00fai x\u00e1ch CBTH01 v\u00e0 c\u00f9ng ch\u00fang t\u00f4i lan t\u1ecfa t\u00ecnh y\u00eau th\u01b0\u01a1ng \u0111\u1ebfn c\u1ed9ng \u0111\u1ed3ng.<\/p>\n","protected":false},"excerpt":{"rendered":"<p style=\"text-align: justify\">S\u1ea3n ph\u1ea9m do c\u00e1c b\u1ea1n khuy\u1ebft t\u1eadt k\u00e9m may m\u1eafn s\u1ea3n xu\u1ea5t th\u1ee7 c\u00f4ng k\u00ednh mong nh\u1eadn \u0111\u01b0\u1ee3c s\u1ef1 \u1ee7ng h\u1ed9 c\u1ee7a Qu\u00fd kh\u00e1ch h\u00e0ng.<\/p>\n<p>Ch\u1ea5t li\u1ec7u: V\u1ea3i Th\u00e1i<\/p>\n<p>Code: CBTH01<\/p>\n<p>K\u00edch th\u01b0\u1edbc 1: 14 x 18 cm<\/p>\n<p>K\u00edch th\u01b0\u1edbc 2: 18 x 22 cm<\/p>\n<p>K\u00edch th\u01b0\u1edbc 3: 20 x 32 cm<\/p>\n<p>K\u00edch th\u01b0\u1edbc 4: 34 x 48 cm<\/p>\n<p>Hotline : <span style=\"font-size: 20px\"><strong><span style=\"color: #ff0000\">0909 06 25 28<\/span><\/strong><\/span><\/p>\n<p style=\"text-align: justify\">N\u1ebfu b\u1ea1n \u1edf Vi\u1ec7t Nam vui l\u00f2ng li\u00ean h\u1ec7 ch\u00fang t\u00f4i theo s\u1ed1 hotline ho\u1eb7c fanpage doanh nghi\u1ec7p Nh\u00e0 May M\u1eafn ch\u00fang t\u00f4i \u0111\u1ec3 bi\u1ebft gi\u00e1 b\u00e1n t\u1ea1i Vi\u1ec7t Nam.<\/p>\n","protected":false},"featured_media":40073,"template":"","meta":[],"product_brand":[],"product_cat":[137,141],"product_tag":[],"class_list":{"0":"post-40056","1":"product","2":"type-product","3":"status-publish","4":"has-post-thumbnail","6":"product_cat-phong-may","7":"product_cat-tui-xach","9":"first","10":"instock","11":"shipping-taxable","12":"purchasable","13":"product-type-variable"},"yoast_head":"<!-- This site is optimized with the Yoast SEO Premium plugin v22.7 (Yoast SEO v25.3.1) - https:\/\/yoast.com\/wordpress\/plugins\/seo\/ -->\n<title>T\u00fai x\u00e1ch c\u1ed5 \u0111i\u1ec3n CBTH01- T\u00fai x\u00e1ch th\u1ed5 c\u1ea9m - Nh\u00e0 May M\u1eafn - Maison Chance<\/title>\n<meta name=\"description\" content=\"T\u00fai x\u00e1ch c\u1ed5 \u0111i\u1ec3n CBTH01 l\u00e0 m\u1ed9t t\u00e1c ph\u1ea9m th\u1ee7 c\u00f4ng tuy\u1ec7t v\u1eddi t\u1eeb nh\u1eefng ng\u01b0\u1eddi th\u1ee3 may t\u00e0i n\u0103ng t\u1ea1i Nh\u00e0 May M\u1eafn. V\u1edbi h\u00ecnh d\u00e1ng ch\u1eef nh\u1eadt truy\u1ec1n th\u1ed1ng\" \/>\n<meta name=\"robots\" content=\"index, follow, max-snippet:-1, max-image-preview:large, max-video-preview:-1\" \/>\n<link rel=\"canonical\" href=\"https:\/\/maison-chance.org\/shop\/san-pham\/tui-xach-co-dien-cbth01\" \/>\n<meta property=\"og:locale\" content=\"vi_VN\" \/>\n<meta property=\"og:type\" content=\"article\" \/>\n<meta property=\"og:title\" content=\"T\u00fai x\u00e1ch c\u1ed5 \u0111i\u1ec3n CBTH01\" \/>\n<meta property=\"og:description\" content=\"T\u00fai x\u00e1ch c\u1ed5 \u0111i\u1ec3n CBTH01 l\u00e0 m\u1ed9t t\u00e1c ph\u1ea9m th\u1ee7 c\u00f4ng tuy\u1ec7t v\u1eddi t\u1eeb nh\u1eefng ng\u01b0\u1eddi th\u1ee3 may t\u00e0i n\u0103ng t\u1ea1i Nh\u00e0 May M\u1eafn. V\u1edbi h\u00ecnh d\u00e1ng ch\u1eef nh\u1eadt truy\u1ec1n th\u1ed1ng\" \/>\n<meta property=\"og:url\" content=\"https:\/\/maison-chance.org\/shop\/san-pham\/tui-xach-co-dien-cbth01\" \/>\n<meta property=\"og:site_name\" content=\"Nh\u00e0 May M\u1eafn - Maison Chance\" \/>\n<meta property=\"article:publisher\" content=\"https:\/\/www.facebook.com\/dnxh.nhamayman\/\" \/>\n<meta property=\"article:modified_time\" content=\"2024-11-13T08:08:45+00:00\" \/>\n<meta property=\"og:image\" content=\"https:\/\/maison-chance.org\/shop\/wp-content\/uploads\/2024\/06\/Tui-xach-co-dien-CBTH01-1.jpg\" \/>\n\t<meta property=\"og:image:width\" content=\"600\" \/>\n\t<meta property=\"og:image:height\" content=\"600\" \/>\n\t<meta property=\"og:image:type\" content=\"image\/jpeg\" \/>\n<meta name=\"twitter:card\" content=\"summary_large_image\" \/>\n<meta name=\"twitter:label1\" content=\"Availability\" \/>\n\t<meta name=\"twitter:data1\" content=\"In stock\" \/>\n<script type=\"application\/ld+json\" class=\"yoast-schema-graph\">{\"@context\":\"https:\/\/schema.org\",\"@graph\":[{\"@type\":\"WebPage\",\"@id\":\"https:\/\/maison-chance.org\/shop\/san-pham\/tui-xach-co-dien-cbth01\",\"url\":\"https:\/\/maison-chance.org\/shop\/san-pham\/tui-xach-co-dien-cbth01\",\"name\":\"T\u00fai x\u00e1ch c\u1ed5 \u0111i\u1ec3n CBTH01- T\u00fai x\u00e1ch th\u1ed5 c\u1ea9m - Nh\u00e0 May M\u1eafn - Maison Chance\",\"isPartOf\":{\"@id\":\"https:\/\/maison-chance.org\/shop\/#website\"},\"primaryImageOfPage\":{\"@id\":\"https:\/\/maison-chance.org\/shop\/san-pham\/tui-xach-co-dien-cbth01#primaryimage\"},\"image\":{\"@id\":\"https:\/\/maison-chance.org\/shop\/san-pham\/tui-xach-co-dien-cbth01#primaryimage\"},\"thumbnailUrl\":\"https:\/\/maison-chance.org\/shop\/wp-content\/uploads\/2024\/06\/Tui-xach-co-dien-CBTH01-1.jpg\",\"datePublished\":\"2024-06-23T05:22:53+00:00\",\"dateModified\":\"2024-11-13T08:08:45+00:00\",\"description\":\"T\u00fai x\u00e1ch c\u1ed5 \u0111i\u1ec3n CBTH01 l\u00e0 m\u1ed9t t\u00e1c ph\u1ea9m th\u1ee7 c\u00f4ng tuy\u1ec7t v\u1eddi t\u1eeb nh\u1eefng ng\u01b0\u1eddi th\u1ee3 may t\u00e0i n\u0103ng t\u1ea1i Nh\u00e0 May M\u1eafn. V\u1edbi h\u00ecnh d\u00e1ng ch\u1eef nh\u1eadt truy\u1ec1n th\u1ed1ng\",\"breadcrumb\":{\"@id\":\"https:\/\/maison-chance.org\/shop\/san-pham\/tui-xach-co-dien-cbth01#breadcrumb\"},\"inLanguage\":\"vi-VN\",\"potentialAction\":[{\"@type\":\"ReadAction\",\"target\":[\"https:\/\/maison-chance.org\/shop\/san-pham\/tui-xach-co-dien-cbth01\"]}]},{\"@type\":\"ImageObject\",\"inLanguage\":\"vi-VN\",\"@id\":\"https:\/\/maison-chance.org\/shop\/san-pham\/tui-xach-co-dien-cbth01#primaryimage\",\"url\":\"https:\/\/maison-chance.org\/shop\/wp-content\/uploads\/2024\/06\/Tui-xach-co-dien-CBTH01-1.jpg\",\"contentUrl\":\"https:\/\/maison-chance.org\/shop\/wp-content\/uploads\/2024\/06\/Tui-xach-co-dien-CBTH01-1.jpg\",\"width\":600,\"height\":600,\"caption\":\"T\u00fai x\u00e1ch c\u1ed5 \u0111i\u1ec3n CBTH01\"},{\"@type\":\"BreadcrumbList\",\"@id\":\"https:\/\/maison-chance.org\/shop\/san-pham\/tui-xach-co-dien-cbth01#breadcrumb\",\"itemListElement\":[{\"@type\":\"ListItem\",\"position\":1,\"name\":\"Trang ch\u1ee7\",\"item\":\"https:\/\/maison-chance.org\/shop\/\"},{\"@type\":\"ListItem\",\"position\":2,\"name\":\"Shop\",\"item\":\"https:\/\/maison-chance.org\/shop\/shop\"},{\"@type\":\"ListItem\",\"position\":3,\"name\":\"T\u00fai x\u00e1ch c\u1ed5 \u0111i\u1ec3n CBTH01\"}]},{\"@type\":\"WebSite\",\"@id\":\"https:\/\/maison-chance.org\/shop\/#website\",\"url\":\"https:\/\/maison-chance.org\/shop\/\",\"name\":\"Nh\u00e0 May M\u1eafn - Maison Chance\",\"description\":\"M\u1ecdi l\u1ee3i nhu\u1eadn thu v\u1ec1 t\u1eeb vi\u1ec7c b\u00e1n h\u00e0ng s\u1ebd tr\u00edch m\u1ed9t ph\u1ea7n \u0111\u1ec3 ch\u0103m lo cho \u0111\u1eddi s\u1ed1ng c\u00e1c b\u1ea1n khuy\u1ebft t\u1eadt v\u00e0 tr\u1ebb m\u1ed3 c\u00f4i \u1edf \u0111\u00e2y\",\"publisher\":{\"@id\":\"https:\/\/maison-chance.org\/shop\/#organization\"},\"potentialAction\":[{\"@type\":\"SearchAction\",\"target\":{\"@type\":\"EntryPoint\",\"urlTemplate\":\"https:\/\/maison-chance.org\/shop\/?s={search_term_string}\"},\"query-input\":{\"@type\":\"PropertyValueSpecification\",\"valueRequired\":true,\"valueName\":\"search_term_string\"}}],\"inLanguage\":\"vi-VN\"},{\"@type\":\"Organization\",\"@id\":\"https:\/\/maison-chance.org\/shop\/#organization\",\"name\":\"Nh\u00e0 May M\u1eafn - Maison Chance\",\"url\":\"https:\/\/maison-chance.org\/shop\/\",\"logo\":{\"@type\":\"ImageObject\",\"inLanguage\":\"vi-VN\",\"@id\":\"https:\/\/maison-chance.org\/shop\/#\/schema\/logo\/image\/\",\"url\":\"https:\/\/maison-chance.org\/shop\/wp-content\/uploads\/2024\/03\/cropped-Logo_DNXH.png\",\"contentUrl\":\"https:\/\/maison-chance.org\/shop\/wp-content\/uploads\/2024\/03\/cropped-Logo_DNXH.png\",\"width\":512,\"height\":512,\"caption\":\"Nh\u00e0 May M\u1eafn - Maison Chance\"},\"image\":{\"@id\":\"https:\/\/maison-chance.org\/shop\/#\/schema\/logo\/image\/\"},\"sameAs\":[\"https:\/\/www.facebook.com\/dnxh.nhamayman\/\"]}]}<\/script>\n<meta property=\"og:availability\" content=\"instock\" \/>\n<meta property=\"product:availability\" content=\"instock\" \/>\n<meta property=\"product:condition\" content=\"new\" \/>\n<!-- \/ Yoast SEO Premium plugin. -->","yoast_head_json":{"title":"T\u00fai x\u00e1ch c\u1ed5 \u0111i\u1ec3n CBTH01- T\u00fai x\u00e1ch th\u1ed5 c\u1ea9m - Nh\u00e0 May M\u1eafn - Maison Chance","description":"T\u00fai x\u00e1ch c\u1ed5 \u0111i\u1ec3n CBTH01 l\u00e0 m\u1ed9t t\u00e1c ph\u1ea9m th\u1ee7 c\u00f4ng tuy\u1ec7t v\u1eddi t\u1eeb nh\u1eefng ng\u01b0\u1eddi th\u1ee3 may t\u00e0i n\u0103ng t\u1ea1i Nh\u00e0 May M\u1eafn. V\u1edbi h\u00ecnh d\u00e1ng ch\u1eef nh\u1eadt truy\u1ec1n th\u1ed1ng","robots":{"index":"index","follow":"follow","max-snippet":"max-snippet:-1","max-image-preview":"max-image-preview:large","max-video-preview":"max-video-preview:-1"},"canonical":"https:\/\/maison-chance.org\/shop\/san-pham\/tui-xach-co-dien-cbth01","og_locale":"vi_VN","og_type":"article","og_title":"T\u00fai x\u00e1ch c\u1ed5 \u0111i\u1ec3n CBTH01","og_description":"T\u00fai x\u00e1ch c\u1ed5 \u0111i\u1ec3n CBTH01 l\u00e0 m\u1ed9t t\u00e1c ph\u1ea9m th\u1ee7 c\u00f4ng tuy\u1ec7t v\u1eddi t\u1eeb nh\u1eefng ng\u01b0\u1eddi th\u1ee3 may t\u00e0i n\u0103ng t\u1ea1i Nh\u00e0 May M\u1eafn. V\u1edbi h\u00ecnh d\u00e1ng ch\u1eef nh\u1eadt truy\u1ec1n th\u1ed1ng","og_url":"https:\/\/maison-chance.org\/shop\/san-pham\/tui-xach-co-dien-cbth01","og_site_name":"Nh\u00e0 May M\u1eafn - Maison Chance","article_publisher":"https:\/\/www.facebook.com\/dnxh.nhamayman\/","article_modified_time":"2024-11-13T08:08:45+00:00","og_image":[{"width":600,"height":600,"url":"https:\/\/maison-chance.org\/shop\/wp-content\/uploads\/2024\/06\/Tui-xach-co-dien-CBTH01-1.jpg","type":"image\/jpeg"}],"twitter_card":"summary_large_image","twitter_misc":{"Availability":"In stock"},"schema":{"@context":"https:\/\/schema.org","@graph":[{"@type":"WebPage","@id":"https:\/\/maison-chance.org\/shop\/san-pham\/tui-xach-co-dien-cbth01","url":"https:\/\/maison-chance.org\/shop\/san-pham\/tui-xach-co-dien-cbth01","name":"T\u00fai x\u00e1ch c\u1ed5 \u0111i\u1ec3n CBTH01- T\u00fai x\u00e1ch th\u1ed5 c\u1ea9m - Nh\u00e0 May M\u1eafn - Maison Chance","isPartOf":{"@id":"https:\/\/maison-chance.org\/shop\/#website"},"primaryImageOfPage":{"@id":"https:\/\/maison-chance.org\/shop\/san-pham\/tui-xach-co-dien-cbth01#primaryimage"},"image":{"@id":"https:\/\/maison-chance.org\/shop\/san-pham\/tui-xach-co-dien-cbth01#primaryimage"},"thumbnailUrl":"https:\/\/maison-chance.org\/shop\/wp-content\/uploads\/2024\/06\/Tui-xach-co-dien-CBTH01-1.jpg","datePublished":"2024-06-23T05:22:53+00:00","dateModified":"2024-11-13T08:08:45+00:00","description":"T\u00fai x\u00e1ch c\u1ed5 \u0111i\u1ec3n CBTH01 l\u00e0 m\u1ed9t t\u00e1c ph\u1ea9m th\u1ee7 c\u00f4ng tuy\u1ec7t v\u1eddi t\u1eeb nh\u1eefng ng\u01b0\u1eddi th\u1ee3 may t\u00e0i n\u0103ng t\u1ea1i Nh\u00e0 May M\u1eafn. V\u1edbi h\u00ecnh d\u00e1ng ch\u1eef nh\u1eadt truy\u1ec1n th\u1ed1ng","breadcrumb":{"@id":"https:\/\/maison-chance.org\/shop\/san-pham\/tui-xach-co-dien-cbth01#breadcrumb"},"inLanguage":"vi-VN","potentialAction":[{"@type":"ReadAction","target":["https:\/\/maison-chance.org\/shop\/san-pham\/tui-xach-co-dien-cbth01"]}]},{"@type":"ImageObject","inLanguage":"vi-VN","@id":"https:\/\/maison-chance.org\/shop\/san-pham\/tui-xach-co-dien-cbth01#primaryimage","url":"https:\/\/maison-chance.org\/shop\/wp-content\/uploads\/2024\/06\/Tui-xach-co-dien-CBTH01-1.jpg","contentUrl":"https:\/\/maison-chance.org\/shop\/wp-content\/uploads\/2024\/06\/Tui-xach-co-dien-CBTH01-1.jpg","width":600,"height":600,"caption":"T\u00fai x\u00e1ch c\u1ed5 \u0111i\u1ec3n CBTH01"},{"@type":"BreadcrumbList","@id":"https:\/\/maison-chance.org\/shop\/san-pham\/tui-xach-co-dien-cbth01#breadcrumb","itemListElement":[{"@type":"ListItem","position":1,"name":"Trang ch\u1ee7","item":"https:\/\/maison-chance.org\/shop\/"},{"@type":"ListItem","position":2,"name":"Shop","item":"https:\/\/maison-chance.org\/shop\/shop"},{"@type":"ListItem","position":3,"name":"T\u00fai x\u00e1ch c\u1ed5 \u0111i\u1ec3n CBTH01"}]},{"@type":"WebSite","@id":"https:\/\/maison-chance.org\/shop\/#website","url":"https:\/\/maison-chance.org\/shop\/","name":"Nh\u00e0 May M\u1eafn - Maison Chance","description":"M\u1ecdi l\u1ee3i nhu\u1eadn thu v\u1ec1 t\u1eeb vi\u1ec7c b\u00e1n h\u00e0ng s\u1ebd tr\u00edch m\u1ed9t ph\u1ea7n \u0111\u1ec3 ch\u0103m lo cho \u0111\u1eddi s\u1ed1ng c\u00e1c b\u1ea1n khuy\u1ebft t\u1eadt v\u00e0 tr\u1ebb m\u1ed3 c\u00f4i \u1edf \u0111\u00e2y","publisher":{"@id":"https:\/\/maison-chance.org\/shop\/#organization"},"potentialAction":[{"@type":"SearchAction","target":{"@type":"EntryPoint","urlTemplate":"https:\/\/maison-chance.org\/shop\/?s={search_term_string}"},"query-input":{"@type":"PropertyValueSpecification","valueRequired":true,"valueName":"search_term_string"}}],"inLanguage":"vi-VN"},{"@type":"Organization","@id":"https:\/\/maison-chance.org\/shop\/#organization","name":"Nh\u00e0 May M\u1eafn - Maison Chance","url":"https:\/\/maison-chance.org\/shop\/","logo":{"@type":"ImageObject","inLanguage":"vi-VN","@id":"https:\/\/maison-chance.org\/shop\/#\/schema\/logo\/image\/","url":"https:\/\/maison-chance.org\/shop\/wp-content\/uploads\/2024\/03\/cropped-Logo_DNXH.png","contentUrl":"https:\/\/maison-chance.org\/shop\/wp-content\/uploads\/2024\/03\/cropped-Logo_DNXH.png","width":512,"height":512,"caption":"Nh\u00e0 May M\u1eafn - Maison Chance"},"image":{"@id":"https:\/\/maison-chance.org\/shop\/#\/schema\/logo\/image\/"},"sameAs":["https:\/\/www.facebook.com\/dnxh.nhamayman\/"]}]},"og_availability":"instock","product_availability":"instock","product_condition":"new"},"_links":{"self":[{"href":"https:\/\/maison-chance.org\/shop\/wp-json\/wp\/v2\/product\/40056","targetHints":{"allow":["GET"]}}],"collection":[{"href":"https:\/\/maison-chance.org\/shop\/wp-json\/wp\/v2\/product"}],"about":[{"href":"https:\/\/maison-chance.org\/shop\/wp-json\/wp\/v2\/types\/product"}],"wp:featuredmedia":[{"embeddable":true,"href":"https:\/\/maison-chance.org\/shop\/wp-json\/wp\/v2\/media\/40073"}],"wp:attachment":[{"href":"https:\/\/maison-chance.org\/shop\/wp-json\/wp\/v2\/media?parent=40056"}],"wp:term":[{"taxonomy":"product_brand","embeddable":true,"href":"https:\/\/maison-chance.org\/shop\/wp-json\/wp\/v2\/product_brand?post=40056"},{"taxonomy":"product_cat","embeddable":true,"href":"https:\/\/maison-chance.org\/shop\/wp-json\/wp\/v2\/product_cat?post=40056"},{"taxonomy":"product_tag","embeddable":true,"href":"https:\/\/maison-chance.org\/shop\/wp-json\/wp\/v2\/product_tag?post=40056"}],"curies":[{"name":"wp","href":"https:\/\/api.w.org\/{rel}","templated":true}]}}