{"id":40127,"date":"2024-07-03T04:37:49","date_gmt":"2024-07-02T21:37:49","guid":{"rendered":"https:\/\/maison-chance.org\/shop?post_type=product&#038;p=40127"},"modified":"2024-11-13T15:18:34","modified_gmt":"2024-11-13T08:18:34","slug":"tui-xach-co-dien-cbtc01","status":"publish","type":"product","link":"https:\/\/maison-chance.org\/shop\/san-pham\/tui-xach-co-dien-cbtc01","title":{"rendered":"T\u00fai x\u00e1ch c\u1ed5 \u0111i\u1ec3n CBTC01"},"content":{"rendered":"<p style=\"text-align: justify\"><a href=\"https:\/\/maison-chance.org\/shop\/san-pham\/tui-xach-co-dien-cbtc01\">T\u00fai x\u00e1ch c\u1ed5 \u0111i\u1ec3n CBTC01<\/a>\u00a0\u0111\u01b0\u1ee3c l\u00e0m t\u1eeb v\u1ea3i th\u1ed5 c\u1ea9m, m\u1ed9t ch\u1ea5t li\u1ec7u truy\u1ec1n th\u1ed1ng mang \u0111\u1eadm b\u1ea3n s\u1eafc v\u0103n h\u00f3a d\u00e2n t\u1ed9c. S\u1ea3n ph\u1ea9m n\u00e0y \u0111\u01b0\u1ee3c may th\u1ee7 c\u00f4ng b\u1edfi nh\u1eefng ng\u01b0\u1eddi th\u1ee3 may khuy\u1ebft t\u1eadt t\u1eeb Nh\u00e0 May M\u1eafn, m\u1ed7i chi\u1ebfc t\u00fai l\u00e0 m\u1ed9t t\u00e1c ph\u1ea9m ngh\u1ec7 thu\u1eadt, th\u1ec3 hi\u1ec7n s\u1ef1 kh\u00e9o l\u00e9o v\u00e0 t\u00e2m huy\u1ebft c\u1ee7a ng\u01b0\u1eddi th\u1ee3.<\/p>\n<p style=\"text-align: justify\">T\u00fai x\u00e1ch th\u1ed5 c\u1ea9m CBTC01 c\u00f3 nhi\u1ec1u k\u00edch th\u01b0\u1edbc \u0111a d\u1ea1ng:<\/p>\n<p>K\u00edch th\u01b0\u1edbc 1: 14 x 18 cm<br \/>\nK\u00edch th\u01b0\u1edbc 2: 18 x 22 cm<br \/>\nK\u00edch th\u01b0\u1edbc 3: 20 x 32 cm<br \/>\nK\u00edch th\u01b0\u1edbc 4: 34 x 48 cm<\/p>\n<p style=\"text-align: justify\">V\u1edbi nhi\u1ec1u k\u00edch th\u01b0\u1edbc kh\u00e1c nhau, b\u1ea1n c\u00f3 th\u1ec3 d\u1ec5 d\u00e0ng ch\u1ecdn cho m\u00ecnh m\u1ed9t chi\u1ebfc t\u00fai ph\u00f9 h\u1ee3p v\u1edbi nhu c\u1ea7u s\u1eed d\u1ee5ng c\u1ee7a m\u00ecnh:<\/p>\n<p style=\"text-align: justify\">&#8211; C\u00e1c m\u1eabu t\u00fai nh\u1ecf g\u1ecdn, ti\u1ec7n l\u1ee3i \u0111\u1ec3 \u0111i d\u1ea1o ph\u1ed1 hay \u0111i h\u1ecdc.<\/p>\n<p style=\"text-align: justify\">&#8211; C\u00e1c m\u1eabu t\u00fai l\u1edbn h\u01a1n \u0111\u1ec3 mang theo khi \u0111i l\u00e0m, du l\u1ecbch.<\/p>\n<p style=\"text-align: justify\">+M\u1ed7i chi\u1ebfc <a href=\"https:\/\/maison-chance.org\/shop\/phong-may\">t\u00fai x\u00e1ch th\u1ed5 c\u1ea9m<\/a> CBTC01 mang m\u1ed9t v\u1ebb \u0111\u1eb9p ri\u00eang v\u1edbi c\u00e1c hoa v\u0103n phong ph\u00fa, tinh t\u1ebf k\u1ebft h\u1ee3p h\u00e0i h\u00f2a gi\u1eefa truy\u1ec1n th\u1ed1ng v\u00e0 hi\u1ec7n \u0111\u1ea1i.<\/p>\n<p style=\"text-align: justify\">+ S\u1ea3n ph\u1ea9m \u0111\u01b0\u1ee3c may th\u1ee7 c\u00f4ng, t\u1eebng \u0111\u01b0\u1eddng kim m\u0169i ch\u1ec9 \u0111\u1ec1u ch\u1eafc ch\u1eafn, \u0111\u1ea3m b\u1ea3o \u0111\u1ed9 b\u1ec1n cao.<\/p>\n<p style=\"text-align: justify\">+ Khi mua <a href=\"https:\/\/maison-chance.org\/shop\/tui-xach\">t\u00fai x\u00e1ch<\/a> CBTC01, b\u1ea1n kh\u00f4ng ch\u1ec9 s\u1edf h\u1eefu m\u1ed9t ph\u1ee5 ki\u1ec7n th\u1eddi trang \u0111\u1eb9p m\u1eaft m\u00e0 c\u00f2n \u0111\u00f3ng g\u00f3p v\u00e0o vi\u1ec7c h\u1ed7 tr\u1ee3 c\u1ed9ng \u0111\u1ed3ng ng\u01b0\u1eddi khuy\u1ebft t\u1eadt t\u1ea1i Nh\u00e0 May M\u1eafn.<\/p>\n<p style=\"text-align: justify\">H\u00e3y \u1ee7ng h\u1ed9 s\u1ea3n ph\u1ea9m c\u1ee7a Nh\u00e0 May M\u1eafn, mua ngay t\u00fai x\u00e1ch th\u1ed5 c\u1ea9m CBTC01 \u0111\u1ec3 kh\u00f4ng ch\u1ec9 t\u00f4n n\u00e9t \u0111\u1eb9p c\u1ee7a b\u1ea3n th\u00e2n m\u00e0 c\u00f2n lan t\u1ecfa gi\u00e1 tr\u1ecb nh\u00e2n v\u0103n cao \u0111\u1eb9p. M\u1ed7i s\u1ea3n ph\u1ea9m b\u1ea1n mua l\u00e0 m\u1ed9t s\u1ef1 \u0111\u1ed9ng vi\u00ean, kh\u00edch l\u1ec7 l\u1edbn \u0111\u1ed1i v\u1edbi nh\u1eefng ng\u01b0\u1eddi th\u1ee3 khuy\u1ebft t\u1eadt.<\/p>\n","protected":false},"excerpt":{"rendered":"<p style=\"text-align: justify\">S\u1ea3n ph\u1ea9m do c\u00e1c b\u1ea1n khuy\u1ebft t\u1eadt k\u00e9m may m\u1eafn s\u1ea3n xu\u1ea5t th\u1ee7 c\u00f4ng k\u00ednh mong nh\u1eadn \u0111\u01b0\u1ee3c s\u1ef1 \u1ee7ng h\u1ed9 c\u1ee7a Qu\u00fd kh\u00e1ch h\u00e0ng.<\/p>\n<p>Ch\u1ea5t li\u1ec7u: V\u1ea3i th\u1ed5 c\u1ea9m<\/p>\n<p>Code: CBTC01<\/p>\n<p>K\u00edch th\u01b0\u1edbc 1: 14 x 18 cm<\/p>\n<p>K\u00edch th\u01b0\u1edbc 2: 18 x 22 cm<\/p>\n<p>K\u00edch th\u01b0\u1edbc 3: 20 x 32 cm<\/p>\n<p>K\u00edch th\u01b0\u1edbc 4: 34 x 48 cm<\/p>\n<p>Hotline : <span style=\"font-size: 20px\"><strong><span style=\"color: #ff0000\">0909 06 25 28<\/span><\/strong><\/span><\/p>\n<p style=\"text-align: justify\">N\u1ebfu b\u1ea1n \u1edf Vi\u1ec7t Nam vui l\u00f2ng li\u00ean h\u1ec7 ch\u00fang t\u00f4i theo s\u1ed1 hotline ho\u1eb7c fanpage doanh nghi\u1ec7p Nh\u00e0 May M\u1eafn ch\u00fang t\u00f4i \u0111\u1ec3 bi\u1ebft gi\u00e1 b\u00e1n t\u1ea1i Vi\u1ec7t Nam.<\/p>\n","protected":false},"featured_media":40133,"template":"","meta":[],"product_brand":[],"product_cat":[137,141],"product_tag":[],"class_list":{"0":"post-40127","1":"product","2":"type-product","3":"status-publish","4":"has-post-thumbnail","6":"product_cat-phong-may","7":"product_cat-tui-xach","9":"first","10":"instock","11":"shipping-taxable","12":"purchasable","13":"product-type-variable"},"yoast_head":"<!-- This site is optimized with the Yoast SEO Premium plugin v22.7 (Yoast SEO v25.3.1) - https:\/\/yoast.com\/wordpress\/plugins\/seo\/ -->\n<title>T\u00fai x\u00e1ch c\u1ed5 \u0111i\u1ec3n CBTC01- T\u00fai x\u00e1ch th\u1ed5 c\u1ea9m - Nh\u00e0 May M\u1eafn - Maison Chance<\/title>\n<meta name=\"description\" content=\"T\u00fai x\u00e1ch th\u1eddi trang FBJE10 \u0111\u01b0\u1ee3c l\u00e0m t\u1eeb v\u1ea3i th\u1ed5 c\u1ea9m, m\u1ed9t ch\u1ea5t li\u1ec7u truy\u1ec1n th\u1ed1ng mang \u0111\u1eadm b\u1ea3n s\u1eafc v\u0103n h\u00f3a d\u00e2n t\u1ed9c, \u0111\u01b0\u1ee3c may th\u1ee7 c\u00f4ng b\u1edfi ng\u01b0\u1eddi khuy\u1ebft t\u1eadt\" \/>\n<meta name=\"robots\" content=\"index, follow, max-snippet:-1, max-image-preview:large, max-video-preview:-1\" \/>\n<link rel=\"canonical\" href=\"https:\/\/maison-chance.org\/shop\/san-pham\/tui-xach-co-dien-cbtc01\" \/>\n<meta property=\"og:locale\" content=\"vi_VN\" \/>\n<meta property=\"og:type\" content=\"article\" \/>\n<meta property=\"og:title\" content=\"T\u00fai x\u00e1ch c\u1ed5 \u0111i\u1ec3n CBTC01\" \/>\n<meta property=\"og:description\" content=\"T\u00fai x\u00e1ch th\u1eddi trang FBJE10 \u0111\u01b0\u1ee3c l\u00e0m t\u1eeb v\u1ea3i th\u1ed5 c\u1ea9m, m\u1ed9t ch\u1ea5t li\u1ec7u truy\u1ec1n th\u1ed1ng mang \u0111\u1eadm b\u1ea3n s\u1eafc v\u0103n h\u00f3a d\u00e2n t\u1ed9c, \u0111\u01b0\u1ee3c may th\u1ee7 c\u00f4ng b\u1edfi ng\u01b0\u1eddi khuy\u1ebft t\u1eadt\" \/>\n<meta property=\"og:url\" content=\"https:\/\/maison-chance.org\/shop\/san-pham\/tui-xach-co-dien-cbtc01\" \/>\n<meta property=\"og:site_name\" content=\"Nh\u00e0 May M\u1eafn - Maison Chance\" \/>\n<meta property=\"article:publisher\" content=\"https:\/\/www.facebook.com\/dnxh.nhamayman\/\" \/>\n<meta property=\"article:modified_time\" content=\"2024-11-13T08:18:34+00:00\" \/>\n<meta property=\"og:image\" content=\"https:\/\/maison-chance.org\/shop\/wp-content\/uploads\/2024\/07\/tui-xach-co-dien-cbtc01-1.jpg\" \/>\n\t<meta property=\"og:image:width\" content=\"600\" \/>\n\t<meta property=\"og:image:height\" content=\"600\" \/>\n\t<meta property=\"og:image:type\" content=\"image\/jpeg\" \/>\n<meta name=\"twitter:card\" content=\"summary_large_image\" \/>\n<meta name=\"twitter:label1\" content=\"Availability\" \/>\n\t<meta name=\"twitter:data1\" content=\"In stock\" \/>\n<script type=\"application\/ld+json\" class=\"yoast-schema-graph\">{\"@context\":\"https:\/\/schema.org\",\"@graph\":[{\"@type\":\"WebPage\",\"@id\":\"https:\/\/maison-chance.org\/shop\/san-pham\/tui-xach-co-dien-cbtc01\",\"url\":\"https:\/\/maison-chance.org\/shop\/san-pham\/tui-xach-co-dien-cbtc01\",\"name\":\"T\u00fai x\u00e1ch c\u1ed5 \u0111i\u1ec3n CBTC01- T\u00fai x\u00e1ch th\u1ed5 c\u1ea9m - Nh\u00e0 May M\u1eafn - Maison Chance\",\"isPartOf\":{\"@id\":\"https:\/\/maison-chance.org\/shop\/#website\"},\"primaryImageOfPage\":{\"@id\":\"https:\/\/maison-chance.org\/shop\/san-pham\/tui-xach-co-dien-cbtc01#primaryimage\"},\"image\":{\"@id\":\"https:\/\/maison-chance.org\/shop\/san-pham\/tui-xach-co-dien-cbtc01#primaryimage\"},\"thumbnailUrl\":\"https:\/\/maison-chance.org\/shop\/wp-content\/uploads\/2024\/07\/tui-xach-co-dien-cbtc01-1.jpg\",\"datePublished\":\"2024-07-02T21:37:49+00:00\",\"dateModified\":\"2024-11-13T08:18:34+00:00\",\"description\":\"T\u00fai x\u00e1ch th\u1eddi trang FBJE10 \u0111\u01b0\u1ee3c l\u00e0m t\u1eeb v\u1ea3i th\u1ed5 c\u1ea9m, m\u1ed9t ch\u1ea5t li\u1ec7u truy\u1ec1n th\u1ed1ng mang \u0111\u1eadm b\u1ea3n s\u1eafc v\u0103n h\u00f3a d\u00e2n t\u1ed9c, \u0111\u01b0\u1ee3c may th\u1ee7 c\u00f4ng b\u1edfi ng\u01b0\u1eddi khuy\u1ebft t\u1eadt\",\"breadcrumb\":{\"@id\":\"https:\/\/maison-chance.org\/shop\/san-pham\/tui-xach-co-dien-cbtc01#breadcrumb\"},\"inLanguage\":\"vi-VN\",\"potentialAction\":[{\"@type\":\"ReadAction\",\"target\":[\"https:\/\/maison-chance.org\/shop\/san-pham\/tui-xach-co-dien-cbtc01\"]}]},{\"@type\":\"ImageObject\",\"inLanguage\":\"vi-VN\",\"@id\":\"https:\/\/maison-chance.org\/shop\/san-pham\/tui-xach-co-dien-cbtc01#primaryimage\",\"url\":\"https:\/\/maison-chance.org\/shop\/wp-content\/uploads\/2024\/07\/tui-xach-co-dien-cbtc01-1.jpg\",\"contentUrl\":\"https:\/\/maison-chance.org\/shop\/wp-content\/uploads\/2024\/07\/tui-xach-co-dien-cbtc01-1.jpg\",\"width\":600,\"height\":600,\"caption\":\"T\u00fai x\u00e1ch c\u1ed5 \u0111i\u1ec3n CBTC01\"},{\"@type\":\"BreadcrumbList\",\"@id\":\"https:\/\/maison-chance.org\/shop\/san-pham\/tui-xach-co-dien-cbtc01#breadcrumb\",\"itemListElement\":[{\"@type\":\"ListItem\",\"position\":1,\"name\":\"Trang ch\u1ee7\",\"item\":\"https:\/\/maison-chance.org\/shop\/\"},{\"@type\":\"ListItem\",\"position\":2,\"name\":\"Shop\",\"item\":\"https:\/\/maison-chance.org\/shop\/shop\"},{\"@type\":\"ListItem\",\"position\":3,\"name\":\"T\u00fai x\u00e1ch c\u1ed5 \u0111i\u1ec3n CBTC01\"}]},{\"@type\":\"WebSite\",\"@id\":\"https:\/\/maison-chance.org\/shop\/#website\",\"url\":\"https:\/\/maison-chance.org\/shop\/\",\"name\":\"Nh\u00e0 May M\u1eafn - Maison Chance\",\"description\":\"M\u1ecdi l\u1ee3i nhu\u1eadn thu v\u1ec1 t\u1eeb vi\u1ec7c b\u00e1n h\u00e0ng s\u1ebd tr\u00edch m\u1ed9t ph\u1ea7n \u0111\u1ec3 ch\u0103m lo cho \u0111\u1eddi s\u1ed1ng c\u00e1c b\u1ea1n khuy\u1ebft t\u1eadt v\u00e0 tr\u1ebb m\u1ed3 c\u00f4i \u1edf \u0111\u00e2y\",\"publisher\":{\"@id\":\"https:\/\/maison-chance.org\/shop\/#organization\"},\"potentialAction\":[{\"@type\":\"SearchAction\",\"target\":{\"@type\":\"EntryPoint\",\"urlTemplate\":\"https:\/\/maison-chance.org\/shop\/?s={search_term_string}\"},\"query-input\":{\"@type\":\"PropertyValueSpecification\",\"valueRequired\":true,\"valueName\":\"search_term_string\"}}],\"inLanguage\":\"vi-VN\"},{\"@type\":\"Organization\",\"@id\":\"https:\/\/maison-chance.org\/shop\/#organization\",\"name\":\"Nh\u00e0 May M\u1eafn - Maison Chance\",\"url\":\"https:\/\/maison-chance.org\/shop\/\",\"logo\":{\"@type\":\"ImageObject\",\"inLanguage\":\"vi-VN\",\"@id\":\"https:\/\/maison-chance.org\/shop\/#\/schema\/logo\/image\/\",\"url\":\"https:\/\/maison-chance.org\/shop\/wp-content\/uploads\/2024\/03\/cropped-Logo_DNXH.png\",\"contentUrl\":\"https:\/\/maison-chance.org\/shop\/wp-content\/uploads\/2024\/03\/cropped-Logo_DNXH.png\",\"width\":512,\"height\":512,\"caption\":\"Nh\u00e0 May M\u1eafn - Maison Chance\"},\"image\":{\"@id\":\"https:\/\/maison-chance.org\/shop\/#\/schema\/logo\/image\/\"},\"sameAs\":[\"https:\/\/www.facebook.com\/dnxh.nhamayman\/\"]}]}<\/script>\n<meta property=\"og:availability\" content=\"instock\" \/>\n<meta property=\"product:availability\" content=\"instock\" \/>\n<meta property=\"product:condition\" content=\"new\" \/>\n<!-- \/ Yoast SEO Premium plugin. -->","yoast_head_json":{"title":"T\u00fai x\u00e1ch c\u1ed5 \u0111i\u1ec3n CBTC01- T\u00fai x\u00e1ch th\u1ed5 c\u1ea9m - Nh\u00e0 May M\u1eafn - Maison Chance","description":"T\u00fai x\u00e1ch th\u1eddi trang FBJE10 \u0111\u01b0\u1ee3c l\u00e0m t\u1eeb v\u1ea3i th\u1ed5 c\u1ea9m, m\u1ed9t ch\u1ea5t li\u1ec7u truy\u1ec1n th\u1ed1ng mang \u0111\u1eadm b\u1ea3n s\u1eafc v\u0103n h\u00f3a d\u00e2n t\u1ed9c, \u0111\u01b0\u1ee3c may th\u1ee7 c\u00f4ng b\u1edfi ng\u01b0\u1eddi khuy\u1ebft t\u1eadt","robots":{"index":"index","follow":"follow","max-snippet":"max-snippet:-1","max-image-preview":"max-image-preview:large","max-video-preview":"max-video-preview:-1"},"canonical":"https:\/\/maison-chance.org\/shop\/san-pham\/tui-xach-co-dien-cbtc01","og_locale":"vi_VN","og_type":"article","og_title":"T\u00fai x\u00e1ch c\u1ed5 \u0111i\u1ec3n CBTC01","og_description":"T\u00fai x\u00e1ch th\u1eddi trang FBJE10 \u0111\u01b0\u1ee3c l\u00e0m t\u1eeb v\u1ea3i th\u1ed5 c\u1ea9m, m\u1ed9t ch\u1ea5t li\u1ec7u truy\u1ec1n th\u1ed1ng mang \u0111\u1eadm b\u1ea3n s\u1eafc v\u0103n h\u00f3a d\u00e2n t\u1ed9c, \u0111\u01b0\u1ee3c may th\u1ee7 c\u00f4ng b\u1edfi ng\u01b0\u1eddi khuy\u1ebft t\u1eadt","og_url":"https:\/\/maison-chance.org\/shop\/san-pham\/tui-xach-co-dien-cbtc01","og_site_name":"Nh\u00e0 May M\u1eafn - Maison Chance","article_publisher":"https:\/\/www.facebook.com\/dnxh.nhamayman\/","article_modified_time":"2024-11-13T08:18:34+00:00","og_image":[{"width":600,"height":600,"url":"https:\/\/maison-chance.org\/shop\/wp-content\/uploads\/2024\/07\/tui-xach-co-dien-cbtc01-1.jpg","type":"image\/jpeg"}],"twitter_card":"summary_large_image","twitter_misc":{"Availability":"In stock"},"schema":{"@context":"https:\/\/schema.org","@graph":[{"@type":"WebPage","@id":"https:\/\/maison-chance.org\/shop\/san-pham\/tui-xach-co-dien-cbtc01","url":"https:\/\/maison-chance.org\/shop\/san-pham\/tui-xach-co-dien-cbtc01","name":"T\u00fai x\u00e1ch c\u1ed5 \u0111i\u1ec3n CBTC01- T\u00fai x\u00e1ch th\u1ed5 c\u1ea9m - Nh\u00e0 May M\u1eafn - Maison Chance","isPartOf":{"@id":"https:\/\/maison-chance.org\/shop\/#website"},"primaryImageOfPage":{"@id":"https:\/\/maison-chance.org\/shop\/san-pham\/tui-xach-co-dien-cbtc01#primaryimage"},"image":{"@id":"https:\/\/maison-chance.org\/shop\/san-pham\/tui-xach-co-dien-cbtc01#primaryimage"},"thumbnailUrl":"https:\/\/maison-chance.org\/shop\/wp-content\/uploads\/2024\/07\/tui-xach-co-dien-cbtc01-1.jpg","datePublished":"2024-07-02T21:37:49+00:00","dateModified":"2024-11-13T08:18:34+00:00","description":"T\u00fai x\u00e1ch th\u1eddi trang FBJE10 \u0111\u01b0\u1ee3c l\u00e0m t\u1eeb v\u1ea3i th\u1ed5 c\u1ea9m, m\u1ed9t ch\u1ea5t li\u1ec7u truy\u1ec1n th\u1ed1ng mang \u0111\u1eadm b\u1ea3n s\u1eafc v\u0103n h\u00f3a d\u00e2n t\u1ed9c, \u0111\u01b0\u1ee3c may th\u1ee7 c\u00f4ng b\u1edfi ng\u01b0\u1eddi khuy\u1ebft t\u1eadt","breadcrumb":{"@id":"https:\/\/maison-chance.org\/shop\/san-pham\/tui-xach-co-dien-cbtc01#breadcrumb"},"inLanguage":"vi-VN","potentialAction":[{"@type":"ReadAction","target":["https:\/\/maison-chance.org\/shop\/san-pham\/tui-xach-co-dien-cbtc01"]}]},{"@type":"ImageObject","inLanguage":"vi-VN","@id":"https:\/\/maison-chance.org\/shop\/san-pham\/tui-xach-co-dien-cbtc01#primaryimage","url":"https:\/\/maison-chance.org\/shop\/wp-content\/uploads\/2024\/07\/tui-xach-co-dien-cbtc01-1.jpg","contentUrl":"https:\/\/maison-chance.org\/shop\/wp-content\/uploads\/2024\/07\/tui-xach-co-dien-cbtc01-1.jpg","width":600,"height":600,"caption":"T\u00fai x\u00e1ch c\u1ed5 \u0111i\u1ec3n CBTC01"},{"@type":"BreadcrumbList","@id":"https:\/\/maison-chance.org\/shop\/san-pham\/tui-xach-co-dien-cbtc01#breadcrumb","itemListElement":[{"@type":"ListItem","position":1,"name":"Trang ch\u1ee7","item":"https:\/\/maison-chance.org\/shop\/"},{"@type":"ListItem","position":2,"name":"Shop","item":"https:\/\/maison-chance.org\/shop\/shop"},{"@type":"ListItem","position":3,"name":"T\u00fai x\u00e1ch c\u1ed5 \u0111i\u1ec3n CBTC01"}]},{"@type":"WebSite","@id":"https:\/\/maison-chance.org\/shop\/#website","url":"https:\/\/maison-chance.org\/shop\/","name":"Nh\u00e0 May M\u1eafn - Maison Chance","description":"M\u1ecdi l\u1ee3i nhu\u1eadn thu v\u1ec1 t\u1eeb vi\u1ec7c b\u00e1n h\u00e0ng s\u1ebd tr\u00edch m\u1ed9t ph\u1ea7n \u0111\u1ec3 ch\u0103m lo cho \u0111\u1eddi s\u1ed1ng c\u00e1c b\u1ea1n khuy\u1ebft t\u1eadt v\u00e0 tr\u1ebb m\u1ed3 c\u00f4i \u1edf \u0111\u00e2y","publisher":{"@id":"https:\/\/maison-chance.org\/shop\/#organization"},"potentialAction":[{"@type":"SearchAction","target":{"@type":"EntryPoint","urlTemplate":"https:\/\/maison-chance.org\/shop\/?s={search_term_string}"},"query-input":{"@type":"PropertyValueSpecification","valueRequired":true,"valueName":"search_term_string"}}],"inLanguage":"vi-VN"},{"@type":"Organization","@id":"https:\/\/maison-chance.org\/shop\/#organization","name":"Nh\u00e0 May M\u1eafn - Maison Chance","url":"https:\/\/maison-chance.org\/shop\/","logo":{"@type":"ImageObject","inLanguage":"vi-VN","@id":"https:\/\/maison-chance.org\/shop\/#\/schema\/logo\/image\/","url":"https:\/\/maison-chance.org\/shop\/wp-content\/uploads\/2024\/03\/cropped-Logo_DNXH.png","contentUrl":"https:\/\/maison-chance.org\/shop\/wp-content\/uploads\/2024\/03\/cropped-Logo_DNXH.png","width":512,"height":512,"caption":"Nh\u00e0 May M\u1eafn - Maison Chance"},"image":{"@id":"https:\/\/maison-chance.org\/shop\/#\/schema\/logo\/image\/"},"sameAs":["https:\/\/www.facebook.com\/dnxh.nhamayman\/"]}]},"og_availability":"instock","product_availability":"instock","product_condition":"new"},"_links":{"self":[{"href":"https:\/\/maison-chance.org\/shop\/wp-json\/wp\/v2\/product\/40127","targetHints":{"allow":["GET"]}}],"collection":[{"href":"https:\/\/maison-chance.org\/shop\/wp-json\/wp\/v2\/product"}],"about":[{"href":"https:\/\/maison-chance.org\/shop\/wp-json\/wp\/v2\/types\/product"}],"wp:featuredmedia":[{"embeddable":true,"href":"https:\/\/maison-chance.org\/shop\/wp-json\/wp\/v2\/media\/40133"}],"wp:attachment":[{"href":"https:\/\/maison-chance.org\/shop\/wp-json\/wp\/v2\/media?parent=40127"}],"wp:term":[{"taxonomy":"product_brand","embeddable":true,"href":"https:\/\/maison-chance.org\/shop\/wp-json\/wp\/v2\/product_brand?post=40127"},{"taxonomy":"product_cat","embeddable":true,"href":"https:\/\/maison-chance.org\/shop\/wp-json\/wp\/v2\/product_cat?post=40127"},{"taxonomy":"product_tag","embeddable":true,"href":"https:\/\/maison-chance.org\/shop\/wp-json\/wp\/v2\/product_tag?post=40127"}],"curies":[{"name":"wp","href":"https:\/\/api.w.org\/{rel}","templated":true}]}}