{"id":40199,"date":"2024-07-04T02:11:45","date_gmt":"2024-07-03T19:11:45","guid":{"rendered":"https:\/\/maison-chance.org\/shop?post_type=product&#038;p=40199"},"modified":"2024-11-08T10:02:56","modified_gmt":"2024-11-08T03:02:56","slug":"ba-lo-hoc-sinh","status":"publish","type":"product","link":"https:\/\/maison-chance.org\/shop\/san-pham\/ba-lo-hoc-sinh","title":{"rendered":"Ba l\u00f4 h\u1ecdc sinh"},"content":{"rendered":"<p style=\"text-align: justify;\"><a href=\"https:\/\/maison-chance.org\/shop\/san-pham\/ba-lo-hoc-sinh\">Ba l\u00f4 h\u1ecdc sinh TC04BL<\/a> t\u1eeb Nh\u00e0 May M\u1eafn &#8211; s\u1ea3n ph\u1ea9m th\u1ee7 c\u00f4ng tinh x\u1ea3o, mang \u0111\u1eadm b\u1ea3n s\u1eafc Vi\u1ec7t s\u1ebd l\u00e0 s\u1ef1 l\u1ef1a ch\u1ecdn ho\u00e0n h\u1ea3o d\u00e0nh cho b\u1ea1n!<\/p>\n<p style=\"text-align: justify;\">Ba l\u00f4 h\u1ecdc sinh \u0111\u01b0\u1ee3c may th\u1ee7 c\u00f4ng t\u1ec9 m\u1ec9 b\u1edfi nh\u1eefng th\u1ee3 may khuy\u1ebft t\u1eadt t\u1ea1i Nh\u00e0 May M\u1eafn, h\u1ecd \u0111\u00e3 th\u1ed5i h\u1ed3n v\u00e0o t\u1eebng \u0111\u01b0\u1eddng n\u00e9t v\u00e0 h\u1ecda ti\u1ebft, bi\u1ebfn chi\u1ebfc ba l\u00f4 tr\u1edf th\u00e0nh m\u1ed9t t\u00e1c ph\u1ea9m ngh\u1ec7 thu\u1eadt \u0111\u1ed9c \u0111\u00e1o v\u1edbi v\u1ea3i th\u1ed5 c\u1ea9m. Ch\u1ea5t li\u1ec7u v\u1ea3i kaki k\u1ebft h\u1ee3p v\u1edbi v\u1ea3i th\u1ed5 c\u1ea9m truy\u1ec1n th\u1ed1ng c\u1ee7a Vi\u1ec7t Nam v\u1edbi \u0111\u1ed9 b\u1ec1n cao v\u00e0 h\u1ecda ti\u1ebft \u0111\u1eb7c s\u1eafc g\u00f3p ph\u1ea7n t\u1ea1o n\u00ean v\u1ebb \u0111\u1eb9p ri\u00eang bi\u1ec7t cho s\u1ea3n ph\u1ea9m. M\u1ed7i \u0111\u01b0\u1eddng kim m\u0169i ch\u1ec9 \u0111\u1ec1u \u0111\u01b0\u1ee3c ch\u0103m ch\u00fat t\u1ec9 m\u1ec9, th\u1ec3 hi\u1ec7n s\u1ef1 t\u00e2m huy\u1ebft v\u00e0 l\u00f2ng y\u00eau ngh\u1ec1 c\u1ee7a nh\u1eefng ng\u01b0\u1eddi th\u1ee3 may khuy\u1ebft t\u1eadt.<\/p>\n<p style=\"text-align: justify;\">K\u00edch th\u01b0\u1edbc ph\u00f9 h\u1ee3p, \u0111a d\u1ea1ng c\u00f4ng d\u1ee5ng:<\/p>\n<p style=\"text-align: justify;\">V\u1edbi k\u00edch th\u01b0\u1edbc 33 x 34 cm, TC04BL l\u00e0 ng\u01b0\u1eddi b\u1ea1n \u0111\u1ed3ng h\u00e0nh l\u00fd t\u01b0\u1edfng cho h\u1ecdc sinh ti\u1ec3u h\u1ecdc v\u00e0 trung h\u1ecdc c\u01a1 s\u1edf. Ba l\u00f4 thi\u1ebft k\u1ebf ng\u0103n \u0111\u1ef1ng r\u1ed9ng r\u00e3i, gi\u00fap c\u00e1c em d\u1ec5 d\u00e0ng mang theo s\u00e1ch v\u1edf, \u0111\u1ed3 d\u00f9ng h\u1ecdc t\u1eadp v\u00e0 nhi\u1ec1u v\u1eadt d\u1ee5ng c\u1ea7n thi\u1ebft kh\u00e1c. Chi\u1ebfc ba l\u00f4 n\u00e0y c\u0169ng c\u00f3 nhi\u1ec1u ng\u0103n nh\u1ecf b\u00ean trong \u0111\u1ec3 c\u00e1c em s\u1eafp x\u1ebfp \u0111\u1ed3 \u0111\u1ea1c m\u1ed9t c\u00e1ch ng\u0103n n\u1eafp v\u00e0 khoa h\u1ecdc.<\/p>\n<p style=\"text-align: justify;\"><a href=\"https:\/\/maison-chance.org\/shop\/ba-lo\">Ba l\u00f4 h\u1ecdc sinh<\/a> TC04BL c\u00f3 th\u1ec3 \u0111\u01b0\u1ee3c s\u1eed d\u1ee5ng cho nhi\u1ec1u m\u1ee5c \u0111\u00edch kh\u00e1c nhau, g\u1ed3m:<\/p>\n<p style=\"text-align: justify;\">&#8211; \u0110i h\u1ecdc: Ba l\u00f4 c\u00f3 k\u00edch th\u01b0\u1edbc ph\u00f9 h\u1ee3p v\u1edbi h\u1ecdc sinh ti\u1ec3u h\u1ecdc v\u00e0 trung h\u1ecdc c\u01a1 s\u1edf, gi\u00fap b\u00e9 tho\u1ea3i m\u00e1i mang theo s\u00e1ch v\u1edf, \u0111\u1ed3 d\u00f9ng h\u1ecdc t\u1eadp.<\/p>\n<p style=\"text-align: justify;\">&#8211; \u0110i ch\u01a1i: Ba l\u00f4 c\u00f3 thi\u1ebft k\u1ebf n\u0103ng \u0111\u1ed9ng, tr\u1ebb trung, ph\u00f9 h\u1ee3p cho b\u00e9 \u0111i ch\u01a1i, tham gia c\u00e1c ho\u1ea1t \u0111\u1ed9ng ngo\u1ea1i kh\u00f3a, nh\u1eefng chuy\u1ebfn du l\u1ecbch ng\u1eafn ng\u00e0y. \u0110em l\u1ea1i s\u1ef1 ti\u1ec7n l\u1ee3i t\u1ed1i \u0111a nh\u1ea5t.<\/p>\n<p style=\"text-align: justify;\">Khi <a href=\"https:\/\/maison-chance.org\/shop\/phong-may\">mua ba l\u00f4 h\u1ecdc sinh<\/a> TC04BL, b\u1ea1n kh\u00f4ng ch\u1ec9 s\u1edf h\u1eefu m\u1ed9t s\u1ea3n ph\u1ea9m \u0111\u1ed9c \u0111\u00e1o, ch\u1ea5t l\u01b0\u1ee3ng m\u00e0 c\u00f2n g\u00f3p ph\u1ea7n lan t\u1ecfa y\u00eau th\u01b0\u01a1ng v\u00e0 h\u1ed7 tr\u1ee3 c\u1ed9ng \u0111\u1ed3ng ng\u01b0\u1eddi khuy\u1ebft t\u1eadt.<\/p>\n<p style=\"text-align: justify;\">H\u00e3y chung tay c\u00f9ng <a href=\"https:\/\/maison-chance.org\/shop\">Nh\u00e0 May M\u1eafn<\/a> lan t\u1ecfa y\u00eau th\u01b0\u01a1ng v\u00e0 t\u1ea1o n\u00ean \u0111i\u1ec1u kh\u00e1c bi\u1ec7t!<\/p>\n","protected":false},"excerpt":{"rendered":"<p style=\"text-align: justify;\">S\u1ea3n ph\u1ea9m do c\u00e1c b\u1ea1n khuy\u1ebft t\u1eadt k\u00e9m may m\u1eafn s\u1ea3n xu\u1ea5t th\u1ee7 c\u00f4ng k\u00ednh mong nh\u1eadn \u0111\u01b0\u1ee3c s\u1ef1 \u1ee7ng h\u1ed9 c\u1ee7a Qu\u00fd kh\u00e1ch h\u00e0ng.<\/p>\n<p>Ch\u1ea5t li\u1ec7u: V\u1ea3i kaki + th\u1ed5 c\u1ea9m<\/p>\n<p>Code: TC04BL<\/p>\n<p>K\u00edch th\u01b0\u1edbc : 33 x 34 cm<\/p>\n<p>Hotline : <span style=\"font-size: 20px;\"><strong><span style=\"color: #ff0000;\">0909 06 25 28<\/span><\/strong><\/span><\/p>\n<p style=\"text-align: justify;\">N\u1ebfu b\u1ea1n \u1edf Vi\u1ec7t Nam vui l\u00f2ng li\u00ean h\u1ec7 ch\u00fang t\u00f4i theo s\u1ed1 hotline ho\u1eb7c fanpage doanh nghi\u1ec7p Nh\u00e0 May M\u1eafn ch\u00fang t\u00f4i \u0111\u1ec3 bi\u1ebft gi\u00e1 b\u00e1n t\u1ea1i Vi\u1ec7t Nam.<\/p>\n","protected":false},"featured_media":40200,"template":"","meta":[],"product_brand":[],"product_cat":[142,137],"product_tag":[],"class_list":{"0":"post-40199","1":"product","2":"type-product","3":"status-publish","4":"has-post-thumbnail","6":"product_cat-ba-lo","7":"product_cat-phong-may","9":"first","10":"instock","11":"shipping-taxable","12":"purchasable","13":"product-type-simple"},"yoast_head":"<!-- This site is optimized with the Yoast SEO Premium plugin v22.7 (Yoast SEO v25.3.1) - https:\/\/yoast.com\/wordpress\/plugins\/seo\/ -->\n<title>Ba l\u00f4 h\u1ecdc sinh - Nh\u00e0 May M\u1eafn - Maison Chance<\/title>\n<meta name=\"description\" content=\"Ba l\u00f4 h\u1ecdc sinh TC04BL t\u1eeb Nh\u00e0 May M\u1eafn s\u1ea3n ph\u1ea9m c\u1ee7a ng\u01b0\u1eddi khuy\u1ebft t\u1eadt may th\u1ee7 c\u00f4ng tinh x\u1ea3o, mang \u0111\u1eadm b\u1ea3n s\u1eafc Vi\u1ec7t s\u1ebd l\u00e0 s\u1ef1 l\u1ef1a ch\u1ecdn ho\u00e0n h\u1ea3o d\u00e0nh cho b\u1ea1n.\" \/>\n<meta name=\"robots\" content=\"index, follow, max-snippet:-1, max-image-preview:large, max-video-preview:-1\" \/>\n<link rel=\"canonical\" href=\"https:\/\/maison-chance.org\/shop\/san-pham\/ba-lo-hoc-sinh\" \/>\n<meta property=\"og:locale\" content=\"vi_VN\" \/>\n<meta property=\"og:type\" content=\"article\" \/>\n<meta property=\"og:title\" content=\"Ba l\u00f4 h\u1ecdc sinh\" \/>\n<meta property=\"og:description\" content=\"Ba l\u00f4 h\u1ecdc sinh TC04BL t\u1eeb Nh\u00e0 May M\u1eafn s\u1ea3n ph\u1ea9m c\u1ee7a ng\u01b0\u1eddi khuy\u1ebft t\u1eadt may th\u1ee7 c\u00f4ng tinh x\u1ea3o, mang \u0111\u1eadm b\u1ea3n s\u1eafc Vi\u1ec7t s\u1ebd l\u00e0 s\u1ef1 l\u1ef1a ch\u1ecdn ho\u00e0n h\u1ea3o d\u00e0nh cho b\u1ea1n.\" \/>\n<meta property=\"og:url\" content=\"https:\/\/maison-chance.org\/shop\/san-pham\/ba-lo-hoc-sinh\" \/>\n<meta property=\"og:site_name\" content=\"Nh\u00e0 May M\u1eafn - Maison Chance\" \/>\n<meta property=\"article:publisher\" content=\"https:\/\/www.facebook.com\/dnxh.nhamayman\/\" \/>\n<meta property=\"article:modified_time\" content=\"2024-11-08T03:02:56+00:00\" \/>\n<meta property=\"og:image\" content=\"https:\/\/maison-chance.org\/shop\/wp-content\/uploads\/2024\/07\/ba-lo-hoc-sinh-1.jpg\" \/>\n\t<meta property=\"og:image:width\" content=\"600\" \/>\n\t<meta property=\"og:image:height\" content=\"600\" \/>\n\t<meta property=\"og:image:type\" content=\"image\/jpeg\" \/>\n<meta name=\"twitter:card\" content=\"summary_large_image\" \/>\n<meta name=\"twitter:label1\" content=\"Gi\u00e1\" \/>\n\t<meta name=\"twitter:data1\" content=\"7.00&nbsp;&#036;\" \/>\n\t<meta name=\"twitter:label2\" content=\"Availability\" \/>\n\t<meta name=\"twitter:data2\" content=\"In stock\" \/>\n<script type=\"application\/ld+json\" class=\"yoast-schema-graph\">{\"@context\":\"https:\/\/schema.org\",\"@graph\":[{\"@type\":\"WebPage\",\"@id\":\"https:\/\/maison-chance.org\/shop\/san-pham\/ba-lo-hoc-sinh\",\"url\":\"https:\/\/maison-chance.org\/shop\/san-pham\/ba-lo-hoc-sinh\",\"name\":\"Ba l\u00f4 h\u1ecdc sinh - Nh\u00e0 May M\u1eafn - Maison Chance\",\"isPartOf\":{\"@id\":\"https:\/\/maison-chance.org\/shop\/#website\"},\"primaryImageOfPage\":{\"@id\":\"https:\/\/maison-chance.org\/shop\/san-pham\/ba-lo-hoc-sinh#primaryimage\"},\"image\":{\"@id\":\"https:\/\/maison-chance.org\/shop\/san-pham\/ba-lo-hoc-sinh#primaryimage\"},\"thumbnailUrl\":\"https:\/\/maison-chance.org\/shop\/wp-content\/uploads\/2024\/07\/ba-lo-hoc-sinh-1.jpg\",\"datePublished\":\"2024-07-03T19:11:45+00:00\",\"dateModified\":\"2024-11-08T03:02:56+00:00\",\"description\":\"Ba l\u00f4 h\u1ecdc sinh TC04BL t\u1eeb Nh\u00e0 May M\u1eafn s\u1ea3n ph\u1ea9m c\u1ee7a ng\u01b0\u1eddi khuy\u1ebft t\u1eadt may th\u1ee7 c\u00f4ng tinh x\u1ea3o, mang \u0111\u1eadm b\u1ea3n s\u1eafc Vi\u1ec7t s\u1ebd l\u00e0 s\u1ef1 l\u1ef1a ch\u1ecdn ho\u00e0n h\u1ea3o d\u00e0nh cho b\u1ea1n.\",\"breadcrumb\":{\"@id\":\"https:\/\/maison-chance.org\/shop\/san-pham\/ba-lo-hoc-sinh#breadcrumb\"},\"inLanguage\":\"vi-VN\",\"potentialAction\":[{\"@type\":\"ReadAction\",\"target\":[\"https:\/\/maison-chance.org\/shop\/san-pham\/ba-lo-hoc-sinh\"]}]},{\"@type\":\"ImageObject\",\"inLanguage\":\"vi-VN\",\"@id\":\"https:\/\/maison-chance.org\/shop\/san-pham\/ba-lo-hoc-sinh#primaryimage\",\"url\":\"https:\/\/maison-chance.org\/shop\/wp-content\/uploads\/2024\/07\/ba-lo-hoc-sinh-1.jpg\",\"contentUrl\":\"https:\/\/maison-chance.org\/shop\/wp-content\/uploads\/2024\/07\/ba-lo-hoc-sinh-1.jpg\",\"width\":600,\"height\":600,\"caption\":\"Ba l\u00f4 h\u1ecdc sinh\"},{\"@type\":\"BreadcrumbList\",\"@id\":\"https:\/\/maison-chance.org\/shop\/san-pham\/ba-lo-hoc-sinh#breadcrumb\",\"itemListElement\":[{\"@type\":\"ListItem\",\"position\":1,\"name\":\"Trang ch\u1ee7\",\"item\":\"https:\/\/maison-chance.org\/shop\/\"},{\"@type\":\"ListItem\",\"position\":2,\"name\":\"Shop\",\"item\":\"https:\/\/maison-chance.org\/shop\/shop\"},{\"@type\":\"ListItem\",\"position\":3,\"name\":\"Ba l\u00f4 h\u1ecdc sinh\"}]},{\"@type\":\"WebSite\",\"@id\":\"https:\/\/maison-chance.org\/shop\/#website\",\"url\":\"https:\/\/maison-chance.org\/shop\/\",\"name\":\"Nh\u00e0 May M\u1eafn - Maison Chance\",\"description\":\"M\u1ecdi l\u1ee3i nhu\u1eadn thu v\u1ec1 t\u1eeb vi\u1ec7c b\u00e1n h\u00e0ng s\u1ebd tr\u00edch m\u1ed9t ph\u1ea7n \u0111\u1ec3 ch\u0103m lo cho \u0111\u1eddi s\u1ed1ng c\u00e1c b\u1ea1n khuy\u1ebft t\u1eadt v\u00e0 tr\u1ebb m\u1ed3 c\u00f4i \u1edf \u0111\u00e2y\",\"publisher\":{\"@id\":\"https:\/\/maison-chance.org\/shop\/#organization\"},\"potentialAction\":[{\"@type\":\"SearchAction\",\"target\":{\"@type\":\"EntryPoint\",\"urlTemplate\":\"https:\/\/maison-chance.org\/shop\/?s={search_term_string}\"},\"query-input\":{\"@type\":\"PropertyValueSpecification\",\"valueRequired\":true,\"valueName\":\"search_term_string\"}}],\"inLanguage\":\"vi-VN\"},{\"@type\":\"Organization\",\"@id\":\"https:\/\/maison-chance.org\/shop\/#organization\",\"name\":\"Nh\u00e0 May M\u1eafn - Maison Chance\",\"url\":\"https:\/\/maison-chance.org\/shop\/\",\"logo\":{\"@type\":\"ImageObject\",\"inLanguage\":\"vi-VN\",\"@id\":\"https:\/\/maison-chance.org\/shop\/#\/schema\/logo\/image\/\",\"url\":\"https:\/\/maison-chance.org\/shop\/wp-content\/uploads\/2024\/03\/cropped-Logo_DNXH.png\",\"contentUrl\":\"https:\/\/maison-chance.org\/shop\/wp-content\/uploads\/2024\/03\/cropped-Logo_DNXH.png\",\"width\":512,\"height\":512,\"caption\":\"Nh\u00e0 May M\u1eafn - Maison Chance\"},\"image\":{\"@id\":\"https:\/\/maison-chance.org\/shop\/#\/schema\/logo\/image\/\"},\"sameAs\":[\"https:\/\/www.facebook.com\/dnxh.nhamayman\/\"]}]}<\/script>\n<meta property=\"product:price:amount\" content=\"7.00\" \/>\n<meta property=\"product:price:currency\" content=\"USD\" \/>\n<meta property=\"og:availability\" content=\"instock\" \/>\n<meta property=\"product:availability\" content=\"instock\" \/>\n<meta property=\"product:condition\" content=\"new\" \/>\n<!-- \/ Yoast SEO Premium plugin. -->","yoast_head_json":{"title":"Ba l\u00f4 h\u1ecdc sinh - Nh\u00e0 May M\u1eafn - Maison Chance","description":"Ba l\u00f4 h\u1ecdc sinh TC04BL t\u1eeb Nh\u00e0 May M\u1eafn s\u1ea3n ph\u1ea9m c\u1ee7a ng\u01b0\u1eddi khuy\u1ebft t\u1eadt may th\u1ee7 c\u00f4ng tinh x\u1ea3o, mang \u0111\u1eadm b\u1ea3n s\u1eafc Vi\u1ec7t s\u1ebd l\u00e0 s\u1ef1 l\u1ef1a ch\u1ecdn ho\u00e0n h\u1ea3o d\u00e0nh cho b\u1ea1n.","robots":{"index":"index","follow":"follow","max-snippet":"max-snippet:-1","max-image-preview":"max-image-preview:large","max-video-preview":"max-video-preview:-1"},"canonical":"https:\/\/maison-chance.org\/shop\/san-pham\/ba-lo-hoc-sinh","og_locale":"vi_VN","og_type":"article","og_title":"Ba l\u00f4 h\u1ecdc sinh","og_description":"Ba l\u00f4 h\u1ecdc sinh TC04BL t\u1eeb Nh\u00e0 May M\u1eafn s\u1ea3n ph\u1ea9m c\u1ee7a ng\u01b0\u1eddi khuy\u1ebft t\u1eadt may th\u1ee7 c\u00f4ng tinh x\u1ea3o, mang \u0111\u1eadm b\u1ea3n s\u1eafc Vi\u1ec7t s\u1ebd l\u00e0 s\u1ef1 l\u1ef1a ch\u1ecdn ho\u00e0n h\u1ea3o d\u00e0nh cho b\u1ea1n.","og_url":"https:\/\/maison-chance.org\/shop\/san-pham\/ba-lo-hoc-sinh","og_site_name":"Nh\u00e0 May M\u1eafn - Maison Chance","article_publisher":"https:\/\/www.facebook.com\/dnxh.nhamayman\/","article_modified_time":"2024-11-08T03:02:56+00:00","og_image":[{"width":600,"height":600,"url":"https:\/\/maison-chance.org\/shop\/wp-content\/uploads\/2024\/07\/ba-lo-hoc-sinh-1.jpg","type":"image\/jpeg"}],"twitter_card":"summary_large_image","twitter_misc":{"Gi\u00e1":"7.00&nbsp;&#36;","Availability":"In stock"},"schema":{"@context":"https:\/\/schema.org","@graph":[{"@type":"WebPage","@id":"https:\/\/maison-chance.org\/shop\/san-pham\/ba-lo-hoc-sinh","url":"https:\/\/maison-chance.org\/shop\/san-pham\/ba-lo-hoc-sinh","name":"Ba l\u00f4 h\u1ecdc sinh - Nh\u00e0 May M\u1eafn - Maison Chance","isPartOf":{"@id":"https:\/\/maison-chance.org\/shop\/#website"},"primaryImageOfPage":{"@id":"https:\/\/maison-chance.org\/shop\/san-pham\/ba-lo-hoc-sinh#primaryimage"},"image":{"@id":"https:\/\/maison-chance.org\/shop\/san-pham\/ba-lo-hoc-sinh#primaryimage"},"thumbnailUrl":"https:\/\/maison-chance.org\/shop\/wp-content\/uploads\/2024\/07\/ba-lo-hoc-sinh-1.jpg","datePublished":"2024-07-03T19:11:45+00:00","dateModified":"2024-11-08T03:02:56+00:00","description":"Ba l\u00f4 h\u1ecdc sinh TC04BL t\u1eeb Nh\u00e0 May M\u1eafn s\u1ea3n ph\u1ea9m c\u1ee7a ng\u01b0\u1eddi khuy\u1ebft t\u1eadt may th\u1ee7 c\u00f4ng tinh x\u1ea3o, mang \u0111\u1eadm b\u1ea3n s\u1eafc Vi\u1ec7t s\u1ebd l\u00e0 s\u1ef1 l\u1ef1a ch\u1ecdn ho\u00e0n h\u1ea3o d\u00e0nh cho b\u1ea1n.","breadcrumb":{"@id":"https:\/\/maison-chance.org\/shop\/san-pham\/ba-lo-hoc-sinh#breadcrumb"},"inLanguage":"vi-VN","potentialAction":[{"@type":"ReadAction","target":["https:\/\/maison-chance.org\/shop\/san-pham\/ba-lo-hoc-sinh"]}]},{"@type":"ImageObject","inLanguage":"vi-VN","@id":"https:\/\/maison-chance.org\/shop\/san-pham\/ba-lo-hoc-sinh#primaryimage","url":"https:\/\/maison-chance.org\/shop\/wp-content\/uploads\/2024\/07\/ba-lo-hoc-sinh-1.jpg","contentUrl":"https:\/\/maison-chance.org\/shop\/wp-content\/uploads\/2024\/07\/ba-lo-hoc-sinh-1.jpg","width":600,"height":600,"caption":"Ba l\u00f4 h\u1ecdc sinh"},{"@type":"BreadcrumbList","@id":"https:\/\/maison-chance.org\/shop\/san-pham\/ba-lo-hoc-sinh#breadcrumb","itemListElement":[{"@type":"ListItem","position":1,"name":"Trang ch\u1ee7","item":"https:\/\/maison-chance.org\/shop\/"},{"@type":"ListItem","position":2,"name":"Shop","item":"https:\/\/maison-chance.org\/shop\/shop"},{"@type":"ListItem","position":3,"name":"Ba l\u00f4 h\u1ecdc sinh"}]},{"@type":"WebSite","@id":"https:\/\/maison-chance.org\/shop\/#website","url":"https:\/\/maison-chance.org\/shop\/","name":"Nh\u00e0 May M\u1eafn - Maison Chance","description":"M\u1ecdi l\u1ee3i nhu\u1eadn thu v\u1ec1 t\u1eeb vi\u1ec7c b\u00e1n h\u00e0ng s\u1ebd tr\u00edch m\u1ed9t ph\u1ea7n \u0111\u1ec3 ch\u0103m lo cho \u0111\u1eddi s\u1ed1ng c\u00e1c b\u1ea1n khuy\u1ebft t\u1eadt v\u00e0 tr\u1ebb m\u1ed3 c\u00f4i \u1edf \u0111\u00e2y","publisher":{"@id":"https:\/\/maison-chance.org\/shop\/#organization"},"potentialAction":[{"@type":"SearchAction","target":{"@type":"EntryPoint","urlTemplate":"https:\/\/maison-chance.org\/shop\/?s={search_term_string}"},"query-input":{"@type":"PropertyValueSpecification","valueRequired":true,"valueName":"search_term_string"}}],"inLanguage":"vi-VN"},{"@type":"Organization","@id":"https:\/\/maison-chance.org\/shop\/#organization","name":"Nh\u00e0 May M\u1eafn - Maison Chance","url":"https:\/\/maison-chance.org\/shop\/","logo":{"@type":"ImageObject","inLanguage":"vi-VN","@id":"https:\/\/maison-chance.org\/shop\/#\/schema\/logo\/image\/","url":"https:\/\/maison-chance.org\/shop\/wp-content\/uploads\/2024\/03\/cropped-Logo_DNXH.png","contentUrl":"https:\/\/maison-chance.org\/shop\/wp-content\/uploads\/2024\/03\/cropped-Logo_DNXH.png","width":512,"height":512,"caption":"Nh\u00e0 May M\u1eafn - Maison Chance"},"image":{"@id":"https:\/\/maison-chance.org\/shop\/#\/schema\/logo\/image\/"},"sameAs":["https:\/\/www.facebook.com\/dnxh.nhamayman\/"]}]},"product_price_amount":"7.00","product_price_currency":"USD","og_availability":"instock","product_availability":"instock","product_condition":"new"},"_links":{"self":[{"href":"https:\/\/maison-chance.org\/shop\/wp-json\/wp\/v2\/product\/40199","targetHints":{"allow":["GET"]}}],"collection":[{"href":"https:\/\/maison-chance.org\/shop\/wp-json\/wp\/v2\/product"}],"about":[{"href":"https:\/\/maison-chance.org\/shop\/wp-json\/wp\/v2\/types\/product"}],"wp:featuredmedia":[{"embeddable":true,"href":"https:\/\/maison-chance.org\/shop\/wp-json\/wp\/v2\/media\/40200"}],"wp:attachment":[{"href":"https:\/\/maison-chance.org\/shop\/wp-json\/wp\/v2\/media?parent=40199"}],"wp:term":[{"taxonomy":"product_brand","embeddable":true,"href":"https:\/\/maison-chance.org\/shop\/wp-json\/wp\/v2\/product_brand?post=40199"},{"taxonomy":"product_cat","embeddable":true,"href":"https:\/\/maison-chance.org\/shop\/wp-json\/wp\/v2\/product_cat?post=40199"},{"taxonomy":"product_tag","embeddable":true,"href":"https:\/\/maison-chance.org\/shop\/wp-json\/wp\/v2\/product_tag?post=40199"}],"curies":[{"name":"wp","href":"https:\/\/api.w.org\/{rel}","templated":true}]}}