{"id":40216,"date":"2024-07-04T02:54:27","date_gmt":"2024-07-03T19:54:27","guid":{"rendered":"https:\/\/maison-chance.org\/shop?post_type=product&#038;p=40216"},"modified":"2024-11-08T09:57:37","modified_gmt":"2024-11-08T02:57:37","slug":"ba-lo-chim-canh-cut","status":"publish","type":"product","link":"https:\/\/maison-chance.org\/shop\/san-pham\/ba-lo-chim-canh-cut","title":{"rendered":"Ba l\u00f4 chim c\u00e1nh c\u1ee5t"},"content":{"rendered":"<p style=\"text-align: justify;\">Trong th\u1eddi \u0111\u1ea1i c\u00f4ng ngh\u1ec7 s\u1ed1 b\u00f9ng n\u1ed5 nh\u01b0 hi\u1ec7n nay, nhu c\u1ea7u s\u1edf h\u1eefu m\u1ed9t chi\u1ebfc ba l\u00f4 v\u1eeba ch\u1ea5t l\u01b0\u1ee3ng, ti\u1ec7n d\u1ee5ng l\u1ea1i c\u00f2n mang \u0111\u1eadm phong c\u00e1ch c\u00e1 nh\u00e2n l\u00e0 \u0111i\u1ec1u kh\u00f4ng th\u1ec3 thi\u1ebfu c\u1ee7a m\u1ed7i ng\u01b0\u1eddi. <a href=\"https:\/\/maison-chance.org\/shop\/san-pham\/ba-lo-chim-canh-cut\">Ba l\u00f4 chim c\u00e1nh c\u1ee5t<\/a> c\u1ee7a Nh\u00e0 May M\u1eafn ra \u0111\u1eddi nh\u1eb1m \u0111\u00e1p \u1ee9ng ti\u00eau ch\u00ed n\u00e0y, \u0111\u1ed3ng th\u1eddi mang \u0111\u1ebfn th\u00f4ng \u0111i\u1ec7p nh\u00e2n v\u0103n s\u00e2u s\u1eafc v\u1ec1 s\u1ef1 quan t\u00e2m, s\u1ebb chia v\u00e0 h\u1ed7 tr\u1ee3 ng\u01b0\u1eddi khuy\u1ebft t\u1eadt &#8211; nh\u1eefng ng\u01b0\u1eddi \u0111\u00e3 v\u01b0\u1ee3t qua kh\u00f3 kh\u0103n \u0111\u1ec3 mang \u0111\u1ebfn nh\u1eefng s\u1ea3n ph\u1ea9m ch\u1ea5t l\u01b0\u1ee3ng v\u00e0 b\u1ec1n \u0111\u1eb9p.<\/p>\n<p style=\"text-align: justify;\">Ba l\u00f4 chim c\u00e1nh c\u1ee5t l\u00e0 s\u1ea3n ph\u1ea9m \u0111\u01b0\u1ee3c may th\u1ee7 c\u00f4ng b\u1edfi nh\u1eefng ng\u01b0\u1eddi th\u1ee3 khuy\u1ebft t\u1eadt t\u1ea1i Nh\u00e0 May M\u1eafn. M\u1ed7i \u0111\u01b0\u1eddng may, m\u0169i ch\u1ec9 \u0111\u1ec1u \u0111\u01b0\u1ee3c ch\u0103m ch\u00fat t\u1ec9 m\u1ec9, th\u1ec3 hi\u1ec7n s\u1ef1 t\u1eadn t\u00e2m v\u00e0 l\u00f2ng y\u00eau th\u01b0\u01a1ng v\u00f4 b\u1edd b\u1ebfn c\u1ee7a nh\u1eefng ng\u01b0\u1eddi th\u1ee3 n\u01a1i \u0111\u00e2y.<\/p>\n<p style=\"text-align: justify;\">Ba l\u00f4 chim c\u00e1nh c\u1ee5t \u0111\u01b0\u1ee3c l\u00e0m t\u1eeb ch\u1ea5t li\u1ec7u v\u1ea3i Th\u00e1i cao c\u1ea5p, m\u1ec1m m\u1ea1i v\u00e0 b\u1ec1n \u0111\u1eb9p. Ch\u1ea5t li\u1ec7u n\u00e0y c\u00f3 kh\u1ea3 n\u0103ng ch\u1ed1ng th\u1ea5m n\u01b0\u1edbc t\u1ed1t, gi\u00fap b\u1ea3o v\u1ec7 \u0111\u1ed3 \u0111\u1ea1c b\u00ean trong an to\u00e0n trong m\u1ecdi \u0111i\u1ec1u ki\u1ec7n th\u1eddi ti\u1ebft.<\/p>\n<p style=\"text-align: justify;\"><a href=\"https:\/\/maison-chance.org\/shop\/ba-lo\">Ba l\u00f4<\/a> c\u00f3 k\u00edch th\u01b0\u1edbc 30 x 45 cm, ph\u00f9 h\u1ee3p \u0111\u1ec3 \u0111\u1ef1ng s\u00e1ch v\u1edf, \u0111\u1ed3 d\u00f9ng h\u1ecdc t\u1eadp ho\u1eb7c c\u00e1c v\u1eadt d\u1ee5ng c\u00e1 nh\u00e2n khi \u0111i h\u1ecdc, \u0111i ch\u01a1i. Thi\u1ebft k\u1ebf h\u00ecnh ch\u00fa chim c\u00e1nh c\u1ee5t ng\u1ed9 ngh\u0129nh, \u0111\u00e1ng y\u00eau c\u00f9ng gam m\u00e0u \u0111en tr\u1eafng hi\u1ec7n \u0111\u1ea1i s\u1ebd khi\u1ebfn b\u1ea1n tr\u1edf n\u00ean n\u1ed5i b\u1eadt gi\u1eefa \u0111\u00e1m \u0111\u00f4ng.<\/p>\n<p style=\"text-align: justify;\">Ba l\u00f4 chim c\u00e1nh c\u1ee5t c\u00f3 gi\u00e1 th\u00e0nh h\u1ee3p l\u00fd, ph\u00f9 h\u1ee3p v\u1edbi t\u00fai ti\u1ec1n c\u1ee7a nhi\u1ec1u ng\u01b0\u1eddi ti\u00eau d\u00f9ng, \u0111\u1eb7c bi\u1ec7t l\u00e0 h\u1ecdc sinh, sinh vi\u00ean.<\/p>\n<p style=\"text-align: justify;\">Ba l\u00f4 chim c\u00e1nh c\u1ee5t kh\u00f4ng ch\u1ec9 l\u00e0 m\u1ed9t m\u00f3n \u0111\u1ed3 d\u00f9ng th\u00f4ng th\u01b0\u1eddng m\u00e0 c\u00f2n mang gi\u00e1 tr\u1ecb nh\u00e2n v\u0103n s\u00e2u s\u1eafc. Khi s\u1edf h\u1eefu chi\u1ebfc ba l\u00f4 n\u00e0y, b\u1ea1n kh\u00f4ng ch\u1ec9 c\u00f3 m\u1ed9t ng\u01b0\u1eddi b\u1ea1n \u0111\u1ed3ng h\u00e0nh b\u1ec1n \u0111\u1eb9p m\u00e0 c\u00f2n g\u00f3p ph\u1ea7n h\u1ed7 tr\u1ee3 nh\u1eefng ng\u01b0\u1eddi th\u1ee3 khuy\u1ebft t\u1eadt c\u00f3 c\u01a1 h\u1ed9i h\u1ecdc t\u1eadp v\u00e0 l\u00e0m vi\u1ec7c, h\u00f2a nh\u1eadp v\u1edbi c\u1ed9ng \u0111\u1ed3ng.<\/p>\n<p style=\"text-align: justify;\">Ba l\u00f4 chim c\u00e1nh c\u1ee5t c\u00f3 th\u1ec3 \u0111\u01b0\u1ee3c s\u1eed d\u1ee5ng cho nhi\u1ec1u m\u1ee5c \u0111\u00edch kh\u00e1c nhau nh\u01b0:<\/p>\n<p>&#8211; \u0110\u1ef1ng s\u00e1ch v\u1edf, \u0111\u1ed3 d\u00f9ng h\u1ecdc t\u1eadp<\/p>\n<p style=\"text-align: justify;\">&#8211; \u0110\u1ef1ng c\u00e1c v\u1eadt d\u1ee5ng c\u00e1 nh\u00e2n khi \u0111i h\u1ecdc, \u0111i ch\u01a1i<\/p>\n<p style=\"text-align: justify;\">&#8211; L\u00e0m qu\u00e0 t\u1eb7ng cho con em, b\u1ea1n b\u00e8<\/p>\n<p style=\"text-align: justify;\">&#8211; S\u1eed d\u1ee5ng nh\u01b0 m\u1ed9t m\u00f3n \u0111\u1ed3 trang tr\u00ed \u0111\u1ed9c \u0111\u00e1o<\/p>\n<p style=\"text-align: justify;\">H\u00e3y chung tay \u1ee7ng h\u1ed9 nh\u1eefng ng\u01b0\u1eddi th\u1ee3 khuy\u1ebft t\u1eadt t\u1ea1i Nh\u00e0 May M\u1eafn b\u1eb1ng c\u00e1ch <a href=\"https:\/\/maison-chance.org\/shop\/phong-may\">mua ba l\u00f4 chim c\u00e1nh c\u1ee5t<\/a> ngay h\u00f4m nay! V\u1edbi m\u1ed7i s\u1ea3n ph\u1ea9m \u0111\u01b0\u1ee3c b\u00e1n ra, <a href=\"https:\/\/maison-chance.org\/shop\">Nh\u00e0 May M\u1eafn<\/a> s\u1ebd c\u00f3 th\u00eam ngu\u1ed3n kinh ph\u00ed \u0111\u1ec3 duy tr\u00ec ho\u1ea1t \u0111\u1ed9ng v\u00e0 h\u1ed7 tr\u1ee3 nh\u1eefng ng\u01b0\u1eddi th\u1ee3 khuy\u1ebft t\u1eadt c\u00f3 cu\u1ed9c s\u1ed1ng t\u1ed1t \u0111\u1eb9p h\u01a1n.<\/p>\n","protected":false},"excerpt":{"rendered":"<p style=\"text-align: justify\">S\u1ea3n ph\u1ea9m do c\u00e1c b\u1ea1n khuy\u1ebft t\u1eadt k\u00e9m may m\u1eafn s\u1ea3n xu\u1ea5t th\u1ee7 c\u00f4ng k\u00ednh mong nh\u1eadn \u0111\u01b0\u1ee3c s\u1ef1 \u1ee7ng h\u1ed9 c\u1ee7a Qu\u00fd kh\u00e1ch h\u00e0ng.<\/p>\n<p>Ch\u1ea5t li\u1ec7u: V\u1ea3i Th\u00e1i<\/p>\n<p>Code: TH03BL<\/p>\n<p>K\u00edch th\u01b0\u1edbc : 30 x 45 cm<\/p>\n<p>Hotline : <span style=\"font-size: 20px\"><strong><span style=\"color: #ff0000\">0909 06 25 28<\/span><\/strong><\/span><\/p>\n<p style=\"text-align: justify\">N\u1ebfu b\u1ea1n \u1edf Vi\u1ec7t Nam vui l\u00f2ng li\u00ean h\u1ec7 ch\u00fang t\u00f4i theo s\u1ed1 hotline ho\u1eb7c fanpage doanh nghi\u1ec7p Nh\u00e0 May M\u1eafn ch\u00fang t\u00f4i \u0111\u1ec3 bi\u1ebft gi\u00e1 b\u00e1n t\u1ea1i Vi\u1ec7t Nam.<\/p>\n","protected":false},"featured_media":40217,"template":"","meta":[],"product_brand":[],"product_cat":[142,137],"product_tag":[],"class_list":{"0":"post-40216","1":"product","2":"type-product","3":"status-publish","4":"has-post-thumbnail","6":"product_cat-ba-lo","7":"product_cat-phong-may","9":"first","10":"instock","11":"shipping-taxable","12":"purchasable","13":"product-type-simple"},"yoast_head":"<!-- This site is optimized with the Yoast SEO Premium plugin v22.7 (Yoast SEO v25.3.1) - https:\/\/yoast.com\/wordpress\/plugins\/seo\/ -->\n<title>Ba l\u00f4 chim c\u00e1nh c\u1ee5t - Nh\u00e0 May M\u1eafn - Maison Chance<\/title>\n<meta name=\"description\" content=\"Ba l\u00f4 Chim C\u00e1nh C\u1ee5t l\u00e0 s\u1ea3n ph\u1ea9m \u0111\u01b0\u1ee3c may th\u1ee7 c\u00f4ng b\u1edfi nh\u1eefng ng\u01b0\u1eddi th\u1ee3 khuy\u1ebft t\u1eadt t\u1ea1i Nh\u00e0 May M\u1eafn. M\u1ed7i \u0111\u01b0\u1eddng may, m\u0169i ch\u1ec9 \u0111\u1ec1u \u0111\u01b0\u1ee3c ch\u0103m ch\u00fat t\u1ec9 m\u1ec9\" \/>\n<meta name=\"robots\" content=\"index, follow, max-snippet:-1, max-image-preview:large, max-video-preview:-1\" \/>\n<link rel=\"canonical\" href=\"https:\/\/maison-chance.org\/shop\/san-pham\/ba-lo-chim-canh-cut\" \/>\n<meta property=\"og:locale\" content=\"vi_VN\" \/>\n<meta property=\"og:type\" content=\"article\" \/>\n<meta property=\"og:title\" content=\"Ba l\u00f4 chim c\u00e1nh c\u1ee5t\" \/>\n<meta property=\"og:description\" content=\"Ba l\u00f4 Chim C\u00e1nh C\u1ee5t l\u00e0 s\u1ea3n ph\u1ea9m \u0111\u01b0\u1ee3c may th\u1ee7 c\u00f4ng b\u1edfi nh\u1eefng ng\u01b0\u1eddi th\u1ee3 khuy\u1ebft t\u1eadt t\u1ea1i Nh\u00e0 May M\u1eafn. M\u1ed7i \u0111\u01b0\u1eddng may, m\u0169i ch\u1ec9 \u0111\u1ec1u \u0111\u01b0\u1ee3c ch\u0103m ch\u00fat t\u1ec9 m\u1ec9\" \/>\n<meta property=\"og:url\" content=\"https:\/\/maison-chance.org\/shop\/san-pham\/ba-lo-chim-canh-cut\" \/>\n<meta property=\"og:site_name\" content=\"Nh\u00e0 May M\u1eafn - Maison Chance\" \/>\n<meta property=\"article:publisher\" content=\"https:\/\/www.facebook.com\/dnxh.nhamayman\/\" \/>\n<meta property=\"article:modified_time\" content=\"2024-11-08T02:57:37+00:00\" \/>\n<meta property=\"og:image\" content=\"https:\/\/maison-chance.org\/shop\/wp-content\/uploads\/2024\/07\/ba-lo-chim-canh-cut-vai-thai.jpg\" \/>\n\t<meta property=\"og:image:width\" content=\"600\" \/>\n\t<meta property=\"og:image:height\" content=\"600\" \/>\n\t<meta property=\"og:image:type\" content=\"image\/jpeg\" \/>\n<meta name=\"twitter:card\" content=\"summary_large_image\" \/>\n<meta name=\"twitter:label1\" content=\"Gi\u00e1\" \/>\n\t<meta name=\"twitter:data1\" content=\"14.80&nbsp;&#036;\" \/>\n\t<meta name=\"twitter:label2\" content=\"Availability\" \/>\n\t<meta name=\"twitter:data2\" content=\"In stock\" \/>\n<script type=\"application\/ld+json\" class=\"yoast-schema-graph\">{\"@context\":\"https:\/\/schema.org\",\"@graph\":[{\"@type\":\"WebPage\",\"@id\":\"https:\/\/maison-chance.org\/shop\/san-pham\/ba-lo-chim-canh-cut\",\"url\":\"https:\/\/maison-chance.org\/shop\/san-pham\/ba-lo-chim-canh-cut\",\"name\":\"Ba l\u00f4 chim c\u00e1nh c\u1ee5t - Nh\u00e0 May M\u1eafn - Maison Chance\",\"isPartOf\":{\"@id\":\"https:\/\/maison-chance.org\/shop\/#website\"},\"primaryImageOfPage\":{\"@id\":\"https:\/\/maison-chance.org\/shop\/san-pham\/ba-lo-chim-canh-cut#primaryimage\"},\"image\":{\"@id\":\"https:\/\/maison-chance.org\/shop\/san-pham\/ba-lo-chim-canh-cut#primaryimage\"},\"thumbnailUrl\":\"https:\/\/maison-chance.org\/shop\/wp-content\/uploads\/2024\/07\/ba-lo-chim-canh-cut-vai-thai.jpg\",\"datePublished\":\"2024-07-03T19:54:27+00:00\",\"dateModified\":\"2024-11-08T02:57:37+00:00\",\"description\":\"Ba l\u00f4 Chim C\u00e1nh C\u1ee5t l\u00e0 s\u1ea3n ph\u1ea9m \u0111\u01b0\u1ee3c may th\u1ee7 c\u00f4ng b\u1edfi nh\u1eefng ng\u01b0\u1eddi th\u1ee3 khuy\u1ebft t\u1eadt t\u1ea1i Nh\u00e0 May M\u1eafn. M\u1ed7i \u0111\u01b0\u1eddng may, m\u0169i ch\u1ec9 \u0111\u1ec1u \u0111\u01b0\u1ee3c ch\u0103m ch\u00fat t\u1ec9 m\u1ec9\",\"breadcrumb\":{\"@id\":\"https:\/\/maison-chance.org\/shop\/san-pham\/ba-lo-chim-canh-cut#breadcrumb\"},\"inLanguage\":\"vi-VN\",\"potentialAction\":[{\"@type\":\"ReadAction\",\"target\":[\"https:\/\/maison-chance.org\/shop\/san-pham\/ba-lo-chim-canh-cut\"]}]},{\"@type\":\"ImageObject\",\"inLanguage\":\"vi-VN\",\"@id\":\"https:\/\/maison-chance.org\/shop\/san-pham\/ba-lo-chim-canh-cut#primaryimage\",\"url\":\"https:\/\/maison-chance.org\/shop\/wp-content\/uploads\/2024\/07\/ba-lo-chim-canh-cut-vai-thai.jpg\",\"contentUrl\":\"https:\/\/maison-chance.org\/shop\/wp-content\/uploads\/2024\/07\/ba-lo-chim-canh-cut-vai-thai.jpg\",\"width\":600,\"height\":600,\"caption\":\"Ba l\u00f4 chim c\u00e1nh c\u1ee5t\"},{\"@type\":\"BreadcrumbList\",\"@id\":\"https:\/\/maison-chance.org\/shop\/san-pham\/ba-lo-chim-canh-cut#breadcrumb\",\"itemListElement\":[{\"@type\":\"ListItem\",\"position\":1,\"name\":\"Trang ch\u1ee7\",\"item\":\"https:\/\/maison-chance.org\/shop\/\"},{\"@type\":\"ListItem\",\"position\":2,\"name\":\"Shop\",\"item\":\"https:\/\/maison-chance.org\/shop\/shop\"},{\"@type\":\"ListItem\",\"position\":3,\"name\":\"Ba l\u00f4 chim c\u00e1nh c\u1ee5t\"}]},{\"@type\":\"WebSite\",\"@id\":\"https:\/\/maison-chance.org\/shop\/#website\",\"url\":\"https:\/\/maison-chance.org\/shop\/\",\"name\":\"Nh\u00e0 May M\u1eafn - Maison Chance\",\"description\":\"M\u1ecdi l\u1ee3i nhu\u1eadn thu v\u1ec1 t\u1eeb vi\u1ec7c b\u00e1n h\u00e0ng s\u1ebd tr\u00edch m\u1ed9t ph\u1ea7n \u0111\u1ec3 ch\u0103m lo cho \u0111\u1eddi s\u1ed1ng c\u00e1c b\u1ea1n khuy\u1ebft t\u1eadt v\u00e0 tr\u1ebb m\u1ed3 c\u00f4i \u1edf \u0111\u00e2y\",\"publisher\":{\"@id\":\"https:\/\/maison-chance.org\/shop\/#organization\"},\"potentialAction\":[{\"@type\":\"SearchAction\",\"target\":{\"@type\":\"EntryPoint\",\"urlTemplate\":\"https:\/\/maison-chance.org\/shop\/?s={search_term_string}\"},\"query-input\":{\"@type\":\"PropertyValueSpecification\",\"valueRequired\":true,\"valueName\":\"search_term_string\"}}],\"inLanguage\":\"vi-VN\"},{\"@type\":\"Organization\",\"@id\":\"https:\/\/maison-chance.org\/shop\/#organization\",\"name\":\"Nh\u00e0 May M\u1eafn - Maison Chance\",\"url\":\"https:\/\/maison-chance.org\/shop\/\",\"logo\":{\"@type\":\"ImageObject\",\"inLanguage\":\"vi-VN\",\"@id\":\"https:\/\/maison-chance.org\/shop\/#\/schema\/logo\/image\/\",\"url\":\"https:\/\/maison-chance.org\/shop\/wp-content\/uploads\/2024\/03\/cropped-Logo_DNXH.png\",\"contentUrl\":\"https:\/\/maison-chance.org\/shop\/wp-content\/uploads\/2024\/03\/cropped-Logo_DNXH.png\",\"width\":512,\"height\":512,\"caption\":\"Nh\u00e0 May M\u1eafn - Maison Chance\"},\"image\":{\"@id\":\"https:\/\/maison-chance.org\/shop\/#\/schema\/logo\/image\/\"},\"sameAs\":[\"https:\/\/www.facebook.com\/dnxh.nhamayman\/\"]}]}<\/script>\n<meta property=\"product:price:amount\" content=\"14.80\" \/>\n<meta property=\"product:price:currency\" content=\"USD\" \/>\n<meta property=\"og:availability\" content=\"instock\" \/>\n<meta property=\"product:availability\" content=\"instock\" \/>\n<meta property=\"product:condition\" content=\"new\" \/>\n<!-- \/ Yoast SEO Premium plugin. -->","yoast_head_json":{"title":"Ba l\u00f4 chim c\u00e1nh c\u1ee5t - Nh\u00e0 May M\u1eafn - Maison Chance","description":"Ba l\u00f4 Chim C\u00e1nh C\u1ee5t l\u00e0 s\u1ea3n ph\u1ea9m \u0111\u01b0\u1ee3c may th\u1ee7 c\u00f4ng b\u1edfi nh\u1eefng ng\u01b0\u1eddi th\u1ee3 khuy\u1ebft t\u1eadt t\u1ea1i Nh\u00e0 May M\u1eafn. M\u1ed7i \u0111\u01b0\u1eddng may, m\u0169i ch\u1ec9 \u0111\u1ec1u \u0111\u01b0\u1ee3c ch\u0103m ch\u00fat t\u1ec9 m\u1ec9","robots":{"index":"index","follow":"follow","max-snippet":"max-snippet:-1","max-image-preview":"max-image-preview:large","max-video-preview":"max-video-preview:-1"},"canonical":"https:\/\/maison-chance.org\/shop\/san-pham\/ba-lo-chim-canh-cut","og_locale":"vi_VN","og_type":"article","og_title":"Ba l\u00f4 chim c\u00e1nh c\u1ee5t","og_description":"Ba l\u00f4 Chim C\u00e1nh C\u1ee5t l\u00e0 s\u1ea3n ph\u1ea9m \u0111\u01b0\u1ee3c may th\u1ee7 c\u00f4ng b\u1edfi nh\u1eefng ng\u01b0\u1eddi th\u1ee3 khuy\u1ebft t\u1eadt t\u1ea1i Nh\u00e0 May M\u1eafn. M\u1ed7i \u0111\u01b0\u1eddng may, m\u0169i ch\u1ec9 \u0111\u1ec1u \u0111\u01b0\u1ee3c ch\u0103m ch\u00fat t\u1ec9 m\u1ec9","og_url":"https:\/\/maison-chance.org\/shop\/san-pham\/ba-lo-chim-canh-cut","og_site_name":"Nh\u00e0 May M\u1eafn - Maison Chance","article_publisher":"https:\/\/www.facebook.com\/dnxh.nhamayman\/","article_modified_time":"2024-11-08T02:57:37+00:00","og_image":[{"width":600,"height":600,"url":"https:\/\/maison-chance.org\/shop\/wp-content\/uploads\/2024\/07\/ba-lo-chim-canh-cut-vai-thai.jpg","type":"image\/jpeg"}],"twitter_card":"summary_large_image","twitter_misc":{"Gi\u00e1":"14.80&nbsp;&#36;","Availability":"In stock"},"schema":{"@context":"https:\/\/schema.org","@graph":[{"@type":"WebPage","@id":"https:\/\/maison-chance.org\/shop\/san-pham\/ba-lo-chim-canh-cut","url":"https:\/\/maison-chance.org\/shop\/san-pham\/ba-lo-chim-canh-cut","name":"Ba l\u00f4 chim c\u00e1nh c\u1ee5t - Nh\u00e0 May M\u1eafn - Maison Chance","isPartOf":{"@id":"https:\/\/maison-chance.org\/shop\/#website"},"primaryImageOfPage":{"@id":"https:\/\/maison-chance.org\/shop\/san-pham\/ba-lo-chim-canh-cut#primaryimage"},"image":{"@id":"https:\/\/maison-chance.org\/shop\/san-pham\/ba-lo-chim-canh-cut#primaryimage"},"thumbnailUrl":"https:\/\/maison-chance.org\/shop\/wp-content\/uploads\/2024\/07\/ba-lo-chim-canh-cut-vai-thai.jpg","datePublished":"2024-07-03T19:54:27+00:00","dateModified":"2024-11-08T02:57:37+00:00","description":"Ba l\u00f4 Chim C\u00e1nh C\u1ee5t l\u00e0 s\u1ea3n ph\u1ea9m \u0111\u01b0\u1ee3c may th\u1ee7 c\u00f4ng b\u1edfi nh\u1eefng ng\u01b0\u1eddi th\u1ee3 khuy\u1ebft t\u1eadt t\u1ea1i Nh\u00e0 May M\u1eafn. M\u1ed7i \u0111\u01b0\u1eddng may, m\u0169i ch\u1ec9 \u0111\u1ec1u \u0111\u01b0\u1ee3c ch\u0103m ch\u00fat t\u1ec9 m\u1ec9","breadcrumb":{"@id":"https:\/\/maison-chance.org\/shop\/san-pham\/ba-lo-chim-canh-cut#breadcrumb"},"inLanguage":"vi-VN","potentialAction":[{"@type":"ReadAction","target":["https:\/\/maison-chance.org\/shop\/san-pham\/ba-lo-chim-canh-cut"]}]},{"@type":"ImageObject","inLanguage":"vi-VN","@id":"https:\/\/maison-chance.org\/shop\/san-pham\/ba-lo-chim-canh-cut#primaryimage","url":"https:\/\/maison-chance.org\/shop\/wp-content\/uploads\/2024\/07\/ba-lo-chim-canh-cut-vai-thai.jpg","contentUrl":"https:\/\/maison-chance.org\/shop\/wp-content\/uploads\/2024\/07\/ba-lo-chim-canh-cut-vai-thai.jpg","width":600,"height":600,"caption":"Ba l\u00f4 chim c\u00e1nh c\u1ee5t"},{"@type":"BreadcrumbList","@id":"https:\/\/maison-chance.org\/shop\/san-pham\/ba-lo-chim-canh-cut#breadcrumb","itemListElement":[{"@type":"ListItem","position":1,"name":"Trang ch\u1ee7","item":"https:\/\/maison-chance.org\/shop\/"},{"@type":"ListItem","position":2,"name":"Shop","item":"https:\/\/maison-chance.org\/shop\/shop"},{"@type":"ListItem","position":3,"name":"Ba l\u00f4 chim c\u00e1nh c\u1ee5t"}]},{"@type":"WebSite","@id":"https:\/\/maison-chance.org\/shop\/#website","url":"https:\/\/maison-chance.org\/shop\/","name":"Nh\u00e0 May M\u1eafn - Maison Chance","description":"M\u1ecdi l\u1ee3i nhu\u1eadn thu v\u1ec1 t\u1eeb vi\u1ec7c b\u00e1n h\u00e0ng s\u1ebd tr\u00edch m\u1ed9t ph\u1ea7n \u0111\u1ec3 ch\u0103m lo cho \u0111\u1eddi s\u1ed1ng c\u00e1c b\u1ea1n khuy\u1ebft t\u1eadt v\u00e0 tr\u1ebb m\u1ed3 c\u00f4i \u1edf \u0111\u00e2y","publisher":{"@id":"https:\/\/maison-chance.org\/shop\/#organization"},"potentialAction":[{"@type":"SearchAction","target":{"@type":"EntryPoint","urlTemplate":"https:\/\/maison-chance.org\/shop\/?s={search_term_string}"},"query-input":{"@type":"PropertyValueSpecification","valueRequired":true,"valueName":"search_term_string"}}],"inLanguage":"vi-VN"},{"@type":"Organization","@id":"https:\/\/maison-chance.org\/shop\/#organization","name":"Nh\u00e0 May M\u1eafn - Maison Chance","url":"https:\/\/maison-chance.org\/shop\/","logo":{"@type":"ImageObject","inLanguage":"vi-VN","@id":"https:\/\/maison-chance.org\/shop\/#\/schema\/logo\/image\/","url":"https:\/\/maison-chance.org\/shop\/wp-content\/uploads\/2024\/03\/cropped-Logo_DNXH.png","contentUrl":"https:\/\/maison-chance.org\/shop\/wp-content\/uploads\/2024\/03\/cropped-Logo_DNXH.png","width":512,"height":512,"caption":"Nh\u00e0 May M\u1eafn - Maison Chance"},"image":{"@id":"https:\/\/maison-chance.org\/shop\/#\/schema\/logo\/image\/"},"sameAs":["https:\/\/www.facebook.com\/dnxh.nhamayman\/"]}]},"product_price_amount":"14.80","product_price_currency":"USD","og_availability":"instock","product_availability":"instock","product_condition":"new"},"_links":{"self":[{"href":"https:\/\/maison-chance.org\/shop\/wp-json\/wp\/v2\/product\/40216","targetHints":{"allow":["GET"]}}],"collection":[{"href":"https:\/\/maison-chance.org\/shop\/wp-json\/wp\/v2\/product"}],"about":[{"href":"https:\/\/maison-chance.org\/shop\/wp-json\/wp\/v2\/types\/product"}],"wp:featuredmedia":[{"embeddable":true,"href":"https:\/\/maison-chance.org\/shop\/wp-json\/wp\/v2\/media\/40217"}],"wp:attachment":[{"href":"https:\/\/maison-chance.org\/shop\/wp-json\/wp\/v2\/media?parent=40216"}],"wp:term":[{"taxonomy":"product_brand","embeddable":true,"href":"https:\/\/maison-chance.org\/shop\/wp-json\/wp\/v2\/product_brand?post=40216"},{"taxonomy":"product_cat","embeddable":true,"href":"https:\/\/maison-chance.org\/shop\/wp-json\/wp\/v2\/product_cat?post=40216"},{"taxonomy":"product_tag","embeddable":true,"href":"https:\/\/maison-chance.org\/shop\/wp-json\/wp\/v2\/product_tag?post=40216"}],"curies":[{"name":"wp","href":"https:\/\/api.w.org\/{rel}","templated":true}]}}