{"id":40225,"date":"2024-07-04T03:19:35","date_gmt":"2024-07-03T20:19:35","guid":{"rendered":"https:\/\/maison-chance.org\/shop?post_type=product&#038;p=40225"},"modified":"2024-11-11T12:57:33","modified_gmt":"2024-11-11T05:57:33","slug":"ba-lo-chim-canh-cut-2","status":"publish","type":"product","link":"https:\/\/maison-chance.org\/shop\/san-pham\/ba-lo-chim-canh-cut-2","title":{"rendered":"Ba l\u00f4 chim c\u00e1nh c\u1ee5t"},"content":{"rendered":"<p style=\"text-align: justify\"><a href=\"https:\/\/maison-chance.org\/shop\/san-pham\/ba-lo-chim-canh-cut-2\">Ba l\u00f4 Chim C\u00e1nh C\u1ee5t<\/a> l\u00e0 m\u1ed9t s\u1ea3n ph\u1ea9m th\u1ee7 c\u00f4ng tinh x\u1ea3o, \u0111\u01b0\u1ee3c may ho\u00e0n to\u00e0n b\u1edfi nh\u1eefng ng\u01b0\u1eddi th\u1ee3 khuy\u1ebft t\u1eadt t\u1ea1i Nh\u00e0 May M\u1eafn. M\u1ed7i \u0111\u01b0\u1eddng may, m\u0169i ch\u1ec9 \u0111\u1ec1u \u0111\u01b0\u1ee3c ch\u0103m ch\u00fat t\u1ec9 m\u1ec9, th\u1ec3 hi\u1ec7n s\u1ef1 t\u1eadn t\u00e2m v\u00e0 t\u00ecnh y\u00eau ngh\u1ec1 v\u00f4 b\u1edd b\u1ebfn c\u1ee7a nh\u1eefng ng\u01b0\u1eddi th\u1ee3 may n\u01a1i \u0111\u00e2y.<\/p>\n<p style=\"text-align: justify\">Ba l\u00f4 chim c\u00e1nh c\u1ee5t \u0111\u01b0\u1ee3c l\u00e0m t\u1eeb ch\u1ea5t li\u1ec7u v\u1ea3i th\u1ed5 c\u1ea9m cao c\u1ea5p, \u0111\u01b0\u1ee3c d\u1ec7t th\u1ee7 c\u00f4ng t\u1eeb nh\u1eefng s\u1ee3i len, s\u1ee3i cotton m\u1ec1m m\u1ea1i, b\u1ec1n \u0111\u1eb9p. Ch\u1ea5t li\u1ec7u n\u00e0y c\u00f3 kh\u1ea3 n\u0103ng ch\u1ed1ng th\u1ea5m n\u01b0\u1edbc v\u01b0\u1ee3t tr\u1ed9i, gi\u00fap b\u1ea3o v\u1ec7 \u0111\u1ed3 \u0111\u1ea1c b\u00ean trong an to\u00e0n trong m\u1ecdi \u0111i\u1ec1u ki\u1ec7n th\u1eddi ti\u1ebft.<\/p>\n<p style=\"text-align: justify\"><a href=\"https:\/\/maison-chance.org\/shop\/ba-lo\">Ba l\u00f4<\/a> c\u00f3 k\u00edch th\u01b0\u1edbc 30 x 45 cm, ph\u00f9 h\u1ee3p \u0111\u1ec3 \u0111\u1ef1ng s\u00e1ch v\u1edf, \u0111\u1ed3 d\u00f9ng h\u1ecdc t\u1eadp ho\u1eb7c c\u00e1c v\u1eadt d\u1ee5ng c\u00e1 nh\u00e2n khi \u0111i h\u1ecdc, \u0111i ch\u01a1i. Thi\u1ebft k\u1ebf h\u00ecnh ch\u00fa chim c\u00e1nh c\u1ee5t ng\u1ed9 ngh\u0129nh, \u0111\u00e1ng y\u00eau c\u00f9ng gam m\u00e0u \u0111\u1ecf, xanh hi\u1ec7n \u0111\u1ea1i s\u1ebd khi\u1ebfn b\u1ea1n tr\u1edf n\u00ean n\u1ed5i b\u1eadt gi\u1eefa \u0111\u00e1m \u0111\u00f4ng.<\/p>\n<p style=\"text-align: justify\">Ba l\u00f4 chim c\u00e1nh c\u1ee5t c\u00f3 gi\u00e1 th\u00e0nh h\u1ee3p l\u00fd. \u0110\u00e2y l\u00e0 m\u1ee9c gi\u00e1 ph\u00f9 h\u1ee3p v\u1edbi t\u00fai ti\u1ec1n c\u1ee7a nhi\u1ec1u ng\u01b0\u1eddi ti\u00eau d\u00f9ng, \u0111\u1eb7c bi\u1ec7t l\u00e0 h\u1ecdc sinh, sinh vi\u00ean.<\/p>\n<p style=\"text-align: justify\">V\u1edbi m\u1ee9c gi\u00e1 h\u1ee3p l\u00fd, ba l\u00f4 chim c\u00e1nh c\u1ee5t kh\u00f4ng ch\u1ec9 l\u00e0 m\u00f3n \u0111\u1ed3 d\u00f9ng ti\u1ec7n \u00edch m\u00e0 c\u00f2n l\u00e0 s\u1ea3n ph\u1ea9m mang gi\u00e1 tr\u1ecb nh\u00e2n v\u0103n s\u00e2u s\u1eafc. M\u1ed7i chi\u1ebfc ba l\u00f4 b\u1ea1n mua kh\u00f4ng ch\u1ec9 mang \u0111\u1ebfn cho b\u1ea3n th\u00e2n m\u1ed9t s\u1ea3n ph\u1ea9m ch\u1ea5t l\u01b0\u1ee3ng, m\u00e0 c\u00f2n g\u00f3p ph\u1ea7n t\u1ea1o c\u01a1 h\u1ed9i h\u1ecdc t\u1eadp v\u00e0 c\u00f4ng vi\u1ec7c cho nh\u1eefng ng\u01b0\u1eddi th\u1ee3 khuy\u1ebft t\u1eadt, gi\u00fap h\u1ecd h\u00f2a nh\u1eadp v\u00e0 ph\u00e1t tri\u1ec3n trong c\u1ed9ng \u0111\u1ed3ng.<\/p>\n<p style=\"text-align: justify\">Ba l\u00f4 chim c\u00e1nh c\u1ee5t c\u00f3 th\u1ec3 \u0111\u01b0\u1ee3c s\u1eed d\u1ee5ng cho nhi\u1ec1u m\u1ee5c \u0111\u00edch kh\u00e1c nhau nh\u01b0:<\/p>\n<p style=\"text-align: justify\">&#8211; \u0110\u1ef1ng s\u00e1ch v\u1edf, \u0111\u1ed3 d\u00f9ng h\u1ecdc t\u1eadp<\/p>\n<p style=\"text-align: justify\">&#8211; \u0110\u1ef1ng c\u00e1c v\u1eadt d\u1ee5ng c\u00e1 nh\u00e2n khi \u0111i h\u1ecdc, \u0111i ch\u01a1i<\/p>\n<p style=\"text-align: justify\">&#8211; L\u00e0m qu\u00e0 t\u1eb7ng cho con em, b\u1ea1n b\u00e8<\/p>\n<p style=\"text-align: justify\">&#8211; S\u1eed d\u1ee5ng nh\u01b0 m\u1ed9t m\u00f3n \u0111\u1ed3 trang tr\u00ed \u0111\u1ed9c \u0111\u00e1o<\/p>\n<p style=\"text-align: justify\">H\u00e3y s\u1edf h\u1eefu ngay chi\u1ebfc ba l\u00f4 chim c\u00e1nh c\u1ee5t n\u00e0y \u0111\u1ec3 th\u1ec3 hi\u1ec7n s\u1ef1 quan t\u00e2m, s\u1ebb chia v\u00e0 \u1ee7ng h\u1ed9 nh\u1eefng ng\u01b0\u1eddi th\u1ee3 khuy\u1ebft t\u1eadt t\u1ea1i Nh\u00e0 May M\u1eafn. M\u1ed7i s\u1ea3n ph\u1ea9m b\u1ea1n mua ch\u00ednh l\u00e0 m\u1ed9t b\u01b0\u1edbc g\u00f3p ph\u1ea7n thay \u0111\u1ed5i cu\u1ed9c s\u1ed1ng c\u1ee7a nh\u1eefng ng\u01b0\u1eddi th\u1ee3 k\u00e9m may m\u1eafn nh\u01b0ng l\u1ea1i r\u1ea5t kh\u00e9o tay c\u1ee7a ch\u00fang t\u00f4i!<\/p>\n","protected":false},"excerpt":{"rendered":"<p style=\"text-align: justify\">S\u1ea3n ph\u1ea9m do c\u00e1c b\u1ea1n khuy\u1ebft t\u1eadt k\u00e9m may m\u1eafn s\u1ea3n xu\u1ea5t th\u1ee7 c\u00f4ng k\u00ednh mong nh\u1eadn \u0111\u01b0\u1ee3c s\u1ef1 \u1ee7ng h\u1ed9 c\u1ee7a Qu\u00fd kh\u00e1ch h\u00e0ng.<\/p>\n<p>Ch\u1ea5t li\u1ec7u: V\u1ea3i th\u1ed5 c\u1ea9m<\/p>\n<p>Code: TC02BL<\/p>\n<p>K\u00edch th\u01b0\u1edbc : 30 x 45 cm<\/p>\n<p>Hotline : <span style=\"font-size: 20px\"><strong><span style=\"color: #ff0000\">0909 06 25 28<\/span><\/strong><\/span><\/p>\n<p style=\"text-align: justify\">N\u1ebfu b\u1ea1n \u1edf Vi\u1ec7t Nam vui l\u00f2ng li\u00ean h\u1ec7 ch\u00fang t\u00f4i theo s\u1ed1 hotline ho\u1eb7c fanpage doanh nghi\u1ec7p Nh\u00e0 May M\u1eafn ch\u00fang t\u00f4i \u0111\u1ec3 bi\u1ebft gi\u00e1 b\u00e1n t\u1ea1i Vi\u1ec7t Nam.<\/p>\n","protected":false},"featured_media":40227,"template":"","meta":[],"product_brand":[],"product_cat":[142,137],"product_tag":[],"class_list":{"0":"post-40225","1":"product","2":"type-product","3":"status-publish","4":"has-post-thumbnail","6":"product_cat-ba-lo","7":"product_cat-phong-may","9":"first","10":"instock","11":"shipping-taxable","12":"purchasable","13":"product-type-simple"},"yoast_head":"<!-- This site is optimized with the Yoast SEO Premium plugin v22.7 (Yoast SEO v25.3.1) - https:\/\/yoast.com\/wordpress\/plugins\/seo\/ -->\n<title>Ba l\u00f4 chim c\u00e1nh c\u1ee5t - Nh\u00e0 May M\u1eafn - Maison Chance<\/title>\n<meta name=\"description\" content=\"Ba l\u00f4 Chim C\u00e1nh C\u1ee5t l\u00e0 s\u1ea3n ph\u1ea9m \u0111\u01b0\u1ee3c may th\u1ee7 c\u00f4ng b\u1edfi nh\u1eefng ng\u01b0\u1eddi th\u1ee3 khuy\u1ebft t\u1eadt t\u1ea1i Nh\u00e0 May M\u1eafn, k\u00edch th\u01b0\u1edbc 30 x 45 cm, ph\u00f9 h\u1ee3p \u0111\u1ec3 \u0111\u1ef1ng s\u00e1ch v\u1edf\" \/>\n<meta name=\"robots\" content=\"index, follow, max-snippet:-1, max-image-preview:large, max-video-preview:-1\" \/>\n<link rel=\"canonical\" href=\"https:\/\/maison-chance.org\/shop\/san-pham\/ba-lo-chim-canh-cut-2\" \/>\n<meta property=\"og:locale\" content=\"vi_VN\" \/>\n<meta property=\"og:type\" content=\"article\" \/>\n<meta property=\"og:title\" content=\"Ba l\u00f4 chim c\u00e1nh c\u1ee5t\" \/>\n<meta property=\"og:description\" content=\"Ba l\u00f4 Chim C\u00e1nh C\u1ee5t l\u00e0 s\u1ea3n ph\u1ea9m \u0111\u01b0\u1ee3c may th\u1ee7 c\u00f4ng b\u1edfi nh\u1eefng ng\u01b0\u1eddi th\u1ee3 khuy\u1ebft t\u1eadt t\u1ea1i Nh\u00e0 May M\u1eafn, k\u00edch th\u01b0\u1edbc 30 x 45 cm, ph\u00f9 h\u1ee3p \u0111\u1ec3 \u0111\u1ef1ng s\u00e1ch v\u1edf\" \/>\n<meta property=\"og:url\" content=\"https:\/\/maison-chance.org\/shop\/san-pham\/ba-lo-chim-canh-cut-2\" \/>\n<meta property=\"og:site_name\" content=\"Nh\u00e0 May M\u1eafn - Maison Chance\" \/>\n<meta property=\"article:publisher\" content=\"https:\/\/www.facebook.com\/dnxh.nhamayman\/\" \/>\n<meta property=\"article:modified_time\" content=\"2024-11-11T05:57:33+00:00\" \/>\n<meta property=\"og:image\" content=\"https:\/\/maison-chance.org\/shop\/wp-content\/uploads\/2024\/07\/ba-lo-chim-canh-cut-1.jpg\" \/>\n\t<meta property=\"og:image:width\" content=\"600\" \/>\n\t<meta property=\"og:image:height\" content=\"600\" \/>\n\t<meta property=\"og:image:type\" content=\"image\/jpeg\" \/>\n<meta name=\"twitter:card\" content=\"summary_large_image\" \/>\n<meta name=\"twitter:label1\" content=\"Gi\u00e1\" \/>\n\t<meta name=\"twitter:data1\" content=\"11.80&nbsp;&#036;\" \/>\n\t<meta name=\"twitter:label2\" content=\"Availability\" \/>\n\t<meta name=\"twitter:data2\" content=\"In stock\" \/>\n<script type=\"application\/ld+json\" class=\"yoast-schema-graph\">{\"@context\":\"https:\/\/schema.org\",\"@graph\":[{\"@type\":\"WebPage\",\"@id\":\"https:\/\/maison-chance.org\/shop\/san-pham\/ba-lo-chim-canh-cut-2\",\"url\":\"https:\/\/maison-chance.org\/shop\/san-pham\/ba-lo-chim-canh-cut-2\",\"name\":\"Ba l\u00f4 chim c\u00e1nh c\u1ee5t - Nh\u00e0 May M\u1eafn - Maison Chance\",\"isPartOf\":{\"@id\":\"https:\/\/maison-chance.org\/shop\/#website\"},\"primaryImageOfPage\":{\"@id\":\"https:\/\/maison-chance.org\/shop\/san-pham\/ba-lo-chim-canh-cut-2#primaryimage\"},\"image\":{\"@id\":\"https:\/\/maison-chance.org\/shop\/san-pham\/ba-lo-chim-canh-cut-2#primaryimage\"},\"thumbnailUrl\":\"https:\/\/maison-chance.org\/shop\/wp-content\/uploads\/2024\/07\/ba-lo-chim-canh-cut-1.jpg\",\"datePublished\":\"2024-07-03T20:19:35+00:00\",\"dateModified\":\"2024-11-11T05:57:33+00:00\",\"description\":\"Ba l\u00f4 Chim C\u00e1nh C\u1ee5t l\u00e0 s\u1ea3n ph\u1ea9m \u0111\u01b0\u1ee3c may th\u1ee7 c\u00f4ng b\u1edfi nh\u1eefng ng\u01b0\u1eddi th\u1ee3 khuy\u1ebft t\u1eadt t\u1ea1i Nh\u00e0 May M\u1eafn, k\u00edch th\u01b0\u1edbc 30 x 45 cm, ph\u00f9 h\u1ee3p \u0111\u1ec3 \u0111\u1ef1ng s\u00e1ch v\u1edf\",\"breadcrumb\":{\"@id\":\"https:\/\/maison-chance.org\/shop\/san-pham\/ba-lo-chim-canh-cut-2#breadcrumb\"},\"inLanguage\":\"vi-VN\",\"potentialAction\":[{\"@type\":\"ReadAction\",\"target\":[\"https:\/\/maison-chance.org\/shop\/san-pham\/ba-lo-chim-canh-cut-2\"]}]},{\"@type\":\"ImageObject\",\"inLanguage\":\"vi-VN\",\"@id\":\"https:\/\/maison-chance.org\/shop\/san-pham\/ba-lo-chim-canh-cut-2#primaryimage\",\"url\":\"https:\/\/maison-chance.org\/shop\/wp-content\/uploads\/2024\/07\/ba-lo-chim-canh-cut-1.jpg\",\"contentUrl\":\"https:\/\/maison-chance.org\/shop\/wp-content\/uploads\/2024\/07\/ba-lo-chim-canh-cut-1.jpg\",\"width\":600,\"height\":600,\"caption\":\"Ba l\u00f4 chim c\u00e1nh c\u1ee5t\"},{\"@type\":\"BreadcrumbList\",\"@id\":\"https:\/\/maison-chance.org\/shop\/san-pham\/ba-lo-chim-canh-cut-2#breadcrumb\",\"itemListElement\":[{\"@type\":\"ListItem\",\"position\":1,\"name\":\"Trang ch\u1ee7\",\"item\":\"https:\/\/maison-chance.org\/shop\/\"},{\"@type\":\"ListItem\",\"position\":2,\"name\":\"Shop\",\"item\":\"https:\/\/maison-chance.org\/shop\/shop\"},{\"@type\":\"ListItem\",\"position\":3,\"name\":\"Ba l\u00f4 chim c\u00e1nh c\u1ee5t\"}]},{\"@type\":\"WebSite\",\"@id\":\"https:\/\/maison-chance.org\/shop\/#website\",\"url\":\"https:\/\/maison-chance.org\/shop\/\",\"name\":\"Nh\u00e0 May M\u1eafn - Maison Chance\",\"description\":\"M\u1ecdi l\u1ee3i nhu\u1eadn thu v\u1ec1 t\u1eeb vi\u1ec7c b\u00e1n h\u00e0ng s\u1ebd tr\u00edch m\u1ed9t ph\u1ea7n \u0111\u1ec3 ch\u0103m lo cho \u0111\u1eddi s\u1ed1ng c\u00e1c b\u1ea1n khuy\u1ebft t\u1eadt v\u00e0 tr\u1ebb m\u1ed3 c\u00f4i \u1edf \u0111\u00e2y\",\"publisher\":{\"@id\":\"https:\/\/maison-chance.org\/shop\/#organization\"},\"potentialAction\":[{\"@type\":\"SearchAction\",\"target\":{\"@type\":\"EntryPoint\",\"urlTemplate\":\"https:\/\/maison-chance.org\/shop\/?s={search_term_string}\"},\"query-input\":{\"@type\":\"PropertyValueSpecification\",\"valueRequired\":true,\"valueName\":\"search_term_string\"}}],\"inLanguage\":\"vi-VN\"},{\"@type\":\"Organization\",\"@id\":\"https:\/\/maison-chance.org\/shop\/#organization\",\"name\":\"Nh\u00e0 May M\u1eafn - Maison Chance\",\"url\":\"https:\/\/maison-chance.org\/shop\/\",\"logo\":{\"@type\":\"ImageObject\",\"inLanguage\":\"vi-VN\",\"@id\":\"https:\/\/maison-chance.org\/shop\/#\/schema\/logo\/image\/\",\"url\":\"https:\/\/maison-chance.org\/shop\/wp-content\/uploads\/2024\/03\/cropped-Logo_DNXH.png\",\"contentUrl\":\"https:\/\/maison-chance.org\/shop\/wp-content\/uploads\/2024\/03\/cropped-Logo_DNXH.png\",\"width\":512,\"height\":512,\"caption\":\"Nh\u00e0 May M\u1eafn - Maison Chance\"},\"image\":{\"@id\":\"https:\/\/maison-chance.org\/shop\/#\/schema\/logo\/image\/\"},\"sameAs\":[\"https:\/\/www.facebook.com\/dnxh.nhamayman\/\"]}]}<\/script>\n<meta property=\"product:price:amount\" content=\"11.80\" \/>\n<meta property=\"product:price:currency\" content=\"USD\" \/>\n<meta property=\"og:availability\" content=\"instock\" \/>\n<meta property=\"product:availability\" content=\"instock\" \/>\n<meta property=\"product:condition\" content=\"new\" \/>\n<!-- \/ Yoast SEO Premium plugin. -->","yoast_head_json":{"title":"Ba l\u00f4 chim c\u00e1nh c\u1ee5t - Nh\u00e0 May M\u1eafn - Maison Chance","description":"Ba l\u00f4 Chim C\u00e1nh C\u1ee5t l\u00e0 s\u1ea3n ph\u1ea9m \u0111\u01b0\u1ee3c may th\u1ee7 c\u00f4ng b\u1edfi nh\u1eefng ng\u01b0\u1eddi th\u1ee3 khuy\u1ebft t\u1eadt t\u1ea1i Nh\u00e0 May M\u1eafn, k\u00edch th\u01b0\u1edbc 30 x 45 cm, ph\u00f9 h\u1ee3p \u0111\u1ec3 \u0111\u1ef1ng s\u00e1ch v\u1edf","robots":{"index":"index","follow":"follow","max-snippet":"max-snippet:-1","max-image-preview":"max-image-preview:large","max-video-preview":"max-video-preview:-1"},"canonical":"https:\/\/maison-chance.org\/shop\/san-pham\/ba-lo-chim-canh-cut-2","og_locale":"vi_VN","og_type":"article","og_title":"Ba l\u00f4 chim c\u00e1nh c\u1ee5t","og_description":"Ba l\u00f4 Chim C\u00e1nh C\u1ee5t l\u00e0 s\u1ea3n ph\u1ea9m \u0111\u01b0\u1ee3c may th\u1ee7 c\u00f4ng b\u1edfi nh\u1eefng ng\u01b0\u1eddi th\u1ee3 khuy\u1ebft t\u1eadt t\u1ea1i Nh\u00e0 May M\u1eafn, k\u00edch th\u01b0\u1edbc 30 x 45 cm, ph\u00f9 h\u1ee3p \u0111\u1ec3 \u0111\u1ef1ng s\u00e1ch v\u1edf","og_url":"https:\/\/maison-chance.org\/shop\/san-pham\/ba-lo-chim-canh-cut-2","og_site_name":"Nh\u00e0 May M\u1eafn - Maison Chance","article_publisher":"https:\/\/www.facebook.com\/dnxh.nhamayman\/","article_modified_time":"2024-11-11T05:57:33+00:00","og_image":[{"width":600,"height":600,"url":"https:\/\/maison-chance.org\/shop\/wp-content\/uploads\/2024\/07\/ba-lo-chim-canh-cut-1.jpg","type":"image\/jpeg"}],"twitter_card":"summary_large_image","twitter_misc":{"Gi\u00e1":"11.80&nbsp;&#36;","Availability":"In stock"},"schema":{"@context":"https:\/\/schema.org","@graph":[{"@type":"WebPage","@id":"https:\/\/maison-chance.org\/shop\/san-pham\/ba-lo-chim-canh-cut-2","url":"https:\/\/maison-chance.org\/shop\/san-pham\/ba-lo-chim-canh-cut-2","name":"Ba l\u00f4 chim c\u00e1nh c\u1ee5t - Nh\u00e0 May M\u1eafn - Maison Chance","isPartOf":{"@id":"https:\/\/maison-chance.org\/shop\/#website"},"primaryImageOfPage":{"@id":"https:\/\/maison-chance.org\/shop\/san-pham\/ba-lo-chim-canh-cut-2#primaryimage"},"image":{"@id":"https:\/\/maison-chance.org\/shop\/san-pham\/ba-lo-chim-canh-cut-2#primaryimage"},"thumbnailUrl":"https:\/\/maison-chance.org\/shop\/wp-content\/uploads\/2024\/07\/ba-lo-chim-canh-cut-1.jpg","datePublished":"2024-07-03T20:19:35+00:00","dateModified":"2024-11-11T05:57:33+00:00","description":"Ba l\u00f4 Chim C\u00e1nh C\u1ee5t l\u00e0 s\u1ea3n ph\u1ea9m \u0111\u01b0\u1ee3c may th\u1ee7 c\u00f4ng b\u1edfi nh\u1eefng ng\u01b0\u1eddi th\u1ee3 khuy\u1ebft t\u1eadt t\u1ea1i Nh\u00e0 May M\u1eafn, k\u00edch th\u01b0\u1edbc 30 x 45 cm, ph\u00f9 h\u1ee3p \u0111\u1ec3 \u0111\u1ef1ng s\u00e1ch v\u1edf","breadcrumb":{"@id":"https:\/\/maison-chance.org\/shop\/san-pham\/ba-lo-chim-canh-cut-2#breadcrumb"},"inLanguage":"vi-VN","potentialAction":[{"@type":"ReadAction","target":["https:\/\/maison-chance.org\/shop\/san-pham\/ba-lo-chim-canh-cut-2"]}]},{"@type":"ImageObject","inLanguage":"vi-VN","@id":"https:\/\/maison-chance.org\/shop\/san-pham\/ba-lo-chim-canh-cut-2#primaryimage","url":"https:\/\/maison-chance.org\/shop\/wp-content\/uploads\/2024\/07\/ba-lo-chim-canh-cut-1.jpg","contentUrl":"https:\/\/maison-chance.org\/shop\/wp-content\/uploads\/2024\/07\/ba-lo-chim-canh-cut-1.jpg","width":600,"height":600,"caption":"Ba l\u00f4 chim c\u00e1nh c\u1ee5t"},{"@type":"BreadcrumbList","@id":"https:\/\/maison-chance.org\/shop\/san-pham\/ba-lo-chim-canh-cut-2#breadcrumb","itemListElement":[{"@type":"ListItem","position":1,"name":"Trang ch\u1ee7","item":"https:\/\/maison-chance.org\/shop\/"},{"@type":"ListItem","position":2,"name":"Shop","item":"https:\/\/maison-chance.org\/shop\/shop"},{"@type":"ListItem","position":3,"name":"Ba l\u00f4 chim c\u00e1nh c\u1ee5t"}]},{"@type":"WebSite","@id":"https:\/\/maison-chance.org\/shop\/#website","url":"https:\/\/maison-chance.org\/shop\/","name":"Nh\u00e0 May M\u1eafn - Maison Chance","description":"M\u1ecdi l\u1ee3i nhu\u1eadn thu v\u1ec1 t\u1eeb vi\u1ec7c b\u00e1n h\u00e0ng s\u1ebd tr\u00edch m\u1ed9t ph\u1ea7n \u0111\u1ec3 ch\u0103m lo cho \u0111\u1eddi s\u1ed1ng c\u00e1c b\u1ea1n khuy\u1ebft t\u1eadt v\u00e0 tr\u1ebb m\u1ed3 c\u00f4i \u1edf \u0111\u00e2y","publisher":{"@id":"https:\/\/maison-chance.org\/shop\/#organization"},"potentialAction":[{"@type":"SearchAction","target":{"@type":"EntryPoint","urlTemplate":"https:\/\/maison-chance.org\/shop\/?s={search_term_string}"},"query-input":{"@type":"PropertyValueSpecification","valueRequired":true,"valueName":"search_term_string"}}],"inLanguage":"vi-VN"},{"@type":"Organization","@id":"https:\/\/maison-chance.org\/shop\/#organization","name":"Nh\u00e0 May M\u1eafn - Maison Chance","url":"https:\/\/maison-chance.org\/shop\/","logo":{"@type":"ImageObject","inLanguage":"vi-VN","@id":"https:\/\/maison-chance.org\/shop\/#\/schema\/logo\/image\/","url":"https:\/\/maison-chance.org\/shop\/wp-content\/uploads\/2024\/03\/cropped-Logo_DNXH.png","contentUrl":"https:\/\/maison-chance.org\/shop\/wp-content\/uploads\/2024\/03\/cropped-Logo_DNXH.png","width":512,"height":512,"caption":"Nh\u00e0 May M\u1eafn - Maison Chance"},"image":{"@id":"https:\/\/maison-chance.org\/shop\/#\/schema\/logo\/image\/"},"sameAs":["https:\/\/www.facebook.com\/dnxh.nhamayman\/"]}]},"product_price_amount":"11.80","product_price_currency":"USD","og_availability":"instock","product_availability":"instock","product_condition":"new"},"_links":{"self":[{"href":"https:\/\/maison-chance.org\/shop\/wp-json\/wp\/v2\/product\/40225","targetHints":{"allow":["GET"]}}],"collection":[{"href":"https:\/\/maison-chance.org\/shop\/wp-json\/wp\/v2\/product"}],"about":[{"href":"https:\/\/maison-chance.org\/shop\/wp-json\/wp\/v2\/types\/product"}],"wp:featuredmedia":[{"embeddable":true,"href":"https:\/\/maison-chance.org\/shop\/wp-json\/wp\/v2\/media\/40227"}],"wp:attachment":[{"href":"https:\/\/maison-chance.org\/shop\/wp-json\/wp\/v2\/media?parent=40225"}],"wp:term":[{"taxonomy":"product_brand","embeddable":true,"href":"https:\/\/maison-chance.org\/shop\/wp-json\/wp\/v2\/product_brand?post=40225"},{"taxonomy":"product_cat","embeddable":true,"href":"https:\/\/maison-chance.org\/shop\/wp-json\/wp\/v2\/product_cat?post=40225"},{"taxonomy":"product_tag","embeddable":true,"href":"https:\/\/maison-chance.org\/shop\/wp-json\/wp\/v2\/product_tag?post=40225"}],"curies":[{"name":"wp","href":"https:\/\/api.w.org\/{rel}","templated":true}]}}