{"id":40242,"date":"2024-07-04T04:15:42","date_gmt":"2024-07-03T21:15:42","guid":{"rendered":"https:\/\/maison-chance.org\/shop?post_type=product&#038;p=40242"},"modified":"2024-11-12T10:33:21","modified_gmt":"2024-11-12T03:33:21","slug":"ba-lo-con-cua","status":"publish","type":"product","link":"https:\/\/maison-chance.org\/shop\/san-pham\/ba-lo-con-cua","title":{"rendered":"Ba l\u00f4 con cua"},"content":{"rendered":"<p style=\"text-align: justify\">Trong nh\u1ecbp s\u1ed1ng h\u1ed1i h\u1ea3 ng\u00e0y nay, vi\u1ec7c mang theo b\u00ean m\u00ecnh nh\u1eefng v\u1eadt d\u1ee5ng c\u00e1 nh\u00e2n \u0111\u00e3 tr\u1edf th\u00e0nh m\u1ed9t ph\u1ea7n kh\u00f4ng th\u1ec3 thi\u1ebfu. <a href=\"https:\/\/maison-chance.org\/shop\/san-pham\/ba-lo-con-cua\">Ba l\u00f4 con cua<\/a> c\u1ee7a Nh\u00e0 May M\u1eafn ra \u0111\u1eddi kh\u00f4ng ch\u1ec9 \u0111\u00e1p \u1ee9ng nhu c\u1ea7u thi\u1ebft th\u1ef1c \u1ea5y m\u00e0 c\u00f2n g\u1eedi \u0111\u1ebfn th\u00f4ng \u0111i\u1ec7p nh\u00e2n v\u0103n s\u00e2u s\u1eafc v\u1ec1 s\u1ef1 quan t\u00e2m, s\u1ebb chia v\u00e0 h\u1ed7 tr\u1ee3 nh\u1eefng ng\u01b0\u1eddi khuy\u1ebft t\u1eadt.<\/p>\n<p style=\"text-align: justify\">Ba l\u00f4 Con Cua l\u00e0 s\u1ea3n ph\u1ea9m \u0111\u01b0\u1ee3c may th\u1ee7 c\u00f4ng t\u1ec9 m\u1ec9 t\u1eeb nh\u1eefng \u0111\u00f4i tay t\u00e0i hoa c\u1ee7a ng\u01b0\u1eddi th\u1ee3 khuy\u1ebft t\u1eadt t\u1ea1i Nh\u00e0 May M\u1eafn. M\u1ed7i \u0111\u01b0\u1eddng may, m\u0169i ch\u1ec9 \u0111\u1ec1u th\u1ec3 hi\u1ec7n s\u1ef1 t\u1eadn t\u00e2m c\u1ee7a h\u1ecd, g\u00f3p ph\u1ea7n t\u1ea1o n\u00ean m\u1ed9t s\u1ea3n ph\u1ea9m \u0111\u1ed9c \u0111\u00e1o v\u00e0 mang gi\u00e1 tr\u1ecb nh\u00e2n v\u0103n s\u00e2u s\u1eafc.<\/p>\n<p style=\"text-align: justify\"><a href=\"https:\/\/maison-chance.org\/shop\/ba-lo\">Ba l\u00f4 h\u00ecnh con cua<\/a> \u0111\u01b0\u1ee3c l\u00e0m t\u1eeb ch\u1ea5t li\u1ec7u v\u1ea3i th\u1ed5 c\u1ea9m cao c\u1ea5p, \u0111\u01b0\u1ee3c d\u1ec7t th\u1ee7 c\u00f4ng t\u1eeb nh\u1eefng s\u1ee3i len, s\u1ee3i cotton m\u1ec1m m\u1ea1i, b\u1ec1n \u0111\u1eb9p. Ch\u1ea5t li\u1ec7u n\u00e0y c\u00f3 kh\u1ea3 n\u0103ng ch\u1ed1ng th\u1ea5m n\u01b0\u1edbc t\u1ed1t, gi\u00fap b\u1ea3o v\u1ec7 \u0111\u1ed3 \u0111\u1ea1c b\u00ean trong an to\u00e0n trong m\u1ecdi \u0111i\u1ec1u ki\u1ec7n th\u1eddi ti\u1ebft.<\/p>\n<p style=\"text-align: justify\">\u0110\u01b0\u1ee3c l\u00e0m t\u1eeb v\u1ea3i th\u1ed5 c\u1ea9m cao c\u1ea5p, chi\u1ebfc ba l\u00f4 kh\u00f4ng ch\u1ec9 m\u1ec1m m\u1ea1i v\u00e0 b\u1ec1n \u0111\u1eb9p m\u00e0 c\u00f2n c\u00f3 kh\u1ea3 n\u0103ng ch\u1ed1ng th\u1ea5m n\u01b0\u1edbc, gi\u00fap b\u1ea3o v\u1ec7 an to\u00e0n cho \u0111\u1ed3 \u0111\u1ea1c trong m\u1ecdi \u0111i\u1ec1u ki\u1ec7n th\u1eddi ti\u1ebft. K\u00edch th\u01b0\u1edbc 30 x 30 cm v\u1eeba v\u1eb7n cho c\u00e1c v\u1eadt d\u1ee5ng thi\u1ebft y\u1ebfu nh\u01b0 v\u00ed, \u0111i\u1ec7n tho\u1ea1i, s\u00e1ch v\u1edf. Thi\u1ebft k\u1ebf h\u00ecnh ch\u00fa cua \u0111\u00e1ng y\u00eau v\u1edbi gam m\u00e0u t\u01b0\u01a1i s\u00e1ng khi\u1ebfn chi\u1ebfc ba l\u00f4 tr\u1edf th\u00e0nh \u0111i\u1ec3m nh\u1ea5n \u0111\u1ed9c \u0111\u00e1o v\u00e0 n\u1ed5i b\u1eadt.<\/p>\n<p style=\"text-align: justify\">Ba l\u00f4 Con Cua c\u00f3 m\u1ee9c gi\u00e1 h\u1ee3p l\u00fd, ph\u00f9 h\u1ee3p v\u1edbi nhi\u1ec1u \u0111\u1ed1i t\u01b0\u1ee3ng, \u0111\u1eb7c bi\u1ec7t l\u00e0 h\u1ecdc sinh, sinh vi\u00ean. Nh\u01b0ng \u0111i\u1ec1u quan tr\u1ecdng h\u01a1n c\u1ea3, \u0111\u00e2y kh\u00f4ng ch\u1ec9 l\u00e0 m\u1ed9t chi\u1ebfc ba l\u00f4 m\u00e0 l\u00e0 m\u1ed9t bi\u1ec3u t\u01b0\u1ee3ng c\u1ee7a hy v\u1ecdng v\u00e0 s\u1ef1 \u1ee7ng h\u1ed9 d\u00e0nh cho nh\u1eefng ng\u01b0\u1eddi th\u1ee3 khuy\u1ebft t\u1eadt, mang l\u1ea1i cho h\u1ecd c\u01a1 h\u1ed9i h\u00f2a nh\u1eadp v\u00e0 ph\u00e1t tri\u1ec3n.<\/p>\n<p style=\"text-align: justify\">Ba l\u00f4 Con Cua c\u00f3 th\u1ec3 \u0111\u01b0\u1ee3c s\u1eed d\u1ee5ng cho nhi\u1ec1u m\u1ee5c \u0111\u00edch kh\u00e1c nhau nh\u01b0:<\/p>\n<p style=\"text-align: justify\">&#8211; \u0110\u1ef1ng c\u00e1c v\u1eadt d\u1ee5ng c\u00e1 nh\u00e2n khi \u0111i h\u1ecdc, \u0111i ch\u01a1i<\/p>\n<p style=\"text-align: justify\">&#8211; M\u00f3n qu\u00e0 \u00fd ngh\u0129a cho con em, b\u1ea1n b\u00e8<\/p>\n<p style=\"text-align: justify\">&#8211; M\u1ed9t ph\u1ee5 ki\u1ec7n trang tr\u00ed \u0111\u1ed9c \u0111\u00e1o, mang phong c\u00e1ch ri\u00eang.<\/p>\n<p style=\"text-align: justify\">H\u00e3y chung tay \u1ee7ng h\u1ed9 nh\u1eefng ng\u01b0\u1eddi th\u1ee3 khuy\u1ebft t\u1eadt t\u1ea1i Nh\u00e0 May M\u1eafn b\u1eb1ng c\u00e1ch <a href=\"https:\/\/maison-chance.org\/shop\/phong-may\">mua ba l\u00f4 con cua<\/a> ngay h\u00f4m nay! V\u1edbi m\u1ed7i s\u1ea3n ph\u1ea9m \u0111\u01b0\u1ee3c b\u00e1n ra, Nh\u00e0 May M\u1eafn s\u1ebd c\u00f3 th\u00eam ngu\u1ed3n kinh ph\u00ed \u0111\u1ec3 duy tr\u00ec ho\u1ea1t \u0111\u1ed9ng v\u00e0 h\u1ed7 tr\u1ee3 nh\u1eefng ng\u01b0\u1eddi th\u1ee3 khuy\u1ebft t\u1eadt c\u00f3 cu\u1ed9c s\u1ed1ng t\u1ed1t \u0111\u1eb9p h\u01a1n.<\/p>\n<p>Ba l\u00f4 Con Cua &#8211; Mang ni\u1ec1m vui s\u00f4i \u0111\u1ed9ng \u0111\u1ebfn t\u1eebng b\u01b0\u1edbc ch\u00e2n!<\/p>\n","protected":false},"excerpt":{"rendered":"<p style=\"text-align: justify\">S\u1ea3n ph\u1ea9m do c\u00e1c b\u1ea1n khuy\u1ebft t\u1eadt k\u00e9m may m\u1eafn s\u1ea3n xu\u1ea5t th\u1ee7 c\u00f4ng k\u00ednh mong nh\u1eadn \u0111\u01b0\u1ee3c s\u1ef1 \u1ee7ng h\u1ed9 c\u1ee7a Qu\u00fd kh\u00e1ch h\u00e0ng.<\/p>\n<p>Ch\u1ea5t li\u1ec7u: V\u1ea3i th\u1ed5 c\u1ea9m<\/p>\n<p>Code: TC01BL<\/p>\n<p>K\u00edch th\u01b0\u1edbc : 30 x 30 cm<\/p>\n<p>Hotline : <span style=\"font-size: 20px\"><strong><span style=\"color: #ff0000\">0909 06 25 28<\/span><\/strong><\/span><\/p>\n<p style=\"text-align: justify\">N\u1ebfu b\u1ea1n \u1edf Vi\u1ec7t Nam vui l\u00f2ng li\u00ean h\u1ec7 ch\u00fang t\u00f4i theo s\u1ed1 hotline ho\u1eb7c fanpage doanh nghi\u1ec7p Nh\u00e0 May M\u1eafn ch\u00fang t\u00f4i \u0111\u1ec3 bi\u1ebft gi\u00e1 b\u00e1n t\u1ea1i Vi\u1ec7t Nam.<\/p>\n","protected":false},"featured_media":40260,"template":"","meta":[],"product_brand":[],"product_cat":[142,137],"product_tag":[],"class_list":{"0":"post-40242","1":"product","2":"type-product","3":"status-publish","4":"has-post-thumbnail","6":"product_cat-ba-lo","7":"product_cat-phong-may","9":"first","10":"instock","11":"shipping-taxable","12":"purchasable","13":"product-type-simple"},"yoast_head":"<!-- This site is optimized with the Yoast SEO Premium plugin v22.7 (Yoast SEO v25.3.1) - https:\/\/yoast.com\/wordpress\/plugins\/seo\/ -->\n<title>Ba l\u00f4 con cua - Nh\u00e0 May M\u1eafn - Maison Chance<\/title>\n<meta name=\"description\" content=\"Ba l\u00f4 Con Cua l\u00e0 s\u1ea3n ph\u1ea9m \u0111\u01b0\u1ee3c may th\u1ee7 c\u00f4ng t\u1ec9 m\u1ec9 b\u1edfi nh\u1eefng ng\u01b0\u1eddi th\u1ee3 khuy\u1ebft t\u1eadt t\u1ea1i Nh\u00e0 May M\u1eafn. M\u1ed7i \u0111\u01b0\u1eddng may, m\u0169i ch\u1ec9 \u0111\u1ec1u th\u1ec3 hi\u1ec7n s\u1ef1 t\u1eadn t\u00e2m c\u1ee7a h\u1ecd\" \/>\n<meta name=\"robots\" content=\"index, follow, max-snippet:-1, max-image-preview:large, max-video-preview:-1\" \/>\n<link rel=\"canonical\" href=\"https:\/\/maison-chance.org\/shop\/san-pham\/ba-lo-con-cua\" \/>\n<meta property=\"og:locale\" content=\"vi_VN\" \/>\n<meta property=\"og:type\" content=\"article\" \/>\n<meta property=\"og:title\" content=\"Ba l\u00f4 con cua\" \/>\n<meta property=\"og:description\" content=\"Ba l\u00f4 Con Cua l\u00e0 s\u1ea3n ph\u1ea9m \u0111\u01b0\u1ee3c may th\u1ee7 c\u00f4ng t\u1ec9 m\u1ec9 b\u1edfi nh\u1eefng ng\u01b0\u1eddi th\u1ee3 khuy\u1ebft t\u1eadt t\u1ea1i Nh\u00e0 May M\u1eafn. M\u1ed7i \u0111\u01b0\u1eddng may, m\u0169i ch\u1ec9 \u0111\u1ec1u th\u1ec3 hi\u1ec7n s\u1ef1 t\u1eadn t\u00e2m c\u1ee7a h\u1ecd\" \/>\n<meta property=\"og:url\" content=\"https:\/\/maison-chance.org\/shop\/san-pham\/ba-lo-con-cua\" \/>\n<meta property=\"og:site_name\" content=\"Nh\u00e0 May M\u1eafn - Maison Chance\" \/>\n<meta property=\"article:publisher\" content=\"https:\/\/www.facebook.com\/dnxh.nhamayman\/\" \/>\n<meta property=\"article:modified_time\" content=\"2024-11-12T03:33:21+00:00\" \/>\n<meta property=\"og:image\" content=\"https:\/\/maison-chance.org\/shop\/wp-content\/uploads\/2024\/07\/balo-con-cua-1.jpg\" \/>\n\t<meta property=\"og:image:width\" content=\"600\" \/>\n\t<meta property=\"og:image:height\" content=\"600\" \/>\n\t<meta property=\"og:image:type\" content=\"image\/jpeg\" \/>\n<meta name=\"twitter:card\" content=\"summary_large_image\" \/>\n<meta name=\"twitter:label1\" content=\"Gi\u00e1\" \/>\n\t<meta name=\"twitter:data1\" content=\"7.00&nbsp;&#036;\" \/>\n\t<meta name=\"twitter:label2\" content=\"Availability\" \/>\n\t<meta name=\"twitter:data2\" content=\"In stock\" \/>\n<script type=\"application\/ld+json\" class=\"yoast-schema-graph\">{\"@context\":\"https:\/\/schema.org\",\"@graph\":[{\"@type\":\"WebPage\",\"@id\":\"https:\/\/maison-chance.org\/shop\/san-pham\/ba-lo-con-cua\",\"url\":\"https:\/\/maison-chance.org\/shop\/san-pham\/ba-lo-con-cua\",\"name\":\"Ba l\u00f4 con cua - Nh\u00e0 May M\u1eafn - Maison Chance\",\"isPartOf\":{\"@id\":\"https:\/\/maison-chance.org\/shop\/#website\"},\"primaryImageOfPage\":{\"@id\":\"https:\/\/maison-chance.org\/shop\/san-pham\/ba-lo-con-cua#primaryimage\"},\"image\":{\"@id\":\"https:\/\/maison-chance.org\/shop\/san-pham\/ba-lo-con-cua#primaryimage\"},\"thumbnailUrl\":\"https:\/\/maison-chance.org\/shop\/wp-content\/uploads\/2024\/07\/balo-con-cua-1.jpg\",\"datePublished\":\"2024-07-03T21:15:42+00:00\",\"dateModified\":\"2024-11-12T03:33:21+00:00\",\"description\":\"Ba l\u00f4 Con Cua l\u00e0 s\u1ea3n ph\u1ea9m \u0111\u01b0\u1ee3c may th\u1ee7 c\u00f4ng t\u1ec9 m\u1ec9 b\u1edfi nh\u1eefng ng\u01b0\u1eddi th\u1ee3 khuy\u1ebft t\u1eadt t\u1ea1i Nh\u00e0 May M\u1eafn. M\u1ed7i \u0111\u01b0\u1eddng may, m\u0169i ch\u1ec9 \u0111\u1ec1u th\u1ec3 hi\u1ec7n s\u1ef1 t\u1eadn t\u00e2m c\u1ee7a h\u1ecd\",\"breadcrumb\":{\"@id\":\"https:\/\/maison-chance.org\/shop\/san-pham\/ba-lo-con-cua#breadcrumb\"},\"inLanguage\":\"vi-VN\",\"potentialAction\":[{\"@type\":\"ReadAction\",\"target\":[\"https:\/\/maison-chance.org\/shop\/san-pham\/ba-lo-con-cua\"]}]},{\"@type\":\"ImageObject\",\"inLanguage\":\"vi-VN\",\"@id\":\"https:\/\/maison-chance.org\/shop\/san-pham\/ba-lo-con-cua#primaryimage\",\"url\":\"https:\/\/maison-chance.org\/shop\/wp-content\/uploads\/2024\/07\/balo-con-cua-1.jpg\",\"contentUrl\":\"https:\/\/maison-chance.org\/shop\/wp-content\/uploads\/2024\/07\/balo-con-cua-1.jpg\",\"width\":600,\"height\":600,\"caption\":\"Ba l\u00f4 con cua\"},{\"@type\":\"BreadcrumbList\",\"@id\":\"https:\/\/maison-chance.org\/shop\/san-pham\/ba-lo-con-cua#breadcrumb\",\"itemListElement\":[{\"@type\":\"ListItem\",\"position\":1,\"name\":\"Trang ch\u1ee7\",\"item\":\"https:\/\/maison-chance.org\/shop\/\"},{\"@type\":\"ListItem\",\"position\":2,\"name\":\"Shop\",\"item\":\"https:\/\/maison-chance.org\/shop\/shop\"},{\"@type\":\"ListItem\",\"position\":3,\"name\":\"Ba l\u00f4 con cua\"}]},{\"@type\":\"WebSite\",\"@id\":\"https:\/\/maison-chance.org\/shop\/#website\",\"url\":\"https:\/\/maison-chance.org\/shop\/\",\"name\":\"Nh\u00e0 May M\u1eafn - Maison Chance\",\"description\":\"M\u1ecdi l\u1ee3i nhu\u1eadn thu v\u1ec1 t\u1eeb vi\u1ec7c b\u00e1n h\u00e0ng s\u1ebd tr\u00edch m\u1ed9t ph\u1ea7n \u0111\u1ec3 ch\u0103m lo cho \u0111\u1eddi s\u1ed1ng c\u00e1c b\u1ea1n khuy\u1ebft t\u1eadt v\u00e0 tr\u1ebb m\u1ed3 c\u00f4i \u1edf \u0111\u00e2y\",\"publisher\":{\"@id\":\"https:\/\/maison-chance.org\/shop\/#organization\"},\"potentialAction\":[{\"@type\":\"SearchAction\",\"target\":{\"@type\":\"EntryPoint\",\"urlTemplate\":\"https:\/\/maison-chance.org\/shop\/?s={search_term_string}\"},\"query-input\":{\"@type\":\"PropertyValueSpecification\",\"valueRequired\":true,\"valueName\":\"search_term_string\"}}],\"inLanguage\":\"vi-VN\"},{\"@type\":\"Organization\",\"@id\":\"https:\/\/maison-chance.org\/shop\/#organization\",\"name\":\"Nh\u00e0 May M\u1eafn - Maison Chance\",\"url\":\"https:\/\/maison-chance.org\/shop\/\",\"logo\":{\"@type\":\"ImageObject\",\"inLanguage\":\"vi-VN\",\"@id\":\"https:\/\/maison-chance.org\/shop\/#\/schema\/logo\/image\/\",\"url\":\"https:\/\/maison-chance.org\/shop\/wp-content\/uploads\/2024\/03\/cropped-Logo_DNXH.png\",\"contentUrl\":\"https:\/\/maison-chance.org\/shop\/wp-content\/uploads\/2024\/03\/cropped-Logo_DNXH.png\",\"width\":512,\"height\":512,\"caption\":\"Nh\u00e0 May M\u1eafn - Maison Chance\"},\"image\":{\"@id\":\"https:\/\/maison-chance.org\/shop\/#\/schema\/logo\/image\/\"},\"sameAs\":[\"https:\/\/www.facebook.com\/dnxh.nhamayman\/\"]}]}<\/script>\n<meta property=\"product:price:amount\" content=\"7.00\" \/>\n<meta property=\"product:price:currency\" content=\"USD\" \/>\n<meta property=\"og:availability\" content=\"instock\" \/>\n<meta property=\"product:availability\" content=\"instock\" \/>\n<meta property=\"product:condition\" content=\"new\" \/>\n<!-- \/ Yoast SEO Premium plugin. -->","yoast_head_json":{"title":"Ba l\u00f4 con cua - Nh\u00e0 May M\u1eafn - Maison Chance","description":"Ba l\u00f4 Con Cua l\u00e0 s\u1ea3n ph\u1ea9m \u0111\u01b0\u1ee3c may th\u1ee7 c\u00f4ng t\u1ec9 m\u1ec9 b\u1edfi nh\u1eefng ng\u01b0\u1eddi th\u1ee3 khuy\u1ebft t\u1eadt t\u1ea1i Nh\u00e0 May M\u1eafn. M\u1ed7i \u0111\u01b0\u1eddng may, m\u0169i ch\u1ec9 \u0111\u1ec1u th\u1ec3 hi\u1ec7n s\u1ef1 t\u1eadn t\u00e2m c\u1ee7a h\u1ecd","robots":{"index":"index","follow":"follow","max-snippet":"max-snippet:-1","max-image-preview":"max-image-preview:large","max-video-preview":"max-video-preview:-1"},"canonical":"https:\/\/maison-chance.org\/shop\/san-pham\/ba-lo-con-cua","og_locale":"vi_VN","og_type":"article","og_title":"Ba l\u00f4 con cua","og_description":"Ba l\u00f4 Con Cua l\u00e0 s\u1ea3n ph\u1ea9m \u0111\u01b0\u1ee3c may th\u1ee7 c\u00f4ng t\u1ec9 m\u1ec9 b\u1edfi nh\u1eefng ng\u01b0\u1eddi th\u1ee3 khuy\u1ebft t\u1eadt t\u1ea1i Nh\u00e0 May M\u1eafn. M\u1ed7i \u0111\u01b0\u1eddng may, m\u0169i ch\u1ec9 \u0111\u1ec1u th\u1ec3 hi\u1ec7n s\u1ef1 t\u1eadn t\u00e2m c\u1ee7a h\u1ecd","og_url":"https:\/\/maison-chance.org\/shop\/san-pham\/ba-lo-con-cua","og_site_name":"Nh\u00e0 May M\u1eafn - Maison Chance","article_publisher":"https:\/\/www.facebook.com\/dnxh.nhamayman\/","article_modified_time":"2024-11-12T03:33:21+00:00","og_image":[{"width":600,"height":600,"url":"https:\/\/maison-chance.org\/shop\/wp-content\/uploads\/2024\/07\/balo-con-cua-1.jpg","type":"image\/jpeg"}],"twitter_card":"summary_large_image","twitter_misc":{"Gi\u00e1":"7.00&nbsp;&#36;","Availability":"In stock"},"schema":{"@context":"https:\/\/schema.org","@graph":[{"@type":"WebPage","@id":"https:\/\/maison-chance.org\/shop\/san-pham\/ba-lo-con-cua","url":"https:\/\/maison-chance.org\/shop\/san-pham\/ba-lo-con-cua","name":"Ba l\u00f4 con cua - Nh\u00e0 May M\u1eafn - Maison Chance","isPartOf":{"@id":"https:\/\/maison-chance.org\/shop\/#website"},"primaryImageOfPage":{"@id":"https:\/\/maison-chance.org\/shop\/san-pham\/ba-lo-con-cua#primaryimage"},"image":{"@id":"https:\/\/maison-chance.org\/shop\/san-pham\/ba-lo-con-cua#primaryimage"},"thumbnailUrl":"https:\/\/maison-chance.org\/shop\/wp-content\/uploads\/2024\/07\/balo-con-cua-1.jpg","datePublished":"2024-07-03T21:15:42+00:00","dateModified":"2024-11-12T03:33:21+00:00","description":"Ba l\u00f4 Con Cua l\u00e0 s\u1ea3n ph\u1ea9m \u0111\u01b0\u1ee3c may th\u1ee7 c\u00f4ng t\u1ec9 m\u1ec9 b\u1edfi nh\u1eefng ng\u01b0\u1eddi th\u1ee3 khuy\u1ebft t\u1eadt t\u1ea1i Nh\u00e0 May M\u1eafn. M\u1ed7i \u0111\u01b0\u1eddng may, m\u0169i ch\u1ec9 \u0111\u1ec1u th\u1ec3 hi\u1ec7n s\u1ef1 t\u1eadn t\u00e2m c\u1ee7a h\u1ecd","breadcrumb":{"@id":"https:\/\/maison-chance.org\/shop\/san-pham\/ba-lo-con-cua#breadcrumb"},"inLanguage":"vi-VN","potentialAction":[{"@type":"ReadAction","target":["https:\/\/maison-chance.org\/shop\/san-pham\/ba-lo-con-cua"]}]},{"@type":"ImageObject","inLanguage":"vi-VN","@id":"https:\/\/maison-chance.org\/shop\/san-pham\/ba-lo-con-cua#primaryimage","url":"https:\/\/maison-chance.org\/shop\/wp-content\/uploads\/2024\/07\/balo-con-cua-1.jpg","contentUrl":"https:\/\/maison-chance.org\/shop\/wp-content\/uploads\/2024\/07\/balo-con-cua-1.jpg","width":600,"height":600,"caption":"Ba l\u00f4 con cua"},{"@type":"BreadcrumbList","@id":"https:\/\/maison-chance.org\/shop\/san-pham\/ba-lo-con-cua#breadcrumb","itemListElement":[{"@type":"ListItem","position":1,"name":"Trang ch\u1ee7","item":"https:\/\/maison-chance.org\/shop\/"},{"@type":"ListItem","position":2,"name":"Shop","item":"https:\/\/maison-chance.org\/shop\/shop"},{"@type":"ListItem","position":3,"name":"Ba l\u00f4 con cua"}]},{"@type":"WebSite","@id":"https:\/\/maison-chance.org\/shop\/#website","url":"https:\/\/maison-chance.org\/shop\/","name":"Nh\u00e0 May M\u1eafn - Maison Chance","description":"M\u1ecdi l\u1ee3i nhu\u1eadn thu v\u1ec1 t\u1eeb vi\u1ec7c b\u00e1n h\u00e0ng s\u1ebd tr\u00edch m\u1ed9t ph\u1ea7n \u0111\u1ec3 ch\u0103m lo cho \u0111\u1eddi s\u1ed1ng c\u00e1c b\u1ea1n khuy\u1ebft t\u1eadt v\u00e0 tr\u1ebb m\u1ed3 c\u00f4i \u1edf \u0111\u00e2y","publisher":{"@id":"https:\/\/maison-chance.org\/shop\/#organization"},"potentialAction":[{"@type":"SearchAction","target":{"@type":"EntryPoint","urlTemplate":"https:\/\/maison-chance.org\/shop\/?s={search_term_string}"},"query-input":{"@type":"PropertyValueSpecification","valueRequired":true,"valueName":"search_term_string"}}],"inLanguage":"vi-VN"},{"@type":"Organization","@id":"https:\/\/maison-chance.org\/shop\/#organization","name":"Nh\u00e0 May M\u1eafn - Maison Chance","url":"https:\/\/maison-chance.org\/shop\/","logo":{"@type":"ImageObject","inLanguage":"vi-VN","@id":"https:\/\/maison-chance.org\/shop\/#\/schema\/logo\/image\/","url":"https:\/\/maison-chance.org\/shop\/wp-content\/uploads\/2024\/03\/cropped-Logo_DNXH.png","contentUrl":"https:\/\/maison-chance.org\/shop\/wp-content\/uploads\/2024\/03\/cropped-Logo_DNXH.png","width":512,"height":512,"caption":"Nh\u00e0 May M\u1eafn - Maison Chance"},"image":{"@id":"https:\/\/maison-chance.org\/shop\/#\/schema\/logo\/image\/"},"sameAs":["https:\/\/www.facebook.com\/dnxh.nhamayman\/"]}]},"product_price_amount":"7.00","product_price_currency":"USD","og_availability":"instock","product_availability":"instock","product_condition":"new"},"_links":{"self":[{"href":"https:\/\/maison-chance.org\/shop\/wp-json\/wp\/v2\/product\/40242","targetHints":{"allow":["GET"]}}],"collection":[{"href":"https:\/\/maison-chance.org\/shop\/wp-json\/wp\/v2\/product"}],"about":[{"href":"https:\/\/maison-chance.org\/shop\/wp-json\/wp\/v2\/types\/product"}],"wp:featuredmedia":[{"embeddable":true,"href":"https:\/\/maison-chance.org\/shop\/wp-json\/wp\/v2\/media\/40260"}],"wp:attachment":[{"href":"https:\/\/maison-chance.org\/shop\/wp-json\/wp\/v2\/media?parent=40242"}],"wp:term":[{"taxonomy":"product_brand","embeddable":true,"href":"https:\/\/maison-chance.org\/shop\/wp-json\/wp\/v2\/product_brand?post=40242"},{"taxonomy":"product_cat","embeddable":true,"href":"https:\/\/maison-chance.org\/shop\/wp-json\/wp\/v2\/product_cat?post=40242"},{"taxonomy":"product_tag","embeddable":true,"href":"https:\/\/maison-chance.org\/shop\/wp-json\/wp\/v2\/product_tag?post=40242"}],"curies":[{"name":"wp","href":"https:\/\/api.w.org\/{rel}","templated":true}]}}