{"id":40595,"date":"2024-09-08T07:00:13","date_gmt":"2024-09-08T00:00:13","guid":{"rendered":"https:\/\/maison-chance.org\/shop?post_type=product&#038;p=40595"},"modified":"2025-02-24T12:50:37","modified_gmt":"2025-02-24T05:50:37","slug":"con-cho-chacal","status":"publish","type":"product","link":"https:\/\/maison-chance.org\/shop\/san-pham\/con-cho-chacal","title":{"rendered":"Con ch\u00f3 Chacal"},"content":{"rendered":"<p style=\"text-align: justify\">B\u1ea1n \u0111ang t\u00ecm ki\u1ebfm m\u1ed9t m\u00f3n \u0111\u1ed3 trang tr\u00ed v\u1eeba \u0111\u1ed9c \u0111\u00e1o, v\u1eeba mang \u00fd ngh\u0129a nh\u00e2n v\u0103n s\u00e2u s\u1eafc? H\u00e3y \u0111\u1ec3 con ch\u00f3 Chacal t\u1eeb Nh\u00e0 May M\u1eafn chinh ph\u1ee5c tr\u00e1i tim b\u1ea1n! Ch\u00f3 Chacal, hay c\u00f2n g\u1ecdi l\u00e0 ch\u00f3 hoang sa m\u1ea1c, n\u1ed5i ti\u1ebfng v\u1edbi s\u1ef1 nhanh nh\u1eb9n v\u00e0 tr\u00ed th\u00f4ng minh s\u1eafc s\u1ea3o. L\u00e0 bi\u1ec3u t\u01b0\u1ee3ng c\u1ee7a l\u00f2ng d\u0169ng c\u1ea3m v\u00e0 kh\u1ea3 n\u0103ng th\u00edch nghi m\u1ea1nh m\u1ebd trong m\u1ecdi ho\u00e0n c\u1ea3nh, lo\u00e0i ch\u00f3 n\u00e0y \u0111\u00e3 truy\u1ec1n c\u1ea3m h\u1ee9ng \u0111\u1ec3 t\u1ea1o n\u00ean m\u1ed9t s\u1ea3n ph\u1ea9m \u0111\u1ed9c \u0111\u00e1o, v\u1eeba m\u1ea1nh m\u1ebd v\u1eeba \u0111\u00e1ng y\u00eau.<\/p>\n<p data-start=\"695\" data-end=\"742\"><strong>Th\u1ee7 C\u00f4ng Tinh X\u1ea3o \u2013 V\u1ebb \u0110\u1eb9p T\u1eeb T\u1eebng N\u00e9t V\u1ebd<\/strong><\/p>\n<p style=\"text-align: justify\">V\u1edbi k\u00edch th\u01b0\u1edbc nh\u1ecf g\u1ecdn 9 x 23 cm, con ch\u00f3 Chacal (m\u00e3 s\u1ea3n ph\u1ea9m TC32TB) l\u00e0 l\u1ef1a ch\u1ecdn ho\u00e0n h\u1ea3o \u0111\u1ec3 t\u00f4 \u0111i\u1ec3m cho b\u1ea5t k\u1ef3 g\u00f3c nh\u1ecf n\u00e0o trong ng\u00f4i nh\u00e0 c\u1ee7a b\u1ea1n. \u0110i\u1ec3m \u0111\u1eb7c bi\u1ec7t c\u1ee7a s\u1ea3n ph\u1ea9m n\u00e0y ch\u00ednh l\u00e0 c\u00e1c h\u1ecda ti\u1ebft \u0111\u01b0\u1ee3c v\u1ebd th\u1ee7 c\u00f4ng tinh t\u1ebf tr\u00ean n\u1ec1n v\u1ea3i linen m\u1ec1m m\u1ea1i, mang l\u1ea1i c\u1ea3m gi\u00e1c ch\u00e2n th\u1eadt v\u00e0 s\u1ed1ng \u0111\u1ed9ng. M\u1ed7i n\u00e9t v\u1ebd \u0111\u1ec1u ch\u1ee9a \u0111\u1ef1ng t\u00e2m huy\u1ebft c\u1ee7a nh\u1eefng ngh\u1ec7 nh\u00e2n khuy\u1ebft t\u1eadt t\u1ea1i Nh\u00e0 May M\u1eafn, bi\u1ebfn t\u1eebng s\u1ea3n ph\u1ea9m th\u00e0nh m\u1ed9t t\u00e1c ph\u1ea9m ngh\u1ec7 thu\u1eadt thu nh\u1ecf.<\/p>\n<p style=\"text-align: justify\"><strong>\u0110a d\u1ea1ng c\u00f4ng d\u1ee5ng, ph\u00f9 h\u1ee3p m\u1ecdi kh\u00f4ng gian:<\/strong><\/p>\n<p>Trong nhi\u1ec1u n\u1ec1n v\u0103n h\u00f3a, lo\u00e0i ch\u00f3 n\u00e0y c\u00f2n \u0111\u01b0\u1ee3c xem l\u00e0 bi\u1ec3u t\u01b0\u1ee3ng c\u1ee7a s\u1ef1 b\u1ea3o v\u1ec7 v\u00e0 trung th\u00e0nh. Khi \u0111\u1eb7t Ch\u00f3 Chacal nh\u1ed3i b\u00f4ng trong ng\u00f4i nh\u00e0 c\u1ee7a b\u1ea1n, kh\u00f4ng ch\u1ec9 l\u00e0 m\u1ed9t m\u00f3n \u0111\u1ed3 trang tr\u00ed \u0111\u1ed9c \u0111\u00e1o m\u00e0 c\u00f2n mang \u00fd ngh\u0129a phong th\u1ee7y v\u1ec1 s\u1ef1 b\u1ea3o v\u1ec7 v\u00e0 b\u00ecnh an cho gia \u0111\u00ecnh.<\/p>\n<p style=\"text-align: justify\">H\u00e3y \u0111\u1eb7t tr\u00ean k\u1ec7 s\u00e1ch \u0111\u1ec3 t\u1ea1o \u0111i\u1ec3m nh\u1ea5n th\u00fa v\u1ecb cho g\u00f3c \u0111\u1ecdc s\u00e1ch c\u1ee7a b\u1ea1n. Ho\u1eb7c trong ph\u00f2ng l\u00e0m vi\u1ec7c, <a href=\"https:\/\/maison-chance.org\/shop\/thu-nhoi-bong\">con ch\u00f3 Chacal nh\u1ed3i b\u00f4ng<\/a> s\u1ebd l\u00e0 ng\u01b0\u1eddi b\u1ea1n \u0111\u1ed3ng h\u00e0nh \u0111\u00e1ng y\u00eau, mang l\u1ea1i ngu\u1ed3n c\u1ea3m h\u1ee9ng b\u1ea5t t\u1eadn. \u0110\u1eb7t n\u00f3 trong ph\u00f2ng tr\u1ebb em, b\u1ea1n s\u1ebd th\u1ea5y n\u00f3 tr\u1edf th\u00e0nh ng\u01b0\u1eddi b\u1ea1n th\u00e2n thi\u1ebft, khuy\u1ebfn kh\u00edch tr\u00ed t\u01b0\u1edfng t\u01b0\u1ee3ng v\u00e0 s\u1ef1 s\u00e1ng t\u1ea1o c\u1ee7a c\u00e1c b\u00e9.<\/p>\n<p style=\"text-align: justify\">Trong ph\u00f2ng kh\u00e1ch, con ch\u00f3 Chacal c\u00f3 th\u1ec3 tr\u1edf th\u00e0nh t\u00e2m \u0111i\u1ec3m c\u1ee7a m\u1ecdi cu\u1ed9c tr\u00f2 chuy\u1ec7n. \u0110\u1eb7t n\u00f3 tr\u00ean b\u00e0n c\u00e0 ph\u00ea ho\u1eb7c k\u1ec7 ti vi, b\u1ea1n s\u1ebd th\u1ea5y kh\u00f4ng gian s\u1ed1ng c\u1ee7a m\u00ecnh tr\u1edf n\u00ean \u1ea5m c\u00fang v\u00e0 \u0111\u1ea7y s\u1ee9c s\u1ed1ng h\u01a1n. Trong ph\u00f2ng ng\u1ee7, n\u00f3 s\u1ebd l\u00e0 ng\u01b0\u1eddi b\u1ea1n \u0111\u1ed3ng h\u00e0nh \u0111\u00e1ng y\u00eau, mang l\u1ea1i c\u1ea3m gi\u00e1c b\u00ecnh y\u00ean v\u00e0 th\u01b0 gi\u00e3n m\u1ed7i khi b\u1ea1n tr\u1edf v\u1ec1 sau m\u1ed9t ng\u00e0y d\u00e0i.<\/p>\n<p style=\"text-align: justify\"><strong>H\u01a1n c\u1ea3 m\u1ed9t m\u00f3n qu\u00e0 &#8211; M\u1ed9t th\u00f4ng \u0111i\u1ec7p y\u00eau th\u01b0\u01a1ng:<\/strong><\/p>\n<p>\u0110\u01b0a h\u00ecnh \u1ea3nh ch\u00f3 Chacal v\u00e0o s\u1ea3n ph\u1ea9m nh\u1ed3i b\u00f4ng, Nh\u00e0 May M\u1eafn mu\u1ed1n truy\u1ec1n t\u1ea3i th\u00f4ng \u0111i\u1ec7p v\u1ec1 s\u1ef1 ki\u00ean tr\u00ec, v\u01b0\u1ee3t kh\u00f3 v\u00e0 tinh th\u1ea7n b\u1ea5t khu\u1ea5t \u2013 c\u0169ng ch\u00ednh l\u00e0 c\u00e2u chuy\u1ec7n \u0111\u1ea7y c\u1ea3m h\u1ee9ng c\u1ee7a nh\u1eefng th\u1ee3 may khuy\u1ebft t\u1eadt \u0111\u00e3 t\u1ea1o ra s\u1ea3n ph\u1ea9m n\u00e0y. M\u1ed7i <a href=\"https:\/\/maison-chance.org\/shop\/phong-may\">th\u00fa nh\u1ed3i b\u00f4ng<\/a> h\u00ecnh con ch\u00f3 Chacal kh\u00f4ng ch\u1ec9 l\u00e0 m\u1ed9t s\u1ea3n ph\u1ea9m, m\u00e0 c\u00f2n l\u00e0 m\u1ed9t c\u00e2u chuy\u1ec7n v\u1ec1 ngh\u1ecb l\u1ef1c v\u00e0 ni\u1ec1m tin. Khi mua s\u1ea3n ph\u1ea9m n\u00e0y, b\u1ea1n kh\u00f4ng ch\u1ec9 s\u1edf h\u1eefu m\u1ed9t m\u00f3n \u0111\u1ed3 trang tr\u00ed \u0111\u1ed9c \u0111\u00e1o, m\u00e0 c\u00f2n \u0111ang \u1ee7ng h\u1ed9 v\u00e0 trao c\u01a1 h\u1ed9i vi\u1ec7c l\u00e0m cho nh\u1eefng ng\u01b0\u1eddi khuy\u1ebft t\u1eadt, gi\u00fap h\u1ecd t\u1ef1 tin h\u01a1n trong cu\u1ed9c s\u1ed1ng.<\/p>\n<p style=\"text-align: justify\"><strong>S\u1edf h\u1eefu ngay h\u00f4m nay!<\/strong><\/p>\n<p style=\"text-align: justify\">B\u1eb1ng c\u00e1ch ch\u1ecdn mua ch\u00fa ch\u00f3 Chacal, b\u1ea1n kh\u00f4ng ch\u1ec9 l\u00e0m \u0111\u1eb9p cho kh\u00f4ng gian s\u1ed1ng c\u1ee7a m\u00ecnh m\u00e0 c\u00f2n g\u00f3p ph\u1ea7n v\u00e0o m\u1ed9t s\u1ee9 m\u1ec7nh cao c\u1ea3 &#8211; h\u1ed7 tr\u1ee3 c\u1ed9ng \u0111\u1ed3ng ng\u01b0\u1eddi khuy\u1ebft t\u1eadt. M\u1ed7i s\u1ea3n ph\u1ea9m b\u1ea1n mua l\u00e0 m\u1ed9t l\u1eddi \u0111\u1ed9ng vi\u00ean, m\u1ed9t c\u01a1 h\u1ed9i vi\u1ec7c l\u00e0m v\u00e0 m\u1ed9t ni\u1ec1m hy v\u1ecdng cho nh\u1eefng th\u1ee3 may t\u1ea1i <a href=\"https:\/\/maison-chance.org\/shop\">Nh\u00e0 May M\u1eafn<\/a>.<\/p>\n","protected":false},"excerpt":{"rendered":"<p style=\"text-align: justify\">S\u1ea3n ph\u1ea9m do c\u00e1c b\u1ea1n khuy\u1ebft t\u1eadt k\u00e9m may m\u1eafn s\u1ea3n xu\u1ea5t th\u1ee7 c\u00f4ng k\u00ednh mong nh\u1eadn \u0111\u01b0\u1ee3c s\u1ef1 \u1ee7ng h\u1ed9 c\u1ee7a Qu\u00fd kh\u00e1ch h\u00e0ng.<\/p>\n<p>Ch\u1ea5t li\u1ec7u: V\u1ea3i linen + v\u1ebd th\u1ee7 c\u00f4ng<\/p>\n<p>Code: TC32TB<\/p>\n<p>Hotline : <span style=\"font-size: 20px\"><strong><span style=\"color: #ff0000\">0909 06 25 28<\/span><\/strong><\/span><\/p>\n<p style=\"text-align: justify\">N\u1ebfu b\u1ea1n \u1edf Vi\u1ec7t Nam vui l\u00f2ng li\u00ean h\u1ec7 ch\u00fang t\u00f4i theo s\u1ed1 hotline ho\u1eb7c fanpage doanh nghi\u1ec7p Nh\u00e0 May M\u1eafn ch\u00fang t\u00f4i \u0111\u1ec3 bi\u1ebft gi\u00e1 b\u00e1n t\u1ea1i Vi\u1ec7t Nam.<\/p>\n","protected":false},"featured_media":40601,"template":"","meta":[],"product_brand":[],"product_cat":[137,138],"product_tag":[],"class_list":{"0":"post-40595","1":"product","2":"type-product","3":"status-publish","4":"has-post-thumbnail","6":"product_cat-phong-may","7":"product_cat-thu-nhoi-bong","9":"first","10":"instock","11":"shipping-taxable","12":"purchasable","13":"product-type-simple"},"yoast_head":"<!-- This site is optimized with the Yoast SEO Premium plugin v22.7 (Yoast SEO v25.3.1) - https:\/\/yoast.com\/wordpress\/plugins\/seo\/ -->\n<title>Con ch\u00f3 Chacal - th\u00fa nh\u1ed3i b\u00f4ng v\u1ea3i linen + v\u1ebd th\u1ee7 c\u00f4ng - Nh\u00e0 May M\u1eafn - Maison Chance<\/title>\n<meta name=\"description\" content=\"M\u1ed7i th\u00fa nh\u1ed3i b\u00f4ng h\u00ecnh con ch\u00f3 Chacal kh\u00f4ng ch\u1ec9 l\u00e0 m\u1ed9t s\u1ea3n ph\u1ea9m, m\u00e0 c\u00f2n l\u00e0 m\u1ed9t c\u00e2u chuy\u1ec7n v\u1ec1 ngh\u1ecb l\u1ef1c v\u00e0 ni\u1ec1m tin. \u0110\u01b0\u1ee3c t\u1ea1o ra b\u1edfi c\u00e1c th\u1ee3 may khuy\u1ebft t\u1eadt t\u1ea1i Nh\u00e0 May M\u1eafn\" \/>\n<meta name=\"robots\" content=\"index, follow, max-snippet:-1, max-image-preview:large, max-video-preview:-1\" \/>\n<link rel=\"canonical\" href=\"https:\/\/maison-chance.org\/shop\/san-pham\/con-cho-chacal\" \/>\n<meta property=\"og:locale\" content=\"vi_VN\" \/>\n<meta property=\"og:type\" content=\"article\" \/>\n<meta property=\"og:title\" content=\"Con ch\u00f3 Chacal\" \/>\n<meta property=\"og:description\" content=\"M\u1ed7i th\u00fa nh\u1ed3i b\u00f4ng h\u00ecnh con ch\u00f3 Chacal kh\u00f4ng ch\u1ec9 l\u00e0 m\u1ed9t s\u1ea3n ph\u1ea9m, m\u00e0 c\u00f2n l\u00e0 m\u1ed9t c\u00e2u chuy\u1ec7n v\u1ec1 ngh\u1ecb l\u1ef1c v\u00e0 ni\u1ec1m tin. \u0110\u01b0\u1ee3c t\u1ea1o ra b\u1edfi c\u00e1c th\u1ee3 may khuy\u1ebft t\u1eadt t\u1ea1i Nh\u00e0 May M\u1eafn\" \/>\n<meta property=\"og:url\" content=\"https:\/\/maison-chance.org\/shop\/san-pham\/con-cho-chacal\" \/>\n<meta property=\"og:site_name\" content=\"Nh\u00e0 May M\u1eafn - Maison Chance\" \/>\n<meta property=\"article:publisher\" content=\"https:\/\/www.facebook.com\/dnxh.nhamayman\/\" \/>\n<meta property=\"article:modified_time\" content=\"2025-02-24T05:50:37+00:00\" \/>\n<meta property=\"og:image\" content=\"https:\/\/maison-chance.org\/shop\/wp-content\/uploads\/2024\/09\/con-cho-Chacal-02.jpg\" \/>\n\t<meta property=\"og:image:width\" content=\"600\" \/>\n\t<meta property=\"og:image:height\" content=\"600\" \/>\n\t<meta property=\"og:image:type\" content=\"image\/jpeg\" \/>\n<meta name=\"twitter:card\" content=\"summary_large_image\" \/>\n<meta name=\"twitter:label1\" content=\"Gi\u00e1\" \/>\n\t<meta name=\"twitter:data1\" content=\"10.20&nbsp;&#036;\" \/>\n\t<meta name=\"twitter:label2\" content=\"Availability\" \/>\n\t<meta name=\"twitter:data2\" content=\"In stock\" \/>\n<script type=\"application\/ld+json\" class=\"yoast-schema-graph\">{\"@context\":\"https:\/\/schema.org\",\"@graph\":[{\"@type\":\"WebPage\",\"@id\":\"https:\/\/maison-chance.org\/shop\/san-pham\/con-cho-chacal\",\"url\":\"https:\/\/maison-chance.org\/shop\/san-pham\/con-cho-chacal\",\"name\":\"Con ch\u00f3 Chacal - th\u00fa nh\u1ed3i b\u00f4ng v\u1ea3i linen + v\u1ebd th\u1ee7 c\u00f4ng - Nh\u00e0 May M\u1eafn - Maison Chance\",\"isPartOf\":{\"@id\":\"https:\/\/maison-chance.org\/shop\/#website\"},\"primaryImageOfPage\":{\"@id\":\"https:\/\/maison-chance.org\/shop\/san-pham\/con-cho-chacal#primaryimage\"},\"image\":{\"@id\":\"https:\/\/maison-chance.org\/shop\/san-pham\/con-cho-chacal#primaryimage\"},\"thumbnailUrl\":\"https:\/\/maison-chance.org\/shop\/wp-content\/uploads\/2024\/09\/con-cho-Chacal-02.jpg\",\"datePublished\":\"2024-09-08T00:00:13+00:00\",\"dateModified\":\"2025-02-24T05:50:37+00:00\",\"description\":\"M\u1ed7i th\u00fa nh\u1ed3i b\u00f4ng h\u00ecnh con ch\u00f3 Chacal kh\u00f4ng ch\u1ec9 l\u00e0 m\u1ed9t s\u1ea3n ph\u1ea9m, m\u00e0 c\u00f2n l\u00e0 m\u1ed9t c\u00e2u chuy\u1ec7n v\u1ec1 ngh\u1ecb l\u1ef1c v\u00e0 ni\u1ec1m tin. \u0110\u01b0\u1ee3c t\u1ea1o ra b\u1edfi c\u00e1c th\u1ee3 may khuy\u1ebft t\u1eadt t\u1ea1i Nh\u00e0 May M\u1eafn\",\"breadcrumb\":{\"@id\":\"https:\/\/maison-chance.org\/shop\/san-pham\/con-cho-chacal#breadcrumb\"},\"inLanguage\":\"vi-VN\",\"potentialAction\":[{\"@type\":\"ReadAction\",\"target\":[\"https:\/\/maison-chance.org\/shop\/san-pham\/con-cho-chacal\"]}]},{\"@type\":\"ImageObject\",\"inLanguage\":\"vi-VN\",\"@id\":\"https:\/\/maison-chance.org\/shop\/san-pham\/con-cho-chacal#primaryimage\",\"url\":\"https:\/\/maison-chance.org\/shop\/wp-content\/uploads\/2024\/09\/con-cho-Chacal-02.jpg\",\"contentUrl\":\"https:\/\/maison-chance.org\/shop\/wp-content\/uploads\/2024\/09\/con-cho-Chacal-02.jpg\",\"width\":600,\"height\":600,\"caption\":\"Con ch\u00f3 Chacal\"},{\"@type\":\"BreadcrumbList\",\"@id\":\"https:\/\/maison-chance.org\/shop\/san-pham\/con-cho-chacal#breadcrumb\",\"itemListElement\":[{\"@type\":\"ListItem\",\"position\":1,\"name\":\"Trang ch\u1ee7\",\"item\":\"https:\/\/maison-chance.org\/shop\/\"},{\"@type\":\"ListItem\",\"position\":2,\"name\":\"Shop\",\"item\":\"https:\/\/maison-chance.org\/shop\/shop\"},{\"@type\":\"ListItem\",\"position\":3,\"name\":\"Con ch\u00f3 Chacal\"}]},{\"@type\":\"WebSite\",\"@id\":\"https:\/\/maison-chance.org\/shop\/#website\",\"url\":\"https:\/\/maison-chance.org\/shop\/\",\"name\":\"Nh\u00e0 May M\u1eafn - Maison Chance\",\"description\":\"M\u1ecdi l\u1ee3i nhu\u1eadn thu v\u1ec1 t\u1eeb vi\u1ec7c b\u00e1n h\u00e0ng s\u1ebd tr\u00edch m\u1ed9t ph\u1ea7n \u0111\u1ec3 ch\u0103m lo cho \u0111\u1eddi s\u1ed1ng c\u00e1c b\u1ea1n khuy\u1ebft t\u1eadt v\u00e0 tr\u1ebb m\u1ed3 c\u00f4i \u1edf \u0111\u00e2y\",\"publisher\":{\"@id\":\"https:\/\/maison-chance.org\/shop\/#organization\"},\"potentialAction\":[{\"@type\":\"SearchAction\",\"target\":{\"@type\":\"EntryPoint\",\"urlTemplate\":\"https:\/\/maison-chance.org\/shop\/?s={search_term_string}\"},\"query-input\":{\"@type\":\"PropertyValueSpecification\",\"valueRequired\":true,\"valueName\":\"search_term_string\"}}],\"inLanguage\":\"vi-VN\"},{\"@type\":\"Organization\",\"@id\":\"https:\/\/maison-chance.org\/shop\/#organization\",\"name\":\"Nh\u00e0 May M\u1eafn - Maison Chance\",\"url\":\"https:\/\/maison-chance.org\/shop\/\",\"logo\":{\"@type\":\"ImageObject\",\"inLanguage\":\"vi-VN\",\"@id\":\"https:\/\/maison-chance.org\/shop\/#\/schema\/logo\/image\/\",\"url\":\"https:\/\/maison-chance.org\/shop\/wp-content\/uploads\/2024\/03\/cropped-Logo_DNXH.png\",\"contentUrl\":\"https:\/\/maison-chance.org\/shop\/wp-content\/uploads\/2024\/03\/cropped-Logo_DNXH.png\",\"width\":512,\"height\":512,\"caption\":\"Nh\u00e0 May M\u1eafn - Maison Chance\"},\"image\":{\"@id\":\"https:\/\/maison-chance.org\/shop\/#\/schema\/logo\/image\/\"},\"sameAs\":[\"https:\/\/www.facebook.com\/dnxh.nhamayman\/\"]}]}<\/script>\n<meta property=\"product:price:amount\" content=\"10.20\" \/>\n<meta property=\"product:price:currency\" content=\"USD\" \/>\n<meta property=\"og:availability\" content=\"instock\" \/>\n<meta property=\"product:availability\" content=\"instock\" \/>\n<meta property=\"product:condition\" content=\"new\" \/>\n<!-- \/ Yoast SEO Premium plugin. -->","yoast_head_json":{"title":"Con ch\u00f3 Chacal - th\u00fa nh\u1ed3i b\u00f4ng v\u1ea3i linen + v\u1ebd th\u1ee7 c\u00f4ng - Nh\u00e0 May M\u1eafn - Maison Chance","description":"M\u1ed7i th\u00fa nh\u1ed3i b\u00f4ng h\u00ecnh con ch\u00f3 Chacal kh\u00f4ng ch\u1ec9 l\u00e0 m\u1ed9t s\u1ea3n ph\u1ea9m, m\u00e0 c\u00f2n l\u00e0 m\u1ed9t c\u00e2u chuy\u1ec7n v\u1ec1 ngh\u1ecb l\u1ef1c v\u00e0 ni\u1ec1m tin. \u0110\u01b0\u1ee3c t\u1ea1o ra b\u1edfi c\u00e1c th\u1ee3 may khuy\u1ebft t\u1eadt t\u1ea1i Nh\u00e0 May M\u1eafn","robots":{"index":"index","follow":"follow","max-snippet":"max-snippet:-1","max-image-preview":"max-image-preview:large","max-video-preview":"max-video-preview:-1"},"canonical":"https:\/\/maison-chance.org\/shop\/san-pham\/con-cho-chacal","og_locale":"vi_VN","og_type":"article","og_title":"Con ch\u00f3 Chacal","og_description":"M\u1ed7i th\u00fa nh\u1ed3i b\u00f4ng h\u00ecnh con ch\u00f3 Chacal kh\u00f4ng ch\u1ec9 l\u00e0 m\u1ed9t s\u1ea3n ph\u1ea9m, m\u00e0 c\u00f2n l\u00e0 m\u1ed9t c\u00e2u chuy\u1ec7n v\u1ec1 ngh\u1ecb l\u1ef1c v\u00e0 ni\u1ec1m tin. \u0110\u01b0\u1ee3c t\u1ea1o ra b\u1edfi c\u00e1c th\u1ee3 may khuy\u1ebft t\u1eadt t\u1ea1i Nh\u00e0 May M\u1eafn","og_url":"https:\/\/maison-chance.org\/shop\/san-pham\/con-cho-chacal","og_site_name":"Nh\u00e0 May M\u1eafn - Maison Chance","article_publisher":"https:\/\/www.facebook.com\/dnxh.nhamayman\/","article_modified_time":"2025-02-24T05:50:37+00:00","og_image":[{"width":600,"height":600,"url":"https:\/\/maison-chance.org\/shop\/wp-content\/uploads\/2024\/09\/con-cho-Chacal-02.jpg","type":"image\/jpeg"}],"twitter_card":"summary_large_image","twitter_misc":{"Gi\u00e1":"10.20&nbsp;&#36;","Availability":"In stock"},"schema":{"@context":"https:\/\/schema.org","@graph":[{"@type":"WebPage","@id":"https:\/\/maison-chance.org\/shop\/san-pham\/con-cho-chacal","url":"https:\/\/maison-chance.org\/shop\/san-pham\/con-cho-chacal","name":"Con ch\u00f3 Chacal - th\u00fa nh\u1ed3i b\u00f4ng v\u1ea3i linen + v\u1ebd th\u1ee7 c\u00f4ng - Nh\u00e0 May M\u1eafn - Maison Chance","isPartOf":{"@id":"https:\/\/maison-chance.org\/shop\/#website"},"primaryImageOfPage":{"@id":"https:\/\/maison-chance.org\/shop\/san-pham\/con-cho-chacal#primaryimage"},"image":{"@id":"https:\/\/maison-chance.org\/shop\/san-pham\/con-cho-chacal#primaryimage"},"thumbnailUrl":"https:\/\/maison-chance.org\/shop\/wp-content\/uploads\/2024\/09\/con-cho-Chacal-02.jpg","datePublished":"2024-09-08T00:00:13+00:00","dateModified":"2025-02-24T05:50:37+00:00","description":"M\u1ed7i th\u00fa nh\u1ed3i b\u00f4ng h\u00ecnh con ch\u00f3 Chacal kh\u00f4ng ch\u1ec9 l\u00e0 m\u1ed9t s\u1ea3n ph\u1ea9m, m\u00e0 c\u00f2n l\u00e0 m\u1ed9t c\u00e2u chuy\u1ec7n v\u1ec1 ngh\u1ecb l\u1ef1c v\u00e0 ni\u1ec1m tin. \u0110\u01b0\u1ee3c t\u1ea1o ra b\u1edfi c\u00e1c th\u1ee3 may khuy\u1ebft t\u1eadt t\u1ea1i Nh\u00e0 May M\u1eafn","breadcrumb":{"@id":"https:\/\/maison-chance.org\/shop\/san-pham\/con-cho-chacal#breadcrumb"},"inLanguage":"vi-VN","potentialAction":[{"@type":"ReadAction","target":["https:\/\/maison-chance.org\/shop\/san-pham\/con-cho-chacal"]}]},{"@type":"ImageObject","inLanguage":"vi-VN","@id":"https:\/\/maison-chance.org\/shop\/san-pham\/con-cho-chacal#primaryimage","url":"https:\/\/maison-chance.org\/shop\/wp-content\/uploads\/2024\/09\/con-cho-Chacal-02.jpg","contentUrl":"https:\/\/maison-chance.org\/shop\/wp-content\/uploads\/2024\/09\/con-cho-Chacal-02.jpg","width":600,"height":600,"caption":"Con ch\u00f3 Chacal"},{"@type":"BreadcrumbList","@id":"https:\/\/maison-chance.org\/shop\/san-pham\/con-cho-chacal#breadcrumb","itemListElement":[{"@type":"ListItem","position":1,"name":"Trang ch\u1ee7","item":"https:\/\/maison-chance.org\/shop\/"},{"@type":"ListItem","position":2,"name":"Shop","item":"https:\/\/maison-chance.org\/shop\/shop"},{"@type":"ListItem","position":3,"name":"Con ch\u00f3 Chacal"}]},{"@type":"WebSite","@id":"https:\/\/maison-chance.org\/shop\/#website","url":"https:\/\/maison-chance.org\/shop\/","name":"Nh\u00e0 May M\u1eafn - Maison Chance","description":"M\u1ecdi l\u1ee3i nhu\u1eadn thu v\u1ec1 t\u1eeb vi\u1ec7c b\u00e1n h\u00e0ng s\u1ebd tr\u00edch m\u1ed9t ph\u1ea7n \u0111\u1ec3 ch\u0103m lo cho \u0111\u1eddi s\u1ed1ng c\u00e1c b\u1ea1n khuy\u1ebft t\u1eadt v\u00e0 tr\u1ebb m\u1ed3 c\u00f4i \u1edf \u0111\u00e2y","publisher":{"@id":"https:\/\/maison-chance.org\/shop\/#organization"},"potentialAction":[{"@type":"SearchAction","target":{"@type":"EntryPoint","urlTemplate":"https:\/\/maison-chance.org\/shop\/?s={search_term_string}"},"query-input":{"@type":"PropertyValueSpecification","valueRequired":true,"valueName":"search_term_string"}}],"inLanguage":"vi-VN"},{"@type":"Organization","@id":"https:\/\/maison-chance.org\/shop\/#organization","name":"Nh\u00e0 May M\u1eafn - Maison Chance","url":"https:\/\/maison-chance.org\/shop\/","logo":{"@type":"ImageObject","inLanguage":"vi-VN","@id":"https:\/\/maison-chance.org\/shop\/#\/schema\/logo\/image\/","url":"https:\/\/maison-chance.org\/shop\/wp-content\/uploads\/2024\/03\/cropped-Logo_DNXH.png","contentUrl":"https:\/\/maison-chance.org\/shop\/wp-content\/uploads\/2024\/03\/cropped-Logo_DNXH.png","width":512,"height":512,"caption":"Nh\u00e0 May M\u1eafn - Maison Chance"},"image":{"@id":"https:\/\/maison-chance.org\/shop\/#\/schema\/logo\/image\/"},"sameAs":["https:\/\/www.facebook.com\/dnxh.nhamayman\/"]}]},"product_price_amount":"10.20","product_price_currency":"USD","og_availability":"instock","product_availability":"instock","product_condition":"new"},"_links":{"self":[{"href":"https:\/\/maison-chance.org\/shop\/wp-json\/wp\/v2\/product\/40595","targetHints":{"allow":["GET"]}}],"collection":[{"href":"https:\/\/maison-chance.org\/shop\/wp-json\/wp\/v2\/product"}],"about":[{"href":"https:\/\/maison-chance.org\/shop\/wp-json\/wp\/v2\/types\/product"}],"wp:featuredmedia":[{"embeddable":true,"href":"https:\/\/maison-chance.org\/shop\/wp-json\/wp\/v2\/media\/40601"}],"wp:attachment":[{"href":"https:\/\/maison-chance.org\/shop\/wp-json\/wp\/v2\/media?parent=40595"}],"wp:term":[{"taxonomy":"product_brand","embeddable":true,"href":"https:\/\/maison-chance.org\/shop\/wp-json\/wp\/v2\/product_brand?post=40595"},{"taxonomy":"product_cat","embeddable":true,"href":"https:\/\/maison-chance.org\/shop\/wp-json\/wp\/v2\/product_cat?post=40595"},{"taxonomy":"product_tag","embeddable":true,"href":"https:\/\/maison-chance.org\/shop\/wp-json\/wp\/v2\/product_tag?post=40595"}],"curies":[{"name":"wp","href":"https:\/\/api.w.org\/{rel}","templated":true}]}}