{"id":40952,"date":"2024-11-06T07:00:57","date_gmt":"2024-11-06T00:00:57","guid":{"rendered":"https:\/\/maison-chance.org\/shop?post_type=product&#038;p=40952"},"modified":"2025-03-15T09:57:23","modified_gmt":"2025-03-15T02:57:23","slug":"thu-nhoi-bong-hinh-con-rong-vai-thai","status":"publish","type":"product","link":"https:\/\/maison-chance.org\/shop\/san-pham\/thu-nhoi-bong-hinh-con-rong-vai-thai","title":{"rendered":"Con r\u1ed3ng"},"content":{"rendered":"<p data-start=\"76\" data-end=\"318\">B\u1ea1n c\u00f3 tin v\u00e0o s\u1ee9c m\u1ea1nh c\u1ee7a linh v\u1eadt? B\u1ea1n c\u00f3 tin r\u1eb1ng m\u1ed9t m\u00f3n \u0111\u1ed3 nh\u1ecf b\u00e9 c\u0169ng c\u00f3 th\u1ec3 mang \u0111\u1ebfn may m\u1eafn v\u00e0 truy\u1ec1n c\u1ea3m h\u1ee9ng? V\u00e0 b\u1ea1n c\u00f3 tin r\u1eb1ng t\u1eebng \u0111\u01b0\u1eddng kim, m\u0169i ch\u1ec9 tr\u00ean ch\u00fa r\u1ed3ng n\u00e0y l\u00e0 k\u1ebft tinh c\u1ee7a \u00fd ch\u00ed phi th\u01b0\u1eddng? H\u00e3y \u0111\u1ec3 R\u1ed3ng v\u1ea3i Th\u00e1i TH06TB c\u1ee7a ch\u00fang t\u00f4i tr\u1edf th\u00e0nh bi\u1ec3u t\u01b0\u1ee3ng c\u1ee7a th\u00e0nh c\u00f4ng v\u00e0 ngh\u1ecb l\u1ef1c, \u0111\u1ed3ng h\u00e0nh c\u00f9ng b\u1ea1n tr\u00ean h\u00e0nh tr\u00ecnh chinh ph\u1ee5c nh\u1eefng \u0111\u1ec9nh cao m\u1edbi!<\/p>\n<p style=\"text-align: justify\"><a href=\"https:\/\/maison-chance.org\/shop\/san-pham\/thu-nhoi-bong-hinh-con-rong-vai-thai\">Con r\u1ed3ng v\u1ea3i Th\u00e1i<\/a> (m\u00e3 s\u1ea3n ph\u1ea9m TH06TB) l\u00e0 t\u00e1c ph\u1ea9m th\u1ee7 c\u00f4ng tinh x\u1ea3o v\u1edbi k\u00edch th\u01b0\u1edbc 6 \u00d7 30 cm, \u0111\u01b0\u1ee3c ch\u1ebf t\u00e1c t\u1eeb ch\u1ea5t li\u1ec7u v\u1ea3i Th\u00e1i cao c\u1ea5p. S\u1ea3n ph\u1ea9m n\u1ed5i b\u1eadt v\u1edbi m\u00e0u xanh r\u00eau sang tr\u1ecdng, \u0111i\u1ec3m xuy\u1ebft nh\u1eefng h\u1ecda ti\u1ebft v\u00e0ng \u00e1nh kim t\u1ea1o n\u00ean v\u1ebb \u0111\u1eb9p sang tr\u1ecdng v\u00e0 \u0111\u1ed9c \u0111\u00e1o. T\u1eebng chi ti\u1ebft nh\u1ecf nh\u01b0 r\u00e2u r\u1ed3ng, v\u1ea3y r\u1ed3ng, v\u00e0 m\u00f3ng vu\u1ed1t \u0111\u1ec1u \u0111\u01b0\u1ee3c c\u00e1c th\u1ee3 may ch\u0103m ch\u00fat t\u1ec9 m\u1ec9, t\u1ea1o n\u00ean m\u1ed9t t\u00e1c ph\u1ea9m ngh\u1ec7 thu\u1eadt \u0111\u1ea7y s\u1ed1ng \u0111\u1ed9ng.<\/p>\n<p>Trong phong th\u1ee7y, R\u1ed3ng l\u00e0 linh v\u1eadt m\u1ea1nh m\u1ebd nh\u1ea5t, t\u01b0\u1ee3ng tr\u01b0ng cho quy\u1ec1n uy, t\u00e0i l\u1ed9c v\u00e0 v\u1eadn may. \u0110\u1eb7t m\u1ed9t ch\u00fa r\u1ed3ng trong nh\u00e0, tr\u00ean b\u00e0n l\u00e0m vi\u1ec7c hay mang theo b\u00ean m\u00ecnh, b\u1ea1n s\u1ebd lu\u00f4n c\u1ea3m nh\u1eadn \u0111\u01b0\u1ee3c ngu\u1ed3n n\u0103ng l\u01b0\u1ee3ng m\u1ea1nh m\u1ebd v\u00e0 s\u1ef1 b\u1ea3o tr\u1ee3 c\u1ee7a linh v\u1eadt n\u00e0y:<\/p>\n<ul>\n<li>Chi\u00eau t\u00e0i, h\u00fat l\u1ed9c, gia t\u0103ng v\u1eadn may<\/li>\n<li>Mang l\u1ea1i s\u1ee9c m\u1ea1nh, s\u1ef1 ki\u00ean tr\u00ec v\u00e0 \u00fd ch\u00ed v\u01b0\u01a1n xa<\/li>\n<li>B\u1ea3o v\u1ec7 gia \u0111\u00ecnh, xua \u0111u\u1ed5i n\u0103ng l\u01b0\u1ee3ng ti\u00eau c\u1ef1c<\/li>\n<\/ul>\n<p>Ch\u00fa r\u1ed3ng n\u00e0y kh\u00f4ng \u0111\u01b0\u1ee3c t\u1ea1o ra t\u1eeb m\u1ed9t d\u00e2y chuy\u1ec1n c\u00f4ng nghi\u1ec7p l\u1ea1nh l\u1ebdo, m\u00e0 t\u1eeb \u0111\u00f4i tay kh\u00e9o l\u00e9o v\u00e0 tr\u00e1i tim \u1ea5m \u00e1p c\u1ee7a nh\u1eefng ng\u01b0\u1eddi khuy\u1ebft t\u1eadt.<\/p>\n<ul>\n<li style=\"text-align: justify\">M\u1ed7i \u0111\u01b0\u1eddng may l\u00e0 m\u1ed9t c\u00e2u chuy\u1ec7n v\u1ec1 ngh\u1ecb l\u1ef1c<\/li>\n<li style=\"text-align: justify\">M\u1ed7i m\u0169i ch\u1ec9 l\u00e0 m\u1ed9t gi\u1ea5c m\u01a1 v\u1ec1 ng\u00e0y mai t\u01b0\u01a1i s\u00e1ng<\/li>\n<li style=\"text-align: justify\">M\u1ed7i s\u1ea3n ph\u1ea9m b\u1ea1n mua l\u00e0 m\u1ed9t c\u01a1 h\u1ed9i gi\u00fap h\u1ecd v\u1eefng v\u00e0ng h\u01a1n tr\u00ean con \u0111\u01b0\u1eddng t\u1ef1 l\u1eadp<\/li>\n<\/ul>\n<p style=\"text-align: justify\">H\u00e3y \u0111\u1ec3 con r\u1ed3ng v\u1ea3i Th\u00e1i tr\u1edf th\u00e0nh m\u00f3n qu\u00e0 \u00fd ngh\u0129a ti\u1ebfp theo b\u1ea1n d\u00e0nh t\u1eb7ng cho ng\u01b0\u1eddi th\u00e2n, b\u1ea1n b\u00e8, ho\u1eb7c ch\u00ednh m\u00ecnh. B\u1eb1ng c\u00e1ch n\u00e0y, b\u1ea1n kh\u00f4ng ch\u1ec9 lan t\u1ecfa may m\u1eafn m\u00e0 c\u00f2n g\u00f3p ph\u1ea7n t\u1ea1o n\u00ean nh\u1eefng \u0111i\u1ec1u t\u1ed1t \u0111\u1eb9p cho c\u1ed9ng \u0111\u1ed3ng.\u00a0\u0110\u1eb6T NGAY \u0111\u1ec3 s\u1edf h\u1eefu linh v\u1eadt may m\u1eafn &amp; \u0111\u1ed3ng h\u00e0nh c\u00f9ng nh\u1eefng \u0111\u00f4i tay \u0111\u1ea7y ngh\u1ecb l\u1ef1c!<\/p>\n<p data-start=\"593\" data-end=\"663\"><em>R\u01b0\u1edbc m\u1ed9t b\u00e9 r\u1ed3ng v\u1ec1 ngay \u0111\u1ec3: May m\u1eafn theo ch\u00e2n, v\u01b0\u1ee3ng kh\u00ed ng\u1eadp tr\u00e0n!<\/em><\/p>\n","protected":false},"excerpt":{"rendered":"<p style=\"text-align: justify\">S\u1ea3n ph\u1ea9m do c\u00e1c b\u1ea1n khuy\u1ebft t\u1eadt k\u00e9m may m\u1eafn s\u1ea3n xu\u1ea5t th\u1ee7 c\u00f4ng k\u00ednh mong nh\u1eadn \u0111\u01b0\u1ee3c s\u1ef1 \u1ee7ng h\u1ed9 c\u1ee7a Qu\u00fd kh\u00e1ch h\u00e0ng.<\/p>\n<p>Ch\u1ea5t li\u1ec7u: V\u1ea3i th\u1ed5 c\u1ea9m<\/p>\n<p>Code: TC06TH<\/p>\n<p>Hotline : <span style=\"font-size: 20px\"><strong><span style=\"color: #ff0000\">0909 06 25 28<\/span><\/strong><\/span><\/p>\n<p style=\"text-align: justify\">N\u1ebfu b\u1ea1n \u1edf Vi\u1ec7t Nam vui l\u00f2ng li\u00ean h\u1ec7 ch\u00fang t\u00f4i theo s\u1ed1 hotline ho\u1eb7c fanpage doanh nghi\u1ec7p Nh\u00e0 May M\u1eafn ch\u00fang t\u00f4i \u0111\u1ec3 bi\u1ebft gi\u00e1 b\u00e1n t\u1ea1i Vi\u1ec7t Nam.<\/p>\n","protected":false},"featured_media":40954,"template":"","meta":[],"product_brand":[],"product_cat":[137,138],"product_tag":[],"class_list":{"0":"post-40952","1":"product","2":"type-product","3":"status-publish","4":"has-post-thumbnail","6":"product_cat-phong-may","7":"product_cat-thu-nhoi-bong","9":"first","10":"instock","11":"shipping-taxable","12":"purchasable","13":"product-type-simple"},"yoast_head":"<!-- This site is optimized with the Yoast SEO Premium plugin v22.7 (Yoast SEO v25.3.1) - https:\/\/yoast.com\/wordpress\/plugins\/seo\/ -->\n<title>Con r\u1ed3ng- th\u00fa nh\u1ed3i b\u00f4ng v\u1ea3i Th\u00e1i - Nh\u00e0 May M\u1eafn - Maison Chance<\/title>\n<meta name=\"description\" content=\"Th\u00fa nh\u1ed3i b\u00f4ng h\u00ecnh con r\u1ed3ng v\u1ea3i Th\u00e1i l\u00e0 t\u00e1c ph\u1ea9m th\u1ee7 c\u00f4ng tinh x\u1ea3o v\u1edbi k\u00edch th\u01b0\u1edbc 6 \u00d7 30 cm, \u0111\u01b0\u1ee3c ch\u1ebf t\u00e1c t\u1eeb ch\u1ea5t li\u1ec7u v\u1ea3i Th\u00e1i cao c\u1ea5p. \u0110\u1ec3m xuy\u1ebft nh\u1eefng h\u1ecda ti\u1ebft v\u00e0ng \u00e1nh kim t\u1ea1o n\u00ean v\u1ebb \u0111\u1eb9p sang tr\u1ecdng v\u00e0 \u0111\u1ed9c \u0111\u00e1o.\" \/>\n<meta name=\"robots\" content=\"index, follow, max-snippet:-1, max-image-preview:large, max-video-preview:-1\" \/>\n<link rel=\"canonical\" href=\"https:\/\/maison-chance.org\/shop\/san-pham\/thu-nhoi-bong-hinh-con-rong-vai-thai\" \/>\n<meta property=\"og:locale\" content=\"vi_VN\" \/>\n<meta property=\"og:type\" content=\"article\" \/>\n<meta property=\"og:title\" content=\"Con r\u1ed3ng\" \/>\n<meta property=\"og:description\" content=\"Th\u00fa nh\u1ed3i b\u00f4ng h\u00ecnh con r\u1ed3ng v\u1ea3i Th\u00e1i l\u00e0 t\u00e1c ph\u1ea9m th\u1ee7 c\u00f4ng tinh x\u1ea3o v\u1edbi k\u00edch th\u01b0\u1edbc 6 \u00d7 30 cm, \u0111\u01b0\u1ee3c ch\u1ebf t\u00e1c t\u1eeb ch\u1ea5t li\u1ec7u v\u1ea3i Th\u00e1i cao c\u1ea5p. \u0110\u1ec3m xuy\u1ebft nh\u1eefng h\u1ecda ti\u1ebft v\u00e0ng \u00e1nh kim t\u1ea1o n\u00ean v\u1ebb \u0111\u1eb9p sang tr\u1ecdng v\u00e0 \u0111\u1ed9c \u0111\u00e1o.\" \/>\n<meta property=\"og:url\" content=\"https:\/\/maison-chance.org\/shop\/san-pham\/thu-nhoi-bong-hinh-con-rong-vai-thai\" \/>\n<meta property=\"og:site_name\" content=\"Nh\u00e0 May M\u1eafn - Maison Chance\" \/>\n<meta property=\"article:publisher\" content=\"https:\/\/www.facebook.com\/dnxh.nhamayman\/\" \/>\n<meta property=\"article:modified_time\" content=\"2025-03-15T02:57:23+00:00\" \/>\n<meta property=\"og:image\" content=\"https:\/\/maison-chance.org\/shop\/wp-content\/uploads\/2024\/11\/thu-nhoi-bong-hinh-con-rong-vai-thai.jpg\" \/>\n\t<meta property=\"og:image:width\" content=\"600\" \/>\n\t<meta property=\"og:image:height\" content=\"600\" \/>\n\t<meta property=\"og:image:type\" content=\"image\/jpeg\" \/>\n<meta name=\"twitter:card\" content=\"summary_large_image\" \/>\n<meta name=\"twitter:label1\" content=\"Gi\u00e1\" \/>\n\t<meta name=\"twitter:data1\" content=\"8.20&nbsp;&#036;\" \/>\n\t<meta name=\"twitter:label2\" content=\"Availability\" \/>\n\t<meta name=\"twitter:data2\" content=\"In stock\" \/>\n<script type=\"application\/ld+json\" class=\"yoast-schema-graph\">{\"@context\":\"https:\/\/schema.org\",\"@graph\":[{\"@type\":\"WebPage\",\"@id\":\"https:\/\/maison-chance.org\/shop\/san-pham\/thu-nhoi-bong-hinh-con-rong-vai-thai\",\"url\":\"https:\/\/maison-chance.org\/shop\/san-pham\/thu-nhoi-bong-hinh-con-rong-vai-thai\",\"name\":\"Con r\u1ed3ng- th\u00fa nh\u1ed3i b\u00f4ng v\u1ea3i Th\u00e1i - Nh\u00e0 May M\u1eafn - Maison Chance\",\"isPartOf\":{\"@id\":\"https:\/\/maison-chance.org\/shop\/#website\"},\"primaryImageOfPage\":{\"@id\":\"https:\/\/maison-chance.org\/shop\/san-pham\/thu-nhoi-bong-hinh-con-rong-vai-thai#primaryimage\"},\"image\":{\"@id\":\"https:\/\/maison-chance.org\/shop\/san-pham\/thu-nhoi-bong-hinh-con-rong-vai-thai#primaryimage\"},\"thumbnailUrl\":\"https:\/\/maison-chance.org\/shop\/wp-content\/uploads\/2024\/11\/thu-nhoi-bong-hinh-con-rong-vai-thai.jpg\",\"datePublished\":\"2024-11-06T00:00:57+00:00\",\"dateModified\":\"2025-03-15T02:57:23+00:00\",\"description\":\"Th\u00fa nh\u1ed3i b\u00f4ng h\u00ecnh con r\u1ed3ng v\u1ea3i Th\u00e1i l\u00e0 t\u00e1c ph\u1ea9m th\u1ee7 c\u00f4ng tinh x\u1ea3o v\u1edbi k\u00edch th\u01b0\u1edbc 6 \u00d7 30 cm, \u0111\u01b0\u1ee3c ch\u1ebf t\u00e1c t\u1eeb ch\u1ea5t li\u1ec7u v\u1ea3i Th\u00e1i cao c\u1ea5p. \u0110\u1ec3m xuy\u1ebft nh\u1eefng h\u1ecda ti\u1ebft v\u00e0ng \u00e1nh kim t\u1ea1o n\u00ean v\u1ebb \u0111\u1eb9p sang tr\u1ecdng v\u00e0 \u0111\u1ed9c \u0111\u00e1o.\",\"breadcrumb\":{\"@id\":\"https:\/\/maison-chance.org\/shop\/san-pham\/thu-nhoi-bong-hinh-con-rong-vai-thai#breadcrumb\"},\"inLanguage\":\"vi-VN\",\"potentialAction\":[{\"@type\":\"ReadAction\",\"target\":[\"https:\/\/maison-chance.org\/shop\/san-pham\/thu-nhoi-bong-hinh-con-rong-vai-thai\"]}]},{\"@type\":\"ImageObject\",\"inLanguage\":\"vi-VN\",\"@id\":\"https:\/\/maison-chance.org\/shop\/san-pham\/thu-nhoi-bong-hinh-con-rong-vai-thai#primaryimage\",\"url\":\"https:\/\/maison-chance.org\/shop\/wp-content\/uploads\/2024\/11\/thu-nhoi-bong-hinh-con-rong-vai-thai.jpg\",\"contentUrl\":\"https:\/\/maison-chance.org\/shop\/wp-content\/uploads\/2024\/11\/thu-nhoi-bong-hinh-con-rong-vai-thai.jpg\",\"width\":600,\"height\":600,\"caption\":\"Th\u00fa nh\u1ed3i b\u00f4ng h\u00ecnh con R\u1ed3ng v\u1ea3i Th\u00e1i\"},{\"@type\":\"BreadcrumbList\",\"@id\":\"https:\/\/maison-chance.org\/shop\/san-pham\/thu-nhoi-bong-hinh-con-rong-vai-thai#breadcrumb\",\"itemListElement\":[{\"@type\":\"ListItem\",\"position\":1,\"name\":\"Trang ch\u1ee7\",\"item\":\"https:\/\/maison-chance.org\/shop\/\"},{\"@type\":\"ListItem\",\"position\":2,\"name\":\"Shop\",\"item\":\"https:\/\/maison-chance.org\/shop\/shop\"},{\"@type\":\"ListItem\",\"position\":3,\"name\":\"Con r\u1ed3ng\"}]},{\"@type\":\"WebSite\",\"@id\":\"https:\/\/maison-chance.org\/shop\/#website\",\"url\":\"https:\/\/maison-chance.org\/shop\/\",\"name\":\"Nh\u00e0 May M\u1eafn - Maison Chance\",\"description\":\"M\u1ecdi l\u1ee3i nhu\u1eadn thu v\u1ec1 t\u1eeb vi\u1ec7c b\u00e1n h\u00e0ng s\u1ebd tr\u00edch m\u1ed9t ph\u1ea7n \u0111\u1ec3 ch\u0103m lo cho \u0111\u1eddi s\u1ed1ng c\u00e1c b\u1ea1n khuy\u1ebft t\u1eadt v\u00e0 tr\u1ebb m\u1ed3 c\u00f4i \u1edf \u0111\u00e2y\",\"publisher\":{\"@id\":\"https:\/\/maison-chance.org\/shop\/#organization\"},\"potentialAction\":[{\"@type\":\"SearchAction\",\"target\":{\"@type\":\"EntryPoint\",\"urlTemplate\":\"https:\/\/maison-chance.org\/shop\/?s={search_term_string}\"},\"query-input\":{\"@type\":\"PropertyValueSpecification\",\"valueRequired\":true,\"valueName\":\"search_term_string\"}}],\"inLanguage\":\"vi-VN\"},{\"@type\":\"Organization\",\"@id\":\"https:\/\/maison-chance.org\/shop\/#organization\",\"name\":\"Nh\u00e0 May M\u1eafn - Maison Chance\",\"url\":\"https:\/\/maison-chance.org\/shop\/\",\"logo\":{\"@type\":\"ImageObject\",\"inLanguage\":\"vi-VN\",\"@id\":\"https:\/\/maison-chance.org\/shop\/#\/schema\/logo\/image\/\",\"url\":\"https:\/\/maison-chance.org\/shop\/wp-content\/uploads\/2024\/03\/cropped-Logo_DNXH.png\",\"contentUrl\":\"https:\/\/maison-chance.org\/shop\/wp-content\/uploads\/2024\/03\/cropped-Logo_DNXH.png\",\"width\":512,\"height\":512,\"caption\":\"Nh\u00e0 May M\u1eafn - Maison Chance\"},\"image\":{\"@id\":\"https:\/\/maison-chance.org\/shop\/#\/schema\/logo\/image\/\"},\"sameAs\":[\"https:\/\/www.facebook.com\/dnxh.nhamayman\/\"]}]}<\/script>\n<meta property=\"product:price:amount\" content=\"8.20\" \/>\n<meta property=\"product:price:currency\" content=\"USD\" \/>\n<meta property=\"og:availability\" content=\"instock\" \/>\n<meta property=\"product:availability\" content=\"instock\" \/>\n<meta property=\"product:condition\" content=\"new\" \/>\n<!-- \/ Yoast SEO Premium plugin. -->","yoast_head_json":{"title":"Con r\u1ed3ng- th\u00fa nh\u1ed3i b\u00f4ng v\u1ea3i Th\u00e1i - Nh\u00e0 May M\u1eafn - Maison Chance","description":"Th\u00fa nh\u1ed3i b\u00f4ng h\u00ecnh con r\u1ed3ng v\u1ea3i Th\u00e1i l\u00e0 t\u00e1c ph\u1ea9m th\u1ee7 c\u00f4ng tinh x\u1ea3o v\u1edbi k\u00edch th\u01b0\u1edbc 6 \u00d7 30 cm, \u0111\u01b0\u1ee3c ch\u1ebf t\u00e1c t\u1eeb ch\u1ea5t li\u1ec7u v\u1ea3i Th\u00e1i cao c\u1ea5p. \u0110\u1ec3m xuy\u1ebft nh\u1eefng h\u1ecda ti\u1ebft v\u00e0ng \u00e1nh kim t\u1ea1o n\u00ean v\u1ebb \u0111\u1eb9p sang tr\u1ecdng v\u00e0 \u0111\u1ed9c \u0111\u00e1o.","robots":{"index":"index","follow":"follow","max-snippet":"max-snippet:-1","max-image-preview":"max-image-preview:large","max-video-preview":"max-video-preview:-1"},"canonical":"https:\/\/maison-chance.org\/shop\/san-pham\/thu-nhoi-bong-hinh-con-rong-vai-thai","og_locale":"vi_VN","og_type":"article","og_title":"Con r\u1ed3ng","og_description":"Th\u00fa nh\u1ed3i b\u00f4ng h\u00ecnh con r\u1ed3ng v\u1ea3i Th\u00e1i l\u00e0 t\u00e1c ph\u1ea9m th\u1ee7 c\u00f4ng tinh x\u1ea3o v\u1edbi k\u00edch th\u01b0\u1edbc 6 \u00d7 30 cm, \u0111\u01b0\u1ee3c ch\u1ebf t\u00e1c t\u1eeb ch\u1ea5t li\u1ec7u v\u1ea3i Th\u00e1i cao c\u1ea5p. \u0110\u1ec3m xuy\u1ebft nh\u1eefng h\u1ecda ti\u1ebft v\u00e0ng \u00e1nh kim t\u1ea1o n\u00ean v\u1ebb \u0111\u1eb9p sang tr\u1ecdng v\u00e0 \u0111\u1ed9c \u0111\u00e1o.","og_url":"https:\/\/maison-chance.org\/shop\/san-pham\/thu-nhoi-bong-hinh-con-rong-vai-thai","og_site_name":"Nh\u00e0 May M\u1eafn - Maison Chance","article_publisher":"https:\/\/www.facebook.com\/dnxh.nhamayman\/","article_modified_time":"2025-03-15T02:57:23+00:00","og_image":[{"width":600,"height":600,"url":"https:\/\/maison-chance.org\/shop\/wp-content\/uploads\/2024\/11\/thu-nhoi-bong-hinh-con-rong-vai-thai.jpg","type":"image\/jpeg"}],"twitter_card":"summary_large_image","twitter_misc":{"Gi\u00e1":"8.20&nbsp;&#36;","Availability":"In stock"},"schema":{"@context":"https:\/\/schema.org","@graph":[{"@type":"WebPage","@id":"https:\/\/maison-chance.org\/shop\/san-pham\/thu-nhoi-bong-hinh-con-rong-vai-thai","url":"https:\/\/maison-chance.org\/shop\/san-pham\/thu-nhoi-bong-hinh-con-rong-vai-thai","name":"Con r\u1ed3ng- th\u00fa nh\u1ed3i b\u00f4ng v\u1ea3i Th\u00e1i - Nh\u00e0 May M\u1eafn - Maison Chance","isPartOf":{"@id":"https:\/\/maison-chance.org\/shop\/#website"},"primaryImageOfPage":{"@id":"https:\/\/maison-chance.org\/shop\/san-pham\/thu-nhoi-bong-hinh-con-rong-vai-thai#primaryimage"},"image":{"@id":"https:\/\/maison-chance.org\/shop\/san-pham\/thu-nhoi-bong-hinh-con-rong-vai-thai#primaryimage"},"thumbnailUrl":"https:\/\/maison-chance.org\/shop\/wp-content\/uploads\/2024\/11\/thu-nhoi-bong-hinh-con-rong-vai-thai.jpg","datePublished":"2024-11-06T00:00:57+00:00","dateModified":"2025-03-15T02:57:23+00:00","description":"Th\u00fa nh\u1ed3i b\u00f4ng h\u00ecnh con r\u1ed3ng v\u1ea3i Th\u00e1i l\u00e0 t\u00e1c ph\u1ea9m th\u1ee7 c\u00f4ng tinh x\u1ea3o v\u1edbi k\u00edch th\u01b0\u1edbc 6 \u00d7 30 cm, \u0111\u01b0\u1ee3c ch\u1ebf t\u00e1c t\u1eeb ch\u1ea5t li\u1ec7u v\u1ea3i Th\u00e1i cao c\u1ea5p. \u0110\u1ec3m xuy\u1ebft nh\u1eefng h\u1ecda ti\u1ebft v\u00e0ng \u00e1nh kim t\u1ea1o n\u00ean v\u1ebb \u0111\u1eb9p sang tr\u1ecdng v\u00e0 \u0111\u1ed9c \u0111\u00e1o.","breadcrumb":{"@id":"https:\/\/maison-chance.org\/shop\/san-pham\/thu-nhoi-bong-hinh-con-rong-vai-thai#breadcrumb"},"inLanguage":"vi-VN","potentialAction":[{"@type":"ReadAction","target":["https:\/\/maison-chance.org\/shop\/san-pham\/thu-nhoi-bong-hinh-con-rong-vai-thai"]}]},{"@type":"ImageObject","inLanguage":"vi-VN","@id":"https:\/\/maison-chance.org\/shop\/san-pham\/thu-nhoi-bong-hinh-con-rong-vai-thai#primaryimage","url":"https:\/\/maison-chance.org\/shop\/wp-content\/uploads\/2024\/11\/thu-nhoi-bong-hinh-con-rong-vai-thai.jpg","contentUrl":"https:\/\/maison-chance.org\/shop\/wp-content\/uploads\/2024\/11\/thu-nhoi-bong-hinh-con-rong-vai-thai.jpg","width":600,"height":600,"caption":"Th\u00fa nh\u1ed3i b\u00f4ng h\u00ecnh con R\u1ed3ng v\u1ea3i Th\u00e1i"},{"@type":"BreadcrumbList","@id":"https:\/\/maison-chance.org\/shop\/san-pham\/thu-nhoi-bong-hinh-con-rong-vai-thai#breadcrumb","itemListElement":[{"@type":"ListItem","position":1,"name":"Trang ch\u1ee7","item":"https:\/\/maison-chance.org\/shop\/"},{"@type":"ListItem","position":2,"name":"Shop","item":"https:\/\/maison-chance.org\/shop\/shop"},{"@type":"ListItem","position":3,"name":"Con r\u1ed3ng"}]},{"@type":"WebSite","@id":"https:\/\/maison-chance.org\/shop\/#website","url":"https:\/\/maison-chance.org\/shop\/","name":"Nh\u00e0 May M\u1eafn - Maison Chance","description":"M\u1ecdi l\u1ee3i nhu\u1eadn thu v\u1ec1 t\u1eeb vi\u1ec7c b\u00e1n h\u00e0ng s\u1ebd tr\u00edch m\u1ed9t ph\u1ea7n \u0111\u1ec3 ch\u0103m lo cho \u0111\u1eddi s\u1ed1ng c\u00e1c b\u1ea1n khuy\u1ebft t\u1eadt v\u00e0 tr\u1ebb m\u1ed3 c\u00f4i \u1edf \u0111\u00e2y","publisher":{"@id":"https:\/\/maison-chance.org\/shop\/#organization"},"potentialAction":[{"@type":"SearchAction","target":{"@type":"EntryPoint","urlTemplate":"https:\/\/maison-chance.org\/shop\/?s={search_term_string}"},"query-input":{"@type":"PropertyValueSpecification","valueRequired":true,"valueName":"search_term_string"}}],"inLanguage":"vi-VN"},{"@type":"Organization","@id":"https:\/\/maison-chance.org\/shop\/#organization","name":"Nh\u00e0 May M\u1eafn - Maison Chance","url":"https:\/\/maison-chance.org\/shop\/","logo":{"@type":"ImageObject","inLanguage":"vi-VN","@id":"https:\/\/maison-chance.org\/shop\/#\/schema\/logo\/image\/","url":"https:\/\/maison-chance.org\/shop\/wp-content\/uploads\/2024\/03\/cropped-Logo_DNXH.png","contentUrl":"https:\/\/maison-chance.org\/shop\/wp-content\/uploads\/2024\/03\/cropped-Logo_DNXH.png","width":512,"height":512,"caption":"Nh\u00e0 May M\u1eafn - Maison Chance"},"image":{"@id":"https:\/\/maison-chance.org\/shop\/#\/schema\/logo\/image\/"},"sameAs":["https:\/\/www.facebook.com\/dnxh.nhamayman\/"]}]},"product_price_amount":"8.20","product_price_currency":"USD","og_availability":"instock","product_availability":"instock","product_condition":"new"},"_links":{"self":[{"href":"https:\/\/maison-chance.org\/shop\/wp-json\/wp\/v2\/product\/40952","targetHints":{"allow":["GET"]}}],"collection":[{"href":"https:\/\/maison-chance.org\/shop\/wp-json\/wp\/v2\/product"}],"about":[{"href":"https:\/\/maison-chance.org\/shop\/wp-json\/wp\/v2\/types\/product"}],"wp:featuredmedia":[{"embeddable":true,"href":"https:\/\/maison-chance.org\/shop\/wp-json\/wp\/v2\/media\/40954"}],"wp:attachment":[{"href":"https:\/\/maison-chance.org\/shop\/wp-json\/wp\/v2\/media?parent=40952"}],"wp:term":[{"taxonomy":"product_brand","embeddable":true,"href":"https:\/\/maison-chance.org\/shop\/wp-json\/wp\/v2\/product_brand?post=40952"},{"taxonomy":"product_cat","embeddable":true,"href":"https:\/\/maison-chance.org\/shop\/wp-json\/wp\/v2\/product_cat?post=40952"},{"taxonomy":"product_tag","embeddable":true,"href":"https:\/\/maison-chance.org\/shop\/wp-json\/wp\/v2\/product_tag?post=40952"}],"curies":[{"name":"wp","href":"https:\/\/api.w.org\/{rel}","templated":true}]}}