{"id":41079,"date":"2024-09-01T06:00:36","date_gmt":"2024-08-31T23:00:36","guid":{"rendered":"https:\/\/maison-chance.org\/shop?post_type=product&#038;p=41079"},"modified":"2025-09-19T09:54:14","modified_gmt":"2025-09-19T02:54:14","slug":"con-tuan-loc","status":"publish","type":"product","link":"https:\/\/maison-chance.org\/shop\/san-pham\/con-tuan-loc","title":{"rendered":"Con tu\u1ea7n l\u1ed9c"},"content":{"rendered":"<p><strong>CON TU\u1ea6N L\u1ed8C V\u1ea2I TH\u1ed4 C\u1ea8M &#8211; KHI Y\u00caU TH\u01af\u01a0NG \u0110\u01af\u1ee2C &#8220;D\u1ec6T&#8221; TH\u00c0NH H\u00ccNH<\/strong><\/p>\n<p style=\"text-align: justify;\">T\u1eeb nh\u1eefng \u0111\u00f4i b\u00e0n tay kh\u00e9o l\u00e9o c\u1ee7a c\u00e1c <a href=\"https:\/\/maison-chance.org\/shop\/phong-may\">th\u1ee3 may khuy\u1ebft t\u1eadt<\/a> \u0111ang t\u1ec9 m\u1ec9 t\u1ea1o n\u00ean nh\u1eefng s\u1ea3n ph\u1ea9m th\u1ee7 c\u00f4ng \u0111\u1ed9c \u0111\u00e1o. M\u1ed9t trong nh\u1eefng t\u00e1c ph\u1ea9m \u0111\u00e1ng y\u00eau nh\u1ea5t ch\u00ednh l\u00e0 con tu\u1ea7n l\u1ed9c v\u1ea3i th\u1ed5 c\u1ea9m &#8211; m\u00f3n \u0111\u1ed3 ch\u01a1i an to\u00e0n v\u00e0 gi\u00e0u \u00fd ngh\u0129a. M\u1ed7i \u0111\u01b0\u1eddng kim m\u0169i ch\u1ec9 \u0111\u1ec1u ch\u1ee9a \u0111\u1ef1ng t\u00ecnh y\u00eau th\u01b0\u01a1ng v\u00e0 ni\u1ec1m \u0111am m\u00ea s\u00e1ng t\u1ea1o c\u1ee7a nh\u1eefng ng\u01b0\u1eddi th\u1ee3 may \u0111\u1eb7c bi\u1ec7t.<\/p>\n<p style=\"text-align: justify;\"><a href=\"https:\/\/maison-chance.org\/shop\/san-pham\/con-tuan-loc\">Con tu\u1ea7n l\u1ed9c v\u1ea3i th\u1ed5 c\u1ea9m<\/a> \u0111\u01b0\u1ee3c may th\u1ee7 c\u00f4ng v\u1edbi k\u00edch th\u01b0\u1edbc nh\u1ecf g\u1ecdn 5&#215;23 cm, mang trong m\u00ecnh v\u1ebb \u0111\u1eb9p m\u1ed9c m\u1ea1c k\u1ebft h\u1ee3p gi\u1eefa ch\u1ea5t li\u1ec7u v\u1ea3i th\u1ed5 c\u1ea9m truy\u1ec1n th\u1ed1ng v\u00e0 thi\u1ebft k\u1ebf hi\u1ec7n \u0111\u1ea1i. Ch\u00fa tu\u1ea7n l\u1ed9c kho\u00e1c l\u00ean m\u00ecnh s\u1eafc \u0111\u1ecf \u1ea5m \u00e1p c\u00f9ng h\u1ecda ti\u1ebft h\u00ecnh h\u1ecdc tr\u1eafng tinh t\u1ebf, s\u1ea3n ph\u1ea9m mang \u0111\u1ebfn v\u1ebb \u0111\u1eb9p l\u00f4i cu\u1ed1n v\u00e0 \u1ea5m \u00e1p cho kh\u00f4ng gian s\u1ed1ng.<\/p>\n<p>\u0110i\u1ec3m \u0111\u1eb7c bi\u1ec7t c\u1ee7a s\u1ea3n ph\u1ea9m n\u1eb1m \u1edf chi\u1ebfc chu\u00f4ng v\u00e0ng nh\u1ecf xinh \u0111\u01b0\u1ee3c g\u1eafn tinh t\u1ebf \u1edf c\u1ed5 kh\u00f4ng ch\u1ec9 l\u00e0m t\u0103ng n\u00e9t duy\u00ean d\u00e1ng cho ch\u00fa tu\u1ea7n l\u1ed9c m\u00e0 c\u00f2n t\u00f4 \u0111i\u1ec3m th\u00eam \u00e2m thanh vui tai m\u1ed7i khi chuy\u1ec3n \u0111\u1ed9ng, gi\u00fap m\u00f3n \u0111\u1ed3 ch\u01a1i kh\u00f4ng ch\u1ec9 d\u1ec5 th\u01b0\u01a1ng m\u00e0 c\u00f2n th\u1ef1c s\u1ef1 &#8220;c\u00f3 h\u1ed3n.&#8221; Chi ti\u1ebft n\u00e0y kh\u00f4ng ch\u1ec9 gi\u00fap k\u00edch th\u00edch th\u00ednh gi\u00e1c c\u1ee7a tr\u1ebb m\u00e0 c\u00f2n t\u0103ng th\u00eam t\u00ednh th\u1ea9m m\u1ef9 cho m\u00f3n \u0111\u1ed3 trang tr\u00ed.<\/p>\n<p style=\"text-align: justify;\">L\u00e0 m\u00f3n \u0111\u1ed3 trang tr\u00ed \u0111a n\u0103ng, con tu\u1ea7n l\u1ed9c v\u1ea3i th\u1ed5 c\u1ea9m c\u00f3 th\u1ec3 \u0111\u01b0\u1ee3c \u0111\u1eb7t \u1edf nhi\u1ec1u v\u1ecb tr\u00ed trong nh\u00e0. B\u1ea1n c\u00f3 th\u1ec3 treo ch\u00fang tr\u00ean c\u00e2y th\u00f4ng Noel trong d\u1ecbp l\u1ec5 Gi\u00e1ng sinh, \u0111\u1eb7t tr\u00ean k\u1ec7 s\u00e1ch trong ph\u00f2ng h\u1ecdc c\u1ee7a tr\u1ebb, hay trang tr\u00ed tr\u00ean b\u00e0n l\u00e0m vi\u1ec7c \u0111\u1ec3 t\u1ea1o c\u1ea3m h\u1ee9ng. V\u1edbi ch\u1ea5t li\u1ec7u v\u1ea3i m\u1ec1m m\u1ea1i v\u00e0 thi\u1ebft k\u1ebf an to\u00e0n kh\u00f4ng g\u00f3c c\u1ea1nh, \u0111\u00e2y c\u00f2n l\u00e0 m\u00f3n \u0111\u1ed3 ch\u01a1i l\u00fd t\u01b0\u1edfng cho c\u00e1c b\u00e9.<\/p>\n<p style=\"text-align: justify;\">M\u1ed7i con tu\u1ea7n l\u1ed9c v\u1ea3i th\u1ed5 c\u1ea9m l\u00e0 th\u00e0nh qu\u1ea3 t\u1eeb qu\u00e1 tr\u00ecnh lao \u0111\u1ed9ng \u0111\u1ea7y t\u00e2m huy\u1ebft c\u1ee7a c\u00e1c th\u1ee3 may t\u1ea1i Nh\u00e0 May M\u1eafn. T\u1eebng c\u00f4ng \u0111o\u1ea1n t\u1eeb ch\u1ecdn v\u1ea3i, c\u1eaft may, nh\u1ed3i b\u00f4ng \u0111\u1ebfn th\u00eau chi ti\u1ebft m\u1eaft, m\u0169i \u0111\u1ec1u \u0111\u01b0\u1ee3c th\u1ef1c hi\u1ec7n v\u1edbi s\u1ef1 ch\u0103m ch\u00fat, \u0111\u1ea3m b\u1ea3o s\u1ea3n ph\u1ea9m \u0111\u1ea1t ch\u1ea5t l\u01b0\u1ee3ng t\u1ed1t nh\u1ea5t \u0111\u1ebfn tay ng\u01b0\u1eddi ti\u00eau d\u00f9ng.<\/p>\n<p style=\"text-align: justify;\">Khi mua s\u1ea3n ph\u1ea9m con tu\u1ea7n l\u1ed9c v\u1ea3i th\u1ed5 c\u1ea9m, b\u1ea1n kh\u00f4ng ch\u1ec9 s\u1edf h\u1eefu m\u1ed9t m\u00f3n \u0111\u1ed3 th\u1ee7 c\u00f4ng \u0111\u1ed9c \u0111\u00e1o m\u00e0 c\u00f2n g\u00f3p ph\u1ea7n \u1ee7ng h\u1ed9 v\u00e0 t\u1ea1o \u0111\u1ed9ng l\u1ef1c cho c\u00e1c th\u1ee3 may khuy\u1ebft t\u1eadt t\u1ea1i Nh\u00e0 May M\u1eafn. M\u1ed7i s\u1ea3n ph\u1ea9m \u0111\u01b0\u1ee3c b\u00e1n ra \u0111\u1ec1u g\u00f3p ph\u1ea7n t\u1ea1o vi\u1ec7c l\u00e0m v\u00e0 thu nh\u1eadp \u1ed5n \u0111\u1ecbnh cho h\u1ecd, gi\u00fap h\u1ecd t\u1ef1 tin h\u01a1n trong cu\u1ed9c s\u1ed1ng v\u00e0 c\u00f3 c\u01a1 h\u1ed9i ph\u00e1t tri\u1ec3n k\u1ef9 n\u0103ng ngh\u1ec1 nghi\u1ec7p.<\/p>\n<p style=\"text-align: justify;\">H\u00e3y mang v\u1ec1 nh\u00e0 m\u1ed9t con tu\u1ea7n l\u1ed9c v\u1ea3i th\u1ed5 c\u1ea9m \u0111\u1ec3 l\u00e0m m\u00f3n qu\u00e0 \u00fd ngh\u0129a cho ng\u01b0\u1eddi th\u00e2n, b\u1ea1n b\u00e8 ho\u1eb7c trang tr\u00ed kh\u00f4ng gian s\u1ed1ng c\u1ee7a b\u1ea1n. V\u1edbi m\u00e3 s\u1ea3n ph\u1ea9m <a href=\"https:\/\/maison-chance.org\/shop\/thu-nhoi-bong\">th\u00fa nh\u1ed3i b\u00f4ng<\/a> TC38TB, b\u1ea1n c\u00f3 th\u1ec3 d\u1ec5 d\u00e0ng \u0111\u1eb7t mua tr\u1ef1c ti\u1ebfp t\u1ea1i <a href=\"https:\/\/maison-chance.org\/shop\">Nh\u00e0 May M\u1eafn<\/a> ho\u1eb7c qua c\u00e1c k\u00eanh b\u00e1n h\u00e0ng online ch\u00ednh th\u1ee9c. M\u1ed7i s\u1ef1 \u1ee7ng h\u1ed9 c\u1ee7a b\u1ea1n l\u00e0 m\u1ed9t \u0111\u1ed9ng l\u1ef1c qu\u00fd gi\u00e1, ti\u1ebfp th\u00eam n\u0103ng l\u01b0\u1ee3ng cho c\u00e1c th\u1ee3 may khuy\u1ebft t\u1eadt ti\u1ebfp t\u1ee5c s\u00e1ng t\u1ea1o nh\u1eefng s\u1ea3n ph\u1ea9m th\u1ee7 c\u00f4ng \u0111\u1ed9c \u0111\u00e1o v\u00e0 \u00fd ngh\u0129a.<\/p>\n","protected":false},"excerpt":{"rendered":"<p style=\"text-align: justify;\">S\u1ea3n ph\u1ea9m do c\u00e1c b\u1ea1n khuy\u1ebft t\u1eadt k\u00e9m may m\u1eafn s\u1ea3n xu\u1ea5t th\u1ee7 c\u00f4ng k\u00ednh mong nh\u1eadn \u0111\u01b0\u1ee3c s\u1ef1 \u1ee7ng h\u1ed9 c\u1ee7a Qu\u00fd kh\u00e1ch h\u00e0ng.<\/p>\n<p>Ch\u1ea5t li\u1ec7u: V\u1ea3i th\u1ed5 c\u1ea9m + v\u1ea3i b\u1ed1 ho\u1eb7c v\u1ea3i n\u1ec9 + v\u1ea3i b\u1ed1<\/p>\n<p>Code: TC38TB<\/p>\n<p>Hotline : <span style=\"font-size: 20px;\"><strong><span style=\"color: #ff0000;\">0909 06 25 28<\/span><\/strong><\/span><\/p>\n<p style=\"text-align: justify;\">N\u1ebfu b\u1ea1n \u1edf Vi\u1ec7t Nam vui l\u00f2ng li\u00ean h\u1ec7 ch\u00fang t\u00f4i theo s\u1ed1 hotline ho\u1eb7c fanpage doanh nghi\u1ec7p Nh\u00e0 May M\u1eafn ch\u00fang t\u00f4i \u0111\u1ec3 bi\u1ebft gi\u00e1 b\u00e1n t\u1ea1i Vi\u1ec7t Nam.<\/p>\n<p>B\u1ea3ng gi\u00e1 giao h\u00e0ng qu\u1ed1c t\u1ebf tham kh\u1ea3o :<\/p>\n<table>\n<thead>\n<tr>\n<th>KG<\/th>\n<th>Ch\u00e2u \u00c2u<\/th>\n<th>Ch\u00e2u M\u1ef9<\/th>\n<th>Ch\u00e2u \u00c1<\/th>\n<\/tr>\n<\/thead>\n<tbody>\n<tr>\n<td>0.5<\/td>\n<td>1.244.206<\/td>\n<td>1.639.022<\/td>\n<td>1.001.072<\/td>\n<\/tr>\n<tr>\n<td>1.0<\/td>\n<td>1.550.288<\/td>\n<td>2.036.567<\/td>\n<td>1.198.539<\/td>\n<\/tr>\n<tr>\n<td>1.5<\/td>\n<td>1.853.529<\/td>\n<td>2.437.063<\/td>\n<td>1.396.006<\/td>\n<\/tr>\n<tr>\n<td>2.0<\/td>\n<td>2.156.770<\/td>\n<td>2.837.559<\/td>\n<td>1.593.473<\/td>\n<\/tr>\n<\/tbody>\n<\/table>\n","protected":false},"featured_media":42056,"template":"","meta":[],"product_brand":[],"product_cat":[137,138],"product_tag":[],"class_list":{"0":"post-41079","1":"product","2":"type-product","3":"status-publish","4":"has-post-thumbnail","6":"product_cat-phong-may","7":"product_cat-thu-nhoi-bong","9":"first","10":"instock","11":"shipping-taxable","12":"purchasable","13":"product-type-variable"},"yoast_head":"<!-- This site is optimized with the Yoast SEO Premium plugin v22.7 (Yoast SEO v25.3.1) - https:\/\/yoast.com\/wordpress\/plugins\/seo\/ -->\n<title>Con tu\u1ea7n l\u1ed9c- th\u00fa nh\u1ed3i b\u00f4ng v\u1ea3i th\u1ed5 c\u1ea9m - Nh\u00e0 May M\u1eafn - Maison Chance<\/title>\n<meta name=\"description\" content=\"Con tu\u1ea7n l\u1ed9c v\u1ea3i th\u1ed5 c\u1ea9m \u0111\u01b0\u1ee3c may th\u1ee7 c\u00f4ng v\u1edbi k\u00edch th\u01b0\u1edbc 5 x 23 cm, l\u00e0 s\u1ef1 k\u1ebft h\u1ee3p ho\u00e0n h\u1ea3o gi\u1eefa ch\u1ea5t li\u1ec7u v\u1ea3i th\u1ed5 c\u1ea9m truy\u1ec1n th\u1ed1ng v\u00e0 thi\u1ebft k\u1ebf hi\u1ec7n \u0111\u1ea1i.\" \/>\n<meta name=\"robots\" content=\"index, follow, max-snippet:-1, max-image-preview:large, max-video-preview:-1\" \/>\n<link rel=\"canonical\" href=\"https:\/\/maison-chance.org\/shop\/san-pham\/con-tuan-loc\" \/>\n<meta property=\"og:locale\" content=\"vi_VN\" \/>\n<meta property=\"og:type\" content=\"article\" \/>\n<meta property=\"og:title\" content=\"Con tu\u1ea7n l\u1ed9c\" \/>\n<meta property=\"og:description\" content=\"Con tu\u1ea7n l\u1ed9c v\u1ea3i th\u1ed5 c\u1ea9m \u0111\u01b0\u1ee3c may th\u1ee7 c\u00f4ng v\u1edbi k\u00edch th\u01b0\u1edbc 5 x 23 cm, l\u00e0 s\u1ef1 k\u1ebft h\u1ee3p ho\u00e0n h\u1ea3o gi\u1eefa ch\u1ea5t li\u1ec7u v\u1ea3i th\u1ed5 c\u1ea9m truy\u1ec1n th\u1ed1ng v\u00e0 thi\u1ebft k\u1ebf hi\u1ec7n \u0111\u1ea1i.\" \/>\n<meta property=\"og:url\" content=\"https:\/\/maison-chance.org\/shop\/san-pham\/con-tuan-loc\" \/>\n<meta property=\"og:site_name\" content=\"Nh\u00e0 May M\u1eafn - Maison Chance\" \/>\n<meta property=\"article:publisher\" content=\"https:\/\/www.facebook.com\/dnxh.nhamayman\/\" \/>\n<meta property=\"article:modified_time\" content=\"2025-09-19T02:54:14+00:00\" \/>\n<meta property=\"og:image\" content=\"https:\/\/maison-chance.org\/shop\/wp-content\/uploads\/2025\/09\/50.png\" \/>\n\t<meta property=\"og:image:width\" content=\"1200\" \/>\n\t<meta property=\"og:image:height\" content=\"1500\" \/>\n\t<meta property=\"og:image:type\" content=\"image\/png\" \/>\n<meta name=\"twitter:card\" content=\"summary_large_image\" \/>\n<meta name=\"twitter:label1\" content=\"Availability\" \/>\n\t<meta name=\"twitter:data1\" content=\"In stock\" \/>\n<script type=\"application\/ld+json\" class=\"yoast-schema-graph\">{\"@context\":\"https:\/\/schema.org\",\"@graph\":[{\"@type\":\"WebPage\",\"@id\":\"https:\/\/maison-chance.org\/shop\/san-pham\/con-tuan-loc\",\"url\":\"https:\/\/maison-chance.org\/shop\/san-pham\/con-tuan-loc\",\"name\":\"Con tu\u1ea7n l\u1ed9c- th\u00fa nh\u1ed3i b\u00f4ng v\u1ea3i th\u1ed5 c\u1ea9m - Nh\u00e0 May M\u1eafn - Maison Chance\",\"isPartOf\":{\"@id\":\"https:\/\/maison-chance.org\/shop\/#website\"},\"primaryImageOfPage\":{\"@id\":\"https:\/\/maison-chance.org\/shop\/san-pham\/con-tuan-loc#primaryimage\"},\"image\":{\"@id\":\"https:\/\/maison-chance.org\/shop\/san-pham\/con-tuan-loc#primaryimage\"},\"thumbnailUrl\":\"https:\/\/maison-chance.org\/shop\/wp-content\/uploads\/2025\/09\/50.png\",\"datePublished\":\"2024-08-31T23:00:36+00:00\",\"dateModified\":\"2025-09-19T02:54:14+00:00\",\"description\":\"Con tu\u1ea7n l\u1ed9c v\u1ea3i th\u1ed5 c\u1ea9m \u0111\u01b0\u1ee3c may th\u1ee7 c\u00f4ng v\u1edbi k\u00edch th\u01b0\u1edbc 5 x 23 cm, l\u00e0 s\u1ef1 k\u1ebft h\u1ee3p ho\u00e0n h\u1ea3o gi\u1eefa ch\u1ea5t li\u1ec7u v\u1ea3i th\u1ed5 c\u1ea9m truy\u1ec1n th\u1ed1ng v\u00e0 thi\u1ebft k\u1ebf hi\u1ec7n \u0111\u1ea1i.\",\"breadcrumb\":{\"@id\":\"https:\/\/maison-chance.org\/shop\/san-pham\/con-tuan-loc#breadcrumb\"},\"inLanguage\":\"vi-VN\",\"potentialAction\":[{\"@type\":\"ReadAction\",\"target\":[\"https:\/\/maison-chance.org\/shop\/san-pham\/con-tuan-loc\"]}]},{\"@type\":\"ImageObject\",\"inLanguage\":\"vi-VN\",\"@id\":\"https:\/\/maison-chance.org\/shop\/san-pham\/con-tuan-loc#primaryimage\",\"url\":\"https:\/\/maison-chance.org\/shop\/wp-content\/uploads\/2025\/09\/50.png\",\"contentUrl\":\"https:\/\/maison-chance.org\/shop\/wp-content\/uploads\/2025\/09\/50.png\",\"width\":1200,\"height\":1500},{\"@type\":\"BreadcrumbList\",\"@id\":\"https:\/\/maison-chance.org\/shop\/san-pham\/con-tuan-loc#breadcrumb\",\"itemListElement\":[{\"@type\":\"ListItem\",\"position\":1,\"name\":\"Trang ch\u1ee7\",\"item\":\"https:\/\/maison-chance.org\/shop\/\"},{\"@type\":\"ListItem\",\"position\":2,\"name\":\"Shop\",\"item\":\"https:\/\/maison-chance.org\/shop\/shop\"},{\"@type\":\"ListItem\",\"position\":3,\"name\":\"Con tu\u1ea7n l\u1ed9c\"}]},{\"@type\":\"WebSite\",\"@id\":\"https:\/\/maison-chance.org\/shop\/#website\",\"url\":\"https:\/\/maison-chance.org\/shop\/\",\"name\":\"Nh\u00e0 May M\u1eafn - Maison Chance\",\"description\":\"M\u1ecdi l\u1ee3i nhu\u1eadn thu v\u1ec1 t\u1eeb vi\u1ec7c b\u00e1n h\u00e0ng s\u1ebd tr\u00edch m\u1ed9t ph\u1ea7n \u0111\u1ec3 ch\u0103m lo cho \u0111\u1eddi s\u1ed1ng c\u00e1c b\u1ea1n khuy\u1ebft t\u1eadt v\u00e0 tr\u1ebb m\u1ed3 c\u00f4i \u1edf \u0111\u00e2y\",\"publisher\":{\"@id\":\"https:\/\/maison-chance.org\/shop\/#organization\"},\"potentialAction\":[{\"@type\":\"SearchAction\",\"target\":{\"@type\":\"EntryPoint\",\"urlTemplate\":\"https:\/\/maison-chance.org\/shop\/?s={search_term_string}\"},\"query-input\":{\"@type\":\"PropertyValueSpecification\",\"valueRequired\":true,\"valueName\":\"search_term_string\"}}],\"inLanguage\":\"vi-VN\"},{\"@type\":\"Organization\",\"@id\":\"https:\/\/maison-chance.org\/shop\/#organization\",\"name\":\"Nh\u00e0 May M\u1eafn - Maison Chance\",\"url\":\"https:\/\/maison-chance.org\/shop\/\",\"logo\":{\"@type\":\"ImageObject\",\"inLanguage\":\"vi-VN\",\"@id\":\"https:\/\/maison-chance.org\/shop\/#\/schema\/logo\/image\/\",\"url\":\"https:\/\/maison-chance.org\/shop\/wp-content\/uploads\/2024\/03\/cropped-Logo_DNXH.png\",\"contentUrl\":\"https:\/\/maison-chance.org\/shop\/wp-content\/uploads\/2024\/03\/cropped-Logo_DNXH.png\",\"width\":512,\"height\":512,\"caption\":\"Nh\u00e0 May M\u1eafn - Maison Chance\"},\"image\":{\"@id\":\"https:\/\/maison-chance.org\/shop\/#\/schema\/logo\/image\/\"},\"sameAs\":[\"https:\/\/www.facebook.com\/dnxh.nhamayman\/\"]}]}<\/script>\n<meta property=\"og:availability\" content=\"instock\" \/>\n<meta property=\"product:availability\" content=\"instock\" \/>\n<meta property=\"product:condition\" content=\"new\" \/>\n<!-- \/ Yoast SEO Premium plugin. -->","yoast_head_json":{"title":"Con tu\u1ea7n l\u1ed9c- th\u00fa nh\u1ed3i b\u00f4ng v\u1ea3i th\u1ed5 c\u1ea9m - Nh\u00e0 May M\u1eafn - Maison Chance","description":"Con tu\u1ea7n l\u1ed9c v\u1ea3i th\u1ed5 c\u1ea9m \u0111\u01b0\u1ee3c may th\u1ee7 c\u00f4ng v\u1edbi k\u00edch th\u01b0\u1edbc 5 x 23 cm, l\u00e0 s\u1ef1 k\u1ebft h\u1ee3p ho\u00e0n h\u1ea3o gi\u1eefa ch\u1ea5t li\u1ec7u v\u1ea3i th\u1ed5 c\u1ea9m truy\u1ec1n th\u1ed1ng v\u00e0 thi\u1ebft k\u1ebf hi\u1ec7n \u0111\u1ea1i.","robots":{"index":"index","follow":"follow","max-snippet":"max-snippet:-1","max-image-preview":"max-image-preview:large","max-video-preview":"max-video-preview:-1"},"canonical":"https:\/\/maison-chance.org\/shop\/san-pham\/con-tuan-loc","og_locale":"vi_VN","og_type":"article","og_title":"Con tu\u1ea7n l\u1ed9c","og_description":"Con tu\u1ea7n l\u1ed9c v\u1ea3i th\u1ed5 c\u1ea9m \u0111\u01b0\u1ee3c may th\u1ee7 c\u00f4ng v\u1edbi k\u00edch th\u01b0\u1edbc 5 x 23 cm, l\u00e0 s\u1ef1 k\u1ebft h\u1ee3p ho\u00e0n h\u1ea3o gi\u1eefa ch\u1ea5t li\u1ec7u v\u1ea3i th\u1ed5 c\u1ea9m truy\u1ec1n th\u1ed1ng v\u00e0 thi\u1ebft k\u1ebf hi\u1ec7n \u0111\u1ea1i.","og_url":"https:\/\/maison-chance.org\/shop\/san-pham\/con-tuan-loc","og_site_name":"Nh\u00e0 May M\u1eafn - Maison Chance","article_publisher":"https:\/\/www.facebook.com\/dnxh.nhamayman\/","article_modified_time":"2025-09-19T02:54:14+00:00","og_image":[{"width":1200,"height":1500,"url":"https:\/\/maison-chance.org\/shop\/wp-content\/uploads\/2025\/09\/50.png","type":"image\/png"}],"twitter_card":"summary_large_image","twitter_misc":{"Availability":"In stock"},"schema":{"@context":"https:\/\/schema.org","@graph":[{"@type":"WebPage","@id":"https:\/\/maison-chance.org\/shop\/san-pham\/con-tuan-loc","url":"https:\/\/maison-chance.org\/shop\/san-pham\/con-tuan-loc","name":"Con tu\u1ea7n l\u1ed9c- th\u00fa nh\u1ed3i b\u00f4ng v\u1ea3i th\u1ed5 c\u1ea9m - Nh\u00e0 May M\u1eafn - Maison Chance","isPartOf":{"@id":"https:\/\/maison-chance.org\/shop\/#website"},"primaryImageOfPage":{"@id":"https:\/\/maison-chance.org\/shop\/san-pham\/con-tuan-loc#primaryimage"},"image":{"@id":"https:\/\/maison-chance.org\/shop\/san-pham\/con-tuan-loc#primaryimage"},"thumbnailUrl":"https:\/\/maison-chance.org\/shop\/wp-content\/uploads\/2025\/09\/50.png","datePublished":"2024-08-31T23:00:36+00:00","dateModified":"2025-09-19T02:54:14+00:00","description":"Con tu\u1ea7n l\u1ed9c v\u1ea3i th\u1ed5 c\u1ea9m \u0111\u01b0\u1ee3c may th\u1ee7 c\u00f4ng v\u1edbi k\u00edch th\u01b0\u1edbc 5 x 23 cm, l\u00e0 s\u1ef1 k\u1ebft h\u1ee3p ho\u00e0n h\u1ea3o gi\u1eefa ch\u1ea5t li\u1ec7u v\u1ea3i th\u1ed5 c\u1ea9m truy\u1ec1n th\u1ed1ng v\u00e0 thi\u1ebft k\u1ebf hi\u1ec7n \u0111\u1ea1i.","breadcrumb":{"@id":"https:\/\/maison-chance.org\/shop\/san-pham\/con-tuan-loc#breadcrumb"},"inLanguage":"vi-VN","potentialAction":[{"@type":"ReadAction","target":["https:\/\/maison-chance.org\/shop\/san-pham\/con-tuan-loc"]}]},{"@type":"ImageObject","inLanguage":"vi-VN","@id":"https:\/\/maison-chance.org\/shop\/san-pham\/con-tuan-loc#primaryimage","url":"https:\/\/maison-chance.org\/shop\/wp-content\/uploads\/2025\/09\/50.png","contentUrl":"https:\/\/maison-chance.org\/shop\/wp-content\/uploads\/2025\/09\/50.png","width":1200,"height":1500},{"@type":"BreadcrumbList","@id":"https:\/\/maison-chance.org\/shop\/san-pham\/con-tuan-loc#breadcrumb","itemListElement":[{"@type":"ListItem","position":1,"name":"Trang ch\u1ee7","item":"https:\/\/maison-chance.org\/shop\/"},{"@type":"ListItem","position":2,"name":"Shop","item":"https:\/\/maison-chance.org\/shop\/shop"},{"@type":"ListItem","position":3,"name":"Con tu\u1ea7n l\u1ed9c"}]},{"@type":"WebSite","@id":"https:\/\/maison-chance.org\/shop\/#website","url":"https:\/\/maison-chance.org\/shop\/","name":"Nh\u00e0 May M\u1eafn - Maison Chance","description":"M\u1ecdi l\u1ee3i nhu\u1eadn thu v\u1ec1 t\u1eeb vi\u1ec7c b\u00e1n h\u00e0ng s\u1ebd tr\u00edch m\u1ed9t ph\u1ea7n \u0111\u1ec3 ch\u0103m lo cho \u0111\u1eddi s\u1ed1ng c\u00e1c b\u1ea1n khuy\u1ebft t\u1eadt v\u00e0 tr\u1ebb m\u1ed3 c\u00f4i \u1edf \u0111\u00e2y","publisher":{"@id":"https:\/\/maison-chance.org\/shop\/#organization"},"potentialAction":[{"@type":"SearchAction","target":{"@type":"EntryPoint","urlTemplate":"https:\/\/maison-chance.org\/shop\/?s={search_term_string}"},"query-input":{"@type":"PropertyValueSpecification","valueRequired":true,"valueName":"search_term_string"}}],"inLanguage":"vi-VN"},{"@type":"Organization","@id":"https:\/\/maison-chance.org\/shop\/#organization","name":"Nh\u00e0 May M\u1eafn - Maison Chance","url":"https:\/\/maison-chance.org\/shop\/","logo":{"@type":"ImageObject","inLanguage":"vi-VN","@id":"https:\/\/maison-chance.org\/shop\/#\/schema\/logo\/image\/","url":"https:\/\/maison-chance.org\/shop\/wp-content\/uploads\/2024\/03\/cropped-Logo_DNXH.png","contentUrl":"https:\/\/maison-chance.org\/shop\/wp-content\/uploads\/2024\/03\/cropped-Logo_DNXH.png","width":512,"height":512,"caption":"Nh\u00e0 May M\u1eafn - Maison Chance"},"image":{"@id":"https:\/\/maison-chance.org\/shop\/#\/schema\/logo\/image\/"},"sameAs":["https:\/\/www.facebook.com\/dnxh.nhamayman\/"]}]},"og_availability":"instock","product_availability":"instock","product_condition":"new"},"_links":{"self":[{"href":"https:\/\/maison-chance.org\/shop\/wp-json\/wp\/v2\/product\/41079","targetHints":{"allow":["GET"]}}],"collection":[{"href":"https:\/\/maison-chance.org\/shop\/wp-json\/wp\/v2\/product"}],"about":[{"href":"https:\/\/maison-chance.org\/shop\/wp-json\/wp\/v2\/types\/product"}],"wp:featuredmedia":[{"embeddable":true,"href":"https:\/\/maison-chance.org\/shop\/wp-json\/wp\/v2\/media\/42056"}],"wp:attachment":[{"href":"https:\/\/maison-chance.org\/shop\/wp-json\/wp\/v2\/media?parent=41079"}],"wp:term":[{"taxonomy":"product_brand","embeddable":true,"href":"https:\/\/maison-chance.org\/shop\/wp-json\/wp\/v2\/product_brand?post=41079"},{"taxonomy":"product_cat","embeddable":true,"href":"https:\/\/maison-chance.org\/shop\/wp-json\/wp\/v2\/product_cat?post=41079"},{"taxonomy":"product_tag","embeddable":true,"href":"https:\/\/maison-chance.org\/shop\/wp-json\/wp\/v2\/product_tag?post=41079"}],"curies":[{"name":"wp","href":"https:\/\/api.w.org\/{rel}","templated":true}]}}