{"id":41205,"date":"2024-11-26T11:08:14","date_gmt":"2024-11-26T04:08:14","guid":{"rendered":"https:\/\/maison-chance.org\/shop?post_type=product&#038;p=41205"},"modified":"2024-11-26T11:10:07","modified_gmt":"2024-11-26T04:10:07","slug":"banh-quy-bo","status":"publish","type":"product","link":"https:\/\/maison-chance.org\/shop\/san-pham\/banh-quy-bo","title":{"rendered":"B\u00e1nh quy b\u01a1"},"content":{"rendered":"<p style=\"text-align: justify;\"><a href=\"https:\/\/maison-chance.org\/shop\/san-pham\/banh-quy-bo\">B\u00e1nh quy b\u01a1<\/a> lu\u00f4n chi\u1ebfm tr\u1ecdn c\u1ea3m t\u00ecnh c\u1ee7a c\u00e1c t\u00edn \u0111\u1ed3 \u1ea9m th\u1ef1c nh\u1edd h\u01b0\u01a1ng v\u1ecb th\u01a1m ngon, b\u00e9o ng\u1eady v\u00e0 k\u1ebft c\u1ea5u gi\u00f2n tan \u0111\u1eb7c tr\u01b0ng. B\u00e1nh quy b\u01a1 Nh\u00e0 May M\u1eafn kh\u00f4ng ch\u1ec9 mang \u0111\u1ebfn tr\u1ea3i nghi\u1ec7m h\u01b0\u01a1ng v\u1ecb tuy\u1ec7t v\u1eddi, m\u00e0 c\u00f2n lan t\u1ecfa s\u1ef1 \u1ea5m \u00e1p v\u00e0 t\u00e2m huy\u1ebft trong t\u1eebng chi\u1ebfc b\u00e1nh. \u0110\u00e2y kh\u00f4ng ch\u1ec9 l\u00e0 m\u1ed9t s\u1ea3n ph\u1ea9m, m\u00e0 c\u00f2n l\u00e0 m\u00f3n qu\u00e0 \u0111\u1ea7y \u00fd ngh\u0129a cho b\u1ea1n v\u00e0 ng\u01b0\u1eddi th\u00e2n.<\/p>\n<p style=\"text-align: justify;\">B\u00e1nh quy b\u01a1 <a href=\"https:\/\/maison-chance.org\/shop\">Nh\u00e0 May M\u1eafn<\/a> \u0111\u01b0\u1ee3c l\u00e0m t\u1eeb nh\u1eefng nguy\u00ean li\u1ec7u t\u1ef1 nhi\u00ean, \u0111\u01b0\u1ee3c ch\u1ecdn l\u1ecdc k\u1ef9 l\u01b0\u1ee1ng \u0111\u1ec3 \u0111\u1ea3m b\u1ea3o ch\u1ea5t l\u01b0\u1ee3ng cao nh\u1ea5t.<\/p>\n<p style=\"text-align: justify;\">Nh\u1eefng chi\u1ebfc b\u00e1nh gi\u00f2n tan th\u01a1m l\u1eebng n\u00e0y \u0111\u01b0\u1ee3c l\u00e0m t\u1eeb:<\/p>\n<p style=\"text-align: justify;\">&#8211; B\u1ed9t m\u00ec: Th\u00e0nh ph\u1ea7n ch\u00ednh gi\u00fap t\u1ea1o n\u00ean \u0111\u1ed9 gi\u00f2n \u0111\u1eb7c tr\u01b0ng cho b\u00e1nh.<\/p>\n<p style=\"text-align: justify;\">&#8211; B\u01a1: Lo\u1ea1i b\u01a1 cao c\u1ea5p mang l\u1ea1i m\u00f9i th\u01a1m b\u00e9o ng\u1eady, \u0111\u1eadm \u0111\u00e0 v\u00e0 kh\u00f3 c\u01b0\u1ee1ng.<\/p>\n<p style=\"text-align: justify;\">&#8211; S\u1eefa: T\u0103ng c\u01b0\u1eddng \u0111\u1ed9 m\u1ec1m m\u1ea1i trong h\u01b0\u01a1ng v\u1ecb, gi\u00fap b\u00e1nh tan nh\u1eb9 ngay khi ch\u1ea1m \u0111\u1ea7u l\u01b0\u1ee1i.<\/p>\n<p style=\"text-align: justify;\">&#8211; Tr\u1ee9ng: \u0110\u00f3ng vai tr\u00f2 k\u1ebft d\u00ednh v\u00e0 t\u1ea1o \u0111\u1ed9 x\u1ed1p nh\u1eb9 cho b\u00e1nh, khi\u1ebfn m\u1ed7i mi\u1ebfng b\u00e1nh \u0111\u1ec1u m\u1ec1m m\u1ea1i v\u00e0 h\u00e0i h\u00f2a.<\/p>\n<p style=\"text-align: justify;\">&#8211; \u0110\u01b0\u1eddng: V\u1ecb ng\u1ecdt v\u1eeba \u0111\u1ee7, kh\u00f4ng g\u1eaft, gi\u00fap b\u00e1nh tr\u1edf th\u00e0nh l\u1ef1a ch\u1ecdn ho\u00e0n h\u1ea3o cho m\u1ecdi \u0111\u1ed1i t\u01b0\u1ee3ng, t\u1eeb tr\u1ebb nh\u1ecf \u0111\u1ebfn ng\u01b0\u1eddi l\u1edbn tu\u1ed5i.<\/p>\n<p style=\"text-align: justify;\">S\u1ef1 k\u1ebft h\u1ee3p ho\u00e0n h\u1ea3o c\u1ee7a c\u00e1c nguy\u00ean li\u1ec7u n\u00e0y t\u1ea1o n\u00ean nh\u1eefng chi\u1ebfc <a href=\"https:\/\/maison-chance.org\/shop\/banh-ngot\">b\u00e1nh ng\u1ecdt<\/a> kh\u00f4ng ch\u1ec9 th\u01a1m ngon m\u00e0 c\u00f2n an to\u00e0n v\u00e0 l\u00e0nh m\u1ea1nh cho s\u1ee9c kh\u1ecfe.<\/p>\n<p style=\"text-align: justify;\">Khi th\u01b0\u1edfng th\u1ee9c, b\u1ea1n s\u1ebd c\u1ea3m nh\u1eadn \u0111\u01b0\u1ee3c s\u1ef1 gi\u00f2n tan nh\u1eb9 nh\u00e0ng tr\u00ean \u0111\u1ea7u l\u01b0\u1ee1i, ti\u1ebfp \u0111\u1ebfn l\u00e0 v\u1ecb b\u00e9o ng\u1eady v\u00e0 ng\u1ecdt thanh h\u00f2a quy\u1ec7n, t\u1ea1o n\u00ean m\u1ed9t d\u01b0 v\u1ecb d\u1ecbu d\u00e0ng m\u00e0 kh\u00f3 qu\u00ean. M\u1ed9t t\u00e1ch tr\u00e0 \u1ea5m hay ly s\u1eefa \u0111i k\u00e8m s\u1ebd l\u00e0 s\u1ef1 k\u1ebft h\u1ee3p tuy\u1ec7t v\u1eddi, khi\u1ebfn tr\u1ea3i nghi\u1ec7m \u1ea9m th\u1ef1c c\u1ee7a b\u1ea1n th\u00eam ph\u1ea7n tr\u1ecdn v\u1eb9n.<\/p>\n<p style=\"text-align: justify;\">Kh\u00f4ng ch\u1ec9 l\u00e0 m\u1ed9t m\u00f3n \u0103n, b\u00e1nh quy b\u01a1 n\u00e0y c\u00f2n mang \u0111\u1ebfn c\u1ea3m gi\u00e1c \u1ea5m \u00e1p, g\u1ea7n g\u0169i, nh\u01b0 th\u1ec3 b\u1ea1n \u0111ang \u0111\u01b0\u1ee3c th\u01b0\u1edfng th\u1ee9c m\u1ed9t m\u00f3n qu\u00e0 t\u1eeb tr\u00e1i tim.<\/p>\n<p style=\"text-align: justify;\">H\u00e3y \u0111\u1ec3 <a href=\"https:\/\/maison-chance.org\/shop\/phong-banh\">b\u00e1nh quy b\u01a1 Nh\u00e0 May M\u1eafn<\/a> tr\u1edf th\u00e0nh m\u1ed9t ph\u1ea7n trong nh\u1eefng kho\u1ea3nh kh\u1eafc sum v\u1ea7y, \u0111\u1ec3 kh\u00f4ng ch\u1ec9 lan t\u1ecfa h\u01b0\u01a1ng v\u1ecb ng\u1ecdt ng\u00e0o m\u00e0 c\u00f2n g\u1eedi g\u1eafm th\u00f4ng \u0111i\u1ec7p y\u00eau th\u01b0\u01a1ng \u0111\u1ebfn nh\u1eefng ng\u01b0\u1eddi b\u1ea1n tr\u00e2n qu\u00fd.<\/p>\n","protected":false},"excerpt":{"rendered":"<p style=\"text-align: justify;\">S\u1ea3n ph\u1ea9m b\u00e1nh ng\u1ecdt \u0111\u01b0\u1ee3c l\u00e0m t\u1eeb c\u00e1c b\u1ea1n tr\u1ebb m\u1ed3 c\u00f4i hi\u1ec7n \u0111ang \u0111\u01b0\u1ee3c Nh\u00e0 May M\u1eafn &#8211; Maison Chance nu\u00f4i d\u01b0\u1ee1ng. K\u00ednh mong nh\u1eadn \u0111\u01b0\u1ee3c s\u1ef1 \u1ee7ng h\u1ed9 c\u1ee7a Qu\u00fd kh\u00e1ch!<\/p>\n<p style=\"text-align: justify;\">Gi\u00e1 cho 1 kg b\u00e1nh ch\u1ec9 350,000 VND<\/p>\n<p>Hotline : <span style=\"font-size: 20px;\"><strong><span style=\"color: #ff0000;\">0909 06 25 28<\/span><\/strong><\/span><\/p>\n","protected":false},"featured_media":41207,"template":"","meta":[],"product_brand":[],"product_cat":[153,150],"product_tag":[],"class_list":{"0":"post-41205","1":"product","2":"type-product","3":"status-publish","4":"has-post-thumbnail","6":"product_cat-banh-ngot","7":"product_cat-phong-banh","9":"first","10":"instock","11":"shipping-taxable","12":"product-type-simple"},"yoast_head":"<!-- This site is optimized with the Yoast SEO Premium plugin v22.7 (Yoast SEO v25.3.1) - https:\/\/yoast.com\/wordpress\/plugins\/seo\/ -->\n<title>B\u00e1nh quy b\u01a1 - Nh\u00e0 May M\u1eafn - Maison Chance<\/title>\n<meta name=\"description\" content=\"B\u00e1nh quy b\u01a1 lu\u00f4n chi\u1ebfm tr\u1ecdn c\u1ea3m t\u00ecnh c\u1ee7a c\u00e1c t\u00edn \u0111\u1ed3 \u1ea9m th\u1ef1c nh\u1edd h\u01b0\u01a1ng v\u1ecb th\u01a1m ngon, b\u00e9o ng\u1eady v\u00e0 k\u1ebft c\u1ea5u gi\u00f2n tan \u0111\u1eb7c tr\u01b0ng. B\u00e1nh quy b\u01a1 Nh\u00e0 May M\u1eafn \u2013 h\u01b0\u01a1ng v\u1ecb gi\u00f2n tan, b\u00e9o ng\u1eady t\u1eeb b\u01a1 t\u1ef1 nhi\u00ean\" \/>\n<meta name=\"robots\" content=\"index, follow, max-snippet:-1, max-image-preview:large, max-video-preview:-1\" \/>\n<link rel=\"canonical\" href=\"https:\/\/maison-chance.org\/shop\/san-pham\/banh-quy-bo\" \/>\n<meta property=\"og:locale\" content=\"vi_VN\" \/>\n<meta property=\"og:type\" content=\"article\" \/>\n<meta property=\"og:title\" content=\"B\u00e1nh quy b\u01a1\" \/>\n<meta property=\"og:description\" content=\"B\u00e1nh quy b\u01a1 lu\u00f4n chi\u1ebfm tr\u1ecdn c\u1ea3m t\u00ecnh c\u1ee7a c\u00e1c t\u00edn \u0111\u1ed3 \u1ea9m th\u1ef1c nh\u1edd h\u01b0\u01a1ng v\u1ecb th\u01a1m ngon, b\u00e9o ng\u1eady v\u00e0 k\u1ebft c\u1ea5u gi\u00f2n tan \u0111\u1eb7c tr\u01b0ng. B\u00e1nh quy b\u01a1 Nh\u00e0 May M\u1eafn \u2013 h\u01b0\u01a1ng v\u1ecb gi\u00f2n tan, b\u00e9o ng\u1eady t\u1eeb b\u01a1 t\u1ef1 nhi\u00ean\" \/>\n<meta property=\"og:url\" content=\"https:\/\/maison-chance.org\/shop\/san-pham\/banh-quy-bo\" \/>\n<meta property=\"og:site_name\" content=\"Nh\u00e0 May M\u1eafn - Maison Chance\" \/>\n<meta property=\"article:publisher\" content=\"https:\/\/www.facebook.com\/dnxh.nhamayman\/\" \/>\n<meta property=\"article:modified_time\" content=\"2024-11-26T04:10:07+00:00\" \/>\n<meta property=\"og:image\" content=\"https:\/\/maison-chance.org\/shop\/wp-content\/uploads\/2024\/11\/banh-quy-bo.png\" \/>\n\t<meta property=\"og:image:width\" content=\"600\" \/>\n\t<meta property=\"og:image:height\" content=\"600\" \/>\n\t<meta property=\"og:image:type\" content=\"image\/png\" \/>\n<meta name=\"twitter:card\" content=\"summary_large_image\" \/>\n<meta name=\"twitter:label1\" content=\"Gi\u00e1\" \/>\n\t<meta name=\"twitter:data1\" content=\"\" \/>\n\t<meta name=\"twitter:label2\" content=\"Availability\" \/>\n\t<meta name=\"twitter:data2\" content=\"In stock\" \/>\n<script type=\"application\/ld+json\" class=\"yoast-schema-graph\">{\"@context\":\"https:\/\/schema.org\",\"@graph\":[{\"@type\":\"WebPage\",\"@id\":\"https:\/\/maison-chance.org\/shop\/san-pham\/banh-quy-bo\",\"url\":\"https:\/\/maison-chance.org\/shop\/san-pham\/banh-quy-bo\",\"name\":\"B\u00e1nh quy b\u01a1 - Nh\u00e0 May M\u1eafn - Maison Chance\",\"isPartOf\":{\"@id\":\"https:\/\/maison-chance.org\/shop\/#website\"},\"primaryImageOfPage\":{\"@id\":\"https:\/\/maison-chance.org\/shop\/san-pham\/banh-quy-bo#primaryimage\"},\"image\":{\"@id\":\"https:\/\/maison-chance.org\/shop\/san-pham\/banh-quy-bo#primaryimage\"},\"thumbnailUrl\":\"https:\/\/maison-chance.org\/shop\/wp-content\/uploads\/2024\/11\/banh-quy-bo.png\",\"datePublished\":\"2024-11-26T04:08:14+00:00\",\"dateModified\":\"2024-11-26T04:10:07+00:00\",\"description\":\"B\u00e1nh quy b\u01a1 lu\u00f4n chi\u1ebfm tr\u1ecdn c\u1ea3m t\u00ecnh c\u1ee7a c\u00e1c t\u00edn \u0111\u1ed3 \u1ea9m th\u1ef1c nh\u1edd h\u01b0\u01a1ng v\u1ecb th\u01a1m ngon, b\u00e9o ng\u1eady v\u00e0 k\u1ebft c\u1ea5u gi\u00f2n tan \u0111\u1eb7c tr\u01b0ng. B\u00e1nh quy b\u01a1 Nh\u00e0 May M\u1eafn \u2013 h\u01b0\u01a1ng v\u1ecb gi\u00f2n tan, b\u00e9o ng\u1eady t\u1eeb b\u01a1 t\u1ef1 nhi\u00ean\",\"breadcrumb\":{\"@id\":\"https:\/\/maison-chance.org\/shop\/san-pham\/banh-quy-bo#breadcrumb\"},\"inLanguage\":\"vi-VN\",\"potentialAction\":[{\"@type\":\"ReadAction\",\"target\":[\"https:\/\/maison-chance.org\/shop\/san-pham\/banh-quy-bo\"]}]},{\"@type\":\"ImageObject\",\"inLanguage\":\"vi-VN\",\"@id\":\"https:\/\/maison-chance.org\/shop\/san-pham\/banh-quy-bo#primaryimage\",\"url\":\"https:\/\/maison-chance.org\/shop\/wp-content\/uploads\/2024\/11\/banh-quy-bo.png\",\"contentUrl\":\"https:\/\/maison-chance.org\/shop\/wp-content\/uploads\/2024\/11\/banh-quy-bo.png\",\"width\":600,\"height\":600,\"caption\":\"B\u00e1nh quy b\u01a1\"},{\"@type\":\"BreadcrumbList\",\"@id\":\"https:\/\/maison-chance.org\/shop\/san-pham\/banh-quy-bo#breadcrumb\",\"itemListElement\":[{\"@type\":\"ListItem\",\"position\":1,\"name\":\"Trang ch\u1ee7\",\"item\":\"https:\/\/maison-chance.org\/shop\/\"},{\"@type\":\"ListItem\",\"position\":2,\"name\":\"Shop\",\"item\":\"https:\/\/maison-chance.org\/shop\/shop\"},{\"@type\":\"ListItem\",\"position\":3,\"name\":\"B\u00e1nh quy b\u01a1\"}]},{\"@type\":\"WebSite\",\"@id\":\"https:\/\/maison-chance.org\/shop\/#website\",\"url\":\"https:\/\/maison-chance.org\/shop\/\",\"name\":\"Nh\u00e0 May M\u1eafn - Maison Chance\",\"description\":\"M\u1ecdi l\u1ee3i nhu\u1eadn thu v\u1ec1 t\u1eeb vi\u1ec7c b\u00e1n h\u00e0ng s\u1ebd tr\u00edch m\u1ed9t ph\u1ea7n \u0111\u1ec3 ch\u0103m lo cho \u0111\u1eddi s\u1ed1ng c\u00e1c b\u1ea1n khuy\u1ebft t\u1eadt v\u00e0 tr\u1ebb m\u1ed3 c\u00f4i \u1edf \u0111\u00e2y\",\"publisher\":{\"@id\":\"https:\/\/maison-chance.org\/shop\/#organization\"},\"potentialAction\":[{\"@type\":\"SearchAction\",\"target\":{\"@type\":\"EntryPoint\",\"urlTemplate\":\"https:\/\/maison-chance.org\/shop\/?s={search_term_string}\"},\"query-input\":{\"@type\":\"PropertyValueSpecification\",\"valueRequired\":true,\"valueName\":\"search_term_string\"}}],\"inLanguage\":\"vi-VN\"},{\"@type\":\"Organization\",\"@id\":\"https:\/\/maison-chance.org\/shop\/#organization\",\"name\":\"Nh\u00e0 May M\u1eafn - Maison Chance\",\"url\":\"https:\/\/maison-chance.org\/shop\/\",\"logo\":{\"@type\":\"ImageObject\",\"inLanguage\":\"vi-VN\",\"@id\":\"https:\/\/maison-chance.org\/shop\/#\/schema\/logo\/image\/\",\"url\":\"https:\/\/maison-chance.org\/shop\/wp-content\/uploads\/2024\/03\/cropped-Logo_DNXH.png\",\"contentUrl\":\"https:\/\/maison-chance.org\/shop\/wp-content\/uploads\/2024\/03\/cropped-Logo_DNXH.png\",\"width\":512,\"height\":512,\"caption\":\"Nh\u00e0 May M\u1eafn - Maison Chance\"},\"image\":{\"@id\":\"https:\/\/maison-chance.org\/shop\/#\/schema\/logo\/image\/\"},\"sameAs\":[\"https:\/\/www.facebook.com\/dnxh.nhamayman\/\"]}]}<\/script>\n<meta property=\"product:price:amount\" content=\"0.00\" \/>\n<meta property=\"product:price:currency\" content=\"USD\" \/>\n<meta property=\"og:availability\" content=\"instock\" \/>\n<meta property=\"product:availability\" content=\"instock\" \/>\n<meta property=\"product:condition\" content=\"new\" \/>\n<!-- \/ Yoast SEO Premium plugin. -->","yoast_head_json":{"title":"B\u00e1nh quy b\u01a1 - Nh\u00e0 May M\u1eafn - Maison Chance","description":"B\u00e1nh quy b\u01a1 lu\u00f4n chi\u1ebfm tr\u1ecdn c\u1ea3m t\u00ecnh c\u1ee7a c\u00e1c t\u00edn \u0111\u1ed3 \u1ea9m th\u1ef1c nh\u1edd h\u01b0\u01a1ng v\u1ecb th\u01a1m ngon, b\u00e9o ng\u1eady v\u00e0 k\u1ebft c\u1ea5u gi\u00f2n tan \u0111\u1eb7c tr\u01b0ng. B\u00e1nh quy b\u01a1 Nh\u00e0 May M\u1eafn \u2013 h\u01b0\u01a1ng v\u1ecb gi\u00f2n tan, b\u00e9o ng\u1eady t\u1eeb b\u01a1 t\u1ef1 nhi\u00ean","robots":{"index":"index","follow":"follow","max-snippet":"max-snippet:-1","max-image-preview":"max-image-preview:large","max-video-preview":"max-video-preview:-1"},"canonical":"https:\/\/maison-chance.org\/shop\/san-pham\/banh-quy-bo","og_locale":"vi_VN","og_type":"article","og_title":"B\u00e1nh quy b\u01a1","og_description":"B\u00e1nh quy b\u01a1 lu\u00f4n chi\u1ebfm tr\u1ecdn c\u1ea3m t\u00ecnh c\u1ee7a c\u00e1c t\u00edn \u0111\u1ed3 \u1ea9m th\u1ef1c nh\u1edd h\u01b0\u01a1ng v\u1ecb th\u01a1m ngon, b\u00e9o ng\u1eady v\u00e0 k\u1ebft c\u1ea5u gi\u00f2n tan \u0111\u1eb7c tr\u01b0ng. B\u00e1nh quy b\u01a1 Nh\u00e0 May M\u1eafn \u2013 h\u01b0\u01a1ng v\u1ecb gi\u00f2n tan, b\u00e9o ng\u1eady t\u1eeb b\u01a1 t\u1ef1 nhi\u00ean","og_url":"https:\/\/maison-chance.org\/shop\/san-pham\/banh-quy-bo","og_site_name":"Nh\u00e0 May M\u1eafn - Maison Chance","article_publisher":"https:\/\/www.facebook.com\/dnxh.nhamayman\/","article_modified_time":"2024-11-26T04:10:07+00:00","og_image":[{"width":600,"height":600,"url":"https:\/\/maison-chance.org\/shop\/wp-content\/uploads\/2024\/11\/banh-quy-bo.png","type":"image\/png"}],"twitter_card":"summary_large_image","twitter_misc":{"Gi\u00e1":"","Availability":"In stock"},"schema":{"@context":"https:\/\/schema.org","@graph":[{"@type":"WebPage","@id":"https:\/\/maison-chance.org\/shop\/san-pham\/banh-quy-bo","url":"https:\/\/maison-chance.org\/shop\/san-pham\/banh-quy-bo","name":"B\u00e1nh quy b\u01a1 - Nh\u00e0 May M\u1eafn - Maison Chance","isPartOf":{"@id":"https:\/\/maison-chance.org\/shop\/#website"},"primaryImageOfPage":{"@id":"https:\/\/maison-chance.org\/shop\/san-pham\/banh-quy-bo#primaryimage"},"image":{"@id":"https:\/\/maison-chance.org\/shop\/san-pham\/banh-quy-bo#primaryimage"},"thumbnailUrl":"https:\/\/maison-chance.org\/shop\/wp-content\/uploads\/2024\/11\/banh-quy-bo.png","datePublished":"2024-11-26T04:08:14+00:00","dateModified":"2024-11-26T04:10:07+00:00","description":"B\u00e1nh quy b\u01a1 lu\u00f4n chi\u1ebfm tr\u1ecdn c\u1ea3m t\u00ecnh c\u1ee7a c\u00e1c t\u00edn \u0111\u1ed3 \u1ea9m th\u1ef1c nh\u1edd h\u01b0\u01a1ng v\u1ecb th\u01a1m ngon, b\u00e9o ng\u1eady v\u00e0 k\u1ebft c\u1ea5u gi\u00f2n tan \u0111\u1eb7c tr\u01b0ng. B\u00e1nh quy b\u01a1 Nh\u00e0 May M\u1eafn \u2013 h\u01b0\u01a1ng v\u1ecb gi\u00f2n tan, b\u00e9o ng\u1eady t\u1eeb b\u01a1 t\u1ef1 nhi\u00ean","breadcrumb":{"@id":"https:\/\/maison-chance.org\/shop\/san-pham\/banh-quy-bo#breadcrumb"},"inLanguage":"vi-VN","potentialAction":[{"@type":"ReadAction","target":["https:\/\/maison-chance.org\/shop\/san-pham\/banh-quy-bo"]}]},{"@type":"ImageObject","inLanguage":"vi-VN","@id":"https:\/\/maison-chance.org\/shop\/san-pham\/banh-quy-bo#primaryimage","url":"https:\/\/maison-chance.org\/shop\/wp-content\/uploads\/2024\/11\/banh-quy-bo.png","contentUrl":"https:\/\/maison-chance.org\/shop\/wp-content\/uploads\/2024\/11\/banh-quy-bo.png","width":600,"height":600,"caption":"B\u00e1nh quy b\u01a1"},{"@type":"BreadcrumbList","@id":"https:\/\/maison-chance.org\/shop\/san-pham\/banh-quy-bo#breadcrumb","itemListElement":[{"@type":"ListItem","position":1,"name":"Trang ch\u1ee7","item":"https:\/\/maison-chance.org\/shop\/"},{"@type":"ListItem","position":2,"name":"Shop","item":"https:\/\/maison-chance.org\/shop\/shop"},{"@type":"ListItem","position":3,"name":"B\u00e1nh quy b\u01a1"}]},{"@type":"WebSite","@id":"https:\/\/maison-chance.org\/shop\/#website","url":"https:\/\/maison-chance.org\/shop\/","name":"Nh\u00e0 May M\u1eafn - Maison Chance","description":"M\u1ecdi l\u1ee3i nhu\u1eadn thu v\u1ec1 t\u1eeb vi\u1ec7c b\u00e1n h\u00e0ng s\u1ebd tr\u00edch m\u1ed9t ph\u1ea7n \u0111\u1ec3 ch\u0103m lo cho \u0111\u1eddi s\u1ed1ng c\u00e1c b\u1ea1n khuy\u1ebft t\u1eadt v\u00e0 tr\u1ebb m\u1ed3 c\u00f4i \u1edf \u0111\u00e2y","publisher":{"@id":"https:\/\/maison-chance.org\/shop\/#organization"},"potentialAction":[{"@type":"SearchAction","target":{"@type":"EntryPoint","urlTemplate":"https:\/\/maison-chance.org\/shop\/?s={search_term_string}"},"query-input":{"@type":"PropertyValueSpecification","valueRequired":true,"valueName":"search_term_string"}}],"inLanguage":"vi-VN"},{"@type":"Organization","@id":"https:\/\/maison-chance.org\/shop\/#organization","name":"Nh\u00e0 May M\u1eafn - Maison Chance","url":"https:\/\/maison-chance.org\/shop\/","logo":{"@type":"ImageObject","inLanguage":"vi-VN","@id":"https:\/\/maison-chance.org\/shop\/#\/schema\/logo\/image\/","url":"https:\/\/maison-chance.org\/shop\/wp-content\/uploads\/2024\/03\/cropped-Logo_DNXH.png","contentUrl":"https:\/\/maison-chance.org\/shop\/wp-content\/uploads\/2024\/03\/cropped-Logo_DNXH.png","width":512,"height":512,"caption":"Nh\u00e0 May M\u1eafn - Maison Chance"},"image":{"@id":"https:\/\/maison-chance.org\/shop\/#\/schema\/logo\/image\/"},"sameAs":["https:\/\/www.facebook.com\/dnxh.nhamayman\/"]}]},"product_price_amount":"0.00","product_price_currency":"USD","og_availability":"instock","product_availability":"instock","product_condition":"new"},"_links":{"self":[{"href":"https:\/\/maison-chance.org\/shop\/wp-json\/wp\/v2\/product\/41205","targetHints":{"allow":["GET"]}}],"collection":[{"href":"https:\/\/maison-chance.org\/shop\/wp-json\/wp\/v2\/product"}],"about":[{"href":"https:\/\/maison-chance.org\/shop\/wp-json\/wp\/v2\/types\/product"}],"wp:featuredmedia":[{"embeddable":true,"href":"https:\/\/maison-chance.org\/shop\/wp-json\/wp\/v2\/media\/41207"}],"wp:attachment":[{"href":"https:\/\/maison-chance.org\/shop\/wp-json\/wp\/v2\/media?parent=41205"}],"wp:term":[{"taxonomy":"product_brand","embeddable":true,"href":"https:\/\/maison-chance.org\/shop\/wp-json\/wp\/v2\/product_brand?post=41205"},{"taxonomy":"product_cat","embeddable":true,"href":"https:\/\/maison-chance.org\/shop\/wp-json\/wp\/v2\/product_cat?post=41205"},{"taxonomy":"product_tag","embeddable":true,"href":"https:\/\/maison-chance.org\/shop\/wp-json\/wp\/v2\/product_tag?post=41205"}],"curies":[{"name":"wp","href":"https:\/\/api.w.org\/{rel}","templated":true}]}}