{"id":41264,"date":"2024-11-27T10:08:50","date_gmt":"2024-11-27T03:08:50","guid":{"rendered":"https:\/\/maison-chance.org\/shop?post_type=product&#038;p=41264"},"modified":"2024-11-27T10:12:50","modified_gmt":"2024-11-27T03:12:50","slug":"banh-luoi-meo-tra-xanh","status":"publish","type":"product","link":"https:\/\/maison-chance.org\/shop\/san-pham\/banh-luoi-meo-tra-xanh","title":{"rendered":"B\u00e1nh l\u01b0\u1ee1i m\u00e8o tr\u00e0 xanh"},"content":{"rendered":"<p style=\"text-align: justify;\">Trong th\u1ebf gi\u1edbi b\u00e1nh ng\u1ecdt phong ph\u00fa, <a href=\"https:\/\/maison-chance.org\/shop\/san-pham\/banh-luoi-meo-tra-xanh\">b\u00e1nh l\u01b0\u1ee1i m\u00e8o tr\u00e0 xanh<\/a> lu\u00f4n chi\u1ebfm m\u1ed9t v\u1ecb tr\u00ed \u0111\u1eb7c bi\u1ec7t b\u1edfi s\u1ef1 k\u1ebft h\u1ee3p tinh t\u1ebf gi\u1eefa h\u01b0\u01a1ng v\u1ecb truy\u1ec1n th\u1ed1ng v\u00e0 n\u00e9t s\u00e1ng t\u1ea1o \u0111\u1ed9c \u0111\u00e1o. H\u00f4m nay, ch\u00fang ta s\u1ebd c\u00f9ng kh\u00e1m ph\u00e1 m\u1ed9t phi\u00ean b\u1ea3n b\u00e1nh l\u01b0\u1ee1i m\u00e8o \u0111\u1eb7c bi\u1ec7t \u0111\u1ebfn t\u1eeb Nh\u00e0 May M\u1eafn, n\u01a1i nh\u1eefng chi\u1ebfc b\u00e1nh kh\u00f4ng ch\u1ec9 l\u00e0 m\u00f3n \u0103n v\u1eb7t m\u00e0 c\u00f2n l\u00e0 c\u1ea3 m\u1ed9t c\u00e2u chuy\u1ec7n v\u1ec1 \u0111am m\u00ea v\u00e0 t\u00e2m huy\u1ebft.<\/p>\n<p style=\"text-align: justify;\"><a href=\"https:\/\/maison-chance.org\/shop\/phong-banh\">B\u00e1nh ng\u1ecdt<\/a> Nh\u00e0 May M\u1eafn chinh ph\u1ee5c th\u1ef1c kh\u00e1ch ngay t\u1eeb c\u00e1i nh\u00ecn \u0111\u1ea7u ti\u00ean b\u1edfi m\u00e0u xanh l\u00e1 m\u01b0\u1edbt m\u1eaft, \u0111i\u1ec3m xuy\u1ebft nh\u1eefng l\u00e1t h\u1ea1nh nh\u00e2n tr\u1eafng ng\u00e0 tinh t\u1ebf. Nh\u01b0ng \u0111i\u1ec1u th\u1ef1c s\u1ef1 l\u00e0m n\u00ean s\u1ef1 kh\u00e1c bi\u1ec7t c\u1ee7a chi\u1ebfc b\u00e1nh n\u00e0y n\u1eb1m \u1edf ch\u1ea5t l\u01b0\u1ee3ng nguy\u00ean li\u1ec7u v\u00e0 quy tr\u00ecnh ch\u1ebf bi\u1ebfn t\u1ec9 m\u1ec9.<\/p>\n<p style=\"text-align: justify;\">Nguy\u00ean li\u1ec7u th\u01b0\u1ee3ng h\u1ea1ng, h\u01b0\u01a1ng v\u1ecb tinh t\u1ebf: M\u1ed7i chi\u1ebfc b\u00e1nh l\u00e0 s\u1ef1 h\u00f2a quy\u1ec7n ho\u00e0n h\u1ea3o c\u1ee7a b\u1ed9t m\u00ec h\u1ea3o h\u1ea1ng, l\u00f2ng tr\u1eafng tr\u1ee9ng g\u00e0 t\u01b0\u01a1i, \u0111\u01b0\u1eddng m\u00eda tinh khi\u1ebft, b\u01a1 th\u01a1m l\u1eebng v\u00e0 s\u1eefa t\u01b0\u01a1i m\u00e1t l\u00e0nh. \u0110\u1eb7c bi\u1ec7t, s\u1ef1 g\u00f3p m\u1eb7t c\u1ee7a b\u1ed9t tr\u00e0 xanh cao c\u1ea5p mang \u0111\u1ebfn h\u01b0\u01a1ng th\u01a1m thanh m\u00e1t, v\u1ecb ch\u00e1t nh\u1eb9 \u0111\u1eb7c tr\u01b0ng, c\u00e2n b\u1eb1ng ho\u00e0n h\u1ea3o v\u1edbi v\u1ecb ng\u1ecdt b\u00e9o c\u1ee7a c\u00e1c nguy\u00ean li\u1ec7u kh\u00e1c. Nh\u1eefng l\u00e1t h\u1ea1nh nh\u00e2n gi\u00f2n tan \u0111\u01b0\u1ee3c r\u1eafc \u0111\u1ec1u tr\u00ean b\u1ec1 m\u1eb7t b\u00e1nh kh\u00f4ng ch\u1ec9 t\u0103ng th\u00eam v\u1ebb h\u1ea5p d\u1eabn m\u00e0 c\u00f2n b\u1ed5 sung h\u01b0\u01a1ng v\u1ecb b\u00f9i b\u00e9o, t\u1ea1o n\u00ean m\u1ed9t b\u1ea3n giao h\u01b0\u1edfng v\u1ecb gi\u00e1c \u0111\u1ea7y th\u00fa v\u1ecb.<\/p>\n<p style=\"text-align: justify;\">Quy tr\u00ecnh ch\u1ebf bi\u1ebfn t\u1ec9 m\u1ec9, t\u1ea1o n\u00ean k\u1ebft c\u1ea5u ho\u00e0n h\u1ea3o: \u0110\u1ec3 t\u1ea1o ra nh\u1eefng chi\u1ebfc b\u00e1nh l\u01b0\u1ee1i m\u00e8o \u0111\u1ea1t \u0111\u1ebfn \u0111\u1ed9 ho\u00e0n h\u1ea3o v\u1ec1 k\u1ebft c\u1ea5u, ng\u01b0\u1eddi th\u1ee3 l\u00e0m b\u00e1nh ph\u1ea3i tr\u1ea3i qua nhi\u1ec1u c\u00f4ng \u0111o\u1ea1n t\u1ec9 m\u1ec9 v\u00e0 c\u00f4ng phu. T\u1eeb kh\u00e2u l\u1ef1a ch\u1ecdn nguy\u00ean li\u1ec7u, c\u00e2n \u0111o ch\u00ednh x\u00e1c t\u1ef7 l\u1ec7, \u0111\u1ebfn k\u1ef9 thu\u1eadt \u0111\u00e1nh b\u00f4ng l\u00f2ng tr\u1eafng tr\u1ee9ng, tr\u1ed9n b\u1ed9t, t\u1ea1o h\u00ecnh v\u00e0 n\u01b0\u1edbng b\u00e1nh, t\u1ea5t c\u1ea3 \u0111\u1ec1u \u0111\u00f2i h\u1ecfi s\u1ef1 kh\u00e9o l\u00e9o v\u00e0 kinh nghi\u1ec7m. K\u1ebft qu\u1ea3 l\u00e0 nh\u1eefng chi\u1ebfc b\u00e1nh m\u1ecfng, nh\u1eb9, gi\u00f2n tan ngay khi ch\u1ea1m v\u00e0o \u0111\u1ea7u l\u01b0\u1ee1i, mang \u0111\u1ebfn m\u1ed9t tr\u1ea3i nghi\u1ec7m \u1ea9m th\u1ef1c kh\u00f3 qu\u00ean.<\/p>\n<p style=\"text-align: justify;\"><a href=\"https:\/\/maison-chance.org\/shop\/phong-banh\">B\u00e1nh l\u01b0\u1ee1i m\u00e8o tr\u00e0 xanh Nh\u00e0 May M\u1eafn<\/a> kh\u00f4ng ch\u1ec9 l\u00e0 m\u1ed9t m\u00f3n \u0103n v\u1eb7t th\u01a1m ngon m\u00e0 c\u00f2n l\u00e0 m\u1ed9t m\u00f3n qu\u00e0 \u00fd ngh\u0129a d\u00e0nh t\u1eb7ng cho nh\u1eefng ng\u01b0\u1eddi th\u00e2n y\u00eau. M\u1ed7i chi\u1ebfc b\u00e1nh l\u00e0 k\u1ebft tinh c\u1ee7a s\u1ef1 \u0111am m\u00ea, t\u00e2m huy\u1ebft v\u00e0 t\u00ecnh y\u00eau th\u01b0\u01a1ng. Th\u01b0\u1edfng th\u1ee9c b\u00e1nh, b\u1ea1n kh\u00f4ng ch\u1ec9 c\u1ea3m nh\u1eadn \u0111\u01b0\u1ee3c h\u01b0\u01a1ng v\u1ecb tuy\u1ec7t v\u1eddi m\u00e0 c\u00f2n g\u00f3p ph\u1ea7n lan t\u1ecfa nh\u1eefng gi\u00e1 tr\u1ecb t\u1ed1t \u0111\u1eb9p \u0111\u1ebfn c\u1ed9ng \u0111\u1ed3ng. H\u00e3y \u0111\u1ebfn v\u1edbi Nh\u00e0 May M\u1eafn v\u00e0 tr\u1ea3i nghi\u1ec7m h\u01b0\u01a1ng v\u1ecb b\u00e1nh l\u01b0\u1ee1i m\u00e8o tr\u00e0 xanh \u0111\u1ed9c \u0111\u00e1o n\u00e0y nh\u00e9! S\u1ef1 \u1ee7ng h\u1ed9 c\u1ee7a b\u1ea1n s\u1ebd l\u00e0 ngu\u1ed3n \u0111\u1ed9ng vi\u00ean to l\u1edbn \u0111\u1ec3 <a href=\"https:\/\/maison-chance.org\/shop\">Nh\u00e0 May M\u1eafn<\/a> ti\u1ebfp t\u1ee5c t\u1ea1o ra nh\u1eefng s\u1ea3n ph\u1ea9m ch\u1ea5t l\u01b0\u1ee3ng v\u00e0 \u00fd ngh\u0129a h\u01a1n n\u1eefa.<\/p>\n","protected":false},"excerpt":{"rendered":"<p style=\"text-align: justify;\">S\u1ea3n ph\u1ea9m b\u00e1nh ng\u1ecdt \u0111\u01b0\u1ee3c l\u00e0m t\u1eeb c\u00e1c b\u1ea1n tr\u1ebb m\u1ed3 c\u00f4i hi\u1ec7n \u0111ang \u0111\u01b0\u1ee3c Nh\u00e0 May M\u1eafn &#8211; Maison Chance nu\u00f4i d\u01b0\u1ee1ng. K\u00ednh mong nh\u1eadn \u0111\u01b0\u1ee3c s\u1ef1 \u1ee7ng h\u1ed9 c\u1ee7a Qu\u00fd kh\u00e1ch!<\/p>\n<p>Hotline : <span style=\"font-size: 20px;\"><strong><span style=\"color: #ff0000;\">0909 06 25 28<\/span><\/strong><\/span><\/p>\n","protected":false},"featured_media":41265,"template":"","meta":[],"product_brand":[],"product_cat":[153,150],"product_tag":[],"class_list":{"0":"post-41264","1":"product","2":"type-product","3":"status-publish","4":"has-post-thumbnail","6":"product_cat-banh-ngot","7":"product_cat-phong-banh","9":"first","10":"instock","11":"shipping-taxable","12":"purchasable","13":"product-type-simple"},"yoast_head":"<!-- This site is optimized with the Yoast SEO Premium plugin v22.7 (Yoast SEO v25.3.1) - https:\/\/yoast.com\/wordpress\/plugins\/seo\/ -->\n<title>B\u00e1nh l\u01b0\u1ee1i m\u00e8o tr\u00e0 xanh - Nh\u00e0 May M\u1eafn - Maison Chance<\/title>\n<meta name=\"description\" content=\"B\u00e1nh l\u01b0\u1ee1i m\u00e8o tr\u00e0 xanh Nh\u00e0 May M\u1eafn kh\u00f4ng ch\u1ec9 l\u00e0 m\u1ed9t m\u00f3n \u0103n v\u1eb7t th\u01a1m ngon m\u00e0 c\u00f2n l\u00e0 m\u1ed9t m\u00f3n qu\u00e0 \u00fd ngh\u0129a d\u00e0nh t\u1eb7ng cho nh\u1eefng ng\u01b0\u1eddi th\u00e2n y\u00eau. M\u1ed7i chi\u1ebfc b\u00e1nh l\u00e0 k\u1ebft tinh c\u1ee7a s\u1ef1 \u0111am m\u00ea, t\u00e2m huy\u1ebft v\u00e0 t\u00ecnh y\u00eau th\u01b0\u01a1ng.\" \/>\n<meta name=\"robots\" content=\"index, follow, max-snippet:-1, max-image-preview:large, max-video-preview:-1\" \/>\n<link rel=\"canonical\" href=\"https:\/\/maison-chance.org\/shop\/san-pham\/banh-luoi-meo-tra-xanh\" \/>\n<meta property=\"og:locale\" content=\"vi_VN\" \/>\n<meta property=\"og:type\" content=\"article\" \/>\n<meta property=\"og:title\" content=\"B\u00e1nh l\u01b0\u1ee1i m\u00e8o tr\u00e0 xanh\" \/>\n<meta property=\"og:description\" content=\"B\u00e1nh l\u01b0\u1ee1i m\u00e8o tr\u00e0 xanh Nh\u00e0 May M\u1eafn kh\u00f4ng ch\u1ec9 l\u00e0 m\u1ed9t m\u00f3n \u0103n v\u1eb7t th\u01a1m ngon m\u00e0 c\u00f2n l\u00e0 m\u1ed9t m\u00f3n qu\u00e0 \u00fd ngh\u0129a d\u00e0nh t\u1eb7ng cho nh\u1eefng ng\u01b0\u1eddi th\u00e2n y\u00eau. M\u1ed7i chi\u1ebfc b\u00e1nh l\u00e0 k\u1ebft tinh c\u1ee7a s\u1ef1 \u0111am m\u00ea, t\u00e2m huy\u1ebft v\u00e0 t\u00ecnh y\u00eau th\u01b0\u01a1ng.\" \/>\n<meta property=\"og:url\" content=\"https:\/\/maison-chance.org\/shop\/san-pham\/banh-luoi-meo-tra-xanh\" \/>\n<meta property=\"og:site_name\" content=\"Nh\u00e0 May M\u1eafn - Maison Chance\" \/>\n<meta property=\"article:publisher\" content=\"https:\/\/www.facebook.com\/dnxh.nhamayman\/\" \/>\n<meta property=\"article:modified_time\" content=\"2024-11-27T03:12:50+00:00\" \/>\n<meta property=\"og:image\" content=\"https:\/\/maison-chance.org\/shop\/wp-content\/uploads\/2024\/11\/banh-luoi-meo-tra-xanh.png\" \/>\n\t<meta property=\"og:image:width\" content=\"600\" \/>\n\t<meta property=\"og:image:height\" content=\"600\" \/>\n\t<meta property=\"og:image:type\" content=\"image\/png\" \/>\n<meta name=\"twitter:card\" content=\"summary_large_image\" \/>\n<meta name=\"twitter:label1\" content=\"Gi\u00e1\" \/>\n\t<meta name=\"twitter:data1\" content=\"2.60&nbsp;&#036;\" \/>\n\t<meta name=\"twitter:label2\" content=\"Availability\" \/>\n\t<meta name=\"twitter:data2\" content=\"In stock\" \/>\n<script type=\"application\/ld+json\" class=\"yoast-schema-graph\">{\"@context\":\"https:\/\/schema.org\",\"@graph\":[{\"@type\":\"WebPage\",\"@id\":\"https:\/\/maison-chance.org\/shop\/san-pham\/banh-luoi-meo-tra-xanh\",\"url\":\"https:\/\/maison-chance.org\/shop\/san-pham\/banh-luoi-meo-tra-xanh\",\"name\":\"B\u00e1nh l\u01b0\u1ee1i m\u00e8o tr\u00e0 xanh - Nh\u00e0 May M\u1eafn - Maison Chance\",\"isPartOf\":{\"@id\":\"https:\/\/maison-chance.org\/shop\/#website\"},\"primaryImageOfPage\":{\"@id\":\"https:\/\/maison-chance.org\/shop\/san-pham\/banh-luoi-meo-tra-xanh#primaryimage\"},\"image\":{\"@id\":\"https:\/\/maison-chance.org\/shop\/san-pham\/banh-luoi-meo-tra-xanh#primaryimage\"},\"thumbnailUrl\":\"https:\/\/maison-chance.org\/shop\/wp-content\/uploads\/2024\/11\/banh-luoi-meo-tra-xanh.png\",\"datePublished\":\"2024-11-27T03:08:50+00:00\",\"dateModified\":\"2024-11-27T03:12:50+00:00\",\"description\":\"B\u00e1nh l\u01b0\u1ee1i m\u00e8o tr\u00e0 xanh Nh\u00e0 May M\u1eafn kh\u00f4ng ch\u1ec9 l\u00e0 m\u1ed9t m\u00f3n \u0103n v\u1eb7t th\u01a1m ngon m\u00e0 c\u00f2n l\u00e0 m\u1ed9t m\u00f3n qu\u00e0 \u00fd ngh\u0129a d\u00e0nh t\u1eb7ng cho nh\u1eefng ng\u01b0\u1eddi th\u00e2n y\u00eau. M\u1ed7i chi\u1ebfc b\u00e1nh l\u00e0 k\u1ebft tinh c\u1ee7a s\u1ef1 \u0111am m\u00ea, t\u00e2m huy\u1ebft v\u00e0 t\u00ecnh y\u00eau th\u01b0\u01a1ng.\",\"breadcrumb\":{\"@id\":\"https:\/\/maison-chance.org\/shop\/san-pham\/banh-luoi-meo-tra-xanh#breadcrumb\"},\"inLanguage\":\"vi-VN\",\"potentialAction\":[{\"@type\":\"ReadAction\",\"target\":[\"https:\/\/maison-chance.org\/shop\/san-pham\/banh-luoi-meo-tra-xanh\"]}]},{\"@type\":\"ImageObject\",\"inLanguage\":\"vi-VN\",\"@id\":\"https:\/\/maison-chance.org\/shop\/san-pham\/banh-luoi-meo-tra-xanh#primaryimage\",\"url\":\"https:\/\/maison-chance.org\/shop\/wp-content\/uploads\/2024\/11\/banh-luoi-meo-tra-xanh.png\",\"contentUrl\":\"https:\/\/maison-chance.org\/shop\/wp-content\/uploads\/2024\/11\/banh-luoi-meo-tra-xanh.png\",\"width\":600,\"height\":600,\"caption\":\"B\u00e1nh l\u01b0\u1ee1i m\u00e8o tr\u00e0 xanh\"},{\"@type\":\"BreadcrumbList\",\"@id\":\"https:\/\/maison-chance.org\/shop\/san-pham\/banh-luoi-meo-tra-xanh#breadcrumb\",\"itemListElement\":[{\"@type\":\"ListItem\",\"position\":1,\"name\":\"Trang ch\u1ee7\",\"item\":\"https:\/\/maison-chance.org\/shop\/\"},{\"@type\":\"ListItem\",\"position\":2,\"name\":\"Shop\",\"item\":\"https:\/\/maison-chance.org\/shop\/shop\"},{\"@type\":\"ListItem\",\"position\":3,\"name\":\"B\u00e1nh l\u01b0\u1ee1i m\u00e8o tr\u00e0 xanh\"}]},{\"@type\":\"WebSite\",\"@id\":\"https:\/\/maison-chance.org\/shop\/#website\",\"url\":\"https:\/\/maison-chance.org\/shop\/\",\"name\":\"Nh\u00e0 May M\u1eafn - Maison Chance\",\"description\":\"M\u1ecdi l\u1ee3i nhu\u1eadn thu v\u1ec1 t\u1eeb vi\u1ec7c b\u00e1n h\u00e0ng s\u1ebd tr\u00edch m\u1ed9t ph\u1ea7n \u0111\u1ec3 ch\u0103m lo cho \u0111\u1eddi s\u1ed1ng c\u00e1c b\u1ea1n khuy\u1ebft t\u1eadt v\u00e0 tr\u1ebb m\u1ed3 c\u00f4i \u1edf \u0111\u00e2y\",\"publisher\":{\"@id\":\"https:\/\/maison-chance.org\/shop\/#organization\"},\"potentialAction\":[{\"@type\":\"SearchAction\",\"target\":{\"@type\":\"EntryPoint\",\"urlTemplate\":\"https:\/\/maison-chance.org\/shop\/?s={search_term_string}\"},\"query-input\":{\"@type\":\"PropertyValueSpecification\",\"valueRequired\":true,\"valueName\":\"search_term_string\"}}],\"inLanguage\":\"vi-VN\"},{\"@type\":\"Organization\",\"@id\":\"https:\/\/maison-chance.org\/shop\/#organization\",\"name\":\"Nh\u00e0 May M\u1eafn - Maison Chance\",\"url\":\"https:\/\/maison-chance.org\/shop\/\",\"logo\":{\"@type\":\"ImageObject\",\"inLanguage\":\"vi-VN\",\"@id\":\"https:\/\/maison-chance.org\/shop\/#\/schema\/logo\/image\/\",\"url\":\"https:\/\/maison-chance.org\/shop\/wp-content\/uploads\/2024\/03\/cropped-Logo_DNXH.png\",\"contentUrl\":\"https:\/\/maison-chance.org\/shop\/wp-content\/uploads\/2024\/03\/cropped-Logo_DNXH.png\",\"width\":512,\"height\":512,\"caption\":\"Nh\u00e0 May M\u1eafn - Maison Chance\"},\"image\":{\"@id\":\"https:\/\/maison-chance.org\/shop\/#\/schema\/logo\/image\/\"},\"sameAs\":[\"https:\/\/www.facebook.com\/dnxh.nhamayman\/\"]}]}<\/script>\n<meta property=\"product:price:amount\" content=\"2.60\" \/>\n<meta property=\"product:price:currency\" content=\"USD\" \/>\n<meta property=\"og:availability\" content=\"instock\" \/>\n<meta property=\"product:availability\" content=\"instock\" \/>\n<meta property=\"product:condition\" content=\"new\" \/>\n<!-- \/ Yoast SEO Premium plugin. -->","yoast_head_json":{"title":"B\u00e1nh l\u01b0\u1ee1i m\u00e8o tr\u00e0 xanh - Nh\u00e0 May M\u1eafn - Maison Chance","description":"B\u00e1nh l\u01b0\u1ee1i m\u00e8o tr\u00e0 xanh Nh\u00e0 May M\u1eafn kh\u00f4ng ch\u1ec9 l\u00e0 m\u1ed9t m\u00f3n \u0103n v\u1eb7t th\u01a1m ngon m\u00e0 c\u00f2n l\u00e0 m\u1ed9t m\u00f3n qu\u00e0 \u00fd ngh\u0129a d\u00e0nh t\u1eb7ng cho nh\u1eefng ng\u01b0\u1eddi th\u00e2n y\u00eau. M\u1ed7i chi\u1ebfc b\u00e1nh l\u00e0 k\u1ebft tinh c\u1ee7a s\u1ef1 \u0111am m\u00ea, t\u00e2m huy\u1ebft v\u00e0 t\u00ecnh y\u00eau th\u01b0\u01a1ng.","robots":{"index":"index","follow":"follow","max-snippet":"max-snippet:-1","max-image-preview":"max-image-preview:large","max-video-preview":"max-video-preview:-1"},"canonical":"https:\/\/maison-chance.org\/shop\/san-pham\/banh-luoi-meo-tra-xanh","og_locale":"vi_VN","og_type":"article","og_title":"B\u00e1nh l\u01b0\u1ee1i m\u00e8o tr\u00e0 xanh","og_description":"B\u00e1nh l\u01b0\u1ee1i m\u00e8o tr\u00e0 xanh Nh\u00e0 May M\u1eafn kh\u00f4ng ch\u1ec9 l\u00e0 m\u1ed9t m\u00f3n \u0103n v\u1eb7t th\u01a1m ngon m\u00e0 c\u00f2n l\u00e0 m\u1ed9t m\u00f3n qu\u00e0 \u00fd ngh\u0129a d\u00e0nh t\u1eb7ng cho nh\u1eefng ng\u01b0\u1eddi th\u00e2n y\u00eau. M\u1ed7i chi\u1ebfc b\u00e1nh l\u00e0 k\u1ebft tinh c\u1ee7a s\u1ef1 \u0111am m\u00ea, t\u00e2m huy\u1ebft v\u00e0 t\u00ecnh y\u00eau th\u01b0\u01a1ng.","og_url":"https:\/\/maison-chance.org\/shop\/san-pham\/banh-luoi-meo-tra-xanh","og_site_name":"Nh\u00e0 May M\u1eafn - Maison Chance","article_publisher":"https:\/\/www.facebook.com\/dnxh.nhamayman\/","article_modified_time":"2024-11-27T03:12:50+00:00","og_image":[{"width":600,"height":600,"url":"https:\/\/maison-chance.org\/shop\/wp-content\/uploads\/2024\/11\/banh-luoi-meo-tra-xanh.png","type":"image\/png"}],"twitter_card":"summary_large_image","twitter_misc":{"Gi\u00e1":"2.60&nbsp;&#36;","Availability":"In stock"},"schema":{"@context":"https:\/\/schema.org","@graph":[{"@type":"WebPage","@id":"https:\/\/maison-chance.org\/shop\/san-pham\/banh-luoi-meo-tra-xanh","url":"https:\/\/maison-chance.org\/shop\/san-pham\/banh-luoi-meo-tra-xanh","name":"B\u00e1nh l\u01b0\u1ee1i m\u00e8o tr\u00e0 xanh - Nh\u00e0 May M\u1eafn - Maison Chance","isPartOf":{"@id":"https:\/\/maison-chance.org\/shop\/#website"},"primaryImageOfPage":{"@id":"https:\/\/maison-chance.org\/shop\/san-pham\/banh-luoi-meo-tra-xanh#primaryimage"},"image":{"@id":"https:\/\/maison-chance.org\/shop\/san-pham\/banh-luoi-meo-tra-xanh#primaryimage"},"thumbnailUrl":"https:\/\/maison-chance.org\/shop\/wp-content\/uploads\/2024\/11\/banh-luoi-meo-tra-xanh.png","datePublished":"2024-11-27T03:08:50+00:00","dateModified":"2024-11-27T03:12:50+00:00","description":"B\u00e1nh l\u01b0\u1ee1i m\u00e8o tr\u00e0 xanh Nh\u00e0 May M\u1eafn kh\u00f4ng ch\u1ec9 l\u00e0 m\u1ed9t m\u00f3n \u0103n v\u1eb7t th\u01a1m ngon m\u00e0 c\u00f2n l\u00e0 m\u1ed9t m\u00f3n qu\u00e0 \u00fd ngh\u0129a d\u00e0nh t\u1eb7ng cho nh\u1eefng ng\u01b0\u1eddi th\u00e2n y\u00eau. M\u1ed7i chi\u1ebfc b\u00e1nh l\u00e0 k\u1ebft tinh c\u1ee7a s\u1ef1 \u0111am m\u00ea, t\u00e2m huy\u1ebft v\u00e0 t\u00ecnh y\u00eau th\u01b0\u01a1ng.","breadcrumb":{"@id":"https:\/\/maison-chance.org\/shop\/san-pham\/banh-luoi-meo-tra-xanh#breadcrumb"},"inLanguage":"vi-VN","potentialAction":[{"@type":"ReadAction","target":["https:\/\/maison-chance.org\/shop\/san-pham\/banh-luoi-meo-tra-xanh"]}]},{"@type":"ImageObject","inLanguage":"vi-VN","@id":"https:\/\/maison-chance.org\/shop\/san-pham\/banh-luoi-meo-tra-xanh#primaryimage","url":"https:\/\/maison-chance.org\/shop\/wp-content\/uploads\/2024\/11\/banh-luoi-meo-tra-xanh.png","contentUrl":"https:\/\/maison-chance.org\/shop\/wp-content\/uploads\/2024\/11\/banh-luoi-meo-tra-xanh.png","width":600,"height":600,"caption":"B\u00e1nh l\u01b0\u1ee1i m\u00e8o tr\u00e0 xanh"},{"@type":"BreadcrumbList","@id":"https:\/\/maison-chance.org\/shop\/san-pham\/banh-luoi-meo-tra-xanh#breadcrumb","itemListElement":[{"@type":"ListItem","position":1,"name":"Trang ch\u1ee7","item":"https:\/\/maison-chance.org\/shop\/"},{"@type":"ListItem","position":2,"name":"Shop","item":"https:\/\/maison-chance.org\/shop\/shop"},{"@type":"ListItem","position":3,"name":"B\u00e1nh l\u01b0\u1ee1i m\u00e8o tr\u00e0 xanh"}]},{"@type":"WebSite","@id":"https:\/\/maison-chance.org\/shop\/#website","url":"https:\/\/maison-chance.org\/shop\/","name":"Nh\u00e0 May M\u1eafn - Maison Chance","description":"M\u1ecdi l\u1ee3i nhu\u1eadn thu v\u1ec1 t\u1eeb vi\u1ec7c b\u00e1n h\u00e0ng s\u1ebd tr\u00edch m\u1ed9t ph\u1ea7n \u0111\u1ec3 ch\u0103m lo cho \u0111\u1eddi s\u1ed1ng c\u00e1c b\u1ea1n khuy\u1ebft t\u1eadt v\u00e0 tr\u1ebb m\u1ed3 c\u00f4i \u1edf \u0111\u00e2y","publisher":{"@id":"https:\/\/maison-chance.org\/shop\/#organization"},"potentialAction":[{"@type":"SearchAction","target":{"@type":"EntryPoint","urlTemplate":"https:\/\/maison-chance.org\/shop\/?s={search_term_string}"},"query-input":{"@type":"PropertyValueSpecification","valueRequired":true,"valueName":"search_term_string"}}],"inLanguage":"vi-VN"},{"@type":"Organization","@id":"https:\/\/maison-chance.org\/shop\/#organization","name":"Nh\u00e0 May M\u1eafn - Maison Chance","url":"https:\/\/maison-chance.org\/shop\/","logo":{"@type":"ImageObject","inLanguage":"vi-VN","@id":"https:\/\/maison-chance.org\/shop\/#\/schema\/logo\/image\/","url":"https:\/\/maison-chance.org\/shop\/wp-content\/uploads\/2024\/03\/cropped-Logo_DNXH.png","contentUrl":"https:\/\/maison-chance.org\/shop\/wp-content\/uploads\/2024\/03\/cropped-Logo_DNXH.png","width":512,"height":512,"caption":"Nh\u00e0 May M\u1eafn - Maison Chance"},"image":{"@id":"https:\/\/maison-chance.org\/shop\/#\/schema\/logo\/image\/"},"sameAs":["https:\/\/www.facebook.com\/dnxh.nhamayman\/"]}]},"product_price_amount":"2.60","product_price_currency":"USD","og_availability":"instock","product_availability":"instock","product_condition":"new"},"_links":{"self":[{"href":"https:\/\/maison-chance.org\/shop\/wp-json\/wp\/v2\/product\/41264","targetHints":{"allow":["GET"]}}],"collection":[{"href":"https:\/\/maison-chance.org\/shop\/wp-json\/wp\/v2\/product"}],"about":[{"href":"https:\/\/maison-chance.org\/shop\/wp-json\/wp\/v2\/types\/product"}],"wp:featuredmedia":[{"embeddable":true,"href":"https:\/\/maison-chance.org\/shop\/wp-json\/wp\/v2\/media\/41265"}],"wp:attachment":[{"href":"https:\/\/maison-chance.org\/shop\/wp-json\/wp\/v2\/media?parent=41264"}],"wp:term":[{"taxonomy":"product_brand","embeddable":true,"href":"https:\/\/maison-chance.org\/shop\/wp-json\/wp\/v2\/product_brand?post=41264"},{"taxonomy":"product_cat","embeddable":true,"href":"https:\/\/maison-chance.org\/shop\/wp-json\/wp\/v2\/product_cat?post=41264"},{"taxonomy":"product_tag","embeddable":true,"href":"https:\/\/maison-chance.org\/shop\/wp-json\/wp\/v2\/product_tag?post=41264"}],"curies":[{"name":"wp","href":"https:\/\/api.w.org\/{rel}","templated":true}]}}