{"id":41304,"date":"2024-12-04T10:58:20","date_gmt":"2024-12-04T03:58:20","guid":{"rendered":"https:\/\/maison-chance.org\/shop?post_type=product&#038;p=41304"},"modified":"2024-12-04T14:55:45","modified_gmt":"2024-12-04T07:55:45","slug":"banh-quy-hanh-nhan","status":"publish","type":"product","link":"https:\/\/maison-chance.org\/shop\/san-pham\/banh-quy-hanh-nhan","title":{"rendered":"B\u00e1nh quy h\u1ea1nh nh\u00e2n"},"content":{"rendered":"<p style=\"text-align: justify;\"><a href=\"https:\/\/maison-chance.org\/shop\/san-pham\/banh-quy-hanh-nhan\">B\u00e1nh quy h\u1ea1nh nh\u00e2n<\/a> Nh\u00e0 May M\u1eafn \u0111\u01b0\u1ee3c ch\u1ebf bi\u1ebfn t\u1eeb nh\u1eefng nguy\u00ean li\u1ec7u t\u1ef1 nhi\u00ean cao c\u1ea5p nh\u1ea5t. B\u1ed9t m\u00ec m\u1ecbn th\u01b0\u1ee3ng h\u1ea1ng k\u1ebft h\u1ee3p v\u1edbi tr\u1ee9ng t\u01b0\u01a1i, \u0111\u01b0\u1eddng tinh luy\u1ec7n v\u00e0 b\u01a1 Ph\u00e1p t\u1ea1o n\u00ean m\u1ed9t h\u1ed7n h\u1ee3p \u0111\u1ed3ng nh\u1ea5t, m\u1ecbn m\u00e0ng. \u0110i\u1ec3m nh\u1ea5n \u0111\u1eb7c bi\u1ec7t \u0111\u1ebfn t\u1eeb nh\u1eefng h\u1ea1t h\u1ea1nh nh\u00e2n \u0111\u01b0\u1ee3c tuy\u1ec3n ch\u1ecdn k\u1ef9 l\u01b0\u1ee1ng, g\u00f3p ph\u1ea7n t\u1ea1o n\u00ean h\u01b0\u01a1ng v\u1ecb \u0111\u1eb7c tr\u01b0ng kh\u00f4ng th\u1ec3 tr\u1ed9n l\u1eabn.<\/p>\n<p style=\"text-align: justify;\">Khi th\u01b0\u1edfng th\u1ee9c, b\u1ea1n s\u1ebd ngay l\u1eadp t\u1ee9c b\u1ecb cu\u1ed1n h\u00fat b\u1edfi v\u1ebb ngo\u00e0i b\u1eaft m\u1eaft c\u1ee7a nh\u1eefng chi\u1ebfc <a href=\"https:\/\/maison-chance.org\/shop\/banh-ngot\">b\u00e1nh ng\u1ecdt<\/a> m\u00e0u v\u00e0ng \u01b0\u01a1m \u0111\u1ec1u \u0111\u1eb9p. L\u1edbp v\u1ecf b\u00e1nh gi\u00f2n tan trong mi\u1ec7ng, \u0111\u1ec3 l\u1ea1i h\u01b0\u01a1ng th\u01a1m b\u00e9o ng\u1eady c\u1ee7a b\u01a1 v\u00e0 s\u1eefa. Nh\u1eefng m\u1ea3nh h\u1ea1nh nh\u00e2n gi\u00f2n r\u1ee5m xen k\u1ebd t\u1ea1o n\u00ean m\u1ed9t tr\u1ea3i nghi\u1ec7m \u1ea9m th\u1ef1c \u0111a t\u1ea7ng th\u00fa v\u1ecb.<\/p>\n<p style=\"text-align: justify;\">S\u1ea3n ph\u1ea9m \u0111\u01b0\u1ee3c \u0111\u00f3ng g\u00f3i trong h\u0169 nh\u1ef1a trong su\u1ed1t cao c\u1ea5p v\u1edbi n\u1eafp kim lo\u1ea1i k\u00edn kh\u00ed, \u0111\u1ea3m b\u1ea3o \u0111\u1ed9 gi\u00f2n v\u00e0 h\u01b0\u01a1ng v\u1ecb nguy\u00ean b\u1ea3n c\u1ee7a b\u00e1nh. M\u1ed7i h\u0169 110gr ch\u1ee9a \u0111\u1ef1ng nh\u1eefng chi\u1ebfc b\u00e1nh \u0111\u01b0\u1ee3c s\u1eafp x\u1ebfp g\u1ecdn g\u00e0ng, l\u00e0 m\u00f3n qu\u00e0 ho\u00e0n h\u1ea3o cho nh\u1eefng d\u1ecbp \u0111\u1eb7c bi\u1ec7t ho\u1eb7c \u0111\u1ec3 th\u01b0\u1edfng th\u1ee9c h\u00e0ng ng\u00e0y c\u00f9ng t\u00e1ch tr\u00e0, c\u00e0 ph\u00ea.<\/p>\n<p style=\"text-align: justify;\">M\u1ed7i m\u1ebb b\u00e1nh \u0111\u1ec1u \u0111\u01b0\u1ee3c ki\u1ec3m so\u00e1t ch\u1ea5t l\u01b0\u1ee3ng nghi\u00eam ng\u1eb7t, tu\u00e2n th\u1ee7 c\u00e1c ti\u00eau chu\u1ea9n v\u1ec7 sinh an to\u00e0n th\u1ef1c ph\u1ea9m. S\u1ea3n ph\u1ea9m kh\u00f4ng s\u1eed d\u1ee5ng ch\u1ea5t b\u1ea3o qu\u1ea3n, ph\u1ea9m m\u00e0u nh\u00e2n t\u1ea1o, \u0111em \u0111\u1ebfn s\u1ef1 an t\u00e2m tuy\u1ec7t \u0111\u1ed1i cho ng\u01b0\u1eddi ti\u00eau d\u00f9ng.<\/p>\n<p style=\"text-align: justify;\">H\u00e3y \u0111\u1ebfn v\u1edbi <a href=\"https:\/\/maison-chance.org\/shop\">Nh\u00e0 May M\u1eafn<\/a> \u0111\u1ec3 th\u01b0\u1edfng th\u1ee9c nh\u1eefng chi\u1ebfc <a href=\"https:\/\/maison-chance.org\/shop\/phong-banh\">b\u00e1nh quy<\/a> h\u1ea1nh nh\u00e2n th\u01a1m ngon, gi\u00f2n tan n\u00e0y. \u0110\u1eb7t h\u00e0ng ngay h\u00f4m nay \u0111\u1ec3 \u1ee7ng h\u1ed9 nh\u1eefng s\u1ea3n ph\u1ea9m ch\u1ea5t l\u01b0\u1ee3ng t\u1eeb Maison Chance.<\/p>\n","protected":false},"excerpt":{"rendered":"<p style=\"text-align: justify;\">S\u1ea3n ph\u1ea9m b\u00e1nh ng\u1ecdt \u0111\u01b0\u1ee3c l\u00e0m t\u1eeb c\u00e1c b\u1ea1n tr\u1ebb m\u1ed3 c\u00f4i hi\u1ec7n \u0111ang \u0111\u01b0\u1ee3c Nh\u00e0 May M\u1eafn &#8211; Maison Chance nu\u00f4i d\u01b0\u1ee1ng. K\u00ednh mong nh\u1eadn \u0111\u01b0\u1ee3c s\u1ef1 \u1ee7ng h\u1ed9 c\u1ee7a Qu\u00fd kh\u00e1ch!<\/p>\n<p>Hotline : <span style=\"font-size: 20px;\"><strong><span style=\"color: #ff0000;\">0909 06 25 28<\/span><\/strong><\/span><\/p>\n","protected":false},"featured_media":41331,"template":"","meta":[],"product_brand":[],"product_cat":[153,150],"product_tag":[],"class_list":{"0":"post-41304","1":"product","2":"type-product","3":"status-publish","4":"has-post-thumbnail","6":"product_cat-banh-ngot","7":"product_cat-phong-banh","9":"first","10":"instock","11":"shipping-taxable","12":"purchasable","13":"product-type-simple"},"yoast_head":"<!-- This site is optimized with the Yoast SEO Premium plugin v22.7 (Yoast SEO v25.3.1) - https:\/\/yoast.com\/wordpress\/plugins\/seo\/ -->\n<title>B\u00e1nh quy h\u1ea1nh nh\u00e2n - Nh\u00e0 May M\u1eafn - Maison Chance<\/title>\n<meta name=\"description\" content=\"B\u00e1nh quy h\u1ea1nh nh\u00e2n Nh\u00e0 May M\u1eafn \u0111\u01b0\u1ee3c ch\u1ebf bi\u1ebfn t\u1eeb nh\u1eefng nguy\u00ean li\u1ec7u t\u1ef1 nhi\u00ean cao c\u1ea5p nh\u1ea5t. B\u1ed9t m\u00ec m\u1ecbn th\u01b0\u1ee3ng h\u1ea1ng k\u1ebft h\u1ee3p v\u1edbi tr\u1ee9ng t\u01b0\u01a1i, \u0111\u01b0\u1eddng tinh luy\u1ec7n v\u00e0 b\u01a1 Ph\u00e1p t\u1ea1o n\u00ean m\u1ed9t h\u1ed7n h\u1ee3p \u0111\u1ed3ng nh\u1ea5t, m\u1ecbn m\u00e0ng\" \/>\n<meta name=\"robots\" content=\"index, follow, max-snippet:-1, max-image-preview:large, max-video-preview:-1\" \/>\n<link rel=\"canonical\" href=\"https:\/\/maison-chance.org\/shop\/san-pham\/banh-quy-hanh-nhan\" \/>\n<meta property=\"og:locale\" content=\"vi_VN\" \/>\n<meta property=\"og:type\" content=\"article\" \/>\n<meta property=\"og:title\" content=\"B\u00e1nh quy h\u1ea1nh nh\u00e2n\" \/>\n<meta property=\"og:description\" content=\"B\u00e1nh quy h\u1ea1nh nh\u00e2n Nh\u00e0 May M\u1eafn \u0111\u01b0\u1ee3c ch\u1ebf bi\u1ebfn t\u1eeb nh\u1eefng nguy\u00ean li\u1ec7u t\u1ef1 nhi\u00ean cao c\u1ea5p nh\u1ea5t. B\u1ed9t m\u00ec m\u1ecbn th\u01b0\u1ee3ng h\u1ea1ng k\u1ebft h\u1ee3p v\u1edbi tr\u1ee9ng t\u01b0\u01a1i, \u0111\u01b0\u1eddng tinh luy\u1ec7n v\u00e0 b\u01a1 Ph\u00e1p t\u1ea1o n\u00ean m\u1ed9t h\u1ed7n h\u1ee3p \u0111\u1ed3ng nh\u1ea5t, m\u1ecbn m\u00e0ng\" \/>\n<meta property=\"og:url\" content=\"https:\/\/maison-chance.org\/shop\/san-pham\/banh-quy-hanh-nhan\" \/>\n<meta property=\"og:site_name\" content=\"Nh\u00e0 May M\u1eafn - Maison Chance\" \/>\n<meta property=\"article:publisher\" content=\"https:\/\/www.facebook.com\/dnxh.nhamayman\/\" \/>\n<meta property=\"article:modified_time\" content=\"2024-12-04T07:55:45+00:00\" \/>\n<meta property=\"og:image\" content=\"https:\/\/maison-chance.org\/shop\/wp-content\/uploads\/2024\/12\/hop-banh-quy-hanh-nhan-120gr.jpg\" \/>\n\t<meta property=\"og:image:width\" content=\"600\" \/>\n\t<meta property=\"og:image:height\" content=\"600\" \/>\n\t<meta property=\"og:image:type\" content=\"image\/jpeg\" \/>\n<meta name=\"twitter:card\" content=\"summary_large_image\" \/>\n<meta name=\"twitter:label1\" content=\"Gi\u00e1\" \/>\n\t<meta name=\"twitter:data1\" content=\"2.80&nbsp;&#036;\" \/>\n\t<meta name=\"twitter:label2\" content=\"Availability\" \/>\n\t<meta name=\"twitter:data2\" content=\"In stock\" \/>\n<script type=\"application\/ld+json\" class=\"yoast-schema-graph\">{\"@context\":\"https:\/\/schema.org\",\"@graph\":[{\"@type\":\"WebPage\",\"@id\":\"https:\/\/maison-chance.org\/shop\/san-pham\/banh-quy-hanh-nhan\",\"url\":\"https:\/\/maison-chance.org\/shop\/san-pham\/banh-quy-hanh-nhan\",\"name\":\"B\u00e1nh quy h\u1ea1nh nh\u00e2n - Nh\u00e0 May M\u1eafn - Maison Chance\",\"isPartOf\":{\"@id\":\"https:\/\/maison-chance.org\/shop\/#website\"},\"primaryImageOfPage\":{\"@id\":\"https:\/\/maison-chance.org\/shop\/san-pham\/banh-quy-hanh-nhan#primaryimage\"},\"image\":{\"@id\":\"https:\/\/maison-chance.org\/shop\/san-pham\/banh-quy-hanh-nhan#primaryimage\"},\"thumbnailUrl\":\"https:\/\/maison-chance.org\/shop\/wp-content\/uploads\/2024\/12\/hop-banh-quy-hanh-nhan-120gr.jpg\",\"datePublished\":\"2024-12-04T03:58:20+00:00\",\"dateModified\":\"2024-12-04T07:55:45+00:00\",\"description\":\"B\u00e1nh quy h\u1ea1nh nh\u00e2n Nh\u00e0 May M\u1eafn \u0111\u01b0\u1ee3c ch\u1ebf bi\u1ebfn t\u1eeb nh\u1eefng nguy\u00ean li\u1ec7u t\u1ef1 nhi\u00ean cao c\u1ea5p nh\u1ea5t. B\u1ed9t m\u00ec m\u1ecbn th\u01b0\u1ee3ng h\u1ea1ng k\u1ebft h\u1ee3p v\u1edbi tr\u1ee9ng t\u01b0\u01a1i, \u0111\u01b0\u1eddng tinh luy\u1ec7n v\u00e0 b\u01a1 Ph\u00e1p t\u1ea1o n\u00ean m\u1ed9t h\u1ed7n h\u1ee3p \u0111\u1ed3ng nh\u1ea5t, m\u1ecbn m\u00e0ng\",\"breadcrumb\":{\"@id\":\"https:\/\/maison-chance.org\/shop\/san-pham\/banh-quy-hanh-nhan#breadcrumb\"},\"inLanguage\":\"vi-VN\",\"potentialAction\":[{\"@type\":\"ReadAction\",\"target\":[\"https:\/\/maison-chance.org\/shop\/san-pham\/banh-quy-hanh-nhan\"]}]},{\"@type\":\"ImageObject\",\"inLanguage\":\"vi-VN\",\"@id\":\"https:\/\/maison-chance.org\/shop\/san-pham\/banh-quy-hanh-nhan#primaryimage\",\"url\":\"https:\/\/maison-chance.org\/shop\/wp-content\/uploads\/2024\/12\/hop-banh-quy-hanh-nhan-120gr.jpg\",\"contentUrl\":\"https:\/\/maison-chance.org\/shop\/wp-content\/uploads\/2024\/12\/hop-banh-quy-hanh-nhan-120gr.jpg\",\"width\":600,\"height\":600,\"caption\":\"B\u00e1nh quy h\u1ea1nh nh\u00e2n\"},{\"@type\":\"BreadcrumbList\",\"@id\":\"https:\/\/maison-chance.org\/shop\/san-pham\/banh-quy-hanh-nhan#breadcrumb\",\"itemListElement\":[{\"@type\":\"ListItem\",\"position\":1,\"name\":\"Trang ch\u1ee7\",\"item\":\"https:\/\/maison-chance.org\/shop\/\"},{\"@type\":\"ListItem\",\"position\":2,\"name\":\"Shop\",\"item\":\"https:\/\/maison-chance.org\/shop\/shop\"},{\"@type\":\"ListItem\",\"position\":3,\"name\":\"B\u00e1nh quy h\u1ea1nh nh\u00e2n\"}]},{\"@type\":\"WebSite\",\"@id\":\"https:\/\/maison-chance.org\/shop\/#website\",\"url\":\"https:\/\/maison-chance.org\/shop\/\",\"name\":\"Nh\u00e0 May M\u1eafn - Maison Chance\",\"description\":\"M\u1ecdi l\u1ee3i nhu\u1eadn thu v\u1ec1 t\u1eeb vi\u1ec7c b\u00e1n h\u00e0ng s\u1ebd tr\u00edch m\u1ed9t ph\u1ea7n \u0111\u1ec3 ch\u0103m lo cho \u0111\u1eddi s\u1ed1ng c\u00e1c b\u1ea1n khuy\u1ebft t\u1eadt v\u00e0 tr\u1ebb m\u1ed3 c\u00f4i \u1edf \u0111\u00e2y\",\"publisher\":{\"@id\":\"https:\/\/maison-chance.org\/shop\/#organization\"},\"potentialAction\":[{\"@type\":\"SearchAction\",\"target\":{\"@type\":\"EntryPoint\",\"urlTemplate\":\"https:\/\/maison-chance.org\/shop\/?s={search_term_string}\"},\"query-input\":{\"@type\":\"PropertyValueSpecification\",\"valueRequired\":true,\"valueName\":\"search_term_string\"}}],\"inLanguage\":\"vi-VN\"},{\"@type\":\"Organization\",\"@id\":\"https:\/\/maison-chance.org\/shop\/#organization\",\"name\":\"Nh\u00e0 May M\u1eafn - Maison Chance\",\"url\":\"https:\/\/maison-chance.org\/shop\/\",\"logo\":{\"@type\":\"ImageObject\",\"inLanguage\":\"vi-VN\",\"@id\":\"https:\/\/maison-chance.org\/shop\/#\/schema\/logo\/image\/\",\"url\":\"https:\/\/maison-chance.org\/shop\/wp-content\/uploads\/2024\/03\/cropped-Logo_DNXH.png\",\"contentUrl\":\"https:\/\/maison-chance.org\/shop\/wp-content\/uploads\/2024\/03\/cropped-Logo_DNXH.png\",\"width\":512,\"height\":512,\"caption\":\"Nh\u00e0 May M\u1eafn - Maison Chance\"},\"image\":{\"@id\":\"https:\/\/maison-chance.org\/shop\/#\/schema\/logo\/image\/\"},\"sameAs\":[\"https:\/\/www.facebook.com\/dnxh.nhamayman\/\"]}]}<\/script>\n<meta property=\"product:price:amount\" content=\"2.80\" \/>\n<meta property=\"product:price:currency\" content=\"USD\" \/>\n<meta property=\"og:availability\" content=\"instock\" \/>\n<meta property=\"product:availability\" content=\"instock\" \/>\n<meta property=\"product:condition\" content=\"new\" \/>\n<!-- \/ Yoast SEO Premium plugin. -->","yoast_head_json":{"title":"B\u00e1nh quy h\u1ea1nh nh\u00e2n - Nh\u00e0 May M\u1eafn - Maison Chance","description":"B\u00e1nh quy h\u1ea1nh nh\u00e2n Nh\u00e0 May M\u1eafn \u0111\u01b0\u1ee3c ch\u1ebf bi\u1ebfn t\u1eeb nh\u1eefng nguy\u00ean li\u1ec7u t\u1ef1 nhi\u00ean cao c\u1ea5p nh\u1ea5t. B\u1ed9t m\u00ec m\u1ecbn th\u01b0\u1ee3ng h\u1ea1ng k\u1ebft h\u1ee3p v\u1edbi tr\u1ee9ng t\u01b0\u01a1i, \u0111\u01b0\u1eddng tinh luy\u1ec7n v\u00e0 b\u01a1 Ph\u00e1p t\u1ea1o n\u00ean m\u1ed9t h\u1ed7n h\u1ee3p \u0111\u1ed3ng nh\u1ea5t, m\u1ecbn m\u00e0ng","robots":{"index":"index","follow":"follow","max-snippet":"max-snippet:-1","max-image-preview":"max-image-preview:large","max-video-preview":"max-video-preview:-1"},"canonical":"https:\/\/maison-chance.org\/shop\/san-pham\/banh-quy-hanh-nhan","og_locale":"vi_VN","og_type":"article","og_title":"B\u00e1nh quy h\u1ea1nh nh\u00e2n","og_description":"B\u00e1nh quy h\u1ea1nh nh\u00e2n Nh\u00e0 May M\u1eafn \u0111\u01b0\u1ee3c ch\u1ebf bi\u1ebfn t\u1eeb nh\u1eefng nguy\u00ean li\u1ec7u t\u1ef1 nhi\u00ean cao c\u1ea5p nh\u1ea5t. B\u1ed9t m\u00ec m\u1ecbn th\u01b0\u1ee3ng h\u1ea1ng k\u1ebft h\u1ee3p v\u1edbi tr\u1ee9ng t\u01b0\u01a1i, \u0111\u01b0\u1eddng tinh luy\u1ec7n v\u00e0 b\u01a1 Ph\u00e1p t\u1ea1o n\u00ean m\u1ed9t h\u1ed7n h\u1ee3p \u0111\u1ed3ng nh\u1ea5t, m\u1ecbn m\u00e0ng","og_url":"https:\/\/maison-chance.org\/shop\/san-pham\/banh-quy-hanh-nhan","og_site_name":"Nh\u00e0 May M\u1eafn - Maison Chance","article_publisher":"https:\/\/www.facebook.com\/dnxh.nhamayman\/","article_modified_time":"2024-12-04T07:55:45+00:00","og_image":[{"width":600,"height":600,"url":"https:\/\/maison-chance.org\/shop\/wp-content\/uploads\/2024\/12\/hop-banh-quy-hanh-nhan-120gr.jpg","type":"image\/jpeg"}],"twitter_card":"summary_large_image","twitter_misc":{"Gi\u00e1":"2.80&nbsp;&#36;","Availability":"In stock"},"schema":{"@context":"https:\/\/schema.org","@graph":[{"@type":"WebPage","@id":"https:\/\/maison-chance.org\/shop\/san-pham\/banh-quy-hanh-nhan","url":"https:\/\/maison-chance.org\/shop\/san-pham\/banh-quy-hanh-nhan","name":"B\u00e1nh quy h\u1ea1nh nh\u00e2n - Nh\u00e0 May M\u1eafn - Maison Chance","isPartOf":{"@id":"https:\/\/maison-chance.org\/shop\/#website"},"primaryImageOfPage":{"@id":"https:\/\/maison-chance.org\/shop\/san-pham\/banh-quy-hanh-nhan#primaryimage"},"image":{"@id":"https:\/\/maison-chance.org\/shop\/san-pham\/banh-quy-hanh-nhan#primaryimage"},"thumbnailUrl":"https:\/\/maison-chance.org\/shop\/wp-content\/uploads\/2024\/12\/hop-banh-quy-hanh-nhan-120gr.jpg","datePublished":"2024-12-04T03:58:20+00:00","dateModified":"2024-12-04T07:55:45+00:00","description":"B\u00e1nh quy h\u1ea1nh nh\u00e2n Nh\u00e0 May M\u1eafn \u0111\u01b0\u1ee3c ch\u1ebf bi\u1ebfn t\u1eeb nh\u1eefng nguy\u00ean li\u1ec7u t\u1ef1 nhi\u00ean cao c\u1ea5p nh\u1ea5t. B\u1ed9t m\u00ec m\u1ecbn th\u01b0\u1ee3ng h\u1ea1ng k\u1ebft h\u1ee3p v\u1edbi tr\u1ee9ng t\u01b0\u01a1i, \u0111\u01b0\u1eddng tinh luy\u1ec7n v\u00e0 b\u01a1 Ph\u00e1p t\u1ea1o n\u00ean m\u1ed9t h\u1ed7n h\u1ee3p \u0111\u1ed3ng nh\u1ea5t, m\u1ecbn m\u00e0ng","breadcrumb":{"@id":"https:\/\/maison-chance.org\/shop\/san-pham\/banh-quy-hanh-nhan#breadcrumb"},"inLanguage":"vi-VN","potentialAction":[{"@type":"ReadAction","target":["https:\/\/maison-chance.org\/shop\/san-pham\/banh-quy-hanh-nhan"]}]},{"@type":"ImageObject","inLanguage":"vi-VN","@id":"https:\/\/maison-chance.org\/shop\/san-pham\/banh-quy-hanh-nhan#primaryimage","url":"https:\/\/maison-chance.org\/shop\/wp-content\/uploads\/2024\/12\/hop-banh-quy-hanh-nhan-120gr.jpg","contentUrl":"https:\/\/maison-chance.org\/shop\/wp-content\/uploads\/2024\/12\/hop-banh-quy-hanh-nhan-120gr.jpg","width":600,"height":600,"caption":"B\u00e1nh quy h\u1ea1nh nh\u00e2n"},{"@type":"BreadcrumbList","@id":"https:\/\/maison-chance.org\/shop\/san-pham\/banh-quy-hanh-nhan#breadcrumb","itemListElement":[{"@type":"ListItem","position":1,"name":"Trang ch\u1ee7","item":"https:\/\/maison-chance.org\/shop\/"},{"@type":"ListItem","position":2,"name":"Shop","item":"https:\/\/maison-chance.org\/shop\/shop"},{"@type":"ListItem","position":3,"name":"B\u00e1nh quy h\u1ea1nh nh\u00e2n"}]},{"@type":"WebSite","@id":"https:\/\/maison-chance.org\/shop\/#website","url":"https:\/\/maison-chance.org\/shop\/","name":"Nh\u00e0 May M\u1eafn - Maison Chance","description":"M\u1ecdi l\u1ee3i nhu\u1eadn thu v\u1ec1 t\u1eeb vi\u1ec7c b\u00e1n h\u00e0ng s\u1ebd tr\u00edch m\u1ed9t ph\u1ea7n \u0111\u1ec3 ch\u0103m lo cho \u0111\u1eddi s\u1ed1ng c\u00e1c b\u1ea1n khuy\u1ebft t\u1eadt v\u00e0 tr\u1ebb m\u1ed3 c\u00f4i \u1edf \u0111\u00e2y","publisher":{"@id":"https:\/\/maison-chance.org\/shop\/#organization"},"potentialAction":[{"@type":"SearchAction","target":{"@type":"EntryPoint","urlTemplate":"https:\/\/maison-chance.org\/shop\/?s={search_term_string}"},"query-input":{"@type":"PropertyValueSpecification","valueRequired":true,"valueName":"search_term_string"}}],"inLanguage":"vi-VN"},{"@type":"Organization","@id":"https:\/\/maison-chance.org\/shop\/#organization","name":"Nh\u00e0 May M\u1eafn - Maison Chance","url":"https:\/\/maison-chance.org\/shop\/","logo":{"@type":"ImageObject","inLanguage":"vi-VN","@id":"https:\/\/maison-chance.org\/shop\/#\/schema\/logo\/image\/","url":"https:\/\/maison-chance.org\/shop\/wp-content\/uploads\/2024\/03\/cropped-Logo_DNXH.png","contentUrl":"https:\/\/maison-chance.org\/shop\/wp-content\/uploads\/2024\/03\/cropped-Logo_DNXH.png","width":512,"height":512,"caption":"Nh\u00e0 May M\u1eafn - Maison Chance"},"image":{"@id":"https:\/\/maison-chance.org\/shop\/#\/schema\/logo\/image\/"},"sameAs":["https:\/\/www.facebook.com\/dnxh.nhamayman\/"]}]},"product_price_amount":"2.80","product_price_currency":"USD","og_availability":"instock","product_availability":"instock","product_condition":"new"},"_links":{"self":[{"href":"https:\/\/maison-chance.org\/shop\/wp-json\/wp\/v2\/product\/41304","targetHints":{"allow":["GET"]}}],"collection":[{"href":"https:\/\/maison-chance.org\/shop\/wp-json\/wp\/v2\/product"}],"about":[{"href":"https:\/\/maison-chance.org\/shop\/wp-json\/wp\/v2\/types\/product"}],"wp:featuredmedia":[{"embeddable":true,"href":"https:\/\/maison-chance.org\/shop\/wp-json\/wp\/v2\/media\/41331"}],"wp:attachment":[{"href":"https:\/\/maison-chance.org\/shop\/wp-json\/wp\/v2\/media?parent=41304"}],"wp:term":[{"taxonomy":"product_brand","embeddable":true,"href":"https:\/\/maison-chance.org\/shop\/wp-json\/wp\/v2\/product_brand?post=41304"},{"taxonomy":"product_cat","embeddable":true,"href":"https:\/\/maison-chance.org\/shop\/wp-json\/wp\/v2\/product_cat?post=41304"},{"taxonomy":"product_tag","embeddable":true,"href":"https:\/\/maison-chance.org\/shop\/wp-json\/wp\/v2\/product_tag?post=41304"}],"curies":[{"name":"wp","href":"https:\/\/api.w.org\/{rel}","templated":true}]}}