{"id":41313,"date":"2024-12-04T14:05:30","date_gmt":"2024-12-04T07:05:30","guid":{"rendered":"https:\/\/maison-chance.org\/shop?post_type=product&#038;p=41313"},"modified":"2024-12-04T14:12:20","modified_gmt":"2024-12-04T07:12:20","slug":"banh-quy-tra-xanh","status":"publish","type":"product","link":"https:\/\/maison-chance.org\/shop\/san-pham\/banh-quy-tra-xanh","title":{"rendered":"B\u00e1nh quy tr\u00e0 xanh"},"content":{"rendered":"<p style=\"text-align: justify;\"><a href=\"https:\/\/maison-chance.org\/shop\/phong-banh\">B\u00e1nh quy tr\u00e0 xanh Nh\u00e0 May M\u1eafn<\/a> \u0111\u01b0\u1ee3c ch\u1ebf bi\u1ebfn t\u1eeb nh\u1eefng nguy\u00ean li\u1ec7u ch\u1ea5t l\u01b0\u1ee3ng cao nh\u01b0 b\u1ed9t m\u00ec tinh khi\u1ebft, tr\u1ee9ng t\u01b0\u01a1i, \u0111\u01b0\u1eddng tinh luy\u1ec7n, b\u01a1 Ph\u00e1p th\u01b0\u1ee3ng h\u1ea1ng, s\u1eefa t\u01b0\u01a1i v\u00e0 \u0111\u1eb7c bi\u1ec7t l\u00e0 b\u1ed9t tr\u00e0 xanh nguy\u00ean ch\u1ea5t. M\u1ed7i chi\u1ebfc b\u00e1nh mang m\u00e0u xanh t\u1ef1 nhi\u00ean d\u1ecbu nh\u1eb9, g\u1ee3i l\u00ean c\u1ea3m gi\u00e1c thanh khi\u1ebft v\u00e0 tinh t\u1ebf.!<\/p>\n<p style=\"text-align: justify;\">Khi c\u1ea7m tr\u00ean tay chi\u1ebfc <a href=\"https:\/\/maison-chance.org\/shop\/san-pham\/banh-quy-tra-xanh\">b\u00e1nh quy tr\u00e0 xanh<\/a>, b\u1ea1n s\u1ebd ngay l\u1eadp t\u1ee9c b\u1ecb cu\u1ed1n h\u00fat b\u1edfi m\u00e0u s\u1eafc t\u1ef1 nhi\u00ean v\u00e0 h\u01b0\u01a1ng th\u01a1m \u0111\u1eb7c tr\u01b0ng c\u1ee7a tr\u00e0 xanh h\u00f2a quy\u1ec7n c\u00f9ng h\u01b0\u01a1ng b\u01a1 b\u00e9o ng\u1eady. Khi \u0111\u01b0a v\u00e0o mi\u1ec7ng, b\u00e1nh tan d\u1ea7n v\u1edbi \u0111\u1ed9 gi\u00f2n v\u1eeba ph\u1ea3i, kh\u00f4ng qu\u00e1 c\u1ee9ng c\u0169ng kh\u00f4ng qu\u00e1 m\u1ec1m. H\u01b0\u01a1ng v\u1ecb tr\u00e0 xanh tinh t\u1ebf lan t\u1ecfa, k\u1ebft h\u1ee3p v\u1edbi \u0111\u1ed9 ng\u1ecdt v\u1eeba ph\u1ea3i, t\u1ea1o n\u00ean tr\u1ea3i nghi\u1ec7m \u1ea9m th\u1ef1c \u0111\u00e1ng nh\u1edb.!<\/p>\n<p style=\"text-align: justify;\">S\u1ea3n ph\u1ea9m \u0111\u01b0\u1ee3c \u0111\u00f3ng g\u00f3i trong h\u1ee7 th\u1ee7y tinh cao c\u1ea5p v\u1edbi dung t\u00edch 110gr, n\u1eafp kim lo\u1ea1i k\u00edn \u0111\u1ea3m b\u1ea3o \u0111\u1ed9 t\u01b0\u01a1i ngon c\u1ee7a b\u00e1nh. Thi\u1ebft k\u1ebf trong su\u1ed1t kh\u00f4ng ch\u1ec9 gi\u00fap ng\u01b0\u1eddi ti\u00eau d\u00f9ng d\u1ec5 d\u00e0ng nh\u00ecn th\u1ea5y s\u1ea3n ph\u1ea9m b\u00ean trong m\u00e0 c\u00f2n t\u1ea1o c\u1ea3m gi\u00e1c sang tr\u1ecdng, ph\u00f9 h\u1ee3p l\u00e0m qu\u00e0 t\u1eb7ng cho ng\u01b0\u1eddi th\u00e2n v\u00e0 b\u1ea1n b\u00e8.!<\/p>\n<p style=\"text-align: justify;\"><a href=\"https:\/\/maison-chance.org\/shop\/banh-ngot\">B\u00e1nh quy<\/a> tr\u00e0 xanh <a href=\"https:\/\/maison-chance.org\/shop\">Nh\u00e0 May M\u1eafn<\/a> kh\u00f4ng ch\u1ec9 l\u00e0 m\u1ed9t s\u1ea3n ph\u1ea9m th\u01a1m ngon m\u00e0 c\u00f2n l\u00e0 minh ch\u1ee9ng cho s\u1ef1 t\u1eadn t\u00e2m trong t\u1eebng c\u00f4ng \u0111o\u1ea1n s\u1ea3n xu\u1ea5t. Khi th\u01b0\u1edfng th\u1ee9c s\u1ea3n ph\u1ea9m n\u00e0y, b\u1ea1n kh\u00f4ng ch\u1ec9 \u0111\u01b0\u1ee3c th\u01b0\u1edfng th\u1ee9c m\u1ed9t m\u00f3n \u0103n ch\u1ea5t l\u01b0\u1ee3ng m\u00e0 c\u00f2n g\u00f3p ph\u1ea7n \u1ee7ng h\u1ed9 m\u1ed9t th\u01b0\u01a1ng hi\u1ec7u Vi\u1ec7t \u0111ang n\u1ed7 l\u1ef1c mang \u0111\u1ebfn nh\u1eefng s\u1ea3n ph\u1ea9m t\u1ed1t nh\u1ea5t cho ng\u01b0\u1eddi ti\u00eau d\u00f9ng.!<\/p>\n","protected":false},"excerpt":{"rendered":"<p style=\"text-align: justify;\">S\u1ea3n ph\u1ea9m b\u00e1nh ng\u1ecdt \u0111\u01b0\u1ee3c l\u00e0m t\u1eeb c\u00e1c b\u1ea1n tr\u1ebb m\u1ed3 c\u00f4i hi\u1ec7n \u0111ang \u0111\u01b0\u1ee3c Nh\u00e0 May M\u1eafn &#8211; Maison Chance nu\u00f4i d\u01b0\u1ee1ng. K\u00ednh mong nh\u1eadn \u0111\u01b0\u1ee3c s\u1ef1 \u1ee7ng h\u1ed9 c\u1ee7a Qu\u00fd kh\u00e1ch!<\/p>\n<p>Hotline : <span style=\"font-size: 20px;\"><strong><span style=\"color: #ff0000;\">0909 06 25 28<\/span><\/strong><\/span><\/p>\n","protected":false},"featured_media":41314,"template":"","meta":[],"product_brand":[],"product_cat":[153,150],"product_tag":[],"class_list":{"0":"post-41313","1":"product","2":"type-product","3":"status-publish","4":"has-post-thumbnail","6":"product_cat-banh-ngot","7":"product_cat-phong-banh","9":"first","10":"instock","11":"shipping-taxable","12":"purchasable","13":"product-type-simple"},"yoast_head":"<!-- This site is optimized with the Yoast SEO Premium plugin v22.7 (Yoast SEO v25.3.1) - https:\/\/yoast.com\/wordpress\/plugins\/seo\/ -->\n<title>B\u00e1nh quy tr\u00e0 xanh - Nh\u00e0 May M\u1eafn - Maison Chance<\/title>\n<meta name=\"description\" content=\"B\u00e1nh quy tr\u00e0 xanh Nh\u00e0 May M\u1eafn \u0111\u01b0\u1ee3c ch\u1ebf bi\u1ebfn t\u1eeb nh\u1eefng nguy\u00ean li\u1ec7u ch\u1ea5t l\u01b0\u1ee3ng cao nh\u01b0 b\u1ed9t m\u00ec tinh khi\u1ebft, tr\u1ee9ng t\u01b0\u01a1i, \u0111\u01b0\u1eddng tinh luy\u1ec7n, b\u01a1 Ph\u00e1p th\u01b0\u1ee3ng h\u1ea1ng\" \/>\n<meta name=\"robots\" content=\"index, follow, max-snippet:-1, max-image-preview:large, max-video-preview:-1\" \/>\n<link rel=\"canonical\" href=\"https:\/\/maison-chance.org\/shop\/san-pham\/banh-quy-tra-xanh\" \/>\n<meta property=\"og:locale\" content=\"vi_VN\" \/>\n<meta property=\"og:type\" content=\"article\" \/>\n<meta property=\"og:title\" content=\"B\u00e1nh quy tr\u00e0 xanh\" \/>\n<meta property=\"og:description\" content=\"B\u00e1nh quy tr\u00e0 xanh Nh\u00e0 May M\u1eafn \u0111\u01b0\u1ee3c ch\u1ebf bi\u1ebfn t\u1eeb nh\u1eefng nguy\u00ean li\u1ec7u ch\u1ea5t l\u01b0\u1ee3ng cao nh\u01b0 b\u1ed9t m\u00ec tinh khi\u1ebft, tr\u1ee9ng t\u01b0\u01a1i, \u0111\u01b0\u1eddng tinh luy\u1ec7n, b\u01a1 Ph\u00e1p th\u01b0\u1ee3ng h\u1ea1ng\" \/>\n<meta property=\"og:url\" content=\"https:\/\/maison-chance.org\/shop\/san-pham\/banh-quy-tra-xanh\" \/>\n<meta property=\"og:site_name\" content=\"Nh\u00e0 May M\u1eafn - Maison Chance\" \/>\n<meta property=\"article:publisher\" content=\"https:\/\/www.facebook.com\/dnxh.nhamayman\/\" \/>\n<meta property=\"article:modified_time\" content=\"2024-12-04T07:12:20+00:00\" \/>\n<meta property=\"og:image\" content=\"https:\/\/maison-chance.org\/shop\/wp-content\/uploads\/2024\/12\/hop-banh-quy-tra-xanh-120gr.jpg\" \/>\n\t<meta property=\"og:image:width\" content=\"600\" \/>\n\t<meta property=\"og:image:height\" content=\"600\" \/>\n\t<meta property=\"og:image:type\" content=\"image\/jpeg\" \/>\n<meta name=\"twitter:card\" content=\"summary_large_image\" \/>\n<meta name=\"twitter:label1\" content=\"Gi\u00e1\" \/>\n\t<meta name=\"twitter:data1\" content=\"2.80&nbsp;&#036;\" \/>\n\t<meta name=\"twitter:label2\" content=\"Availability\" \/>\n\t<meta name=\"twitter:data2\" content=\"In stock\" \/>\n<script type=\"application\/ld+json\" class=\"yoast-schema-graph\">{\"@context\":\"https:\/\/schema.org\",\"@graph\":[{\"@type\":\"WebPage\",\"@id\":\"https:\/\/maison-chance.org\/shop\/san-pham\/banh-quy-tra-xanh\",\"url\":\"https:\/\/maison-chance.org\/shop\/san-pham\/banh-quy-tra-xanh\",\"name\":\"B\u00e1nh quy tr\u00e0 xanh - Nh\u00e0 May M\u1eafn - Maison Chance\",\"isPartOf\":{\"@id\":\"https:\/\/maison-chance.org\/shop\/#website\"},\"primaryImageOfPage\":{\"@id\":\"https:\/\/maison-chance.org\/shop\/san-pham\/banh-quy-tra-xanh#primaryimage\"},\"image\":{\"@id\":\"https:\/\/maison-chance.org\/shop\/san-pham\/banh-quy-tra-xanh#primaryimage\"},\"thumbnailUrl\":\"https:\/\/maison-chance.org\/shop\/wp-content\/uploads\/2024\/12\/hop-banh-quy-tra-xanh-120gr.jpg\",\"datePublished\":\"2024-12-04T07:05:30+00:00\",\"dateModified\":\"2024-12-04T07:12:20+00:00\",\"description\":\"B\u00e1nh quy tr\u00e0 xanh Nh\u00e0 May M\u1eafn \u0111\u01b0\u1ee3c ch\u1ebf bi\u1ebfn t\u1eeb nh\u1eefng nguy\u00ean li\u1ec7u ch\u1ea5t l\u01b0\u1ee3ng cao nh\u01b0 b\u1ed9t m\u00ec tinh khi\u1ebft, tr\u1ee9ng t\u01b0\u01a1i, \u0111\u01b0\u1eddng tinh luy\u1ec7n, b\u01a1 Ph\u00e1p th\u01b0\u1ee3ng h\u1ea1ng\",\"breadcrumb\":{\"@id\":\"https:\/\/maison-chance.org\/shop\/san-pham\/banh-quy-tra-xanh#breadcrumb\"},\"inLanguage\":\"vi-VN\",\"potentialAction\":[{\"@type\":\"ReadAction\",\"target\":[\"https:\/\/maison-chance.org\/shop\/san-pham\/banh-quy-tra-xanh\"]}]},{\"@type\":\"ImageObject\",\"inLanguage\":\"vi-VN\",\"@id\":\"https:\/\/maison-chance.org\/shop\/san-pham\/banh-quy-tra-xanh#primaryimage\",\"url\":\"https:\/\/maison-chance.org\/shop\/wp-content\/uploads\/2024\/12\/hop-banh-quy-tra-xanh-120gr.jpg\",\"contentUrl\":\"https:\/\/maison-chance.org\/shop\/wp-content\/uploads\/2024\/12\/hop-banh-quy-tra-xanh-120gr.jpg\",\"width\":600,\"height\":600,\"caption\":\"B\u00e1nh quy tr\u00e0 xanh\"},{\"@type\":\"BreadcrumbList\",\"@id\":\"https:\/\/maison-chance.org\/shop\/san-pham\/banh-quy-tra-xanh#breadcrumb\",\"itemListElement\":[{\"@type\":\"ListItem\",\"position\":1,\"name\":\"Trang ch\u1ee7\",\"item\":\"https:\/\/maison-chance.org\/shop\/\"},{\"@type\":\"ListItem\",\"position\":2,\"name\":\"Shop\",\"item\":\"https:\/\/maison-chance.org\/shop\/shop\"},{\"@type\":\"ListItem\",\"position\":3,\"name\":\"B\u00e1nh quy tr\u00e0 xanh\"}]},{\"@type\":\"WebSite\",\"@id\":\"https:\/\/maison-chance.org\/shop\/#website\",\"url\":\"https:\/\/maison-chance.org\/shop\/\",\"name\":\"Nh\u00e0 May M\u1eafn - Maison Chance\",\"description\":\"M\u1ecdi l\u1ee3i nhu\u1eadn thu v\u1ec1 t\u1eeb vi\u1ec7c b\u00e1n h\u00e0ng s\u1ebd tr\u00edch m\u1ed9t ph\u1ea7n \u0111\u1ec3 ch\u0103m lo cho \u0111\u1eddi s\u1ed1ng c\u00e1c b\u1ea1n khuy\u1ebft t\u1eadt v\u00e0 tr\u1ebb m\u1ed3 c\u00f4i \u1edf \u0111\u00e2y\",\"publisher\":{\"@id\":\"https:\/\/maison-chance.org\/shop\/#organization\"},\"potentialAction\":[{\"@type\":\"SearchAction\",\"target\":{\"@type\":\"EntryPoint\",\"urlTemplate\":\"https:\/\/maison-chance.org\/shop\/?s={search_term_string}\"},\"query-input\":{\"@type\":\"PropertyValueSpecification\",\"valueRequired\":true,\"valueName\":\"search_term_string\"}}],\"inLanguage\":\"vi-VN\"},{\"@type\":\"Organization\",\"@id\":\"https:\/\/maison-chance.org\/shop\/#organization\",\"name\":\"Nh\u00e0 May M\u1eafn - Maison Chance\",\"url\":\"https:\/\/maison-chance.org\/shop\/\",\"logo\":{\"@type\":\"ImageObject\",\"inLanguage\":\"vi-VN\",\"@id\":\"https:\/\/maison-chance.org\/shop\/#\/schema\/logo\/image\/\",\"url\":\"https:\/\/maison-chance.org\/shop\/wp-content\/uploads\/2024\/03\/cropped-Logo_DNXH.png\",\"contentUrl\":\"https:\/\/maison-chance.org\/shop\/wp-content\/uploads\/2024\/03\/cropped-Logo_DNXH.png\",\"width\":512,\"height\":512,\"caption\":\"Nh\u00e0 May M\u1eafn - Maison Chance\"},\"image\":{\"@id\":\"https:\/\/maison-chance.org\/shop\/#\/schema\/logo\/image\/\"},\"sameAs\":[\"https:\/\/www.facebook.com\/dnxh.nhamayman\/\"]}]}<\/script>\n<meta property=\"product:price:amount\" content=\"2.80\" \/>\n<meta property=\"product:price:currency\" content=\"USD\" \/>\n<meta property=\"og:availability\" content=\"instock\" \/>\n<meta property=\"product:availability\" content=\"instock\" \/>\n<meta property=\"product:condition\" content=\"new\" \/>\n<!-- \/ Yoast SEO Premium plugin. -->","yoast_head_json":{"title":"B\u00e1nh quy tr\u00e0 xanh - Nh\u00e0 May M\u1eafn - Maison Chance","description":"B\u00e1nh quy tr\u00e0 xanh Nh\u00e0 May M\u1eafn \u0111\u01b0\u1ee3c ch\u1ebf bi\u1ebfn t\u1eeb nh\u1eefng nguy\u00ean li\u1ec7u ch\u1ea5t l\u01b0\u1ee3ng cao nh\u01b0 b\u1ed9t m\u00ec tinh khi\u1ebft, tr\u1ee9ng t\u01b0\u01a1i, \u0111\u01b0\u1eddng tinh luy\u1ec7n, b\u01a1 Ph\u00e1p th\u01b0\u1ee3ng h\u1ea1ng","robots":{"index":"index","follow":"follow","max-snippet":"max-snippet:-1","max-image-preview":"max-image-preview:large","max-video-preview":"max-video-preview:-1"},"canonical":"https:\/\/maison-chance.org\/shop\/san-pham\/banh-quy-tra-xanh","og_locale":"vi_VN","og_type":"article","og_title":"B\u00e1nh quy tr\u00e0 xanh","og_description":"B\u00e1nh quy tr\u00e0 xanh Nh\u00e0 May M\u1eafn \u0111\u01b0\u1ee3c ch\u1ebf bi\u1ebfn t\u1eeb nh\u1eefng nguy\u00ean li\u1ec7u ch\u1ea5t l\u01b0\u1ee3ng cao nh\u01b0 b\u1ed9t m\u00ec tinh khi\u1ebft, tr\u1ee9ng t\u01b0\u01a1i, \u0111\u01b0\u1eddng tinh luy\u1ec7n, b\u01a1 Ph\u00e1p th\u01b0\u1ee3ng h\u1ea1ng","og_url":"https:\/\/maison-chance.org\/shop\/san-pham\/banh-quy-tra-xanh","og_site_name":"Nh\u00e0 May M\u1eafn - Maison Chance","article_publisher":"https:\/\/www.facebook.com\/dnxh.nhamayman\/","article_modified_time":"2024-12-04T07:12:20+00:00","og_image":[{"width":600,"height":600,"url":"https:\/\/maison-chance.org\/shop\/wp-content\/uploads\/2024\/12\/hop-banh-quy-tra-xanh-120gr.jpg","type":"image\/jpeg"}],"twitter_card":"summary_large_image","twitter_misc":{"Gi\u00e1":"2.80&nbsp;&#36;","Availability":"In stock"},"schema":{"@context":"https:\/\/schema.org","@graph":[{"@type":"WebPage","@id":"https:\/\/maison-chance.org\/shop\/san-pham\/banh-quy-tra-xanh","url":"https:\/\/maison-chance.org\/shop\/san-pham\/banh-quy-tra-xanh","name":"B\u00e1nh quy tr\u00e0 xanh - Nh\u00e0 May M\u1eafn - Maison Chance","isPartOf":{"@id":"https:\/\/maison-chance.org\/shop\/#website"},"primaryImageOfPage":{"@id":"https:\/\/maison-chance.org\/shop\/san-pham\/banh-quy-tra-xanh#primaryimage"},"image":{"@id":"https:\/\/maison-chance.org\/shop\/san-pham\/banh-quy-tra-xanh#primaryimage"},"thumbnailUrl":"https:\/\/maison-chance.org\/shop\/wp-content\/uploads\/2024\/12\/hop-banh-quy-tra-xanh-120gr.jpg","datePublished":"2024-12-04T07:05:30+00:00","dateModified":"2024-12-04T07:12:20+00:00","description":"B\u00e1nh quy tr\u00e0 xanh Nh\u00e0 May M\u1eafn \u0111\u01b0\u1ee3c ch\u1ebf bi\u1ebfn t\u1eeb nh\u1eefng nguy\u00ean li\u1ec7u ch\u1ea5t l\u01b0\u1ee3ng cao nh\u01b0 b\u1ed9t m\u00ec tinh khi\u1ebft, tr\u1ee9ng t\u01b0\u01a1i, \u0111\u01b0\u1eddng tinh luy\u1ec7n, b\u01a1 Ph\u00e1p th\u01b0\u1ee3ng h\u1ea1ng","breadcrumb":{"@id":"https:\/\/maison-chance.org\/shop\/san-pham\/banh-quy-tra-xanh#breadcrumb"},"inLanguage":"vi-VN","potentialAction":[{"@type":"ReadAction","target":["https:\/\/maison-chance.org\/shop\/san-pham\/banh-quy-tra-xanh"]}]},{"@type":"ImageObject","inLanguage":"vi-VN","@id":"https:\/\/maison-chance.org\/shop\/san-pham\/banh-quy-tra-xanh#primaryimage","url":"https:\/\/maison-chance.org\/shop\/wp-content\/uploads\/2024\/12\/hop-banh-quy-tra-xanh-120gr.jpg","contentUrl":"https:\/\/maison-chance.org\/shop\/wp-content\/uploads\/2024\/12\/hop-banh-quy-tra-xanh-120gr.jpg","width":600,"height":600,"caption":"B\u00e1nh quy tr\u00e0 xanh"},{"@type":"BreadcrumbList","@id":"https:\/\/maison-chance.org\/shop\/san-pham\/banh-quy-tra-xanh#breadcrumb","itemListElement":[{"@type":"ListItem","position":1,"name":"Trang ch\u1ee7","item":"https:\/\/maison-chance.org\/shop\/"},{"@type":"ListItem","position":2,"name":"Shop","item":"https:\/\/maison-chance.org\/shop\/shop"},{"@type":"ListItem","position":3,"name":"B\u00e1nh quy tr\u00e0 xanh"}]},{"@type":"WebSite","@id":"https:\/\/maison-chance.org\/shop\/#website","url":"https:\/\/maison-chance.org\/shop\/","name":"Nh\u00e0 May M\u1eafn - Maison Chance","description":"M\u1ecdi l\u1ee3i nhu\u1eadn thu v\u1ec1 t\u1eeb vi\u1ec7c b\u00e1n h\u00e0ng s\u1ebd tr\u00edch m\u1ed9t ph\u1ea7n \u0111\u1ec3 ch\u0103m lo cho \u0111\u1eddi s\u1ed1ng c\u00e1c b\u1ea1n khuy\u1ebft t\u1eadt v\u00e0 tr\u1ebb m\u1ed3 c\u00f4i \u1edf \u0111\u00e2y","publisher":{"@id":"https:\/\/maison-chance.org\/shop\/#organization"},"potentialAction":[{"@type":"SearchAction","target":{"@type":"EntryPoint","urlTemplate":"https:\/\/maison-chance.org\/shop\/?s={search_term_string}"},"query-input":{"@type":"PropertyValueSpecification","valueRequired":true,"valueName":"search_term_string"}}],"inLanguage":"vi-VN"},{"@type":"Organization","@id":"https:\/\/maison-chance.org\/shop\/#organization","name":"Nh\u00e0 May M\u1eafn - Maison Chance","url":"https:\/\/maison-chance.org\/shop\/","logo":{"@type":"ImageObject","inLanguage":"vi-VN","@id":"https:\/\/maison-chance.org\/shop\/#\/schema\/logo\/image\/","url":"https:\/\/maison-chance.org\/shop\/wp-content\/uploads\/2024\/03\/cropped-Logo_DNXH.png","contentUrl":"https:\/\/maison-chance.org\/shop\/wp-content\/uploads\/2024\/03\/cropped-Logo_DNXH.png","width":512,"height":512,"caption":"Nh\u00e0 May M\u1eafn - Maison Chance"},"image":{"@id":"https:\/\/maison-chance.org\/shop\/#\/schema\/logo\/image\/"},"sameAs":["https:\/\/www.facebook.com\/dnxh.nhamayman\/"]}]},"product_price_amount":"2.80","product_price_currency":"USD","og_availability":"instock","product_availability":"instock","product_condition":"new"},"_links":{"self":[{"href":"https:\/\/maison-chance.org\/shop\/wp-json\/wp\/v2\/product\/41313","targetHints":{"allow":["GET"]}}],"collection":[{"href":"https:\/\/maison-chance.org\/shop\/wp-json\/wp\/v2\/product"}],"about":[{"href":"https:\/\/maison-chance.org\/shop\/wp-json\/wp\/v2\/types\/product"}],"wp:featuredmedia":[{"embeddable":true,"href":"https:\/\/maison-chance.org\/shop\/wp-json\/wp\/v2\/media\/41314"}],"wp:attachment":[{"href":"https:\/\/maison-chance.org\/shop\/wp-json\/wp\/v2\/media?parent=41313"}],"wp:term":[{"taxonomy":"product_brand","embeddable":true,"href":"https:\/\/maison-chance.org\/shop\/wp-json\/wp\/v2\/product_brand?post=41313"},{"taxonomy":"product_cat","embeddable":true,"href":"https:\/\/maison-chance.org\/shop\/wp-json\/wp\/v2\/product_cat?post=41313"},{"taxonomy":"product_tag","embeddable":true,"href":"https:\/\/maison-chance.org\/shop\/wp-json\/wp\/v2\/product_tag?post=41313"}],"curies":[{"name":"wp","href":"https:\/\/api.w.org\/{rel}","templated":true}]}}