{"id":41342,"date":"2024-12-09T11:02:53","date_gmt":"2024-12-09T04:02:53","guid":{"rendered":"https:\/\/maison-chance.org\/shop?post_type=product&#038;p=41342"},"modified":"2024-12-09T11:05:03","modified_gmt":"2024-12-09T04:05:03","slug":"banh-quy-so-co-la","status":"publish","type":"product","link":"https:\/\/maison-chance.org\/shop\/san-pham\/banh-quy-so-co-la","title":{"rendered":"B\u00e1nh quy s\u00f4-c\u00f4-la"},"content":{"rendered":"<p style=\"text-align: justify;\"><a href=\"https:\/\/maison-chance.org\/shop\/san-pham\/banh-quy-so-co-la\">B\u00e1nh quy s\u00f4-c\u00f4-la<\/a> Nh\u00e0 May M\u1eafn n\u1ed5i b\u1eadt nh\u01b0 m\u1ed9t vi\u00ean ng\u1ecdc qu\u00fd v\u1edbi h\u01b0\u01a1ng th\u01a1m quy\u1ebfn r\u0169 v\u00e0 v\u1ecb ng\u1ecdt tinh t\u1ebf. M\u1ed7i chi\u1ebfc b\u00e1nh l\u00e0 th\u00e0nh qu\u1ea3 c\u1ee7a s\u1ef1 k\u1ebft h\u1ee3p gi\u1eefa c\u00f4ng th\u1ee9c \u0111\u1ed9c \u0111\u00e1o v\u00e0 t\u00ecnh y\u00eau \u1ea9m th\u1ef1c, t\u1ea1o n\u00ean tr\u1ea3i nghi\u1ec7m th\u01b0\u1edfng th\u1ee9c kh\u00f3 qu\u00ean cho nh\u1eefng ai c\u00f3 c\u01a1 h\u1ed9i th\u01b0\u1edfng th\u1ee9c.<\/p>\n<p style=\"text-align: justify;\">Ch\u1ea5t l\u01b0\u1ee3ng v\u01b0\u1ee3t tr\u1ed9i c\u1ee7a <a href=\"https:\/\/maison-chance.org\/shop\/banh-ngot\">b\u00e1nh quy<\/a> s\u00f4-c\u00f4-la b\u1eaft ngu\u1ed3n t\u1eeb vi\u1ec7c tuy\u1ec3n ch\u1ecdn nguy\u00ean li\u1ec7u kh\u1eaft khe. B\u1ed9t m\u00ec cao c\u1ea5p \u0111\u01b0\u1ee3c nh\u1eadp kh\u1ea9u, tr\u1ee9ng g\u00e0 t\u01b0\u01a1i t\u1eeb nh\u1eefng trang tr\u1ea1i uy t\u00edn, b\u01a1 Ph\u00e1p th\u01b0\u1ee3ng h\u1ea1ng v\u00e0 nh\u1eefng vi\u00ean s\u00f4-c\u00f4-la chip \u0111\u1eb7c bi\u1ec7t t\u1ea1o n\u00ean h\u01b0\u01a1ng v\u1ecb \u0111\u1eb7c tr\u01b0ng kh\u00f4ng th\u1ec3 tr\u1ed9n l\u1eabn. M\u1ed7i th\u00e0nh ph\u1ea7n \u0111\u1ec1u \u0111\u01b0\u1ee3c c\u00e2n \u0111\u1ed1i ho\u00e0n h\u1ea3o trong c\u00f4ng th\u1ee9c \u0111\u1ed9c quy\u1ec1n c\u1ee7a Nh\u00e0 May M\u1eafn.<\/p>\n<p style=\"text-align: justify;\">T\u1eebng m\u1ebb b\u00e1nh \u0111\u01b0\u1ee3c ch\u1ebf bi\u1ebfn v\u1edbi s\u1ef1 t\u1ec9 m\u1ec9 v\u00e0 t\u00e2m huy\u1ebft. Quy tr\u00ecnh n\u01b0\u1edbng \u0111\u01b0\u1ee3c ki\u1ec3m so\u00e1t nghi\u00eam ng\u1eb7t b\u1edfi nh\u1eefng ng\u01b0\u1eddi th\u1ee3 l\u00e0m b\u00e1nh gi\u00e0u kinh nghi\u1ec7m, \u0111\u1ea3m b\u1ea3o \u0111\u1ed9 gi\u00f2n x\u1ed1p l\u00fd t\u01b0\u1edfng. M\u1ed7i h\u0169 b\u00e1nh 110gr \u0111\u01b0\u1ee3c \u0111\u00f3ng g\u00f3i trong h\u0169 nh\u1ef1a cao c\u1ea5p v\u1edbi n\u1eafp kim lo\u1ea1i k\u00edn kh\u00ed, b\u1ea3o qu\u1ea3n \u0111\u01b0\u1ee3c l\u00e2u d\u00e0i m\u00e0 v\u1eabn gi\u1eef nguy\u00ean h\u01b0\u01a1ng v\u1ecb th\u01a1m ngon ban \u0111\u1ea7u.<\/p>\n<p style=\"text-align: justify;\">B\u00e1nh quy s\u00f4-c\u00f4-la kh\u00f4ng ch\u1ec9 l\u00e0 m\u00f3n \u0103n v\u1eb7t th\u00f4ng th\u01b0\u1eddng m\u00e0 c\u00f2n l\u00e0 ngu\u1ed3n n\u0103ng l\u01b0\u1ee3ng b\u1ed5 d\u01b0\u1ee1ng. H\u00e0m l\u01b0\u1ee3ng protein t\u1eeb tr\u1ee9ng v\u00e0 s\u1eefa, c\u00f9ng v\u1edbi n\u0103ng l\u01b0\u1ee3ng t\u1eeb s\u00f4-c\u00f4-la gi\u00fap duy tr\u00ec n\u0103ng l\u01b0\u1ee3ng su\u1ed1t ng\u00e0y d\u00e0i. S\u1ea3n ph\u1ea9m \u0111\u01b0\u1ee3c ki\u1ec3m nghi\u1ec7m v\u1ec7 sinh an to\u00e0n th\u1ef1c ph\u1ea9m, ph\u00f9 h\u1ee3p v\u1edbi m\u1ecdi \u0111\u1ed1i t\u01b0\u1ee3ng ng\u01b0\u1eddi d\u00f9ng.<\/p>\n<p style=\"text-align: justify;\">S\u1ef1 tinh t\u1ebf c\u1ee7a b\u00e1nh quy s\u00f4-c\u00f4-la <a href=\"https:\/\/maison-chance.org\/shop\">Nh\u00e0 May M\u1eafn<\/a> \u0111\u01b0\u1ee3c n\u00e2ng t\u1ea7m khi k\u1ebft h\u1ee3p v\u1edbi \u0111\u1ed3 u\u1ed1ng y\u00eau th\u00edch. Nh\u1ea5m nh\u00e1p c\u00f9ng t\u00e1ch tr\u00e0 chi\u1ec1u, th\u01b0\u1edfng th\u1ee9c b\u00ean ly cappuccino n\u00f3ng h\u1ed5i, hay \u0111\u01a1n gi\u1ea3n l\u00e0 ch\u1ea5m v\u1edbi s\u1eefa t\u01b0\u01a1i \u0111\u1ec1u mang \u0111\u1ebfn tr\u1ea3i nghi\u1ec7m tuy\u1ec7t v\u1eddi. \u0110\u00e2y c\u00f2n l\u00e0 m\u00f3n qu\u00e0 sang tr\u1ecdng v\u00e0 \u00fd ngh\u0129a trong c\u00e1c d\u1ecbp l\u1ec5 t\u1ebft, sinh nh\u1eadt hay g\u1eb7p g\u1ee1 \u0111\u1ed1i t\u00e1c.<\/p>\n<p style=\"text-align: justify;\">M\u1ed7i h\u0169 <a href=\"https:\/\/maison-chance.org\/shop\/phong-banh\">b\u00e1nh quy s\u00f4-c\u00f4-la Nh\u00e0 May M\u1eafn<\/a> kh\u00f4ng ch\u1ec9 l\u00e0 s\u1ea3n ph\u1ea9m th\u01a1m ngon m\u00e0 c\u00f2n ch\u1ee9a \u0111\u1ef1ng nh\u1eefng gi\u00e1 tr\u1ecb nh\u00e2n v\u0103n s\u00e2u s\u1eafc. Khi th\u01b0\u1edfng th\u1ee9c s\u1ea3n ph\u1ea9m, b\u1ea1n kh\u00f4ng ch\u1ec9 t\u1eadn h\u01b0\u1edfng h\u01b0\u01a1ng v\u1ecb tuy\u1ec7t h\u1ea3o m\u00e0 c\u00f2n g\u00f3p ph\u1ea7n v\u00e0o vi\u1ec7c lan t\u1ecfa nh\u1eefng \u0111i\u1ec1u t\u1ed1t \u0111\u1eb9p trong c\u1ed9ng \u0111\u1ed3ng.<\/p>\n","protected":false},"excerpt":{"rendered":"<p style=\"text-align: justify;\">S\u1ea3n ph\u1ea9m b\u00e1nh ng\u1ecdt \u0111\u01b0\u1ee3c l\u00e0m t\u1eeb c\u00e1c b\u1ea1n tr\u1ebb m\u1ed3 c\u00f4i hi\u1ec7n \u0111ang \u0111\u01b0\u1ee3c Nh\u00e0 May M\u1eafn &#8211; Maison Chance nu\u00f4i d\u01b0\u1ee1ng. K\u00ednh mong nh\u1eadn \u0111\u01b0\u1ee3c s\u1ef1 \u1ee7ng h\u1ed9 c\u1ee7a Qu\u00fd kh\u00e1ch!<\/p>\n<p>Hotline : <span style=\"font-size: 20px;\"><strong><span style=\"color: #ff0000;\">0909 06 25 28<\/span><\/strong><\/span><\/p>\n","protected":false},"featured_media":41343,"template":"","meta":[],"product_brand":[],"product_cat":[153,150],"product_tag":[],"class_list":{"0":"post-41342","1":"product","2":"type-product","3":"status-publish","4":"has-post-thumbnail","6":"product_cat-banh-ngot","7":"product_cat-phong-banh","9":"first","10":"instock","11":"shipping-taxable","12":"purchasable","13":"product-type-simple"},"yoast_head":"<!-- This site is optimized with the Yoast SEO Premium plugin v22.7 (Yoast SEO v25.3.1) - https:\/\/yoast.com\/wordpress\/plugins\/seo\/ -->\n<title>B\u00e1nh quy s\u00f4-c\u00f4-la - Nh\u00e0 May M\u1eafn - Maison Chance<\/title>\n<meta name=\"description\" content=\"B\u00e1nh quy s\u00f4-c\u00f4-la Nh\u00e0 May M\u1eafn n\u1ed5i b\u1eadt nh\u01b0 m\u1ed9t vi\u00ean ng\u1ecdc qu\u00fd v\u1edbi h\u01b0\u01a1ng th\u01a1m quy\u1ebfn r\u0169 v\u00e0 v\u1ecb ng\u1ecdt tinh t\u1ebf. M\u1ed7i chi\u1ebfc b\u00e1nh l\u00e0 th\u00e0nh qu\u1ea3 c\u1ee7a s\u1ef1 k\u1ebft h\u1ee3p gi\u1eefa c\u00f4ng th\u1ee9c \u0111\u1ed9c \u0111\u00e1o v\u00e0 t\u00ecnh y\u00eau \u1ea9m th\u1ef1c, t\u1ea1o n\u00ean tr\u1ea3i nghi\u1ec7m th\u01b0\u1edfng th\u1ee9c kh\u00f3 qu\u00ean cho nh\u1eefng ai c\u00f3 c\u01a1 h\u1ed9i th\u01b0\u1edfng th\u1ee9c.\" \/>\n<meta name=\"robots\" content=\"index, follow, max-snippet:-1, max-image-preview:large, max-video-preview:-1\" \/>\n<link rel=\"canonical\" href=\"https:\/\/maison-chance.org\/shop\/san-pham\/banh-quy-so-co-la\" \/>\n<meta property=\"og:locale\" content=\"vi_VN\" \/>\n<meta property=\"og:type\" content=\"article\" \/>\n<meta property=\"og:title\" content=\"B\u00e1nh quy s\u00f4-c\u00f4-la\" \/>\n<meta property=\"og:description\" content=\"B\u00e1nh quy s\u00f4-c\u00f4-la Nh\u00e0 May M\u1eafn n\u1ed5i b\u1eadt nh\u01b0 m\u1ed9t vi\u00ean ng\u1ecdc qu\u00fd v\u1edbi h\u01b0\u01a1ng th\u01a1m quy\u1ebfn r\u0169 v\u00e0 v\u1ecb ng\u1ecdt tinh t\u1ebf. M\u1ed7i chi\u1ebfc b\u00e1nh l\u00e0 th\u00e0nh qu\u1ea3 c\u1ee7a s\u1ef1 k\u1ebft h\u1ee3p gi\u1eefa c\u00f4ng th\u1ee9c \u0111\u1ed9c \u0111\u00e1o v\u00e0 t\u00ecnh y\u00eau \u1ea9m th\u1ef1c, t\u1ea1o n\u00ean tr\u1ea3i nghi\u1ec7m th\u01b0\u1edfng th\u1ee9c kh\u00f3 qu\u00ean cho nh\u1eefng ai c\u00f3 c\u01a1 h\u1ed9i th\u01b0\u1edfng th\u1ee9c.\" \/>\n<meta property=\"og:url\" content=\"https:\/\/maison-chance.org\/shop\/san-pham\/banh-quy-so-co-la\" \/>\n<meta property=\"og:site_name\" content=\"Nh\u00e0 May M\u1eafn - Maison Chance\" \/>\n<meta property=\"article:publisher\" content=\"https:\/\/www.facebook.com\/dnxh.nhamayman\/\" \/>\n<meta property=\"article:modified_time\" content=\"2024-12-09T04:05:03+00:00\" \/>\n<meta property=\"og:image\" content=\"https:\/\/maison-chance.org\/shop\/wp-content\/uploads\/2024\/12\/hop-banh-quy-so-co-la.jpg\" \/>\n\t<meta property=\"og:image:width\" content=\"600\" \/>\n\t<meta property=\"og:image:height\" content=\"600\" \/>\n\t<meta property=\"og:image:type\" content=\"image\/jpeg\" \/>\n<meta name=\"twitter:card\" content=\"summary_large_image\" \/>\n<meta name=\"twitter:label1\" content=\"Gi\u00e1\" \/>\n\t<meta name=\"twitter:data1\" content=\"2.80&nbsp;&#036;\" \/>\n\t<meta name=\"twitter:label2\" content=\"Availability\" \/>\n\t<meta name=\"twitter:data2\" content=\"In stock\" \/>\n<script type=\"application\/ld+json\" class=\"yoast-schema-graph\">{\"@context\":\"https:\/\/schema.org\",\"@graph\":[{\"@type\":\"WebPage\",\"@id\":\"https:\/\/maison-chance.org\/shop\/san-pham\/banh-quy-so-co-la\",\"url\":\"https:\/\/maison-chance.org\/shop\/san-pham\/banh-quy-so-co-la\",\"name\":\"B\u00e1nh quy s\u00f4-c\u00f4-la - Nh\u00e0 May M\u1eafn - Maison Chance\",\"isPartOf\":{\"@id\":\"https:\/\/maison-chance.org\/shop\/#website\"},\"primaryImageOfPage\":{\"@id\":\"https:\/\/maison-chance.org\/shop\/san-pham\/banh-quy-so-co-la#primaryimage\"},\"image\":{\"@id\":\"https:\/\/maison-chance.org\/shop\/san-pham\/banh-quy-so-co-la#primaryimage\"},\"thumbnailUrl\":\"https:\/\/maison-chance.org\/shop\/wp-content\/uploads\/2024\/12\/hop-banh-quy-so-co-la.jpg\",\"datePublished\":\"2024-12-09T04:02:53+00:00\",\"dateModified\":\"2024-12-09T04:05:03+00:00\",\"description\":\"B\u00e1nh quy s\u00f4-c\u00f4-la Nh\u00e0 May M\u1eafn n\u1ed5i b\u1eadt nh\u01b0 m\u1ed9t vi\u00ean ng\u1ecdc qu\u00fd v\u1edbi h\u01b0\u01a1ng th\u01a1m quy\u1ebfn r\u0169 v\u00e0 v\u1ecb ng\u1ecdt tinh t\u1ebf. M\u1ed7i chi\u1ebfc b\u00e1nh l\u00e0 th\u00e0nh qu\u1ea3 c\u1ee7a s\u1ef1 k\u1ebft h\u1ee3p gi\u1eefa c\u00f4ng th\u1ee9c \u0111\u1ed9c \u0111\u00e1o v\u00e0 t\u00ecnh y\u00eau \u1ea9m th\u1ef1c, t\u1ea1o n\u00ean tr\u1ea3i nghi\u1ec7m th\u01b0\u1edfng th\u1ee9c kh\u00f3 qu\u00ean cho nh\u1eefng ai c\u00f3 c\u01a1 h\u1ed9i th\u01b0\u1edfng th\u1ee9c.\",\"breadcrumb\":{\"@id\":\"https:\/\/maison-chance.org\/shop\/san-pham\/banh-quy-so-co-la#breadcrumb\"},\"inLanguage\":\"vi-VN\",\"potentialAction\":[{\"@type\":\"ReadAction\",\"target\":[\"https:\/\/maison-chance.org\/shop\/san-pham\/banh-quy-so-co-la\"]}]},{\"@type\":\"ImageObject\",\"inLanguage\":\"vi-VN\",\"@id\":\"https:\/\/maison-chance.org\/shop\/san-pham\/banh-quy-so-co-la#primaryimage\",\"url\":\"https:\/\/maison-chance.org\/shop\/wp-content\/uploads\/2024\/12\/hop-banh-quy-so-co-la.jpg\",\"contentUrl\":\"https:\/\/maison-chance.org\/shop\/wp-content\/uploads\/2024\/12\/hop-banh-quy-so-co-la.jpg\",\"width\":600,\"height\":600,\"caption\":\"B\u00e1nh quy s\u00f4-c\u00f4-la\"},{\"@type\":\"BreadcrumbList\",\"@id\":\"https:\/\/maison-chance.org\/shop\/san-pham\/banh-quy-so-co-la#breadcrumb\",\"itemListElement\":[{\"@type\":\"ListItem\",\"position\":1,\"name\":\"Trang ch\u1ee7\",\"item\":\"https:\/\/maison-chance.org\/shop\/\"},{\"@type\":\"ListItem\",\"position\":2,\"name\":\"Shop\",\"item\":\"https:\/\/maison-chance.org\/shop\/shop\"},{\"@type\":\"ListItem\",\"position\":3,\"name\":\"B\u00e1nh quy s\u00f4-c\u00f4-la\"}]},{\"@type\":\"WebSite\",\"@id\":\"https:\/\/maison-chance.org\/shop\/#website\",\"url\":\"https:\/\/maison-chance.org\/shop\/\",\"name\":\"Nh\u00e0 May M\u1eafn - Maison Chance\",\"description\":\"M\u1ecdi l\u1ee3i nhu\u1eadn thu v\u1ec1 t\u1eeb vi\u1ec7c b\u00e1n h\u00e0ng s\u1ebd tr\u00edch m\u1ed9t ph\u1ea7n \u0111\u1ec3 ch\u0103m lo cho \u0111\u1eddi s\u1ed1ng c\u00e1c b\u1ea1n khuy\u1ebft t\u1eadt v\u00e0 tr\u1ebb m\u1ed3 c\u00f4i \u1edf \u0111\u00e2y\",\"publisher\":{\"@id\":\"https:\/\/maison-chance.org\/shop\/#organization\"},\"potentialAction\":[{\"@type\":\"SearchAction\",\"target\":{\"@type\":\"EntryPoint\",\"urlTemplate\":\"https:\/\/maison-chance.org\/shop\/?s={search_term_string}\"},\"query-input\":{\"@type\":\"PropertyValueSpecification\",\"valueRequired\":true,\"valueName\":\"search_term_string\"}}],\"inLanguage\":\"vi-VN\"},{\"@type\":\"Organization\",\"@id\":\"https:\/\/maison-chance.org\/shop\/#organization\",\"name\":\"Nh\u00e0 May M\u1eafn - Maison Chance\",\"url\":\"https:\/\/maison-chance.org\/shop\/\",\"logo\":{\"@type\":\"ImageObject\",\"inLanguage\":\"vi-VN\",\"@id\":\"https:\/\/maison-chance.org\/shop\/#\/schema\/logo\/image\/\",\"url\":\"https:\/\/maison-chance.org\/shop\/wp-content\/uploads\/2024\/03\/cropped-Logo_DNXH.png\",\"contentUrl\":\"https:\/\/maison-chance.org\/shop\/wp-content\/uploads\/2024\/03\/cropped-Logo_DNXH.png\",\"width\":512,\"height\":512,\"caption\":\"Nh\u00e0 May M\u1eafn - Maison Chance\"},\"image\":{\"@id\":\"https:\/\/maison-chance.org\/shop\/#\/schema\/logo\/image\/\"},\"sameAs\":[\"https:\/\/www.facebook.com\/dnxh.nhamayman\/\"]}]}<\/script>\n<meta property=\"product:price:amount\" content=\"2.80\" \/>\n<meta property=\"product:price:currency\" content=\"USD\" \/>\n<meta property=\"og:availability\" content=\"instock\" \/>\n<meta property=\"product:availability\" content=\"instock\" \/>\n<meta property=\"product:condition\" content=\"new\" \/>\n<!-- \/ Yoast SEO Premium plugin. -->","yoast_head_json":{"title":"B\u00e1nh quy s\u00f4-c\u00f4-la - Nh\u00e0 May M\u1eafn - Maison Chance","description":"B\u00e1nh quy s\u00f4-c\u00f4-la Nh\u00e0 May M\u1eafn n\u1ed5i b\u1eadt nh\u01b0 m\u1ed9t vi\u00ean ng\u1ecdc qu\u00fd v\u1edbi h\u01b0\u01a1ng th\u01a1m quy\u1ebfn r\u0169 v\u00e0 v\u1ecb ng\u1ecdt tinh t\u1ebf. M\u1ed7i chi\u1ebfc b\u00e1nh l\u00e0 th\u00e0nh qu\u1ea3 c\u1ee7a s\u1ef1 k\u1ebft h\u1ee3p gi\u1eefa c\u00f4ng th\u1ee9c \u0111\u1ed9c \u0111\u00e1o v\u00e0 t\u00ecnh y\u00eau \u1ea9m th\u1ef1c, t\u1ea1o n\u00ean tr\u1ea3i nghi\u1ec7m th\u01b0\u1edfng th\u1ee9c kh\u00f3 qu\u00ean cho nh\u1eefng ai c\u00f3 c\u01a1 h\u1ed9i th\u01b0\u1edfng th\u1ee9c.","robots":{"index":"index","follow":"follow","max-snippet":"max-snippet:-1","max-image-preview":"max-image-preview:large","max-video-preview":"max-video-preview:-1"},"canonical":"https:\/\/maison-chance.org\/shop\/san-pham\/banh-quy-so-co-la","og_locale":"vi_VN","og_type":"article","og_title":"B\u00e1nh quy s\u00f4-c\u00f4-la","og_description":"B\u00e1nh quy s\u00f4-c\u00f4-la Nh\u00e0 May M\u1eafn n\u1ed5i b\u1eadt nh\u01b0 m\u1ed9t vi\u00ean ng\u1ecdc qu\u00fd v\u1edbi h\u01b0\u01a1ng th\u01a1m quy\u1ebfn r\u0169 v\u00e0 v\u1ecb ng\u1ecdt tinh t\u1ebf. M\u1ed7i chi\u1ebfc b\u00e1nh l\u00e0 th\u00e0nh qu\u1ea3 c\u1ee7a s\u1ef1 k\u1ebft h\u1ee3p gi\u1eefa c\u00f4ng th\u1ee9c \u0111\u1ed9c \u0111\u00e1o v\u00e0 t\u00ecnh y\u00eau \u1ea9m th\u1ef1c, t\u1ea1o n\u00ean tr\u1ea3i nghi\u1ec7m th\u01b0\u1edfng th\u1ee9c kh\u00f3 qu\u00ean cho nh\u1eefng ai c\u00f3 c\u01a1 h\u1ed9i th\u01b0\u1edfng th\u1ee9c.","og_url":"https:\/\/maison-chance.org\/shop\/san-pham\/banh-quy-so-co-la","og_site_name":"Nh\u00e0 May M\u1eafn - Maison Chance","article_publisher":"https:\/\/www.facebook.com\/dnxh.nhamayman\/","article_modified_time":"2024-12-09T04:05:03+00:00","og_image":[{"width":600,"height":600,"url":"https:\/\/maison-chance.org\/shop\/wp-content\/uploads\/2024\/12\/hop-banh-quy-so-co-la.jpg","type":"image\/jpeg"}],"twitter_card":"summary_large_image","twitter_misc":{"Gi\u00e1":"2.80&nbsp;&#36;","Availability":"In stock"},"schema":{"@context":"https:\/\/schema.org","@graph":[{"@type":"WebPage","@id":"https:\/\/maison-chance.org\/shop\/san-pham\/banh-quy-so-co-la","url":"https:\/\/maison-chance.org\/shop\/san-pham\/banh-quy-so-co-la","name":"B\u00e1nh quy s\u00f4-c\u00f4-la - Nh\u00e0 May M\u1eafn - Maison Chance","isPartOf":{"@id":"https:\/\/maison-chance.org\/shop\/#website"},"primaryImageOfPage":{"@id":"https:\/\/maison-chance.org\/shop\/san-pham\/banh-quy-so-co-la#primaryimage"},"image":{"@id":"https:\/\/maison-chance.org\/shop\/san-pham\/banh-quy-so-co-la#primaryimage"},"thumbnailUrl":"https:\/\/maison-chance.org\/shop\/wp-content\/uploads\/2024\/12\/hop-banh-quy-so-co-la.jpg","datePublished":"2024-12-09T04:02:53+00:00","dateModified":"2024-12-09T04:05:03+00:00","description":"B\u00e1nh quy s\u00f4-c\u00f4-la Nh\u00e0 May M\u1eafn n\u1ed5i b\u1eadt nh\u01b0 m\u1ed9t vi\u00ean ng\u1ecdc qu\u00fd v\u1edbi h\u01b0\u01a1ng th\u01a1m quy\u1ebfn r\u0169 v\u00e0 v\u1ecb ng\u1ecdt tinh t\u1ebf. M\u1ed7i chi\u1ebfc b\u00e1nh l\u00e0 th\u00e0nh qu\u1ea3 c\u1ee7a s\u1ef1 k\u1ebft h\u1ee3p gi\u1eefa c\u00f4ng th\u1ee9c \u0111\u1ed9c \u0111\u00e1o v\u00e0 t\u00ecnh y\u00eau \u1ea9m th\u1ef1c, t\u1ea1o n\u00ean tr\u1ea3i nghi\u1ec7m th\u01b0\u1edfng th\u1ee9c kh\u00f3 qu\u00ean cho nh\u1eefng ai c\u00f3 c\u01a1 h\u1ed9i th\u01b0\u1edfng th\u1ee9c.","breadcrumb":{"@id":"https:\/\/maison-chance.org\/shop\/san-pham\/banh-quy-so-co-la#breadcrumb"},"inLanguage":"vi-VN","potentialAction":[{"@type":"ReadAction","target":["https:\/\/maison-chance.org\/shop\/san-pham\/banh-quy-so-co-la"]}]},{"@type":"ImageObject","inLanguage":"vi-VN","@id":"https:\/\/maison-chance.org\/shop\/san-pham\/banh-quy-so-co-la#primaryimage","url":"https:\/\/maison-chance.org\/shop\/wp-content\/uploads\/2024\/12\/hop-banh-quy-so-co-la.jpg","contentUrl":"https:\/\/maison-chance.org\/shop\/wp-content\/uploads\/2024\/12\/hop-banh-quy-so-co-la.jpg","width":600,"height":600,"caption":"B\u00e1nh quy s\u00f4-c\u00f4-la"},{"@type":"BreadcrumbList","@id":"https:\/\/maison-chance.org\/shop\/san-pham\/banh-quy-so-co-la#breadcrumb","itemListElement":[{"@type":"ListItem","position":1,"name":"Trang ch\u1ee7","item":"https:\/\/maison-chance.org\/shop\/"},{"@type":"ListItem","position":2,"name":"Shop","item":"https:\/\/maison-chance.org\/shop\/shop"},{"@type":"ListItem","position":3,"name":"B\u00e1nh quy s\u00f4-c\u00f4-la"}]},{"@type":"WebSite","@id":"https:\/\/maison-chance.org\/shop\/#website","url":"https:\/\/maison-chance.org\/shop\/","name":"Nh\u00e0 May M\u1eafn - Maison Chance","description":"M\u1ecdi l\u1ee3i nhu\u1eadn thu v\u1ec1 t\u1eeb vi\u1ec7c b\u00e1n h\u00e0ng s\u1ebd tr\u00edch m\u1ed9t ph\u1ea7n \u0111\u1ec3 ch\u0103m lo cho \u0111\u1eddi s\u1ed1ng c\u00e1c b\u1ea1n khuy\u1ebft t\u1eadt v\u00e0 tr\u1ebb m\u1ed3 c\u00f4i \u1edf \u0111\u00e2y","publisher":{"@id":"https:\/\/maison-chance.org\/shop\/#organization"},"potentialAction":[{"@type":"SearchAction","target":{"@type":"EntryPoint","urlTemplate":"https:\/\/maison-chance.org\/shop\/?s={search_term_string}"},"query-input":{"@type":"PropertyValueSpecification","valueRequired":true,"valueName":"search_term_string"}}],"inLanguage":"vi-VN"},{"@type":"Organization","@id":"https:\/\/maison-chance.org\/shop\/#organization","name":"Nh\u00e0 May M\u1eafn - Maison Chance","url":"https:\/\/maison-chance.org\/shop\/","logo":{"@type":"ImageObject","inLanguage":"vi-VN","@id":"https:\/\/maison-chance.org\/shop\/#\/schema\/logo\/image\/","url":"https:\/\/maison-chance.org\/shop\/wp-content\/uploads\/2024\/03\/cropped-Logo_DNXH.png","contentUrl":"https:\/\/maison-chance.org\/shop\/wp-content\/uploads\/2024\/03\/cropped-Logo_DNXH.png","width":512,"height":512,"caption":"Nh\u00e0 May M\u1eafn - Maison Chance"},"image":{"@id":"https:\/\/maison-chance.org\/shop\/#\/schema\/logo\/image\/"},"sameAs":["https:\/\/www.facebook.com\/dnxh.nhamayman\/"]}]},"product_price_amount":"2.80","product_price_currency":"USD","og_availability":"instock","product_availability":"instock","product_condition":"new"},"_links":{"self":[{"href":"https:\/\/maison-chance.org\/shop\/wp-json\/wp\/v2\/product\/41342","targetHints":{"allow":["GET"]}}],"collection":[{"href":"https:\/\/maison-chance.org\/shop\/wp-json\/wp\/v2\/product"}],"about":[{"href":"https:\/\/maison-chance.org\/shop\/wp-json\/wp\/v2\/types\/product"}],"wp:featuredmedia":[{"embeddable":true,"href":"https:\/\/maison-chance.org\/shop\/wp-json\/wp\/v2\/media\/41343"}],"wp:attachment":[{"href":"https:\/\/maison-chance.org\/shop\/wp-json\/wp\/v2\/media?parent=41342"}],"wp:term":[{"taxonomy":"product_brand","embeddable":true,"href":"https:\/\/maison-chance.org\/shop\/wp-json\/wp\/v2\/product_brand?post=41342"},{"taxonomy":"product_cat","embeddable":true,"href":"https:\/\/maison-chance.org\/shop\/wp-json\/wp\/v2\/product_cat?post=41342"},{"taxonomy":"product_tag","embeddable":true,"href":"https:\/\/maison-chance.org\/shop\/wp-json\/wp\/v2\/product_tag?post=41342"}],"curies":[{"name":"wp","href":"https:\/\/api.w.org\/{rel}","templated":true}]}}