{"id":41351,"date":"2024-12-09T14:53:40","date_gmt":"2024-12-09T07:53:40","guid":{"rendered":"https:\/\/maison-chance.org\/shop?post_type=product&#038;p=41351"},"modified":"2024-12-09T14:56:19","modified_gmt":"2024-12-09T07:56:19","slug":"banh-mi-nha-may-man","status":"publish","type":"product","link":"https:\/\/maison-chance.org\/shop\/san-pham\/banh-mi-nha-may-man","title":{"rendered":"B\u00e1nh m\u00ec Nh\u00e0 May M\u1eafn"},"content":{"rendered":"<p style=\"text-align: justify;\">N\u1ebfu b\u1ea1n l\u00e0 m\u1ed9t t\u00edn \u0111\u1ed3 c\u1ee7a \u1ea9m th\u1ef1c Vi\u1ec7t, ch\u1eafc ch\u1eafn b\u1ea1n kh\u00f4ng th\u1ec3 b\u1ecf qua m\u00f3n <a href=\"https:\/\/maison-chance.org\/shop\/banh-man\">b\u00e1nh m\u00ec<\/a> Nh\u00e0 May M\u1eafn. Kh\u00f4ng ch\u1ec9 l\u00e0 m\u1ed9t m\u00f3n \u0103n \u0111\u01a1n gi\u1ea3n, b\u00e1nh m\u00ec Nh\u00e0 May M\u1eafn l\u00e0 s\u1ef1 k\u1ebft h\u1ee3p ho\u00e0n h\u1ea3o gi\u1eefa nguy\u00ean li\u1ec7u t\u01b0\u01a1i ngon, h\u01b0\u01a1ng v\u1ecb \u0111\u1eadm \u0111\u00e0 v\u00e0 t\u00ecnh y\u00eau d\u00e0nh cho \u1ea9m th\u1ef1c truy\u1ec1n th\u1ed1ng. V\u1edbi ch\u1ea5t l\u01b0\u1ee3ng tuy\u1ec7t v\u1eddi c\u00f9ng s\u1ef1 s\u00e1ng t\u1ea1o trong m\u1ed7i chi\u1ebfc b\u00e1nh, \u0111\u00e2y ch\u00ednh l\u00e0 l\u1ef1a ch\u1ecdn tuy\u1ec7t v\u1eddi cho b\u1eefa \u0103n c\u1ee7a b\u1ea1n.<\/p>\n<p style=\"text-align: justify;\"><a href=\"https:\/\/maison-chance.org\/shop\/san-pham\/banh-mi-nha-may-man\">B\u00e1nh m\u00ec Nh\u00e0 May M\u1eafn<\/a> \u0111\u01b0\u1ee3c ch\u1ebf bi\u1ebfn t\u1eeb nh\u1eefng nguy\u00ean li\u1ec7u t\u01b0\u01a1i ngon, ch\u1ea5t l\u01b0\u1ee3ng cao, mang l\u1ea1i s\u1ef1 h\u00e0i l\u00f2ng ngay t\u1eeb mi\u1ebfng \u0111\u1ea7u ti\u00ean.<\/p>\n<p style=\"text-align: justify;\">V\u1ecf b\u00e1nh m\u00ec: \u0110\u01b0\u1ee3c l\u00e0m t\u1eeb b\u1ed9t m\u00ec ch\u1ea5t l\u01b0\u1ee3ng cao, k\u1ebft h\u1ee3p v\u1edbi b\u01a1, s\u1eefa, tr\u1ee9ng v\u00e0 \u0111\u01b0\u1eddng, v\u1ecf b\u00e1nh m\u00ec Nh\u00e0 May M\u1eafn c\u00f3 s\u1ef1 gi\u00f2n r\u1ee5m tuy\u1ec7t v\u1eddi b\u00ean ngo\u00e0i, nh\u01b0ng l\u1ea1i m\u1ec1m m\u1ea1i v\u00e0 x\u1ed1p b\u00ean trong. C\u1ea3m gi\u00e1c c\u1eafn v\u00e0o b\u00e1nh v\u1eeba th\u01a1m v\u1eeba gi\u00f2n s\u1ebd khi\u1ebfn b\u1ea1n kh\u00f4ng th\u1ec3 c\u01b0\u1ee1ng l\u1ea1i \u0111\u01b0\u1ee3c.<\/p>\n<p style=\"text-align: justify;\">Nh\u00e2n b\u00e1nh: Ph\u1ea7n nh\u00e2n b\u00e1nh l\u00e0 s\u1ef1 k\u1ebft h\u1ee3p tuy\u1ec7t v\u1eddi gi\u1eefa c\u00e1c lo\u1ea1i th\u1ecbt t\u01b0\u01a1i \u0111\u01b0\u1ee3c ch\u1ebf bi\u1ebfn c\u00f4ng phu, th\u1ea5m \u0111\u1eabm gia v\u1ecb, t\u1ea1o n\u00ean h\u01b0\u01a1ng v\u1ecb \u0111\u1eadm \u0111\u00e0, th\u1ecfa m\u00e3n m\u1ecdi kh\u1ea9u v\u1ecb. B\u00ean c\u1ea1nh \u0111\u00f3, c\u00e1c lo\u1ea1i rau c\u1ee7 nh\u01b0 c\u00e0 r\u1ed1t, c\u1ee7 c\u1ea3i, d\u01b0a leo t\u01b0\u01a1i m\u00e1t kh\u00f4ng ch\u1ec9 gi\u00fap m\u00f3n \u0103n th\u00eam phong ph\u00fa m\u00e0 c\u00f2n mang l\u1ea1i s\u1ef1 t\u01b0\u01a1i m\u1edbi, t\u1ed1t cho s\u1ee9c kh\u1ecfe. \u0110\u1eb7c bi\u1ec7t, n\u01b0\u1edbc s\u1ed1t th\u01a1m ngon, \u0111\u01b0\u1ee3c ch\u1ebf bi\u1ebfn \u0111\u1eb7c bi\u1ec7t, kh\u00f4ng ch\u1ec9 l\u00e0m m\u1ec1m nh\u00e2n m\u00e0 c\u00f2n t\u1ea1o n\u00ean h\u01b0\u01a1ng v\u1ecb \u0111\u1eadm \u0111\u00e0 kh\u00f3 qu\u00ean.<\/p>\n<p style=\"text-align: justify;\">Gia v\u1ecb v\u00e0 rau th\u01a1m: Ng\u00f2, h\u00e0nh l\u00e1 v\u00e0 c\u00e1c lo\u1ea1i gia v\u1ecb kh\u00e1c gi\u00fap <a href=\"https:\/\/maison-chance.org\/shop\/phong-banh\">b\u00e1nh<\/a> m\u00ec Nh\u00e0 May M\u1eafn c\u00f3 th\u00eam ph\u1ea7n h\u01b0\u01a1ng s\u1eafc, l\u00e0m t\u0103ng th\u00eam s\u1ef1 h\u1ea5p d\u1eabn cho m\u00f3n \u0103n. M\u1ed7i mi\u1ebfng b\u00e1nh \u0111\u1ec1u mang l\u1ea1i c\u1ea3m gi\u00e1c h\u00e0i h\u00f2a, t\u1eeb v\u1ecb ng\u1ecdt thanh c\u1ee7a rau c\u1ee7, \u0111\u1ebfn v\u1ecb b\u00e9o ng\u1eady c\u1ee7a th\u1ecbt, k\u1ebft h\u1ee3p ho\u00e0n h\u1ea3o v\u1edbi v\u1ecb th\u01a1m c\u1ee7a s\u1ed1t v\u00e0 gia v\u1ecb.<\/p>\n<p style=\"text-align: justify;\">Kh\u00f4ng ch\u1ec9 l\u00e0 m\u1ed9t m\u00f3n \u0103n nhanh ti\u1ec7n l\u1ee3i, b\u00e1nh m\u00ec Nh\u00e0 May M\u1eafn c\u00f2n l\u00e0 l\u1ef1a ch\u1ecdn l\u00fd t\u01b0\u1edfng cho nh\u1eefng ai y\u00eau th\u00edch s\u1ef1 m\u1edbi m\u1ebb v\u00e0 \u0111\u1eadm \u0111\u00e0 c\u1ee7a \u1ea9m th\u1ef1c Vi\u1ec7t. \u0110\u1eb7c bi\u1ec7t, b\u00e1nh m\u00ec c\u00f3 th\u1ec3 d\u1ec5 d\u00e0ng tr\u1edf th\u00e0nh m\u00f3n \u0103n ch\u00ednh cho b\u1eefa s\u00e1ng, b\u1eefa tr\u01b0a ho\u1eb7c nh\u1eefng b\u1eefa \u0103n nhanh. V\u1edbi h\u01b0\u01a1ng v\u1ecb phong ph\u00fa v\u00e0 \u0111\u1ea7y \u0111\u1ee7 dinh d\u01b0\u1ee1ng, \u0111\u00e2y l\u00e0 m\u00f3n \u0103n gi\u00fap b\u1ea1n nhanh ch\u00f3ng l\u1ea5y l\u1ea1i n\u0103ng l\u01b0\u1ee3ng \u0111\u1ec3 ti\u1ebfp t\u1ee5c c\u00f4ng vi\u1ec7c hay nh\u1eefng ho\u1ea1t \u0111\u1ed9ng trong ng\u00e0y.<\/p>\n<p style=\"text-align: justify;\">\u0110\u1eebng \u0111\u1ec3 m\u00ecnh b\u1ecf l\u1ee1 c\u01a1 h\u1ed9i th\u01b0\u1edfng th\u1ee9c m\u00f3n b\u00e1nh m\u00ec tuy\u1ec7t v\u1eddi n\u00e0y. V\u1edbi b\u00e1nh m\u00ec <a href=\"https:\/\/maison-chance.org\/shop\">Nh\u00e0 May M\u1eafn<\/a>, b\u1ea1n kh\u00f4ng ch\u1ec9 \u0111\u01b0\u1ee3c th\u01b0\u1edfng th\u1ee9c m\u1ed9t m\u00f3n \u0103n ngon m\u00e0 c\u00f2n \u0111\u01b0\u1ee3c tr\u1ea3i nghi\u1ec7m m\u1ed9t ph\u1ea7n c\u1ee7a v\u0103n h\u00f3a \u1ea9m th\u1ef1c Vi\u1ec7t Nam. H\u00e3y \u0111\u1ebfn ngay v\u00e0 c\u1ea3m nh\u1eadn s\u1ef1 t\u01b0\u01a1i m\u1edbi, \u0111\u1eadm \u0111\u00e0, v\u00e0 \u0111\u1ea7y \u1ea5n t\u01b0\u1ee3ng m\u00e0 m\u1ed7i chi\u1ebfc b\u00e1nh mang l\u1ea1i.<\/p>\n","protected":false},"excerpt":{"rendered":"<p style=\"text-align: justify;\">S\u1ea3n ph\u1ea9m b\u00e1nh ng\u1ecdt \u0111\u01b0\u1ee3c l\u00e0m t\u1eeb c\u00e1c b\u1ea1n tr\u1ebb m\u1ed3 c\u00f4i hi\u1ec7n \u0111ang \u0111\u01b0\u1ee3c Nh\u00e0 May M\u1eafn &#8211; Maison Chance nu\u00f4i d\u01b0\u1ee1ng. K\u00ednh mong nh\u1eadn \u0111\u01b0\u1ee3c s\u1ef1 \u1ee7ng h\u1ed9 c\u1ee7a Qu\u00fd kh\u00e1ch!<\/p>\n<p>Hotline : <span style=\"font-size: 20px;\"><strong><span style=\"color: #ff0000;\">0909 06 25 28<\/span><\/strong><\/span><\/p>\n","protected":false},"featured_media":41352,"template":"","meta":[],"product_brand":[],"product_cat":[152,150],"product_tag":[],"class_list":{"0":"post-41351","1":"product","2":"type-product","3":"status-publish","4":"has-post-thumbnail","6":"product_cat-banh-man","7":"product_cat-phong-banh","9":"first","10":"instock","11":"shipping-taxable","12":"purchasable","13":"product-type-simple"},"yoast_head":"<!-- This site is optimized with the Yoast SEO Premium plugin v22.7 (Yoast SEO v25.3.1) - https:\/\/yoast.com\/wordpress\/plugins\/seo\/ -->\n<title>B\u00e1nh m\u00ec Nh\u00e0 May M\u1eafn - Nh\u00e0 May M\u1eafn - Maison Chance<\/title>\n<meta name=\"description\" content=\"V\u1edbi b\u00e1nh m\u00ec Nh\u00e0 May M\u1eafn, b\u1ea1n kh\u00f4ng ch\u1ec9 \u0111\u01b0\u1ee3c th\u01b0\u1edfng th\u1ee9c m\u1ed9t m\u00f3n \u0103n ngon m\u00e0 c\u00f2n \u0111\u01b0\u1ee3c tr\u1ea3i nghi\u1ec7m m\u1ed9t ph\u1ea7n c\u1ee7a v\u0103n h\u00f3a \u1ea9m th\u1ef1c Vi\u1ec7t Nam. H\u00e3y \u0111\u1ebfn ngay v\u00e0 c\u1ea3m nh\u1eadn s\u1ef1 t\u01b0\u01a1i m\u1edbi, \u0111\u1eadm \u0111\u00e0, v\u00e0 \u0111\u1ea7y \u1ea5n t\u01b0\u1ee3ng m\u00e0 m\u1ed7i chi\u1ebfc b\u00e1nh mang l\u1ea1i.\" \/>\n<meta name=\"robots\" content=\"index, follow, max-snippet:-1, max-image-preview:large, max-video-preview:-1\" \/>\n<link rel=\"canonical\" href=\"https:\/\/maison-chance.org\/shop\/san-pham\/banh-mi-nha-may-man\" \/>\n<meta property=\"og:locale\" content=\"vi_VN\" \/>\n<meta property=\"og:type\" content=\"article\" \/>\n<meta property=\"og:title\" content=\"B\u00e1nh m\u00ec Nh\u00e0 May M\u1eafn\" \/>\n<meta property=\"og:description\" content=\"V\u1edbi b\u00e1nh m\u00ec Nh\u00e0 May M\u1eafn, b\u1ea1n kh\u00f4ng ch\u1ec9 \u0111\u01b0\u1ee3c th\u01b0\u1edfng th\u1ee9c m\u1ed9t m\u00f3n \u0103n ngon m\u00e0 c\u00f2n \u0111\u01b0\u1ee3c tr\u1ea3i nghi\u1ec7m m\u1ed9t ph\u1ea7n c\u1ee7a v\u0103n h\u00f3a \u1ea9m th\u1ef1c Vi\u1ec7t Nam. H\u00e3y \u0111\u1ebfn ngay v\u00e0 c\u1ea3m nh\u1eadn s\u1ef1 t\u01b0\u01a1i m\u1edbi, \u0111\u1eadm \u0111\u00e0, v\u00e0 \u0111\u1ea7y \u1ea5n t\u01b0\u1ee3ng m\u00e0 m\u1ed7i chi\u1ebfc b\u00e1nh mang l\u1ea1i.\" \/>\n<meta property=\"og:url\" content=\"https:\/\/maison-chance.org\/shop\/san-pham\/banh-mi-nha-may-man\" \/>\n<meta property=\"og:site_name\" content=\"Nh\u00e0 May M\u1eafn - Maison Chance\" \/>\n<meta property=\"article:publisher\" content=\"https:\/\/www.facebook.com\/dnxh.nhamayman\/\" \/>\n<meta property=\"article:modified_time\" content=\"2024-12-09T07:56:19+00:00\" \/>\n<meta property=\"og:image\" content=\"https:\/\/maison-chance.org\/shop\/wp-content\/uploads\/2024\/12\/banh-mi-nha-may-man.png\" \/>\n\t<meta property=\"og:image:width\" content=\"600\" \/>\n\t<meta property=\"og:image:height\" content=\"600\" \/>\n\t<meta property=\"og:image:type\" content=\"image\/png\" \/>\n<meta name=\"twitter:card\" content=\"summary_large_image\" \/>\n<meta name=\"twitter:label1\" content=\"Gi\u00e1\" \/>\n\t<meta name=\"twitter:data1\" content=\"0.80&nbsp;&#036;\" \/>\n\t<meta name=\"twitter:label2\" content=\"Availability\" \/>\n\t<meta name=\"twitter:data2\" content=\"In stock\" \/>\n<script type=\"application\/ld+json\" class=\"yoast-schema-graph\">{\"@context\":\"https:\/\/schema.org\",\"@graph\":[{\"@type\":\"WebPage\",\"@id\":\"https:\/\/maison-chance.org\/shop\/san-pham\/banh-mi-nha-may-man\",\"url\":\"https:\/\/maison-chance.org\/shop\/san-pham\/banh-mi-nha-may-man\",\"name\":\"B\u00e1nh m\u00ec Nh\u00e0 May M\u1eafn - Nh\u00e0 May M\u1eafn - Maison Chance\",\"isPartOf\":{\"@id\":\"https:\/\/maison-chance.org\/shop\/#website\"},\"primaryImageOfPage\":{\"@id\":\"https:\/\/maison-chance.org\/shop\/san-pham\/banh-mi-nha-may-man#primaryimage\"},\"image\":{\"@id\":\"https:\/\/maison-chance.org\/shop\/san-pham\/banh-mi-nha-may-man#primaryimage\"},\"thumbnailUrl\":\"https:\/\/maison-chance.org\/shop\/wp-content\/uploads\/2024\/12\/banh-mi-nha-may-man.png\",\"datePublished\":\"2024-12-09T07:53:40+00:00\",\"dateModified\":\"2024-12-09T07:56:19+00:00\",\"description\":\"V\u1edbi b\u00e1nh m\u00ec Nh\u00e0 May M\u1eafn, b\u1ea1n kh\u00f4ng ch\u1ec9 \u0111\u01b0\u1ee3c th\u01b0\u1edfng th\u1ee9c m\u1ed9t m\u00f3n \u0103n ngon m\u00e0 c\u00f2n \u0111\u01b0\u1ee3c tr\u1ea3i nghi\u1ec7m m\u1ed9t ph\u1ea7n c\u1ee7a v\u0103n h\u00f3a \u1ea9m th\u1ef1c Vi\u1ec7t Nam. H\u00e3y \u0111\u1ebfn ngay v\u00e0 c\u1ea3m nh\u1eadn s\u1ef1 t\u01b0\u01a1i m\u1edbi, \u0111\u1eadm \u0111\u00e0, v\u00e0 \u0111\u1ea7y \u1ea5n t\u01b0\u1ee3ng m\u00e0 m\u1ed7i chi\u1ebfc b\u00e1nh mang l\u1ea1i.\",\"breadcrumb\":{\"@id\":\"https:\/\/maison-chance.org\/shop\/san-pham\/banh-mi-nha-may-man#breadcrumb\"},\"inLanguage\":\"vi-VN\",\"potentialAction\":[{\"@type\":\"ReadAction\",\"target\":[\"https:\/\/maison-chance.org\/shop\/san-pham\/banh-mi-nha-may-man\"]}]},{\"@type\":\"ImageObject\",\"inLanguage\":\"vi-VN\",\"@id\":\"https:\/\/maison-chance.org\/shop\/san-pham\/banh-mi-nha-may-man#primaryimage\",\"url\":\"https:\/\/maison-chance.org\/shop\/wp-content\/uploads\/2024\/12\/banh-mi-nha-may-man.png\",\"contentUrl\":\"https:\/\/maison-chance.org\/shop\/wp-content\/uploads\/2024\/12\/banh-mi-nha-may-man.png\",\"width\":600,\"height\":600,\"caption\":\"B\u00e1nh m\u00ec Nh\u00e0 May M\u1eafn\"},{\"@type\":\"BreadcrumbList\",\"@id\":\"https:\/\/maison-chance.org\/shop\/san-pham\/banh-mi-nha-may-man#breadcrumb\",\"itemListElement\":[{\"@type\":\"ListItem\",\"position\":1,\"name\":\"Trang ch\u1ee7\",\"item\":\"https:\/\/maison-chance.org\/shop\/\"},{\"@type\":\"ListItem\",\"position\":2,\"name\":\"Shop\",\"item\":\"https:\/\/maison-chance.org\/shop\/shop\"},{\"@type\":\"ListItem\",\"position\":3,\"name\":\"B\u00e1nh m\u00ec Nh\u00e0 May M\u1eafn\"}]},{\"@type\":\"WebSite\",\"@id\":\"https:\/\/maison-chance.org\/shop\/#website\",\"url\":\"https:\/\/maison-chance.org\/shop\/\",\"name\":\"Nh\u00e0 May M\u1eafn - Maison Chance\",\"description\":\"M\u1ecdi l\u1ee3i nhu\u1eadn thu v\u1ec1 t\u1eeb vi\u1ec7c b\u00e1n h\u00e0ng s\u1ebd tr\u00edch m\u1ed9t ph\u1ea7n \u0111\u1ec3 ch\u0103m lo cho \u0111\u1eddi s\u1ed1ng c\u00e1c b\u1ea1n khuy\u1ebft t\u1eadt v\u00e0 tr\u1ebb m\u1ed3 c\u00f4i \u1edf \u0111\u00e2y\",\"publisher\":{\"@id\":\"https:\/\/maison-chance.org\/shop\/#organization\"},\"potentialAction\":[{\"@type\":\"SearchAction\",\"target\":{\"@type\":\"EntryPoint\",\"urlTemplate\":\"https:\/\/maison-chance.org\/shop\/?s={search_term_string}\"},\"query-input\":{\"@type\":\"PropertyValueSpecification\",\"valueRequired\":true,\"valueName\":\"search_term_string\"}}],\"inLanguage\":\"vi-VN\"},{\"@type\":\"Organization\",\"@id\":\"https:\/\/maison-chance.org\/shop\/#organization\",\"name\":\"Nh\u00e0 May M\u1eafn - Maison Chance\",\"url\":\"https:\/\/maison-chance.org\/shop\/\",\"logo\":{\"@type\":\"ImageObject\",\"inLanguage\":\"vi-VN\",\"@id\":\"https:\/\/maison-chance.org\/shop\/#\/schema\/logo\/image\/\",\"url\":\"https:\/\/maison-chance.org\/shop\/wp-content\/uploads\/2024\/03\/cropped-Logo_DNXH.png\",\"contentUrl\":\"https:\/\/maison-chance.org\/shop\/wp-content\/uploads\/2024\/03\/cropped-Logo_DNXH.png\",\"width\":512,\"height\":512,\"caption\":\"Nh\u00e0 May M\u1eafn - Maison Chance\"},\"image\":{\"@id\":\"https:\/\/maison-chance.org\/shop\/#\/schema\/logo\/image\/\"},\"sameAs\":[\"https:\/\/www.facebook.com\/dnxh.nhamayman\/\"]}]}<\/script>\n<meta property=\"product:price:amount\" content=\"0.80\" \/>\n<meta property=\"product:price:currency\" content=\"USD\" \/>\n<meta property=\"og:availability\" content=\"instock\" \/>\n<meta property=\"product:availability\" content=\"instock\" \/>\n<meta property=\"product:condition\" content=\"new\" \/>\n<!-- \/ Yoast SEO Premium plugin. -->","yoast_head_json":{"title":"B\u00e1nh m\u00ec Nh\u00e0 May M\u1eafn - Nh\u00e0 May M\u1eafn - Maison Chance","description":"V\u1edbi b\u00e1nh m\u00ec Nh\u00e0 May M\u1eafn, b\u1ea1n kh\u00f4ng ch\u1ec9 \u0111\u01b0\u1ee3c th\u01b0\u1edfng th\u1ee9c m\u1ed9t m\u00f3n \u0103n ngon m\u00e0 c\u00f2n \u0111\u01b0\u1ee3c tr\u1ea3i nghi\u1ec7m m\u1ed9t ph\u1ea7n c\u1ee7a v\u0103n h\u00f3a \u1ea9m th\u1ef1c Vi\u1ec7t Nam. H\u00e3y \u0111\u1ebfn ngay v\u00e0 c\u1ea3m nh\u1eadn s\u1ef1 t\u01b0\u01a1i m\u1edbi, \u0111\u1eadm \u0111\u00e0, v\u00e0 \u0111\u1ea7y \u1ea5n t\u01b0\u1ee3ng m\u00e0 m\u1ed7i chi\u1ebfc b\u00e1nh mang l\u1ea1i.","robots":{"index":"index","follow":"follow","max-snippet":"max-snippet:-1","max-image-preview":"max-image-preview:large","max-video-preview":"max-video-preview:-1"},"canonical":"https:\/\/maison-chance.org\/shop\/san-pham\/banh-mi-nha-may-man","og_locale":"vi_VN","og_type":"article","og_title":"B\u00e1nh m\u00ec Nh\u00e0 May M\u1eafn","og_description":"V\u1edbi b\u00e1nh m\u00ec Nh\u00e0 May M\u1eafn, b\u1ea1n kh\u00f4ng ch\u1ec9 \u0111\u01b0\u1ee3c th\u01b0\u1edfng th\u1ee9c m\u1ed9t m\u00f3n \u0103n ngon m\u00e0 c\u00f2n \u0111\u01b0\u1ee3c tr\u1ea3i nghi\u1ec7m m\u1ed9t ph\u1ea7n c\u1ee7a v\u0103n h\u00f3a \u1ea9m th\u1ef1c Vi\u1ec7t Nam. H\u00e3y \u0111\u1ebfn ngay v\u00e0 c\u1ea3m nh\u1eadn s\u1ef1 t\u01b0\u01a1i m\u1edbi, \u0111\u1eadm \u0111\u00e0, v\u00e0 \u0111\u1ea7y \u1ea5n t\u01b0\u1ee3ng m\u00e0 m\u1ed7i chi\u1ebfc b\u00e1nh mang l\u1ea1i.","og_url":"https:\/\/maison-chance.org\/shop\/san-pham\/banh-mi-nha-may-man","og_site_name":"Nh\u00e0 May M\u1eafn - Maison Chance","article_publisher":"https:\/\/www.facebook.com\/dnxh.nhamayman\/","article_modified_time":"2024-12-09T07:56:19+00:00","og_image":[{"width":600,"height":600,"url":"https:\/\/maison-chance.org\/shop\/wp-content\/uploads\/2024\/12\/banh-mi-nha-may-man.png","type":"image\/png"}],"twitter_card":"summary_large_image","twitter_misc":{"Gi\u00e1":"0.80&nbsp;&#36;","Availability":"In stock"},"schema":{"@context":"https:\/\/schema.org","@graph":[{"@type":"WebPage","@id":"https:\/\/maison-chance.org\/shop\/san-pham\/banh-mi-nha-may-man","url":"https:\/\/maison-chance.org\/shop\/san-pham\/banh-mi-nha-may-man","name":"B\u00e1nh m\u00ec Nh\u00e0 May M\u1eafn - Nh\u00e0 May M\u1eafn - Maison Chance","isPartOf":{"@id":"https:\/\/maison-chance.org\/shop\/#website"},"primaryImageOfPage":{"@id":"https:\/\/maison-chance.org\/shop\/san-pham\/banh-mi-nha-may-man#primaryimage"},"image":{"@id":"https:\/\/maison-chance.org\/shop\/san-pham\/banh-mi-nha-may-man#primaryimage"},"thumbnailUrl":"https:\/\/maison-chance.org\/shop\/wp-content\/uploads\/2024\/12\/banh-mi-nha-may-man.png","datePublished":"2024-12-09T07:53:40+00:00","dateModified":"2024-12-09T07:56:19+00:00","description":"V\u1edbi b\u00e1nh m\u00ec Nh\u00e0 May M\u1eafn, b\u1ea1n kh\u00f4ng ch\u1ec9 \u0111\u01b0\u1ee3c th\u01b0\u1edfng th\u1ee9c m\u1ed9t m\u00f3n \u0103n ngon m\u00e0 c\u00f2n \u0111\u01b0\u1ee3c tr\u1ea3i nghi\u1ec7m m\u1ed9t ph\u1ea7n c\u1ee7a v\u0103n h\u00f3a \u1ea9m th\u1ef1c Vi\u1ec7t Nam. H\u00e3y \u0111\u1ebfn ngay v\u00e0 c\u1ea3m nh\u1eadn s\u1ef1 t\u01b0\u01a1i m\u1edbi, \u0111\u1eadm \u0111\u00e0, v\u00e0 \u0111\u1ea7y \u1ea5n t\u01b0\u1ee3ng m\u00e0 m\u1ed7i chi\u1ebfc b\u00e1nh mang l\u1ea1i.","breadcrumb":{"@id":"https:\/\/maison-chance.org\/shop\/san-pham\/banh-mi-nha-may-man#breadcrumb"},"inLanguage":"vi-VN","potentialAction":[{"@type":"ReadAction","target":["https:\/\/maison-chance.org\/shop\/san-pham\/banh-mi-nha-may-man"]}]},{"@type":"ImageObject","inLanguage":"vi-VN","@id":"https:\/\/maison-chance.org\/shop\/san-pham\/banh-mi-nha-may-man#primaryimage","url":"https:\/\/maison-chance.org\/shop\/wp-content\/uploads\/2024\/12\/banh-mi-nha-may-man.png","contentUrl":"https:\/\/maison-chance.org\/shop\/wp-content\/uploads\/2024\/12\/banh-mi-nha-may-man.png","width":600,"height":600,"caption":"B\u00e1nh m\u00ec Nh\u00e0 May M\u1eafn"},{"@type":"BreadcrumbList","@id":"https:\/\/maison-chance.org\/shop\/san-pham\/banh-mi-nha-may-man#breadcrumb","itemListElement":[{"@type":"ListItem","position":1,"name":"Trang ch\u1ee7","item":"https:\/\/maison-chance.org\/shop\/"},{"@type":"ListItem","position":2,"name":"Shop","item":"https:\/\/maison-chance.org\/shop\/shop"},{"@type":"ListItem","position":3,"name":"B\u00e1nh m\u00ec Nh\u00e0 May M\u1eafn"}]},{"@type":"WebSite","@id":"https:\/\/maison-chance.org\/shop\/#website","url":"https:\/\/maison-chance.org\/shop\/","name":"Nh\u00e0 May M\u1eafn - Maison Chance","description":"M\u1ecdi l\u1ee3i nhu\u1eadn thu v\u1ec1 t\u1eeb vi\u1ec7c b\u00e1n h\u00e0ng s\u1ebd tr\u00edch m\u1ed9t ph\u1ea7n \u0111\u1ec3 ch\u0103m lo cho \u0111\u1eddi s\u1ed1ng c\u00e1c b\u1ea1n khuy\u1ebft t\u1eadt v\u00e0 tr\u1ebb m\u1ed3 c\u00f4i \u1edf \u0111\u00e2y","publisher":{"@id":"https:\/\/maison-chance.org\/shop\/#organization"},"potentialAction":[{"@type":"SearchAction","target":{"@type":"EntryPoint","urlTemplate":"https:\/\/maison-chance.org\/shop\/?s={search_term_string}"},"query-input":{"@type":"PropertyValueSpecification","valueRequired":true,"valueName":"search_term_string"}}],"inLanguage":"vi-VN"},{"@type":"Organization","@id":"https:\/\/maison-chance.org\/shop\/#organization","name":"Nh\u00e0 May M\u1eafn - Maison Chance","url":"https:\/\/maison-chance.org\/shop\/","logo":{"@type":"ImageObject","inLanguage":"vi-VN","@id":"https:\/\/maison-chance.org\/shop\/#\/schema\/logo\/image\/","url":"https:\/\/maison-chance.org\/shop\/wp-content\/uploads\/2024\/03\/cropped-Logo_DNXH.png","contentUrl":"https:\/\/maison-chance.org\/shop\/wp-content\/uploads\/2024\/03\/cropped-Logo_DNXH.png","width":512,"height":512,"caption":"Nh\u00e0 May M\u1eafn - Maison Chance"},"image":{"@id":"https:\/\/maison-chance.org\/shop\/#\/schema\/logo\/image\/"},"sameAs":["https:\/\/www.facebook.com\/dnxh.nhamayman\/"]}]},"product_price_amount":"0.80","product_price_currency":"USD","og_availability":"instock","product_availability":"instock","product_condition":"new"},"_links":{"self":[{"href":"https:\/\/maison-chance.org\/shop\/wp-json\/wp\/v2\/product\/41351","targetHints":{"allow":["GET"]}}],"collection":[{"href":"https:\/\/maison-chance.org\/shop\/wp-json\/wp\/v2\/product"}],"about":[{"href":"https:\/\/maison-chance.org\/shop\/wp-json\/wp\/v2\/types\/product"}],"wp:featuredmedia":[{"embeddable":true,"href":"https:\/\/maison-chance.org\/shop\/wp-json\/wp\/v2\/media\/41352"}],"wp:attachment":[{"href":"https:\/\/maison-chance.org\/shop\/wp-json\/wp\/v2\/media?parent=41351"}],"wp:term":[{"taxonomy":"product_brand","embeddable":true,"href":"https:\/\/maison-chance.org\/shop\/wp-json\/wp\/v2\/product_brand?post=41351"},{"taxonomy":"product_cat","embeddable":true,"href":"https:\/\/maison-chance.org\/shop\/wp-json\/wp\/v2\/product_cat?post=41351"},{"taxonomy":"product_tag","embeddable":true,"href":"https:\/\/maison-chance.org\/shop\/wp-json\/wp\/v2\/product_tag?post=41351"}],"curies":[{"name":"wp","href":"https:\/\/api.w.org\/{rel}","templated":true}]}}