{"id":41360,"date":"2024-12-10T11:01:08","date_gmt":"2024-12-10T04:01:08","guid":{"rendered":"https:\/\/maison-chance.org\/shop?post_type=product&#038;p=41360"},"modified":"2024-12-10T11:12:05","modified_gmt":"2024-12-10T04:12:05","slug":"banh-mi-baguette","status":"publish","type":"product","link":"https:\/\/maison-chance.org\/shop\/san-pham\/banh-mi-baguette","title":{"rendered":"B\u00e1nh m\u00ec Baguette"},"content":{"rendered":"<p style=\"text-align: justify;\">B\u1ea1n \u0111\u00e3 t\u1eebng th\u01b0\u1edfng th\u1ee9c m\u1ed9t chi\u1ebfc <a href=\"https:\/\/maison-chance.org\/shop\/san-pham\/banh-mi-baguette\">b\u00e1nh m\u00ec Baguette<\/a> gi\u00f2n tan, th\u01a1m ph\u1ee9c, mang \u0111\u1eadm h\u01b0\u01a1ng v\u1ecb truy\u1ec1n th\u1ed1ng ch\u01b0a? N\u1ebfu ch\u01b0a, h\u00e3y \u0111\u1ec3 b\u00e1nh m\u00ec Baguette c\u1ee7a Nh\u00e0 May M\u1eafn mang \u0111\u1ebfn cho b\u1ea1n m\u1ed9t tr\u1ea3i nghi\u1ec7m \u1ea9m th\u1ef1c tr\u1ecdn v\u1eb9n. B\u00e1nh m\u00ec Baguette Nh\u00e0 May M\u1eafn l\u00e0 s\u1ef1 k\u1ebft tinh c\u1ee7a ngh\u1ec7 thu\u1eadt l\u00e0m b\u00e1nh Ph\u00e1p truy\u1ec1n th\u1ed1ng v\u00e0 s\u1ef1 t\u1ec9 m\u1ec9 trong t\u1eebng c\u00f4ng \u0111o\u1ea1n s\u1ea3n xu\u1ea5t. V\u1edbi c\u00f4ng th\u1ee9c \u0111\u1ed9c \u0111\u00e1o \u0111\u01b0\u1ee3c ch\u1ecdn l\u1ecdc v\u00e0 c\u1ea3i ti\u1ebfn, m\u1ed7i \u1ed5 b\u00e1nh Baguette l\u00e0 m\u1ed9t t\u00e1c ph\u1ea9m ngh\u1ec7 thu\u1eadt \u1ea9m th\u1ef1c, mang \u0111\u1ebfn tr\u1ea3i nghi\u1ec7m \u1ea9m th\u1ef1c \u0111\u00edch th\u1ef1c c\u1ee7a m\u1ed9t l\u00f2 b\u00e1nh chuy\u00ean nghi\u1ec7p.<\/p>\n<p style=\"text-align: justify;\">\u0110i\u1ec1u l\u00e0m n\u00ean s\u1ef1 kh\u00e1c bi\u1ec7t c\u1ee7a <a href=\"https:\/\/maison-chance.org\/shop\/banh-ngot\">b\u00e1nh m\u00ec<\/a> Baguette Nh\u00e0 May M\u1eafn ch\u00ednh l\u00e0 s\u1ef1 tuy\u1ec3n ch\u1ecdn nguy\u00ean li\u1ec7u kh\u1eaft khe v\u00e0 quy tr\u00ecnh s\u1ea3n xu\u1ea5t nghi\u00eam ng\u1eb7t. M\u1ed7i \u1ed5 b\u00e1nh \u0111\u01b0\u1ee3c t\u1ea1o n\u00ean t\u1eeb b\u1ed9t m\u00ec cao c\u1ea5p, \u0111\u01b0\u1ee3c nh\u1eadp kh\u1ea9u v\u00e0 ki\u1ec3m \u0111\u1ecbnh ch\u1ea5t l\u01b0\u1ee3ng k\u1ef9 l\u01b0\u1ee1ng, k\u1ebft h\u1ee3p c\u00f9ng men b\u00e1nh t\u1ef1 nhi\u00ean v\u00e0 m\u1ed9t ch\u00fat mu\u1ed1i tinh khi\u1ebft &#8211; \u0111\u1ee7 \u0111\u1ec3 t\u1ea1o n\u00ean h\u01b0\u01a1ng v\u1ecb \u0111\u1eb7c tr\u01b0ng kh\u00f4ng th\u1ec3 tr\u1ed9n l\u1eabn.<\/p>\n<p style=\"text-align: justify;\">V\u1ebb ngo\u00e0i c\u1ee7a b\u00e1nh m\u00ec Baguette Nh\u00e0 May M\u1eafn g\u00e2y \u1ea5n t\u01b0\u1ee3ng ngay t\u1eeb c\u00e1i nh\u00ecn \u0111\u1ea7u ti\u00ean v\u1edbi m\u00e0u v\u00e0ng n\u00e2u \u00f3ng \u00e1nh \u0111\u1eb9p m\u1eaft. V\u1ecf b\u00e1nh gi\u00f2n r\u1ee5m, nh\u1eefng v\u1ebft n\u1ee9t t\u1ef1 nhi\u00ean tr\u00ean b\u1ec1 m\u1eb7t kh\u00f4ng ch\u1ec9 t\u1ea1o n\u00ean v\u1ebb \u0111\u1eb9p th\u1ea9m m\u1ef9 m\u00e0 c\u00f2n l\u00e0 minh ch\u1ee9ng cho qu\u00e1 tr\u00ecnh \u1ee7 men v\u00e0 n\u01b0\u1edbng b\u00e1nh ho\u00e0n h\u1ea3o. B\u00ean trong, ru\u1ed9t b\u00e1nh tr\u1eafng m\u1ecbn v\u1edbi nh\u1eefng l\u1ed7 kh\u00ed \u0111\u1ec1u \u0111\u1eb7n, t\u1ea1o n\u00ean k\u1ebft c\u1ea5u m\u1ec1m m\u1ea1i \u0111\u1eb7c tr\u01b0ng c\u1ee7a b\u00e1nh m\u00ec Ph\u00e1p ch\u1ea5t l\u01b0\u1ee3ng cao.<\/p>\n<p style=\"text-align: justify;\">V\u1edbi tr\u1ecdng l\u01b0\u1ee3ng 50gr cho m\u1ed7i \u1ed5, <a href=\"https:\/\/maison-chance.org\/shop\/phong-banh\">b\u00e1nh m\u00ec Baguette Nh\u00e0 May M\u1eafn<\/a> l\u00e0 l\u1ef1a ch\u1ecdn l\u00fd t\u01b0\u1edfng cho b\u1eefa s\u00e1ng nh\u1eb9 nh\u00e0ng ho\u1eb7c b\u1eefa ph\u1ee5 trong ng\u00e0y. K\u00edch th\u01b0\u1edbc nh\u1ecf g\u1ecdn kh\u00f4ng ch\u1ec9 thu\u1eadn ti\u1ec7n cho vi\u1ec7c th\u01b0\u1edfng th\u1ee9c m\u00e0 c\u00f2n gi\u00fap b\u1ea3o qu\u1ea3n d\u1ec5 d\u00e0ng, \u0111\u1ea3m b\u1ea3o \u0111\u1ed9 t\u01b0\u01a1i ngon trong th\u1eddi gian d\u00e0i.<\/p>\n<p style=\"text-align: justify;\">B\u00e1nh m\u00ec Baguette Nh\u00e0 May M\u1eafn kh\u00f4ng ch\u1ec9 l\u00e0 m\u1ed9t s\u1ea3n ph\u1ea9m \u1ea9m th\u1ef1c ch\u1ea5t l\u01b0\u1ee3ng cao m\u00e0 c\u00f2n l\u00e0 ni\u1ec1m t\u1ef1 h\u00e0o c\u1ee7a ng\u00e0nh b\u00e1nh m\u00ec th\u1ee7 c\u00f4ng Vi\u1ec7t Nam. M\u1ed7i \u1ed5 b\u00e1nh \u0111\u01b0\u1ee3c l\u00e0m ra v\u1edbi t\u1ea5t c\u1ea3 t\u00e2m huy\u1ebft v\u00e0 k\u1ef9 thu\u1eadt \u0111i\u00eau luy\u1ec7n, mang \u0111\u1ebfn cho kh\u00e1ch h\u00e0ng kh\u00f4ng ch\u1ec9 m\u1ed9t b\u1eefa \u0103n ngon m\u00e0 c\u00f2n l\u00e0 tr\u1ea3i nghi\u1ec7m \u1ea9m th\u1ef1c \u0111\u00edch th\u1ef1c. H\u00e3y \u0111\u1ebfn v\u1edbi <a href=\"https:\/\/maison-chance.org\/shop\/\">Nh\u00e0 May M\u1eafn<\/a> \u0111\u1ec3 th\u01b0\u1edfng th\u1ee9c nh\u1eefng \u1ed5 b\u00e1nh m\u00ec Baguette th\u01a1m ngon, v\u00e0 h\u01a1n th\u1ebf n\u1eefa, l\u00e0 \u0111\u1ec3 \u1ee7ng h\u1ed9 nh\u1eefng n\u1ed7 l\u1ef1c kh\u00f4ng ng\u1eebng trong vi\u1ec7c t\u1ea1o ra nh\u1eefng s\u1ea3n ph\u1ea9m ch\u1ea5t l\u01b0\u1ee3ng cao. M\u1ed7i \u1ed5 b\u00e1nh b\u1ea1n mua l\u00e0 m\u1ed9t l\u1ea7n g\u00f3p ph\u1ea7n v\u00e0o h\u00e0nh tr\u00ecnh ph\u00e1t tri\u1ec3n b\u1ec1n v\u1eefng c\u1ee7a ngh\u1ec1 l\u00e0m b\u00e1nh th\u1ee7 c\u00f4ng Vi\u1ec7t Nam.<\/p>\n","protected":false},"excerpt":{"rendered":"<p style=\"text-align: justify;\">S\u1ea3n ph\u1ea9m b\u00e1nh ng\u1ecdt \u0111\u01b0\u1ee3c l\u00e0m t\u1eeb c\u00e1c b\u1ea1n tr\u1ebb m\u1ed3 c\u00f4i hi\u1ec7n \u0111ang \u0111\u01b0\u1ee3c Nh\u00e0 May M\u1eafn &#8211; Maison Chance nu\u00f4i d\u01b0\u1ee1ng. K\u00ednh mong nh\u1eadn \u0111\u01b0\u1ee3c s\u1ef1 \u1ee7ng h\u1ed9 c\u1ee7a Qu\u00fd kh\u00e1ch!<\/p>\n<p>Hotline : <span style=\"font-size: 20px;\"><strong><span style=\"color: #ff0000;\">0909 06 25 28<\/span><\/strong><\/span><\/p>\n","protected":false},"featured_media":41361,"template":"","meta":[],"product_brand":[],"product_cat":[153,150],"product_tag":[],"class_list":{"0":"post-41360","1":"product","2":"type-product","3":"status-publish","4":"has-post-thumbnail","6":"product_cat-banh-ngot","7":"product_cat-phong-banh","9":"first","10":"instock","11":"shipping-taxable","12":"purchasable","13":"product-type-simple"},"yoast_head":"<!-- This site is optimized with the Yoast SEO Premium plugin v22.7 (Yoast SEO v25.3.1) - https:\/\/yoast.com\/wordpress\/plugins\/seo\/ -->\n<title>B\u00e1nh m\u00ec Baguette - Nh\u00e0 May M\u1eafn - Maison Chance<\/title>\n<meta name=\"description\" content=\"B\u00e1nh m\u00ec Baguette Nh\u00e0 May M\u1eafn l\u00e0 s\u1ef1 k\u1ebft tinh c\u1ee7a ngh\u1ec7 thu\u1eadt l\u00e0m b\u00e1nh Ph\u00e1p truy\u1ec1n th\u1ed1ng v\u00e0 s\u1ef1 t\u1ec9 m\u1ec9 trong t\u1eebng c\u00f4ng \u0111o\u1ea1n s\u1ea3n xu\u1ea5t. V\u1edbi c\u00f4ng th\u1ee9c \u0111\u1ed9c \u0111\u00e1o \u0111\u01b0\u1ee3c ch\u1ecdn l\u1ecdc v\u00e0 c\u1ea3i ti\u1ebfn, m\u1ed7i \u1ed5 b\u00e1nh Baguette l\u00e0 m\u1ed9t t\u00e1c ph\u1ea9m ngh\u1ec7 thu\u1eadt \u1ea9m th\u1ef1c, mang \u0111\u1ebfn tr\u1ea3i nghi\u1ec7m \u1ea9m th\u1ef1c \u0111\u00edch th\u1ef1c c\u1ee7a m\u1ed9t l\u00f2 b\u00e1nh chuy\u00ean nghi\u1ec7p\" \/>\n<meta name=\"robots\" content=\"index, follow, max-snippet:-1, max-image-preview:large, max-video-preview:-1\" \/>\n<link rel=\"canonical\" href=\"https:\/\/maison-chance.org\/shop\/san-pham\/banh-mi-baguette\" \/>\n<meta property=\"og:locale\" content=\"vi_VN\" \/>\n<meta property=\"og:type\" content=\"article\" \/>\n<meta property=\"og:title\" content=\"B\u00e1nh m\u00ec Baguette\" \/>\n<meta property=\"og:description\" content=\"B\u00e1nh m\u00ec Baguette Nh\u00e0 May M\u1eafn l\u00e0 s\u1ef1 k\u1ebft tinh c\u1ee7a ngh\u1ec7 thu\u1eadt l\u00e0m b\u00e1nh Ph\u00e1p truy\u1ec1n th\u1ed1ng v\u00e0 s\u1ef1 t\u1ec9 m\u1ec9 trong t\u1eebng c\u00f4ng \u0111o\u1ea1n s\u1ea3n xu\u1ea5t. V\u1edbi c\u00f4ng th\u1ee9c \u0111\u1ed9c \u0111\u00e1o \u0111\u01b0\u1ee3c ch\u1ecdn l\u1ecdc v\u00e0 c\u1ea3i ti\u1ebfn, m\u1ed7i \u1ed5 b\u00e1nh Baguette l\u00e0 m\u1ed9t t\u00e1c ph\u1ea9m ngh\u1ec7 thu\u1eadt \u1ea9m th\u1ef1c, mang \u0111\u1ebfn tr\u1ea3i nghi\u1ec7m \u1ea9m th\u1ef1c \u0111\u00edch th\u1ef1c c\u1ee7a m\u1ed9t l\u00f2 b\u00e1nh chuy\u00ean nghi\u1ec7p\" \/>\n<meta property=\"og:url\" content=\"https:\/\/maison-chance.org\/shop\/san-pham\/banh-mi-baguette\" \/>\n<meta property=\"og:site_name\" content=\"Nh\u00e0 May M\u1eafn - Maison Chance\" \/>\n<meta property=\"article:publisher\" content=\"https:\/\/www.facebook.com\/dnxh.nhamayman\/\" \/>\n<meta property=\"article:modified_time\" content=\"2024-12-10T04:12:05+00:00\" \/>\n<meta property=\"og:image\" content=\"https:\/\/maison-chance.org\/shop\/wp-content\/uploads\/2024\/12\/banh-mi-baguette.png\" \/>\n\t<meta property=\"og:image:width\" content=\"600\" \/>\n\t<meta property=\"og:image:height\" content=\"600\" \/>\n\t<meta property=\"og:image:type\" content=\"image\/png\" \/>\n<meta name=\"twitter:card\" content=\"summary_large_image\" \/>\n<meta name=\"twitter:label1\" content=\"Gi\u00e1\" \/>\n\t<meta name=\"twitter:data1\" content=\"0.30&nbsp;&#036;\" \/>\n\t<meta name=\"twitter:label2\" content=\"Availability\" \/>\n\t<meta name=\"twitter:data2\" content=\"In stock\" \/>\n<script type=\"application\/ld+json\" class=\"yoast-schema-graph\">{\"@context\":\"https:\/\/schema.org\",\"@graph\":[{\"@type\":\"WebPage\",\"@id\":\"https:\/\/maison-chance.org\/shop\/san-pham\/banh-mi-baguette\",\"url\":\"https:\/\/maison-chance.org\/shop\/san-pham\/banh-mi-baguette\",\"name\":\"B\u00e1nh m\u00ec Baguette - Nh\u00e0 May M\u1eafn - Maison Chance\",\"isPartOf\":{\"@id\":\"https:\/\/maison-chance.org\/shop\/#website\"},\"primaryImageOfPage\":{\"@id\":\"https:\/\/maison-chance.org\/shop\/san-pham\/banh-mi-baguette#primaryimage\"},\"image\":{\"@id\":\"https:\/\/maison-chance.org\/shop\/san-pham\/banh-mi-baguette#primaryimage\"},\"thumbnailUrl\":\"https:\/\/maison-chance.org\/shop\/wp-content\/uploads\/2024\/12\/banh-mi-baguette.png\",\"datePublished\":\"2024-12-10T04:01:08+00:00\",\"dateModified\":\"2024-12-10T04:12:05+00:00\",\"description\":\"B\u00e1nh m\u00ec Baguette Nh\u00e0 May M\u1eafn l\u00e0 s\u1ef1 k\u1ebft tinh c\u1ee7a ngh\u1ec7 thu\u1eadt l\u00e0m b\u00e1nh Ph\u00e1p truy\u1ec1n th\u1ed1ng v\u00e0 s\u1ef1 t\u1ec9 m\u1ec9 trong t\u1eebng c\u00f4ng \u0111o\u1ea1n s\u1ea3n xu\u1ea5t. V\u1edbi c\u00f4ng th\u1ee9c \u0111\u1ed9c \u0111\u00e1o \u0111\u01b0\u1ee3c ch\u1ecdn l\u1ecdc v\u00e0 c\u1ea3i ti\u1ebfn, m\u1ed7i \u1ed5 b\u00e1nh Baguette l\u00e0 m\u1ed9t t\u00e1c ph\u1ea9m ngh\u1ec7 thu\u1eadt \u1ea9m th\u1ef1c, mang \u0111\u1ebfn tr\u1ea3i nghi\u1ec7m \u1ea9m th\u1ef1c \u0111\u00edch th\u1ef1c c\u1ee7a m\u1ed9t l\u00f2 b\u00e1nh chuy\u00ean nghi\u1ec7p\",\"breadcrumb\":{\"@id\":\"https:\/\/maison-chance.org\/shop\/san-pham\/banh-mi-baguette#breadcrumb\"},\"inLanguage\":\"vi-VN\",\"potentialAction\":[{\"@type\":\"ReadAction\",\"target\":[\"https:\/\/maison-chance.org\/shop\/san-pham\/banh-mi-baguette\"]}]},{\"@type\":\"ImageObject\",\"inLanguage\":\"vi-VN\",\"@id\":\"https:\/\/maison-chance.org\/shop\/san-pham\/banh-mi-baguette#primaryimage\",\"url\":\"https:\/\/maison-chance.org\/shop\/wp-content\/uploads\/2024\/12\/banh-mi-baguette.png\",\"contentUrl\":\"https:\/\/maison-chance.org\/shop\/wp-content\/uploads\/2024\/12\/banh-mi-baguette.png\",\"width\":600,\"height\":600,\"caption\":\"B\u00e1nh m\u00ec Baguette\"},{\"@type\":\"BreadcrumbList\",\"@id\":\"https:\/\/maison-chance.org\/shop\/san-pham\/banh-mi-baguette#breadcrumb\",\"itemListElement\":[{\"@type\":\"ListItem\",\"position\":1,\"name\":\"Trang ch\u1ee7\",\"item\":\"https:\/\/maison-chance.org\/shop\/\"},{\"@type\":\"ListItem\",\"position\":2,\"name\":\"Shop\",\"item\":\"https:\/\/maison-chance.org\/shop\/shop\"},{\"@type\":\"ListItem\",\"position\":3,\"name\":\"B\u00e1nh m\u00ec Baguette\"}]},{\"@type\":\"WebSite\",\"@id\":\"https:\/\/maison-chance.org\/shop\/#website\",\"url\":\"https:\/\/maison-chance.org\/shop\/\",\"name\":\"Nh\u00e0 May M\u1eafn - Maison Chance\",\"description\":\"M\u1ecdi l\u1ee3i nhu\u1eadn thu v\u1ec1 t\u1eeb vi\u1ec7c b\u00e1n h\u00e0ng s\u1ebd tr\u00edch m\u1ed9t ph\u1ea7n \u0111\u1ec3 ch\u0103m lo cho \u0111\u1eddi s\u1ed1ng c\u00e1c b\u1ea1n khuy\u1ebft t\u1eadt v\u00e0 tr\u1ebb m\u1ed3 c\u00f4i \u1edf \u0111\u00e2y\",\"publisher\":{\"@id\":\"https:\/\/maison-chance.org\/shop\/#organization\"},\"potentialAction\":[{\"@type\":\"SearchAction\",\"target\":{\"@type\":\"EntryPoint\",\"urlTemplate\":\"https:\/\/maison-chance.org\/shop\/?s={search_term_string}\"},\"query-input\":{\"@type\":\"PropertyValueSpecification\",\"valueRequired\":true,\"valueName\":\"search_term_string\"}}],\"inLanguage\":\"vi-VN\"},{\"@type\":\"Organization\",\"@id\":\"https:\/\/maison-chance.org\/shop\/#organization\",\"name\":\"Nh\u00e0 May M\u1eafn - Maison Chance\",\"url\":\"https:\/\/maison-chance.org\/shop\/\",\"logo\":{\"@type\":\"ImageObject\",\"inLanguage\":\"vi-VN\",\"@id\":\"https:\/\/maison-chance.org\/shop\/#\/schema\/logo\/image\/\",\"url\":\"https:\/\/maison-chance.org\/shop\/wp-content\/uploads\/2024\/03\/cropped-Logo_DNXH.png\",\"contentUrl\":\"https:\/\/maison-chance.org\/shop\/wp-content\/uploads\/2024\/03\/cropped-Logo_DNXH.png\",\"width\":512,\"height\":512,\"caption\":\"Nh\u00e0 May M\u1eafn - Maison Chance\"},\"image\":{\"@id\":\"https:\/\/maison-chance.org\/shop\/#\/schema\/logo\/image\/\"},\"sameAs\":[\"https:\/\/www.facebook.com\/dnxh.nhamayman\/\"]}]}<\/script>\n<meta property=\"product:price:amount\" content=\"0.30\" \/>\n<meta property=\"product:price:currency\" content=\"USD\" \/>\n<meta property=\"og:availability\" content=\"instock\" \/>\n<meta property=\"product:availability\" content=\"instock\" \/>\n<meta property=\"product:condition\" content=\"new\" \/>\n<!-- \/ Yoast SEO Premium plugin. -->","yoast_head_json":{"title":"B\u00e1nh m\u00ec Baguette - Nh\u00e0 May M\u1eafn - Maison Chance","description":"B\u00e1nh m\u00ec Baguette Nh\u00e0 May M\u1eafn l\u00e0 s\u1ef1 k\u1ebft tinh c\u1ee7a ngh\u1ec7 thu\u1eadt l\u00e0m b\u00e1nh Ph\u00e1p truy\u1ec1n th\u1ed1ng v\u00e0 s\u1ef1 t\u1ec9 m\u1ec9 trong t\u1eebng c\u00f4ng \u0111o\u1ea1n s\u1ea3n xu\u1ea5t. V\u1edbi c\u00f4ng th\u1ee9c \u0111\u1ed9c \u0111\u00e1o \u0111\u01b0\u1ee3c ch\u1ecdn l\u1ecdc v\u00e0 c\u1ea3i ti\u1ebfn, m\u1ed7i \u1ed5 b\u00e1nh Baguette l\u00e0 m\u1ed9t t\u00e1c ph\u1ea9m ngh\u1ec7 thu\u1eadt \u1ea9m th\u1ef1c, mang \u0111\u1ebfn tr\u1ea3i nghi\u1ec7m \u1ea9m th\u1ef1c \u0111\u00edch th\u1ef1c c\u1ee7a m\u1ed9t l\u00f2 b\u00e1nh chuy\u00ean nghi\u1ec7p","robots":{"index":"index","follow":"follow","max-snippet":"max-snippet:-1","max-image-preview":"max-image-preview:large","max-video-preview":"max-video-preview:-1"},"canonical":"https:\/\/maison-chance.org\/shop\/san-pham\/banh-mi-baguette","og_locale":"vi_VN","og_type":"article","og_title":"B\u00e1nh m\u00ec Baguette","og_description":"B\u00e1nh m\u00ec Baguette Nh\u00e0 May M\u1eafn l\u00e0 s\u1ef1 k\u1ebft tinh c\u1ee7a ngh\u1ec7 thu\u1eadt l\u00e0m b\u00e1nh Ph\u00e1p truy\u1ec1n th\u1ed1ng v\u00e0 s\u1ef1 t\u1ec9 m\u1ec9 trong t\u1eebng c\u00f4ng \u0111o\u1ea1n s\u1ea3n xu\u1ea5t. V\u1edbi c\u00f4ng th\u1ee9c \u0111\u1ed9c \u0111\u00e1o \u0111\u01b0\u1ee3c ch\u1ecdn l\u1ecdc v\u00e0 c\u1ea3i ti\u1ebfn, m\u1ed7i \u1ed5 b\u00e1nh Baguette l\u00e0 m\u1ed9t t\u00e1c ph\u1ea9m ngh\u1ec7 thu\u1eadt \u1ea9m th\u1ef1c, mang \u0111\u1ebfn tr\u1ea3i nghi\u1ec7m \u1ea9m th\u1ef1c \u0111\u00edch th\u1ef1c c\u1ee7a m\u1ed9t l\u00f2 b\u00e1nh chuy\u00ean nghi\u1ec7p","og_url":"https:\/\/maison-chance.org\/shop\/san-pham\/banh-mi-baguette","og_site_name":"Nh\u00e0 May M\u1eafn - Maison Chance","article_publisher":"https:\/\/www.facebook.com\/dnxh.nhamayman\/","article_modified_time":"2024-12-10T04:12:05+00:00","og_image":[{"width":600,"height":600,"url":"https:\/\/maison-chance.org\/shop\/wp-content\/uploads\/2024\/12\/banh-mi-baguette.png","type":"image\/png"}],"twitter_card":"summary_large_image","twitter_misc":{"Gi\u00e1":"0.30&nbsp;&#36;","Availability":"In stock"},"schema":{"@context":"https:\/\/schema.org","@graph":[{"@type":"WebPage","@id":"https:\/\/maison-chance.org\/shop\/san-pham\/banh-mi-baguette","url":"https:\/\/maison-chance.org\/shop\/san-pham\/banh-mi-baguette","name":"B\u00e1nh m\u00ec Baguette - Nh\u00e0 May M\u1eafn - Maison Chance","isPartOf":{"@id":"https:\/\/maison-chance.org\/shop\/#website"},"primaryImageOfPage":{"@id":"https:\/\/maison-chance.org\/shop\/san-pham\/banh-mi-baguette#primaryimage"},"image":{"@id":"https:\/\/maison-chance.org\/shop\/san-pham\/banh-mi-baguette#primaryimage"},"thumbnailUrl":"https:\/\/maison-chance.org\/shop\/wp-content\/uploads\/2024\/12\/banh-mi-baguette.png","datePublished":"2024-12-10T04:01:08+00:00","dateModified":"2024-12-10T04:12:05+00:00","description":"B\u00e1nh m\u00ec Baguette Nh\u00e0 May M\u1eafn l\u00e0 s\u1ef1 k\u1ebft tinh c\u1ee7a ngh\u1ec7 thu\u1eadt l\u00e0m b\u00e1nh Ph\u00e1p truy\u1ec1n th\u1ed1ng v\u00e0 s\u1ef1 t\u1ec9 m\u1ec9 trong t\u1eebng c\u00f4ng \u0111o\u1ea1n s\u1ea3n xu\u1ea5t. V\u1edbi c\u00f4ng th\u1ee9c \u0111\u1ed9c \u0111\u00e1o \u0111\u01b0\u1ee3c ch\u1ecdn l\u1ecdc v\u00e0 c\u1ea3i ti\u1ebfn, m\u1ed7i \u1ed5 b\u00e1nh Baguette l\u00e0 m\u1ed9t t\u00e1c ph\u1ea9m ngh\u1ec7 thu\u1eadt \u1ea9m th\u1ef1c, mang \u0111\u1ebfn tr\u1ea3i nghi\u1ec7m \u1ea9m th\u1ef1c \u0111\u00edch th\u1ef1c c\u1ee7a m\u1ed9t l\u00f2 b\u00e1nh chuy\u00ean nghi\u1ec7p","breadcrumb":{"@id":"https:\/\/maison-chance.org\/shop\/san-pham\/banh-mi-baguette#breadcrumb"},"inLanguage":"vi-VN","potentialAction":[{"@type":"ReadAction","target":["https:\/\/maison-chance.org\/shop\/san-pham\/banh-mi-baguette"]}]},{"@type":"ImageObject","inLanguage":"vi-VN","@id":"https:\/\/maison-chance.org\/shop\/san-pham\/banh-mi-baguette#primaryimage","url":"https:\/\/maison-chance.org\/shop\/wp-content\/uploads\/2024\/12\/banh-mi-baguette.png","contentUrl":"https:\/\/maison-chance.org\/shop\/wp-content\/uploads\/2024\/12\/banh-mi-baguette.png","width":600,"height":600,"caption":"B\u00e1nh m\u00ec Baguette"},{"@type":"BreadcrumbList","@id":"https:\/\/maison-chance.org\/shop\/san-pham\/banh-mi-baguette#breadcrumb","itemListElement":[{"@type":"ListItem","position":1,"name":"Trang ch\u1ee7","item":"https:\/\/maison-chance.org\/shop\/"},{"@type":"ListItem","position":2,"name":"Shop","item":"https:\/\/maison-chance.org\/shop\/shop"},{"@type":"ListItem","position":3,"name":"B\u00e1nh m\u00ec Baguette"}]},{"@type":"WebSite","@id":"https:\/\/maison-chance.org\/shop\/#website","url":"https:\/\/maison-chance.org\/shop\/","name":"Nh\u00e0 May M\u1eafn - Maison Chance","description":"M\u1ecdi l\u1ee3i nhu\u1eadn thu v\u1ec1 t\u1eeb vi\u1ec7c b\u00e1n h\u00e0ng s\u1ebd tr\u00edch m\u1ed9t ph\u1ea7n \u0111\u1ec3 ch\u0103m lo cho \u0111\u1eddi s\u1ed1ng c\u00e1c b\u1ea1n khuy\u1ebft t\u1eadt v\u00e0 tr\u1ebb m\u1ed3 c\u00f4i \u1edf \u0111\u00e2y","publisher":{"@id":"https:\/\/maison-chance.org\/shop\/#organization"},"potentialAction":[{"@type":"SearchAction","target":{"@type":"EntryPoint","urlTemplate":"https:\/\/maison-chance.org\/shop\/?s={search_term_string}"},"query-input":{"@type":"PropertyValueSpecification","valueRequired":true,"valueName":"search_term_string"}}],"inLanguage":"vi-VN"},{"@type":"Organization","@id":"https:\/\/maison-chance.org\/shop\/#organization","name":"Nh\u00e0 May M\u1eafn - Maison Chance","url":"https:\/\/maison-chance.org\/shop\/","logo":{"@type":"ImageObject","inLanguage":"vi-VN","@id":"https:\/\/maison-chance.org\/shop\/#\/schema\/logo\/image\/","url":"https:\/\/maison-chance.org\/shop\/wp-content\/uploads\/2024\/03\/cropped-Logo_DNXH.png","contentUrl":"https:\/\/maison-chance.org\/shop\/wp-content\/uploads\/2024\/03\/cropped-Logo_DNXH.png","width":512,"height":512,"caption":"Nh\u00e0 May M\u1eafn - Maison Chance"},"image":{"@id":"https:\/\/maison-chance.org\/shop\/#\/schema\/logo\/image\/"},"sameAs":["https:\/\/www.facebook.com\/dnxh.nhamayman\/"]}]},"product_price_amount":"0.30","product_price_currency":"USD","og_availability":"instock","product_availability":"instock","product_condition":"new"},"_links":{"self":[{"href":"https:\/\/maison-chance.org\/shop\/wp-json\/wp\/v2\/product\/41360","targetHints":{"allow":["GET"]}}],"collection":[{"href":"https:\/\/maison-chance.org\/shop\/wp-json\/wp\/v2\/product"}],"about":[{"href":"https:\/\/maison-chance.org\/shop\/wp-json\/wp\/v2\/types\/product"}],"wp:featuredmedia":[{"embeddable":true,"href":"https:\/\/maison-chance.org\/shop\/wp-json\/wp\/v2\/media\/41361"}],"wp:attachment":[{"href":"https:\/\/maison-chance.org\/shop\/wp-json\/wp\/v2\/media?parent=41360"}],"wp:term":[{"taxonomy":"product_brand","embeddable":true,"href":"https:\/\/maison-chance.org\/shop\/wp-json\/wp\/v2\/product_brand?post=41360"},{"taxonomy":"product_cat","embeddable":true,"href":"https:\/\/maison-chance.org\/shop\/wp-json\/wp\/v2\/product_cat?post=41360"},{"taxonomy":"product_tag","embeddable":true,"href":"https:\/\/maison-chance.org\/shop\/wp-json\/wp\/v2\/product_tag?post=41360"}],"curies":[{"name":"wp","href":"https:\/\/api.w.org\/{rel}","templated":true}]}}