{"id":41369,"date":"2024-12-10T12:10:39","date_gmt":"2024-12-10T05:10:39","guid":{"rendered":"https:\/\/maison-chance.org\/shop?post_type=product&#038;p=41369"},"modified":"2024-12-10T12:12:59","modified_gmt":"2024-12-10T05:12:59","slug":"banh-ca-rot-t-break","status":"publish","type":"product","link":"https:\/\/maison-chance.org\/shop\/san-pham\/banh-ca-rot-t-break","title":{"rendered":"B\u00e1nh c\u00e0-r\u1ed1t (T-break)"},"content":{"rendered":"<p style=\"text-align: justify;\"><a href=\"https:\/\/maison-chance.org\/shop\/san-pham\/banh-ca-rot-t-break\">B\u00e1nh c\u00e0 r\u1ed1t (T-break)<\/a> Nh\u00e0 May M\u1eafn &#8211; S\u1ef1 k\u1ebft h\u1ee3p ho\u00e0n h\u1ea3o gi\u1eefa c\u00e0 r\u1ed1t t\u01b0\u01a1i ngon v\u00e0 kem t\u01b0\u01a1i b\u00e9o ng\u1eady, t\u1ea1o n\u00ean h\u01b0\u01a1ng v\u1ecb \u0111\u1eb7c bi\u1ec7t kh\u00f3 qu\u00ean. M\u1ed7i l\u1edbp b\u00e1nh \u0111\u01b0\u1ee3c l\u00e0m th\u1ee7 c\u00f4ng t\u1ec9 m\u1ec9, k\u1ebft h\u1ee3p gi\u1eefa v\u1ecb ng\u1ecdt t\u1ef1 nhi\u00ean c\u1ee7a c\u00e0 r\u1ed1t t\u01b0\u01a1i v\u00e0 l\u1edbp kem t\u01b0\u01a1i m\u1ec1m m\u1ecbn, t\u1ea1o n\u00ean m\u1ed9t t\u00e1c ph\u1ea9m \u1ea9m th\u1ef1c tinh t\u1ebf \u0111\u1ebfn t\u1eebng chi ti\u1ebft.<\/p>\n<p style=\"text-align: justify;\">\u0110i\u1ec1u \u0111\u1eb7c bi\u1ec7t l\u00e0m n\u00ean s\u1ef1 kh\u00e1c bi\u1ec7t c\u1ee7a <a href=\"https:\/\/maison-chance.org\/shop\/banh-ngot\">b\u00e1nh c\u00e0 r\u1ed1t Nh\u00e0 May M\u1eafn<\/a> ch\u00ednh l\u00e0 c\u00f4ng th\u1ee9c \u0111\u1ed9c quy\u1ec1n \u0111\u01b0\u1ee3c ch\u1ebf bi\u1ebfn t\u1eeb nh\u1eefng nguy\u00ean li\u1ec7u t\u01b0\u01a1i ngon nh\u1ea5t. M\u1ed7i chi\u1ebfc b\u00e1nh l\u00e0 s\u1ef1 k\u1ebft h\u1ee3p ho\u00e0n h\u1ea3o c\u1ee7a ba l\u1edbp b\u00f4ng lan c\u00e0 r\u1ed1t x\u1ed1p m\u1ec1m, xen k\u1ebd v\u1edbi c\u00e1c l\u1edbp kem t\u01b0\u01a1i b\u00e9o ng\u1eady. Ph\u1ea7n v\u1ecf b\u00e1nh \u0111\u01b0\u1ee3c l\u00e0m t\u1eeb b\u1ed9t m\u00ec cao c\u1ea5p, tr\u1ee9ng t\u01b0\u01a1i, \u0111\u01b0\u1eddng m\u1ecbn v\u00e0 \u0111\u1eb7c bi\u1ec7t l\u00e0 c\u00e0 r\u1ed1t organic \u0111\u01b0\u1ee3c tuy\u1ec3n ch\u1ecdn k\u1ef9 l\u01b0\u1ee1ng, \u0111\u1ea3m b\u1ea3o \u0111\u1ed9 ng\u1ecdt t\u1ef1 nhi\u00ean v\u00e0 gi\u00e1 tr\u1ecb dinh d\u01b0\u1ee1ng cao.<\/p>\n<p style=\"text-align: justify;\">L\u1edbp kem t\u01b0\u01a1i tr\u1eafng m\u1ecbn \u0111\u01b0\u1ee3c \u0111\u00e1nh b\u00f4ng k\u1ef9 c\u00e0ng, t\u1ea1o n\u00ean \u0111\u1ed9 m\u1ec1m m\u1ea1i v\u00e0 b\u00e9o ng\u1eady v\u1eeba ph\u1ea3i, kh\u00f4ng g\u00e2y ng\u00e1n khi th\u01b0\u1edfng th\u1ee9c. \u0110i\u1ec3m nh\u1ea5n \u0111\u1eb7c bi\u1ec7t l\u00e0 l\u1edbp h\u1ea1t dinh d\u01b0\u1ee1ng \u0111\u01b0\u1ee3c r\u1eafc nh\u1eb9 nh\u00e0ng tr\u00ean b\u1ec1 m\u1eb7t, kh\u00f4ng ch\u1ec9 t\u1ea1o \u0111i\u1ec3m nh\u1ea5n v\u1ec1 m\u1eb7t th\u1ea9m m\u1ef9 m\u00e0 c\u00f2n mang \u0111\u1ebfn m\u1ed9t tr\u1ea3i nghi\u1ec7m v\u1ec1 texture \u0111\u1ed9c \u0111\u00e1o khi th\u01b0\u1edfng th\u1ee9c.<\/p>\n<p style=\"text-align: justify;\">M\u1ed7i mi\u1ebfng b\u00e1nh c\u00e0 r\u1ed1t Nh\u00e0 May M\u1eafn \u0111\u1ec1u \u0111\u01b0\u1ee3c c\u1eaft g\u1ecdn g\u00e0ng v\u1edbi t\u1ef7 l\u1ec7 c\u00e2n \u0111\u1ed1i ho\u00e0n h\u1ea3o gi\u1eefa b\u00e1nh v\u00e0 kem. M\u00e0u s\u1eafc t\u1ef1 nhi\u00ean c\u1ee7a b\u00e1nh &#8211; t\u1eeb m\u00e0u n\u00e2u v\u00e0ng \u1ea5m \u00e1p c\u1ee7a l\u1edbp b\u00f4ng lan \u0111\u1ebfn m\u00e0u tr\u1eafng tinh khi\u1ebft c\u1ee7a l\u1edbp kem &#8211; t\u1ea1o n\u00ean m\u1ed9t t\u1ed5ng th\u1ec3 h\u00e0i h\u00f2a, \u0111\u1eb9p m\u1eaft, k\u00edch th\u00edch v\u1ecb gi\u00e1c ngay t\u1eeb c\u00e1i nh\u00ecn \u0111\u1ea7u ti\u00ean.<\/p>\n<p style=\"text-align: justify;\"><a href=\"https:\/\/maison-chance.org\/shop\/phong-banh\">B\u00e1nh c\u00e0 r\u1ed1t<\/a> Nh\u00e0 May M\u1eafn kh\u00f4ng ch\u1ec9 l\u00e0 m\u1ed9t m\u00f3n tr\u00e1ng mi\u1ec7ng th\u01a1m ngon m\u00e0 c\u00f2n l\u00e0 m\u00f3n qu\u00e0 \u00fd ngh\u0129a d\u00e0nh t\u1eb7ng ng\u01b0\u1eddi th\u00e2n, b\u1ea1n b\u00e8 trong nh\u1eefng d\u1ecbp \u0111\u1eb7c bi\u1ec7t. M\u1ed7i chi\u1ebfc b\u00e1nh \u0111\u01b0\u1ee3c l\u00e0m ra \u0111\u1ec1u ch\u1ee9a \u0111\u1ef1ng t\u00ecnh y\u00eau th\u01b0\u01a1ng v\u00e0 s\u1ef1 t\u1eadn t\u00e2m c\u1ee7a nh\u1eefng ng\u01b0\u1eddi th\u1ee3 l\u00e0m b\u00e1nh t\u1ea1i Nh\u00e0 May M\u1eafn, nh\u1eefng ng\u01b0\u1eddi lu\u00f4n \u0111\u1eb7t c\u1ea3 tr\u00e1i tim v\u00e0 t\u00e2m huy\u1ebft v\u00e0o t\u1eebng s\u1ea3n ph\u1ea9m.<\/p>\n<p style=\"text-align: justify;\">H\u00e3y \u0111\u1ebfn v\u1edbi Nh\u00e0 May M\u1eafn \u0111\u1ec3 th\u01b0\u1edfng th\u1ee9c nh\u1eefng chi\u1ebfc b\u00e1nh c\u00e0 r\u1ed1t tuy\u1ec7t h\u1ea3o n\u00e0y. M\u1ed7i \u0111\u01a1n \u0111\u1eb7t h\u00e0ng c\u1ee7a b\u1ea1n kh\u00f4ng ch\u1ec9 l\u00e0 s\u1ef1 \u1ee7ng h\u1ed9 cho ch\u1ea5t l\u01b0\u1ee3ng s\u1ea3n ph\u1ea9m m\u00e0 c\u00f2n l\u00e0 \u0111\u1ed9ng l\u1ef1c \u0111\u1ec3 ch\u00fang t\u00f4i ti\u1ebfp t\u1ee5c mang \u0111\u1ebfn nh\u1eefng m\u00f3n b\u00e1nh ngon, ch\u1ea5t l\u01b0\u1ee3ng \u0111\u1ebfn tay ng\u01b0\u1eddi ti\u00eau d\u00f9ng. \u0110\u1eb7t h\u00e0ng ngay h\u00f4m nay \u0111\u1ec3 th\u01b0\u1edfng th\u1ee9c h\u01b0\u01a1ng v\u1ecb \u0111\u1ed9c \u0111\u00e1o c\u1ee7a b\u00e1nh c\u00e0 r\u1ed1t <a href=\"https:\/\/maison-chance.org\/shop\">Nh\u00e0 May M\u1eafn<\/a> &#8211; n\u01a1i m\u1ed7i mi\u1ebfng b\u00e1nh \u0111\u1ec1u l\u00e0 m\u1ed9t t\u00e1c ph\u1ea9m ngh\u1ec7 thu\u1eadt \u1ea9m th\u1ef1c tinh t\u1ebf.<\/p>\n","protected":false},"excerpt":{"rendered":"<p style=\"text-align: justify;\">S\u1ea3n ph\u1ea9m b\u00e1nh ng\u1ecdt \u0111\u01b0\u1ee3c l\u00e0m t\u1eeb c\u00e1c b\u1ea1n tr\u1ebb m\u1ed3 c\u00f4i hi\u1ec7n \u0111ang \u0111\u01b0\u1ee3c Nh\u00e0 May M\u1eafn &#8211; Maison Chance nu\u00f4i d\u01b0\u1ee1ng. K\u00ednh mong nh\u1eadn \u0111\u01b0\u1ee3c s\u1ef1 \u1ee7ng h\u1ed9 c\u1ee7a Qu\u00fd kh\u00e1ch!<\/p>\n<p>Hotline : <span style=\"font-size: 20px;\"><strong><span style=\"color: #ff0000;\">0909 06 25 28<\/span><\/strong><\/span><\/p>\n","protected":false},"featured_media":41370,"template":"","meta":[],"product_brand":[],"product_cat":[153,150],"product_tag":[],"class_list":{"0":"post-41369","1":"product","2":"type-product","3":"status-publish","4":"has-post-thumbnail","6":"product_cat-banh-ngot","7":"product_cat-phong-banh","9":"first","10":"instock","11":"shipping-taxable","12":"purchasable","13":"product-type-simple"},"yoast_head":"<!-- This site is optimized with the Yoast SEO Premium plugin v22.7 (Yoast SEO v25.3.1) - https:\/\/yoast.com\/wordpress\/plugins\/seo\/ -->\n<title>B\u00e1nh c\u00e0-r\u1ed1t (T-break) - Nh\u00e0 May M\u1eafn - Maison Chance<\/title>\n<meta name=\"description\" content=\"B\u00e1nh c\u00e0 r\u1ed1t Nh\u00e0 May M\u1eafn kh\u00f4ng ch\u1ec9 l\u00e0 m\u1ed9t m\u00f3n tr\u00e1ng mi\u1ec7ng th\u01a1m ngon m\u00e0 c\u00f2n l\u00e0 m\u00f3n qu\u00e0 \u00fd ngh\u0129a d\u00e0nh t\u1eb7ng ng\u01b0\u1eddi th\u00e2n, b\u1ea1n b\u00e8 trong nh\u1eefng d\u1ecbp \u0111\u1eb7c bi\u1ec7t.\" \/>\n<meta name=\"robots\" content=\"index, follow, max-snippet:-1, max-image-preview:large, max-video-preview:-1\" \/>\n<link rel=\"canonical\" href=\"https:\/\/maison-chance.org\/shop\/san-pham\/banh-ca-rot-t-break\" \/>\n<meta property=\"og:locale\" content=\"vi_VN\" \/>\n<meta property=\"og:type\" content=\"article\" \/>\n<meta property=\"og:title\" content=\"B\u00e1nh c\u00e0-r\u1ed1t (T-break)\" \/>\n<meta property=\"og:description\" content=\"B\u00e1nh c\u00e0 r\u1ed1t Nh\u00e0 May M\u1eafn kh\u00f4ng ch\u1ec9 l\u00e0 m\u1ed9t m\u00f3n tr\u00e1ng mi\u1ec7ng th\u01a1m ngon m\u00e0 c\u00f2n l\u00e0 m\u00f3n qu\u00e0 \u00fd ngh\u0129a d\u00e0nh t\u1eb7ng ng\u01b0\u1eddi th\u00e2n, b\u1ea1n b\u00e8 trong nh\u1eefng d\u1ecbp \u0111\u1eb7c bi\u1ec7t.\" \/>\n<meta property=\"og:url\" content=\"https:\/\/maison-chance.org\/shop\/san-pham\/banh-ca-rot-t-break\" \/>\n<meta property=\"og:site_name\" content=\"Nh\u00e0 May M\u1eafn - Maison Chance\" \/>\n<meta property=\"article:publisher\" content=\"https:\/\/www.facebook.com\/dnxh.nhamayman\/\" \/>\n<meta property=\"article:modified_time\" content=\"2024-12-10T05:12:59+00:00\" \/>\n<meta property=\"og:image\" content=\"https:\/\/maison-chance.org\/shop\/wp-content\/uploads\/2024\/12\/banh-ca-rot-t-break.png\" \/>\n\t<meta property=\"og:image:width\" content=\"600\" \/>\n\t<meta property=\"og:image:height\" content=\"600\" \/>\n\t<meta property=\"og:image:type\" content=\"image\/png\" \/>\n<meta name=\"twitter:card\" content=\"summary_large_image\" \/>\n<meta name=\"twitter:label1\" content=\"Gi\u00e1\" \/>\n\t<meta name=\"twitter:data1\" content=\"0.50&nbsp;&#036;\" \/>\n\t<meta name=\"twitter:label2\" content=\"Availability\" \/>\n\t<meta name=\"twitter:data2\" content=\"In stock\" \/>\n<script type=\"application\/ld+json\" class=\"yoast-schema-graph\">{\"@context\":\"https:\/\/schema.org\",\"@graph\":[{\"@type\":\"WebPage\",\"@id\":\"https:\/\/maison-chance.org\/shop\/san-pham\/banh-ca-rot-t-break\",\"url\":\"https:\/\/maison-chance.org\/shop\/san-pham\/banh-ca-rot-t-break\",\"name\":\"B\u00e1nh c\u00e0-r\u1ed1t (T-break) - Nh\u00e0 May M\u1eafn - Maison Chance\",\"isPartOf\":{\"@id\":\"https:\/\/maison-chance.org\/shop\/#website\"},\"primaryImageOfPage\":{\"@id\":\"https:\/\/maison-chance.org\/shop\/san-pham\/banh-ca-rot-t-break#primaryimage\"},\"image\":{\"@id\":\"https:\/\/maison-chance.org\/shop\/san-pham\/banh-ca-rot-t-break#primaryimage\"},\"thumbnailUrl\":\"https:\/\/maison-chance.org\/shop\/wp-content\/uploads\/2024\/12\/banh-ca-rot-t-break.png\",\"datePublished\":\"2024-12-10T05:10:39+00:00\",\"dateModified\":\"2024-12-10T05:12:59+00:00\",\"description\":\"B\u00e1nh c\u00e0 r\u1ed1t Nh\u00e0 May M\u1eafn kh\u00f4ng ch\u1ec9 l\u00e0 m\u1ed9t m\u00f3n tr\u00e1ng mi\u1ec7ng th\u01a1m ngon m\u00e0 c\u00f2n l\u00e0 m\u00f3n qu\u00e0 \u00fd ngh\u0129a d\u00e0nh t\u1eb7ng ng\u01b0\u1eddi th\u00e2n, b\u1ea1n b\u00e8 trong nh\u1eefng d\u1ecbp \u0111\u1eb7c bi\u1ec7t.\",\"breadcrumb\":{\"@id\":\"https:\/\/maison-chance.org\/shop\/san-pham\/banh-ca-rot-t-break#breadcrumb\"},\"inLanguage\":\"vi-VN\",\"potentialAction\":[{\"@type\":\"ReadAction\",\"target\":[\"https:\/\/maison-chance.org\/shop\/san-pham\/banh-ca-rot-t-break\"]}]},{\"@type\":\"ImageObject\",\"inLanguage\":\"vi-VN\",\"@id\":\"https:\/\/maison-chance.org\/shop\/san-pham\/banh-ca-rot-t-break#primaryimage\",\"url\":\"https:\/\/maison-chance.org\/shop\/wp-content\/uploads\/2024\/12\/banh-ca-rot-t-break.png\",\"contentUrl\":\"https:\/\/maison-chance.org\/shop\/wp-content\/uploads\/2024\/12\/banh-ca-rot-t-break.png\",\"width\":600,\"height\":600,\"caption\":\"B\u00e1nh c\u00e0-r\u1ed1t (T-break)\"},{\"@type\":\"BreadcrumbList\",\"@id\":\"https:\/\/maison-chance.org\/shop\/san-pham\/banh-ca-rot-t-break#breadcrumb\",\"itemListElement\":[{\"@type\":\"ListItem\",\"position\":1,\"name\":\"Trang ch\u1ee7\",\"item\":\"https:\/\/maison-chance.org\/shop\/\"},{\"@type\":\"ListItem\",\"position\":2,\"name\":\"Shop\",\"item\":\"https:\/\/maison-chance.org\/shop\/shop\"},{\"@type\":\"ListItem\",\"position\":3,\"name\":\"B\u00e1nh c\u00e0-r\u1ed1t (T-break)\"}]},{\"@type\":\"WebSite\",\"@id\":\"https:\/\/maison-chance.org\/shop\/#website\",\"url\":\"https:\/\/maison-chance.org\/shop\/\",\"name\":\"Nh\u00e0 May M\u1eafn - Maison Chance\",\"description\":\"M\u1ecdi l\u1ee3i nhu\u1eadn thu v\u1ec1 t\u1eeb vi\u1ec7c b\u00e1n h\u00e0ng s\u1ebd tr\u00edch m\u1ed9t ph\u1ea7n \u0111\u1ec3 ch\u0103m lo cho \u0111\u1eddi s\u1ed1ng c\u00e1c b\u1ea1n khuy\u1ebft t\u1eadt v\u00e0 tr\u1ebb m\u1ed3 c\u00f4i \u1edf \u0111\u00e2y\",\"publisher\":{\"@id\":\"https:\/\/maison-chance.org\/shop\/#organization\"},\"potentialAction\":[{\"@type\":\"SearchAction\",\"target\":{\"@type\":\"EntryPoint\",\"urlTemplate\":\"https:\/\/maison-chance.org\/shop\/?s={search_term_string}\"},\"query-input\":{\"@type\":\"PropertyValueSpecification\",\"valueRequired\":true,\"valueName\":\"search_term_string\"}}],\"inLanguage\":\"vi-VN\"},{\"@type\":\"Organization\",\"@id\":\"https:\/\/maison-chance.org\/shop\/#organization\",\"name\":\"Nh\u00e0 May M\u1eafn - Maison Chance\",\"url\":\"https:\/\/maison-chance.org\/shop\/\",\"logo\":{\"@type\":\"ImageObject\",\"inLanguage\":\"vi-VN\",\"@id\":\"https:\/\/maison-chance.org\/shop\/#\/schema\/logo\/image\/\",\"url\":\"https:\/\/maison-chance.org\/shop\/wp-content\/uploads\/2024\/03\/cropped-Logo_DNXH.png\",\"contentUrl\":\"https:\/\/maison-chance.org\/shop\/wp-content\/uploads\/2024\/03\/cropped-Logo_DNXH.png\",\"width\":512,\"height\":512,\"caption\":\"Nh\u00e0 May M\u1eafn - Maison Chance\"},\"image\":{\"@id\":\"https:\/\/maison-chance.org\/shop\/#\/schema\/logo\/image\/\"},\"sameAs\":[\"https:\/\/www.facebook.com\/dnxh.nhamayman\/\"]}]}<\/script>\n<meta property=\"product:price:amount\" content=\"0.50\" \/>\n<meta property=\"product:price:currency\" content=\"USD\" \/>\n<meta property=\"og:availability\" content=\"instock\" \/>\n<meta property=\"product:availability\" content=\"instock\" \/>\n<meta property=\"product:condition\" content=\"new\" \/>\n<!-- \/ Yoast SEO Premium plugin. -->","yoast_head_json":{"title":"B\u00e1nh c\u00e0-r\u1ed1t (T-break) - Nh\u00e0 May M\u1eafn - Maison Chance","description":"B\u00e1nh c\u00e0 r\u1ed1t Nh\u00e0 May M\u1eafn kh\u00f4ng ch\u1ec9 l\u00e0 m\u1ed9t m\u00f3n tr\u00e1ng mi\u1ec7ng th\u01a1m ngon m\u00e0 c\u00f2n l\u00e0 m\u00f3n qu\u00e0 \u00fd ngh\u0129a d\u00e0nh t\u1eb7ng ng\u01b0\u1eddi th\u00e2n, b\u1ea1n b\u00e8 trong nh\u1eefng d\u1ecbp \u0111\u1eb7c bi\u1ec7t.","robots":{"index":"index","follow":"follow","max-snippet":"max-snippet:-1","max-image-preview":"max-image-preview:large","max-video-preview":"max-video-preview:-1"},"canonical":"https:\/\/maison-chance.org\/shop\/san-pham\/banh-ca-rot-t-break","og_locale":"vi_VN","og_type":"article","og_title":"B\u00e1nh c\u00e0-r\u1ed1t (T-break)","og_description":"B\u00e1nh c\u00e0 r\u1ed1t Nh\u00e0 May M\u1eafn kh\u00f4ng ch\u1ec9 l\u00e0 m\u1ed9t m\u00f3n tr\u00e1ng mi\u1ec7ng th\u01a1m ngon m\u00e0 c\u00f2n l\u00e0 m\u00f3n qu\u00e0 \u00fd ngh\u0129a d\u00e0nh t\u1eb7ng ng\u01b0\u1eddi th\u00e2n, b\u1ea1n b\u00e8 trong nh\u1eefng d\u1ecbp \u0111\u1eb7c bi\u1ec7t.","og_url":"https:\/\/maison-chance.org\/shop\/san-pham\/banh-ca-rot-t-break","og_site_name":"Nh\u00e0 May M\u1eafn - Maison Chance","article_publisher":"https:\/\/www.facebook.com\/dnxh.nhamayman\/","article_modified_time":"2024-12-10T05:12:59+00:00","og_image":[{"width":600,"height":600,"url":"https:\/\/maison-chance.org\/shop\/wp-content\/uploads\/2024\/12\/banh-ca-rot-t-break.png","type":"image\/png"}],"twitter_card":"summary_large_image","twitter_misc":{"Gi\u00e1":"0.50&nbsp;&#36;","Availability":"In stock"},"schema":{"@context":"https:\/\/schema.org","@graph":[{"@type":"WebPage","@id":"https:\/\/maison-chance.org\/shop\/san-pham\/banh-ca-rot-t-break","url":"https:\/\/maison-chance.org\/shop\/san-pham\/banh-ca-rot-t-break","name":"B\u00e1nh c\u00e0-r\u1ed1t (T-break) - Nh\u00e0 May M\u1eafn - Maison Chance","isPartOf":{"@id":"https:\/\/maison-chance.org\/shop\/#website"},"primaryImageOfPage":{"@id":"https:\/\/maison-chance.org\/shop\/san-pham\/banh-ca-rot-t-break#primaryimage"},"image":{"@id":"https:\/\/maison-chance.org\/shop\/san-pham\/banh-ca-rot-t-break#primaryimage"},"thumbnailUrl":"https:\/\/maison-chance.org\/shop\/wp-content\/uploads\/2024\/12\/banh-ca-rot-t-break.png","datePublished":"2024-12-10T05:10:39+00:00","dateModified":"2024-12-10T05:12:59+00:00","description":"B\u00e1nh c\u00e0 r\u1ed1t Nh\u00e0 May M\u1eafn kh\u00f4ng ch\u1ec9 l\u00e0 m\u1ed9t m\u00f3n tr\u00e1ng mi\u1ec7ng th\u01a1m ngon m\u00e0 c\u00f2n l\u00e0 m\u00f3n qu\u00e0 \u00fd ngh\u0129a d\u00e0nh t\u1eb7ng ng\u01b0\u1eddi th\u00e2n, b\u1ea1n b\u00e8 trong nh\u1eefng d\u1ecbp \u0111\u1eb7c bi\u1ec7t.","breadcrumb":{"@id":"https:\/\/maison-chance.org\/shop\/san-pham\/banh-ca-rot-t-break#breadcrumb"},"inLanguage":"vi-VN","potentialAction":[{"@type":"ReadAction","target":["https:\/\/maison-chance.org\/shop\/san-pham\/banh-ca-rot-t-break"]}]},{"@type":"ImageObject","inLanguage":"vi-VN","@id":"https:\/\/maison-chance.org\/shop\/san-pham\/banh-ca-rot-t-break#primaryimage","url":"https:\/\/maison-chance.org\/shop\/wp-content\/uploads\/2024\/12\/banh-ca-rot-t-break.png","contentUrl":"https:\/\/maison-chance.org\/shop\/wp-content\/uploads\/2024\/12\/banh-ca-rot-t-break.png","width":600,"height":600,"caption":"B\u00e1nh c\u00e0-r\u1ed1t (T-break)"},{"@type":"BreadcrumbList","@id":"https:\/\/maison-chance.org\/shop\/san-pham\/banh-ca-rot-t-break#breadcrumb","itemListElement":[{"@type":"ListItem","position":1,"name":"Trang ch\u1ee7","item":"https:\/\/maison-chance.org\/shop\/"},{"@type":"ListItem","position":2,"name":"Shop","item":"https:\/\/maison-chance.org\/shop\/shop"},{"@type":"ListItem","position":3,"name":"B\u00e1nh c\u00e0-r\u1ed1t (T-break)"}]},{"@type":"WebSite","@id":"https:\/\/maison-chance.org\/shop\/#website","url":"https:\/\/maison-chance.org\/shop\/","name":"Nh\u00e0 May M\u1eafn - Maison Chance","description":"M\u1ecdi l\u1ee3i nhu\u1eadn thu v\u1ec1 t\u1eeb vi\u1ec7c b\u00e1n h\u00e0ng s\u1ebd tr\u00edch m\u1ed9t ph\u1ea7n \u0111\u1ec3 ch\u0103m lo cho \u0111\u1eddi s\u1ed1ng c\u00e1c b\u1ea1n khuy\u1ebft t\u1eadt v\u00e0 tr\u1ebb m\u1ed3 c\u00f4i \u1edf \u0111\u00e2y","publisher":{"@id":"https:\/\/maison-chance.org\/shop\/#organization"},"potentialAction":[{"@type":"SearchAction","target":{"@type":"EntryPoint","urlTemplate":"https:\/\/maison-chance.org\/shop\/?s={search_term_string}"},"query-input":{"@type":"PropertyValueSpecification","valueRequired":true,"valueName":"search_term_string"}}],"inLanguage":"vi-VN"},{"@type":"Organization","@id":"https:\/\/maison-chance.org\/shop\/#organization","name":"Nh\u00e0 May M\u1eafn - Maison Chance","url":"https:\/\/maison-chance.org\/shop\/","logo":{"@type":"ImageObject","inLanguage":"vi-VN","@id":"https:\/\/maison-chance.org\/shop\/#\/schema\/logo\/image\/","url":"https:\/\/maison-chance.org\/shop\/wp-content\/uploads\/2024\/03\/cropped-Logo_DNXH.png","contentUrl":"https:\/\/maison-chance.org\/shop\/wp-content\/uploads\/2024\/03\/cropped-Logo_DNXH.png","width":512,"height":512,"caption":"Nh\u00e0 May M\u1eafn - Maison Chance"},"image":{"@id":"https:\/\/maison-chance.org\/shop\/#\/schema\/logo\/image\/"},"sameAs":["https:\/\/www.facebook.com\/dnxh.nhamayman\/"]}]},"product_price_amount":"0.50","product_price_currency":"USD","og_availability":"instock","product_availability":"instock","product_condition":"new"},"_links":{"self":[{"href":"https:\/\/maison-chance.org\/shop\/wp-json\/wp\/v2\/product\/41369","targetHints":{"allow":["GET"]}}],"collection":[{"href":"https:\/\/maison-chance.org\/shop\/wp-json\/wp\/v2\/product"}],"about":[{"href":"https:\/\/maison-chance.org\/shop\/wp-json\/wp\/v2\/types\/product"}],"wp:featuredmedia":[{"embeddable":true,"href":"https:\/\/maison-chance.org\/shop\/wp-json\/wp\/v2\/media\/41370"}],"wp:attachment":[{"href":"https:\/\/maison-chance.org\/shop\/wp-json\/wp\/v2\/media?parent=41369"}],"wp:term":[{"taxonomy":"product_brand","embeddable":true,"href":"https:\/\/maison-chance.org\/shop\/wp-json\/wp\/v2\/product_brand?post=41369"},{"taxonomy":"product_cat","embeddable":true,"href":"https:\/\/maison-chance.org\/shop\/wp-json\/wp\/v2\/product_cat?post=41369"},{"taxonomy":"product_tag","embeddable":true,"href":"https:\/\/maison-chance.org\/shop\/wp-json\/wp\/v2\/product_tag?post=41369"}],"curies":[{"name":"wp","href":"https:\/\/api.w.org\/{rel}","templated":true}]}}