{"id":41375,"date":"2024-12-10T14:12:50","date_gmt":"2024-12-10T07:12:50","guid":{"rendered":"https:\/\/maison-chance.org\/shop?post_type=product&#038;p=41375"},"modified":"2024-12-10T14:14:23","modified_gmt":"2024-12-10T07:14:23","slug":"banh-dau-tay-t-break","status":"publish","type":"product","link":"https:\/\/maison-chance.org\/shop\/san-pham\/banh-dau-tay-t-break","title":{"rendered":"B\u00e1nh d\u00e2u t\u00e2y (T-break)"},"content":{"rendered":"<p style=\"text-align: justify;\">Nh\u00e0 May M\u1eafn l\u00e0 m\u1ed9t \u0111\u1ecba ch\u1ec9 quen thu\u1ed9c v\u1edbi nh\u1eefng s\u1ea3n ph\u1ea9m b\u00e1nh ng\u1ecdt mang \u0111\u1ebfn s\u1ef1 ho\u00e0n h\u1ea3o trong t\u1eebng chi ti\u1ebft. V\u1edbi m\u1ed7i chi\u1ebfc b\u00e1nh, Nh\u00e0 May M\u1eafn kh\u00f4ng ch\u1ec9 ch\u00fa tr\u1ecdng \u0111\u1ebfn h\u01b0\u01a1ng v\u1ecb tuy\u1ec7t v\u1eddi m\u00e0 c\u00f2n lu\u00f4n b\u1ea3o \u0111\u1ea3m ch\u1ea5t l\u01b0\u1ee3ng t\u1eeb nguy\u00ean li\u1ec7u t\u01b0\u01a1i ngon nh\u1ea5t. Trong s\u1ed1 \u0111\u00f3, <a href=\"https:\/\/maison-chance.org\/shop\/san-pham\/banh-dau-tay-t-break\">b\u00e1nh d\u00e2u t\u00e2y (T-break)<\/a> n\u1ed5i b\u1eadt v\u1edbi s\u1ef1 k\u1ebft h\u1ee3p tinh t\u1ebf gi\u1eefa nh\u1eefng nguy\u00ean li\u1ec7u t\u1ef1 nhi\u00ean v\u00e0 phong c\u00e1ch trang tr\u00ed \u0111\u1eb9p m\u1eaft, mang l\u1ea1i s\u1ef1 h\u00e0i l\u00f2ng tuy\u1ec7t \u0111\u1ed1i cho ng\u01b0\u1eddi th\u01b0\u1edfng th\u1ee9c. H\u00e3y c\u00f9ng kh\u00e1m ph\u00e1 b\u00ed quy\u1ebft t\u1ea1o n\u00ean chi\u1ebfc b\u00e1nh d\u00e2u t\u00e2y th\u01a1m ngon n\u00e0y!<\/p>\n<p style=\"text-align: justify;\">L\u1edbp b\u00e1nh b\u00f4ng lan v\u00e0ng nh\u1ea1t m\u1ec1m m\u1ecbn ch\u00ednh l\u00e0 n\u1ec1n t\u1ea3ng gi\u00fap chi\u1ebfc b\u00e1nh th\u00eam ph\u1ea7n ho\u00e0n h\u1ea3o. \u0110\u01b0\u1ee3c l\u00e0m t\u1eeb nh\u1eefng nguy\u00ean li\u1ec7u t\u01b0\u01a1i m\u1edbi nh\u01b0 b\u1ed9t m\u00ec cao c\u1ea5p, tr\u1ee9ng g\u00e0 v\u00e0 b\u01a1, m\u1ed7i mi\u1ebfng b\u00e1nh kh\u00f4ng ch\u1ec9 mang \u0111\u1ebfn s\u1ef1 m\u1ec1m m\u1ea1i, x\u1ed1p m\u1ecbn m\u00e0 c\u00f2n gi\u1eef \u0111\u01b0\u1ee3c \u0111\u1ed9 \u1ea9m c\u1ea7n thi\u1ebft, gi\u00fap t\u1ea1o n\u00ean m\u1ed9t l\u1edbp n\u1ec1n v\u1eefng ch\u1eafc cho nh\u1eefng l\u1edbp mousse b\u00ean tr\u00ean. Ch\u1eafc ch\u1eafn r\u1eb1ng, v\u1edbi m\u1ed7i mi\u1ebfng b\u00e1nh, b\u1ea1n s\u1ebd c\u1ea3m nh\u1eadn \u0111\u01b0\u1ee3c s\u1ef1 ng\u1ecdt ng\u00e0o \u1ea5m \u00e1p lan t\u1ecfa t\u1eeb l\u1edbp b\u00e1nh b\u00f4ng lan.<\/p>\n<p style=\"text-align: justify;\">L\u1edbp mousse d\u00e2u t\u00e2y m\u00e0u h\u1ed3ng thanh tho\u00e1t l\u00e0 \u0111i\u1ec3m nh\u1ea5n kh\u00f4ng th\u1ec3 thi\u1ebfu c\u1ee7a chi\u1ebfc <a href=\"https:\/\/maison-chance.org\/shop\/banh-ngot\">b\u00e1nh d\u00e2u t\u00e2y<\/a> (T-break). Mousse \u0111\u01b0\u1ee3c l\u00e0m t\u1eeb d\u00e2u t\u01b0\u01a1i t\u1ef1 nhi\u00ean, mang l\u1ea1i h\u01b0\u01a1ng v\u1ecb chua nh\u1eb9, ng\u1ecdt ng\u00e0o v\u00e0 c\u1ef1c k\u1ef3 thanh m\u00e1t. Khi th\u01b0\u1edfng th\u1ee9c, b\u1ea1n s\u1ebd c\u1ea3m nh\u1eadn \u0111\u01b0\u1ee3c s\u1ef1 m\u1ec1m m\u1ecbn, tan ch\u1ea3y trong mi\u1ec7ng, h\u00f2a quy\u1ec7n tuy\u1ec7t v\u1eddi c\u00f9ng l\u1edbp b\u00e1nh b\u00f4ng lan. Ch\u00ednh s\u1ef1 tinh t\u1ebf n\u00e0y gi\u00fap b\u00e1nh tr\u1edf n\u00ean kh\u00e1c bi\u1ec7t, mang l\u1ea1i m\u1ed9t c\u1ea3m gi\u00e1c th\u01b0\u1edfng th\u1ee9c tuy\u1ec7t v\u1eddi kh\u00f3 c\u00f3 th\u1ec3 t\u00ecm th\u1ea5y \u1edf nh\u1eefng m\u00f3n b\u00e1nh kh\u00e1c.<\/p>\n<p style=\"text-align: justify;\"><a href=\"https:\/\/maison-chance.org\/shop\/phong-banh\">B\u00e1nh d\u00e2u t\u00e2y (T-break) Nh\u00e0 May M\u1eafn<\/a> \u0111\u01b0\u1ee3c trang tr\u00ed b\u1eb1ng l\u1edbp s\u1ed1t d\u00e2u \u0111\u1ecf m\u01b0\u1ee3t m\u00e0, t\u1ea1o n\u00ean v\u1ebb ngo\u00e0i b\u1eaft m\u1eaft v\u00e0 l\u00f4i cu\u1ed1n. S\u1ed1t d\u00e2u kh\u00f4ng ch\u1ec9 l\u00e0m n\u1ed5i b\u1eadt m\u00e0u s\u1eafc c\u1ee7a chi\u1ebfc b\u00e1nh m\u00e0 c\u00f2n l\u00e0m t\u0103ng \u0111\u1ed9 ng\u1ecdt thanh, nh\u1eb9 nh\u00e0ng, b\u1ed5 sung h\u01b0\u01a1ng v\u1ecb cho mousse d\u00e2u t\u00e2y. Tr\u00ean c\u00f9ng l\u00e0 l\u1edbp kem t\u01b0\u01a1i tr\u1eafng m\u1ecbn, m\u1ec1m m\u1ea1i, l\u00e0m d\u1ecbu \u0111i \u0111\u1ed9 ng\u1ecdt c\u1ee7a d\u00e2u v\u00e0 mang l\u1ea1i s\u1ef1 c\u00e2n b\u1eb1ng ho\u00e0n h\u1ea3o v\u1ec1 m\u1eb7t h\u01b0\u01a1ng v\u1ecb. Nh\u1eefng l\u00e1t d\u00e2u t\u01b0\u01a1i \u0111\u1ecf m\u1ecdng \u0111\u01b0\u1ee3c \u0111\u1eb7t trang tr\u00ed tr\u00ean \u0111\u1ec9nh b\u00e1nh, l\u00e0m m\u00f3n tr\u00e1ng mi\u1ec7ng n\u00e0y th\u00eam ph\u1ea7n n\u1ed5i b\u1eadt v\u00e0 h\u1ea5p d\u1eabn.<\/p>\n<p style=\"text-align: justify;\">B\u00e1nh d\u00e2u t\u00e2y (T-break) kh\u00f4ng ch\u1ec9 thu h\u00fat ng\u01b0\u1eddi th\u01b0\u1edfng th\u1ee9c b\u1edfi h\u01b0\u01a1ng v\u1ecb tuy\u1ec7t v\u1eddi m\u00e0 c\u00f2n b\u1edfi v\u1ebb ngo\u00e0i ho\u00e0n m\u1ef9. S\u1ef1 k\u1ebft h\u1ee3p c\u1ee7a m\u00e0u v\u00e0ng nh\u1eb9 nh\u00e0ng t\u1eeb b\u00e1nh, m\u00e0u h\u1ed3ng t\u01b0\u01a1i s\u00e1ng t\u1eeb mousse v\u00e0 s\u1eafc \u0111\u1ecf n\u1ed5i b\u1eadt t\u1eeb s\u1ed1t d\u00e2u t\u1ea1o n\u00ean m\u1ed9t b\u1ee9c tranh sinh \u0111\u1ed9ng v\u00e0 \u0111\u1ea7y h\u1ea5p d\u1eabn. \u0110\u1eb7c bi\u1ec7t, m\u1ed7i chi\u1ebfc b\u00e1nh \u0111\u1ec1u \u0111\u01b0\u1ee3c ch\u0103m ch\u00fat t\u1ec9 m\u1ec9, v\u1edbi l\u1edbp kem v\u00e0 d\u00e2u t\u01b0\u01a1i \u0111\u1eb9p m\u1eaft, khi\u1ebfn b\u1ea5t c\u1ee9 ai nh\u00ecn th\u1ea5y c\u0169ng kh\u00f4ng th\u1ec3 t\u1eeb ch\u1ed1i.<\/p>\n<p style=\"text-align: justify;\">B\u00e1nh d\u00e2u t\u00e2y (T-break) c\u1ee7a <a href=\"https:\/\/maison-chance.org\/shop\">Nh\u00e0 May M\u1eafn<\/a> kh\u00f4ng ch\u1ec9 \u0111\u01a1n gi\u1ea3n l\u00e0 m\u1ed9t m\u00f3n b\u00e1nh ng\u1ecdt m\u00e0 l\u00e0 m\u1ed9t tr\u1ea3i nghi\u1ec7m \u1ea9m th\u1ef1c \u0111\u00e1ng nh\u1edb. M\u1ed7i chi\u1ebfc b\u00e1nh \u0111\u1ec1u ch\u1ee9a \u0111\u1ef1ng t\u00ecnh y\u00eau v\u00e0 s\u1ef1 ch\u0103m s\u00f3c trong t\u1eebng kh\u00e2u ch\u1ebf bi\u1ebfn, t\u1eeb vi\u1ec7c ch\u1ecdn nguy\u00ean li\u1ec7u \u0111\u1ebfn c\u00e1ch th\u1ee9c trang tr\u00ed t\u1ec9 m\u1ec9. \u0110\u00e2y ch\u00ednh l\u00e0 m\u00f3n qu\u00e0 tuy\u1ec7t v\u1eddi \u0111\u1ec3 b\u1ea1n th\u01b0\u1edfng th\u1ee9c c\u00f9ng gia \u0111\u00ecnh v\u00e0 b\u1ea1n b\u00e8 trong nh\u1eefng d\u1ecbp \u0111\u1eb7c bi\u1ec7t hay nh\u1eefng ng\u00e0y th\u01b0\u1eddng th\u00eam ph\u1ea7n ng\u1ecdt ng\u00e0o.<\/p>\n","protected":false},"excerpt":{"rendered":"<p style=\"text-align: justify;\">S\u1ea3n ph\u1ea9m b\u00e1nh ng\u1ecdt \u0111\u01b0\u1ee3c l\u00e0m t\u1eeb c\u00e1c b\u1ea1n tr\u1ebb m\u1ed3 c\u00f4i hi\u1ec7n \u0111ang \u0111\u01b0\u1ee3c Nh\u00e0 May M\u1eafn &#8211; Maison Chance nu\u00f4i d\u01b0\u1ee1ng. K\u00ednh mong nh\u1eadn \u0111\u01b0\u1ee3c s\u1ef1 \u1ee7ng h\u1ed9 c\u1ee7a Qu\u00fd kh\u00e1ch!<\/p>\n<p>Hotline : <span style=\"font-size: 20px;\"><strong><span style=\"color: #ff0000;\">0909 06 25 28<\/span><\/strong><\/span><\/p>\n","protected":false},"featured_media":41376,"template":"","meta":[],"product_brand":[],"product_cat":[153,150],"product_tag":[],"class_list":{"0":"post-41375","1":"product","2":"type-product","3":"status-publish","4":"has-post-thumbnail","6":"product_cat-banh-ngot","7":"product_cat-phong-banh","9":"first","10":"instock","11":"shipping-taxable","12":"purchasable","13":"product-type-simple"},"yoast_head":"<!-- This site is optimized with the Yoast SEO Premium plugin v22.7 (Yoast SEO v25.3.1) - https:\/\/yoast.com\/wordpress\/plugins\/seo\/ -->\n<title>B\u00e1nh d\u00e2u t\u00e2y (T-break) - Nh\u00e0 May M\u1eafn - Maison Chance<\/title>\n<meta name=\"description\" content=\"B\u00e1nh d\u00e2u t\u00e2y (T-break) n\u1ed5i b\u1eadt v\u1edbi s\u1ef1 k\u1ebft h\u1ee3p tinh t\u1ebf gi\u1eefa nh\u1eefng nguy\u00ean li\u1ec7u t\u1ef1 nhi\u00ean v\u00e0 phong c\u00e1ch trang tr\u00ed \u0111\u1eb9p m\u1eaft, mang l\u1ea1i s\u1ef1 h\u00e0i l\u00f2ng tuy\u1ec7t \u0111\u1ed1i cho ng\u01b0\u1eddi th\u01b0\u1edfng th\u1ee9c. H\u00e3y c\u00f9ng kh\u00e1m ph\u00e1 b\u00ed quy\u1ebft t\u1ea1o n\u00ean chi\u1ebfc b\u00e1nh d\u00e2u t\u00e2y th\u01a1m ngon n\u00e0y\" \/>\n<meta name=\"robots\" content=\"index, follow, max-snippet:-1, max-image-preview:large, max-video-preview:-1\" \/>\n<link rel=\"canonical\" href=\"https:\/\/maison-chance.org\/shop\/san-pham\/banh-dau-tay-t-break\" \/>\n<meta property=\"og:locale\" content=\"vi_VN\" \/>\n<meta property=\"og:type\" content=\"article\" \/>\n<meta property=\"og:title\" content=\"B\u00e1nh d\u00e2u t\u00e2y (T-break)\" \/>\n<meta property=\"og:description\" content=\"B\u00e1nh d\u00e2u t\u00e2y (T-break) n\u1ed5i b\u1eadt v\u1edbi s\u1ef1 k\u1ebft h\u1ee3p tinh t\u1ebf gi\u1eefa nh\u1eefng nguy\u00ean li\u1ec7u t\u1ef1 nhi\u00ean v\u00e0 phong c\u00e1ch trang tr\u00ed \u0111\u1eb9p m\u1eaft, mang l\u1ea1i s\u1ef1 h\u00e0i l\u00f2ng tuy\u1ec7t \u0111\u1ed1i cho ng\u01b0\u1eddi th\u01b0\u1edfng th\u1ee9c. H\u00e3y c\u00f9ng kh\u00e1m ph\u00e1 b\u00ed quy\u1ebft t\u1ea1o n\u00ean chi\u1ebfc b\u00e1nh d\u00e2u t\u00e2y th\u01a1m ngon n\u00e0y\" \/>\n<meta property=\"og:url\" content=\"https:\/\/maison-chance.org\/shop\/san-pham\/banh-dau-tay-t-break\" \/>\n<meta property=\"og:site_name\" content=\"Nh\u00e0 May M\u1eafn - Maison Chance\" \/>\n<meta property=\"article:publisher\" content=\"https:\/\/www.facebook.com\/dnxh.nhamayman\/\" \/>\n<meta property=\"article:modified_time\" content=\"2024-12-10T07:14:23+00:00\" \/>\n<meta property=\"og:image\" content=\"https:\/\/maison-chance.org\/shop\/wp-content\/uploads\/2024\/12\/banh-dau-tay-t-break.png\" \/>\n\t<meta property=\"og:image:width\" content=\"600\" \/>\n\t<meta property=\"og:image:height\" content=\"600\" \/>\n\t<meta property=\"og:image:type\" content=\"image\/png\" \/>\n<meta name=\"twitter:card\" content=\"summary_large_image\" \/>\n<meta name=\"twitter:label1\" content=\"Gi\u00e1\" \/>\n\t<meta name=\"twitter:data1\" content=\"0.50&nbsp;&#036;\" \/>\n\t<meta name=\"twitter:label2\" content=\"Availability\" \/>\n\t<meta name=\"twitter:data2\" content=\"In stock\" \/>\n<script type=\"application\/ld+json\" class=\"yoast-schema-graph\">{\"@context\":\"https:\/\/schema.org\",\"@graph\":[{\"@type\":\"WebPage\",\"@id\":\"https:\/\/maison-chance.org\/shop\/san-pham\/banh-dau-tay-t-break\",\"url\":\"https:\/\/maison-chance.org\/shop\/san-pham\/banh-dau-tay-t-break\",\"name\":\"B\u00e1nh d\u00e2u t\u00e2y (T-break) - Nh\u00e0 May M\u1eafn - Maison Chance\",\"isPartOf\":{\"@id\":\"https:\/\/maison-chance.org\/shop\/#website\"},\"primaryImageOfPage\":{\"@id\":\"https:\/\/maison-chance.org\/shop\/san-pham\/banh-dau-tay-t-break#primaryimage\"},\"image\":{\"@id\":\"https:\/\/maison-chance.org\/shop\/san-pham\/banh-dau-tay-t-break#primaryimage\"},\"thumbnailUrl\":\"https:\/\/maison-chance.org\/shop\/wp-content\/uploads\/2024\/12\/banh-dau-tay-t-break.png\",\"datePublished\":\"2024-12-10T07:12:50+00:00\",\"dateModified\":\"2024-12-10T07:14:23+00:00\",\"description\":\"B\u00e1nh d\u00e2u t\u00e2y (T-break) n\u1ed5i b\u1eadt v\u1edbi s\u1ef1 k\u1ebft h\u1ee3p tinh t\u1ebf gi\u1eefa nh\u1eefng nguy\u00ean li\u1ec7u t\u1ef1 nhi\u00ean v\u00e0 phong c\u00e1ch trang tr\u00ed \u0111\u1eb9p m\u1eaft, mang l\u1ea1i s\u1ef1 h\u00e0i l\u00f2ng tuy\u1ec7t \u0111\u1ed1i cho ng\u01b0\u1eddi th\u01b0\u1edfng th\u1ee9c. H\u00e3y c\u00f9ng kh\u00e1m ph\u00e1 b\u00ed quy\u1ebft t\u1ea1o n\u00ean chi\u1ebfc b\u00e1nh d\u00e2u t\u00e2y th\u01a1m ngon n\u00e0y\",\"breadcrumb\":{\"@id\":\"https:\/\/maison-chance.org\/shop\/san-pham\/banh-dau-tay-t-break#breadcrumb\"},\"inLanguage\":\"vi-VN\",\"potentialAction\":[{\"@type\":\"ReadAction\",\"target\":[\"https:\/\/maison-chance.org\/shop\/san-pham\/banh-dau-tay-t-break\"]}]},{\"@type\":\"ImageObject\",\"inLanguage\":\"vi-VN\",\"@id\":\"https:\/\/maison-chance.org\/shop\/san-pham\/banh-dau-tay-t-break#primaryimage\",\"url\":\"https:\/\/maison-chance.org\/shop\/wp-content\/uploads\/2024\/12\/banh-dau-tay-t-break.png\",\"contentUrl\":\"https:\/\/maison-chance.org\/shop\/wp-content\/uploads\/2024\/12\/banh-dau-tay-t-break.png\",\"width\":600,\"height\":600,\"caption\":\"B\u00e1nh d\u00e2u t\u00e2y (T-break)\"},{\"@type\":\"BreadcrumbList\",\"@id\":\"https:\/\/maison-chance.org\/shop\/san-pham\/banh-dau-tay-t-break#breadcrumb\",\"itemListElement\":[{\"@type\":\"ListItem\",\"position\":1,\"name\":\"Trang ch\u1ee7\",\"item\":\"https:\/\/maison-chance.org\/shop\/\"},{\"@type\":\"ListItem\",\"position\":2,\"name\":\"Shop\",\"item\":\"https:\/\/maison-chance.org\/shop\/shop\"},{\"@type\":\"ListItem\",\"position\":3,\"name\":\"B\u00e1nh d\u00e2u t\u00e2y (T-break)\"}]},{\"@type\":\"WebSite\",\"@id\":\"https:\/\/maison-chance.org\/shop\/#website\",\"url\":\"https:\/\/maison-chance.org\/shop\/\",\"name\":\"Nh\u00e0 May M\u1eafn - Maison Chance\",\"description\":\"M\u1ecdi l\u1ee3i nhu\u1eadn thu v\u1ec1 t\u1eeb vi\u1ec7c b\u00e1n h\u00e0ng s\u1ebd tr\u00edch m\u1ed9t ph\u1ea7n \u0111\u1ec3 ch\u0103m lo cho \u0111\u1eddi s\u1ed1ng c\u00e1c b\u1ea1n khuy\u1ebft t\u1eadt v\u00e0 tr\u1ebb m\u1ed3 c\u00f4i \u1edf \u0111\u00e2y\",\"publisher\":{\"@id\":\"https:\/\/maison-chance.org\/shop\/#organization\"},\"potentialAction\":[{\"@type\":\"SearchAction\",\"target\":{\"@type\":\"EntryPoint\",\"urlTemplate\":\"https:\/\/maison-chance.org\/shop\/?s={search_term_string}\"},\"query-input\":{\"@type\":\"PropertyValueSpecification\",\"valueRequired\":true,\"valueName\":\"search_term_string\"}}],\"inLanguage\":\"vi-VN\"},{\"@type\":\"Organization\",\"@id\":\"https:\/\/maison-chance.org\/shop\/#organization\",\"name\":\"Nh\u00e0 May M\u1eafn - Maison Chance\",\"url\":\"https:\/\/maison-chance.org\/shop\/\",\"logo\":{\"@type\":\"ImageObject\",\"inLanguage\":\"vi-VN\",\"@id\":\"https:\/\/maison-chance.org\/shop\/#\/schema\/logo\/image\/\",\"url\":\"https:\/\/maison-chance.org\/shop\/wp-content\/uploads\/2024\/03\/cropped-Logo_DNXH.png\",\"contentUrl\":\"https:\/\/maison-chance.org\/shop\/wp-content\/uploads\/2024\/03\/cropped-Logo_DNXH.png\",\"width\":512,\"height\":512,\"caption\":\"Nh\u00e0 May M\u1eafn - Maison Chance\"},\"image\":{\"@id\":\"https:\/\/maison-chance.org\/shop\/#\/schema\/logo\/image\/\"},\"sameAs\":[\"https:\/\/www.facebook.com\/dnxh.nhamayman\/\"]}]}<\/script>\n<meta property=\"product:price:amount\" content=\"0.50\" \/>\n<meta property=\"product:price:currency\" content=\"USD\" \/>\n<meta property=\"og:availability\" content=\"instock\" \/>\n<meta property=\"product:availability\" content=\"instock\" \/>\n<meta property=\"product:condition\" content=\"new\" \/>\n<!-- \/ Yoast SEO Premium plugin. -->","yoast_head_json":{"title":"B\u00e1nh d\u00e2u t\u00e2y (T-break) - Nh\u00e0 May M\u1eafn - Maison Chance","description":"B\u00e1nh d\u00e2u t\u00e2y (T-break) n\u1ed5i b\u1eadt v\u1edbi s\u1ef1 k\u1ebft h\u1ee3p tinh t\u1ebf gi\u1eefa nh\u1eefng nguy\u00ean li\u1ec7u t\u1ef1 nhi\u00ean v\u00e0 phong c\u00e1ch trang tr\u00ed \u0111\u1eb9p m\u1eaft, mang l\u1ea1i s\u1ef1 h\u00e0i l\u00f2ng tuy\u1ec7t \u0111\u1ed1i cho ng\u01b0\u1eddi th\u01b0\u1edfng th\u1ee9c. H\u00e3y c\u00f9ng kh\u00e1m ph\u00e1 b\u00ed quy\u1ebft t\u1ea1o n\u00ean chi\u1ebfc b\u00e1nh d\u00e2u t\u00e2y th\u01a1m ngon n\u00e0y","robots":{"index":"index","follow":"follow","max-snippet":"max-snippet:-1","max-image-preview":"max-image-preview:large","max-video-preview":"max-video-preview:-1"},"canonical":"https:\/\/maison-chance.org\/shop\/san-pham\/banh-dau-tay-t-break","og_locale":"vi_VN","og_type":"article","og_title":"B\u00e1nh d\u00e2u t\u00e2y (T-break)","og_description":"B\u00e1nh d\u00e2u t\u00e2y (T-break) n\u1ed5i b\u1eadt v\u1edbi s\u1ef1 k\u1ebft h\u1ee3p tinh t\u1ebf gi\u1eefa nh\u1eefng nguy\u00ean li\u1ec7u t\u1ef1 nhi\u00ean v\u00e0 phong c\u00e1ch trang tr\u00ed \u0111\u1eb9p m\u1eaft, mang l\u1ea1i s\u1ef1 h\u00e0i l\u00f2ng tuy\u1ec7t \u0111\u1ed1i cho ng\u01b0\u1eddi th\u01b0\u1edfng th\u1ee9c. H\u00e3y c\u00f9ng kh\u00e1m ph\u00e1 b\u00ed quy\u1ebft t\u1ea1o n\u00ean chi\u1ebfc b\u00e1nh d\u00e2u t\u00e2y th\u01a1m ngon n\u00e0y","og_url":"https:\/\/maison-chance.org\/shop\/san-pham\/banh-dau-tay-t-break","og_site_name":"Nh\u00e0 May M\u1eafn - Maison Chance","article_publisher":"https:\/\/www.facebook.com\/dnxh.nhamayman\/","article_modified_time":"2024-12-10T07:14:23+00:00","og_image":[{"width":600,"height":600,"url":"https:\/\/maison-chance.org\/shop\/wp-content\/uploads\/2024\/12\/banh-dau-tay-t-break.png","type":"image\/png"}],"twitter_card":"summary_large_image","twitter_misc":{"Gi\u00e1":"0.50&nbsp;&#36;","Availability":"In stock"},"schema":{"@context":"https:\/\/schema.org","@graph":[{"@type":"WebPage","@id":"https:\/\/maison-chance.org\/shop\/san-pham\/banh-dau-tay-t-break","url":"https:\/\/maison-chance.org\/shop\/san-pham\/banh-dau-tay-t-break","name":"B\u00e1nh d\u00e2u t\u00e2y (T-break) - Nh\u00e0 May M\u1eafn - Maison Chance","isPartOf":{"@id":"https:\/\/maison-chance.org\/shop\/#website"},"primaryImageOfPage":{"@id":"https:\/\/maison-chance.org\/shop\/san-pham\/banh-dau-tay-t-break#primaryimage"},"image":{"@id":"https:\/\/maison-chance.org\/shop\/san-pham\/banh-dau-tay-t-break#primaryimage"},"thumbnailUrl":"https:\/\/maison-chance.org\/shop\/wp-content\/uploads\/2024\/12\/banh-dau-tay-t-break.png","datePublished":"2024-12-10T07:12:50+00:00","dateModified":"2024-12-10T07:14:23+00:00","description":"B\u00e1nh d\u00e2u t\u00e2y (T-break) n\u1ed5i b\u1eadt v\u1edbi s\u1ef1 k\u1ebft h\u1ee3p tinh t\u1ebf gi\u1eefa nh\u1eefng nguy\u00ean li\u1ec7u t\u1ef1 nhi\u00ean v\u00e0 phong c\u00e1ch trang tr\u00ed \u0111\u1eb9p m\u1eaft, mang l\u1ea1i s\u1ef1 h\u00e0i l\u00f2ng tuy\u1ec7t \u0111\u1ed1i cho ng\u01b0\u1eddi th\u01b0\u1edfng th\u1ee9c. H\u00e3y c\u00f9ng kh\u00e1m ph\u00e1 b\u00ed quy\u1ebft t\u1ea1o n\u00ean chi\u1ebfc b\u00e1nh d\u00e2u t\u00e2y th\u01a1m ngon n\u00e0y","breadcrumb":{"@id":"https:\/\/maison-chance.org\/shop\/san-pham\/banh-dau-tay-t-break#breadcrumb"},"inLanguage":"vi-VN","potentialAction":[{"@type":"ReadAction","target":["https:\/\/maison-chance.org\/shop\/san-pham\/banh-dau-tay-t-break"]}]},{"@type":"ImageObject","inLanguage":"vi-VN","@id":"https:\/\/maison-chance.org\/shop\/san-pham\/banh-dau-tay-t-break#primaryimage","url":"https:\/\/maison-chance.org\/shop\/wp-content\/uploads\/2024\/12\/banh-dau-tay-t-break.png","contentUrl":"https:\/\/maison-chance.org\/shop\/wp-content\/uploads\/2024\/12\/banh-dau-tay-t-break.png","width":600,"height":600,"caption":"B\u00e1nh d\u00e2u t\u00e2y (T-break)"},{"@type":"BreadcrumbList","@id":"https:\/\/maison-chance.org\/shop\/san-pham\/banh-dau-tay-t-break#breadcrumb","itemListElement":[{"@type":"ListItem","position":1,"name":"Trang ch\u1ee7","item":"https:\/\/maison-chance.org\/shop\/"},{"@type":"ListItem","position":2,"name":"Shop","item":"https:\/\/maison-chance.org\/shop\/shop"},{"@type":"ListItem","position":3,"name":"B\u00e1nh d\u00e2u t\u00e2y (T-break)"}]},{"@type":"WebSite","@id":"https:\/\/maison-chance.org\/shop\/#website","url":"https:\/\/maison-chance.org\/shop\/","name":"Nh\u00e0 May M\u1eafn - Maison Chance","description":"M\u1ecdi l\u1ee3i nhu\u1eadn thu v\u1ec1 t\u1eeb vi\u1ec7c b\u00e1n h\u00e0ng s\u1ebd tr\u00edch m\u1ed9t ph\u1ea7n \u0111\u1ec3 ch\u0103m lo cho \u0111\u1eddi s\u1ed1ng c\u00e1c b\u1ea1n khuy\u1ebft t\u1eadt v\u00e0 tr\u1ebb m\u1ed3 c\u00f4i \u1edf \u0111\u00e2y","publisher":{"@id":"https:\/\/maison-chance.org\/shop\/#organization"},"potentialAction":[{"@type":"SearchAction","target":{"@type":"EntryPoint","urlTemplate":"https:\/\/maison-chance.org\/shop\/?s={search_term_string}"},"query-input":{"@type":"PropertyValueSpecification","valueRequired":true,"valueName":"search_term_string"}}],"inLanguage":"vi-VN"},{"@type":"Organization","@id":"https:\/\/maison-chance.org\/shop\/#organization","name":"Nh\u00e0 May M\u1eafn - Maison Chance","url":"https:\/\/maison-chance.org\/shop\/","logo":{"@type":"ImageObject","inLanguage":"vi-VN","@id":"https:\/\/maison-chance.org\/shop\/#\/schema\/logo\/image\/","url":"https:\/\/maison-chance.org\/shop\/wp-content\/uploads\/2024\/03\/cropped-Logo_DNXH.png","contentUrl":"https:\/\/maison-chance.org\/shop\/wp-content\/uploads\/2024\/03\/cropped-Logo_DNXH.png","width":512,"height":512,"caption":"Nh\u00e0 May M\u1eafn - Maison Chance"},"image":{"@id":"https:\/\/maison-chance.org\/shop\/#\/schema\/logo\/image\/"},"sameAs":["https:\/\/www.facebook.com\/dnxh.nhamayman\/"]}]},"product_price_amount":"0.50","product_price_currency":"USD","og_availability":"instock","product_availability":"instock","product_condition":"new"},"_links":{"self":[{"href":"https:\/\/maison-chance.org\/shop\/wp-json\/wp\/v2\/product\/41375","targetHints":{"allow":["GET"]}}],"collection":[{"href":"https:\/\/maison-chance.org\/shop\/wp-json\/wp\/v2\/product"}],"about":[{"href":"https:\/\/maison-chance.org\/shop\/wp-json\/wp\/v2\/types\/product"}],"wp:featuredmedia":[{"embeddable":true,"href":"https:\/\/maison-chance.org\/shop\/wp-json\/wp\/v2\/media\/41376"}],"wp:attachment":[{"href":"https:\/\/maison-chance.org\/shop\/wp-json\/wp\/v2\/media?parent=41375"}],"wp:term":[{"taxonomy":"product_brand","embeddable":true,"href":"https:\/\/maison-chance.org\/shop\/wp-json\/wp\/v2\/product_brand?post=41375"},{"taxonomy":"product_cat","embeddable":true,"href":"https:\/\/maison-chance.org\/shop\/wp-json\/wp\/v2\/product_cat?post=41375"},{"taxonomy":"product_tag","embeddable":true,"href":"https:\/\/maison-chance.org\/shop\/wp-json\/wp\/v2\/product_tag?post=41375"}],"curies":[{"name":"wp","href":"https:\/\/api.w.org\/{rel}","templated":true}]}}